{"id":3959,"date":"2024-08-06T02:58:55","date_gmt":"2024-08-06T01:58:55","guid":{"rendered":"https:\/\/sxpowercase.com\/?post_type=product&#038;p=3959"},"modified":"2024-08-06T02:58:56","modified_gmt":"2024-08-06T01:58:56","slug":"road-case-latches-lob101","status":"publish","type":"product","link":"https:\/\/sxflightcase.com\/de\/produkt\/strasenkofferschlosser-lob101-2\/","title":{"rendered":"Road Case Verschl\u00fcsse LOB101"},"content":{"rendered":"<h2>Zuverl\u00e4ssige Kofferverschl\u00fcsse von SX<\/h2>\n<h3>Erschwingliche Preise durch Direktvertrieb<\/h3>\n<p>SX bietet mit Stolz <strong>Verschl\u00fcsse f\u00fcr Stra\u00dfenkoffer<\/strong> zu unschlagbaren Direktpreisen. Durch die direkte Beschaffung bei unserer Produktionsst\u00e4tte lassen wir den Zwischenh\u00e4ndler aus und geben die Einsparungen an Sie weiter. So erhalten Sie qualitativ hochwertige Verschl\u00fcsse zu einem Bruchteil der Kosten, was sie zu einer wirtschaftlichen Wahl f\u00fcr Ihre Ger\u00e4tekoffer macht.<\/p>\n<h3>Qualit\u00e4tssicherung, der Sie vertrauen k\u00f6nnen<\/h3>\n<p>Wenn es um die Sicherung Ihrer wertvollen Ausr\u00fcstung geht, ist Qualit\u00e4t das A und O. Unter <a href=\"https:\/\/sxpowercase.com\/\" target=\"_blank\" rel=\"noopener\" title=\"SX\" data-wpil-monitor-id=\"627\">SX<\/a>unser <strong>Verschl\u00fcsse f\u00fcr Stra\u00dfenkoffer<\/strong> werden nach den h\u00f6chsten Standards gefertigt, um Haltbarkeit und dauerhafte Leistung zu gew\u00e4hrleisten. Jeder Verschluss wird strengen Tests unterzogen, um die strengen Qualit\u00e4tssicherungsrichtlinien zu erf\u00fcllen. Auf unsere Verschl\u00fcsse k\u00f6nnen Sie sich verlassen, wenn es um die Sicherheit Ihrer Ausr\u00fcstung geht - egal, ob Sie auf Tour sind, Ausr\u00fcstung transportieren oder lagern.<\/p>\n<h3>Anpassbare Optionen f\u00fcr Ihre Bed\u00fcrfnisse<\/h3>\n<p>Wir sind uns bewusst, dass jeder Stra\u00dfeneinsatz einzigartige Anforderungen stellt. Deshalb bietet SX anpassbare <strong>Verschl\u00fcsse f\u00fcr Stra\u00dfenkoffer<\/strong> f\u00fcr Ihre speziellen Anforderungen. W\u00e4hlen Sie aus einer Vielzahl von Gr\u00f6\u00dfen, Oberfl\u00e4chen und Schlie\u00dfmechanismen, die perfekt zu Ihren Koffern passen. Diese individuelle Anpassung sorgt f\u00fcr einen sicheren Sitz und ein professionelles Aussehen und bietet sowohl Funktionalit\u00e4t als auch \u00c4sthetik.<\/p>\n<h3>Einfache Installation und Bedienung<\/h3>\n<p>SX <strong>Verschl\u00fcsse f\u00fcr Stra\u00dfenkoffer<\/strong> sind auf Benutzerfreundlichkeit ausgelegt. Sie sind einfach zu montieren und daher sowohl f\u00fcr Heimwerker als auch f\u00fcr Profis eine praktische Wahl. Das benutzerfreundliche Design erm\u00f6glicht ein schnelles und sicheres Verschlie\u00dfen, sodass Ihre Koffer stets gesch\u00fctzt sind. Mit SX erhalten Sie Verschl\u00fcsse, die nicht nur robust, sondern auch bequem zu bedienen sind.<\/p>\n<h3>Die SX-Verpflichtung<\/h3>\n<p>Wir von SX sind bestrebt, qualitativ hochwertige Produkte zu erschwinglichen Preisen anzubieten. Unser <strong>Verschl\u00fcsse f\u00fcr Stra\u00dfenkoffer<\/strong> sind ein Beispiel f\u00fcr dieses Engagement und bieten zuverl\u00e4ssige Leistung zu niedrigen Kosten. Wir sind stolz darauf, Produkte zu liefern, die die Anforderungen unserer Kunden erf\u00fcllen und gleichzeitig im Rahmen des Budgets bleiben. Wenn Sie sich f\u00fcr SX entscheiden, entscheiden Sie sich f\u00fcr Qualit\u00e4t, Erschwinglichkeit und einen hervorragenden Kundenservice.<\/p>\n<h3>Sichern Sie Ihre Ausr\u00fcstung noch heute<\/h3>\n<p>Gew\u00e4hrleisten Sie die Sicherheit Ihrer Ausr\u00fcstung mit SX <strong>Stra\u00dfenkoffer-Verschluss<\/strong>. Wenden Sie sich noch heute an uns, um unser Angebot an Schl\u00f6ssern zu erkunden und von unseren Direktpreisen zu profitieren. Bei SX k\u00f6nnen Sie sich darauf verlassen, dass Ihre Ausr\u00fcstung durch Schl\u00f6sser gesch\u00fctzt wird, die f\u00fcr eine lange Lebensdauer ausgelegt sind und Ihnen ein sicheres Gef\u00fchl geben, wo auch immer Sie unterwegs sind.<\/p>\n<p>Jetzt kontaktieren:<span style=\"color: #0000ff;\"><a style=\"color: #0000ff;\" href=\"https:\/\/sxpowercase.com\/contact-us\/\">https:\/\/sxpowercase.com\/<\/a><\/span><\/p>\n<p>Hardware-Produktkatalog:<span style=\"color: #3366ff;\"><a style=\"color: #3366ff;\" href=\"https:\/\/sxpowercase.com\/wp-content\/uploads\/2024\/07\/\u4e94\u91d1.pdf\">Hardware-Zubeh\u00f6rkatalog<\/a><\/span><\/p>","protected":false},"excerpt":{"rendered":"<div class=\"flex-shrink-0 flex flex-col relative items-end\">\n<div>\n<div class=\"pt-0\">\n<div class=\"gizmo-bot-avatar flex h-8 w-8 items-center justify-center overflow-hidden rounded-full\">\n<div class=\"relative p-1 rounded-sm flex items-center justify-center bg-token-main-surface-primary text-token-text-primary h-8 w-8\"><\/div>\n<\/div>\n<\/div>\n<\/div>\n<\/div>\n<div class=\"group\/conversation-turn relative flex w-full min-w-0 flex-col agent-turn\">\n<div class=\"flex-col gap-1 md:gap-3\">\n<div class=\"flex flex-grow flex-col max-w-full\">\n<div class=\"min-h-[20px] text-message flex w-full flex-col items-end gap-2 whitespace-pre-wrap break-words [.text-message+&amp;]:mt-5 overflow-x-auto\" dir=\"auto\" data-message-author-role=\"assistant\" data-message-id=\"bb8e4fd2-91c9-4cb1-b993-7fe4fdb55f22\">\n<div class=\"flex w-full flex-col gap-1 empty:hidden first:pt-[3px]\">\n<div class=\"markdown prose w-full break-words dark:prose-invert light\">\n<h3>Affordable SX Road Case Latches<\/h3>\n<p>Get top-quality Road Case Latches at factory-direct prices from SX. We eliminate middleman costs, providing economical solutions for securing your equipment cases.<\/p>\n<h3>Reliable and Durable<\/h3>\n<p>SX Road Case Latches are rigorously tested for durability and quality. Trust our latches to keep your gear safe during tours, transport, or storage.<\/p>\n<h3>Customisable and Easy to Use<\/h3>\n<p>&amp;lt;p&gt;Choose from various sizes, finishes, and locking mechanisms with SX&#8217;s customisable Road Case Latches. Easy to install and operate, they offer both functionality and a professional look.<\/p><\/div>\n<\/div>\n<\/div>\n<\/div>\n<\/div>\n<\/div>\n","protected":false},"featured_media":3794,"comment_status":"open","ping_status":"closed","template":"","meta":[],"product_brand":[],"product_cat":[61],"product_tag":[],"class_list":{"0":"post-3959","1":"product","2":"type-product","3":"status-publish","4":"has-post-thumbnail","6":"product_cat-catchother-locks","8":"first","9":"instock","10":"shipping-taxable","11":"product-type-simple"},"yoast_head":"<!-- This site is optimized with the Yoast SEO Premium plugin v27.1 (Yoast SEO v27.2) - https:\/\/yoast.com\/product\/yoast-seo-premium-wordpress\/ -->\n<title>Road Case Latches LOB101 - https:\/\/sxflightcase.com \ud83d\udc97<\/title>\n<meta name=\"description\" content=\"Road case latches, factory direct! High-quality, durable latches for secure closure of road cases. Ideal for protecting equipment during transport, ensuring reliability and ease of use.\" \/>\n<meta name=\"robots\" content=\"index, follow, max-snippet:-1, max-image-preview:large, max-video-preview:-1\" \/>\n<link rel=\"canonical\" href=\"https:\/\/sxflightcase.com\/de\/produkt\/strasenkofferschlosser-lob101-2\/\" \/>\n<meta property=\"og:locale\" content=\"de_DE\" \/>\n<meta property=\"og:type\" content=\"article\" \/>\n<meta property=\"og:title\" content=\"Road Case Latches LOB101\" \/>\n<meta property=\"og:description\" content=\"Road case latches, factory direct! High-quality, durable latches for secure closure of road cases. Ideal for protecting equipment during transport, ensuring reliability and ease of use.\" \/>\n<meta property=\"og:url\" content=\"https:\/\/sxflightcase.com\/de\/produkt\/strasenkofferschlosser-lob101-2\/\" \/>\n<meta property=\"og:site_name\" content=\"https:\/\/sxflightcase.com\" \/>\n<meta property=\"article:publisher\" content=\"https:\/\/www.facebook.com\/profile.php?id=61560407257971\" \/>\n<meta property=\"article:modified_time\" content=\"2024-08-06T01:58:56+00:00\" \/>\n<meta property=\"og:image\" content=\"https:\/\/sxflightcase.com\/wp-content\/uploads\/2024\/07\/LOB101-2.jpg\" \/>\n\t<meta property=\"og:image:width\" content=\"700\" \/>\n\t<meta property=\"og:image:height\" content=\"700\" \/>\n\t<meta property=\"og:image:type\" content=\"image\/jpeg\" \/>\n<meta name=\"twitter:card\" content=\"summary_large_image\" \/>\n<meta name=\"twitter:label1\" content=\"Gesch\u00e4tzte Lesezeit\" \/>\n\t<meta name=\"twitter:data1\" content=\"3\u00a0Minuten\" \/>\n<script type=\"application\/ld+json\" class=\"yoast-schema-graph\">{\"@context\":\"https:\/\/schema.org\",\"@graph\":[{\"@type\":\"WebPage\",\"@id\":\"https:\/\/sxflightcase.com\/product\/road-case-latches-lob101\/\",\"url\":\"https:\/\/sxflightcase.com\/product\/road-case-latches-lob101\/\",\"name\":\"Road Case Latches LOB101 - https:\/\/sxflightcase.com \ud83d\udc97\",\"isPartOf\":{\"@id\":\"https:\/\/sxflightcase.com\/th\/#website\"},\"primaryImageOfPage\":{\"@id\":\"https:\/\/sxflightcase.com\/product\/road-case-latches-lob101\/#primaryimage\"},\"image\":{\"@id\":\"https:\/\/sxflightcase.com\/product\/road-case-latches-lob101\/#primaryimage\"},\"thumbnailUrl\":\"https:\/\/sxflightcase.com\/wp-content\/uploads\/2024\/07\/LOB101-2.jpg\",\"datePublished\":\"2024-08-06T01:58:55+00:00\",\"dateModified\":\"2024-08-06T01:58:56+00:00\",\"description\":\"Road case latches, factory direct! High-quality, durable latches for secure closure of road cases. Ideal for protecting equipment during transport, ensuring reliability and ease of use.\",\"breadcrumb\":{\"@id\":\"https:\/\/sxflightcase.com\/product\/road-case-latches-lob101\/#breadcrumb\"},\"inLanguage\":\"de\",\"potentialAction\":[{\"@type\":\"ReadAction\",\"target\":[\"https:\/\/sxflightcase.com\/product\/road-case-latches-lob101\/\"]}]},{\"@type\":\"ImageObject\",\"inLanguage\":\"de\",\"@id\":\"https:\/\/sxflightcase.com\/product\/road-case-latches-lob101\/#primaryimage\",\"url\":\"https:\/\/sxflightcase.com\/wp-content\/uploads\/2024\/07\/LOB101-2.jpg\",\"contentUrl\":\"https:\/\/sxflightcase.com\/wp-content\/uploads\/2024\/07\/LOB101-2.jpg\",\"width\":700,\"height\":700,\"caption\":\"road case latches\"},{\"@type\":\"BreadcrumbList\",\"@id\":\"https:\/\/sxflightcase.com\/product\/road-case-latches-lob101\/#breadcrumb\",\"itemListElement\":[{\"@type\":\"ListItem\",\"position\":1,\"name\":\"Home\",\"item\":\"https:\/\/sxflightcase.com\/\"},{\"@type\":\"ListItem\",\"position\":2,\"name\":\"\u0e2a\u0e34\u0e19\u0e04\u0e49\u0e32\",\"item\":\"https:\/\/sxflightcase.com\/th\/shop\/\"},{\"@type\":\"ListItem\",\"position\":3,\"name\":\"Road Case Latches LOB101\"}]},{\"@type\":\"WebSite\",\"@id\":\"https:\/\/sxflightcase.com\/th\/#website\",\"url\":\"https:\/\/sxflightcase.com\/th\/\",\"name\":\"sxpowercase.com\",\"description\":\"Flight Case Factory\",\"publisher\":{\"@id\":\"https:\/\/sxflightcase.com\/th\/#organization\"},\"potentialAction\":[{\"@type\":\"SearchAction\",\"target\":{\"@type\":\"EntryPoint\",\"urlTemplate\":\"https:\/\/sxflightcase.com\/th\/?s={search_term_string}\"},\"query-input\":{\"@type\":\"PropertyValueSpecification\",\"valueRequired\":true,\"valueName\":\"search_term_string\"}}],\"inLanguage\":\"de\"},{\"@type\":\"Organization\",\"@id\":\"https:\/\/sxflightcase.com\/th\/#organization\",\"name\":\"sxpowercase.com\",\"url\":\"https:\/\/sxflightcase.com\/th\/\",\"logo\":{\"@type\":\"ImageObject\",\"inLanguage\":\"de\",\"@id\":\"https:\/\/sxflightcase.com\/th\/#\/schema\/logo\/image\/\",\"url\":\"https:\/\/sxflightcase.com\/wp-content\/uploads\/2024\/04\/1713919036007.jpg\",\"contentUrl\":\"https:\/\/sxflightcase.com\/wp-content\/uploads\/2024\/04\/1713919036007.jpg\",\"width\":382,\"height\":388,\"caption\":\"sxpowercase.com\"},\"image\":{\"@id\":\"https:\/\/sxflightcase.com\/th\/#\/schema\/logo\/image\/\"},\"sameAs\":[\"https:\/\/www.facebook.com\/profile.php?id=61560407257971\"],\"numberOfEmployees\":{\"@type\":\"QuantitativeValue\",\"minValue\":\"11\",\"maxValue\":\"50\"}}]}<\/script>\n<!-- \/ Yoast SEO Premium plugin. -->","yoast_head_json":{"title":"Road Case Latches LOB101 - https:\/\/sxflightcase.com \ud83d\udc97","description":"Kofferverschl\u00fcsse, direkt ab Werk! Hochwertige, langlebige Verschl\u00fcsse f\u00fcr den sicheren Verschluss von Transportkoffern. Ideal zum Schutz der Ausr\u00fcstung w\u00e4hrend des Transports, um Zuverl\u00e4ssigkeit und Benutzerfreundlichkeit zu gew\u00e4hrleisten.","robots":{"index":"index","follow":"follow","max-snippet":"max-snippet:-1","max-image-preview":"max-image-preview:large","max-video-preview":"max-video-preview:-1"},"canonical":"https:\/\/sxflightcase.com\/de\/produkt\/strasenkofferschlosser-lob101-2\/","og_locale":"de_DE","og_type":"article","og_title":"Road Case Latches LOB101","og_description":"Road case latches, factory direct! High-quality, durable latches for secure closure of road cases. Ideal for protecting equipment during transport, ensuring reliability and ease of use.","og_url":"https:\/\/sxflightcase.com\/de\/produkt\/strasenkofferschlosser-lob101-2\/","og_site_name":"https:\/\/sxflightcase.com","article_publisher":"https:\/\/www.facebook.com\/profile.php?id=61560407257971","article_modified_time":"2024-08-06T01:58:56+00:00","og_image":[{"width":700,"height":700,"url":"https:\/\/sxflightcase.com\/wp-content\/uploads\/2024\/07\/LOB101-2.jpg","type":"image\/jpeg"}],"twitter_card":"summary_large_image","twitter_misc":{"Gesch\u00e4tzte Lesezeit":"3\u00a0Minuten"},"schema":{"@context":"https:\/\/schema.org","@graph":[{"@type":"WebPage","@id":"https:\/\/sxflightcase.com\/product\/road-case-latches-lob101\/","url":"https:\/\/sxflightcase.com\/product\/road-case-latches-lob101\/","name":"Road Case Latches LOB101 - https:\/\/sxflightcase.com \ud83d\udc97","isPartOf":{"@id":"https:\/\/sxflightcase.com\/th\/#website"},"primaryImageOfPage":{"@id":"https:\/\/sxflightcase.com\/product\/road-case-latches-lob101\/#primaryimage"},"image":{"@id":"https:\/\/sxflightcase.com\/product\/road-case-latches-lob101\/#primaryimage"},"thumbnailUrl":"https:\/\/sxflightcase.com\/wp-content\/uploads\/2024\/07\/LOB101-2.jpg","datePublished":"2024-08-06T01:58:55+00:00","dateModified":"2024-08-06T01:58:56+00:00","description":"Kofferverschl\u00fcsse, direkt ab Werk! Hochwertige, langlebige Verschl\u00fcsse f\u00fcr den sicheren Verschluss von Transportkoffern. Ideal zum Schutz der Ausr\u00fcstung w\u00e4hrend des Transports, um Zuverl\u00e4ssigkeit und Benutzerfreundlichkeit zu gew\u00e4hrleisten.","breadcrumb":{"@id":"https:\/\/sxflightcase.com\/product\/road-case-latches-lob101\/#breadcrumb"},"inLanguage":"de","potentialAction":[{"@type":"ReadAction","target":["https:\/\/sxflightcase.com\/product\/road-case-latches-lob101\/"]}]},{"@type":"ImageObject","inLanguage":"de","@id":"https:\/\/sxflightcase.com\/product\/road-case-latches-lob101\/#primaryimage","url":"https:\/\/sxflightcase.com\/wp-content\/uploads\/2024\/07\/LOB101-2.jpg","contentUrl":"https:\/\/sxflightcase.com\/wp-content\/uploads\/2024\/07\/LOB101-2.jpg","width":700,"height":700,"caption":"road case latches"},{"@type":"BreadcrumbList","@id":"https:\/\/sxflightcase.com\/product\/road-case-latches-lob101\/#breadcrumb","itemListElement":[{"@type":"ListItem","position":1,"name":"Home","item":"https:\/\/sxflightcase.com\/"},{"@type":"ListItem","position":2,"name":"\u0e2a\u0e34\u0e19\u0e04\u0e49\u0e32","item":"https:\/\/sxflightcase.com\/th\/shop\/"},{"@type":"ListItem","position":3,"name":"Road Case Latches LOB101"}]},{"@type":"WebSite","@id":"https:\/\/sxflightcase.com\/th\/#website","url":"https:\/\/sxflightcase.com\/th\/","name":"www.sxpowercase.com","description":"Flight Case Fabrik","publisher":{"@id":"https:\/\/sxflightcase.com\/th\/#organization"},"potentialAction":[{"@type":"SearchAction","target":{"@type":"EntryPoint","urlTemplate":"https:\/\/sxflightcase.com\/th\/?s={search_term_string}"},"query-input":{"@type":"PropertyValueSpecification","valueRequired":true,"valueName":"search_term_string"}}],"inLanguage":"de"},{"@type":"Organization","@id":"https:\/\/sxflightcase.com\/th\/#organization","name":"www.sxpowercase.com","url":"https:\/\/sxflightcase.com\/th\/","logo":{"@type":"ImageObject","inLanguage":"de","@id":"https:\/\/sxflightcase.com\/th\/#\/schema\/logo\/image\/","url":"https:\/\/sxflightcase.com\/wp-content\/uploads\/2024\/04\/1713919036007.jpg","contentUrl":"https:\/\/sxflightcase.com\/wp-content\/uploads\/2024\/04\/1713919036007.jpg","width":382,"height":388,"caption":"sxpowercase.com"},"image":{"@id":"https:\/\/sxflightcase.com\/th\/#\/schema\/logo\/image\/"},"sameAs":["https:\/\/www.facebook.com\/profile.php?id=61560407257971"],"numberOfEmployees":{"@type":"QuantitativeValue","minValue":"11","maxValue":"50"}}]}},"_links":{"self":[{"href":"https:\/\/sxflightcase.com\/de\/wp-json\/wp\/v2\/product\/3959","targetHints":{"allow":["GET"]}}],"collection":[{"href":"https:\/\/sxflightcase.com\/de\/wp-json\/wp\/v2\/product"}],"about":[{"href":"https:\/\/sxflightcase.com\/de\/wp-json\/wp\/v2\/types\/product"}],"replies":[{"embeddable":true,"href":"https:\/\/sxflightcase.com\/de\/wp-json\/wp\/v2\/comments?post=3959"}],"version-history":[{"count":0,"href":"https:\/\/sxflightcase.com\/de\/wp-json\/wp\/v2\/product\/3959\/revisions"}],"wp:featuredmedia":[{"embeddable":true,"href":"https:\/\/sxflightcase.com\/de\/wp-json\/wp\/v2\/media\/3794"}],"wp:attachment":[{"href":"https:\/\/sxflightcase.com\/de\/wp-json\/wp\/v2\/media?parent=3959"}],"wp:term":[{"taxonomy":"product_brand","embeddable":true,"href":"https:\/\/sxflightcase.com\/de\/wp-json\/wp\/v2\/product_brand?post=3959"},{"taxonomy":"product_cat","embeddable":true,"href":"https:\/\/sxflightcase.com\/de\/wp-json\/wp\/v2\/product_cat?post=3959"},{"taxonomy":"product_tag","embeddable":true,"href":"https:\/\/sxflightcase.com\/de\/wp-json\/wp\/v2\/product_tag?post=3959"}],"curies":[{"name":"wp","href":"https:\/\/api.w.org\/{rel}","templated":true}]}}