{"id":3962,"date":"2024-08-06T03:27:12","date_gmt":"2024-08-06T02:27:12","guid":{"rendered":"https:\/\/sxpowercase.com\/?post_type=product&#038;p=3962"},"modified":"2024-08-06T03:27:12","modified_gmt":"2024-08-06T02:27:12","slug":"flight-case-butterfly-latch-lob301","status":"publish","type":"product","link":"https:\/\/sxflightcase.com\/de\/produkt\/flight-case-schmetterlingsverschluss-lob301-2\/","title":{"rendered":"Flightcase-Schmetterlingsverschluss LOB301"},"content":{"rendered":"<h3>Erh\u00f6hte Sicherheit mit SX Flight Case Butterfly Latch<\/h3>\n<h4>Erschwingliche, werksgepr\u00fcfte Qualit\u00e4t<\/h4>\n<p>Bei SX bieten wir die <strong>Flight Case Schmetterlingsverschlu\u00df<\/strong>-eine wesentliche Komponente f\u00fcr die Sicherung Ihrer wertvollen Ausr\u00fcstung. Unsere Verschl\u00fcsse sind dank unseres Direktvertriebs zu erschwinglichen Preisen erh\u00e4ltlich. Wir schalten den Zwischenh\u00e4ndler aus, um Ihnen qualitativ hochwertige Produkte zu niedrigen Kosten anbieten zu k\u00f6nnen, so dass Sie das beste Preis-Leistungs-Verh\u00e4ltnis erhalten, ohne Kompromisse bei der Haltbarkeit eingehen zu m\u00fcssen.<\/p>\n<h4>Zuverl\u00e4ssiges und langlebiges Design<\/h4>\n<p>Der <strong>Flight Case Schmetterlingsverschlu\u00df<\/strong> von <a href=\"https:\/\/sxpowercase.com\/\" target=\"_blank\" rel=\"noopener\" title=\"SX\" data-wpil-monitor-id=\"630\">SX<\/a> ist auf Zuverl\u00e4ssigkeit ausgelegt. Diese aus robusten Materialien gefertigten Verschl\u00fcsse sind f\u00fcr den h\u00e4ufigen Gebrauch und raue Umgebungen ausgelegt. Ganz gleich, ob Sie empfindliche Instrumente oder schwere Ausr\u00fcstung transportieren, unsere Verschl\u00fcsse bieten einen sicheren Verschluss, der versehentliches \u00d6ffnen verhindert und Ihre Ausr\u00fcstung sch\u00fctzt.<\/p>\n<h4>Einfache Installation und Anpassung<\/h4>\n<p>Installation der <strong>Flight Case Schmetterlingsverschl\u00fcsse<\/strong> ist ein unkompliziertes Verfahren, das sich f\u00fcr Profis und Heimwerker gleicherma\u00dfen eignet. Bei SX bieten wir auch Optionen zur individuellen Anpassung an Ihre speziellen Bed\u00fcrfnisse. Ganz gleich, ob Sie eine bestimmte Gr\u00f6\u00dfe, Ausf\u00fchrung oder zus\u00e4tzliche Funktionen ben\u00f6tigen, unser Team kann die Verschl\u00fcsse genau auf Ihre Anforderungen zuschneiden und so eine perfekte Passform f\u00fcr Ihre Flightcases gew\u00e4hrleisten.<\/p>\n<h4>Verpflichtung zur Qualit\u00e4tssicherung<\/h4>\n<p>SX ist bestrebt, hohe Qualit\u00e4tsstandards einzuhalten. Jede <strong>Flight Case Schmetterlingsverschl\u00fcsse<\/strong> werden strengen Tests unterzogen, um sicherzustellen, dass sie unsere strengen Kriterien f\u00fcr St\u00e4rke und Zuverl\u00e4ssigkeit erf\u00fcllen. Dank unserer Verpflichtung zur Qualit\u00e4tssicherung k\u00f6nnen Sie sich darauf verlassen, dass unsere Produkte eine gleichbleibende Leistung erbringen und Ihre Ger\u00e4te w\u00e4hrend des Transports und der Lagerung sch\u00fctzen.<\/p>\n<h4>Der SX-Vorteil<\/h4>\n<p>Wer sich f\u00fcr SX entscheidet, entscheidet sich f\u00fcr Spitzenleistungen. Unser <strong>Flight Case Schmetterlingsverschlu\u00df<\/strong> bietet unschlagbare Sicherheit zu einem g\u00fcnstigen Preis, unterst\u00fctzt durch unsere umfassende Qualit\u00e4tsgarantie. Wir sind stolz auf unsere Produkte und stehen hinter ihrer Verarbeitung, damit Sie sich keine Sorgen machen m\u00fcssen und Ihre Ger\u00e4te zuverl\u00e4ssig gesch\u00fctzt sind.<\/p>\n<h4>Kontaktieren Sie uns f\u00fcr Ihre individuellen Bed\u00fcrfnisse<\/h4>\n<p>Bei SX wissen wir, dass jedes Projekt einzigartig ist. Unser Team ist bereit, Sie bei individuellen Bestellungen zu unterst\u00fctzen, damit Sie die perfekte <strong>Flight Case Schmetterlingsverschlu\u00df<\/strong> f\u00fcr Ihre spezifischen Anforderungen. Setzen Sie sich noch heute mit uns in Verbindung, um Ihre Anforderungen zu besprechen und zu erfahren, wie wir Ihnen hochwertige, werkseitig gefertigte Verschl\u00fcsse zu wettbewerbsf\u00e4higen Preisen anbieten k\u00f6nnen. Mit SX k\u00f6nnen Sie sich auf die Sicherheit und Langlebigkeit Ihrer Flightcases verlassen, und zwar jederzeit.<\/p>\n<p>Jetzt kontaktieren:<span style=\"color: #0000ff;\"><a style=\"color: #0000ff;\" href=\"https:\/\/sxpowercase.com\/contact-us\/\">https:\/\/sxpowercase.com\/<\/a><\/span><\/p>\n<p>Hardware-Produktkatalog:<span style=\"color: #3366ff;\"><a style=\"color: #3366ff;\" href=\"https:\/\/sxpowercase.com\/wp-content\/uploads\/2024\/07\/\u4e94\u91d1.pdf\">Hardware-Zubeh\u00f6rkatalog<\/a><\/span><\/p>","protected":false},"excerpt":{"rendered":"<h3>Erschwingliche, qualitativ hochwertige Schmetterlingsverschl\u00fcsse<\/h3>\n<p>Holen Sie sich SX Flight Case Butterfly-Verschl\u00fcsse zum Direktpreis. Wir bieten erschwingliche, langlebige Verschl\u00fcsse, ohne Zwischenh\u00e4ndler und zu einem unschlagbaren Preis.<\/p>\n<h3>Robuste und verl\u00e4ssliche Sicherheit<\/h3>\n<p>Unsere Verschl\u00fcsse sind f\u00fcr h\u00e4ufigen Gebrauch und harte Bedingungen ausgelegt und sorgen daf\u00fcr, dass Ihre Ausr\u00fcstung sicher bleibt. Sie sind aus robusten Materialien gefertigt, verhindern versehentliches \u00d6ffnen und sch\u00fctzen Ihre Ausr\u00fcstung.<\/p>\n<h3>Einfache Installation und individuelle Optionen<\/h3>\n<p>SX-Verschl\u00fcsse sind einfach zu installieren und k\u00f6nnen individuell an Ihre Bed\u00fcrfnisse angepasst werden. W\u00e4hlen Sie aus verschiedenen Gr\u00f6\u00dfen, Ausf\u00fchrungen und Merkmalen, die perfekt zu Ihren Flightcases passen.<\/p>","protected":false},"featured_media":3797,"comment_status":"open","ping_status":"closed","template":"","meta":[],"product_brand":[],"product_cat":[61],"product_tag":[],"class_list":{"0":"post-3962","1":"product","2":"type-product","3":"status-publish","4":"has-post-thumbnail","6":"product_cat-catchother-locks","8":"first","9":"instock","10":"shipping-taxable","11":"product-type-simple"},"yoast_head":"<!-- This site is optimized with the Yoast SEO Premium plugin v27.1 (Yoast SEO v27.2) - https:\/\/yoast.com\/product\/yoast-seo-premium-wordpress\/ -->\n<title>Flight Case Butterfly Latch LOB301 - https:\/\/sxflightcase.com \ud83d\udc97<\/title>\n<meta name=\"description\" content=\"Flight case butterfly latch, factory direct! Secure, high-quality latches with a butterfly mechanism. Ideal for protecting equipment in transit, offering durability and easy access.\" \/>\n<meta name=\"robots\" content=\"index, follow, max-snippet:-1, max-image-preview:large, max-video-preview:-1\" \/>\n<link rel=\"canonical\" href=\"https:\/\/sxflightcase.com\/de\/prodotto\/chiusura-a-farfalla-del-flight-case-lob301\/\" \/>\n<meta property=\"og:locale\" content=\"de_DE\" \/>\n<meta property=\"og:type\" content=\"article\" \/>\n<meta property=\"og:title\" content=\"Flight Case Butterfly Latch LOB301\" \/>\n<meta property=\"og:description\" content=\"Flight case butterfly latch, factory direct! Secure, high-quality latches with a butterfly mechanism. Ideal for protecting equipment in transit, offering durability and easy access.\" \/>\n<meta property=\"og:url\" content=\"https:\/\/sxflightcase.com\/de\/prodotto\/chiusura-a-farfalla-del-flight-case-lob301\/\" \/>\n<meta property=\"og:site_name\" content=\"https:\/\/sxflightcase.com\" \/>\n<meta property=\"article:publisher\" content=\"https:\/\/www.facebook.com\/profile.php?id=61560407257971\" \/>\n<meta property=\"og:image\" content=\"https:\/\/sxflightcase.com\/wp-content\/uploads\/2024\/07\/LOB301.jpg\" \/>\n\t<meta property=\"og:image:width\" content=\"473\" \/>\n\t<meta property=\"og:image:height\" content=\"392\" \/>\n\t<meta property=\"og:image:type\" content=\"image\/jpeg\" \/>\n<meta name=\"twitter:card\" content=\"summary_large_image\" \/>\n<meta name=\"twitter:label1\" content=\"Gesch\u00e4tzte Lesezeit\" \/>\n\t<meta name=\"twitter:data1\" content=\"3\u00a0Minuten\" \/>\n<script type=\"application\/ld+json\" class=\"yoast-schema-graph\">{\"@context\":\"https:\/\/schema.org\",\"@graph\":[{\"@type\":\"WebPage\",\"@id\":\"https:\/\/sxflightcase.com\/it\/prodotto\/chiusura-a-farfalla-del-flight-case-lob301\/\",\"url\":\"https:\/\/sxflightcase.com\/it\/prodotto\/chiusura-a-farfalla-del-flight-case-lob301\/\",\"name\":\"Flight Case Butterfly Latch LOB301 - https:\/\/sxflightcase.com \ud83d\udc97\",\"isPartOf\":{\"@id\":\"https:\/\/sxflightcase.com\/th\/#website\"},\"primaryImageOfPage\":{\"@id\":\"https:\/\/sxflightcase.com\/it\/prodotto\/chiusura-a-farfalla-del-flight-case-lob301\/#primaryimage\"},\"image\":{\"@id\":\"https:\/\/sxflightcase.com\/it\/prodotto\/chiusura-a-farfalla-del-flight-case-lob301\/#primaryimage\"},\"thumbnailUrl\":\"https:\/\/sxflightcase.com\/wp-content\/uploads\/2024\/07\/LOB301.jpg\",\"datePublished\":\"2024-08-06T02:27:12+00:00\",\"description\":\"Flight case butterfly latch, factory direct! Secure, high-quality latches with a butterfly mechanism. Ideal for protecting equipment in transit, offering durability and easy access.\",\"breadcrumb\":{\"@id\":\"https:\/\/sxflightcase.com\/it\/prodotto\/chiusura-a-farfalla-del-flight-case-lob301\/#breadcrumb\"},\"inLanguage\":\"de\",\"potentialAction\":[{\"@type\":\"ReadAction\",\"target\":[\"https:\/\/sxflightcase.com\/it\/prodotto\/chiusura-a-farfalla-del-flight-case-lob301\/\"]}]},{\"@type\":\"ImageObject\",\"inLanguage\":\"de\",\"@id\":\"https:\/\/sxflightcase.com\/it\/prodotto\/chiusura-a-farfalla-del-flight-case-lob301\/#primaryimage\",\"url\":\"https:\/\/sxflightcase.com\/wp-content\/uploads\/2024\/07\/LOB301.jpg\",\"contentUrl\":\"https:\/\/sxflightcase.com\/wp-content\/uploads\/2024\/07\/LOB301.jpg\",\"width\":473,\"height\":392,\"caption\":\"flight case butterfly latch\"},{\"@type\":\"BreadcrumbList\",\"@id\":\"https:\/\/sxflightcase.com\/it\/prodotto\/chiusura-a-farfalla-del-flight-case-lob301\/#breadcrumb\",\"itemListElement\":[{\"@type\":\"ListItem\",\"position\":1,\"name\":\"Home\",\"item\":\"https:\/\/sxflightcase.com\/\"},{\"@type\":\"ListItem\",\"position\":2,\"name\":\"\u0e2a\u0e34\u0e19\u0e04\u0e49\u0e32\",\"item\":\"https:\/\/sxflightcase.com\/th\/shop\/\"},{\"@type\":\"ListItem\",\"position\":3,\"name\":\"Flight Case Butterfly Latch LOB301\"}]},{\"@type\":\"WebSite\",\"@id\":\"https:\/\/sxflightcase.com\/th\/#website\",\"url\":\"https:\/\/sxflightcase.com\/th\/\",\"name\":\"sxpowercase.com\",\"description\":\"Flight Case Factory\",\"publisher\":{\"@id\":\"https:\/\/sxflightcase.com\/th\/#organization\"},\"potentialAction\":[{\"@type\":\"SearchAction\",\"target\":{\"@type\":\"EntryPoint\",\"urlTemplate\":\"https:\/\/sxflightcase.com\/th\/?s={search_term_string}\"},\"query-input\":{\"@type\":\"PropertyValueSpecification\",\"valueRequired\":true,\"valueName\":\"search_term_string\"}}],\"inLanguage\":\"de\"},{\"@type\":\"Organization\",\"@id\":\"https:\/\/sxflightcase.com\/th\/#organization\",\"name\":\"sxpowercase.com\",\"url\":\"https:\/\/sxflightcase.com\/th\/\",\"logo\":{\"@type\":\"ImageObject\",\"inLanguage\":\"de\",\"@id\":\"https:\/\/sxflightcase.com\/th\/#\/schema\/logo\/image\/\",\"url\":\"https:\/\/sxflightcase.com\/wp-content\/uploads\/2024\/04\/1713919036007.jpg\",\"contentUrl\":\"https:\/\/sxflightcase.com\/wp-content\/uploads\/2024\/04\/1713919036007.jpg\",\"width\":382,\"height\":388,\"caption\":\"sxpowercase.com\"},\"image\":{\"@id\":\"https:\/\/sxflightcase.com\/th\/#\/schema\/logo\/image\/\"},\"sameAs\":[\"https:\/\/www.facebook.com\/profile.php?id=61560407257971\"],\"numberOfEmployees\":{\"@type\":\"QuantitativeValue\",\"minValue\":\"11\",\"maxValue\":\"50\"}}]}<\/script>\n<!-- \/ Yoast SEO Premium plugin. -->","yoast_head_json":{"title":"Flight Case Butterfly Latch LOB301 - https:\/\/sxflightcase.com \ud83d\udc97","description":"Butterfly-Verschluss f\u00fcr Flightcases, direkt ab Werk! Sichere, hochwertige Verschl\u00fcsse mit Schmetterlingsmechanismus. Ideal f\u00fcr den Schutz von Ger\u00e4ten beim Transport, mit langer Lebensdauer und einfachem Zugang.","robots":{"index":"index","follow":"follow","max-snippet":"max-snippet:-1","max-image-preview":"max-image-preview:large","max-video-preview":"max-video-preview:-1"},"canonical":"https:\/\/sxflightcase.com\/de\/prodotto\/chiusura-a-farfalla-del-flight-case-lob301\/","og_locale":"de_DE","og_type":"article","og_title":"Flight Case Butterfly Latch LOB301","og_description":"Flight case butterfly latch, factory direct! Secure, high-quality latches with a butterfly mechanism. Ideal for protecting equipment in transit, offering durability and easy access.","og_url":"https:\/\/sxflightcase.com\/de\/prodotto\/chiusura-a-farfalla-del-flight-case-lob301\/","og_site_name":"https:\/\/sxflightcase.com","article_publisher":"https:\/\/www.facebook.com\/profile.php?id=61560407257971","og_image":[{"width":473,"height":392,"url":"https:\/\/sxflightcase.com\/wp-content\/uploads\/2024\/07\/LOB301.jpg","type":"image\/jpeg"}],"twitter_card":"summary_large_image","twitter_misc":{"Gesch\u00e4tzte Lesezeit":"3\u00a0Minuten"},"schema":{"@context":"https:\/\/schema.org","@graph":[{"@type":"WebPage","@id":"https:\/\/sxflightcase.com\/it\/prodotto\/chiusura-a-farfalla-del-flight-case-lob301\/","url":"https:\/\/sxflightcase.com\/it\/prodotto\/chiusura-a-farfalla-del-flight-case-lob301\/","name":"Flight Case Butterfly Latch LOB301 - https:\/\/sxflightcase.com \ud83d\udc97","isPartOf":{"@id":"https:\/\/sxflightcase.com\/th\/#website"},"primaryImageOfPage":{"@id":"https:\/\/sxflightcase.com\/it\/prodotto\/chiusura-a-farfalla-del-flight-case-lob301\/#primaryimage"},"image":{"@id":"https:\/\/sxflightcase.com\/it\/prodotto\/chiusura-a-farfalla-del-flight-case-lob301\/#primaryimage"},"thumbnailUrl":"https:\/\/sxflightcase.com\/wp-content\/uploads\/2024\/07\/LOB301.jpg","datePublished":"2024-08-06T02:27:12+00:00","description":"Butterfly-Verschluss f\u00fcr Flightcases, direkt ab Werk! Sichere, hochwertige Verschl\u00fcsse mit Schmetterlingsmechanismus. Ideal f\u00fcr den Schutz von Ger\u00e4ten beim Transport, mit langer Lebensdauer und einfachem Zugang.","breadcrumb":{"@id":"https:\/\/sxflightcase.com\/it\/prodotto\/chiusura-a-farfalla-del-flight-case-lob301\/#breadcrumb"},"inLanguage":"de","potentialAction":[{"@type":"ReadAction","target":["https:\/\/sxflightcase.com\/it\/prodotto\/chiusura-a-farfalla-del-flight-case-lob301\/"]}]},{"@type":"ImageObject","inLanguage":"de","@id":"https:\/\/sxflightcase.com\/it\/prodotto\/chiusura-a-farfalla-del-flight-case-lob301\/#primaryimage","url":"https:\/\/sxflightcase.com\/wp-content\/uploads\/2024\/07\/LOB301.jpg","contentUrl":"https:\/\/sxflightcase.com\/wp-content\/uploads\/2024\/07\/LOB301.jpg","width":473,"height":392,"caption":"flight case butterfly latch"},{"@type":"BreadcrumbList","@id":"https:\/\/sxflightcase.com\/it\/prodotto\/chiusura-a-farfalla-del-flight-case-lob301\/#breadcrumb","itemListElement":[{"@type":"ListItem","position":1,"name":"Home","item":"https:\/\/sxflightcase.com\/"},{"@type":"ListItem","position":2,"name":"\u0e2a\u0e34\u0e19\u0e04\u0e49\u0e32","item":"https:\/\/sxflightcase.com\/th\/shop\/"},{"@type":"ListItem","position":3,"name":"Flight Case Butterfly Latch LOB301"}]},{"@type":"WebSite","@id":"https:\/\/sxflightcase.com\/th\/#website","url":"https:\/\/sxflightcase.com\/th\/","name":"www.sxpowercase.com","description":"Flight Case Fabrik","publisher":{"@id":"https:\/\/sxflightcase.com\/th\/#organization"},"potentialAction":[{"@type":"SearchAction","target":{"@type":"EntryPoint","urlTemplate":"https:\/\/sxflightcase.com\/th\/?s={search_term_string}"},"query-input":{"@type":"PropertyValueSpecification","valueRequired":true,"valueName":"search_term_string"}}],"inLanguage":"de"},{"@type":"Organization","@id":"https:\/\/sxflightcase.com\/th\/#organization","name":"www.sxpowercase.com","url":"https:\/\/sxflightcase.com\/th\/","logo":{"@type":"ImageObject","inLanguage":"de","@id":"https:\/\/sxflightcase.com\/th\/#\/schema\/logo\/image\/","url":"https:\/\/sxflightcase.com\/wp-content\/uploads\/2024\/04\/1713919036007.jpg","contentUrl":"https:\/\/sxflightcase.com\/wp-content\/uploads\/2024\/04\/1713919036007.jpg","width":382,"height":388,"caption":"sxpowercase.com"},"image":{"@id":"https:\/\/sxflightcase.com\/th\/#\/schema\/logo\/image\/"},"sameAs":["https:\/\/www.facebook.com\/profile.php?id=61560407257971"],"numberOfEmployees":{"@type":"QuantitativeValue","minValue":"11","maxValue":"50"}}]}},"_links":{"self":[{"href":"https:\/\/sxflightcase.com\/de\/wp-json\/wp\/v2\/product\/3962","targetHints":{"allow":["GET"]}}],"collection":[{"href":"https:\/\/sxflightcase.com\/de\/wp-json\/wp\/v2\/product"}],"about":[{"href":"https:\/\/sxflightcase.com\/de\/wp-json\/wp\/v2\/types\/product"}],"replies":[{"embeddable":true,"href":"https:\/\/sxflightcase.com\/de\/wp-json\/wp\/v2\/comments?post=3962"}],"version-history":[{"count":0,"href":"https:\/\/sxflightcase.com\/de\/wp-json\/wp\/v2\/product\/3962\/revisions"}],"wp:featuredmedia":[{"embeddable":true,"href":"https:\/\/sxflightcase.com\/de\/wp-json\/wp\/v2\/media\/3797"}],"wp:attachment":[{"href":"https:\/\/sxflightcase.com\/de\/wp-json\/wp\/v2\/media?parent=3962"}],"wp:term":[{"taxonomy":"product_brand","embeddable":true,"href":"https:\/\/sxflightcase.com\/de\/wp-json\/wp\/v2\/product_brand?post=3962"},{"taxonomy":"product_cat","embeddable":true,"href":"https:\/\/sxflightcase.com\/de\/wp-json\/wp\/v2\/product_cat?post=3962"},{"taxonomy":"product_tag","embeddable":true,"href":"https:\/\/sxflightcase.com\/de\/wp-json\/wp\/v2\/product_tag?post=3962"}],"curies":[{"name":"wp","href":"https:\/\/api.w.org\/{rel}","templated":true}]}}