{"id":3978,"date":"2024-08-07T07:18:55","date_gmt":"2024-08-07T06:18:55","guid":{"rendered":"https:\/\/sxpowercase.com\/?post_type=product&#038;p=3978"},"modified":"2024-08-07T07:18:57","modified_gmt":"2024-08-07T06:18:57","slug":"flight-case-butterfly-latches-loc401","status":"publish","type":"product","link":"https:\/\/sxflightcase.com\/de\/produkt\/flight-case-schmetterlingsverschlusse-loc401-2\/","title":{"rendered":"Flightcase-Schmetterlingsverschl\u00fcsse LOC401"},"content":{"rendered":"<h3>Sichern Sie Ihre Ausr\u00fcstung mit SX Flight Case Butterfly-Verschl\u00fcssen<\/h3>\n<h4>Factory-Direct Pricing f\u00fcr Qualit\u00e4tssicherung<\/h4>\n<p>SX bietet mit Stolz das <strong>Flight Case Schmetterlingsverschlu\u00df<\/strong>die Ihre wertvollen Ger\u00e4te zuverl\u00e4ssig sch\u00fctzen sollen. Da wir direkt von unserem Werk aus verkaufen, entfallen zus\u00e4tzliche Kosten, so dass wir diese hochwertigen Verschl\u00fcsse zu einem unglaublich niedrigen Preis anbieten k\u00f6nnen. Auf diese Weise erhalten Sie erstklassige Produkte, ohne die Bank zu sprengen.<\/p>\n<h4>Zuverl\u00e4ssige und robuste Konstruktion<\/h4>\n<p>Unser <strong>Flight Case Schmetterlingsverschlu\u00df<\/strong> ist aus langlebigen Materialien gefertigt, die eine langfristige Zuverl\u00e4ssigkeit gew\u00e4hrleisten. Ganz gleich, ob Sie Musikinstrumente, Elektronik oder andere empfindliche Gegenst\u00e4nde sch\u00fctzen m\u00f6chten, diese Schl\u00f6sser bieten einen sicheren Verschluss, der alles fest an seinem Platz h\u00e4lt. Dank ihrer St\u00e4rke und Langlebigkeit sind unsere Schl\u00f6sser ideal f\u00fcr Vielreisende und Profis, die den besten Schutz verlangen.<\/p>\n<h4>Einfache Installation und ma\u00dfgeschneiderte Optionen<\/h4>\n<p><a href=\"https:\/\/sxpowercase.com\/\" target=\"_blank\" rel=\"noopener\" title=\"SX\" data-wpil-monitor-id=\"632\">SX<\/a> macht es einfach, unsere <strong>Flight Case Schmetterlingsverschlu\u00df<\/strong> auf Ihren Koffern. Das Design ist benutzerfreundlich und erm\u00f6glicht eine schnelle und effiziente Installation. Dar\u00fcber hinaus bieten wir kundenspezifische Dienstleistungen an, um Ihre speziellen Anforderungen zu erf\u00fcllen. Ganz gleich, ob Sie eine besondere Gr\u00f6\u00dfe, andere Oberfl\u00e4chen oder spezielle Funktionen ben\u00f6tigen, wir k\u00f6nnen die Verschl\u00fcsse genau an Ihre Anforderungen anpassen und eine nahtlose Integration in Ihre Flightcases gew\u00e4hrleisten.<\/p>\n<h4>Kompromisslose Qualit\u00e4tsstandards<\/h4>\n<p>Bei SX haben wir uns verpflichtet, Produkte zu liefern, die den h\u00f6chsten Qualit\u00e4tsstandards entsprechen. Jedes <strong>Flight Case Schmetterlingsverschlu\u00df<\/strong> wird rigoros getestet, um sicherzustellen, dass es unsere strengen Kriterien f\u00fcr St\u00e4rke, Zuverl\u00e4ssigkeit und Haltbarkeit erf\u00fcllt. Unser Fokus auf Qualit\u00e4tssicherung bedeutet, dass Sie sich darauf verlassen k\u00f6nnen, dass unsere Verschl\u00fcsse eine gleichbleibende und zuverl\u00e4ssige Leistung erbringen, damit Sie sich w\u00e4hrend des Transports keine Sorgen machen m\u00fcssen.<\/p>\n<h4>Warum SX w\u00e4hlen?<\/h4>\n<p>SX bietet mehr als nur Qualit\u00e4tsprodukte; wir bieten eine umfassende L\u00f6sung f\u00fcr die Sicherung Ihrer Ausr\u00fcstung. Unser <strong>Flight Case Schmetterlingsverschlu\u00df<\/strong> kombiniert erschwingliche Preise mit au\u00dfergew\u00f6hnlicher Qualit\u00e4t, die durch unser Engagement f\u00fcr Kundenzufriedenheit unterst\u00fctzt wird. Wir stehen hinter unseren Produkten und stellen sicher, dass sie die Anforderungen von Fachleuten erf\u00fcllen, die auf sichere und langlebige Kofferhardware angewiesen sind.<\/p>\n<h4>Ma\u00dfgeschneiderte L\u00f6sungen und Experten-Support<\/h4>\n<p>Jedes Projekt hat seine eigenen Anforderungen, und wir von SX sind da, um sie zu erf\u00fcllen. Unser Team ist bereit, Sie bei individuellen Auftr\u00e4gen zu unterst\u00fctzen und Ihnen die perfekte <strong>Flight Case Schmetterlingsverschlu\u00df<\/strong> f\u00fcr Ihre Bed\u00fcrfnisse. Setzen Sie sich noch heute mit uns in Verbindung, um Ihre spezifischen Anforderungen zu besprechen und zu erfahren, wie wir Ihnen qualitativ hochwertige Verschl\u00fcsse zu wettbewerbsf\u00e4higen Preisen liefern k\u00f6nnen. Mit SX k\u00f6nnen Sie sich auf die Qualit\u00e4t und Sicherheit Ihrer Flightcase-Hardware verlassen und sicherstellen, dass Ihre Ausr\u00fcstung gesch\u00fctzt bleibt.<\/p>\n<p>Jetzt kontaktieren:<span style=\"color: #0000ff;\"><a style=\"color: #0000ff;\" href=\"https:\/\/sxpowercase.com\/contact-us\/\">https:\/\/sxpowercase.com\/<\/a><\/span><\/p>\n<p>Hardware-Produktkatalog:<span style=\"color: #3366ff;\"><a style=\"color: #3366ff;\" href=\"https:\/\/sxpowercase.com\/wp-content\/uploads\/2024\/07\/\u4e94\u91d1.pdf\">Hardware-Zubeh\u00f6rkatalog<\/a><\/span><\/p>","protected":false},"excerpt":{"rendered":"<h3>Erschwingliche, qualitativ hochwertige Schmetterlingsverschl\u00fcsse<\/h3>\n<p>Holen Sie sich SX Flight Case Butterfly-Verschl\u00fcsse zum Direktpreis. Wir bieten erschwingliche, langlebige Verschl\u00fcsse, ohne Zwischenh\u00e4ndler und zu einem unschlagbaren Preis.<\/p>\n<h3>Robuste und verl\u00e4ssliche Sicherheit<\/h3>\n<p>Unsere Verschl\u00fcsse sind f\u00fcr h\u00e4ufigen Gebrauch und harte Bedingungen ausgelegt und sorgen daf\u00fcr, dass Ihre Ausr\u00fcstung sicher bleibt. Sie sind aus robusten Materialien gefertigt, verhindern versehentliches \u00d6ffnen und sch\u00fctzen Ihre Ausr\u00fcstung.<\/p>\n<h3>Einfache Installation und individuelle Optionen<\/h3>\n<p>SX-Verschl\u00fcsse sind einfach zu installieren und k\u00f6nnen individuell an Ihre Bed\u00fcrfnisse angepasst werden. W\u00e4hlen Sie aus verschiedenen Gr\u00f6\u00dfen, Ausf\u00fchrungen und Merkmalen, die perfekt zu Ihren Flightcases passen.<\/p>","protected":false},"featured_media":3798,"comment_status":"open","ping_status":"closed","template":"","meta":[],"product_brand":[],"product_cat":[61],"product_tag":[],"class_list":{"0":"post-3978","1":"product","2":"type-product","3":"status-publish","4":"has-post-thumbnail","6":"product_cat-catchother-locks","8":"first","9":"instock","10":"shipping-taxable","11":"product-type-simple"},"yoast_head":"<!-- This site is optimized with the Yoast SEO Premium plugin v27.1 (Yoast SEO v27.2) - https:\/\/yoast.com\/product\/yoast-seo-premium-wordpress\/ -->\n<title>Flight Case Butterfly Latches LOC401 - https:\/\/sxflightcase.com \ud83d\udc97<\/title>\n<meta name=\"description\" content=\"Flight case butterfly latches, factory direct! Secure, high-quality latches with a butterfly mechanism. Ideal for protecting equipment in transit, offering durability and easy access.\" \/>\n<meta name=\"robots\" content=\"index, follow, max-snippet:-1, max-image-preview:large, max-video-preview:-1\" \/>\n<link rel=\"canonical\" href=\"https:\/\/sxflightcase.com\/de\/product\/flightcase-vlindersloten-loc401\/\" \/>\n<meta property=\"og:locale\" content=\"de_DE\" \/>\n<meta property=\"og:type\" content=\"article\" \/>\n<meta property=\"og:title\" content=\"Flight Case Butterfly Latches LOC401\" \/>\n<meta property=\"og:description\" content=\"Flight case butterfly latches, factory direct! Secure, high-quality latches with a butterfly mechanism. Ideal for protecting equipment in transit, offering durability and easy access.\" \/>\n<meta property=\"og:url\" content=\"https:\/\/sxflightcase.com\/de\/product\/flightcase-vlindersloten-loc401\/\" \/>\n<meta property=\"og:site_name\" content=\"https:\/\/sxflightcase.com\" \/>\n<meta property=\"article:publisher\" content=\"https:\/\/www.facebook.com\/profile.php?id=61560407257971\" \/>\n<meta property=\"article:modified_time\" content=\"2024-08-07T06:18:57+00:00\" \/>\n<meta property=\"og:image\" content=\"https:\/\/sxflightcase.com\/wp-content\/uploads\/2024\/07\/LOC401.jpg\" \/>\n\t<meta property=\"og:image:width\" content=\"700\" \/>\n\t<meta property=\"og:image:height\" content=\"700\" \/>\n\t<meta property=\"og:image:type\" content=\"image\/jpeg\" \/>\n<meta name=\"twitter:card\" content=\"summary_large_image\" \/>\n<meta name=\"twitter:label1\" content=\"Gesch\u00e4tzte Lesezeit\" \/>\n\t<meta name=\"twitter:data1\" content=\"3\u00a0Minuten\" \/>\n<script type=\"application\/ld+json\" class=\"yoast-schema-graph\">{\"@context\":\"https:\/\/schema.org\",\"@graph\":[{\"@type\":\"WebPage\",\"@id\":\"https:\/\/sxflightcase.com\/nl\/product\/flightcase-vlindersloten-loc401\/\",\"url\":\"https:\/\/sxflightcase.com\/nl\/product\/flightcase-vlindersloten-loc401\/\",\"name\":\"Flight Case Butterfly Latches LOC401 - https:\/\/sxflightcase.com \ud83d\udc97\",\"isPartOf\":{\"@id\":\"https:\/\/sxflightcase.com\/th\/#website\"},\"primaryImageOfPage\":{\"@id\":\"https:\/\/sxflightcase.com\/nl\/product\/flightcase-vlindersloten-loc401\/#primaryimage\"},\"image\":{\"@id\":\"https:\/\/sxflightcase.com\/nl\/product\/flightcase-vlindersloten-loc401\/#primaryimage\"},\"thumbnailUrl\":\"https:\/\/sxflightcase.com\/wp-content\/uploads\/2024\/07\/LOC401.jpg\",\"datePublished\":\"2024-08-07T06:18:55+00:00\",\"dateModified\":\"2024-08-07T06:18:57+00:00\",\"description\":\"Flight case butterfly latches, factory direct! Secure, high-quality latches with a butterfly mechanism. Ideal for protecting equipment in transit, offering durability and easy access.\",\"breadcrumb\":{\"@id\":\"https:\/\/sxflightcase.com\/nl\/product\/flightcase-vlindersloten-loc401\/#breadcrumb\"},\"inLanguage\":\"de\",\"potentialAction\":[{\"@type\":\"ReadAction\",\"target\":[\"https:\/\/sxflightcase.com\/nl\/product\/flightcase-vlindersloten-loc401\/\"]}]},{\"@type\":\"ImageObject\",\"inLanguage\":\"de\",\"@id\":\"https:\/\/sxflightcase.com\/nl\/product\/flightcase-vlindersloten-loc401\/#primaryimage\",\"url\":\"https:\/\/sxflightcase.com\/wp-content\/uploads\/2024\/07\/LOC401.jpg\",\"contentUrl\":\"https:\/\/sxflightcase.com\/wp-content\/uploads\/2024\/07\/LOC401.jpg\",\"width\":700,\"height\":700,\"caption\":\"Flight Case Butterfly Latches\"},{\"@type\":\"BreadcrumbList\",\"@id\":\"https:\/\/sxflightcase.com\/nl\/product\/flightcase-vlindersloten-loc401\/#breadcrumb\",\"itemListElement\":[{\"@type\":\"ListItem\",\"position\":1,\"name\":\"Home\",\"item\":\"https:\/\/sxflightcase.com\/\"},{\"@type\":\"ListItem\",\"position\":2,\"name\":\"\u0e2a\u0e34\u0e19\u0e04\u0e49\u0e32\",\"item\":\"https:\/\/sxflightcase.com\/th\/shop\/\"},{\"@type\":\"ListItem\",\"position\":3,\"name\":\"Flight Case Butterfly Latches LOC401\"}]},{\"@type\":\"WebSite\",\"@id\":\"https:\/\/sxflightcase.com\/th\/#website\",\"url\":\"https:\/\/sxflightcase.com\/th\/\",\"name\":\"sxpowercase.com\",\"description\":\"Flight Case Factory\",\"publisher\":{\"@id\":\"https:\/\/sxflightcase.com\/th\/#organization\"},\"potentialAction\":[{\"@type\":\"SearchAction\",\"target\":{\"@type\":\"EntryPoint\",\"urlTemplate\":\"https:\/\/sxflightcase.com\/th\/?s={search_term_string}\"},\"query-input\":{\"@type\":\"PropertyValueSpecification\",\"valueRequired\":true,\"valueName\":\"search_term_string\"}}],\"inLanguage\":\"de\"},{\"@type\":\"Organization\",\"@id\":\"https:\/\/sxflightcase.com\/th\/#organization\",\"name\":\"sxpowercase.com\",\"url\":\"https:\/\/sxflightcase.com\/th\/\",\"logo\":{\"@type\":\"ImageObject\",\"inLanguage\":\"de\",\"@id\":\"https:\/\/sxflightcase.com\/th\/#\/schema\/logo\/image\/\",\"url\":\"https:\/\/sxflightcase.com\/wp-content\/uploads\/2024\/04\/1713919036007.jpg\",\"contentUrl\":\"https:\/\/sxflightcase.com\/wp-content\/uploads\/2024\/04\/1713919036007.jpg\",\"width\":382,\"height\":388,\"caption\":\"sxpowercase.com\"},\"image\":{\"@id\":\"https:\/\/sxflightcase.com\/th\/#\/schema\/logo\/image\/\"},\"sameAs\":[\"https:\/\/www.facebook.com\/profile.php?id=61560407257971\"],\"numberOfEmployees\":{\"@type\":\"QuantitativeValue\",\"minValue\":\"11\",\"maxValue\":\"50\"}}]}<\/script>\n<!-- \/ Yoast SEO Premium plugin. -->","yoast_head_json":{"title":"Flight Case Butterfly Latches LOC401 - https:\/\/sxflightcase.com \ud83d\udc97","description":"Schmetterlingsverschl\u00fcsse f\u00fcr Flightcases, direkt ab Werk! Sichere, hochwertige Verschl\u00fcsse mit Schmetterlingsmechanismus. Ideal f\u00fcr den Schutz der Ausr\u00fcstung beim Transport, mit langer Lebensdauer und einfachem Zugang.","robots":{"index":"index","follow":"follow","max-snippet":"max-snippet:-1","max-image-preview":"max-image-preview:large","max-video-preview":"max-video-preview:-1"},"canonical":"https:\/\/sxflightcase.com\/de\/product\/flightcase-vlindersloten-loc401\/","og_locale":"de_DE","og_type":"article","og_title":"Flight Case Butterfly Latches LOC401","og_description":"Flight case butterfly latches, factory direct! Secure, high-quality latches with a butterfly mechanism. Ideal for protecting equipment in transit, offering durability and easy access.","og_url":"https:\/\/sxflightcase.com\/de\/product\/flightcase-vlindersloten-loc401\/","og_site_name":"https:\/\/sxflightcase.com","article_publisher":"https:\/\/www.facebook.com\/profile.php?id=61560407257971","article_modified_time":"2024-08-07T06:18:57+00:00","og_image":[{"width":700,"height":700,"url":"https:\/\/sxflightcase.com\/wp-content\/uploads\/2024\/07\/LOC401.jpg","type":"image\/jpeg"}],"twitter_card":"summary_large_image","twitter_misc":{"Gesch\u00e4tzte Lesezeit":"3\u00a0Minuten"},"schema":{"@context":"https:\/\/schema.org","@graph":[{"@type":"WebPage","@id":"https:\/\/sxflightcase.com\/nl\/product\/flightcase-vlindersloten-loc401\/","url":"https:\/\/sxflightcase.com\/nl\/product\/flightcase-vlindersloten-loc401\/","name":"Flight Case Butterfly Latches LOC401 - https:\/\/sxflightcase.com \ud83d\udc97","isPartOf":{"@id":"https:\/\/sxflightcase.com\/th\/#website"},"primaryImageOfPage":{"@id":"https:\/\/sxflightcase.com\/nl\/product\/flightcase-vlindersloten-loc401\/#primaryimage"},"image":{"@id":"https:\/\/sxflightcase.com\/nl\/product\/flightcase-vlindersloten-loc401\/#primaryimage"},"thumbnailUrl":"https:\/\/sxflightcase.com\/wp-content\/uploads\/2024\/07\/LOC401.jpg","datePublished":"2024-08-07T06:18:55+00:00","dateModified":"2024-08-07T06:18:57+00:00","description":"Schmetterlingsverschl\u00fcsse f\u00fcr Flightcases, direkt ab Werk! Sichere, hochwertige Verschl\u00fcsse mit Schmetterlingsmechanismus. Ideal f\u00fcr den Schutz der Ausr\u00fcstung beim Transport, mit langer Lebensdauer und einfachem Zugang.","breadcrumb":{"@id":"https:\/\/sxflightcase.com\/nl\/product\/flightcase-vlindersloten-loc401\/#breadcrumb"},"inLanguage":"de","potentialAction":[{"@type":"ReadAction","target":["https:\/\/sxflightcase.com\/nl\/product\/flightcase-vlindersloten-loc401\/"]}]},{"@type":"ImageObject","inLanguage":"de","@id":"https:\/\/sxflightcase.com\/nl\/product\/flightcase-vlindersloten-loc401\/#primaryimage","url":"https:\/\/sxflightcase.com\/wp-content\/uploads\/2024\/07\/LOC401.jpg","contentUrl":"https:\/\/sxflightcase.com\/wp-content\/uploads\/2024\/07\/LOC401.jpg","width":700,"height":700,"caption":"Flight Case Butterfly Latches"},{"@type":"BreadcrumbList","@id":"https:\/\/sxflightcase.com\/nl\/product\/flightcase-vlindersloten-loc401\/#breadcrumb","itemListElement":[{"@type":"ListItem","position":1,"name":"Home","item":"https:\/\/sxflightcase.com\/"},{"@type":"ListItem","position":2,"name":"\u0e2a\u0e34\u0e19\u0e04\u0e49\u0e32","item":"https:\/\/sxflightcase.com\/th\/shop\/"},{"@type":"ListItem","position":3,"name":"Flight Case Butterfly Latches LOC401"}]},{"@type":"WebSite","@id":"https:\/\/sxflightcase.com\/th\/#website","url":"https:\/\/sxflightcase.com\/th\/","name":"www.sxpowercase.com","description":"Flight Case Fabrik","publisher":{"@id":"https:\/\/sxflightcase.com\/th\/#organization"},"potentialAction":[{"@type":"SearchAction","target":{"@type":"EntryPoint","urlTemplate":"https:\/\/sxflightcase.com\/th\/?s={search_term_string}"},"query-input":{"@type":"PropertyValueSpecification","valueRequired":true,"valueName":"search_term_string"}}],"inLanguage":"de"},{"@type":"Organization","@id":"https:\/\/sxflightcase.com\/th\/#organization","name":"www.sxpowercase.com","url":"https:\/\/sxflightcase.com\/th\/","logo":{"@type":"ImageObject","inLanguage":"de","@id":"https:\/\/sxflightcase.com\/th\/#\/schema\/logo\/image\/","url":"https:\/\/sxflightcase.com\/wp-content\/uploads\/2024\/04\/1713919036007.jpg","contentUrl":"https:\/\/sxflightcase.com\/wp-content\/uploads\/2024\/04\/1713919036007.jpg","width":382,"height":388,"caption":"sxpowercase.com"},"image":{"@id":"https:\/\/sxflightcase.com\/th\/#\/schema\/logo\/image\/"},"sameAs":["https:\/\/www.facebook.com\/profile.php?id=61560407257971"],"numberOfEmployees":{"@type":"QuantitativeValue","minValue":"11","maxValue":"50"}}]}},"_links":{"self":[{"href":"https:\/\/sxflightcase.com\/de\/wp-json\/wp\/v2\/product\/3978","targetHints":{"allow":["GET"]}}],"collection":[{"href":"https:\/\/sxflightcase.com\/de\/wp-json\/wp\/v2\/product"}],"about":[{"href":"https:\/\/sxflightcase.com\/de\/wp-json\/wp\/v2\/types\/product"}],"replies":[{"embeddable":true,"href":"https:\/\/sxflightcase.com\/de\/wp-json\/wp\/v2\/comments?post=3978"}],"version-history":[{"count":0,"href":"https:\/\/sxflightcase.com\/de\/wp-json\/wp\/v2\/product\/3978\/revisions"}],"wp:featuredmedia":[{"embeddable":true,"href":"https:\/\/sxflightcase.com\/de\/wp-json\/wp\/v2\/media\/3798"}],"wp:attachment":[{"href":"https:\/\/sxflightcase.com\/de\/wp-json\/wp\/v2\/media?parent=3978"}],"wp:term":[{"taxonomy":"product_brand","embeddable":true,"href":"https:\/\/sxflightcase.com\/de\/wp-json\/wp\/v2\/product_brand?post=3978"},{"taxonomy":"product_cat","embeddable":true,"href":"https:\/\/sxflightcase.com\/de\/wp-json\/wp\/v2\/product_cat?post=3978"},{"taxonomy":"product_tag","embeddable":true,"href":"https:\/\/sxflightcase.com\/de\/wp-json\/wp\/v2\/product_tag?post=3978"}],"curies":[{"name":"wp","href":"https:\/\/api.w.org\/{rel}","templated":true}]}}