{"id":3980,"date":"2024-08-07T07:33:45","date_gmt":"2024-08-07T06:33:45","guid":{"rendered":"https:\/\/sxpowercase.com\/?post_type=product&#038;p=3980"},"modified":"2024-08-07T07:33:45","modified_gmt":"2024-08-07T06:33:45","slug":"locking-butterfly-latches-lod101","status":"publish","type":"product","link":"https:\/\/sxflightcase.com\/de\/produkt\/verriegelbare-schmetterlingsverschlusse-lod101-2\/","title":{"rendered":"Butterfly-Verschl\u00fcsse mit Verriegelung LOD101"},"content":{"rendered":"<h3>Sichern Sie Ihre Ausr\u00fcstung mit den abschlie\u00dfbaren Butterfly-Verschl\u00fcssen von SX<\/h3>\n<h4>Direkte Werkspreise f\u00fcr erschwingliche Sicherheit<\/h4>\n<p>SX bietet hochwertige <strong>verriegelbare Schmetterlingsverschl\u00fcsse<\/strong> zu Direktpreisen, so dass Sie Ihre Ger\u00e4te einfach und kosteng\u00fcnstig sichern k\u00f6nnen. Durch den Wegfall des Zwischenh\u00e4ndlers bieten wir erstklassige Verschl\u00fcsse zu niedrigen Kosten an, so dass Sie ein hervorragendes Preis-Leistungs-Verh\u00e4ltnis erhalten, ohne auf Qualit\u00e4t verzichten zu m\u00fcssen.<\/p>\n<h4>Robustes Design f\u00fcr maximale Langlebigkeit<\/h4>\n<p>Unser <strong>verriegelbare Schmetterlingsverschl\u00fcsse<\/strong> sind so konzipiert, dass sie auch den h\u00e4rtesten Bedingungen standhalten. Die aus hochwertigen Materialien gefertigten Verschl\u00fcsse sind f\u00fcr eine lange Lebensdauer ausgelegt und bieten zuverl\u00e4ssige Sicherheit f\u00fcr Ihre Ausr\u00fcstung. Ganz gleich, ob Sie mit empfindlicher Ausr\u00fcstung reisen oder einfach stabile Verschl\u00fcsse f\u00fcr Ihre Koffer ben\u00f6tigen, <a href=\"https:\/\/sxpowercase.com\/\" target=\"_blank\" rel=\"noopener\" title=\"SX\" data-wpil-monitor-id=\"634\">SX<\/a> Schl\u00f6sser bieten die n\u00f6tige Haltbarkeit.<\/p>\n<h4>Individuell anpassbare L\u00f6sungen f\u00fcr jeden Bedarf<\/h4>\n<p>Wir bei SX sind uns bewusst, dass unterschiedliche Projekte einzigartige Anforderungen haben. Deshalb bieten wir Anpassungsm\u00f6glichkeiten f\u00fcr unsere <strong>verriegelbare Schmetterlingsverschl\u00fcsse<\/strong>. Von speziellen Gr\u00f6\u00dfen bis hin zu einzigartigen Oberfl\u00e4chen k\u00f6nnen wir unsere Produkte genau auf Ihre Bed\u00fcrfnisse zuschneiden. Diese individuelle Anpassung gew\u00e4hrleistet eine perfekte Passform und erh\u00f6hte Sicherheit f\u00fcr Ihre Koffer.<\/p>\n<h4>Strenge Qualit\u00e4tssicherungsma\u00dfnahmen<\/h4>\n<p>Qualit\u00e4t hat bei SX oberste Priorit\u00e4t. Jede <strong>verriegelbarer Schmetterlingsverschluss<\/strong> wird rigoros getestet, um unsere strengen Standards zu erf\u00fcllen. Diese Verpflichtung zur Qualit\u00e4tssicherung garantiert, dass unsere Verschl\u00fcsse eine gleichbleibende, zuverl\u00e4ssige Leistung erbringen. Sie k\u00f6nnen sich darauf verlassen, dass SX-Schl\u00f6sser Ihre Ausr\u00fcstung sicher halten, egal wohin Ihre Reisen Sie f\u00fchren.<\/p>\n<h4>Warum SX w\u00e4hlen?<\/h4>\n<p>Wenn Sie sich f\u00fcr SX entscheiden, entscheiden Sie sich f\u00fcr eine Marke, die f\u00fcr ihr Engagement f\u00fcr Qualit\u00e4t und Kundenzufriedenheit bekannt ist. Unser <strong>verriegelbare Schmetterlingsverschl\u00fcsse<\/strong> sind nicht nur erschwinglich, sondern auch \u00e4u\u00dferst zuverl\u00e4ssig. Wir sind stolz darauf, Produkte anbieten zu k\u00f6nnen, die den Anforderungen von Fachleuten entsprechen, die langlebige, sichere Hardware f\u00fcr ihre Koffer ben\u00f6tigen.<\/p>\n<h4>Fachkundige Unterst\u00fctzung und ma\u00dfgeschneiderter Service<\/h4>\n<p>SX bietet mehr als nur Produkte; wir bieten einen umfassenden Service. Unser sachkundiges Team steht Ihnen bei allen Fragen zur Seite und bietet Ihnen ma\u00dfgeschneiderte L\u00f6sungen f\u00fcr Ihre speziellen Anforderungen. Ob Sie eine einzelne <strong>verriegelbarer Schmetterlingsverschluss<\/strong> oder eine gro\u00dfe Bestellung, wir sind bereit, Ihnen zu helfen.<\/p>\n<h4>Sichern Sie Ihre Ausr\u00fcstung mit Zuversicht<\/h4>\n<p>Gehen Sie keine Kompromisse bei der Sicherheit Ihrer Ausr\u00fcstung ein. Mit SXs <strong>verriegelbare Schmetterlingsverschl\u00fcsse<\/strong>erhalten Sie hochwertige und erschwingliche Sicherheitsl\u00f6sungen, die einfach zu installieren und langlebig sind. Setzen Sie sich noch heute mit uns in Verbindung, um herauszufinden, wie wir Ihnen helfen k\u00f6nnen, Ihre Ausr\u00fcstung mit unseren langlebigen und individuell anpassbaren Verschlussl\u00f6sungen zu sichern. Vertrauen Sie auf SX, wenn es um Kofferzubeh\u00f6r geht, und genie\u00dfen Sie die Gewissheit, dass Ihre Ausr\u00fcstung gesch\u00fctzt ist.<\/p>","protected":false},"excerpt":{"rendered":"<div class=\"flex max-w-full flex-col flex-grow\">\n<div class=\"min-h-[20px] text-message flex w-full flex-col items-end gap-2 whitespace-pre-wrap break-words [.text-message+&amp;]:mt-5 overflow-x-auto\" dir=\"auto\" data-message-author-role=\"assistant\" data-message-id=\"ef8d884f-9672-488c-9e51-498098491c76\">\n<div class=\"flex w-full flex-col gap-1 empty:hidden first:pt-[3px]\">\n<div class=\"markdown prose w-full break-words dark:prose-invert light\">\n<h3>Affordable, Secure Locking Butterfly Latches<\/h3>\n<p>Get high-quality locking butterfly latches from SX at factory-direct prices. Our durable latches offer reliable security for your gear without breaking the bank.<\/p>\n<h3>Durable and Customisable<\/h3>\n<p>Built to last, SX locking butterfly latches are made from robust materials and can be customised to fit your specific needs. They provide a secure closure and additional protection with their lockable feature.<\/p>\n<h3>Easy Installation and Quality Assurance<\/h3>\n<p>SX latches are easy to install and rigorously tested for strength and reliability. Trust our products to safeguard your equipment with consistent, dependable performance.<\/p>\n<\/div>\n<\/div>\n<\/div>\n<\/div>\n","protected":false},"featured_media":3800,"comment_status":"open","ping_status":"closed","template":"","meta":[],"product_brand":[],"product_cat":[61],"product_tag":[],"class_list":{"0":"post-3980","1":"product","2":"type-product","3":"status-publish","4":"has-post-thumbnail","6":"product_cat-catchother-locks","8":"first","9":"instock","10":"shipping-taxable","11":"product-type-simple"},"yoast_head":"<!-- This site is optimized with the Yoast SEO Premium plugin v27.1 (Yoast SEO v27.2) - https:\/\/yoast.com\/product\/yoast-seo-premium-wordpress\/ -->\n<title>Locking Butterfly Latches LOD101 - https:\/\/sxflightcase.com \ud83d\udc97<\/title>\n<meta name=\"description\" content=\"Locking butterfly latches, factory direct! High-quality, secure latch with a locking mechanism. Perfect for safeguarding equipment in flight cases.\" \/>\n<meta name=\"robots\" content=\"index, follow, max-snippet:-1, max-image-preview:large, max-video-preview:-1\" \/>\n<link rel=\"canonical\" href=\"https:\/\/sxflightcase.com\/de\/produkt\/verriegelbare-schmetterlingsverschlusse-lod101-2\/\" \/>\n<meta property=\"og:locale\" content=\"de_DE\" \/>\n<meta property=\"og:type\" content=\"article\" \/>\n<meta property=\"og:title\" content=\"Locking Butterfly Latches LOD101\" \/>\n<meta property=\"og:description\" content=\"Locking butterfly latches, factory direct! High-quality, secure latch with a locking mechanism. Perfect for safeguarding equipment in flight cases.\" \/>\n<meta property=\"og:url\" content=\"https:\/\/sxflightcase.com\/de\/produkt\/verriegelbare-schmetterlingsverschlusse-lod101-2\/\" \/>\n<meta property=\"og:site_name\" content=\"https:\/\/sxflightcase.com\" \/>\n<meta property=\"article:publisher\" content=\"https:\/\/www.facebook.com\/profile.php?id=61560407257971\" \/>\n<meta property=\"og:image\" content=\"https:\/\/sxflightcase.com\/wp-content\/uploads\/2024\/07\/LOD101.jpg\" \/>\n\t<meta property=\"og:image:width\" content=\"700\" \/>\n\t<meta property=\"og:image:height\" content=\"700\" \/>\n\t<meta property=\"og:image:type\" content=\"image\/jpeg\" \/>\n<meta name=\"twitter:card\" content=\"summary_large_image\" \/>\n<meta name=\"twitter:label1\" content=\"Gesch\u00e4tzte Lesezeit\" \/>\n\t<meta name=\"twitter:data1\" content=\"3\u00a0Minuten\" \/>\n<script type=\"application\/ld+json\" class=\"yoast-schema-graph\">{\"@context\":\"https:\/\/schema.org\",\"@graph\":[{\"@type\":\"WebPage\",\"@id\":\"https:\/\/sxflightcase.com\/product\/locking-butterfly-latches-lod101\/\",\"url\":\"https:\/\/sxflightcase.com\/product\/locking-butterfly-latches-lod101\/\",\"name\":\"Locking Butterfly Latches LOD101 - https:\/\/sxflightcase.com \ud83d\udc97\",\"isPartOf\":{\"@id\":\"https:\/\/sxflightcase.com\/th\/#website\"},\"primaryImageOfPage\":{\"@id\":\"https:\/\/sxflightcase.com\/product\/locking-butterfly-latches-lod101\/#primaryimage\"},\"image\":{\"@id\":\"https:\/\/sxflightcase.com\/product\/locking-butterfly-latches-lod101\/#primaryimage\"},\"thumbnailUrl\":\"https:\/\/sxflightcase.com\/wp-content\/uploads\/2024\/07\/LOD101.jpg\",\"datePublished\":\"2024-08-07T06:33:45+00:00\",\"description\":\"Locking butterfly latches, factory direct! High-quality, secure latch with a locking mechanism. Perfect for safeguarding equipment in flight cases.\",\"breadcrumb\":{\"@id\":\"https:\/\/sxflightcase.com\/product\/locking-butterfly-latches-lod101\/#breadcrumb\"},\"inLanguage\":\"de\",\"potentialAction\":[{\"@type\":\"ReadAction\",\"target\":[\"https:\/\/sxflightcase.com\/product\/locking-butterfly-latches-lod101\/\"]}]},{\"@type\":\"ImageObject\",\"inLanguage\":\"de\",\"@id\":\"https:\/\/sxflightcase.com\/product\/locking-butterfly-latches-lod101\/#primaryimage\",\"url\":\"https:\/\/sxflightcase.com\/wp-content\/uploads\/2024\/07\/LOD101.jpg\",\"contentUrl\":\"https:\/\/sxflightcase.com\/wp-content\/uploads\/2024\/07\/LOD101.jpg\",\"width\":700,\"height\":700,\"caption\":\"Locking Butterfly Latches\"},{\"@type\":\"BreadcrumbList\",\"@id\":\"https:\/\/sxflightcase.com\/product\/locking-butterfly-latches-lod101\/#breadcrumb\",\"itemListElement\":[{\"@type\":\"ListItem\",\"position\":1,\"name\":\"Home\",\"item\":\"https:\/\/sxflightcase.com\/\"},{\"@type\":\"ListItem\",\"position\":2,\"name\":\"\u0e2a\u0e34\u0e19\u0e04\u0e49\u0e32\",\"item\":\"https:\/\/sxflightcase.com\/th\/shop\/\"},{\"@type\":\"ListItem\",\"position\":3,\"name\":\"Locking Butterfly Latches LOD101\"}]},{\"@type\":\"WebSite\",\"@id\":\"https:\/\/sxflightcase.com\/th\/#website\",\"url\":\"https:\/\/sxflightcase.com\/th\/\",\"name\":\"sxpowercase.com\",\"description\":\"Flight Case Factory\",\"publisher\":{\"@id\":\"https:\/\/sxflightcase.com\/th\/#organization\"},\"potentialAction\":[{\"@type\":\"SearchAction\",\"target\":{\"@type\":\"EntryPoint\",\"urlTemplate\":\"https:\/\/sxflightcase.com\/th\/?s={search_term_string}\"},\"query-input\":{\"@type\":\"PropertyValueSpecification\",\"valueRequired\":true,\"valueName\":\"search_term_string\"}}],\"inLanguage\":\"de\"},{\"@type\":\"Organization\",\"@id\":\"https:\/\/sxflightcase.com\/th\/#organization\",\"name\":\"sxpowercase.com\",\"url\":\"https:\/\/sxflightcase.com\/th\/\",\"logo\":{\"@type\":\"ImageObject\",\"inLanguage\":\"de\",\"@id\":\"https:\/\/sxflightcase.com\/th\/#\/schema\/logo\/image\/\",\"url\":\"https:\/\/sxflightcase.com\/wp-content\/uploads\/2024\/04\/1713919036007.jpg\",\"contentUrl\":\"https:\/\/sxflightcase.com\/wp-content\/uploads\/2024\/04\/1713919036007.jpg\",\"width\":382,\"height\":388,\"caption\":\"sxpowercase.com\"},\"image\":{\"@id\":\"https:\/\/sxflightcase.com\/th\/#\/schema\/logo\/image\/\"},\"sameAs\":[\"https:\/\/www.facebook.com\/profile.php?id=61560407257971\"],\"numberOfEmployees\":{\"@type\":\"QuantitativeValue\",\"minValue\":\"11\",\"maxValue\":\"50\"}}]}<\/script>\n<!-- \/ Yoast SEO Premium plugin. -->","yoast_head_json":{"title":"Locking Butterfly Latches LOD101 - https:\/\/sxflightcase.com \ud83d\udc97","description":"Verriegelnde Schmetterlingsverschl\u00fcsse, direkt ab Werk! Hochwertiger, sicherer Verschluss mit Verriegelungsmechanismus. Perfekt f\u00fcr die Sicherung von Ausr\u00fcstung in Flightcases.","robots":{"index":"index","follow":"follow","max-snippet":"max-snippet:-1","max-image-preview":"max-image-preview:large","max-video-preview":"max-video-preview:-1"},"canonical":"https:\/\/sxflightcase.com\/de\/produkt\/verriegelbare-schmetterlingsverschlusse-lod101-2\/","og_locale":"de_DE","og_type":"article","og_title":"Locking Butterfly Latches LOD101","og_description":"Locking butterfly latches, factory direct! High-quality, secure latch with a locking mechanism. Perfect for safeguarding equipment in flight cases.","og_url":"https:\/\/sxflightcase.com\/de\/produkt\/verriegelbare-schmetterlingsverschlusse-lod101-2\/","og_site_name":"https:\/\/sxflightcase.com","article_publisher":"https:\/\/www.facebook.com\/profile.php?id=61560407257971","og_image":[{"width":700,"height":700,"url":"https:\/\/sxflightcase.com\/wp-content\/uploads\/2024\/07\/LOD101.jpg","type":"image\/jpeg"}],"twitter_card":"summary_large_image","twitter_misc":{"Gesch\u00e4tzte Lesezeit":"3\u00a0Minuten"},"schema":{"@context":"https:\/\/schema.org","@graph":[{"@type":"WebPage","@id":"https:\/\/sxflightcase.com\/product\/locking-butterfly-latches-lod101\/","url":"https:\/\/sxflightcase.com\/product\/locking-butterfly-latches-lod101\/","name":"Locking Butterfly Latches LOD101 - https:\/\/sxflightcase.com \ud83d\udc97","isPartOf":{"@id":"https:\/\/sxflightcase.com\/th\/#website"},"primaryImageOfPage":{"@id":"https:\/\/sxflightcase.com\/product\/locking-butterfly-latches-lod101\/#primaryimage"},"image":{"@id":"https:\/\/sxflightcase.com\/product\/locking-butterfly-latches-lod101\/#primaryimage"},"thumbnailUrl":"https:\/\/sxflightcase.com\/wp-content\/uploads\/2024\/07\/LOD101.jpg","datePublished":"2024-08-07T06:33:45+00:00","description":"Verriegelnde Schmetterlingsverschl\u00fcsse, direkt ab Werk! Hochwertiger, sicherer Verschluss mit Verriegelungsmechanismus. Perfekt f\u00fcr die Sicherung von Ausr\u00fcstung in Flightcases.","breadcrumb":{"@id":"https:\/\/sxflightcase.com\/product\/locking-butterfly-latches-lod101\/#breadcrumb"},"inLanguage":"de","potentialAction":[{"@type":"ReadAction","target":["https:\/\/sxflightcase.com\/product\/locking-butterfly-latches-lod101\/"]}]},{"@type":"ImageObject","inLanguage":"de","@id":"https:\/\/sxflightcase.com\/product\/locking-butterfly-latches-lod101\/#primaryimage","url":"https:\/\/sxflightcase.com\/wp-content\/uploads\/2024\/07\/LOD101.jpg","contentUrl":"https:\/\/sxflightcase.com\/wp-content\/uploads\/2024\/07\/LOD101.jpg","width":700,"height":700,"caption":"Locking Butterfly Latches"},{"@type":"BreadcrumbList","@id":"https:\/\/sxflightcase.com\/product\/locking-butterfly-latches-lod101\/#breadcrumb","itemListElement":[{"@type":"ListItem","position":1,"name":"Home","item":"https:\/\/sxflightcase.com\/"},{"@type":"ListItem","position":2,"name":"\u0e2a\u0e34\u0e19\u0e04\u0e49\u0e32","item":"https:\/\/sxflightcase.com\/th\/shop\/"},{"@type":"ListItem","position":3,"name":"Locking Butterfly Latches LOD101"}]},{"@type":"WebSite","@id":"https:\/\/sxflightcase.com\/th\/#website","url":"https:\/\/sxflightcase.com\/th\/","name":"www.sxpowercase.com","description":"Flight Case Fabrik","publisher":{"@id":"https:\/\/sxflightcase.com\/th\/#organization"},"potentialAction":[{"@type":"SearchAction","target":{"@type":"EntryPoint","urlTemplate":"https:\/\/sxflightcase.com\/th\/?s={search_term_string}"},"query-input":{"@type":"PropertyValueSpecification","valueRequired":true,"valueName":"search_term_string"}}],"inLanguage":"de"},{"@type":"Organization","@id":"https:\/\/sxflightcase.com\/th\/#organization","name":"www.sxpowercase.com","url":"https:\/\/sxflightcase.com\/th\/","logo":{"@type":"ImageObject","inLanguage":"de","@id":"https:\/\/sxflightcase.com\/th\/#\/schema\/logo\/image\/","url":"https:\/\/sxflightcase.com\/wp-content\/uploads\/2024\/04\/1713919036007.jpg","contentUrl":"https:\/\/sxflightcase.com\/wp-content\/uploads\/2024\/04\/1713919036007.jpg","width":382,"height":388,"caption":"sxpowercase.com"},"image":{"@id":"https:\/\/sxflightcase.com\/th\/#\/schema\/logo\/image\/"},"sameAs":["https:\/\/www.facebook.com\/profile.php?id=61560407257971"],"numberOfEmployees":{"@type":"QuantitativeValue","minValue":"11","maxValue":"50"}}]}},"_links":{"self":[{"href":"https:\/\/sxflightcase.com\/de\/wp-json\/wp\/v2\/product\/3980","targetHints":{"allow":["GET"]}}],"collection":[{"href":"https:\/\/sxflightcase.com\/de\/wp-json\/wp\/v2\/product"}],"about":[{"href":"https:\/\/sxflightcase.com\/de\/wp-json\/wp\/v2\/types\/product"}],"replies":[{"embeddable":true,"href":"https:\/\/sxflightcase.com\/de\/wp-json\/wp\/v2\/comments?post=3980"}],"version-history":[{"count":0,"href":"https:\/\/sxflightcase.com\/de\/wp-json\/wp\/v2\/product\/3980\/revisions"}],"wp:featuredmedia":[{"embeddable":true,"href":"https:\/\/sxflightcase.com\/de\/wp-json\/wp\/v2\/media\/3800"}],"wp:attachment":[{"href":"https:\/\/sxflightcase.com\/de\/wp-json\/wp\/v2\/media?parent=3980"}],"wp:term":[{"taxonomy":"product_brand","embeddable":true,"href":"https:\/\/sxflightcase.com\/de\/wp-json\/wp\/v2\/product_brand?post=3980"},{"taxonomy":"product_cat","embeddable":true,"href":"https:\/\/sxflightcase.com\/de\/wp-json\/wp\/v2\/product_cat?post=3980"},{"taxonomy":"product_tag","embeddable":true,"href":"https:\/\/sxflightcase.com\/de\/wp-json\/wp\/v2\/product_tag?post=3980"}],"curies":[{"name":"wp","href":"https:\/\/api.w.org\/{rel}","templated":true}]}}