{"id":4007,"date":"2024-08-08T07:22:13","date_gmt":"2024-08-08T06:22:13","guid":{"rendered":"https:\/\/sxpowercase.com\/?post_type=product&#038;p=4007"},"modified":"2024-08-08T07:22:14","modified_gmt":"2024-08-08T06:22:14","slug":"flight-case-handle-haa101","status":"publish","type":"product","link":"https:\/\/sxflightcase.com\/de\/produkt\/flightcase-griff-haa101-2\/","title":{"rendered":"Flight Case-Griff HAA101"},"content":{"rendered":"<h3>Entdecken Sie \u00fcberlegene Qualit\u00e4t mit dem Flight Case Griff von SX<\/h3>\n<h4>Erschwingliche Direktpreise ab Werk<\/h4>\n<p>Wir bei SX sind der Meinung, dass erstklassige Qualit\u00e4t f\u00fcr jeden zug\u00e4nglich sein sollte. Unser <strong>Flight Case-Griff<\/strong>\u00a0sind zu Direktpreisen erh\u00e4ltlich, die sicherstellen, dass Sie qualitativ hochwertige Produkte erhalten, ohne dass der Preis hoch ist. Da wir direkt von unserer Produktionsst\u00e4tte aus verkaufen, schalten wir die Zwischenh\u00e4ndler aus und geben die Einsparungen direkt an Sie weiter.<\/p>\n<h4>Au\u00dfergew\u00f6hnliche Langlebigkeit und Qualit\u00e4tssicherung<\/h4>\n<p>SXs <strong>Flight Case Griffe<\/strong> sind f\u00fcr die Ewigkeit gebaut. Sie werden aus erstklassigen Materialien hergestellt und bieten un\u00fcbertroffene St\u00e4rke und Haltbarkeit. Jeder Griff wird strengen Qualit\u00e4tskontrollen unterzogen, um sicherzustellen, dass er unseren hohen Standards entspricht. Sie k\u00f6nnen sich verlassen auf <a href=\"https:\/\/sxpowercase.com\/\" target=\"_blank\" rel=\"noopener\" title=\"SX\" data-wpil-monitor-id=\"636\">SX<\/a> f\u00fcr Griffe, die sich auch unter schwierigsten Bedingungen bew\u00e4hren.<\/p>\n<h4>Individuelle Anpassung an Ihre einzigartigen Bed\u00fcrfnisse<\/h4>\n<p>Wir wissen, dass jedes Projekt seine eigenen Anforderungen hat. Deshalb bieten wir Anpassungsm\u00f6glichkeiten f\u00fcr unsere <strong>Flight Case Griffe<\/strong>. Ganz gleich, ob Sie eine bestimmte Gr\u00f6\u00dfe, ein bestimmtes Material oder ein bestimmtes Design ben\u00f6tigen - SX kann unsere Griffe genau auf Ihre Anforderungen zuschneiden. Ma\u00dfgefertigte Griffe gew\u00e4hrleisten eine perfekte Passform und verbessern die Funktionalit\u00e4t Ihrer Flightcases.<\/p>\n<h4>Zuverl\u00e4ssige Leistung in jeder Situation<\/h4>\n<p>Unser <strong>Flight Case Griffe<\/strong> sind so konzipiert, dass sie in verschiedenen Umgebungen zuverl\u00e4ssig funktionieren. Ganz gleich, ob Sie empfindliche Ger\u00e4te oder schwere Ausr\u00fcstung transportieren, unsere Griffe bieten einen sicheren und bequemen Halt. Die robuste Konstruktion unserer Griffe stellt sicher, dass sie wiederholtem Gebrauch und rauer Handhabung standhalten, was sie ideal f\u00fcr den professionellen Einsatz macht.<\/p>\n<h4>W\u00e4hlen Sie SX f\u00fcr Qualit\u00e4t und Zuverl\u00e4ssigkeit<\/h4>\n<p>Wenn Sie sich f\u00fcr SX entscheiden, entscheiden Sie sich f\u00fcr eine Marke, die f\u00fcr Qualit\u00e4t und Zuverl\u00e4ssigkeit bekannt ist. Unser <strong>Flight Case Griffe<\/strong> werden mit viel Liebe zum Detail hergestellt, um sicherzustellen, dass jedes St\u00fcck unseren strengen Standards entspricht. Wir sind bestrebt, unseren Kunden Produkte zu bieten, die Funktionalit\u00e4t, Langlebigkeit und Erschwinglichkeit miteinander verbinden.<\/p>\n<h4>Kompetenter Support und Service<\/h4>\n<p>Bei SX sind wir mehr als nur ein Lieferant; wir sind Ihr Partner f\u00fcr Ihren Erfolg. Unser Expertenteam steht Ihnen bei allen Fragen zur Seite und ber\u00e4t Sie bei der Auswahl der besten Griffl\u00f6sungen f\u00fcr Ihre Bed\u00fcrfnisse. Ob Sie einen einzelnen <strong>Flight Case-Griff<\/strong> oder eine Gro\u00dfbestellung, wir sorgen daf\u00fcr, dass Sie genau das bekommen, was Sie brauchen.<\/p>\n<h4>Stilvolle und funktionelle L\u00f6sungen<\/h4>\n<p>SXs <strong>Flight Case Griffe<\/strong> bieten nicht nur praktische Vorteile, sondern werten auch das Aussehen Ihrer Koffer auf. Das schlanke Design und die hochwertige Verarbeitung unserer Griffe verleihen jedem Flightcase einen Hauch von Professionalit\u00e4t und Stil. Vertrauen Sie auf SX, wenn es um Griffe geht, die ebenso attraktiv wie funktional sind.<\/p>\n<p>Kontaktieren Sie SX noch heute und erfahren Sie mehr \u00fcber unsere <strong>Flight Case Griffe<\/strong> und entdecken Sie, wie wir Ihnen qualitativ hochwertige, erschwingliche und ma\u00dfgeschneiderte L\u00f6sungen f\u00fcr Ihren gesamten Flightcase-Bedarf bieten k\u00f6nnen.<\/p>\n<p>Jetzt kontaktieren:<span style=\"color: #0000ff;\"><a style=\"color: #0000ff;\" href=\"https:\/\/sxpowercase.com\/contact-us\/\">https:\/\/sxpowercase.com\/<\/a><\/span><\/p>\n<p>Hardware-Produktkatalog:<span style=\"color: #3366ff;\"><a style=\"color: #3366ff;\" href=\"https:\/\/sxpowercase.com\/wp-content\/uploads\/2024\/07\/\u4e94\u91d1.pdf\">Hardware-Zubeh\u00f6rkatalog<\/a><\/span><\/p>","protected":false},"excerpt":{"rendered":"<h3>Erschwingliche, hochqualitative Flight Case Griffe<\/h3>\n<p>SX bietet langlebige Flight Case Griffe zu Direktpreisen an, so dass keine Zwischenh\u00e4ndler involviert sind und hochwertige Produkte zu niedrigen Kosten angeboten werden.<\/p>\n<h3>Anpassbare und verl\u00e4ssliche Leistung<\/h3>\n<p>Unsere Griffe aus hochwertigen Materialien lassen sich genau an Ihre Bed\u00fcrfnisse anpassen und gew\u00e4hrleisten einen sicheren und bequemen Griff in jeder Umgebung.<\/p>\n<h3>Stilvolle und langlebige L\u00f6sungen<\/h3>\n<p>SX Flight Case Griffe verbinden Funktionalit\u00e4t mit einem eleganten Design und werten das Aussehen und die Leistung Ihrer Koffer auf. Wenden Sie sich an uns, wenn Sie hochwertige und erschwingliche L\u00f6sungen ben\u00f6tigen.<\/p>","protected":false},"featured_media":4022,"comment_status":"open","ping_status":"closed","template":"","meta":[],"product_brand":[],"product_cat":[62],"product_tag":[],"class_list":{"0":"post-4007","1":"product","2":"type-product","3":"status-publish","4":"has-post-thumbnail","6":"product_cat-handles","8":"first","9":"instock","10":"shipping-taxable","11":"product-type-simple"},"yoast_head":"<!-- This site is optimized with the Yoast SEO Premium plugin v27.1 (Yoast SEO v27.2) - https:\/\/yoast.com\/product\/yoast-seo-premium-wordpress\/ -->\n<title>Flight Case Handle HAA101 - https:\/\/sxflightcase.com \ud83d\udc97<\/title>\n<meta name=\"description\" content=\"Flight case handle, factory direct! High-quality, durable handles designed for secure and comfortable transport of flight cases. Perfect for professionals and frequent travelers.\" \/>\n<meta name=\"robots\" content=\"index, follow, max-snippet:-1, max-image-preview:large, max-video-preview:-1\" \/>\n<link rel=\"canonical\" href=\"https:\/\/sxflightcase.com\/de\/termek\/repulesi-tok-fogantyu-haa101\/\" \/>\n<meta property=\"og:locale\" content=\"de_DE\" \/>\n<meta property=\"og:type\" content=\"article\" \/>\n<meta property=\"og:title\" content=\"Flight Case Handle HAA101\" \/>\n<meta property=\"og:description\" content=\"Flight case handle, factory direct! High-quality, durable handles designed for secure and comfortable transport of flight cases. Perfect for professionals and frequent travelers.\" \/>\n<meta property=\"og:url\" content=\"https:\/\/sxflightcase.com\/de\/termek\/repulesi-tok-fogantyu-haa101\/\" \/>\n<meta property=\"og:site_name\" content=\"https:\/\/sxflightcase.com\" \/>\n<meta property=\"article:publisher\" content=\"https:\/\/www.facebook.com\/profile.php?id=61560407257971\" \/>\n<meta property=\"article:modified_time\" content=\"2024-08-08T06:22:14+00:00\" \/>\n<meta property=\"og:image\" content=\"https:\/\/sxflightcase.com\/wp-content\/uploads\/2024\/08\/HAA101.jpg\" \/>\n\t<meta property=\"og:image:width\" content=\"700\" \/>\n\t<meta property=\"og:image:height\" content=\"700\" \/>\n\t<meta property=\"og:image:type\" content=\"image\/jpeg\" \/>\n<meta name=\"twitter:card\" content=\"summary_large_image\" \/>\n<meta name=\"twitter:label1\" content=\"Gesch\u00e4tzte Lesezeit\" \/>\n\t<meta name=\"twitter:data1\" content=\"3\u00a0Minuten\" \/>\n<script type=\"application\/ld+json\" class=\"yoast-schema-graph\">{\"@context\":\"https:\/\/schema.org\",\"@graph\":[{\"@type\":\"WebPage\",\"@id\":\"https:\/\/sxflightcase.com\/hu\/termek\/repulesi-tok-fogantyu-haa101\/\",\"url\":\"https:\/\/sxflightcase.com\/hu\/termek\/repulesi-tok-fogantyu-haa101\/\",\"name\":\"Flight Case Handle HAA101 - https:\/\/sxflightcase.com \ud83d\udc97\",\"isPartOf\":{\"@id\":\"https:\/\/sxflightcase.com\/th\/#website\"},\"primaryImageOfPage\":{\"@id\":\"https:\/\/sxflightcase.com\/hu\/termek\/repulesi-tok-fogantyu-haa101\/#primaryimage\"},\"image\":{\"@id\":\"https:\/\/sxflightcase.com\/hu\/termek\/repulesi-tok-fogantyu-haa101\/#primaryimage\"},\"thumbnailUrl\":\"https:\/\/sxflightcase.com\/wp-content\/uploads\/2024\/08\/HAA101.jpg\",\"datePublished\":\"2024-08-08T06:22:13+00:00\",\"dateModified\":\"2024-08-08T06:22:14+00:00\",\"description\":\"Flight case handle, factory direct! High-quality, durable handles designed for secure and comfortable transport of flight cases. Perfect for professionals and frequent travelers.\",\"breadcrumb\":{\"@id\":\"https:\/\/sxflightcase.com\/hu\/termek\/repulesi-tok-fogantyu-haa101\/#breadcrumb\"},\"inLanguage\":\"de\",\"potentialAction\":[{\"@type\":\"ReadAction\",\"target\":[\"https:\/\/sxflightcase.com\/hu\/termek\/repulesi-tok-fogantyu-haa101\/\"]}]},{\"@type\":\"ImageObject\",\"inLanguage\":\"de\",\"@id\":\"https:\/\/sxflightcase.com\/hu\/termek\/repulesi-tok-fogantyu-haa101\/#primaryimage\",\"url\":\"https:\/\/sxflightcase.com\/wp-content\/uploads\/2024\/08\/HAA101.jpg\",\"contentUrl\":\"https:\/\/sxflightcase.com\/wp-content\/uploads\/2024\/08\/HAA101.jpg\",\"width\":700,\"height\":700,\"caption\":\"flight case handle\"},{\"@type\":\"BreadcrumbList\",\"@id\":\"https:\/\/sxflightcase.com\/hu\/termek\/repulesi-tok-fogantyu-haa101\/#breadcrumb\",\"itemListElement\":[{\"@type\":\"ListItem\",\"position\":1,\"name\":\"Home\",\"item\":\"https:\/\/sxflightcase.com\/\"},{\"@type\":\"ListItem\",\"position\":2,\"name\":\"\u0e2a\u0e34\u0e19\u0e04\u0e49\u0e32\",\"item\":\"https:\/\/sxflightcase.com\/th\/shop\/\"},{\"@type\":\"ListItem\",\"position\":3,\"name\":\"Flight Case Handle HAA101\"}]},{\"@type\":\"WebSite\",\"@id\":\"https:\/\/sxflightcase.com\/th\/#website\",\"url\":\"https:\/\/sxflightcase.com\/th\/\",\"name\":\"sxpowercase.com\",\"description\":\"Flight Case Factory\",\"publisher\":{\"@id\":\"https:\/\/sxflightcase.com\/th\/#organization\"},\"potentialAction\":[{\"@type\":\"SearchAction\",\"target\":{\"@type\":\"EntryPoint\",\"urlTemplate\":\"https:\/\/sxflightcase.com\/th\/?s={search_term_string}\"},\"query-input\":{\"@type\":\"PropertyValueSpecification\",\"valueRequired\":true,\"valueName\":\"search_term_string\"}}],\"inLanguage\":\"de\"},{\"@type\":\"Organization\",\"@id\":\"https:\/\/sxflightcase.com\/th\/#organization\",\"name\":\"sxpowercase.com\",\"url\":\"https:\/\/sxflightcase.com\/th\/\",\"logo\":{\"@type\":\"ImageObject\",\"inLanguage\":\"de\",\"@id\":\"https:\/\/sxflightcase.com\/th\/#\/schema\/logo\/image\/\",\"url\":\"https:\/\/sxflightcase.com\/wp-content\/uploads\/2024\/04\/1713919036007.jpg\",\"contentUrl\":\"https:\/\/sxflightcase.com\/wp-content\/uploads\/2024\/04\/1713919036007.jpg\",\"width\":382,\"height\":388,\"caption\":\"sxpowercase.com\"},\"image\":{\"@id\":\"https:\/\/sxflightcase.com\/th\/#\/schema\/logo\/image\/\"},\"sameAs\":[\"https:\/\/www.facebook.com\/profile.php?id=61560407257971\"],\"numberOfEmployees\":{\"@type\":\"QuantitativeValue\",\"minValue\":\"11\",\"maxValue\":\"50\"}}]}<\/script>\n<!-- \/ Yoast SEO Premium plugin. -->","yoast_head_json":{"title":"Flight Case Handle HAA101 - https:\/\/sxflightcase.com \ud83d\udc97","description":"Flightcase-Griff, direkt ab Werk! Hochwertige, langlebige Griffe f\u00fcr den sicheren und bequemen Transport von Flightcases. Perfekt f\u00fcr Profis und Vielreisende.","robots":{"index":"index","follow":"follow","max-snippet":"max-snippet:-1","max-image-preview":"max-image-preview:large","max-video-preview":"max-video-preview:-1"},"canonical":"https:\/\/sxflightcase.com\/de\/termek\/repulesi-tok-fogantyu-haa101\/","og_locale":"de_DE","og_type":"article","og_title":"Flight Case Handle HAA101","og_description":"Flight case handle, factory direct! High-quality, durable handles designed for secure and comfortable transport of flight cases. Perfect for professionals and frequent travelers.","og_url":"https:\/\/sxflightcase.com\/de\/termek\/repulesi-tok-fogantyu-haa101\/","og_site_name":"https:\/\/sxflightcase.com","article_publisher":"https:\/\/www.facebook.com\/profile.php?id=61560407257971","article_modified_time":"2024-08-08T06:22:14+00:00","og_image":[{"width":700,"height":700,"url":"https:\/\/sxflightcase.com\/wp-content\/uploads\/2024\/08\/HAA101.jpg","type":"image\/jpeg"}],"twitter_card":"summary_large_image","twitter_misc":{"Gesch\u00e4tzte Lesezeit":"3\u00a0Minuten"},"schema":{"@context":"https:\/\/schema.org","@graph":[{"@type":"WebPage","@id":"https:\/\/sxflightcase.com\/hu\/termek\/repulesi-tok-fogantyu-haa101\/","url":"https:\/\/sxflightcase.com\/hu\/termek\/repulesi-tok-fogantyu-haa101\/","name":"Flight Case Handle HAA101 - https:\/\/sxflightcase.com \ud83d\udc97","isPartOf":{"@id":"https:\/\/sxflightcase.com\/th\/#website"},"primaryImageOfPage":{"@id":"https:\/\/sxflightcase.com\/hu\/termek\/repulesi-tok-fogantyu-haa101\/#primaryimage"},"image":{"@id":"https:\/\/sxflightcase.com\/hu\/termek\/repulesi-tok-fogantyu-haa101\/#primaryimage"},"thumbnailUrl":"https:\/\/sxflightcase.com\/wp-content\/uploads\/2024\/08\/HAA101.jpg","datePublished":"2024-08-08T06:22:13+00:00","dateModified":"2024-08-08T06:22:14+00:00","description":"Flightcase-Griff, direkt ab Werk! Hochwertige, langlebige Griffe f\u00fcr den sicheren und bequemen Transport von Flightcases. Perfekt f\u00fcr Profis und Vielreisende.","breadcrumb":{"@id":"https:\/\/sxflightcase.com\/hu\/termek\/repulesi-tok-fogantyu-haa101\/#breadcrumb"},"inLanguage":"de","potentialAction":[{"@type":"ReadAction","target":["https:\/\/sxflightcase.com\/hu\/termek\/repulesi-tok-fogantyu-haa101\/"]}]},{"@type":"ImageObject","inLanguage":"de","@id":"https:\/\/sxflightcase.com\/hu\/termek\/repulesi-tok-fogantyu-haa101\/#primaryimage","url":"https:\/\/sxflightcase.com\/wp-content\/uploads\/2024\/08\/HAA101.jpg","contentUrl":"https:\/\/sxflightcase.com\/wp-content\/uploads\/2024\/08\/HAA101.jpg","width":700,"height":700,"caption":"flight case handle"},{"@type":"BreadcrumbList","@id":"https:\/\/sxflightcase.com\/hu\/termek\/repulesi-tok-fogantyu-haa101\/#breadcrumb","itemListElement":[{"@type":"ListItem","position":1,"name":"Home","item":"https:\/\/sxflightcase.com\/"},{"@type":"ListItem","position":2,"name":"\u0e2a\u0e34\u0e19\u0e04\u0e49\u0e32","item":"https:\/\/sxflightcase.com\/th\/shop\/"},{"@type":"ListItem","position":3,"name":"Flight Case Handle HAA101"}]},{"@type":"WebSite","@id":"https:\/\/sxflightcase.com\/th\/#website","url":"https:\/\/sxflightcase.com\/th\/","name":"www.sxpowercase.com","description":"Flight Case Fabrik","publisher":{"@id":"https:\/\/sxflightcase.com\/th\/#organization"},"potentialAction":[{"@type":"SearchAction","target":{"@type":"EntryPoint","urlTemplate":"https:\/\/sxflightcase.com\/th\/?s={search_term_string}"},"query-input":{"@type":"PropertyValueSpecification","valueRequired":true,"valueName":"search_term_string"}}],"inLanguage":"de"},{"@type":"Organization","@id":"https:\/\/sxflightcase.com\/th\/#organization","name":"www.sxpowercase.com","url":"https:\/\/sxflightcase.com\/th\/","logo":{"@type":"ImageObject","inLanguage":"de","@id":"https:\/\/sxflightcase.com\/th\/#\/schema\/logo\/image\/","url":"https:\/\/sxflightcase.com\/wp-content\/uploads\/2024\/04\/1713919036007.jpg","contentUrl":"https:\/\/sxflightcase.com\/wp-content\/uploads\/2024\/04\/1713919036007.jpg","width":382,"height":388,"caption":"sxpowercase.com"},"image":{"@id":"https:\/\/sxflightcase.com\/th\/#\/schema\/logo\/image\/"},"sameAs":["https:\/\/www.facebook.com\/profile.php?id=61560407257971"],"numberOfEmployees":{"@type":"QuantitativeValue","minValue":"11","maxValue":"50"}}]}},"_links":{"self":[{"href":"https:\/\/sxflightcase.com\/de\/wp-json\/wp\/v2\/product\/4007","targetHints":{"allow":["GET"]}}],"collection":[{"href":"https:\/\/sxflightcase.com\/de\/wp-json\/wp\/v2\/product"}],"about":[{"href":"https:\/\/sxflightcase.com\/de\/wp-json\/wp\/v2\/types\/product"}],"replies":[{"embeddable":true,"href":"https:\/\/sxflightcase.com\/de\/wp-json\/wp\/v2\/comments?post=4007"}],"version-history":[{"count":0,"href":"https:\/\/sxflightcase.com\/de\/wp-json\/wp\/v2\/product\/4007\/revisions"}],"wp:featuredmedia":[{"embeddable":true,"href":"https:\/\/sxflightcase.com\/de\/wp-json\/wp\/v2\/media\/4022"}],"wp:attachment":[{"href":"https:\/\/sxflightcase.com\/de\/wp-json\/wp\/v2\/media?parent=4007"}],"wp:term":[{"taxonomy":"product_brand","embeddable":true,"href":"https:\/\/sxflightcase.com\/de\/wp-json\/wp\/v2\/product_brand?post=4007"},{"taxonomy":"product_cat","embeddable":true,"href":"https:\/\/sxflightcase.com\/de\/wp-json\/wp\/v2\/product_cat?post=4007"},{"taxonomy":"product_tag","embeddable":true,"href":"https:\/\/sxflightcase.com\/de\/wp-json\/wp\/v2\/product_tag?post=4007"}],"curies":[{"name":"wp","href":"https:\/\/api.w.org\/{rel}","templated":true}]}}