{"id":4036,"date":"2024-08-08T07:27:48","date_gmt":"2024-08-08T06:27:48","guid":{"rendered":"https:\/\/sxpowercase.com\/?post_type=product&#038;p=4036"},"modified":"2024-08-08T07:27:49","modified_gmt":"2024-08-08T06:27:49","slug":"road-case-handles-haa201","status":"publish","type":"product","link":"https:\/\/sxflightcase.com\/de\/produkt\/strasenkoffergriffe-haa201-2\/","title":{"rendered":"Roadcase-Griffe HAA201"},"content":{"rendered":"<h3>Entdecken Sie die ultimative Qualit\u00e4t mit den Road Case Griffen von SX<\/h3>\n<h4>Erschwingliche Direktpreise ab Werk<\/h4>\n<p>SX bringt Ihnen hochwertige <strong>Griffe f\u00fcr Stra\u00dfenkoffer<\/strong> zu unschlagbaren Direktpreisen. Durch den Wegfall von Zwischenh\u00e4ndlern stellen wir sicher, dass Sie erstklassige Produkte zu niedrigen Preisen erhalten. Durch unseren Direktvertrieb k\u00f6nnen wir Ihnen ein au\u00dfergew\u00f6hnliches Preis-Leistungs-Verh\u00e4ltnis bieten, ohne Kompromisse bei der Qualit\u00e4t einzugehen.<\/p>\n<h4>Langlebigkeit und Qualit\u00e4tssicherung<\/h4>\n<p>Wenn es darum geht <strong>Griffe f\u00fcr Stra\u00dfenkoffer<\/strong>ist Haltbarkeit der Schl\u00fcssel. Unter <a href=\"https:\/\/sxpowercase.com\/\" target=\"_blank\" rel=\"noopener\" title=\"SX\" data-wpil-monitor-id=\"637\">SX<\/a>Wir stellen sicher, dass jeder Griff aus hochwertigen Materialien hergestellt und strengen Qualit\u00e4tskontrollen unterzogen wird. Unsere Griffe sind so konstruiert, dass sie einer starken Beanspruchung und rauen Bedingungen standhalten und eine lange Lebensdauer und Zuverl\u00e4ssigkeit garantieren.<\/p>\n<h4>Individuelle Anpassung an Ihre Bed\u00fcrfnisse<\/h4>\n<p>Jedes Projekt ist einzigartig, und das gilt auch f\u00fcr Ihre Anforderungen. SX bietet Anpassungsm\u00f6glichkeiten f\u00fcr unsere <strong>Griffe f\u00fcr Stra\u00dfenkoffer<\/strong>. Ganz gleich, ob Sie bestimmte Gr\u00f6\u00dfen, Designs oder Materialien ben\u00f6tigen, wir k\u00f6nnen unsere Griffe genau auf Ihre Bed\u00fcrfnisse zuschneiden. Ma\u00dfgeschneiderte Griffe sorgen f\u00fcr perfekte Kompatibilit\u00e4t und verbessern die Nutzbarkeit Ihrer Stra\u00dfenkoffer.<\/p>\n<h4>Zuverl\u00e4ssige Leistung in jeder Umgebung<\/h4>\n<p>SXs <strong>Griffe f\u00fcr Stra\u00dfenkoffer<\/strong> sind f\u00fcr eine zuverl\u00e4ssige Leistung in jeder Umgebung ausgelegt. Ganz gleich, ob Sie empfindliche Ger\u00e4te oder schwere Ausr\u00fcstung handhaben, unsere Griffe bieten einen sicheren und bequemen Halt. Die robuste Konstruktion sorgt daf\u00fcr, dass sie h\u00e4ufigem Gebrauch und harter Handhabung standhalten, was sie ideal f\u00fcr professionelle Anwendungen macht.<\/p>\n<h4>Warum SX w\u00e4hlen?<\/h4>\n<p>Wenn Sie sich f\u00fcr SX entscheiden, entscheiden Sie sich f\u00fcr eine Marke, die f\u00fcr ihr Engagement f\u00fcr Qualit\u00e4t und Zuverl\u00e4ssigkeit bekannt ist. Unser <strong>Griffe f\u00fcr Stra\u00dfenkoffer<\/strong> werden mit viel Liebe zum Detail gefertigt und erf\u00fcllen strenge Standards, um Ihnen das beste Produkt zu bieten. Wir sind bestrebt, Funktionalit\u00e4t, Langlebigkeit und Erschwinglichkeit in unseren Angeboten zu kombinieren.<\/p>\n<h4>Kompetenter Support und Service<\/h4>\n<p>SX ist nicht nur ein Lieferant, sondern ein Partner f\u00fcr Ihren Erfolg. Unser Expertenteam steht Ihnen bei allen Fragen zur Seite und ber\u00e4t Sie bei der Auswahl der besten Griffl\u00f6sungen f\u00fcr Ihren Bedarf. Ob Sie einen einzelnen <strong>Griff f\u00fcr Stra\u00dfenkoffer<\/strong> oder eine Gro\u00dfbestellung, wir sorgen daf\u00fcr, dass Sie genau das bekommen, was Sie brauchen, und das mit einem schnellen und zuverl\u00e4ssigen Service.<\/p>\n<h4>Stilvoll und funktionell<\/h4>\n<p>SXs <strong>Griffe f\u00fcr Stra\u00dfenkoffer<\/strong> sind sowohl stilvoll als auch funktionell gestaltet. Das schlanke Design und die hochwertige Verarbeitung verleihen jedem Stra\u00dfenkoffer einen professionellen Touch. Vertrauen Sie darauf, dass SX Griffe liefert, die nicht nur praktisch, sondern auch \u00e4sthetisch ansprechend sind und das Gesamtbild Ihrer Koffer aufwerten.<\/p>\n<h4>Kontaktieren Sie SX noch heute<\/h4>\n<p>Entdecken Sie unser Angebot an <strong>Griffe f\u00fcr Stra\u00dfenkoffer<\/strong> und sehen Sie, wie SX Ihnen hochwertige, erschwingliche und ma\u00dfgeschneiderte L\u00f6sungen f\u00fcr alle Ihre Anforderungen an Stra\u00dfenkoffer bieten kann. Bei SX erhalten Sie die Gewissheit von Direktpreisen, garantierter Qualit\u00e4t und einem ma\u00dfgeschneiderten Service, der Ihre speziellen Anforderungen erf\u00fcllt.<\/p>\n<p>Jetzt kontaktieren:<span style=\"color: #0000ff;\"><a style=\"color: #0000ff;\" href=\"https:\/\/sxpowercase.com\/contact-us\/\">https:\/\/sxpowercase.com\/<\/a><\/span><\/p>\n<p>Hardware-Produktkatalog:<span style=\"color: #3366ff;\"><a style=\"color: #3366ff;\" href=\"https:\/\/sxpowercase.com\/wp-content\/uploads\/2024\/07\/\u4e94\u91d1.pdf\">Hardware-Zubeh\u00f6rkatalog<\/a><\/span><\/p>","protected":false},"excerpt":{"rendered":"<h3>Erschwingliche, hochqualitative Stra\u00dfenkoffergriffe<\/h3>\n<p>SX bietet erstklassige Stra\u00dfenkoffergriffe zu Direktpreisen an und garantiert so erstklassige Produkte zu einem unschlagbaren Preis.<\/p>\n<h3>Langlebige und anpassbare L\u00f6sungen<\/h3>\n<p>Unsere Griffe werden aus hochwertigen Materialien hergestellt, streng auf ihre Haltbarkeit gepr\u00fcft und k\u00f6nnen an Ihre speziellen Bed\u00fcrfnisse angepasst werden.<\/p>\n<h3>Stilvolle und zuverl\u00e4ssige Leistung<\/h3>\n<p>Die SX Road Case Griffe kombinieren eine robuste Konstruktion mit einem schlanken Design und bieten sichere und komfortable Griffe f\u00fcr den professionellen Einsatz.<\/p>","protected":false},"featured_media":4023,"comment_status":"open","ping_status":"closed","template":"","meta":[],"product_brand":[],"product_cat":[62],"product_tag":[],"class_list":{"0":"post-4036","1":"product","2":"type-product","3":"status-publish","4":"has-post-thumbnail","6":"product_cat-handles","8":"first","9":"instock","10":"shipping-taxable","11":"product-type-simple"},"yoast_head":"<!-- This site is optimized with the Yoast SEO Premium plugin v27.1 (Yoast SEO v27.2) - https:\/\/yoast.com\/product\/yoast-seo-premium-wordpress\/ -->\n<title>Road Case Handles HAA201 - https:\/\/sxflightcase.com \ud83d\udc97<\/title>\n<meta name=\"description\" content=\"Road case handles, factory direct! High-quality, durable handles for secure and comfortable transport of road cases. Ideal for professionals and frequent travelers.\" \/>\n<meta name=\"robots\" content=\"index, follow, max-snippet:-1, max-image-preview:large, max-video-preview:-1\" \/>\n<link rel=\"canonical\" href=\"https:\/\/sxflightcase.com\/de\/\u0e1c\u0e25\u0e34\u0e15\u0e20\u0e31\u0e13\u0e11\u0e4c\/road-case-handles-haa201\/\" \/>\n<meta property=\"og:locale\" content=\"de_DE\" \/>\n<meta property=\"og:type\" content=\"article\" \/>\n<meta property=\"og:title\" content=\"Road Case Handles HAA201\" \/>\n<meta property=\"og:description\" content=\"Road case handles, factory direct! High-quality, durable handles for secure and comfortable transport of road cases. Ideal for professionals and frequent travelers.\" \/>\n<meta property=\"og:url\" content=\"https:\/\/sxflightcase.com\/de\/\u0e1c\u0e25\u0e34\u0e15\u0e20\u0e31\u0e13\u0e11\u0e4c\/road-case-handles-haa201\/\" \/>\n<meta property=\"og:site_name\" content=\"https:\/\/sxflightcase.com\" \/>\n<meta property=\"article:publisher\" content=\"https:\/\/www.facebook.com\/profile.php?id=61560407257971\" \/>\n<meta property=\"article:modified_time\" content=\"2024-08-08T06:27:49+00:00\" \/>\n<meta property=\"og:image\" content=\"https:\/\/sxflightcase.com\/wp-content\/uploads\/2024\/08\/HAA201.jpg\" \/>\n\t<meta property=\"og:image:width\" content=\"700\" \/>\n\t<meta property=\"og:image:height\" content=\"700\" \/>\n\t<meta property=\"og:image:type\" content=\"image\/jpeg\" \/>\n<meta name=\"twitter:card\" content=\"summary_large_image\" \/>\n<meta name=\"twitter:label1\" content=\"Gesch\u00e4tzte Lesezeit\" \/>\n\t<meta name=\"twitter:data1\" content=\"3\u00a0Minuten\" \/>\n<script type=\"application\/ld+json\" class=\"yoast-schema-graph\">{\"@context\":\"https:\/\/schema.org\",\"@graph\":[{\"@type\":\"WebPage\",\"@id\":\"https:\/\/sxflightcase.com\/th\/\u0e1c\u0e25\u0e34\u0e15\u0e20\u0e31\u0e13\u0e11\u0e4c\/road-case-handles-haa201\/\",\"url\":\"https:\/\/sxflightcase.com\/th\/\u0e1c\u0e25\u0e34\u0e15\u0e20\u0e31\u0e13\u0e11\u0e4c\/road-case-handles-haa201\/\",\"name\":\"Road Case Handles HAA201 - https:\/\/sxflightcase.com \ud83d\udc97\",\"isPartOf\":{\"@id\":\"https:\/\/sxflightcase.com\/th\/#website\"},\"primaryImageOfPage\":{\"@id\":\"https:\/\/sxflightcase.com\/th\/\u0e1c\u0e25\u0e34\u0e15\u0e20\u0e31\u0e13\u0e11\u0e4c\/road-case-handles-haa201\/#primaryimage\"},\"image\":{\"@id\":\"https:\/\/sxflightcase.com\/th\/\u0e1c\u0e25\u0e34\u0e15\u0e20\u0e31\u0e13\u0e11\u0e4c\/road-case-handles-haa201\/#primaryimage\"},\"thumbnailUrl\":\"https:\/\/sxflightcase.com\/wp-content\/uploads\/2024\/08\/HAA201.jpg\",\"datePublished\":\"2024-08-08T06:27:48+00:00\",\"dateModified\":\"2024-08-08T06:27:49+00:00\",\"description\":\"Road case handles, factory direct! High-quality, durable handles for secure and comfortable transport of road cases. Ideal for professionals and frequent travelers.\",\"breadcrumb\":{\"@id\":\"https:\/\/sxflightcase.com\/th\/\u0e1c\u0e25\u0e34\u0e15\u0e20\u0e31\u0e13\u0e11\u0e4c\/road-case-handles-haa201\/#breadcrumb\"},\"inLanguage\":\"de\",\"potentialAction\":[{\"@type\":\"ReadAction\",\"target\":[\"https:\/\/sxflightcase.com\/th\/\u0e1c\u0e25\u0e34\u0e15\u0e20\u0e31\u0e13\u0e11\u0e4c\/road-case-handles-haa201\/\"]}]},{\"@type\":\"ImageObject\",\"inLanguage\":\"de\",\"@id\":\"https:\/\/sxflightcase.com\/th\/\u0e1c\u0e25\u0e34\u0e15\u0e20\u0e31\u0e13\u0e11\u0e4c\/road-case-handles-haa201\/#primaryimage\",\"url\":\"https:\/\/sxflightcase.com\/wp-content\/uploads\/2024\/08\/HAA201.jpg\",\"contentUrl\":\"https:\/\/sxflightcase.com\/wp-content\/uploads\/2024\/08\/HAA201.jpg\",\"width\":700,\"height\":700,\"caption\":\"road case handles\"},{\"@type\":\"BreadcrumbList\",\"@id\":\"https:\/\/sxflightcase.com\/th\/\u0e1c\u0e25\u0e34\u0e15\u0e20\u0e31\u0e13\u0e11\u0e4c\/road-case-handles-haa201\/#breadcrumb\",\"itemListElement\":[{\"@type\":\"ListItem\",\"position\":1,\"name\":\"Home\",\"item\":\"https:\/\/sxflightcase.com\/\"},{\"@type\":\"ListItem\",\"position\":2,\"name\":\"\u0e2a\u0e34\u0e19\u0e04\u0e49\u0e32\",\"item\":\"https:\/\/sxflightcase.com\/th\/shop\/\"},{\"@type\":\"ListItem\",\"position\":3,\"name\":\"Road Case Handles HAA201\"}]},{\"@type\":\"WebSite\",\"@id\":\"https:\/\/sxflightcase.com\/th\/#website\",\"url\":\"https:\/\/sxflightcase.com\/th\/\",\"name\":\"sxpowercase.com\",\"description\":\"Flight Case Factory\",\"publisher\":{\"@id\":\"https:\/\/sxflightcase.com\/th\/#organization\"},\"potentialAction\":[{\"@type\":\"SearchAction\",\"target\":{\"@type\":\"EntryPoint\",\"urlTemplate\":\"https:\/\/sxflightcase.com\/th\/?s={search_term_string}\"},\"query-input\":{\"@type\":\"PropertyValueSpecification\",\"valueRequired\":true,\"valueName\":\"search_term_string\"}}],\"inLanguage\":\"de\"},{\"@type\":\"Organization\",\"@id\":\"https:\/\/sxflightcase.com\/th\/#organization\",\"name\":\"sxpowercase.com\",\"url\":\"https:\/\/sxflightcase.com\/th\/\",\"logo\":{\"@type\":\"ImageObject\",\"inLanguage\":\"de\",\"@id\":\"https:\/\/sxflightcase.com\/th\/#\/schema\/logo\/image\/\",\"url\":\"https:\/\/sxflightcase.com\/wp-content\/uploads\/2024\/04\/1713919036007.jpg\",\"contentUrl\":\"https:\/\/sxflightcase.com\/wp-content\/uploads\/2024\/04\/1713919036007.jpg\",\"width\":382,\"height\":388,\"caption\":\"sxpowercase.com\"},\"image\":{\"@id\":\"https:\/\/sxflightcase.com\/th\/#\/schema\/logo\/image\/\"},\"sameAs\":[\"https:\/\/www.facebook.com\/profile.php?id=61560407257971\"],\"numberOfEmployees\":{\"@type\":\"QuantitativeValue\",\"minValue\":\"11\",\"maxValue\":\"50\"}}]}<\/script>\n<!-- \/ Yoast SEO Premium plugin. -->","yoast_head_json":{"title":"Road Case Handles HAA201 - https:\/\/sxflightcase.com \ud83d\udc97","description":"Koffergriffe, direkt ab Werk! Hochwertige, robuste Griffe f\u00fcr den sicheren und bequemen Transport von Koffern. Ideal f\u00fcr Profis und Vielreisende.","robots":{"index":"index","follow":"follow","max-snippet":"max-snippet:-1","max-image-preview":"max-image-preview:large","max-video-preview":"max-video-preview:-1"},"canonical":"https:\/\/sxflightcase.com\/de\/\u0e1c\u0e25\u0e34\u0e15\u0e20\u0e31\u0e13\u0e11\u0e4c\/road-case-handles-haa201\/","og_locale":"de_DE","og_type":"article","og_title":"Road Case Handles HAA201","og_description":"Road case handles, factory direct! High-quality, durable handles for secure and comfortable transport of road cases. Ideal for professionals and frequent travelers.","og_url":"https:\/\/sxflightcase.com\/de\/\u0e1c\u0e25\u0e34\u0e15\u0e20\u0e31\u0e13\u0e11\u0e4c\/road-case-handles-haa201\/","og_site_name":"https:\/\/sxflightcase.com","article_publisher":"https:\/\/www.facebook.com\/profile.php?id=61560407257971","article_modified_time":"2024-08-08T06:27:49+00:00","og_image":[{"width":700,"height":700,"url":"https:\/\/sxflightcase.com\/wp-content\/uploads\/2024\/08\/HAA201.jpg","type":"image\/jpeg"}],"twitter_card":"summary_large_image","twitter_misc":{"Gesch\u00e4tzte Lesezeit":"3\u00a0Minuten"},"schema":{"@context":"https:\/\/schema.org","@graph":[{"@type":"WebPage","@id":"https:\/\/sxflightcase.com\/th\/\u0e1c\u0e25\u0e34\u0e15\u0e20\u0e31\u0e13\u0e11\u0e4c\/road-case-handles-haa201\/","url":"https:\/\/sxflightcase.com\/th\/\u0e1c\u0e25\u0e34\u0e15\u0e20\u0e31\u0e13\u0e11\u0e4c\/road-case-handles-haa201\/","name":"Road Case Handles HAA201 - https:\/\/sxflightcase.com \ud83d\udc97","isPartOf":{"@id":"https:\/\/sxflightcase.com\/th\/#website"},"primaryImageOfPage":{"@id":"https:\/\/sxflightcase.com\/th\/\u0e1c\u0e25\u0e34\u0e15\u0e20\u0e31\u0e13\u0e11\u0e4c\/road-case-handles-haa201\/#primaryimage"},"image":{"@id":"https:\/\/sxflightcase.com\/th\/\u0e1c\u0e25\u0e34\u0e15\u0e20\u0e31\u0e13\u0e11\u0e4c\/road-case-handles-haa201\/#primaryimage"},"thumbnailUrl":"https:\/\/sxflightcase.com\/wp-content\/uploads\/2024\/08\/HAA201.jpg","datePublished":"2024-08-08T06:27:48+00:00","dateModified":"2024-08-08T06:27:49+00:00","description":"Koffergriffe, direkt ab Werk! Hochwertige, robuste Griffe f\u00fcr den sicheren und bequemen Transport von Koffern. Ideal f\u00fcr Profis und Vielreisende.","breadcrumb":{"@id":"https:\/\/sxflightcase.com\/th\/\u0e1c\u0e25\u0e34\u0e15\u0e20\u0e31\u0e13\u0e11\u0e4c\/road-case-handles-haa201\/#breadcrumb"},"inLanguage":"de","potentialAction":[{"@type":"ReadAction","target":["https:\/\/sxflightcase.com\/th\/\u0e1c\u0e25\u0e34\u0e15\u0e20\u0e31\u0e13\u0e11\u0e4c\/road-case-handles-haa201\/"]}]},{"@type":"ImageObject","inLanguage":"de","@id":"https:\/\/sxflightcase.com\/th\/\u0e1c\u0e25\u0e34\u0e15\u0e20\u0e31\u0e13\u0e11\u0e4c\/road-case-handles-haa201\/#primaryimage","url":"https:\/\/sxflightcase.com\/wp-content\/uploads\/2024\/08\/HAA201.jpg","contentUrl":"https:\/\/sxflightcase.com\/wp-content\/uploads\/2024\/08\/HAA201.jpg","width":700,"height":700,"caption":"road case handles"},{"@type":"BreadcrumbList","@id":"https:\/\/sxflightcase.com\/th\/\u0e1c\u0e25\u0e34\u0e15\u0e20\u0e31\u0e13\u0e11\u0e4c\/road-case-handles-haa201\/#breadcrumb","itemListElement":[{"@type":"ListItem","position":1,"name":"Home","item":"https:\/\/sxflightcase.com\/"},{"@type":"ListItem","position":2,"name":"\u0e2a\u0e34\u0e19\u0e04\u0e49\u0e32","item":"https:\/\/sxflightcase.com\/th\/shop\/"},{"@type":"ListItem","position":3,"name":"Road Case Handles HAA201"}]},{"@type":"WebSite","@id":"https:\/\/sxflightcase.com\/th\/#website","url":"https:\/\/sxflightcase.com\/th\/","name":"www.sxpowercase.com","description":"Flight Case Fabrik","publisher":{"@id":"https:\/\/sxflightcase.com\/th\/#organization"},"potentialAction":[{"@type":"SearchAction","target":{"@type":"EntryPoint","urlTemplate":"https:\/\/sxflightcase.com\/th\/?s={search_term_string}"},"query-input":{"@type":"PropertyValueSpecification","valueRequired":true,"valueName":"search_term_string"}}],"inLanguage":"de"},{"@type":"Organization","@id":"https:\/\/sxflightcase.com\/th\/#organization","name":"www.sxpowercase.com","url":"https:\/\/sxflightcase.com\/th\/","logo":{"@type":"ImageObject","inLanguage":"de","@id":"https:\/\/sxflightcase.com\/th\/#\/schema\/logo\/image\/","url":"https:\/\/sxflightcase.com\/wp-content\/uploads\/2024\/04\/1713919036007.jpg","contentUrl":"https:\/\/sxflightcase.com\/wp-content\/uploads\/2024\/04\/1713919036007.jpg","width":382,"height":388,"caption":"sxpowercase.com"},"image":{"@id":"https:\/\/sxflightcase.com\/th\/#\/schema\/logo\/image\/"},"sameAs":["https:\/\/www.facebook.com\/profile.php?id=61560407257971"],"numberOfEmployees":{"@type":"QuantitativeValue","minValue":"11","maxValue":"50"}}]}},"_links":{"self":[{"href":"https:\/\/sxflightcase.com\/de\/wp-json\/wp\/v2\/product\/4036","targetHints":{"allow":["GET"]}}],"collection":[{"href":"https:\/\/sxflightcase.com\/de\/wp-json\/wp\/v2\/product"}],"about":[{"href":"https:\/\/sxflightcase.com\/de\/wp-json\/wp\/v2\/types\/product"}],"replies":[{"embeddable":true,"href":"https:\/\/sxflightcase.com\/de\/wp-json\/wp\/v2\/comments?post=4036"}],"version-history":[{"count":0,"href":"https:\/\/sxflightcase.com\/de\/wp-json\/wp\/v2\/product\/4036\/revisions"}],"wp:featuredmedia":[{"embeddable":true,"href":"https:\/\/sxflightcase.com\/de\/wp-json\/wp\/v2\/media\/4023"}],"wp:attachment":[{"href":"https:\/\/sxflightcase.com\/de\/wp-json\/wp\/v2\/media?parent=4036"}],"wp:term":[{"taxonomy":"product_brand","embeddable":true,"href":"https:\/\/sxflightcase.com\/de\/wp-json\/wp\/v2\/product_brand?post=4036"},{"taxonomy":"product_cat","embeddable":true,"href":"https:\/\/sxflightcase.com\/de\/wp-json\/wp\/v2\/product_cat?post=4036"},{"taxonomy":"product_tag","embeddable":true,"href":"https:\/\/sxflightcase.com\/de\/wp-json\/wp\/v2\/product_tag?post=4036"}],"curies":[{"name":"wp","href":"https:\/\/api.w.org\/{rel}","templated":true}]}}