{"id":4037,"date":"2024-08-08T08:56:30","date_gmt":"2024-08-08T07:56:30","guid":{"rendered":"https:\/\/sxpowercase.com\/?post_type=product&#038;p=4037"},"modified":"2024-08-08T08:56:31","modified_gmt":"2024-08-08T07:56:31","slug":"hardware-handle-haa202","status":"publish","type":"product","link":"https:\/\/sxflightcase.com\/de\/produkt\/hardware-griff-haa202-2\/","title":{"rendered":"Hardware-Griff HAA202"},"content":{"rendered":"<h3>Erh\u00f6hen Sie Ihre Projekte mit dem Premium-Hardware-Griff von SX<\/h3>\n<h4>Unerreichte Qualit\u00e4t zu Direktpreisen ab Werk<\/h4>\n<p>Wir bei SX glauben, dass Spitzenqualit\u00e4t <strong>Hardware-Griff<\/strong>\u00a0sollte nicht mit einem saftigen Preisschild einhergehen. Mit unseren Direktpreisen k\u00f6nnen wir die Zwischenh\u00e4ndler ausschalten und unseren Kunden erstklassige Griffe zu deutlich niedrigeren Kosten anbieten. Dieser Ansatz gew\u00e4hrleistet, dass Sie einen au\u00dfergew\u00f6hnlichen Wert erhalten, ohne Abstriche bei der Qualit\u00e4t machen zu m\u00fcssen.<\/p>\n<h4>Robuste und verl\u00e4ssliche Konstruktion<\/h4>\n<p>Langlebigkeit ist ein wesentlicher Faktor, wenn es um <strong>Hardware Griffe<\/strong>. <a href=\"https:\/\/sxpowercase.com\/\" target=\"_blank\" rel=\"noopener\" title=\"SX\" data-wpil-monitor-id=\"638\">SX<\/a> hat sich der Herstellung von Griffen verschrieben, die dem Test der Zeit standhalten. Jeder Griff wird aus hochwertigen Materialien gefertigt, die eine robuste Konstruktion und zuverl\u00e4ssige Leistung gew\u00e4hrleisten. Unsere Griffe sind f\u00fcr eine starke Beanspruchung ausgelegt und bieten eine lange Lebensdauer, auf die Sie sich verlassen k\u00f6nnen.<\/p>\n<h4>Ma\u00dfgeschneiderte L\u00f6sungen f\u00fcr Ihre einzigartigen Bed\u00fcrfnisse<\/h4>\n<p>Jedes Projekt ist anders, und SX wei\u00df, dass ma\u00dfgeschneiderte L\u00f6sungen gefragt sind. Unser <strong>Hardware Griffe<\/strong> k\u00f6nnen auf Ihre speziellen Anforderungen zugeschnitten werden. Ganz gleich, ob Sie eine bestimmte Gr\u00f6\u00dfe, Form oder ein bestimmtes Material ben\u00f6tigen, wir bieten Ihnen Anpassungsm\u00f6glichkeiten, um eine perfekte Passform zu gew\u00e4hrleisten. Diese Flexibilit\u00e4t sorgt daf\u00fcr, dass sich unsere Griffe nahtlos in Ihre Projekte einf\u00fcgen.<\/p>\n<h4>Hervorragende Qualit\u00e4tssicherung<\/h4>\n<p>SX ist bestrebt, qualitativ hochwertige Produkte zu liefern. Unser <strong>Hardware Griffe<\/strong> werden strengen Qualit\u00e4tskontrollverfahren unterzogen, um zu gew\u00e4hrleisten, dass sie den h\u00f6chsten Standards entsprechen. Diese Verpflichtung zur Qualit\u00e4tssicherung bedeutet, dass Sie sich darauf verlassen k\u00f6nnen, dass unsere Griffe bei jeder Anwendung hervorragende Leistungen erbringen.<\/p>\n<h4>Stilvolle und funktionelle Designs<\/h4>\n<p>SX kombiniert Stil und Funktionalit\u00e4t in unserem <strong>Hardware Griffe<\/strong>. Jeder Griff ist nicht nur praktisch und einfach zu bedienen, sondern bietet auch ein attraktives Design, das das Gesamtbild Ihrer Projekte aufwertet. Mit SX erhalten Sie Griffe, die sowohl \u00e4sthetisch ansprechend als auch funktional sind.<\/p>\n<h4>Umfassende Kundenbetreuung<\/h4>\n<p>Wenn Sie sich f\u00fcr SX entscheiden, gehen Sie eine Partnerschaft mit einer Marke ein, bei der Ihr Erfolg an erster Stelle steht. Unser Expertenteam ist immer bereit, Ihnen bei allen Fragen und Anliegen zu helfen. Egal, ob Sie Beratung bei der Auswahl des richtigen <strong>Hardware-Griff<\/strong> oder Unterst\u00fctzung bei Ihrer Bestellung ben\u00f6tigen, sind wir f\u00fcr Sie da und helfen Ihnen bei jedem Schritt.<\/p>\n<h4>Breite Palette von Anwendungen<\/h4>\n<p>SXs <strong>Hardware Griffe<\/strong> sind vielseitig und eignen sich f\u00fcr eine breite Palette von Anwendungen. Von M\u00f6beln bis hin zu Industrieanlagen bieten unsere Griffe die perfekte L\u00f6sung f\u00fcr jedes Projekt. Ihre robuste Konstruktion und zuverl\u00e4ssige Leistung machen sie zur idealen Wahl f\u00fcr Profis und Heimwerker gleicherma\u00dfen.<\/p>\n<h4>Warum SX w\u00e4hlen?<\/h4>\n<p>SX zeichnet sich durch sein Engagement f\u00fcr Qualit\u00e4t, Erschwinglichkeit und Kundenzufriedenheit aus. Unser <strong>Hardware Griffe<\/strong> spiegeln unser Engagement f\u00fcr Spitzenleistungen wider und bieten Ihnen das Beste an Design, Haltbarkeit und Funktionalit\u00e4t. Wenn Sie sich f\u00fcr SX entscheiden, investieren Sie in Produkte, die den Wert und die Leistung Ihrer Projekte steigern.<\/p>\n<h4>Kontaktieren Sie SX noch heute<\/h4>\n<p>Entdecken Sie unser umfangreiches Angebot an <strong>Hardware Griffe<\/strong> und entdecken Sie, wie SX alle Ihre Anforderungen an Griffe mit hochwertigen, erschwinglichen und anpassbaren L\u00f6sungen erf\u00fcllen kann. Vertrauen Sie SX, wenn es um Direktpreise, garantierte Qualit\u00e4t und au\u00dfergew\u00f6hnlichen, auf Ihre Anforderungen zugeschnittenen Service geht. Setzen Sie sich noch heute mit uns in Verbindung, um die perfekten Griffe f\u00fcr Ihr n\u00e4chstes Projekt zu finden.<\/p>\n<p>Jetzt kontaktieren:<span style=\"color: #0000ff;\"><a style=\"color: #0000ff;\" href=\"https:\/\/sxpowercase.com\/contact-us\/\">https:\/\/sxpowercase.com\/<\/a><\/span><\/p>\n<p>Hardware-Produktkatalog:<span style=\"color: #3366ff;\"><a style=\"color: #3366ff;\" href=\"https:\/\/sxpowercase.com\/wp-content\/uploads\/2024\/07\/\u4e94\u91d1.pdf\">Hardware-Zubeh\u00f6rkatalog<\/a><\/span><\/p>","protected":false},"excerpt":{"rendered":"<h3>SX Hardware Griffe: Qualit\u00e4t zu Fabrik-Direktpreisen<\/h3>\n<p>Holen Sie sich hochwertige Hardware-Griffe ohne den hohen Preis. Unsere Direktpreise garantieren einen au\u00dfergew\u00f6hnlichen Wert, ohne Kompromisse bei der Qualit\u00e4t einzugehen.<\/p>\n<h3>Langlebige und anpassbare L\u00f6sungen<\/h3>\n<p>Die Griffe von SX Hardware sind aus hochwertigen Materialien gefertigt und bieten eine robuste Konstruktion und zuverl\u00e4ssige Leistung. Passen Sie sie an Ihre speziellen Projektanforderungen an.<\/p>\n<h3>Stilvoll, funktional und unterst\u00fctzt<\/h3>\n<p>Unsere Griffe vereinen Stil und Funktionalit\u00e4t und werden von einem umfassenden Kundendienst unterst\u00fctzt. Sie sind ideal f\u00fcr verschiedene Anwendungen und verbessern sowohl das Aussehen als auch die Leistung Ihrer Projekte.<\/p>","protected":false},"featured_media":4024,"comment_status":"open","ping_status":"closed","template":"","meta":[],"product_brand":[],"product_cat":[62],"product_tag":[],"class_list":{"0":"post-4037","1":"product","2":"type-product","3":"status-publish","4":"has-post-thumbnail","6":"product_cat-handles","8":"first","9":"instock","10":"shipping-taxable","11":"product-type-simple"},"yoast_head":"<!-- This site is optimized with the Yoast SEO Premium plugin v27.1 (Yoast SEO v27.2) - https:\/\/yoast.com\/product\/yoast-seo-premium-wordpress\/ -->\n<title>Hardware Handle HAA202 - https:\/\/sxflightcase.com \ud83d\udc97<\/title>\n<meta name=\"description\" content=\"Hardware handle, factory direct! High-quality, durable handles for various applications. Ideal for cabinets, cases, and equipment, ensuring reliable and comfortable use.\" \/>\n<meta name=\"robots\" content=\"index, follow, max-snippet:-1, max-image-preview:large, max-video-preview:-1\" \/>\n<link rel=\"canonical\" href=\"https:\/\/sxflightcase.com\/de\/\u0645\u0646\u062a\u062c\/\u0645\u0642\u0628\u0636-\u0627\u0644\u0623\u062c\u0647\u0632\u0629-haa202-2\/\" \/>\n<meta property=\"og:locale\" content=\"de_DE\" \/>\n<meta property=\"og:type\" content=\"article\" \/>\n<meta property=\"og:title\" content=\"Hardware Handle HAA202\" \/>\n<meta property=\"og:description\" content=\"Hardware handle, factory direct! High-quality, durable handles for various applications. Ideal for cabinets, cases, and equipment, ensuring reliable and comfortable use.\" \/>\n<meta property=\"og:url\" content=\"https:\/\/sxflightcase.com\/de\/\u0645\u0646\u062a\u062c\/\u0645\u0642\u0628\u0636-\u0627\u0644\u0623\u062c\u0647\u0632\u0629-haa202-2\/\" \/>\n<meta property=\"og:site_name\" content=\"https:\/\/sxflightcase.com\" \/>\n<meta property=\"article:publisher\" content=\"https:\/\/www.facebook.com\/profile.php?id=61560407257971\" \/>\n<meta property=\"article:modified_time\" content=\"2024-08-08T07:56:31+00:00\" \/>\n<meta property=\"og:image\" content=\"https:\/\/sxflightcase.com\/wp-content\/uploads\/2024\/08\/HAA202.jpg\" \/>\n\t<meta property=\"og:image:width\" content=\"700\" \/>\n\t<meta property=\"og:image:height\" content=\"700\" \/>\n\t<meta property=\"og:image:type\" content=\"image\/jpeg\" \/>\n<meta name=\"twitter:card\" content=\"summary_large_image\" \/>\n<meta name=\"twitter:label1\" content=\"Gesch\u00e4tzte Lesezeit\" \/>\n\t<meta name=\"twitter:data1\" content=\"3\u00a0Minuten\" \/>\n<script type=\"application\/ld+json\" class=\"yoast-schema-graph\">{\"@context\":\"https:\/\/schema.org\",\"@graph\":[{\"@type\":\"WebPage\",\"@id\":\"https:\/\/sxflightcase.com\/ary\/\u0645\u0646\u062a\u062c\/\u0645\u0642\u0628\u0636-\u0627\u0644\u0623\u062c\u0647\u0632\u0629-haa202-2\/\",\"url\":\"https:\/\/sxflightcase.com\/ary\/\u0645\u0646\u062a\u062c\/\u0645\u0642\u0628\u0636-\u0627\u0644\u0623\u062c\u0647\u0632\u0629-haa202-2\/\",\"name\":\"Hardware Handle HAA202 - https:\/\/sxflightcase.com \ud83d\udc97\",\"isPartOf\":{\"@id\":\"https:\/\/sxflightcase.com\/th\/#website\"},\"primaryImageOfPage\":{\"@id\":\"https:\/\/sxflightcase.com\/ary\/\u0645\u0646\u062a\u062c\/\u0645\u0642\u0628\u0636-\u0627\u0644\u0623\u062c\u0647\u0632\u0629-haa202-2\/#primaryimage\"},\"image\":{\"@id\":\"https:\/\/sxflightcase.com\/ary\/\u0645\u0646\u062a\u062c\/\u0645\u0642\u0628\u0636-\u0627\u0644\u0623\u062c\u0647\u0632\u0629-haa202-2\/#primaryimage\"},\"thumbnailUrl\":\"https:\/\/sxflightcase.com\/wp-content\/uploads\/2024\/08\/HAA202.jpg\",\"datePublished\":\"2024-08-08T07:56:30+00:00\",\"dateModified\":\"2024-08-08T07:56:31+00:00\",\"description\":\"Hardware handle, factory direct! High-quality, durable handles for various applications. Ideal for cabinets, cases, and equipment, ensuring reliable and comfortable use.\",\"breadcrumb\":{\"@id\":\"https:\/\/sxflightcase.com\/ary\/\u0645\u0646\u062a\u062c\/\u0645\u0642\u0628\u0636-\u0627\u0644\u0623\u062c\u0647\u0632\u0629-haa202-2\/#breadcrumb\"},\"inLanguage\":\"de\",\"potentialAction\":[{\"@type\":\"ReadAction\",\"target\":[\"https:\/\/sxflightcase.com\/ary\/\u0645\u0646\u062a\u062c\/\u0645\u0642\u0628\u0636-\u0627\u0644\u0623\u062c\u0647\u0632\u0629-haa202-2\/\"]}]},{\"@type\":\"ImageObject\",\"inLanguage\":\"de\",\"@id\":\"https:\/\/sxflightcase.com\/ary\/\u0645\u0646\u062a\u062c\/\u0645\u0642\u0628\u0636-\u0627\u0644\u0623\u062c\u0647\u0632\u0629-haa202-2\/#primaryimage\",\"url\":\"https:\/\/sxflightcase.com\/wp-content\/uploads\/2024\/08\/HAA202.jpg\",\"contentUrl\":\"https:\/\/sxflightcase.com\/wp-content\/uploads\/2024\/08\/HAA202.jpg\",\"width\":700,\"height\":700,\"caption\":\"hardware handle\"},{\"@type\":\"BreadcrumbList\",\"@id\":\"https:\/\/sxflightcase.com\/ary\/\u0645\u0646\u062a\u062c\/\u0645\u0642\u0628\u0636-\u0627\u0644\u0623\u062c\u0647\u0632\u0629-haa202-2\/#breadcrumb\",\"itemListElement\":[{\"@type\":\"ListItem\",\"position\":1,\"name\":\"Home\",\"item\":\"https:\/\/sxflightcase.com\/\"},{\"@type\":\"ListItem\",\"position\":2,\"name\":\"\u0e2a\u0e34\u0e19\u0e04\u0e49\u0e32\",\"item\":\"https:\/\/sxflightcase.com\/th\/shop\/\"},{\"@type\":\"ListItem\",\"position\":3,\"name\":\"Hardware Handle HAA202\"}]},{\"@type\":\"WebSite\",\"@id\":\"https:\/\/sxflightcase.com\/th\/#website\",\"url\":\"https:\/\/sxflightcase.com\/th\/\",\"name\":\"sxpowercase.com\",\"description\":\"Flight Case Factory\",\"publisher\":{\"@id\":\"https:\/\/sxflightcase.com\/th\/#organization\"},\"potentialAction\":[{\"@type\":\"SearchAction\",\"target\":{\"@type\":\"EntryPoint\",\"urlTemplate\":\"https:\/\/sxflightcase.com\/th\/?s={search_term_string}\"},\"query-input\":{\"@type\":\"PropertyValueSpecification\",\"valueRequired\":true,\"valueName\":\"search_term_string\"}}],\"inLanguage\":\"de\"},{\"@type\":\"Organization\",\"@id\":\"https:\/\/sxflightcase.com\/th\/#organization\",\"name\":\"sxpowercase.com\",\"url\":\"https:\/\/sxflightcase.com\/th\/\",\"logo\":{\"@type\":\"ImageObject\",\"inLanguage\":\"de\",\"@id\":\"https:\/\/sxflightcase.com\/th\/#\/schema\/logo\/image\/\",\"url\":\"https:\/\/sxflightcase.com\/wp-content\/uploads\/2024\/04\/1713919036007.jpg\",\"contentUrl\":\"https:\/\/sxflightcase.com\/wp-content\/uploads\/2024\/04\/1713919036007.jpg\",\"width\":382,\"height\":388,\"caption\":\"sxpowercase.com\"},\"image\":{\"@id\":\"https:\/\/sxflightcase.com\/th\/#\/schema\/logo\/image\/\"},\"sameAs\":[\"https:\/\/www.facebook.com\/profile.php?id=61560407257971\"],\"numberOfEmployees\":{\"@type\":\"QuantitativeValue\",\"minValue\":\"11\",\"maxValue\":\"50\"}}]}<\/script>\n<!-- \/ Yoast SEO Premium plugin. -->","yoast_head_json":{"title":"Hardware Handle HAA202 - https:\/\/sxflightcase.com \ud83d\udc97","description":"Hardware-Griff, direkt ab Werk! Hochwertige, langlebige Griffe f\u00fcr verschiedene Anwendungen. Ideal f\u00fcr Schr\u00e4nke, Kisten und Ger\u00e4te, die einen zuverl\u00e4ssigen und komfortablen Gebrauch gew\u00e4hrleisten.","robots":{"index":"index","follow":"follow","max-snippet":"max-snippet:-1","max-image-preview":"max-image-preview:large","max-video-preview":"max-video-preview:-1"},"canonical":"https:\/\/sxflightcase.com\/de\/\u0645\u0646\u062a\u062c\/\u0645\u0642\u0628\u0636-\u0627\u0644\u0623\u062c\u0647\u0632\u0629-haa202-2\/","og_locale":"de_DE","og_type":"article","og_title":"Hardware Handle HAA202","og_description":"Hardware handle, factory direct! High-quality, durable handles for various applications. Ideal for cabinets, cases, and equipment, ensuring reliable and comfortable use.","og_url":"https:\/\/sxflightcase.com\/de\/\u0645\u0646\u062a\u062c\/\u0645\u0642\u0628\u0636-\u0627\u0644\u0623\u062c\u0647\u0632\u0629-haa202-2\/","og_site_name":"https:\/\/sxflightcase.com","article_publisher":"https:\/\/www.facebook.com\/profile.php?id=61560407257971","article_modified_time":"2024-08-08T07:56:31+00:00","og_image":[{"width":700,"height":700,"url":"https:\/\/sxflightcase.com\/wp-content\/uploads\/2024\/08\/HAA202.jpg","type":"image\/jpeg"}],"twitter_card":"summary_large_image","twitter_misc":{"Gesch\u00e4tzte Lesezeit":"3\u00a0Minuten"},"schema":{"@context":"https:\/\/schema.org","@graph":[{"@type":"WebPage","@id":"https:\/\/sxflightcase.com\/ary\/\u0645\u0646\u062a\u062c\/\u0645\u0642\u0628\u0636-\u0627\u0644\u0623\u062c\u0647\u0632\u0629-haa202-2\/","url":"https:\/\/sxflightcase.com\/ary\/\u0645\u0646\u062a\u062c\/\u0645\u0642\u0628\u0636-\u0627\u0644\u0623\u062c\u0647\u0632\u0629-haa202-2\/","name":"Hardware Handle HAA202 - https:\/\/sxflightcase.com \ud83d\udc97","isPartOf":{"@id":"https:\/\/sxflightcase.com\/th\/#website"},"primaryImageOfPage":{"@id":"https:\/\/sxflightcase.com\/ary\/\u0645\u0646\u062a\u062c\/\u0645\u0642\u0628\u0636-\u0627\u0644\u0623\u062c\u0647\u0632\u0629-haa202-2\/#primaryimage"},"image":{"@id":"https:\/\/sxflightcase.com\/ary\/\u0645\u0646\u062a\u062c\/\u0645\u0642\u0628\u0636-\u0627\u0644\u0623\u062c\u0647\u0632\u0629-haa202-2\/#primaryimage"},"thumbnailUrl":"https:\/\/sxflightcase.com\/wp-content\/uploads\/2024\/08\/HAA202.jpg","datePublished":"2024-08-08T07:56:30+00:00","dateModified":"2024-08-08T07:56:31+00:00","description":"Hardware-Griff, direkt ab Werk! Hochwertige, langlebige Griffe f\u00fcr verschiedene Anwendungen. Ideal f\u00fcr Schr\u00e4nke, Kisten und Ger\u00e4te, die einen zuverl\u00e4ssigen und komfortablen Gebrauch gew\u00e4hrleisten.","breadcrumb":{"@id":"https:\/\/sxflightcase.com\/ary\/\u0645\u0646\u062a\u062c\/\u0645\u0642\u0628\u0636-\u0627\u0644\u0623\u062c\u0647\u0632\u0629-haa202-2\/#breadcrumb"},"inLanguage":"de","potentialAction":[{"@type":"ReadAction","target":["https:\/\/sxflightcase.com\/ary\/\u0645\u0646\u062a\u062c\/\u0645\u0642\u0628\u0636-\u0627\u0644\u0623\u062c\u0647\u0632\u0629-haa202-2\/"]}]},{"@type":"ImageObject","inLanguage":"de","@id":"https:\/\/sxflightcase.com\/ary\/\u0645\u0646\u062a\u062c\/\u0645\u0642\u0628\u0636-\u0627\u0644\u0623\u062c\u0647\u0632\u0629-haa202-2\/#primaryimage","url":"https:\/\/sxflightcase.com\/wp-content\/uploads\/2024\/08\/HAA202.jpg","contentUrl":"https:\/\/sxflightcase.com\/wp-content\/uploads\/2024\/08\/HAA202.jpg","width":700,"height":700,"caption":"hardware handle"},{"@type":"BreadcrumbList","@id":"https:\/\/sxflightcase.com\/ary\/\u0645\u0646\u062a\u062c\/\u0645\u0642\u0628\u0636-\u0627\u0644\u0623\u062c\u0647\u0632\u0629-haa202-2\/#breadcrumb","itemListElement":[{"@type":"ListItem","position":1,"name":"Home","item":"https:\/\/sxflightcase.com\/"},{"@type":"ListItem","position":2,"name":"\u0e2a\u0e34\u0e19\u0e04\u0e49\u0e32","item":"https:\/\/sxflightcase.com\/th\/shop\/"},{"@type":"ListItem","position":3,"name":"Hardware Handle HAA202"}]},{"@type":"WebSite","@id":"https:\/\/sxflightcase.com\/th\/#website","url":"https:\/\/sxflightcase.com\/th\/","name":"www.sxpowercase.com","description":"Flight Case Fabrik","publisher":{"@id":"https:\/\/sxflightcase.com\/th\/#organization"},"potentialAction":[{"@type":"SearchAction","target":{"@type":"EntryPoint","urlTemplate":"https:\/\/sxflightcase.com\/th\/?s={search_term_string}"},"query-input":{"@type":"PropertyValueSpecification","valueRequired":true,"valueName":"search_term_string"}}],"inLanguage":"de"},{"@type":"Organization","@id":"https:\/\/sxflightcase.com\/th\/#organization","name":"www.sxpowercase.com","url":"https:\/\/sxflightcase.com\/th\/","logo":{"@type":"ImageObject","inLanguage":"de","@id":"https:\/\/sxflightcase.com\/th\/#\/schema\/logo\/image\/","url":"https:\/\/sxflightcase.com\/wp-content\/uploads\/2024\/04\/1713919036007.jpg","contentUrl":"https:\/\/sxflightcase.com\/wp-content\/uploads\/2024\/04\/1713919036007.jpg","width":382,"height":388,"caption":"sxpowercase.com"},"image":{"@id":"https:\/\/sxflightcase.com\/th\/#\/schema\/logo\/image\/"},"sameAs":["https:\/\/www.facebook.com\/profile.php?id=61560407257971"],"numberOfEmployees":{"@type":"QuantitativeValue","minValue":"11","maxValue":"50"}}]}},"_links":{"self":[{"href":"https:\/\/sxflightcase.com\/de\/wp-json\/wp\/v2\/product\/4037","targetHints":{"allow":["GET"]}}],"collection":[{"href":"https:\/\/sxflightcase.com\/de\/wp-json\/wp\/v2\/product"}],"about":[{"href":"https:\/\/sxflightcase.com\/de\/wp-json\/wp\/v2\/types\/product"}],"replies":[{"embeddable":true,"href":"https:\/\/sxflightcase.com\/de\/wp-json\/wp\/v2\/comments?post=4037"}],"version-history":[{"count":0,"href":"https:\/\/sxflightcase.com\/de\/wp-json\/wp\/v2\/product\/4037\/revisions"}],"wp:featuredmedia":[{"embeddable":true,"href":"https:\/\/sxflightcase.com\/de\/wp-json\/wp\/v2\/media\/4024"}],"wp:attachment":[{"href":"https:\/\/sxflightcase.com\/de\/wp-json\/wp\/v2\/media?parent=4037"}],"wp:term":[{"taxonomy":"product_brand","embeddable":true,"href":"https:\/\/sxflightcase.com\/de\/wp-json\/wp\/v2\/product_brand?post=4037"},{"taxonomy":"product_cat","embeddable":true,"href":"https:\/\/sxflightcase.com\/de\/wp-json\/wp\/v2\/product_cat?post=4037"},{"taxonomy":"product_tag","embeddable":true,"href":"https:\/\/sxflightcase.com\/de\/wp-json\/wp\/v2\/product_tag?post=4037"}],"curies":[{"name":"wp","href":"https:\/\/api.w.org\/{rel}","templated":true}]}}