{"id":4038,"date":"2024-08-08T09:06:31","date_gmt":"2024-08-08T08:06:31","guid":{"rendered":"https:\/\/sxpowercase.com\/?post_type=product&#038;p=4038"},"modified":"2024-08-08T09:06:32","modified_gmt":"2024-08-08T08:06:32","slug":"accessories-recessed-handle-haa203","status":"publish","type":"product","link":"https:\/\/sxflightcase.com\/de\/produkt\/zubehor-einbaugriff-haa203-2\/","title":{"rendered":"Zubeh\u00f6r Versenkter Handgriff HAA203"},"content":{"rendered":"<h3>Entdecken Sie das Premium-Zubeh\u00f6r Einbaugriff von SX<\/h3>\n<h4>Werksdirektpreise f\u00fcr unschlagbaren Wert<\/h4>\n<p>Wir bei SX sind der Meinung, dass hochwertige Hardware f\u00fcr jeden zug\u00e4nglich sein sollte. Unser <strong>Zubeh\u00f6r Versenkter Griff<\/strong> wird zu Direktpreisen angeboten, damit Sie erstklassige Produkte zu erschwinglichen Preisen erhalten. Da wir die Zwischenh\u00e4ndler ausschalten, geben wir die Einsparungen direkt an Sie weiter.<\/p>\n<h4>Langlebig mit hochwertigen Materialien<\/h4>\n<p>Langlebigkeit steht im Mittelpunkt der Designphilosophie von SX. Unser <strong>Zubeh\u00f6r Versenkter Griff<\/strong> wird aus hochwertigen Materialien gefertigt, die eine lange Lebensdauer garantieren. Dies stellt sicher, dass unsere Griffe den Strapazen des t\u00e4glichen Gebrauchs standhalten und somit eine zuverl\u00e4ssige Wahl f\u00fcr jedes Projekt sind.<\/p>\n<h4>Individuell anpassbar an Ihre Bed\u00fcrfnisse<\/h4>\n<p>Jedes Projekt hat einzigartige Anforderungen, und <a href=\"https:\/\/sxpowercase.com\/\" target=\"_blank\" rel=\"noopener\" title=\"SX\" data-wpil-monitor-id=\"639\">SX<\/a> versteht dieses Bed\u00fcrfnis nach Individualisierung. Unser <strong>Zubeh\u00f6r Versenkter Griff<\/strong> k\u00f6nnen auf Ihre speziellen Bed\u00fcrfnisse zugeschnitten werden, sei es in Bezug auf Gr\u00f6\u00dfe, Form oder Ausf\u00fchrung. Diese Flexibilit\u00e4t erm\u00f6glicht es Ihnen, unsere Griffe nahtlos in Ihre Entw\u00fcrfe zu integrieren.<\/p>\n<h4>Verpflichtung zur Qualit\u00e4tssicherung<\/h4>\n<p>SX ist bestrebt, Produkte von h\u00f6chster Qualit\u00e4t zu liefern. Jedes <strong>Zubeh\u00f6r Versenkter Griff<\/strong> wird einer strengen Qualit\u00e4tskontrolle unterzogen, um sicherzustellen, dass es unseren strengen Standards entspricht. Dieses Engagement f\u00fcr hervorragende Qualit\u00e4t garantiert, dass Sie ein Produkt erhalten, dem Sie vertrauen k\u00f6nnen.<\/p>\n<h4>Schlankes und funktionales Design<\/h4>\n<p>SXs <strong>Zubeh\u00f6r Versenkter Griff<\/strong> kombiniert elegantes Design mit praktischer Funktionalit\u00e4t. Unsere Griffe sind nicht nur einfach zu bedienen, sondern werten auch die \u00c4sthetik Ihrer Projekte auf. Mit SX erhalten Sie Beschl\u00e4ge, die sowohl stilvoll als auch effizient sind.<\/p>\n<h4>Au\u00dfergew\u00f6hnlicher Kundensupport<\/h4>\n<p>Wenn Sie sich f\u00fcr SX entscheiden, k\u00f6nnen Sie sich auf ein Team verlassen, das sich f\u00fcr Ihren Erfolg einsetzt. Unser Kundenserviceteam steht Ihnen jederzeit zur Verf\u00fcgung, um Sie bei Fragen oder Problemen zu unterst\u00fctzen. Ganz gleich, ob Sie Beratung bei der Produktauswahl oder Hilfe bei Ihrer Bestellung ben\u00f6tigen, wir sind f\u00fcr Sie da und unterst\u00fctzen Sie bei jedem Schritt des Weges.<\/p>\n<h4>Vielseitige Einsatzm\u00f6glichkeiten<\/h4>\n<p>Der <strong>Zubeh\u00f6r Versenkter Griff<\/strong> von SX ist vielseitig und f\u00fcr verschiedene Anwendungen geeignet. Von Flightcases bis hin zu industriellen Ger\u00e4ten sind unsere Griffe so konzipiert, dass sie den Anforderungen verschiedener Projekte gerecht werden. Ihre robuste Konstruktion und zuverl\u00e4ssige Leistung machen sie ideal f\u00fcr Profis und Heimwerker.<\/p>\n<h4>Warum SX sich abhebt<\/h4>\n<p>SX zeichnet sich durch sein Engagement f\u00fcr Qualit\u00e4t, Erschwinglichkeit und Kundenzufriedenheit aus. Unser <strong>Zubeh\u00f6r Versenkter Griff<\/strong> ist ein Beispiel f\u00fcr unser Engagement, das Beste in Sachen Design, Haltbarkeit und Funktionalit\u00e4t zu liefern. Wenn Sie sich f\u00fcr SX entscheiden, investieren Sie in Produkte, die den Wert und die Leistung Ihrer Projekte steigern.<\/p>\n<h4>Kontaktieren Sie SX noch heute<\/h4>\n<p>Entdecken Sie unser Angebot an <strong>Zubeh\u00f6r Versenkter Griff<\/strong> und sehen Sie, wie SX die perfekte L\u00f6sung f\u00fcr Ihren Griffbedarf bieten kann. Mit Direktpreisen, garantierter Qualit\u00e4t und anpassbaren Optionen ist SX Ihre erste Anlaufstelle f\u00fcr hochwertige Beschl\u00e4ge. Setzen Sie sich noch heute mit uns in Verbindung und entdecken Sie den Unterschied, den SX f\u00fcr Ihr n\u00e4chstes Projekt machen kann.<\/p>\n<p>Jetzt kontaktieren:<span style=\"color: #0000ff;\"><a style=\"color: #0000ff;\" href=\"https:\/\/sxpowercase.com\/contact-us\/\">https:\/\/sxpowercase.com\/<\/a><\/span><\/p>\n<p>Hardware-Produktkatalog:<span style=\"color: #3366ff;\"><a style=\"color: #3366ff;\" href=\"https:\/\/sxpowercase.com\/wp-content\/uploads\/2024\/07\/\u4e94\u91d1.pdf\">Hardware-Zubeh\u00f6rkatalog<\/a><\/span><\/p>","protected":false},"excerpt":{"rendered":"<h3>SX Accessories Versenkter Handgriff: Premium-Qualit\u00e4t zu Werksdirektpreisen<\/h3>\n<p>Holen Sie sich erstklassige Beschl\u00e4ge zu erschwinglichen Preisen mit dem SX-Direktvertrieb. Unser Zubeh\u00f6r Einbaugriff bietet ein au\u00dfergew\u00f6hnliches Preis-Leistungs-Verh\u00e4ltnis, ohne Kompromisse bei der Qualit\u00e4t einzugehen.<\/p>\n<h3>Langlebig, individuell anpassbar und stilvoll<\/h3>\n<p>Der aus hochwertigen Materialien gefertigte SX Accessories Recessed Handle ist langlebig und kann individuell an Ihre Bed\u00fcrfnisse angepasst werden. Sein schlankes Design verbessert sowohl die Funktionalit\u00e4t als auch die \u00c4sthetik.<\/p>\n<h3>Vertrauen Sie SX f\u00fcr vielseitige L\u00f6sungen<\/h3>\n<p>Der SX Accessories Einbaugriff ist ideal f\u00fcr verschiedene Anwendungen und wird durch eine strenge Qualit\u00e4tssicherung und einen au\u00dfergew\u00f6hnlichen Kundendienst unterst\u00fctzt. Verbessern Sie Ihre Projekte mit unseren zuverl\u00e4ssigen und eleganten Griffen.<\/p>","protected":false},"featured_media":4025,"comment_status":"open","ping_status":"closed","template":"","meta":[],"product_brand":[],"product_cat":[62],"product_tag":[],"class_list":{"0":"post-4038","1":"product","2":"type-product","3":"status-publish","4":"has-post-thumbnail","6":"product_cat-handles","8":"first","9":"instock","10":"shipping-taxable","11":"product-type-simple"},"yoast_head":"<!-- This site is optimized with the Yoast SEO Premium plugin v27.1 (Yoast SEO v27.2) - https:\/\/yoast.com\/product\/yoast-seo-premium-wordpress\/ -->\n<title>Accessories Recessed Handle HAA203 - https:\/\/sxflightcase.com \ud83d\udc97<\/title>\n<meta name=\"description\" content=\"Accessories recessed handle, factory direct! High-quality, durable handles designed for flush mounting. Ideal for flight cases, cabinets, and equipment, ensuring secure and comfortable use.\" \/>\n<meta name=\"robots\" content=\"index, follow, max-snippet:-1, max-image-preview:large, max-video-preview:-1\" \/>\n<link rel=\"canonical\" href=\"https:\/\/sxflightcase.com\/de\/termek\/tartozekok-sullyesztett-fogantyu-haa203\/\" \/>\n<meta property=\"og:locale\" content=\"de_DE\" \/>\n<meta property=\"og:type\" content=\"article\" \/>\n<meta property=\"og:title\" content=\"Accessories Recessed Handle HAA203\" \/>\n<meta property=\"og:description\" content=\"Accessories recessed handle, factory direct! High-quality, durable handles designed for flush mounting. Ideal for flight cases, cabinets, and equipment, ensuring secure and comfortable use.\" \/>\n<meta property=\"og:url\" content=\"https:\/\/sxflightcase.com\/de\/termek\/tartozekok-sullyesztett-fogantyu-haa203\/\" \/>\n<meta property=\"og:site_name\" content=\"https:\/\/sxflightcase.com\" \/>\n<meta property=\"article:publisher\" content=\"https:\/\/www.facebook.com\/profile.php?id=61560407257971\" \/>\n<meta property=\"article:modified_time\" content=\"2024-08-08T08:06:32+00:00\" \/>\n<meta property=\"og:image\" content=\"https:\/\/sxflightcase.com\/wp-content\/uploads\/2024\/08\/HAA203.jpg\" \/>\n\t<meta property=\"og:image:width\" content=\"700\" \/>\n\t<meta property=\"og:image:height\" content=\"700\" \/>\n\t<meta property=\"og:image:type\" content=\"image\/jpeg\" \/>\n<meta name=\"twitter:card\" content=\"summary_large_image\" \/>\n<meta name=\"twitter:label1\" content=\"Gesch\u00e4tzte Lesezeit\" \/>\n\t<meta name=\"twitter:data1\" content=\"3\u00a0Minuten\" \/>\n<script type=\"application\/ld+json\" class=\"yoast-schema-graph\">{\"@context\":\"https:\/\/schema.org\",\"@graph\":[{\"@type\":\"WebPage\",\"@id\":\"https:\/\/sxflightcase.com\/hu\/termek\/tartozekok-sullyesztett-fogantyu-haa203\/\",\"url\":\"https:\/\/sxflightcase.com\/hu\/termek\/tartozekok-sullyesztett-fogantyu-haa203\/\",\"name\":\"Accessories Recessed Handle HAA203 - https:\/\/sxflightcase.com \ud83d\udc97\",\"isPartOf\":{\"@id\":\"https:\/\/sxflightcase.com\/th\/#website\"},\"primaryImageOfPage\":{\"@id\":\"https:\/\/sxflightcase.com\/hu\/termek\/tartozekok-sullyesztett-fogantyu-haa203\/#primaryimage\"},\"image\":{\"@id\":\"https:\/\/sxflightcase.com\/hu\/termek\/tartozekok-sullyesztett-fogantyu-haa203\/#primaryimage\"},\"thumbnailUrl\":\"https:\/\/sxflightcase.com\/wp-content\/uploads\/2024\/08\/HAA203.jpg\",\"datePublished\":\"2024-08-08T08:06:31+00:00\",\"dateModified\":\"2024-08-08T08:06:32+00:00\",\"description\":\"Accessories recessed handle, factory direct! High-quality, durable handles designed for flush mounting. Ideal for flight cases, cabinets, and equipment, ensuring secure and comfortable use.\",\"breadcrumb\":{\"@id\":\"https:\/\/sxflightcase.com\/hu\/termek\/tartozekok-sullyesztett-fogantyu-haa203\/#breadcrumb\"},\"inLanguage\":\"de\",\"potentialAction\":[{\"@type\":\"ReadAction\",\"target\":[\"https:\/\/sxflightcase.com\/hu\/termek\/tartozekok-sullyesztett-fogantyu-haa203\/\"]}]},{\"@type\":\"ImageObject\",\"inLanguage\":\"de\",\"@id\":\"https:\/\/sxflightcase.com\/hu\/termek\/tartozekok-sullyesztett-fogantyu-haa203\/#primaryimage\",\"url\":\"https:\/\/sxflightcase.com\/wp-content\/uploads\/2024\/08\/HAA203.jpg\",\"contentUrl\":\"https:\/\/sxflightcase.com\/wp-content\/uploads\/2024\/08\/HAA203.jpg\",\"width\":700,\"height\":700,\"caption\":\"Accessories Recessed Handle\"},{\"@type\":\"BreadcrumbList\",\"@id\":\"https:\/\/sxflightcase.com\/hu\/termek\/tartozekok-sullyesztett-fogantyu-haa203\/#breadcrumb\",\"itemListElement\":[{\"@type\":\"ListItem\",\"position\":1,\"name\":\"Home\",\"item\":\"https:\/\/sxflightcase.com\/\"},{\"@type\":\"ListItem\",\"position\":2,\"name\":\"\u0e2a\u0e34\u0e19\u0e04\u0e49\u0e32\",\"item\":\"https:\/\/sxflightcase.com\/th\/shop\/\"},{\"@type\":\"ListItem\",\"position\":3,\"name\":\"Accessories Recessed Handle HAA203\"}]},{\"@type\":\"WebSite\",\"@id\":\"https:\/\/sxflightcase.com\/th\/#website\",\"url\":\"https:\/\/sxflightcase.com\/th\/\",\"name\":\"sxpowercase.com\",\"description\":\"Flight Case Factory\",\"publisher\":{\"@id\":\"https:\/\/sxflightcase.com\/th\/#organization\"},\"potentialAction\":[{\"@type\":\"SearchAction\",\"target\":{\"@type\":\"EntryPoint\",\"urlTemplate\":\"https:\/\/sxflightcase.com\/th\/?s={search_term_string}\"},\"query-input\":{\"@type\":\"PropertyValueSpecification\",\"valueRequired\":true,\"valueName\":\"search_term_string\"}}],\"inLanguage\":\"de\"},{\"@type\":\"Organization\",\"@id\":\"https:\/\/sxflightcase.com\/th\/#organization\",\"name\":\"sxpowercase.com\",\"url\":\"https:\/\/sxflightcase.com\/th\/\",\"logo\":{\"@type\":\"ImageObject\",\"inLanguage\":\"de\",\"@id\":\"https:\/\/sxflightcase.com\/th\/#\/schema\/logo\/image\/\",\"url\":\"https:\/\/sxflightcase.com\/wp-content\/uploads\/2024\/04\/1713919036007.jpg\",\"contentUrl\":\"https:\/\/sxflightcase.com\/wp-content\/uploads\/2024\/04\/1713919036007.jpg\",\"width\":382,\"height\":388,\"caption\":\"sxpowercase.com\"},\"image\":{\"@id\":\"https:\/\/sxflightcase.com\/th\/#\/schema\/logo\/image\/\"},\"sameAs\":[\"https:\/\/www.facebook.com\/profile.php?id=61560407257971\"],\"numberOfEmployees\":{\"@type\":\"QuantitativeValue\",\"minValue\":\"11\",\"maxValue\":\"50\"}}]}<\/script>\n<!-- \/ Yoast SEO Premium plugin. -->","yoast_head_json":{"title":"Accessories Recessed Handle HAA203 - https:\/\/sxflightcase.com \ud83d\udc97","description":"Zubeh\u00f6r Unterputzgriff, direkt ab Werk! Hochwertige, langlebige Griffe f\u00fcr die Unterputzmontage. Ideal f\u00fcr Flightcases, Schr\u00e4nke und Ger\u00e4te, die eine sichere und bequeme Benutzung gew\u00e4hrleisten.","robots":{"index":"index","follow":"follow","max-snippet":"max-snippet:-1","max-image-preview":"max-image-preview:large","max-video-preview":"max-video-preview:-1"},"canonical":"https:\/\/sxflightcase.com\/de\/termek\/tartozekok-sullyesztett-fogantyu-haa203\/","og_locale":"de_DE","og_type":"article","og_title":"Accessories Recessed Handle HAA203","og_description":"Accessories recessed handle, factory direct! High-quality, durable handles designed for flush mounting. Ideal for flight cases, cabinets, and equipment, ensuring secure and comfortable use.","og_url":"https:\/\/sxflightcase.com\/de\/termek\/tartozekok-sullyesztett-fogantyu-haa203\/","og_site_name":"https:\/\/sxflightcase.com","article_publisher":"https:\/\/www.facebook.com\/profile.php?id=61560407257971","article_modified_time":"2024-08-08T08:06:32+00:00","og_image":[{"width":700,"height":700,"url":"https:\/\/sxflightcase.com\/wp-content\/uploads\/2024\/08\/HAA203.jpg","type":"image\/jpeg"}],"twitter_card":"summary_large_image","twitter_misc":{"Gesch\u00e4tzte Lesezeit":"3\u00a0Minuten"},"schema":{"@context":"https:\/\/schema.org","@graph":[{"@type":"WebPage","@id":"https:\/\/sxflightcase.com\/hu\/termek\/tartozekok-sullyesztett-fogantyu-haa203\/","url":"https:\/\/sxflightcase.com\/hu\/termek\/tartozekok-sullyesztett-fogantyu-haa203\/","name":"Accessories Recessed Handle HAA203 - https:\/\/sxflightcase.com \ud83d\udc97","isPartOf":{"@id":"https:\/\/sxflightcase.com\/th\/#website"},"primaryImageOfPage":{"@id":"https:\/\/sxflightcase.com\/hu\/termek\/tartozekok-sullyesztett-fogantyu-haa203\/#primaryimage"},"image":{"@id":"https:\/\/sxflightcase.com\/hu\/termek\/tartozekok-sullyesztett-fogantyu-haa203\/#primaryimage"},"thumbnailUrl":"https:\/\/sxflightcase.com\/wp-content\/uploads\/2024\/08\/HAA203.jpg","datePublished":"2024-08-08T08:06:31+00:00","dateModified":"2024-08-08T08:06:32+00:00","description":"Zubeh\u00f6r Unterputzgriff, direkt ab Werk! Hochwertige, langlebige Griffe f\u00fcr die Unterputzmontage. Ideal f\u00fcr Flightcases, Schr\u00e4nke und Ger\u00e4te, die eine sichere und bequeme Benutzung gew\u00e4hrleisten.","breadcrumb":{"@id":"https:\/\/sxflightcase.com\/hu\/termek\/tartozekok-sullyesztett-fogantyu-haa203\/#breadcrumb"},"inLanguage":"de","potentialAction":[{"@type":"ReadAction","target":["https:\/\/sxflightcase.com\/hu\/termek\/tartozekok-sullyesztett-fogantyu-haa203\/"]}]},{"@type":"ImageObject","inLanguage":"de","@id":"https:\/\/sxflightcase.com\/hu\/termek\/tartozekok-sullyesztett-fogantyu-haa203\/#primaryimage","url":"https:\/\/sxflightcase.com\/wp-content\/uploads\/2024\/08\/HAA203.jpg","contentUrl":"https:\/\/sxflightcase.com\/wp-content\/uploads\/2024\/08\/HAA203.jpg","width":700,"height":700,"caption":"Accessories Recessed Handle"},{"@type":"BreadcrumbList","@id":"https:\/\/sxflightcase.com\/hu\/termek\/tartozekok-sullyesztett-fogantyu-haa203\/#breadcrumb","itemListElement":[{"@type":"ListItem","position":1,"name":"Home","item":"https:\/\/sxflightcase.com\/"},{"@type":"ListItem","position":2,"name":"\u0e2a\u0e34\u0e19\u0e04\u0e49\u0e32","item":"https:\/\/sxflightcase.com\/th\/shop\/"},{"@type":"ListItem","position":3,"name":"Accessories Recessed Handle HAA203"}]},{"@type":"WebSite","@id":"https:\/\/sxflightcase.com\/th\/#website","url":"https:\/\/sxflightcase.com\/th\/","name":"www.sxpowercase.com","description":"Flight Case Fabrik","publisher":{"@id":"https:\/\/sxflightcase.com\/th\/#organization"},"potentialAction":[{"@type":"SearchAction","target":{"@type":"EntryPoint","urlTemplate":"https:\/\/sxflightcase.com\/th\/?s={search_term_string}"},"query-input":{"@type":"PropertyValueSpecification","valueRequired":true,"valueName":"search_term_string"}}],"inLanguage":"de"},{"@type":"Organization","@id":"https:\/\/sxflightcase.com\/th\/#organization","name":"www.sxpowercase.com","url":"https:\/\/sxflightcase.com\/th\/","logo":{"@type":"ImageObject","inLanguage":"de","@id":"https:\/\/sxflightcase.com\/th\/#\/schema\/logo\/image\/","url":"https:\/\/sxflightcase.com\/wp-content\/uploads\/2024\/04\/1713919036007.jpg","contentUrl":"https:\/\/sxflightcase.com\/wp-content\/uploads\/2024\/04\/1713919036007.jpg","width":382,"height":388,"caption":"sxpowercase.com"},"image":{"@id":"https:\/\/sxflightcase.com\/th\/#\/schema\/logo\/image\/"},"sameAs":["https:\/\/www.facebook.com\/profile.php?id=61560407257971"],"numberOfEmployees":{"@type":"QuantitativeValue","minValue":"11","maxValue":"50"}}]}},"_links":{"self":[{"href":"https:\/\/sxflightcase.com\/de\/wp-json\/wp\/v2\/product\/4038","targetHints":{"allow":["GET"]}}],"collection":[{"href":"https:\/\/sxflightcase.com\/de\/wp-json\/wp\/v2\/product"}],"about":[{"href":"https:\/\/sxflightcase.com\/de\/wp-json\/wp\/v2\/types\/product"}],"replies":[{"embeddable":true,"href":"https:\/\/sxflightcase.com\/de\/wp-json\/wp\/v2\/comments?post=4038"}],"version-history":[{"count":0,"href":"https:\/\/sxflightcase.com\/de\/wp-json\/wp\/v2\/product\/4038\/revisions"}],"wp:featuredmedia":[{"embeddable":true,"href":"https:\/\/sxflightcase.com\/de\/wp-json\/wp\/v2\/media\/4025"}],"wp:attachment":[{"href":"https:\/\/sxflightcase.com\/de\/wp-json\/wp\/v2\/media?parent=4038"}],"wp:term":[{"taxonomy":"product_brand","embeddable":true,"href":"https:\/\/sxflightcase.com\/de\/wp-json\/wp\/v2\/product_brand?post=4038"},{"taxonomy":"product_cat","embeddable":true,"href":"https:\/\/sxflightcase.com\/de\/wp-json\/wp\/v2\/product_cat?post=4038"},{"taxonomy":"product_tag","embeddable":true,"href":"https:\/\/sxflightcase.com\/de\/wp-json\/wp\/v2\/product_tag?post=4038"}],"curies":[{"name":"wp","href":"https:\/\/api.w.org\/{rel}","templated":true}]}}