{"id":4046,"date":"2024-08-09T07:02:19","date_gmt":"2024-08-09T06:02:19","guid":{"rendered":"https:\/\/sxpowercase.com\/?post_type=product&#038;p=4046"},"modified":"2024-08-09T07:02:20","modified_gmt":"2024-08-09T06:02:20","slug":"equipment-case-handles-haa204","status":"publish","type":"product","link":"https:\/\/sxflightcase.com\/de\/produkt\/geratekoffer-griffe-haa204-2\/","title":{"rendered":"Ger\u00e4tekoffer Griffe HAA204"},"content":{"rendered":"<h3>Zuverl\u00e4ssige Koffergriffe f\u00fcr Ger\u00e4te von SX<\/h3>\n<h4>Hohe Qualit\u00e4t zu Direktpreisen ab Werk<\/h4>\n<p>Wenn es um die Sicherung und den Transport Ihrer wertvollen Ausr\u00fcstung geht, macht der richtige Griff den entscheidenden Unterschied. SX bietet <strong>Griffe f\u00fcr Ger\u00e4tekoffer<\/strong> die nicht nur langlebig und zuverl\u00e4ssig sind, sondern auch zu Direktpreisen angeboten werden. So erhalten Sie Premium-Qualit\u00e4t zu einem g\u00fcnstigen Preis, was SX zu einer guten Wahl f\u00fcr Ihren Hardware-Bedarf macht.<\/p>\n<h4>Auf Langlebigkeit ausgelegt<\/h4>\n<p><a href=\"https:\/\/sxpowercase.com\/\" target=\"_blank\" rel=\"noopener\" title=\"SX\" data-wpil-monitor-id=\"643\">SX<\/a> wei\u00df, dass Ger\u00e4tekoffer oft harten Bedingungen ausgesetzt sind. Deshalb ist unser <strong>Griffe f\u00fcr Ger\u00e4tekoffer<\/strong> sind aus hochwertigen Materialien gefertigt, die den Anforderungen einer h\u00e4ufigen Nutzung und rauen Umgebung standhalten. Mit unseren Griffen k\u00f6nnen Sie darauf vertrauen, dass Ihre Koffer leichter zu tragen sind und l\u00e4nger halten.<\/p>\n<h4>Ma\u00dfgeschneidert nach Ihren Spezifikationen<\/h4>\n<p>Jedes Projekt ist einzigartig, und SX bietet M\u00f6glichkeiten zur individuellen Anpassung an Ihre speziellen Bed\u00fcrfnisse. Ganz gleich, ob Sie Griffe in einer bestimmten Gr\u00f6\u00dfe, einem bestimmten Stil oder einer bestimmten Ausf\u00fchrung ben\u00f6tigen, unser Team ist Ihnen gerne bei der Entwicklung der perfekten L\u00f6sung behilflich. Mit SX erhalten Sie <strong>Griffe f\u00fcr Ger\u00e4tekoffer<\/strong> die sich nahtlos in Ihr Design einf\u00fcgen.<\/p>\n<h4>Garantierte Qualit\u00e4t<\/h4>\n<p>Bei SX gehen wir niemals Kompromisse bei der Qualit\u00e4t ein. Jedes unserer <strong>Griffe f\u00fcr Ger\u00e4tekoffer<\/strong> werden strengen Tests und Qualit\u00e4tskontrollen unterzogen, um sicherzustellen, dass sie den h\u00f6chsten Standards entsprechen. Diese Liebe zum Detail stellt sicher, dass jeder Griff, den Sie erhalten, langlebig ist und einwandfrei funktioniert, damit Sie sich keine Sorgen machen m\u00fcssen.<\/p>\n<h4>Schlankes Design trifft auf Funktionalit\u00e4t<\/h4>\n<p>SX kombiniert schlankes, modernes Design mit der praktischen Funktionalit\u00e4t, die Sie in <strong>Griffe f\u00fcr Ger\u00e4tekoffer<\/strong>. Unsere Griffe sind nicht nur stabil und angenehm zu greifen, sondern verleihen Ihren Koffern auch ein professionelles Aussehen. Mit SX erhalten Sie das Beste aus beiden Welten - Stil und Substanz.<\/p>\n<h4>Au\u00dfergew\u00f6hnlicher Kundenservice<\/h4>\n<p>Wenn Sie sich f\u00fcr SX entscheiden, w\u00e4hlen Sie einen Partner, der sich f\u00fcr Ihren Erfolg einsetzt. Unser Kundendienstteam bietet Ihnen Unterst\u00fctzung und Hilfestellung, von der Produktauswahl bis zur Nachbetreuung. Wir sind daf\u00fcr da, dass Ihre Erfahrungen mit SX reibungslos und zufriedenstellend sind.<\/p>\n<h4>Vielseitige Einsatzm\u00f6glichkeiten<\/h4>\n<p>Unser <strong>Griffe f\u00fcr Ger\u00e4tekoffer<\/strong> sind vielseitig und f\u00fcr eine breite Palette von Anwendungen geeignet. Ganz gleich, ob Sie einen professionellen Koffer f\u00fcr Audioger\u00e4te, medizinische Instrumente oder Werkzeuge ausstatten m\u00f6chten, die SX-Griffe bieten die Haltbarkeit und Zuverl\u00e4ssigkeit, die Sie ben\u00f6tigen. Sie sind die perfekte Wahl sowohl f\u00fcr den professionellen als auch f\u00fcr den privaten Gebrauch.<\/p>\n<h4>Warum SX w\u00e4hlen?<\/h4>\n<p>SX ist ein f\u00fchrender Anbieter von hochwertiger Hardware zu wettbewerbsf\u00e4higen Preisen. Unser <strong>Griffe f\u00fcr Ger\u00e4tekoffer<\/strong> spiegeln unser Engagement f\u00fcr Spitzenleistungen wider und bieten Ihnen das Beste in Sachen Haltbarkeit, Design und Erschwinglichkeit. Wenn Sie sich f\u00fcr SX entscheiden, entscheiden Sie sich f\u00fcr eine Marke, die Ihre Bed\u00fcrfnisse versteht und Produkte liefert, die Ihre Erwartungen \u00fcbertreffen.<\/p>\n<h4>Kontaktieren Sie uns noch heute<\/h4>\n<p>Erkunden Sie das Angebot an <strong>Griffe f\u00fcr Ger\u00e4tekoffer<\/strong> von SX und entdecken Sie, wie wir die Funktionalit\u00e4t und das Aussehen Ihrer Ger\u00e4tekoffer verbessern k\u00f6nnen. Mit unschlagbaren Direktpreisen, garantierter Qualit\u00e4t und individuellen Anpassungsm\u00f6glichkeiten ist SX Ihre erste Adresse f\u00fcr alle Ihre Anforderungen an Koffergriffe. Kontaktieren Sie uns noch heute, um mehr zu erfahren oder Ihre Bestellung aufzugeben.<\/p>\n<p>Jetzt kontaktieren:<span style=\"color: #0000ff;\"><a style=\"color: #0000ff;\" href=\"https:\/\/sxpowercase.com\/contact-us\/\">https:\/\/sxpowercase.com\/<\/a><\/span><\/p>\n<p>Hardware-Produktkatalog:<span style=\"color: #3366ff;\"><a style=\"color: #3366ff;\" href=\"https:\/\/sxpowercase.com\/wp-content\/uploads\/2024\/07\/\u4e94\u91d1.pdf\">Hardware-Zubeh\u00f6rkatalog<\/a><\/span><\/p>","protected":false},"excerpt":{"rendered":"<div class=\"flex-shrink-0 flex flex-col relative items-end\">\n<div>\n<div class=\"pt-0\">\n<div class=\"gizmo-bot-avatar flex h-8 w-8 items-center justify-center overflow-hidden rounded-full\">\n<div class=\"relative p-1 rounded-sm flex items-center justify-center bg-token-main-surface-primary text-token-text-primary h-8 w-8\"><\/div>\n<\/div>\n<\/div>\n<\/div>\n<\/div>\n<div class=\"group\/conversation-turn relative flex w-full min-w-0 flex-col agent-turn\">\n<div class=\"flex-col gap-1 md:gap-3\">\n<div class=\"flex max-w-full flex-col flex-grow\">\n<div class=\"min-h-[20px] text-message flex w-full flex-col items-end gap-2 whitespace-pre-wrap break-words [.text-message+&amp;]:mt-5 overflow-x-auto\" dir=\"auto\" data-message-author-role=\"assistant\" data-message-id=\"95f91648-79a0-44b0-bae4-6fca00aa0a90\">\n<div class=\"flex w-full flex-col gap-1 empty:hidden first:pt-[3px]\">\n<div class=\"markdown prose w-full break-words dark:prose-invert light\">\n<h3>Premium Equipment Case Handles by SX: Factory-Direct Prices<\/h3>\n<p>Get durable, high-quality Equipment Case Handles at affordable, factory-direct prices. SX ensures you receive top-tier hardware without the hefty cost.<\/p>\n<h3>Customised Durability for Tough Conditions<\/h3>\n<p>SX&#8217;s Equipment Case Handles are crafted from high-grade materials to withstand frequent use and harsh environments. Customisation options ensure a perfect fit for your specific needs.<\/p>\n<h3>Sleek, Functional, and Reliable<\/h3>\n<p>SX combines modern design with practical functionality. Our handles offer a comfortable grip, robust performance, and a professional look\u2014ideal for any equipment case.<\/p>\n<\/div>\n<\/div>\n<\/div>\n<\/div>\n<\/div>\n<\/div>\n","protected":false},"featured_media":4026,"comment_status":"open","ping_status":"closed","template":"","meta":[],"product_brand":[],"product_cat":[62],"product_tag":[],"class_list":{"0":"post-4046","1":"product","2":"type-product","3":"status-publish","4":"has-post-thumbnail","6":"product_cat-handles","8":"first","9":"instock","10":"shipping-taxable","11":"product-type-simple"},"yoast_head":"<!-- This site is optimized with the Yoast SEO Premium plugin v27.1 (Yoast SEO v27.2) - https:\/\/yoast.com\/product\/yoast-seo-premium-wordpress\/ -->\n<title>Equipment Case Handles HAA204 - https:\/\/sxflightcase.com \ud83d\udc97<\/title>\n<meta name=\"description\" content=\"Equipment case handles, factory direct! High-quality, durable handles designed for secure and comfortable transport of equipment cases. Ideal for professional and industrial use.\" \/>\n<meta name=\"robots\" content=\"index, follow, max-snippet:-1, max-image-preview:large, max-video-preview:-1\" \/>\n<link rel=\"canonical\" href=\"https:\/\/sxflightcase.com\/de\/prodotto\/maniglie-delle-valigie-per-attrezzature-haa204-2\/\" \/>\n<meta property=\"og:locale\" content=\"de_DE\" \/>\n<meta property=\"og:type\" content=\"article\" \/>\n<meta property=\"og:title\" content=\"Equipment Case Handles HAA204\" \/>\n<meta property=\"og:description\" content=\"Equipment case handles, factory direct! High-quality, durable handles designed for secure and comfortable transport of equipment cases. Ideal for professional and industrial use.\" \/>\n<meta property=\"og:url\" content=\"https:\/\/sxflightcase.com\/de\/prodotto\/maniglie-delle-valigie-per-attrezzature-haa204-2\/\" \/>\n<meta property=\"og:site_name\" content=\"https:\/\/sxflightcase.com\" \/>\n<meta property=\"article:publisher\" content=\"https:\/\/www.facebook.com\/profile.php?id=61560407257971\" \/>\n<meta property=\"article:modified_time\" content=\"2024-08-09T06:02:20+00:00\" \/>\n<meta property=\"og:image\" content=\"https:\/\/sxflightcase.com\/wp-content\/uploads\/2024\/08\/HAA204.jpg\" \/>\n\t<meta property=\"og:image:width\" content=\"700\" \/>\n\t<meta property=\"og:image:height\" content=\"700\" \/>\n\t<meta property=\"og:image:type\" content=\"image\/jpeg\" \/>\n<meta name=\"twitter:card\" content=\"summary_large_image\" \/>\n<meta name=\"twitter:label1\" content=\"Gesch\u00e4tzte Lesezeit\" \/>\n\t<meta name=\"twitter:data1\" content=\"3\u00a0Minuten\" \/>\n<script type=\"application\/ld+json\" class=\"yoast-schema-graph\">{\"@context\":\"https:\/\/schema.org\",\"@graph\":[{\"@type\":\"WebPage\",\"@id\":\"https:\/\/sxflightcase.com\/it\/prodotto\/maniglie-delle-valigie-per-attrezzature-haa204-2\/\",\"url\":\"https:\/\/sxflightcase.com\/it\/prodotto\/maniglie-delle-valigie-per-attrezzature-haa204-2\/\",\"name\":\"Equipment Case Handles HAA204 - https:\/\/sxflightcase.com \ud83d\udc97\",\"isPartOf\":{\"@id\":\"https:\/\/sxflightcase.com\/th\/#website\"},\"primaryImageOfPage\":{\"@id\":\"https:\/\/sxflightcase.com\/it\/prodotto\/maniglie-delle-valigie-per-attrezzature-haa204-2\/#primaryimage\"},\"image\":{\"@id\":\"https:\/\/sxflightcase.com\/it\/prodotto\/maniglie-delle-valigie-per-attrezzature-haa204-2\/#primaryimage\"},\"thumbnailUrl\":\"https:\/\/sxflightcase.com\/wp-content\/uploads\/2024\/08\/HAA204.jpg\",\"datePublished\":\"2024-08-09T06:02:19+00:00\",\"dateModified\":\"2024-08-09T06:02:20+00:00\",\"description\":\"Equipment case handles, factory direct! High-quality, durable handles designed for secure and comfortable transport of equipment cases. Ideal for professional and industrial use.\",\"breadcrumb\":{\"@id\":\"https:\/\/sxflightcase.com\/it\/prodotto\/maniglie-delle-valigie-per-attrezzature-haa204-2\/#breadcrumb\"},\"inLanguage\":\"de\",\"potentialAction\":[{\"@type\":\"ReadAction\",\"target\":[\"https:\/\/sxflightcase.com\/it\/prodotto\/maniglie-delle-valigie-per-attrezzature-haa204-2\/\"]}]},{\"@type\":\"ImageObject\",\"inLanguage\":\"de\",\"@id\":\"https:\/\/sxflightcase.com\/it\/prodotto\/maniglie-delle-valigie-per-attrezzature-haa204-2\/#primaryimage\",\"url\":\"https:\/\/sxflightcase.com\/wp-content\/uploads\/2024\/08\/HAA204.jpg\",\"contentUrl\":\"https:\/\/sxflightcase.com\/wp-content\/uploads\/2024\/08\/HAA204.jpg\",\"width\":700,\"height\":700,\"caption\":\"Equipment Case handles\"},{\"@type\":\"BreadcrumbList\",\"@id\":\"https:\/\/sxflightcase.com\/it\/prodotto\/maniglie-delle-valigie-per-attrezzature-haa204-2\/#breadcrumb\",\"itemListElement\":[{\"@type\":\"ListItem\",\"position\":1,\"name\":\"Home\",\"item\":\"https:\/\/sxflightcase.com\/\"},{\"@type\":\"ListItem\",\"position\":2,\"name\":\"\u0e2a\u0e34\u0e19\u0e04\u0e49\u0e32\",\"item\":\"https:\/\/sxflightcase.com\/th\/shop\/\"},{\"@type\":\"ListItem\",\"position\":3,\"name\":\"Equipment Case Handles HAA204\"}]},{\"@type\":\"WebSite\",\"@id\":\"https:\/\/sxflightcase.com\/th\/#website\",\"url\":\"https:\/\/sxflightcase.com\/th\/\",\"name\":\"sxpowercase.com\",\"description\":\"Flight Case Factory\",\"publisher\":{\"@id\":\"https:\/\/sxflightcase.com\/th\/#organization\"},\"potentialAction\":[{\"@type\":\"SearchAction\",\"target\":{\"@type\":\"EntryPoint\",\"urlTemplate\":\"https:\/\/sxflightcase.com\/th\/?s={search_term_string}\"},\"query-input\":{\"@type\":\"PropertyValueSpecification\",\"valueRequired\":true,\"valueName\":\"search_term_string\"}}],\"inLanguage\":\"de\"},{\"@type\":\"Organization\",\"@id\":\"https:\/\/sxflightcase.com\/th\/#organization\",\"name\":\"sxpowercase.com\",\"url\":\"https:\/\/sxflightcase.com\/th\/\",\"logo\":{\"@type\":\"ImageObject\",\"inLanguage\":\"de\",\"@id\":\"https:\/\/sxflightcase.com\/th\/#\/schema\/logo\/image\/\",\"url\":\"https:\/\/sxflightcase.com\/wp-content\/uploads\/2024\/04\/1713919036007.jpg\",\"contentUrl\":\"https:\/\/sxflightcase.com\/wp-content\/uploads\/2024\/04\/1713919036007.jpg\",\"width\":382,\"height\":388,\"caption\":\"sxpowercase.com\"},\"image\":{\"@id\":\"https:\/\/sxflightcase.com\/th\/#\/schema\/logo\/image\/\"},\"sameAs\":[\"https:\/\/www.facebook.com\/profile.php?id=61560407257971\"],\"numberOfEmployees\":{\"@type\":\"QuantitativeValue\",\"minValue\":\"11\",\"maxValue\":\"50\"}}]}<\/script>\n<!-- \/ Yoast SEO Premium plugin. -->","yoast_head_json":{"title":"Equipment Case Handles HAA204 - https:\/\/sxflightcase.com \ud83d\udc97","description":"Griffe f\u00fcr Ger\u00e4tekoffer, direkt ab Werk! Hochwertige, langlebige Griffe f\u00fcr den sicheren und bequemen Transport von Ger\u00e4tekoffern. Ideal f\u00fcr den professionellen und industriellen Einsatz.","robots":{"index":"index","follow":"follow","max-snippet":"max-snippet:-1","max-image-preview":"max-image-preview:large","max-video-preview":"max-video-preview:-1"},"canonical":"https:\/\/sxflightcase.com\/de\/prodotto\/maniglie-delle-valigie-per-attrezzature-haa204-2\/","og_locale":"de_DE","og_type":"article","og_title":"Equipment Case Handles HAA204","og_description":"Equipment case handles, factory direct! High-quality, durable handles designed for secure and comfortable transport of equipment cases. Ideal for professional and industrial use.","og_url":"https:\/\/sxflightcase.com\/de\/prodotto\/maniglie-delle-valigie-per-attrezzature-haa204-2\/","og_site_name":"https:\/\/sxflightcase.com","article_publisher":"https:\/\/www.facebook.com\/profile.php?id=61560407257971","article_modified_time":"2024-08-09T06:02:20+00:00","og_image":[{"width":700,"height":700,"url":"https:\/\/sxflightcase.com\/wp-content\/uploads\/2024\/08\/HAA204.jpg","type":"image\/jpeg"}],"twitter_card":"summary_large_image","twitter_misc":{"Gesch\u00e4tzte Lesezeit":"3\u00a0Minuten"},"schema":{"@context":"https:\/\/schema.org","@graph":[{"@type":"WebPage","@id":"https:\/\/sxflightcase.com\/it\/prodotto\/maniglie-delle-valigie-per-attrezzature-haa204-2\/","url":"https:\/\/sxflightcase.com\/it\/prodotto\/maniglie-delle-valigie-per-attrezzature-haa204-2\/","name":"Equipment Case Handles HAA204 - https:\/\/sxflightcase.com \ud83d\udc97","isPartOf":{"@id":"https:\/\/sxflightcase.com\/th\/#website"},"primaryImageOfPage":{"@id":"https:\/\/sxflightcase.com\/it\/prodotto\/maniglie-delle-valigie-per-attrezzature-haa204-2\/#primaryimage"},"image":{"@id":"https:\/\/sxflightcase.com\/it\/prodotto\/maniglie-delle-valigie-per-attrezzature-haa204-2\/#primaryimage"},"thumbnailUrl":"https:\/\/sxflightcase.com\/wp-content\/uploads\/2024\/08\/HAA204.jpg","datePublished":"2024-08-09T06:02:19+00:00","dateModified":"2024-08-09T06:02:20+00:00","description":"Griffe f\u00fcr Ger\u00e4tekoffer, direkt ab Werk! Hochwertige, langlebige Griffe f\u00fcr den sicheren und bequemen Transport von Ger\u00e4tekoffern. Ideal f\u00fcr den professionellen und industriellen Einsatz.","breadcrumb":{"@id":"https:\/\/sxflightcase.com\/it\/prodotto\/maniglie-delle-valigie-per-attrezzature-haa204-2\/#breadcrumb"},"inLanguage":"de","potentialAction":[{"@type":"ReadAction","target":["https:\/\/sxflightcase.com\/it\/prodotto\/maniglie-delle-valigie-per-attrezzature-haa204-2\/"]}]},{"@type":"ImageObject","inLanguage":"de","@id":"https:\/\/sxflightcase.com\/it\/prodotto\/maniglie-delle-valigie-per-attrezzature-haa204-2\/#primaryimage","url":"https:\/\/sxflightcase.com\/wp-content\/uploads\/2024\/08\/HAA204.jpg","contentUrl":"https:\/\/sxflightcase.com\/wp-content\/uploads\/2024\/08\/HAA204.jpg","width":700,"height":700,"caption":"Equipment Case handles"},{"@type":"BreadcrumbList","@id":"https:\/\/sxflightcase.com\/it\/prodotto\/maniglie-delle-valigie-per-attrezzature-haa204-2\/#breadcrumb","itemListElement":[{"@type":"ListItem","position":1,"name":"Home","item":"https:\/\/sxflightcase.com\/"},{"@type":"ListItem","position":2,"name":"\u0e2a\u0e34\u0e19\u0e04\u0e49\u0e32","item":"https:\/\/sxflightcase.com\/th\/shop\/"},{"@type":"ListItem","position":3,"name":"Equipment Case Handles HAA204"}]},{"@type":"WebSite","@id":"https:\/\/sxflightcase.com\/th\/#website","url":"https:\/\/sxflightcase.com\/th\/","name":"www.sxpowercase.com","description":"Flight Case Fabrik","publisher":{"@id":"https:\/\/sxflightcase.com\/th\/#organization"},"potentialAction":[{"@type":"SearchAction","target":{"@type":"EntryPoint","urlTemplate":"https:\/\/sxflightcase.com\/th\/?s={search_term_string}"},"query-input":{"@type":"PropertyValueSpecification","valueRequired":true,"valueName":"search_term_string"}}],"inLanguage":"de"},{"@type":"Organization","@id":"https:\/\/sxflightcase.com\/th\/#organization","name":"www.sxpowercase.com","url":"https:\/\/sxflightcase.com\/th\/","logo":{"@type":"ImageObject","inLanguage":"de","@id":"https:\/\/sxflightcase.com\/th\/#\/schema\/logo\/image\/","url":"https:\/\/sxflightcase.com\/wp-content\/uploads\/2024\/04\/1713919036007.jpg","contentUrl":"https:\/\/sxflightcase.com\/wp-content\/uploads\/2024\/04\/1713919036007.jpg","width":382,"height":388,"caption":"sxpowercase.com"},"image":{"@id":"https:\/\/sxflightcase.com\/th\/#\/schema\/logo\/image\/"},"sameAs":["https:\/\/www.facebook.com\/profile.php?id=61560407257971"],"numberOfEmployees":{"@type":"QuantitativeValue","minValue":"11","maxValue":"50"}}]}},"_links":{"self":[{"href":"https:\/\/sxflightcase.com\/de\/wp-json\/wp\/v2\/product\/4046","targetHints":{"allow":["GET"]}}],"collection":[{"href":"https:\/\/sxflightcase.com\/de\/wp-json\/wp\/v2\/product"}],"about":[{"href":"https:\/\/sxflightcase.com\/de\/wp-json\/wp\/v2\/types\/product"}],"replies":[{"embeddable":true,"href":"https:\/\/sxflightcase.com\/de\/wp-json\/wp\/v2\/comments?post=4046"}],"version-history":[{"count":0,"href":"https:\/\/sxflightcase.com\/de\/wp-json\/wp\/v2\/product\/4046\/revisions"}],"wp:featuredmedia":[{"embeddable":true,"href":"https:\/\/sxflightcase.com\/de\/wp-json\/wp\/v2\/media\/4026"}],"wp:attachment":[{"href":"https:\/\/sxflightcase.com\/de\/wp-json\/wp\/v2\/media?parent=4046"}],"wp:term":[{"taxonomy":"product_brand","embeddable":true,"href":"https:\/\/sxflightcase.com\/de\/wp-json\/wp\/v2\/product_brand?post=4046"},{"taxonomy":"product_cat","embeddable":true,"href":"https:\/\/sxflightcase.com\/de\/wp-json\/wp\/v2\/product_cat?post=4046"},{"taxonomy":"product_tag","embeddable":true,"href":"https:\/\/sxflightcase.com\/de\/wp-json\/wp\/v2\/product_tag?post=4046"}],"curies":[{"name":"wp","href":"https:\/\/api.w.org\/{rel}","templated":true}]}}