{"id":4048,"date":"2024-08-09T07:33:19","date_gmt":"2024-08-09T06:33:19","guid":{"rendered":"https:\/\/sxpowercase.com\/?post_type=product&#038;p=4048"},"modified":"2024-08-09T07:33:20","modified_gmt":"2024-08-09T06:33:20","slug":"case-handle-hac201","status":"publish","type":"product","link":"https:\/\/sxflightcase.com\/de\/produkt\/fallgriff-hac201-2\/","title":{"rendered":"Koffergriff HAC201"},"content":{"rendered":"<h3>SX-Geh\u00e4usegriff: Langlebig, erschwinglich und individuell anpassbar<\/h3>\n<h4>St\u00e4rke und Langlebigkeit, auf die Sie sich verlassen k\u00f6nnen<\/h4>\n<p>Wenn es um die Bearbeitung Ihrer F\u00e4lle geht, ist Zuverl\u00e4ssigkeit der Schl\u00fcssel. SX's <strong>Geh\u00e4use Griffe<\/strong> sind auf Robustheit und Langlebigkeit ausgelegt und gew\u00e4hrleisten, dass Ihre Koffer leicht zu transportieren und langlebig sind. Mit unseren Griffen k\u00f6nnen Sie Ihre wertvolle Ausr\u00fcstung mit gutem Gewissen transportieren, denn Sie wissen, dass Ihr Griff sicher ist.<\/p>\n<h4>Werksdirekte Preisgestaltung f\u00fcr maximalen Wert<\/h4>\n<p>Bei <a href=\"https:\/\/sxpowercase.com\/\" target=\"_blank\" rel=\"noopener\" title=\"SX\" data-wpil-monitor-id=\"645\">SX<\/a>Wir sind der Meinung, dass hohe Qualit\u00e4t nicht mit einem hohen Preis verbunden sein sollte. Deshalb bieten wir unsere <strong>Geh\u00e4use Griffe<\/strong> zu Direktpreisen ab Werk. Da wir den Zwischenh\u00e4ndler ausschalten, k\u00f6nnen wir Ihnen erstklassige Produkte zu wettbewerbsf\u00e4higen Preisen anbieten, so dass Sie Ihr Budget einhalten k\u00f6nnen, ohne Kompromisse bei der Qualit\u00e4t eingehen zu m\u00fcssen.<\/p>\n<h4>Individuelle Anpassung an Ihre Bed\u00fcrfnisse<\/h4>\n<p>Jeder Fall ist einzigartig, und so sind auch die Bed\u00fcrfnisse unserer Kunden. SX bietet Anpassungsm\u00f6glichkeiten f\u00fcr unsere <strong>Geh\u00e4use Griffe<\/strong> um sicherzustellen, dass sie Ihren spezifischen Anforderungen entsprechen. Ganz gleich, ob Sie eine bestimmte Gr\u00f6\u00dfe, Form oder Ausf\u00fchrung ben\u00f6tigen, wir haben die passende L\u00f6sung f\u00fcr Sie. Unsere ma\u00dfgefertigten Griffe sind so konzipiert, dass sie sich nahtlos in Ihre Koffer einf\u00fcgen und sowohl Funktionalit\u00e4t als auch ein professionelles Aussehen bieten.<\/p>\n<h4>Qualit\u00e4tssicherung f\u00fcr ein sicheres Gef\u00fchl<\/h4>\n<p>Bei SX steht die Qualit\u00e4t im Vordergrund. Alle unsere <strong>Geh\u00e4use Griffe<\/strong> werden unter strengen Qualit\u00e4tskontrollverfahren hergestellt, um sicherzustellen, dass sie den h\u00f6chsten Standards entsprechen. Sie k\u00f6nnen sich darauf verlassen, dass jeder Griff robust ist, bequem in der Hand liegt und auch starker Beanspruchung standh\u00e4lt.<\/p>\n<h4>Vielseitige Einsatzm\u00f6glichkeiten<\/h4>\n<p>SX <strong>Geh\u00e4use Griffe<\/strong> sind vielseitig und ideal f\u00fcr eine Vielzahl von Koffern, einschlie\u00dflich Flightcases, Roadcases und ma\u00dfgefertigten Koffern. Unabh\u00e4ngig von der Anwendung bieten unsere Griffe die n\u00f6tige St\u00e4rke und Zuverl\u00e4ssigkeit, um Ihre Ausr\u00fcstung sicher zu transportieren.<\/p>\n<h4>Warum SX w\u00e4hlen?<\/h4>\n<p>Wenn Sie sich f\u00fcr SX entscheiden, entscheiden Sie sich f\u00fcr eine Marke, die sich der Bedeutung von Qualit\u00e4t, Erschwinglichkeit und Kundenzufriedenheit bewusst ist. Unser <strong>Geh\u00e4use Griffe<\/strong> sind ein Beweis f\u00fcr unser Engagement f\u00fcr herausragende Leistungen und bieten ein schwer zu \u00fcbertreffendes Gleichgewicht zwischen Haltbarkeit und Kosteneffizienz.<\/p>\n<h4>Kontaktieren Sie uns noch heute<\/h4>\n<p>Aktualisieren Sie Ihre Koffer mit SX <strong>Geh\u00e4use Griffe<\/strong> und erleben Sie die perfekte Mischung aus St\u00e4rke, Qualit\u00e4t und Erschwinglichkeit. Mit Direktpreisen, individuellen Anpassungsm\u00f6glichkeiten und einer Zufriedenheitsgarantie ist SX Ihre erste Anlaufstelle f\u00fcr alle Ihre Anforderungen an die Kofferhardware. Kontaktieren Sie uns jetzt, um mehr zu erfahren oder Ihre Bestellung aufzugeben.<\/p>\n<p>Jetzt kontaktieren:<span style=\"color: #0000ff;\"><a style=\"color: #0000ff;\" href=\"https:\/\/sxpowercase.com\/contact-us\/\">https:\/\/sxpowercase.com\/<\/a><\/span><\/p>\n<p>Hardware-Produktkatalog:<span style=\"color: #3366ff;\"><a style=\"color: #3366ff;\" href=\"https:\/\/sxpowercase.com\/wp-content\/uploads\/2024\/07\/\u4e94\u91d1.pdf\">Hardware-Zubeh\u00f6rkatalog<\/a><\/span><\/p>","protected":false},"excerpt":{"rendered":"<div class=\"flex max-w-full flex-col flex-grow\">\n<div class=\"min-h-[20px] text-message flex w-full flex-col items-end gap-2 whitespace-pre-wrap break-words [.text-message+&amp;]:mt-5 overflow-x-auto\" dir=\"auto\" data-message-author-role=\"assistant\" data-message-id=\"3d1beaa6-59bb-49bb-83ca-7845599ea91c\">\n<div class=\"flex w-full flex-col gap-1 empty:hidden first:pt-[3px]\">\n<div class=\"markdown prose w-full break-words dark:prose-invert light\">\n<h3>SX Case Handles: Durable and Cost-Effective<\/h3>\n<p>Engineered for strength and reliability, SX Case Handles ensure secure transportation of your valuable equipment at factory-direct prices.<\/p>\n<h3>Customised Handles for a Perfect Fit<\/h3>\n<p>SX offers customisation options to meet your specific needs, providing handles that seamlessly integrate with your cases for both functionality and a professional appearance.<\/p>\n<h3>Quality You Can Trust<\/h3>\n<p>With rigorous quality control, SX Case Handles guarantee durability and comfort, making them ideal for various applications, from flight cases to road cases.<\/p>\n<\/div>\n<\/div>\n<\/div>\n<\/div>\n","protected":false},"featured_media":4030,"comment_status":"open","ping_status":"closed","template":"","meta":[],"product_brand":[],"product_cat":[62],"product_tag":[],"class_list":{"0":"post-4048","1":"product","2":"type-product","3":"status-publish","4":"has-post-thumbnail","6":"product_cat-handles","8":"first","9":"instock","10":"shipping-taxable","11":"product-type-simple"},"yoast_head":"<!-- This site is optimized with the Yoast SEO Premium plugin v27.1 (Yoast SEO v27.2) - https:\/\/yoast.com\/product\/yoast-seo-premium-wordpress\/ -->\n<title>Case Handle HAC201 - https:\/\/sxflightcase.com \ud83d\udc97<\/title>\n<meta name=\"description\" content=\"Case handle, factory direct! High-quality, durable handles designed for secure and comfortable transport of cases. Perfect for professional and industrial applications.\" \/>\n<meta name=\"robots\" content=\"index, follow, max-snippet:-1, max-image-preview:large, max-video-preview:-1\" \/>\n<link rel=\"canonical\" href=\"https:\/\/sxflightcase.com\/de\/produkt\/fallgriff-hac201-2\/\" \/>\n<meta property=\"og:locale\" content=\"de_DE\" \/>\n<meta property=\"og:type\" content=\"article\" \/>\n<meta property=\"og:title\" content=\"Case Handle HAC201\" \/>\n<meta property=\"og:description\" content=\"Case handle, factory direct! High-quality, durable handles designed for secure and comfortable transport of cases. Perfect for professional and industrial applications.\" \/>\n<meta property=\"og:url\" content=\"https:\/\/sxflightcase.com\/de\/produkt\/fallgriff-hac201-2\/\" \/>\n<meta property=\"og:site_name\" content=\"https:\/\/sxflightcase.com\" \/>\n<meta property=\"article:publisher\" content=\"https:\/\/www.facebook.com\/profile.php?id=61560407257971\" \/>\n<meta property=\"article:modified_time\" content=\"2024-08-09T06:33:20+00:00\" \/>\n<meta property=\"og:image\" content=\"https:\/\/sxflightcase.com\/wp-content\/uploads\/2024\/08\/HAC201.jpg\" \/>\n\t<meta property=\"og:image:width\" content=\"700\" \/>\n\t<meta property=\"og:image:height\" content=\"700\" \/>\n\t<meta property=\"og:image:type\" content=\"image\/jpeg\" \/>\n<meta name=\"twitter:card\" content=\"summary_large_image\" \/>\n<meta name=\"twitter:label1\" content=\"Gesch\u00e4tzte Lesezeit\" \/>\n\t<meta name=\"twitter:data1\" content=\"3\u00a0Minuten\" \/>\n<script type=\"application\/ld+json\" class=\"yoast-schema-graph\">{\"@context\":\"https:\/\/schema.org\",\"@graph\":[{\"@type\":\"WebPage\",\"@id\":\"https:\/\/sxflightcase.com\/product\/case-handle-hac201\/\",\"url\":\"https:\/\/sxflightcase.com\/product\/case-handle-hac201\/\",\"name\":\"Case Handle HAC201 - https:\/\/sxflightcase.com \ud83d\udc97\",\"isPartOf\":{\"@id\":\"https:\/\/sxflightcase.com\/th\/#website\"},\"primaryImageOfPage\":{\"@id\":\"https:\/\/sxflightcase.com\/product\/case-handle-hac201\/#primaryimage\"},\"image\":{\"@id\":\"https:\/\/sxflightcase.com\/product\/case-handle-hac201\/#primaryimage\"},\"thumbnailUrl\":\"https:\/\/sxflightcase.com\/wp-content\/uploads\/2024\/08\/HAC201.jpg\",\"datePublished\":\"2024-08-09T06:33:19+00:00\",\"dateModified\":\"2024-08-09T06:33:20+00:00\",\"description\":\"Case handle, factory direct! High-quality, durable handles designed for secure and comfortable transport of cases. Perfect for professional and industrial applications.\",\"breadcrumb\":{\"@id\":\"https:\/\/sxflightcase.com\/product\/case-handle-hac201\/#breadcrumb\"},\"inLanguage\":\"de\",\"potentialAction\":[{\"@type\":\"ReadAction\",\"target\":[\"https:\/\/sxflightcase.com\/product\/case-handle-hac201\/\"]}]},{\"@type\":\"ImageObject\",\"inLanguage\":\"de\",\"@id\":\"https:\/\/sxflightcase.com\/product\/case-handle-hac201\/#primaryimage\",\"url\":\"https:\/\/sxflightcase.com\/wp-content\/uploads\/2024\/08\/HAC201.jpg\",\"contentUrl\":\"https:\/\/sxflightcase.com\/wp-content\/uploads\/2024\/08\/HAC201.jpg\",\"width\":700,\"height\":700,\"caption\":\"Case Handle\"},{\"@type\":\"BreadcrumbList\",\"@id\":\"https:\/\/sxflightcase.com\/product\/case-handle-hac201\/#breadcrumb\",\"itemListElement\":[{\"@type\":\"ListItem\",\"position\":1,\"name\":\"Home\",\"item\":\"https:\/\/sxflightcase.com\/\"},{\"@type\":\"ListItem\",\"position\":2,\"name\":\"\u0e2a\u0e34\u0e19\u0e04\u0e49\u0e32\",\"item\":\"https:\/\/sxflightcase.com\/th\/shop\/\"},{\"@type\":\"ListItem\",\"position\":3,\"name\":\"Case Handle HAC201\"}]},{\"@type\":\"WebSite\",\"@id\":\"https:\/\/sxflightcase.com\/th\/#website\",\"url\":\"https:\/\/sxflightcase.com\/th\/\",\"name\":\"sxpowercase.com\",\"description\":\"Flight Case Factory\",\"publisher\":{\"@id\":\"https:\/\/sxflightcase.com\/th\/#organization\"},\"potentialAction\":[{\"@type\":\"SearchAction\",\"target\":{\"@type\":\"EntryPoint\",\"urlTemplate\":\"https:\/\/sxflightcase.com\/th\/?s={search_term_string}\"},\"query-input\":{\"@type\":\"PropertyValueSpecification\",\"valueRequired\":true,\"valueName\":\"search_term_string\"}}],\"inLanguage\":\"de\"},{\"@type\":\"Organization\",\"@id\":\"https:\/\/sxflightcase.com\/th\/#organization\",\"name\":\"sxpowercase.com\",\"url\":\"https:\/\/sxflightcase.com\/th\/\",\"logo\":{\"@type\":\"ImageObject\",\"inLanguage\":\"de\",\"@id\":\"https:\/\/sxflightcase.com\/th\/#\/schema\/logo\/image\/\",\"url\":\"https:\/\/sxflightcase.com\/wp-content\/uploads\/2024\/04\/1713919036007.jpg\",\"contentUrl\":\"https:\/\/sxflightcase.com\/wp-content\/uploads\/2024\/04\/1713919036007.jpg\",\"width\":382,\"height\":388,\"caption\":\"sxpowercase.com\"},\"image\":{\"@id\":\"https:\/\/sxflightcase.com\/th\/#\/schema\/logo\/image\/\"},\"sameAs\":[\"https:\/\/www.facebook.com\/profile.php?id=61560407257971\"],\"numberOfEmployees\":{\"@type\":\"QuantitativeValue\",\"minValue\":\"11\",\"maxValue\":\"50\"}}]}<\/script>\n<!-- \/ Yoast SEO Premium plugin. -->","yoast_head_json":{"title":"Case Handle HAC201 - https:\/\/sxflightcase.com \ud83d\udc97","description":"Koffergriff, direkt ab Werk! Hochwertige, langlebige Griffe f\u00fcr den sicheren und bequemen Transport von Koffern. Perfekt f\u00fcr professionelle und industrielle Anwendungen.","robots":{"index":"index","follow":"follow","max-snippet":"max-snippet:-1","max-image-preview":"max-image-preview:large","max-video-preview":"max-video-preview:-1"},"canonical":"https:\/\/sxflightcase.com\/de\/produkt\/fallgriff-hac201-2\/","og_locale":"de_DE","og_type":"article","og_title":"Case Handle HAC201","og_description":"Case handle, factory direct! High-quality, durable handles designed for secure and comfortable transport of cases. Perfect for professional and industrial applications.","og_url":"https:\/\/sxflightcase.com\/de\/produkt\/fallgriff-hac201-2\/","og_site_name":"https:\/\/sxflightcase.com","article_publisher":"https:\/\/www.facebook.com\/profile.php?id=61560407257971","article_modified_time":"2024-08-09T06:33:20+00:00","og_image":[{"width":700,"height":700,"url":"https:\/\/sxflightcase.com\/wp-content\/uploads\/2024\/08\/HAC201.jpg","type":"image\/jpeg"}],"twitter_card":"summary_large_image","twitter_misc":{"Gesch\u00e4tzte Lesezeit":"3\u00a0Minuten"},"schema":{"@context":"https:\/\/schema.org","@graph":[{"@type":"WebPage","@id":"https:\/\/sxflightcase.com\/product\/case-handle-hac201\/","url":"https:\/\/sxflightcase.com\/product\/case-handle-hac201\/","name":"Case Handle HAC201 - https:\/\/sxflightcase.com \ud83d\udc97","isPartOf":{"@id":"https:\/\/sxflightcase.com\/th\/#website"},"primaryImageOfPage":{"@id":"https:\/\/sxflightcase.com\/product\/case-handle-hac201\/#primaryimage"},"image":{"@id":"https:\/\/sxflightcase.com\/product\/case-handle-hac201\/#primaryimage"},"thumbnailUrl":"https:\/\/sxflightcase.com\/wp-content\/uploads\/2024\/08\/HAC201.jpg","datePublished":"2024-08-09T06:33:19+00:00","dateModified":"2024-08-09T06:33:20+00:00","description":"Koffergriff, direkt ab Werk! Hochwertige, langlebige Griffe f\u00fcr den sicheren und bequemen Transport von Koffern. Perfekt f\u00fcr professionelle und industrielle Anwendungen.","breadcrumb":{"@id":"https:\/\/sxflightcase.com\/product\/case-handle-hac201\/#breadcrumb"},"inLanguage":"de","potentialAction":[{"@type":"ReadAction","target":["https:\/\/sxflightcase.com\/product\/case-handle-hac201\/"]}]},{"@type":"ImageObject","inLanguage":"de","@id":"https:\/\/sxflightcase.com\/product\/case-handle-hac201\/#primaryimage","url":"https:\/\/sxflightcase.com\/wp-content\/uploads\/2024\/08\/HAC201.jpg","contentUrl":"https:\/\/sxflightcase.com\/wp-content\/uploads\/2024\/08\/HAC201.jpg","width":700,"height":700,"caption":"Case Handle"},{"@type":"BreadcrumbList","@id":"https:\/\/sxflightcase.com\/product\/case-handle-hac201\/#breadcrumb","itemListElement":[{"@type":"ListItem","position":1,"name":"Home","item":"https:\/\/sxflightcase.com\/"},{"@type":"ListItem","position":2,"name":"\u0e2a\u0e34\u0e19\u0e04\u0e49\u0e32","item":"https:\/\/sxflightcase.com\/th\/shop\/"},{"@type":"ListItem","position":3,"name":"Case Handle HAC201"}]},{"@type":"WebSite","@id":"https:\/\/sxflightcase.com\/th\/#website","url":"https:\/\/sxflightcase.com\/th\/","name":"www.sxpowercase.com","description":"Flight Case Fabrik","publisher":{"@id":"https:\/\/sxflightcase.com\/th\/#organization"},"potentialAction":[{"@type":"SearchAction","target":{"@type":"EntryPoint","urlTemplate":"https:\/\/sxflightcase.com\/th\/?s={search_term_string}"},"query-input":{"@type":"PropertyValueSpecification","valueRequired":true,"valueName":"search_term_string"}}],"inLanguage":"de"},{"@type":"Organization","@id":"https:\/\/sxflightcase.com\/th\/#organization","name":"www.sxpowercase.com","url":"https:\/\/sxflightcase.com\/th\/","logo":{"@type":"ImageObject","inLanguage":"de","@id":"https:\/\/sxflightcase.com\/th\/#\/schema\/logo\/image\/","url":"https:\/\/sxflightcase.com\/wp-content\/uploads\/2024\/04\/1713919036007.jpg","contentUrl":"https:\/\/sxflightcase.com\/wp-content\/uploads\/2024\/04\/1713919036007.jpg","width":382,"height":388,"caption":"sxpowercase.com"},"image":{"@id":"https:\/\/sxflightcase.com\/th\/#\/schema\/logo\/image\/"},"sameAs":["https:\/\/www.facebook.com\/profile.php?id=61560407257971"],"numberOfEmployees":{"@type":"QuantitativeValue","minValue":"11","maxValue":"50"}}]}},"_links":{"self":[{"href":"https:\/\/sxflightcase.com\/de\/wp-json\/wp\/v2\/product\/4048","targetHints":{"allow":["GET"]}}],"collection":[{"href":"https:\/\/sxflightcase.com\/de\/wp-json\/wp\/v2\/product"}],"about":[{"href":"https:\/\/sxflightcase.com\/de\/wp-json\/wp\/v2\/types\/product"}],"replies":[{"embeddable":true,"href":"https:\/\/sxflightcase.com\/de\/wp-json\/wp\/v2\/comments?post=4048"}],"version-history":[{"count":0,"href":"https:\/\/sxflightcase.com\/de\/wp-json\/wp\/v2\/product\/4048\/revisions"}],"wp:featuredmedia":[{"embeddable":true,"href":"https:\/\/sxflightcase.com\/de\/wp-json\/wp\/v2\/media\/4030"}],"wp:attachment":[{"href":"https:\/\/sxflightcase.com\/de\/wp-json\/wp\/v2\/media?parent=4048"}],"wp:term":[{"taxonomy":"product_brand","embeddable":true,"href":"https:\/\/sxflightcase.com\/de\/wp-json\/wp\/v2\/product_brand?post=4048"},{"taxonomy":"product_cat","embeddable":true,"href":"https:\/\/sxflightcase.com\/de\/wp-json\/wp\/v2\/product_cat?post=4048"},{"taxonomy":"product_tag","embeddable":true,"href":"https:\/\/sxflightcase.com\/de\/wp-json\/wp\/v2\/product_tag?post=4048"}],"curies":[{"name":"wp","href":"https:\/\/api.w.org\/{rel}","templated":true}]}}