{"id":4057,"date":"2024-08-10T07:25:24","date_gmt":"2024-08-10T06:25:24","guid":{"rendered":"https:\/\/sxpowercase.com\/?post_type=product&#038;p=4057"},"modified":"2024-08-10T07:25:25","modified_gmt":"2024-08-10T06:25:25","slug":"cabinet-handles-haf01","status":"publish","type":"product","link":"https:\/\/sxflightcase.com\/de\/produkt\/schrankgriffe-haf01-2\/","title":{"rendered":"Griffe f\u00fcr Schr\u00e4nke HAF01"},"content":{"rendered":"<h3>Erh\u00f6hen Sie Ihren Raum mit SX-Schrankgriffen<\/h3>\n<h4>Qualit\u00e4tshandwerk zu Direktpreisen ab Werk<\/h4>\n<p>Wenn es darum geht, den perfekten <strong>Griffe f\u00fcr Schr\u00e4nke<\/strong> f\u00fcr Ihr Zuhause oder Ihren Arbeitsbereich sind Qualit\u00e4t und Erschwinglichkeit entscheidend. Bei SX bieten wir eine breite Palette von Griffen an, die zu jeder Einrichtung passen und gleichzeitig eine au\u00dfergew\u00f6hnliche Haltbarkeit aufweisen. Unser Direktvertrieb gew\u00e4hrleistet, dass Sie erstklassige Produkte zu unschlagbaren Preisen erhalten. Ganz gleich, ob Sie Ihre K\u00fcche renovieren oder Ihre B\u00fcroschr\u00e4nke auf den neuesten Stand bringen wollen, <a href=\"https:\/\/sxpowercase.com\/\" target=\"_blank\" rel=\"noopener\" title=\"SX\" data-wpil-monitor-id=\"648\">SX<\/a> <strong>Griffe f\u00fcr Schr\u00e4nke<\/strong> das beste Preis-Leistungs-Verh\u00e4ltnis bieten, ohne Kompromisse bei der Qualit\u00e4t einzugehen.<\/p>\n<h4>Langlebiges Design<\/h4>\n<p>Jeder SX <strong>Kabinettgriff<\/strong> ist mit Pr\u00e4zision und Liebe zum Detail gefertigt. Die aus hochwertigen Materialien gefertigten Griffe sind so konzipiert, dass sie dem t\u00e4glichen Gebrauch standhalten und dabei ihr elegantes Aussehen bewahren. Ganz gleich, ob Sie ein modernes, minimalistisches Design oder ein eher traditionelles Aussehen bevorzugen, unsere Griffe sind langlebig und bieten sowohl Stil als auch St\u00e4rke. Bei SX k\u00f6nnen Sie sich darauf verlassen, dass Ihre Investition in Qualit\u00e4tsbeschl\u00e4ge den Test der Zeit bestehen wird.<\/p>\n<h4>Vielseitigkeit f\u00fcr jede Umgebung<\/h4>\n<p>SX <strong>Griffe f\u00fcr Schr\u00e4nke<\/strong> sind nicht nur auf K\u00fcchen und B\u00e4der beschr\u00e4nkt. Durch ihr vielseitiges Design eignen sie sich f\u00fcr eine Vielzahl von Anwendungen, von Schlafzimmerschr\u00e4nken bis hin zu B\u00fcroschr\u00e4nken. Ganz gleich, wo sie angebracht werden, unsere Griffe sind sowohl funktional als auch \u00e4sthetisch ansprechend. Ihr ergonomisches Design sorgt f\u00fcr einen bequemen Griff, der die allt\u00e4glichen Aufgaben erleichtert und gleichzeitig einen Hauch von Eleganz in Ihren Raum bringt.<\/p>\n<h4>Anpassbare L\u00f6sungen<\/h4>\n<p>Wir bei SX sind uns bewusst, dass jedes Projekt einzigartige Anforderungen hat. Deshalb bieten wir Anpassungsm\u00f6glichkeiten f\u00fcr unsere <strong>Griffe f\u00fcr Schr\u00e4nke<\/strong>. Ganz gleich, ob Sie eine bestimmte Gr\u00f6\u00dfe, ein bestimmtes Finish oder einen bestimmten Stil ben\u00f6tigen - wir k\u00f6nnen unsere Produkte genau auf Ihre Bed\u00fcrfnisse zuschneiden. Die individuelle Anpassung stellt sicher, dass Ihre Griffe nicht nur perfekt passen, sondern auch das Gesamtdesign Ihrer Schr\u00e4nke erg\u00e4nzen. Lassen Sie sich von SX dabei helfen, in Ihrem Haus oder B\u00fcro ein stimmiges und elegantes Erscheinungsbild zu schaffen.<\/p>\n<h4>Direkt vom Hersteller<\/h4>\n<p>Indem Sie direkt beim Hersteller kaufen, umgehen Sie den Zwischenh\u00e4ndler und erhalten so die h\u00f6chste Qualit\u00e4t. <strong>Griffe f\u00fcr Schr\u00e4nke<\/strong> zum niedrigstm\u00f6glichen Preis. SX hat sich verpflichtet, Produkte zu liefern, die Haltbarkeit, Stil und Erschwinglichkeit miteinander verbinden. Unser Direktvertrieb bedeutet, dass Sie erstklassige Beschl\u00e4ge ohne den im Einzelhandel \u00fcblichen Preisaufschlag erhalten.<\/p>\n<h4>Warum SX w\u00e4hlen?<\/h4>\n<p>Wenn Sie sich f\u00fcr SX entscheiden, entscheiden Sie sich f\u00fcr eine Marke, bei der Qualit\u00e4t, Kundenzufriedenheit und Wertigkeit an erster Stelle stehen. Unser <strong>Griffe f\u00fcr Schr\u00e4nke<\/strong> sind die perfekte Mischung aus Form und Funktion, um das Aussehen und die Nutzbarkeit Ihrer Schr\u00e4nke zu verbessern. Mit SX kaufen Sie nicht einfach nur Beschl\u00e4ge - Sie investieren in ein Produkt, das Ihren Raum \u00fcber Jahre hinweg aufwertet.<\/p>\n<h4>Kontaktieren Sie uns noch heute<\/h4>\n<p>Aktualisieren Sie Ihre Schr\u00e4nke mit SX <strong>Griffe f\u00fcr Schr\u00e4nke<\/strong> und erleben Sie den Unterschied, den handwerkliche Qualit\u00e4t und Direktpreise ausmachen k\u00f6nnen. Nehmen Sie noch heute Kontakt mit uns auf, um mehr \u00fcber unsere Produktpalette zu erfahren oder Ihre Bestellung aufzugeben. Lassen Sie SX Ihr zuverl\u00e4ssiger Partner in allen Fragen rund um Ihre Schr\u00e4nke sein.<\/p>\n<p>Jetzt kontaktieren:<span style=\"color: #0000ff;\"><a style=\"color: #0000ff;\" href=\"https:\/\/sxpowercase.com\/contact-us\/\">https:\/\/sxpowercase.com\/<\/a><\/span><\/p>\n<p>Hardware-Produktkatalog:<span style=\"color: #3366ff;\"><a style=\"color: #3366ff;\" href=\"https:\/\/sxpowercase.com\/wp-content\/uploads\/2024\/07\/\u4e94\u91d1.pdf\">Hardware-Zubeh\u00f6rkatalog<\/a><\/span><\/p>","protected":false},"excerpt":{"rendered":"<div class=\"flex max-w-full flex-col flex-grow\">\n<div class=\"min-h-[20px] text-message flex w-full flex-col items-end gap-2 whitespace-pre-wrap break-words [.text-message+&amp;]:mt-5 overflow-x-auto\" dir=\"auto\" data-message-author-role=\"assistant\" data-message-id=\"f9b15d2b-76c9-4191-8e5c-4ce629a7c529\">\n<div class=\"flex w-full flex-col gap-1 empty:hidden first:pt-[3px]\">\n<div class=\"markdown prose w-full break-words dark:prose-invert light\">\n<h3>SX Cabinet Handles: Style Meets Durability<\/h3>\n<p>Enhance your space with SX Cabinet Handles, crafted with precision and designed to last. Perfect for any decor, they offer both strength and elegance.<\/p>\n<h3>Factory-Direct Pricing for Unmatched Value<\/h3>\n<p>Get top-quality Cabinet Handles at unbeatable prices with SX\u2019s factory-direct approach, ensuring you receive exceptional value without the retail markup.<\/p>\n<h3>Customisable Solutions for Every Space<\/h3>\n<p>SX offers tailored Cabinet Handles to fit your exact needs, providing the perfect blend of form and function for your home or office cabinetry.<\/p>\n<\/div>\n<\/div>\n<\/div>\n<\/div>\n","protected":false},"featured_media":4033,"comment_status":"open","ping_status":"closed","template":"","meta":[],"product_brand":[],"product_cat":[62],"product_tag":[],"class_list":{"0":"post-4057","1":"product","2":"type-product","3":"status-publish","4":"has-post-thumbnail","6":"product_cat-handles","8":"first","9":"instock","10":"shipping-taxable","11":"product-type-simple"},"yoast_head":"<!-- This site is optimized with the Yoast SEO Premium plugin v27.1 (Yoast SEO v27.2) - https:\/\/yoast.com\/product\/yoast-seo-premium-wordpress\/ -->\n<title>Cabinet Handles HAF01 - https:\/\/sxflightcase.com \ud83d\udc97<\/title>\n<meta name=\"description\" content=\"Cabinet handles, factory direct! High-quality, durable handles designed for secure and stylish cabinet access. Ideal for kitchens, offices, and other furniture applications.\" \/>\n<meta name=\"robots\" content=\"index, follow, max-snippet:-1, max-image-preview:large, max-video-preview:-1\" \/>\n<link rel=\"canonical\" href=\"https:\/\/sxflightcase.com\/de\/producto\/tiradores-de-armario-haf01-2\/\" \/>\n<meta property=\"og:locale\" content=\"de_DE\" \/>\n<meta property=\"og:type\" content=\"article\" \/>\n<meta property=\"og:title\" content=\"Cabinet Handles HAF01\" \/>\n<meta property=\"og:description\" content=\"Cabinet handles, factory direct! High-quality, durable handles designed for secure and stylish cabinet access. Ideal for kitchens, offices, and other furniture applications.\" \/>\n<meta property=\"og:url\" content=\"https:\/\/sxflightcase.com\/de\/producto\/tiradores-de-armario-haf01-2\/\" \/>\n<meta property=\"og:site_name\" content=\"https:\/\/sxflightcase.com\" \/>\n<meta property=\"article:publisher\" content=\"https:\/\/www.facebook.com\/profile.php?id=61560407257971\" \/>\n<meta property=\"article:modified_time\" content=\"2024-08-10T06:25:25+00:00\" \/>\n<meta property=\"og:image\" content=\"https:\/\/sxflightcase.com\/wp-content\/uploads\/2024\/08\/HAF01.jpg\" \/>\n\t<meta property=\"og:image:width\" content=\"700\" \/>\n\t<meta property=\"og:image:height\" content=\"700\" \/>\n\t<meta property=\"og:image:type\" content=\"image\/jpeg\" \/>\n<meta name=\"twitter:card\" content=\"summary_large_image\" \/>\n<meta name=\"twitter:label1\" content=\"Gesch\u00e4tzte Lesezeit\" \/>\n\t<meta name=\"twitter:data1\" content=\"3\u00a0Minuten\" \/>\n<script type=\"application\/ld+json\" class=\"yoast-schema-graph\">{\"@context\":\"https:\/\/schema.org\",\"@graph\":[{\"@type\":\"WebPage\",\"@id\":\"https:\/\/sxflightcase.com\/es_es\/producto\/tiradores-de-armario-haf01-2\/\",\"url\":\"https:\/\/sxflightcase.com\/es_es\/producto\/tiradores-de-armario-haf01-2\/\",\"name\":\"Cabinet Handles HAF01 - https:\/\/sxflightcase.com \ud83d\udc97\",\"isPartOf\":{\"@id\":\"https:\/\/sxflightcase.com\/th\/#website\"},\"primaryImageOfPage\":{\"@id\":\"https:\/\/sxflightcase.com\/es_es\/producto\/tiradores-de-armario-haf01-2\/#primaryimage\"},\"image\":{\"@id\":\"https:\/\/sxflightcase.com\/es_es\/producto\/tiradores-de-armario-haf01-2\/#primaryimage\"},\"thumbnailUrl\":\"https:\/\/sxflightcase.com\/wp-content\/uploads\/2024\/08\/HAF01.jpg\",\"datePublished\":\"2024-08-10T06:25:24+00:00\",\"dateModified\":\"2024-08-10T06:25:25+00:00\",\"description\":\"Cabinet handles, factory direct! High-quality, durable handles designed for secure and stylish cabinet access. Ideal for kitchens, offices, and other furniture applications.\",\"breadcrumb\":{\"@id\":\"https:\/\/sxflightcase.com\/es_es\/producto\/tiradores-de-armario-haf01-2\/#breadcrumb\"},\"inLanguage\":\"de\",\"potentialAction\":[{\"@type\":\"ReadAction\",\"target\":[\"https:\/\/sxflightcase.com\/es_es\/producto\/tiradores-de-armario-haf01-2\/\"]}]},{\"@type\":\"ImageObject\",\"inLanguage\":\"de\",\"@id\":\"https:\/\/sxflightcase.com\/es_es\/producto\/tiradores-de-armario-haf01-2\/#primaryimage\",\"url\":\"https:\/\/sxflightcase.com\/wp-content\/uploads\/2024\/08\/HAF01.jpg\",\"contentUrl\":\"https:\/\/sxflightcase.com\/wp-content\/uploads\/2024\/08\/HAF01.jpg\",\"width\":700,\"height\":700,\"caption\":\"Cabinet Handles\"},{\"@type\":\"BreadcrumbList\",\"@id\":\"https:\/\/sxflightcase.com\/es_es\/producto\/tiradores-de-armario-haf01-2\/#breadcrumb\",\"itemListElement\":[{\"@type\":\"ListItem\",\"position\":1,\"name\":\"Home\",\"item\":\"https:\/\/sxflightcase.com\/\"},{\"@type\":\"ListItem\",\"position\":2,\"name\":\"\u0e2a\u0e34\u0e19\u0e04\u0e49\u0e32\",\"item\":\"https:\/\/sxflightcase.com\/th\/shop\/\"},{\"@type\":\"ListItem\",\"position\":3,\"name\":\"Cabinet Handles HAF01\"}]},{\"@type\":\"WebSite\",\"@id\":\"https:\/\/sxflightcase.com\/th\/#website\",\"url\":\"https:\/\/sxflightcase.com\/th\/\",\"name\":\"sxpowercase.com\",\"description\":\"Flight Case Factory\",\"publisher\":{\"@id\":\"https:\/\/sxflightcase.com\/th\/#organization\"},\"potentialAction\":[{\"@type\":\"SearchAction\",\"target\":{\"@type\":\"EntryPoint\",\"urlTemplate\":\"https:\/\/sxflightcase.com\/th\/?s={search_term_string}\"},\"query-input\":{\"@type\":\"PropertyValueSpecification\",\"valueRequired\":true,\"valueName\":\"search_term_string\"}}],\"inLanguage\":\"de\"},{\"@type\":\"Organization\",\"@id\":\"https:\/\/sxflightcase.com\/th\/#organization\",\"name\":\"sxpowercase.com\",\"url\":\"https:\/\/sxflightcase.com\/th\/\",\"logo\":{\"@type\":\"ImageObject\",\"inLanguage\":\"de\",\"@id\":\"https:\/\/sxflightcase.com\/th\/#\/schema\/logo\/image\/\",\"url\":\"https:\/\/sxflightcase.com\/wp-content\/uploads\/2024\/04\/1713919036007.jpg\",\"contentUrl\":\"https:\/\/sxflightcase.com\/wp-content\/uploads\/2024\/04\/1713919036007.jpg\",\"width\":382,\"height\":388,\"caption\":\"sxpowercase.com\"},\"image\":{\"@id\":\"https:\/\/sxflightcase.com\/th\/#\/schema\/logo\/image\/\"},\"sameAs\":[\"https:\/\/www.facebook.com\/profile.php?id=61560407257971\"],\"numberOfEmployees\":{\"@type\":\"QuantitativeValue\",\"minValue\":\"11\",\"maxValue\":\"50\"}}]}<\/script>\n<!-- \/ Yoast SEO Premium plugin. -->","yoast_head_json":{"title":"Cabinet Handles HAF01 - https:\/\/sxflightcase.com \ud83d\udc97","description":"Schrankgriffe, direkt ab Werk! Hochwertige, langlebige Griffe f\u00fcr den sicheren und stilvollen Zugriff auf Schr\u00e4nke. Ideal f\u00fcr K\u00fcchen, B\u00fcros und andere M\u00f6belanwendungen.","robots":{"index":"index","follow":"follow","max-snippet":"max-snippet:-1","max-image-preview":"max-image-preview:large","max-video-preview":"max-video-preview:-1"},"canonical":"https:\/\/sxflightcase.com\/de\/producto\/tiradores-de-armario-haf01-2\/","og_locale":"de_DE","og_type":"article","og_title":"Cabinet Handles HAF01","og_description":"Cabinet handles, factory direct! High-quality, durable handles designed for secure and stylish cabinet access. Ideal for kitchens, offices, and other furniture applications.","og_url":"https:\/\/sxflightcase.com\/de\/producto\/tiradores-de-armario-haf01-2\/","og_site_name":"https:\/\/sxflightcase.com","article_publisher":"https:\/\/www.facebook.com\/profile.php?id=61560407257971","article_modified_time":"2024-08-10T06:25:25+00:00","og_image":[{"width":700,"height":700,"url":"https:\/\/sxflightcase.com\/wp-content\/uploads\/2024\/08\/HAF01.jpg","type":"image\/jpeg"}],"twitter_card":"summary_large_image","twitter_misc":{"Gesch\u00e4tzte Lesezeit":"3\u00a0Minuten"},"schema":{"@context":"https:\/\/schema.org","@graph":[{"@type":"WebPage","@id":"https:\/\/sxflightcase.com\/es_es\/producto\/tiradores-de-armario-haf01-2\/","url":"https:\/\/sxflightcase.com\/es_es\/producto\/tiradores-de-armario-haf01-2\/","name":"Cabinet Handles HAF01 - https:\/\/sxflightcase.com \ud83d\udc97","isPartOf":{"@id":"https:\/\/sxflightcase.com\/th\/#website"},"primaryImageOfPage":{"@id":"https:\/\/sxflightcase.com\/es_es\/producto\/tiradores-de-armario-haf01-2\/#primaryimage"},"image":{"@id":"https:\/\/sxflightcase.com\/es_es\/producto\/tiradores-de-armario-haf01-2\/#primaryimage"},"thumbnailUrl":"https:\/\/sxflightcase.com\/wp-content\/uploads\/2024\/08\/HAF01.jpg","datePublished":"2024-08-10T06:25:24+00:00","dateModified":"2024-08-10T06:25:25+00:00","description":"Schrankgriffe, direkt ab Werk! Hochwertige, langlebige Griffe f\u00fcr den sicheren und stilvollen Zugriff auf Schr\u00e4nke. Ideal f\u00fcr K\u00fcchen, B\u00fcros und andere M\u00f6belanwendungen.","breadcrumb":{"@id":"https:\/\/sxflightcase.com\/es_es\/producto\/tiradores-de-armario-haf01-2\/#breadcrumb"},"inLanguage":"de","potentialAction":[{"@type":"ReadAction","target":["https:\/\/sxflightcase.com\/es_es\/producto\/tiradores-de-armario-haf01-2\/"]}]},{"@type":"ImageObject","inLanguage":"de","@id":"https:\/\/sxflightcase.com\/es_es\/producto\/tiradores-de-armario-haf01-2\/#primaryimage","url":"https:\/\/sxflightcase.com\/wp-content\/uploads\/2024\/08\/HAF01.jpg","contentUrl":"https:\/\/sxflightcase.com\/wp-content\/uploads\/2024\/08\/HAF01.jpg","width":700,"height":700,"caption":"Cabinet Handles"},{"@type":"BreadcrumbList","@id":"https:\/\/sxflightcase.com\/es_es\/producto\/tiradores-de-armario-haf01-2\/#breadcrumb","itemListElement":[{"@type":"ListItem","position":1,"name":"Home","item":"https:\/\/sxflightcase.com\/"},{"@type":"ListItem","position":2,"name":"\u0e2a\u0e34\u0e19\u0e04\u0e49\u0e32","item":"https:\/\/sxflightcase.com\/th\/shop\/"},{"@type":"ListItem","position":3,"name":"Cabinet Handles HAF01"}]},{"@type":"WebSite","@id":"https:\/\/sxflightcase.com\/th\/#website","url":"https:\/\/sxflightcase.com\/th\/","name":"www.sxpowercase.com","description":"Flight Case Fabrik","publisher":{"@id":"https:\/\/sxflightcase.com\/th\/#organization"},"potentialAction":[{"@type":"SearchAction","target":{"@type":"EntryPoint","urlTemplate":"https:\/\/sxflightcase.com\/th\/?s={search_term_string}"},"query-input":{"@type":"PropertyValueSpecification","valueRequired":true,"valueName":"search_term_string"}}],"inLanguage":"de"},{"@type":"Organization","@id":"https:\/\/sxflightcase.com\/th\/#organization","name":"www.sxpowercase.com","url":"https:\/\/sxflightcase.com\/th\/","logo":{"@type":"ImageObject","inLanguage":"de","@id":"https:\/\/sxflightcase.com\/th\/#\/schema\/logo\/image\/","url":"https:\/\/sxflightcase.com\/wp-content\/uploads\/2024\/04\/1713919036007.jpg","contentUrl":"https:\/\/sxflightcase.com\/wp-content\/uploads\/2024\/04\/1713919036007.jpg","width":382,"height":388,"caption":"sxpowercase.com"},"image":{"@id":"https:\/\/sxflightcase.com\/th\/#\/schema\/logo\/image\/"},"sameAs":["https:\/\/www.facebook.com\/profile.php?id=61560407257971"],"numberOfEmployees":{"@type":"QuantitativeValue","minValue":"11","maxValue":"50"}}]}},"_links":{"self":[{"href":"https:\/\/sxflightcase.com\/de\/wp-json\/wp\/v2\/product\/4057","targetHints":{"allow":["GET"]}}],"collection":[{"href":"https:\/\/sxflightcase.com\/de\/wp-json\/wp\/v2\/product"}],"about":[{"href":"https:\/\/sxflightcase.com\/de\/wp-json\/wp\/v2\/types\/product"}],"replies":[{"embeddable":true,"href":"https:\/\/sxflightcase.com\/de\/wp-json\/wp\/v2\/comments?post=4057"}],"version-history":[{"count":0,"href":"https:\/\/sxflightcase.com\/de\/wp-json\/wp\/v2\/product\/4057\/revisions"}],"wp:featuredmedia":[{"embeddable":true,"href":"https:\/\/sxflightcase.com\/de\/wp-json\/wp\/v2\/media\/4033"}],"wp:attachment":[{"href":"https:\/\/sxflightcase.com\/de\/wp-json\/wp\/v2\/media?parent=4057"}],"wp:term":[{"taxonomy":"product_brand","embeddable":true,"href":"https:\/\/sxflightcase.com\/de\/wp-json\/wp\/v2\/product_brand?post=4057"},{"taxonomy":"product_cat","embeddable":true,"href":"https:\/\/sxflightcase.com\/de\/wp-json\/wp\/v2\/product_cat?post=4057"},{"taxonomy":"product_tag","embeddable":true,"href":"https:\/\/sxflightcase.com\/de\/wp-json\/wp\/v2\/product_tag?post=4057"}],"curies":[{"name":"wp","href":"https:\/\/api.w.org\/{rel}","templated":true}]}}