{"id":4058,"date":"2024-08-10T07:33:07","date_gmt":"2024-08-10T06:33:07","guid":{"rendered":"https:\/\/sxpowercase.com\/?post_type=product&#038;p=4058"},"modified":"2024-08-10T07:33:08","modified_gmt":"2024-08-10T06:33:08","slug":"spring-loaded-case-handle-hag01","status":"publish","type":"product","link":"https:\/\/sxflightcase.com\/de\/produkt\/federbelasteter-koffergriff-hag01\/","title":{"rendered":"Federbelasteter Koffergriff HAG01"},"content":{"rendered":"<h3>Verbesserte Langlebigkeit mit dem gefederten SX-Koffergriff<\/h3>\n<h4>Unschlagbare Qualit\u00e4t zu Direktpreisen ab Werk<\/h4>\n<p>Wir von SX wissen, dass Ihre Koffer den Anforderungen st\u00e4ndiger Reisen und starker Beanspruchung standhalten m\u00fcssen. Deshalb ist unser <strong>Federbelasteter Koffergriff<\/strong>\u00a0sind so konzipiert, dass sie unvergleichliche Haltbarkeit und Zuverl\u00e4ssigkeit bieten. Mit unserem Direktvertrieb erhalten Sie Griffe der Spitzenklasse ohne den Aufschlag des Einzelhandels. Ganz gleich, ob Sie Stra\u00dfenkoffer, Werkzeugk\u00e4sten oder kundenspezifische Geh\u00e4use ausstatten wollen, <a href=\"https:\/\/sxpowercase.com\/\" target=\"_blank\" rel=\"noopener\" title=\"SX\" data-wpil-monitor-id=\"649\">SX<\/a> bietet die perfekte L\u00f6sung zu einem Preis, der Ihrem Budget entspricht.<\/p>\n<h4>Entwickelt f\u00fcr St\u00e4rke und Komfort<\/h4>\n<p>SX <strong>Federbelastete Koffergriffe<\/strong> sind aus hochwertigen Materialien gefertigt, die auch bei h\u00e4ufigem Gebrauch nicht schlapp machen. Das federbelastete Design h\u00e4lt den Griff b\u00fcndig mit dem Koffer, wenn er nicht benutzt wird, und verhindert so ein versehentliches H\u00e4ngenbleiben und sorgt f\u00fcr ein elegantes, kompaktes Aussehen. Diese Eigenschaft ist besonders bei Koffern n\u00fctzlich, die h\u00e4ufig gestapelt oder transportiert werden, da sie das Risiko einer Besch\u00e4digung sowohl des Griffs als auch des Koffers selbst verringert.<\/p>\n<h4>Vielseitiges Design f\u00fcr jede Anwendung<\/h4>\n<p>Unser <strong>Federbelastete Koffergriffe<\/strong> sind vielseitig und eignen sich daher f\u00fcr eine Vielzahl von Anwendungen. Ganz gleich, ob Sie in der Unterhaltungsindustrie t\u00e4tig sind, mit schwerem Ger\u00e4t arbeiten oder einfach nur zuverl\u00e4ssige Griffe f\u00fcr Ihre Aufbewahrungsl\u00f6sungen ben\u00f6tigen - SX hat sie f\u00fcr Sie. Diese Griffe sind einfach zu montieren und bieten einen komfortablen Griff, so dass selbst das Tragen schwerer Lasten so bequem wie m\u00f6glich ist.<\/p>\n<h4>Anpassung an Ihre spezifischen Bed\u00fcrfnisse<\/h4>\n<p>SX ist sich bewusst, dass jeder Fall einzigartig ist. Deshalb bieten wir individuelle Anpassungsm\u00f6glichkeiten f\u00fcr unsere <strong>Federbelastete Koffergriffe<\/strong>. Ganz gleich, ob Sie eine bestimmte Gr\u00f6\u00dfe, ein bestimmtes Finish oder zus\u00e4tzliche Merkmale ben\u00f6tigen, wir k\u00f6nnen unsere Griffe genau auf Ihre Anforderungen zuschneiden. So wird sichergestellt, dass Ihre Koffer nicht nur gut funktionieren, sondern auch gut aussehen und ein professionelles Finish bieten, das die Qualit\u00e4t Ihrer Arbeit widerspiegelt.<\/p>\n<h4>Direkt vom Hersteller f\u00fcr maximalen Wert<\/h4>\n<p>Wenn Sie direkt bei SX kaufen, erhalten Sie den bestm\u00f6glichen Gegenwert f\u00fcr Ihr Geld. Wir schalten den Zwischenh\u00e4ndler aus, so dass Sie keine \u00fcberh\u00f6hten Einzelhandelspreise zahlen m\u00fcssen. Unser <strong>Federbelastete Koffergriffe<\/strong> sind preislich konkurrenzf\u00e4hig, ohne Kompromisse bei der Qualit\u00e4t einzugehen. Das macht sie zur ersten Wahl f\u00fcr Fachleute, die zuverl\u00e4ssige Hardware zu einem erschwinglichen Preis ben\u00f6tigen.<\/p>\n<h4>Warum SX w\u00e4hlen?<\/h4>\n<p>Wenn Sie sich f\u00fcr SX entscheiden, entscheiden Sie sich f\u00fcr eine Marke, bei der Haltbarkeit, Funktionalit\u00e4t und Kundenzufriedenheit an erster Stelle stehen. Unser <strong>Federbelastete Koffergriffe<\/strong> werden nach den h\u00f6chsten Standards gefertigt, damit sie Tag f\u00fcr Tag die Leistung bringen, die Sie brauchen. Ganz gleich, ob Sie ein Hersteller, ein Wiederverk\u00e4ufer oder ein Endbenutzer sind, Sie k\u00f6nnen sich darauf verlassen, dass SX Hardware liefert, die auch den h\u00e4rtesten Bedingungen standh\u00e4lt.<\/p>\n<h4>Kontaktieren Sie uns heute<\/h4>\n<p>Bereit zur Aufr\u00fcstung Ihrer Koffer mit SX <strong>Federbelastete Koffergriffe<\/strong>? Setzen Sie sich noch heute mit uns in Verbindung, um mehr \u00fcber unsere Produkte zu erfahren oder eine Bestellung aufzugeben. Mit SX kaufen Sie nicht einfach nur Griffe - Sie investieren in Qualit\u00e4t, Zuverl\u00e4ssigkeit und Seelenfrieden. Lassen Sie uns Ihnen helfen, die perfekte L\u00f6sung f\u00fcr Ihre Bed\u00fcrfnisse zu finden.<\/p>\n<p>Jetzt kontaktieren:<span style=\"color: #0000ff;\"><a style=\"color: #0000ff;\" href=\"https:\/\/sxpowercase.com\/contact-us\/\">https:\/\/sxpowercase.com\/<\/a><\/span><\/p>\n<p>Hardware-Produktkatalog:<span style=\"color: #3366ff;\"><a style=\"color: #3366ff;\" href=\"https:\/\/sxpowercase.com\/wp-content\/uploads\/2024\/07\/\u4e94\u91d1.pdf\">Hardware-Zubeh\u00f6rkatalog<\/a><\/span><\/p>","protected":false},"excerpt":{"rendered":"<div class=\"flex max-w-full flex-col flex-grow\">\n<div class=\"min-h-[20px] text-message flex w-full flex-col items-end gap-2 whitespace-pre-wrap break-words [.text-message+&amp;]:mt-5 overflow-x-auto\" dir=\"auto\" data-message-author-role=\"assistant\" data-message-id=\"98c59072-ec4c-4d12-b471-b61ebf5e6bc9\">\n<div class=\"flex w-full flex-col gap-1 empty:hidden first:pt-[3px]\">\n<div class=\"markdown prose w-full break-words dark:prose-invert light\">\n<h3>SX Spring Loaded Case Handles: Durable and Reliable<\/h3>\n<p>Ensure your cases stand up to heavy use with SX Spring Loaded Case Handles, designed for strength and comfort. Perfect for any application.<\/p>\n<h3>Factory-Direct Pricing for Maximum Value<\/h3>\n<p>Get top-quality Spring Loaded Case Handles without the retail markup. SX offers unbeatable value with durable, high-performance hardware at factory-direct prices.<\/p>\n<h3>Customisable Solutions for Every Need<\/h3>\n<p>SX provides tailored Spring Loaded Case Handles to meet your specific requirements, ensuring your cases look professional and perform flawlessly.<\/p>\n<\/div>\n<\/div>\n<\/div>\n<\/div>\n","protected":false},"featured_media":4034,"comment_status":"open","ping_status":"closed","template":"","meta":[],"product_brand":[],"product_cat":[62],"product_tag":[],"class_list":{"0":"post-4058","1":"product","2":"type-product","3":"status-publish","4":"has-post-thumbnail","6":"product_cat-handles","8":"first","9":"instock","10":"shipping-taxable","11":"product-type-simple"},"yoast_head":"<!-- This site is optimized with the Yoast SEO Premium plugin v27.1 (Yoast SEO v27.2) - https:\/\/yoast.com\/product\/yoast-seo-premium-wordpress\/ -->\n<title>Spring Loaded Case Handle HAG01 - https:\/\/sxflightcase.com \ud83d\udc97<\/title>\n<meta name=\"description\" content=\"Spring-loaded case handle, factory direct! High-quality, durable handles designed for secure and comfortable transport with a retractable feature. Perfect for professional and industrial cases.\" \/>\n<meta name=\"robots\" content=\"index, follow, max-snippet:-1, max-image-preview:large, max-video-preview:-1\" \/>\n<link rel=\"canonical\" href=\"https:\/\/sxflightcase.com\/de\/produk\/pegangan-kasing-bermuatan-pegas-hag01-2\/\" \/>\n<meta property=\"og:locale\" content=\"de_DE\" \/>\n<meta property=\"og:type\" content=\"article\" \/>\n<meta property=\"og:title\" content=\"Spring Loaded Case Handle HAG01\" \/>\n<meta property=\"og:description\" content=\"Spring-loaded case handle, factory direct! High-quality, durable handles designed for secure and comfortable transport with a retractable feature. Perfect for professional and industrial cases.\" \/>\n<meta property=\"og:url\" content=\"https:\/\/sxflightcase.com\/de\/produk\/pegangan-kasing-bermuatan-pegas-hag01-2\/\" \/>\n<meta property=\"og:site_name\" content=\"https:\/\/sxflightcase.com\" \/>\n<meta property=\"article:publisher\" content=\"https:\/\/www.facebook.com\/profile.php?id=61560407257971\" \/>\n<meta property=\"article:modified_time\" content=\"2024-08-10T06:33:08+00:00\" \/>\n<meta property=\"og:image\" content=\"https:\/\/sxflightcase.com\/wp-content\/uploads\/2024\/08\/HAG01.jpg\" \/>\n\t<meta property=\"og:image:width\" content=\"700\" \/>\n\t<meta property=\"og:image:height\" content=\"700\" \/>\n\t<meta property=\"og:image:type\" content=\"image\/jpeg\" \/>\n<meta name=\"twitter:card\" content=\"summary_large_image\" \/>\n<meta name=\"twitter:label1\" content=\"Gesch\u00e4tzte Lesezeit\" \/>\n\t<meta name=\"twitter:data1\" content=\"3\u00a0Minuten\" \/>\n<script type=\"application\/ld+json\" class=\"yoast-schema-graph\">{\"@context\":\"https:\/\/schema.org\",\"@graph\":[{\"@type\":\"WebPage\",\"@id\":\"https:\/\/sxflightcase.com\/id\/produk\/pegangan-kasing-bermuatan-pegas-hag01-2\/\",\"url\":\"https:\/\/sxflightcase.com\/id\/produk\/pegangan-kasing-bermuatan-pegas-hag01-2\/\",\"name\":\"Spring Loaded Case Handle HAG01 - https:\/\/sxflightcase.com \ud83d\udc97\",\"isPartOf\":{\"@id\":\"https:\/\/sxflightcase.com\/th\/#website\"},\"primaryImageOfPage\":{\"@id\":\"https:\/\/sxflightcase.com\/id\/produk\/pegangan-kasing-bermuatan-pegas-hag01-2\/#primaryimage\"},\"image\":{\"@id\":\"https:\/\/sxflightcase.com\/id\/produk\/pegangan-kasing-bermuatan-pegas-hag01-2\/#primaryimage\"},\"thumbnailUrl\":\"https:\/\/sxflightcase.com\/wp-content\/uploads\/2024\/08\/HAG01.jpg\",\"datePublished\":\"2024-08-10T06:33:07+00:00\",\"dateModified\":\"2024-08-10T06:33:08+00:00\",\"description\":\"Spring-loaded case handle, factory direct! High-quality, durable handles designed for secure and comfortable transport with a retractable feature. Perfect for professional and industrial cases.\",\"breadcrumb\":{\"@id\":\"https:\/\/sxflightcase.com\/id\/produk\/pegangan-kasing-bermuatan-pegas-hag01-2\/#breadcrumb\"},\"inLanguage\":\"de\",\"potentialAction\":[{\"@type\":\"ReadAction\",\"target\":[\"https:\/\/sxflightcase.com\/id\/produk\/pegangan-kasing-bermuatan-pegas-hag01-2\/\"]}]},{\"@type\":\"ImageObject\",\"inLanguage\":\"de\",\"@id\":\"https:\/\/sxflightcase.com\/id\/produk\/pegangan-kasing-bermuatan-pegas-hag01-2\/#primaryimage\",\"url\":\"https:\/\/sxflightcase.com\/wp-content\/uploads\/2024\/08\/HAG01.jpg\",\"contentUrl\":\"https:\/\/sxflightcase.com\/wp-content\/uploads\/2024\/08\/HAG01.jpg\",\"width\":700,\"height\":700,\"caption\":\"Spring Loaded Case Handle\"},{\"@type\":\"BreadcrumbList\",\"@id\":\"https:\/\/sxflightcase.com\/id\/produk\/pegangan-kasing-bermuatan-pegas-hag01-2\/#breadcrumb\",\"itemListElement\":[{\"@type\":\"ListItem\",\"position\":1,\"name\":\"Home\",\"item\":\"https:\/\/sxflightcase.com\/\"},{\"@type\":\"ListItem\",\"position\":2,\"name\":\"\u0e2a\u0e34\u0e19\u0e04\u0e49\u0e32\",\"item\":\"https:\/\/sxflightcase.com\/th\/shop\/\"},{\"@type\":\"ListItem\",\"position\":3,\"name\":\"Spring Loaded Case Handle HAG01\"}]},{\"@type\":\"WebSite\",\"@id\":\"https:\/\/sxflightcase.com\/th\/#website\",\"url\":\"https:\/\/sxflightcase.com\/th\/\",\"name\":\"sxpowercase.com\",\"description\":\"Flight Case Factory\",\"publisher\":{\"@id\":\"https:\/\/sxflightcase.com\/th\/#organization\"},\"potentialAction\":[{\"@type\":\"SearchAction\",\"target\":{\"@type\":\"EntryPoint\",\"urlTemplate\":\"https:\/\/sxflightcase.com\/th\/?s={search_term_string}\"},\"query-input\":{\"@type\":\"PropertyValueSpecification\",\"valueRequired\":true,\"valueName\":\"search_term_string\"}}],\"inLanguage\":\"de\"},{\"@type\":\"Organization\",\"@id\":\"https:\/\/sxflightcase.com\/th\/#organization\",\"name\":\"sxpowercase.com\",\"url\":\"https:\/\/sxflightcase.com\/th\/\",\"logo\":{\"@type\":\"ImageObject\",\"inLanguage\":\"de\",\"@id\":\"https:\/\/sxflightcase.com\/th\/#\/schema\/logo\/image\/\",\"url\":\"https:\/\/sxflightcase.com\/wp-content\/uploads\/2024\/04\/1713919036007.jpg\",\"contentUrl\":\"https:\/\/sxflightcase.com\/wp-content\/uploads\/2024\/04\/1713919036007.jpg\",\"width\":382,\"height\":388,\"caption\":\"sxpowercase.com\"},\"image\":{\"@id\":\"https:\/\/sxflightcase.com\/th\/#\/schema\/logo\/image\/\"},\"sameAs\":[\"https:\/\/www.facebook.com\/profile.php?id=61560407257971\"],\"numberOfEmployees\":{\"@type\":\"QuantitativeValue\",\"minValue\":\"11\",\"maxValue\":\"50\"}}]}<\/script>\n<!-- \/ Yoast SEO Premium plugin. -->","yoast_head_json":{"title":"Spring Loaded Case Handle HAG01 - https:\/\/sxflightcase.com \ud83d\udc97","description":"Federbelasteter Koffergriff, direkt ab Werk! Hochwertige, strapazierf\u00e4hige Griffe, die f\u00fcr einen sicheren und bequemen Transport entwickelt wurden und einziehbar sind. Perfekt f\u00fcr professionelle und industrielle Koffer.","robots":{"index":"index","follow":"follow","max-snippet":"max-snippet:-1","max-image-preview":"max-image-preview:large","max-video-preview":"max-video-preview:-1"},"canonical":"https:\/\/sxflightcase.com\/de\/produk\/pegangan-kasing-bermuatan-pegas-hag01-2\/","og_locale":"de_DE","og_type":"article","og_title":"Spring Loaded Case Handle HAG01","og_description":"Spring-loaded case handle, factory direct! High-quality, durable handles designed for secure and comfortable transport with a retractable feature. Perfect for professional and industrial cases.","og_url":"https:\/\/sxflightcase.com\/de\/produk\/pegangan-kasing-bermuatan-pegas-hag01-2\/","og_site_name":"https:\/\/sxflightcase.com","article_publisher":"https:\/\/www.facebook.com\/profile.php?id=61560407257971","article_modified_time":"2024-08-10T06:33:08+00:00","og_image":[{"width":700,"height":700,"url":"https:\/\/sxflightcase.com\/wp-content\/uploads\/2024\/08\/HAG01.jpg","type":"image\/jpeg"}],"twitter_card":"summary_large_image","twitter_misc":{"Gesch\u00e4tzte Lesezeit":"3\u00a0Minuten"},"schema":{"@context":"https:\/\/schema.org","@graph":[{"@type":"WebPage","@id":"https:\/\/sxflightcase.com\/id\/produk\/pegangan-kasing-bermuatan-pegas-hag01-2\/","url":"https:\/\/sxflightcase.com\/id\/produk\/pegangan-kasing-bermuatan-pegas-hag01-2\/","name":"Spring Loaded Case Handle HAG01 - https:\/\/sxflightcase.com \ud83d\udc97","isPartOf":{"@id":"https:\/\/sxflightcase.com\/th\/#website"},"primaryImageOfPage":{"@id":"https:\/\/sxflightcase.com\/id\/produk\/pegangan-kasing-bermuatan-pegas-hag01-2\/#primaryimage"},"image":{"@id":"https:\/\/sxflightcase.com\/id\/produk\/pegangan-kasing-bermuatan-pegas-hag01-2\/#primaryimage"},"thumbnailUrl":"https:\/\/sxflightcase.com\/wp-content\/uploads\/2024\/08\/HAG01.jpg","datePublished":"2024-08-10T06:33:07+00:00","dateModified":"2024-08-10T06:33:08+00:00","description":"Federbelasteter Koffergriff, direkt ab Werk! Hochwertige, strapazierf\u00e4hige Griffe, die f\u00fcr einen sicheren und bequemen Transport entwickelt wurden und einziehbar sind. Perfekt f\u00fcr professionelle und industrielle Koffer.","breadcrumb":{"@id":"https:\/\/sxflightcase.com\/id\/produk\/pegangan-kasing-bermuatan-pegas-hag01-2\/#breadcrumb"},"inLanguage":"de","potentialAction":[{"@type":"ReadAction","target":["https:\/\/sxflightcase.com\/id\/produk\/pegangan-kasing-bermuatan-pegas-hag01-2\/"]}]},{"@type":"ImageObject","inLanguage":"de","@id":"https:\/\/sxflightcase.com\/id\/produk\/pegangan-kasing-bermuatan-pegas-hag01-2\/#primaryimage","url":"https:\/\/sxflightcase.com\/wp-content\/uploads\/2024\/08\/HAG01.jpg","contentUrl":"https:\/\/sxflightcase.com\/wp-content\/uploads\/2024\/08\/HAG01.jpg","width":700,"height":700,"caption":"Spring Loaded Case Handle"},{"@type":"BreadcrumbList","@id":"https:\/\/sxflightcase.com\/id\/produk\/pegangan-kasing-bermuatan-pegas-hag01-2\/#breadcrumb","itemListElement":[{"@type":"ListItem","position":1,"name":"Home","item":"https:\/\/sxflightcase.com\/"},{"@type":"ListItem","position":2,"name":"\u0e2a\u0e34\u0e19\u0e04\u0e49\u0e32","item":"https:\/\/sxflightcase.com\/th\/shop\/"},{"@type":"ListItem","position":3,"name":"Spring Loaded Case Handle HAG01"}]},{"@type":"WebSite","@id":"https:\/\/sxflightcase.com\/th\/#website","url":"https:\/\/sxflightcase.com\/th\/","name":"www.sxpowercase.com","description":"Flight Case Fabrik","publisher":{"@id":"https:\/\/sxflightcase.com\/th\/#organization"},"potentialAction":[{"@type":"SearchAction","target":{"@type":"EntryPoint","urlTemplate":"https:\/\/sxflightcase.com\/th\/?s={search_term_string}"},"query-input":{"@type":"PropertyValueSpecification","valueRequired":true,"valueName":"search_term_string"}}],"inLanguage":"de"},{"@type":"Organization","@id":"https:\/\/sxflightcase.com\/th\/#organization","name":"www.sxpowercase.com","url":"https:\/\/sxflightcase.com\/th\/","logo":{"@type":"ImageObject","inLanguage":"de","@id":"https:\/\/sxflightcase.com\/th\/#\/schema\/logo\/image\/","url":"https:\/\/sxflightcase.com\/wp-content\/uploads\/2024\/04\/1713919036007.jpg","contentUrl":"https:\/\/sxflightcase.com\/wp-content\/uploads\/2024\/04\/1713919036007.jpg","width":382,"height":388,"caption":"sxpowercase.com"},"image":{"@id":"https:\/\/sxflightcase.com\/th\/#\/schema\/logo\/image\/"},"sameAs":["https:\/\/www.facebook.com\/profile.php?id=61560407257971"],"numberOfEmployees":{"@type":"QuantitativeValue","minValue":"11","maxValue":"50"}}]}},"_links":{"self":[{"href":"https:\/\/sxflightcase.com\/de\/wp-json\/wp\/v2\/product\/4058","targetHints":{"allow":["GET"]}}],"collection":[{"href":"https:\/\/sxflightcase.com\/de\/wp-json\/wp\/v2\/product"}],"about":[{"href":"https:\/\/sxflightcase.com\/de\/wp-json\/wp\/v2\/types\/product"}],"replies":[{"embeddable":true,"href":"https:\/\/sxflightcase.com\/de\/wp-json\/wp\/v2\/comments?post=4058"}],"version-history":[{"count":0,"href":"https:\/\/sxflightcase.com\/de\/wp-json\/wp\/v2\/product\/4058\/revisions"}],"wp:featuredmedia":[{"embeddable":true,"href":"https:\/\/sxflightcase.com\/de\/wp-json\/wp\/v2\/media\/4034"}],"wp:attachment":[{"href":"https:\/\/sxflightcase.com\/de\/wp-json\/wp\/v2\/media?parent=4058"}],"wp:term":[{"taxonomy":"product_brand","embeddable":true,"href":"https:\/\/sxflightcase.com\/de\/wp-json\/wp\/v2\/product_brand?post=4058"},{"taxonomy":"product_cat","embeddable":true,"href":"https:\/\/sxflightcase.com\/de\/wp-json\/wp\/v2\/product_cat?post=4058"},{"taxonomy":"product_tag","embeddable":true,"href":"https:\/\/sxflightcase.com\/de\/wp-json\/wp\/v2\/product_tag?post=4058"}],"curies":[{"name":"wp","href":"https:\/\/api.w.org\/{rel}","templated":true}]}}