{"id":4111,"date":"2024-08-14T09:34:10","date_gmt":"2024-08-14T08:34:10","guid":{"rendered":"https:\/\/sxpowercase.com\/?post_type=product&#038;p=4111"},"modified":"2024-08-14T09:34:11","modified_gmt":"2024-08-14T08:34:11","slug":"flight-case-ball-corners-coa107","status":"publish","type":"product","link":"https:\/\/sxflightcase.com\/de\/produkt\/flight-case-kugelecken-coa107\/","title":{"rendered":"Flight Case Kugelecken COA107"},"content":{"rendered":"<h3>Sichern Sie Ihre Ausr\u00fcstung mit SX Flight Case-Kugelecken<\/h3>\n<h4>Maximaler Schutz f\u00fcr Ihre Ausr\u00fcstung<\/h4>\n<p>Wenn Sie empfindliche Ger\u00e4te transportieren, ist das Letzte, was Sie brauchen, eine Besch\u00e4digung Ihres Koffers oder seines Inhalts. Hier kommt SX's <strong>Flight Case Kugelecken<\/strong> kommen in. Diese robusten Ecken sind so konzipiert, dass sie St\u00f6\u00dfe absorbieren und Ihre Ausr\u00fcstung w\u00e4hrend des Transports optimal sch\u00fctzen. Mit <a href=\"https:\/\/sxpowercase.com\/\" target=\"_blank\" rel=\"noopener\" title=\"SX\" data-wpil-monitor-id=\"661\">SX<\/a>erhalten Sie Qualit\u00e4t direkt vom Hersteller, der Sie vertrauen k\u00f6nnen, und das zu einem wettbewerbsf\u00e4higen Preis.<\/p>\n<h4>Gebaut f\u00fcr die Ewigkeit<\/h4>\n<p>Unser <strong>Flight Case Kugelecken<\/strong> sind aus hochwertigen Materialien gefertigt, um Langlebigkeit und Haltbarkeit zu gew\u00e4hrleisten. Ganz gleich, ob Ihre Koffer h\u00e4ufig unterwegs sind oder lange Zeit gelagert werden, diese Kugelecken werden sich im Laufe der Zeit bew\u00e4hren. SX hat sich der Bereitstellung von Produkten verschrieben, die unabh\u00e4ngig von den Bedingungen eine au\u00dfergew\u00f6hnliche Leistung erbringen.<\/p>\n<h4>Einfach zu installieren, sofort einsatzbereit<\/h4>\n<p>SX <strong>Flight Case Kugelecken<\/strong> sind f\u00fcr eine unkomplizierte Installation konzipiert und passen nahtlos in eine Vielzahl von Geh\u00e4usetypen. Diese universelle Kompatibilit\u00e4t macht es einfach, Ihre vorhandenen Geh\u00e4use aufzur\u00fcsten oder sie in neue Konstruktionen zu integrieren. Mit ihrem schlanken Design verleihen diese Kugelecken Ihren Geh\u00e4usen sowohl Funktionalit\u00e4t als auch \u00c4sthetik.<\/p>\n<h4>Individuelle L\u00f6sungen f\u00fcr einzigartige Bed\u00fcrfnisse<\/h4>\n<p>SX ist sich bewusst, dass unterschiedliche Projekte unterschiedliche L\u00f6sungen erfordern. Deshalb bieten wir Anpassungsm\u00f6glichkeiten f\u00fcr unsere <strong>Flight Case Kugelecken<\/strong>. Ganz gleich, ob Sie eine bestimmte Gr\u00f6\u00dfe, Form oder Ausf\u00fchrung ben\u00f6tigen, SX kann unsere Produkte genau auf Ihre Anforderungen zuschneiden. Unser Engagement f\u00fcr Flexibilit\u00e4t gew\u00e4hrleistet, dass Sie genau das bekommen, was Sie brauchen.<\/p>\n<h4>Qualit\u00e4t, die Sie sich leisten k\u00f6nnen<\/h4>\n<p>Wir bei SX glauben daran, dass wir erstklassige Produkte anbieten k\u00f6nnen, ohne dass diese einen hohen Preis haben. Durch Herstellung und Direktverkauf k\u00f6nnen wir Folgendes anbieten <strong>Flight Case Kugelecken<\/strong> zu Preisen, die kaum zu schlagen sind. Dieser direkte Ansatz gew\u00e4hrleistet, dass Sie hochwertige Hardware zu einem Bruchteil der Kosten erhalten, was es einfacher macht, Ihr Budget einzuhalten.<\/p>\n<h4>Vertrauen bei Fachleuten<\/h4>\n<p>SXs <strong>Flight Case Ballecke<\/strong>\u00a0sind eine vertrauensw\u00fcrdige Wahl unter Fachleuten, die das Beste an Kofferbeschl\u00e4gen verlangen. Diese Ecken sind f\u00fcr ihre Zuverl\u00e4ssigkeit und St\u00e4rke bekannt und haben sich zu einer festen Gr\u00f6\u00dfe in der Branche entwickelt. Wenn Sie sich f\u00fcr SX entscheiden, entscheiden Sie sich f\u00fcr Qualit\u00e4t, die von einer Marke unterst\u00fctzt wird, die Ihre Zufriedenheit in den Vordergrund stellt.<\/p>\n<h4>Kontaktieren Sie uns heute<\/h4>\n<p>Wenn Sie bereit sind, Ihre Flightcases mit SX <strong>Flight Case Ballecke<\/strong>wenden Sie sich noch heute an uns. Unser Team hilft Ihnen gerne, die perfekte L\u00f6sung f\u00fcr Ihre Bed\u00fcrfnisse zu finden. Mit SX investieren Sie in Schutz, Langlebigkeit und Seelenfrieden - und das alles zu einem Preis, der Sie begeistern wird.<\/p>\n<p>Jetzt kontaktieren:<span style=\"color: #0000ff;\"><a style=\"color: #0000ff;\" href=\"https:\/\/sxpowercase.com\/contact-us\/\">https:\/\/sxpowercase.com\/<\/a><\/span><\/p>\n<p>Hardware-Produktkatalog:<span style=\"color: #3366ff;\"><a style=\"color: #3366ff;\" href=\"https:\/\/sxpowercase.com\/wp-content\/uploads\/2024\/07\/\u4e94\u91d1.pdf\">Hardware-Zubeh\u00f6rkatalog<\/a><\/span><\/p>","protected":false},"excerpt":{"rendered":"<h3>SX Flight Case Kugelecken: Un\u00fcbertroffener Schutz<\/h3>\n<p>Sch\u00fctzen Sie Ihre Ausr\u00fcstung mit den robusten Kugelecken des Flight Case von SX, die St\u00f6\u00dfe absorbieren und Sch\u00e4den w\u00e4hrend des Transports verhindern. Genie\u00dfen Sie erstklassigen Schutz zu einem g\u00fcnstigen Preis.<\/p>\n<h3>Langlebig und einfach zu installieren<\/h3>\n<p>SX Ball Corners werden aus hochwertigen Materialien gefertigt und sind daher sehr langlebig. Sie sind einfach zu installieren und passen nahtlos zu verschiedenen Geh\u00e4usetypen, um sowohl den Schutz als auch den Stil zu verbessern.<\/p>\n<h3>Anpassbare L\u00f6sungen zu Direktpreisen ab Werk<\/h3>\n<p>SX bietet individuell anpassbare Kugelecken, die Ihren speziellen Anforderungen gerecht werden und Ihnen einen hochwertigen, ma\u00dfgeschneiderten Schutz bieten, ohne dass Sie daf\u00fcr einen hohen Preis zahlen m\u00fcssen.<\/p>","protected":false},"featured_media":4079,"comment_status":"open","ping_status":"closed","template":"","meta":[],"product_brand":[],"product_cat":[63],"product_tag":[],"class_list":{"0":"post-4111","1":"product","2":"type-product","3":"status-publish","4":"has-post-thumbnail","6":"product_cat-corners","8":"first","9":"instock","10":"shipping-taxable","11":"product-type-simple"},"yoast_head":"<!-- This site is optimized with the Yoast SEO Premium plugin v27.1 (Yoast SEO v27.2) - https:\/\/yoast.com\/product\/yoast-seo-premium-wordpress\/ -->\n<title>Flight Case Ball Corners COA107 - https:\/\/sxflightcase.com \ud83d\udc97<\/title>\n<meta name=\"description\" content=\"Flight case ball corners, factory direct! Durable protection for case edges, preventing damage during transport. High-quality and reliable for long-lasting equipment safety.\" \/>\n<meta name=\"robots\" content=\"index, follow, max-snippet:-1, max-image-preview:large, max-video-preview:-1\" \/>\n<link rel=\"canonical\" href=\"https:\/\/sxflightcase.com\/de\/\u4ea7\u54c1\/\u98de\u884c\u7bb1\u7403\u89d2-coa107\/\" \/>\n<meta property=\"og:locale\" content=\"de_DE\" \/>\n<meta property=\"og:type\" content=\"article\" \/>\n<meta property=\"og:title\" content=\"Flight Case Ball Corners COA107\" \/>\n<meta property=\"og:description\" content=\"Flight case ball corners, factory direct! Durable protection for case edges, preventing damage during transport. High-quality and reliable for long-lasting equipment safety.\" \/>\n<meta property=\"og:url\" content=\"https:\/\/sxflightcase.com\/de\/\u4ea7\u54c1\/\u98de\u884c\u7bb1\u7403\u89d2-coa107\/\" \/>\n<meta property=\"og:site_name\" content=\"https:\/\/sxflightcase.com\" \/>\n<meta property=\"article:publisher\" content=\"https:\/\/www.facebook.com\/profile.php?id=61560407257971\" \/>\n<meta property=\"article:modified_time\" content=\"2024-08-14T08:34:11+00:00\" \/>\n<meta property=\"og:image\" content=\"https:\/\/sxflightcase.com\/wp-content\/uploads\/2024\/08\/COA107.jpg\" \/>\n\t<meta property=\"og:image:width\" content=\"520\" \/>\n\t<meta property=\"og:image:height\" content=\"520\" \/>\n\t<meta property=\"og:image:type\" content=\"image\/jpeg\" \/>\n<meta name=\"twitter:card\" content=\"summary_large_image\" \/>\n<meta name=\"twitter:label1\" content=\"Gesch\u00e4tzte Lesezeit\" \/>\n\t<meta name=\"twitter:data1\" content=\"3\u00a0Minuten\" \/>\n<script type=\"application\/ld+json\" class=\"yoast-schema-graph\">{\"@context\":\"https:\/\/schema.org\",\"@graph\":[{\"@type\":\"WebPage\",\"@id\":\"https:\/\/sxflightcase.com\/zh\/\u4ea7\u54c1\/\u98de\u884c\u7bb1\u7403\u89d2-coa107\/\",\"url\":\"https:\/\/sxflightcase.com\/zh\/\u4ea7\u54c1\/\u98de\u884c\u7bb1\u7403\u89d2-coa107\/\",\"name\":\"Flight Case Ball Corners COA107 - https:\/\/sxflightcase.com \ud83d\udc97\",\"isPartOf\":{\"@id\":\"https:\/\/sxflightcase.com\/th\/#website\"},\"primaryImageOfPage\":{\"@id\":\"https:\/\/sxflightcase.com\/zh\/\u4ea7\u54c1\/\u98de\u884c\u7bb1\u7403\u89d2-coa107\/#primaryimage\"},\"image\":{\"@id\":\"https:\/\/sxflightcase.com\/zh\/\u4ea7\u54c1\/\u98de\u884c\u7bb1\u7403\u89d2-coa107\/#primaryimage\"},\"thumbnailUrl\":\"https:\/\/sxflightcase.com\/wp-content\/uploads\/2024\/08\/COA107.jpg\",\"datePublished\":\"2024-08-14T08:34:10+00:00\",\"dateModified\":\"2024-08-14T08:34:11+00:00\",\"description\":\"Flight case ball corners, factory direct! Durable protection for case edges, preventing damage during transport. High-quality and reliable for long-lasting equipment safety.\",\"breadcrumb\":{\"@id\":\"https:\/\/sxflightcase.com\/zh\/\u4ea7\u54c1\/\u98de\u884c\u7bb1\u7403\u89d2-coa107\/#breadcrumb\"},\"inLanguage\":\"de\",\"potentialAction\":[{\"@type\":\"ReadAction\",\"target\":[\"https:\/\/sxflightcase.com\/zh\/\u4ea7\u54c1\/\u98de\u884c\u7bb1\u7403\u89d2-coa107\/\"]}]},{\"@type\":\"ImageObject\",\"inLanguage\":\"de\",\"@id\":\"https:\/\/sxflightcase.com\/zh\/\u4ea7\u54c1\/\u98de\u884c\u7bb1\u7403\u89d2-coa107\/#primaryimage\",\"url\":\"https:\/\/sxflightcase.com\/wp-content\/uploads\/2024\/08\/COA107.jpg\",\"contentUrl\":\"https:\/\/sxflightcase.com\/wp-content\/uploads\/2024\/08\/COA107.jpg\",\"width\":520,\"height\":520,\"caption\":\"Flight Case Ball Corners\"},{\"@type\":\"BreadcrumbList\",\"@id\":\"https:\/\/sxflightcase.com\/zh\/\u4ea7\u54c1\/\u98de\u884c\u7bb1\u7403\u89d2-coa107\/#breadcrumb\",\"itemListElement\":[{\"@type\":\"ListItem\",\"position\":1,\"name\":\"Home\",\"item\":\"https:\/\/sxflightcase.com\/\"},{\"@type\":\"ListItem\",\"position\":2,\"name\":\"\u0e2a\u0e34\u0e19\u0e04\u0e49\u0e32\",\"item\":\"https:\/\/sxflightcase.com\/th\/shop\/\"},{\"@type\":\"ListItem\",\"position\":3,\"name\":\"Flight Case Ball Corners COA107\"}]},{\"@type\":\"WebSite\",\"@id\":\"https:\/\/sxflightcase.com\/th\/#website\",\"url\":\"https:\/\/sxflightcase.com\/th\/\",\"name\":\"sxpowercase.com\",\"description\":\"Flight Case Factory\",\"publisher\":{\"@id\":\"https:\/\/sxflightcase.com\/th\/#organization\"},\"potentialAction\":[{\"@type\":\"SearchAction\",\"target\":{\"@type\":\"EntryPoint\",\"urlTemplate\":\"https:\/\/sxflightcase.com\/th\/?s={search_term_string}\"},\"query-input\":{\"@type\":\"PropertyValueSpecification\",\"valueRequired\":true,\"valueName\":\"search_term_string\"}}],\"inLanguage\":\"de\"},{\"@type\":\"Organization\",\"@id\":\"https:\/\/sxflightcase.com\/th\/#organization\",\"name\":\"sxpowercase.com\",\"url\":\"https:\/\/sxflightcase.com\/th\/\",\"logo\":{\"@type\":\"ImageObject\",\"inLanguage\":\"de\",\"@id\":\"https:\/\/sxflightcase.com\/th\/#\/schema\/logo\/image\/\",\"url\":\"https:\/\/sxflightcase.com\/wp-content\/uploads\/2024\/04\/1713919036007.jpg\",\"contentUrl\":\"https:\/\/sxflightcase.com\/wp-content\/uploads\/2024\/04\/1713919036007.jpg\",\"width\":382,\"height\":388,\"caption\":\"sxpowercase.com\"},\"image\":{\"@id\":\"https:\/\/sxflightcase.com\/th\/#\/schema\/logo\/image\/\"},\"sameAs\":[\"https:\/\/www.facebook.com\/profile.php?id=61560407257971\"],\"numberOfEmployees\":{\"@type\":\"QuantitativeValue\",\"minValue\":\"11\",\"maxValue\":\"50\"}}]}<\/script>\n<!-- \/ Yoast SEO Premium plugin. -->","yoast_head_json":{"title":"Flight Case Ball Corners COA107 - https:\/\/sxflightcase.com \ud83d\udc97","description":"Flightcase-Kugelecken, direkt ab Werk! Langlebiger Schutz f\u00fcr Kofferkanten, der Besch\u00e4digungen beim Transport verhindert. Hochwertig und zuverl\u00e4ssig f\u00fcr lang anhaltende Ausr\u00fcstungssicherheit.","robots":{"index":"index","follow":"follow","max-snippet":"max-snippet:-1","max-image-preview":"max-image-preview:large","max-video-preview":"max-video-preview:-1"},"canonical":"https:\/\/sxflightcase.com\/de\/\u4ea7\u54c1\/\u98de\u884c\u7bb1\u7403\u89d2-coa107\/","og_locale":"de_DE","og_type":"article","og_title":"Flight Case Ball Corners COA107","og_description":"Flight case ball corners, factory direct! Durable protection for case edges, preventing damage during transport. High-quality and reliable for long-lasting equipment safety.","og_url":"https:\/\/sxflightcase.com\/de\/\u4ea7\u54c1\/\u98de\u884c\u7bb1\u7403\u89d2-coa107\/","og_site_name":"https:\/\/sxflightcase.com","article_publisher":"https:\/\/www.facebook.com\/profile.php?id=61560407257971","article_modified_time":"2024-08-14T08:34:11+00:00","og_image":[{"width":520,"height":520,"url":"https:\/\/sxflightcase.com\/wp-content\/uploads\/2024\/08\/COA107.jpg","type":"image\/jpeg"}],"twitter_card":"summary_large_image","twitter_misc":{"Gesch\u00e4tzte Lesezeit":"3\u00a0Minuten"},"schema":{"@context":"https:\/\/schema.org","@graph":[{"@type":"WebPage","@id":"https:\/\/sxflightcase.com\/zh\/\u4ea7\u54c1\/\u98de\u884c\u7bb1\u7403\u89d2-coa107\/","url":"https:\/\/sxflightcase.com\/zh\/\u4ea7\u54c1\/\u98de\u884c\u7bb1\u7403\u89d2-coa107\/","name":"Flight Case Ball Corners COA107 - https:\/\/sxflightcase.com \ud83d\udc97","isPartOf":{"@id":"https:\/\/sxflightcase.com\/th\/#website"},"primaryImageOfPage":{"@id":"https:\/\/sxflightcase.com\/zh\/\u4ea7\u54c1\/\u98de\u884c\u7bb1\u7403\u89d2-coa107\/#primaryimage"},"image":{"@id":"https:\/\/sxflightcase.com\/zh\/\u4ea7\u54c1\/\u98de\u884c\u7bb1\u7403\u89d2-coa107\/#primaryimage"},"thumbnailUrl":"https:\/\/sxflightcase.com\/wp-content\/uploads\/2024\/08\/COA107.jpg","datePublished":"2024-08-14T08:34:10+00:00","dateModified":"2024-08-14T08:34:11+00:00","description":"Flightcase-Kugelecken, direkt ab Werk! Langlebiger Schutz f\u00fcr Kofferkanten, der Besch\u00e4digungen beim Transport verhindert. Hochwertig und zuverl\u00e4ssig f\u00fcr lang anhaltende Ausr\u00fcstungssicherheit.","breadcrumb":{"@id":"https:\/\/sxflightcase.com\/zh\/\u4ea7\u54c1\/\u98de\u884c\u7bb1\u7403\u89d2-coa107\/#breadcrumb"},"inLanguage":"de","potentialAction":[{"@type":"ReadAction","target":["https:\/\/sxflightcase.com\/zh\/\u4ea7\u54c1\/\u98de\u884c\u7bb1\u7403\u89d2-coa107\/"]}]},{"@type":"ImageObject","inLanguage":"de","@id":"https:\/\/sxflightcase.com\/zh\/\u4ea7\u54c1\/\u98de\u884c\u7bb1\u7403\u89d2-coa107\/#primaryimage","url":"https:\/\/sxflightcase.com\/wp-content\/uploads\/2024\/08\/COA107.jpg","contentUrl":"https:\/\/sxflightcase.com\/wp-content\/uploads\/2024\/08\/COA107.jpg","width":520,"height":520,"caption":"Flight Case Ball Corners"},{"@type":"BreadcrumbList","@id":"https:\/\/sxflightcase.com\/zh\/\u4ea7\u54c1\/\u98de\u884c\u7bb1\u7403\u89d2-coa107\/#breadcrumb","itemListElement":[{"@type":"ListItem","position":1,"name":"Home","item":"https:\/\/sxflightcase.com\/"},{"@type":"ListItem","position":2,"name":"\u0e2a\u0e34\u0e19\u0e04\u0e49\u0e32","item":"https:\/\/sxflightcase.com\/th\/shop\/"},{"@type":"ListItem","position":3,"name":"Flight Case Ball Corners COA107"}]},{"@type":"WebSite","@id":"https:\/\/sxflightcase.com\/th\/#website","url":"https:\/\/sxflightcase.com\/th\/","name":"www.sxpowercase.com","description":"Flight Case Fabrik","publisher":{"@id":"https:\/\/sxflightcase.com\/th\/#organization"},"potentialAction":[{"@type":"SearchAction","target":{"@type":"EntryPoint","urlTemplate":"https:\/\/sxflightcase.com\/th\/?s={search_term_string}"},"query-input":{"@type":"PropertyValueSpecification","valueRequired":true,"valueName":"search_term_string"}}],"inLanguage":"de"},{"@type":"Organization","@id":"https:\/\/sxflightcase.com\/th\/#organization","name":"www.sxpowercase.com","url":"https:\/\/sxflightcase.com\/th\/","logo":{"@type":"ImageObject","inLanguage":"de","@id":"https:\/\/sxflightcase.com\/th\/#\/schema\/logo\/image\/","url":"https:\/\/sxflightcase.com\/wp-content\/uploads\/2024\/04\/1713919036007.jpg","contentUrl":"https:\/\/sxflightcase.com\/wp-content\/uploads\/2024\/04\/1713919036007.jpg","width":382,"height":388,"caption":"sxpowercase.com"},"image":{"@id":"https:\/\/sxflightcase.com\/th\/#\/schema\/logo\/image\/"},"sameAs":["https:\/\/www.facebook.com\/profile.php?id=61560407257971"],"numberOfEmployees":{"@type":"QuantitativeValue","minValue":"11","maxValue":"50"}}]}},"_links":{"self":[{"href":"https:\/\/sxflightcase.com\/de\/wp-json\/wp\/v2\/product\/4111","targetHints":{"allow":["GET"]}}],"collection":[{"href":"https:\/\/sxflightcase.com\/de\/wp-json\/wp\/v2\/product"}],"about":[{"href":"https:\/\/sxflightcase.com\/de\/wp-json\/wp\/v2\/types\/product"}],"replies":[{"embeddable":true,"href":"https:\/\/sxflightcase.com\/de\/wp-json\/wp\/v2\/comments?post=4111"}],"version-history":[{"count":0,"href":"https:\/\/sxflightcase.com\/de\/wp-json\/wp\/v2\/product\/4111\/revisions"}],"wp:featuredmedia":[{"embeddable":true,"href":"https:\/\/sxflightcase.com\/de\/wp-json\/wp\/v2\/media\/4079"}],"wp:attachment":[{"href":"https:\/\/sxflightcase.com\/de\/wp-json\/wp\/v2\/media?parent=4111"}],"wp:term":[{"taxonomy":"product_brand","embeddable":true,"href":"https:\/\/sxflightcase.com\/de\/wp-json\/wp\/v2\/product_brand?post=4111"},{"taxonomy":"product_cat","embeddable":true,"href":"https:\/\/sxflightcase.com\/de\/wp-json\/wp\/v2\/product_cat?post=4111"},{"taxonomy":"product_tag","embeddable":true,"href":"https:\/\/sxflightcase.com\/de\/wp-json\/wp\/v2\/product_tag?post=4111"}],"curies":[{"name":"wp","href":"https:\/\/api.w.org\/{rel}","templated":true}]}}