{"id":4120,"date":"2024-08-15T07:54:59","date_gmt":"2024-08-15T06:54:59","guid":{"rendered":"https:\/\/sxpowercase.com\/?post_type=product&#038;p=4120"},"modified":"2024-08-15T07:55:00","modified_gmt":"2024-08-15T06:55:00","slug":"flight-case-corner-coa108","status":"publish","type":"product","link":"https:\/\/sxflightcase.com\/de\/produkt\/flight-case-ecke-coa108-2\/","title":{"rendered":"Flightcase-Ecke COA108"},"content":{"rendered":"<h3>Sichern Sie Ihre Ausr\u00fcstung mit SX Flight Case Corner<\/h3>\n<h4>Ultimativer Schutz f\u00fcr Ihre Ausr\u00fcstung<\/h4>\n<p>Wenn es um den Schutz Ihrer wertvollen Ausr\u00fcstung geht, ist die <strong>Flight Case Ecke<\/strong>\u00a0von SX bieten unschlagbaren Schutz. Diese Ecken sind f\u00fcr harte Bedingungen ausgelegt und sorgen daf\u00fcr, dass Ihre Ausr\u00fcstung w\u00e4hrend des Transports sicher bleibt. Bei SX konzentrieren wir uns darauf, Qualit\u00e4tsprodukte direkt vom Hersteller zu liefern, sodass wir erstklassige Produkte anbieten k\u00f6nnen. <strong>Flight Case Ecke<\/strong>\u00a0zu niedrigen Preisen, ohne Kompromisse bei der Haltbarkeit einzugehen.<\/p>\n<h4>Gebaut f\u00fcr Langlebigkeit und Verl\u00e4sslichkeit<\/h4>\n<p>Gefertigt aus hochwertigen Materialien, <a href=\"https:\/\/sxpowercase.com\/\" target=\"_blank\" rel=\"noopener\" title=\"SX\" data-wpil-monitor-id=\"665\">SX<\/a> <strong>Flightcase-Ecken<\/strong> sind so konstruiert, dass sie erheblichem Verschlei\u00df standhalten. Ganz gleich, ob Sie st\u00e4ndig unterwegs sind oder langfristige Aufbewahrungsl\u00f6sungen ben\u00f6tigen, diese Ecken helfen, Sto\u00dfsch\u00e4den an Ihren Flightcases zu vermeiden. SX ist stolz darauf, zuverl\u00e4ssige und erschwingliche Produkte zu liefern, die die h\u00f6chsten Standards der Branche erf\u00fcllen.<\/p>\n<h4>Einfache Installation und Vielseitigkeit<\/h4>\n<p>Unser <strong>Flightcase-Ecken<\/strong> sind einfach zu installieren und mit einer Vielzahl von Geh\u00e4usedesigns kompatibel. Egal, ob Sie neue Geh\u00e4use bauen oder bestehende aufr\u00fcsten, diese Ecken lassen sich nahtlos integrieren und verbessern sowohl das Aussehen als auch die Funktion Ihrer Geh\u00e4use. Mit SX k\u00f6nnen Sie einen reibungslosen Installationsprozess und eine perfekte Passform erwarten.<\/p>\n<h4>Ma\u00dfgeschneiderte L\u00f6sungen f\u00fcr jede Anforderung<\/h4>\n<p>Wir bei SX wissen, dass jedes Projekt einzigartige Anforderungen stellt. Deshalb ist unser <strong>Flightcase-Ecken<\/strong> sind mit anpassbaren Optionen ausgestattet, um verschiedenen Anforderungen gerecht zu werden. Ganz gleich, ob Sie eine bestimmte Form, Gr\u00f6\u00dfe oder Ausf\u00fchrung ben\u00f6tigen, SX bietet ma\u00dfgeschneiderte L\u00f6sungen, die Ihren W\u00fcnschen entsprechen. Sie erhalten genau das, was Sie brauchen, ohne Kompromisse bei der Qualit\u00e4t oder den Kosten einzugehen.<\/p>\n<h4>Au\u00dfergew\u00f6hnlicher Wert<\/h4>\n<p>Unser Direktvertrieb erm\u00f6glicht es uns, erstklassige <strong>Flightcase-Ecken<\/strong> zu \u00e4u\u00dferst wettbewerbsf\u00e4higen Preisen. SX ist bestrebt, Qualit\u00e4t zu liefern, auf die Sie sich verlassen k\u00f6nnen, und das zu einem Preis, der Sinn macht. Wir konzentrieren uns darauf, Produkte anzubieten, die nicht nur langlebig, sondern auch kosteneffizient sind, sowohl f\u00fcr kleine als auch f\u00fcr gro\u00dfe Projekte.<\/p>\n<h4>Weltweites Vertrauen bei Fachleuten<\/h4>\n<p>SX <strong>Flightcase-Ecken<\/strong> genie\u00dfen das Vertrauen von Fachleuten aus allen Branchen, die sich darauf verlassen, dass ihre Ausr\u00fcstung sicher und einsatzbereit ist. Egal, ob es sich um audiovisuelle Ger\u00e4te, Musikinstrumente oder andere empfindliche Ausr\u00fcstungen handelt, die SX-Ecken sind so konzipiert, dass sie das sch\u00fctzen, was am wichtigsten ist. Wenn Sie sich f\u00fcr SX entscheiden, entscheiden Sie sich f\u00fcr eine Marke, die f\u00fcr Zuverl\u00e4ssigkeit und hervorragende Kundenzufriedenheit bekannt ist.<\/p>\n<h4>Kontaktieren Sie uns noch heute<\/h4>\n<p>Bereit, Ihre F\u00e4lle mit SX zu verbessern <strong>Flightcase-Ecken<\/strong>? Wenden Sie sich noch heute an uns, um die perfekte L\u00f6sung f\u00fcr Ihre Bed\u00fcrfnisse zu finden. Mit SX entscheiden Sie sich f\u00fcr eine Marke, die Qualit\u00e4t, Erschwinglichkeit und fachm\u00e4nnische Verarbeitung kombiniert, um das Beste an Schutzausr\u00fcstung zu liefern.<\/p>\n<p>Jetzt kontaktieren:<span style=\"color: #0000ff;\"><a style=\"color: #0000ff;\" href=\"https:\/\/sxpowercase.com\/contact-us\/\">https:\/\/sxpowercase.com\/<\/a><\/span><\/p>\n<p>Hardware-Produktkatalog:<span style=\"color: #3366ff;\"><a style=\"color: #3366ff;\" href=\"https:\/\/sxpowercase.com\/wp-content\/uploads\/2024\/07\/\u4e94\u91d1.pdf\">Hardware-Zubeh\u00f6rkatalog<\/a><\/span><\/p>","protected":false},"excerpt":{"rendered":"<h3>SX Flight Case-Ecken: Ultimativer Schutz der Ausr\u00fcstung<\/h3>\n<p>Sch\u00fctzen Sie Ihre wertvolle Ausr\u00fcstung mit den SX Flight Case Corners, die f\u00fcr harte Bedingungen entwickelt wurden und Ihre Ausr\u00fcstung w\u00e4hrend des Transports sch\u00fctzen. Holen Sie sich Qualit\u00e4t direkt vom Hersteller zu erschwinglichen Preisen.<\/p>\n<h3>Langlebig und einfach zu installieren<\/h3>\n<p>SX Flight Case Corners sind aus hochwertigen Materialien gefertigt und zeichnen sich durch zuverl\u00e4ssige Haltbarkeit aus. Sie sind einfach zu installieren und mit einer Vielzahl von Koffern kompatibel und bieten nahtlose Integration und verbesserten Schutz.<\/p>\n<h3>Ma\u00dfgeschneiderte L\u00f6sungen zu wettbewerbsf\u00e4higen Preisen<\/h3>\n<p>SX bietet individuell anpassbare Flight Case-Ecken, die auf Ihre Bed\u00fcrfnisse zugeschnitten sind. Profitieren Sie von erstklassiger Qualit\u00e4t und fachm\u00e4nnischer Verarbeitung, ohne Ihr Budget zu sprengen, und genie\u00dfen Sie das Vertrauen von Profis auf der ganzen Welt.<\/p>","protected":false},"featured_media":4081,"comment_status":"open","ping_status":"closed","template":"","meta":[],"product_brand":[],"product_cat":[63],"product_tag":[],"class_list":{"0":"post-4120","1":"product","2":"type-product","3":"status-publish","4":"has-post-thumbnail","6":"product_cat-corners","8":"first","9":"instock","10":"shipping-taxable","11":"product-type-simple"},"yoast_head":"<!-- This site is optimized with the Yoast SEO Premium plugin v27.1 (Yoast SEO v27.2) - https:\/\/yoast.com\/product\/yoast-seo-premium-wordpress\/ -->\n<title>Flight Case Corner COA108 - https:\/\/sxflightcase.com \ud83d\udc97<\/title>\n<meta name=\"description\" content=\"Flight case corner, factory direct! High-quality, durable protection for case edges, ensuring long-lasting reliability during transport. Ideal for safeguarding your equipment.\" \/>\n<meta name=\"robots\" content=\"index, follow, max-snippet:-1, max-image-preview:large, max-video-preview:-1\" \/>\n<link rel=\"canonical\" href=\"https:\/\/sxflightcase.com\/de\/produk\/sudut-kotak-penerbangan-coa108\/\" \/>\n<meta property=\"og:locale\" content=\"de_DE\" \/>\n<meta property=\"og:type\" content=\"article\" \/>\n<meta property=\"og:title\" content=\"Flight Case Corner COA108\" \/>\n<meta property=\"og:description\" content=\"Flight case corner, factory direct! High-quality, durable protection for case edges, ensuring long-lasting reliability during transport. Ideal for safeguarding your equipment.\" \/>\n<meta property=\"og:url\" content=\"https:\/\/sxflightcase.com\/de\/produk\/sudut-kotak-penerbangan-coa108\/\" \/>\n<meta property=\"og:site_name\" content=\"https:\/\/sxflightcase.com\" \/>\n<meta property=\"article:publisher\" content=\"https:\/\/www.facebook.com\/profile.php?id=61560407257971\" \/>\n<meta property=\"article:modified_time\" content=\"2024-08-15T06:55:00+00:00\" \/>\n<meta property=\"og:image\" content=\"https:\/\/sxflightcase.com\/wp-content\/uploads\/2024\/08\/COA109.jpg\" \/>\n\t<meta property=\"og:image:width\" content=\"520\" \/>\n\t<meta property=\"og:image:height\" content=\"520\" \/>\n\t<meta property=\"og:image:type\" content=\"image\/jpeg\" \/>\n<meta name=\"twitter:card\" content=\"summary_large_image\" \/>\n<meta name=\"twitter:label1\" content=\"Gesch\u00e4tzte Lesezeit\" \/>\n\t<meta name=\"twitter:data1\" content=\"3\u00a0Minuten\" \/>\n<script type=\"application\/ld+json\" class=\"yoast-schema-graph\">{\"@context\":\"https:\/\/schema.org\",\"@graph\":[{\"@type\":\"WebPage\",\"@id\":\"https:\/\/sxflightcase.com\/id\/produk\/sudut-kotak-penerbangan-coa108\/\",\"url\":\"https:\/\/sxflightcase.com\/id\/produk\/sudut-kotak-penerbangan-coa108\/\",\"name\":\"Flight Case Corner COA108 - https:\/\/sxflightcase.com \ud83d\udc97\",\"isPartOf\":{\"@id\":\"https:\/\/sxflightcase.com\/th\/#website\"},\"primaryImageOfPage\":{\"@id\":\"https:\/\/sxflightcase.com\/id\/produk\/sudut-kotak-penerbangan-coa108\/#primaryimage\"},\"image\":{\"@id\":\"https:\/\/sxflightcase.com\/id\/produk\/sudut-kotak-penerbangan-coa108\/#primaryimage\"},\"thumbnailUrl\":\"https:\/\/sxflightcase.com\/wp-content\/uploads\/2024\/08\/COA109.jpg\",\"datePublished\":\"2024-08-15T06:54:59+00:00\",\"dateModified\":\"2024-08-15T06:55:00+00:00\",\"description\":\"Flight case corner, factory direct! High-quality, durable protection for case edges, ensuring long-lasting reliability during transport. Ideal for safeguarding your equipment.\",\"breadcrumb\":{\"@id\":\"https:\/\/sxflightcase.com\/id\/produk\/sudut-kotak-penerbangan-coa108\/#breadcrumb\"},\"inLanguage\":\"de\",\"potentialAction\":[{\"@type\":\"ReadAction\",\"target\":[\"https:\/\/sxflightcase.com\/id\/produk\/sudut-kotak-penerbangan-coa108\/\"]}]},{\"@type\":\"ImageObject\",\"inLanguage\":\"de\",\"@id\":\"https:\/\/sxflightcase.com\/id\/produk\/sudut-kotak-penerbangan-coa108\/#primaryimage\",\"url\":\"https:\/\/sxflightcase.com\/wp-content\/uploads\/2024\/08\/COA109.jpg\",\"contentUrl\":\"https:\/\/sxflightcase.com\/wp-content\/uploads\/2024\/08\/COA109.jpg\",\"width\":520,\"height\":520,\"caption\":\"Flight Case Corner\"},{\"@type\":\"BreadcrumbList\",\"@id\":\"https:\/\/sxflightcase.com\/id\/produk\/sudut-kotak-penerbangan-coa108\/#breadcrumb\",\"itemListElement\":[{\"@type\":\"ListItem\",\"position\":1,\"name\":\"Home\",\"item\":\"https:\/\/sxflightcase.com\/\"},{\"@type\":\"ListItem\",\"position\":2,\"name\":\"\u0e2a\u0e34\u0e19\u0e04\u0e49\u0e32\",\"item\":\"https:\/\/sxflightcase.com\/th\/shop\/\"},{\"@type\":\"ListItem\",\"position\":3,\"name\":\"Flight Case Corner COA108\"}]},{\"@type\":\"WebSite\",\"@id\":\"https:\/\/sxflightcase.com\/th\/#website\",\"url\":\"https:\/\/sxflightcase.com\/th\/\",\"name\":\"sxpowercase.com\",\"description\":\"Flight Case Factory\",\"publisher\":{\"@id\":\"https:\/\/sxflightcase.com\/th\/#organization\"},\"potentialAction\":[{\"@type\":\"SearchAction\",\"target\":{\"@type\":\"EntryPoint\",\"urlTemplate\":\"https:\/\/sxflightcase.com\/th\/?s={search_term_string}\"},\"query-input\":{\"@type\":\"PropertyValueSpecification\",\"valueRequired\":true,\"valueName\":\"search_term_string\"}}],\"inLanguage\":\"de\"},{\"@type\":\"Organization\",\"@id\":\"https:\/\/sxflightcase.com\/th\/#organization\",\"name\":\"sxpowercase.com\",\"url\":\"https:\/\/sxflightcase.com\/th\/\",\"logo\":{\"@type\":\"ImageObject\",\"inLanguage\":\"de\",\"@id\":\"https:\/\/sxflightcase.com\/th\/#\/schema\/logo\/image\/\",\"url\":\"https:\/\/sxflightcase.com\/wp-content\/uploads\/2024\/04\/1713919036007.jpg\",\"contentUrl\":\"https:\/\/sxflightcase.com\/wp-content\/uploads\/2024\/04\/1713919036007.jpg\",\"width\":382,\"height\":388,\"caption\":\"sxpowercase.com\"},\"image\":{\"@id\":\"https:\/\/sxflightcase.com\/th\/#\/schema\/logo\/image\/\"},\"sameAs\":[\"https:\/\/www.facebook.com\/profile.php?id=61560407257971\"],\"numberOfEmployees\":{\"@type\":\"QuantitativeValue\",\"minValue\":\"11\",\"maxValue\":\"50\"}}]}<\/script>\n<!-- \/ Yoast SEO Premium plugin. -->","yoast_head_json":{"title":"Flight Case Corner COA108 - https:\/\/sxflightcase.com \ud83d\udc97","description":"Flightcase-Ecke, direkt ab Werk! Hochwertiger, langlebiger Schutz f\u00fcr die Kofferkanten, der f\u00fcr eine dauerhafte Zuverl\u00e4ssigkeit beim Transport sorgt. Ideal f\u00fcr den Schutz Ihrer Ausr\u00fcstung.","robots":{"index":"index","follow":"follow","max-snippet":"max-snippet:-1","max-image-preview":"max-image-preview:large","max-video-preview":"max-video-preview:-1"},"canonical":"https:\/\/sxflightcase.com\/de\/produk\/sudut-kotak-penerbangan-coa108\/","og_locale":"de_DE","og_type":"article","og_title":"Flight Case Corner COA108","og_description":"Flight case corner, factory direct! High-quality, durable protection for case edges, ensuring long-lasting reliability during transport. Ideal for safeguarding your equipment.","og_url":"https:\/\/sxflightcase.com\/de\/produk\/sudut-kotak-penerbangan-coa108\/","og_site_name":"https:\/\/sxflightcase.com","article_publisher":"https:\/\/www.facebook.com\/profile.php?id=61560407257971","article_modified_time":"2024-08-15T06:55:00+00:00","og_image":[{"width":520,"height":520,"url":"https:\/\/sxflightcase.com\/wp-content\/uploads\/2024\/08\/COA109.jpg","type":"image\/jpeg"}],"twitter_card":"summary_large_image","twitter_misc":{"Gesch\u00e4tzte Lesezeit":"3\u00a0Minuten"},"schema":{"@context":"https:\/\/schema.org","@graph":[{"@type":"WebPage","@id":"https:\/\/sxflightcase.com\/id\/produk\/sudut-kotak-penerbangan-coa108\/","url":"https:\/\/sxflightcase.com\/id\/produk\/sudut-kotak-penerbangan-coa108\/","name":"Flight Case Corner COA108 - https:\/\/sxflightcase.com \ud83d\udc97","isPartOf":{"@id":"https:\/\/sxflightcase.com\/th\/#website"},"primaryImageOfPage":{"@id":"https:\/\/sxflightcase.com\/id\/produk\/sudut-kotak-penerbangan-coa108\/#primaryimage"},"image":{"@id":"https:\/\/sxflightcase.com\/id\/produk\/sudut-kotak-penerbangan-coa108\/#primaryimage"},"thumbnailUrl":"https:\/\/sxflightcase.com\/wp-content\/uploads\/2024\/08\/COA109.jpg","datePublished":"2024-08-15T06:54:59+00:00","dateModified":"2024-08-15T06:55:00+00:00","description":"Flightcase-Ecke, direkt ab Werk! Hochwertiger, langlebiger Schutz f\u00fcr die Kofferkanten, der f\u00fcr eine dauerhafte Zuverl\u00e4ssigkeit beim Transport sorgt. Ideal f\u00fcr den Schutz Ihrer Ausr\u00fcstung.","breadcrumb":{"@id":"https:\/\/sxflightcase.com\/id\/produk\/sudut-kotak-penerbangan-coa108\/#breadcrumb"},"inLanguage":"de","potentialAction":[{"@type":"ReadAction","target":["https:\/\/sxflightcase.com\/id\/produk\/sudut-kotak-penerbangan-coa108\/"]}]},{"@type":"ImageObject","inLanguage":"de","@id":"https:\/\/sxflightcase.com\/id\/produk\/sudut-kotak-penerbangan-coa108\/#primaryimage","url":"https:\/\/sxflightcase.com\/wp-content\/uploads\/2024\/08\/COA109.jpg","contentUrl":"https:\/\/sxflightcase.com\/wp-content\/uploads\/2024\/08\/COA109.jpg","width":520,"height":520,"caption":"Flight Case Corner"},{"@type":"BreadcrumbList","@id":"https:\/\/sxflightcase.com\/id\/produk\/sudut-kotak-penerbangan-coa108\/#breadcrumb","itemListElement":[{"@type":"ListItem","position":1,"name":"Home","item":"https:\/\/sxflightcase.com\/"},{"@type":"ListItem","position":2,"name":"\u0e2a\u0e34\u0e19\u0e04\u0e49\u0e32","item":"https:\/\/sxflightcase.com\/th\/shop\/"},{"@type":"ListItem","position":3,"name":"Flight Case Corner COA108"}]},{"@type":"WebSite","@id":"https:\/\/sxflightcase.com\/th\/#website","url":"https:\/\/sxflightcase.com\/th\/","name":"www.sxpowercase.com","description":"Flight Case Fabrik","publisher":{"@id":"https:\/\/sxflightcase.com\/th\/#organization"},"potentialAction":[{"@type":"SearchAction","target":{"@type":"EntryPoint","urlTemplate":"https:\/\/sxflightcase.com\/th\/?s={search_term_string}"},"query-input":{"@type":"PropertyValueSpecification","valueRequired":true,"valueName":"search_term_string"}}],"inLanguage":"de"},{"@type":"Organization","@id":"https:\/\/sxflightcase.com\/th\/#organization","name":"www.sxpowercase.com","url":"https:\/\/sxflightcase.com\/th\/","logo":{"@type":"ImageObject","inLanguage":"de","@id":"https:\/\/sxflightcase.com\/th\/#\/schema\/logo\/image\/","url":"https:\/\/sxflightcase.com\/wp-content\/uploads\/2024\/04\/1713919036007.jpg","contentUrl":"https:\/\/sxflightcase.com\/wp-content\/uploads\/2024\/04\/1713919036007.jpg","width":382,"height":388,"caption":"sxpowercase.com"},"image":{"@id":"https:\/\/sxflightcase.com\/th\/#\/schema\/logo\/image\/"},"sameAs":["https:\/\/www.facebook.com\/profile.php?id=61560407257971"],"numberOfEmployees":{"@type":"QuantitativeValue","minValue":"11","maxValue":"50"}}]}},"_links":{"self":[{"href":"https:\/\/sxflightcase.com\/de\/wp-json\/wp\/v2\/product\/4120","targetHints":{"allow":["GET"]}}],"collection":[{"href":"https:\/\/sxflightcase.com\/de\/wp-json\/wp\/v2\/product"}],"about":[{"href":"https:\/\/sxflightcase.com\/de\/wp-json\/wp\/v2\/types\/product"}],"replies":[{"embeddable":true,"href":"https:\/\/sxflightcase.com\/de\/wp-json\/wp\/v2\/comments?post=4120"}],"version-history":[{"count":0,"href":"https:\/\/sxflightcase.com\/de\/wp-json\/wp\/v2\/product\/4120\/revisions"}],"wp:featuredmedia":[{"embeddable":true,"href":"https:\/\/sxflightcase.com\/de\/wp-json\/wp\/v2\/media\/4081"}],"wp:attachment":[{"href":"https:\/\/sxflightcase.com\/de\/wp-json\/wp\/v2\/media?parent=4120"}],"wp:term":[{"taxonomy":"product_brand","embeddable":true,"href":"https:\/\/sxflightcase.com\/de\/wp-json\/wp\/v2\/product_brand?post=4120"},{"taxonomy":"product_cat","embeddable":true,"href":"https:\/\/sxflightcase.com\/de\/wp-json\/wp\/v2\/product_cat?post=4120"},{"taxonomy":"product_tag","embeddable":true,"href":"https:\/\/sxflightcase.com\/de\/wp-json\/wp\/v2\/product_tag?post=4120"}],"curies":[{"name":"wp","href":"https:\/\/api.w.org\/{rel}","templated":true}]}}