{"id":4123,"date":"2024-08-15T08:06:33","date_gmt":"2024-08-15T07:06:33","guid":{"rendered":"https:\/\/sxpowercase.com\/?post_type=product&#038;p=4123"},"modified":"2024-08-15T08:06:34","modified_gmt":"2024-08-15T07:06:34","slug":"flight-case-corners-coa201","status":"publish","type":"product","link":"https:\/\/sxflightcase.com\/de\/produkt\/flightcase-ecken-coa201-2\/","title":{"rendered":"Flightcase-Ecken COA201"},"content":{"rendered":"<h3>Erh\u00f6hen Sie Ihren Schutz mit SX Flight Case Corners<\/h3>\n<h4>\u00dcberlegener Schutz f\u00fcr zerbrechliche Ausr\u00fcstung<\/h4>\n<p>Wenn Ihre Ausr\u00fcstung unterwegs ist, ist es wichtig, sie vor Sch\u00e4den zu sch\u00fctzen. SX's <strong>Flightcase-Ecken<\/strong> bieten au\u00dfergew\u00f6hnlichen Schutz vor St\u00f6\u00dfen, St\u00fcrzen und t\u00e4glicher Abnutzung. Diese auf Widerstandsf\u00e4higkeit ausgelegten Ecken sorgen daf\u00fcr, dass Ihre Flightcases ihre strukturelle Integrit\u00e4t beibehalten und gleichzeitig eine un\u00fcbertroffene Haltbarkeit aufweisen. Dank der SX-Preise direkt ab Werk erhalten Sie hochwertigen Schutz ohne \u00fcberh\u00f6hte Kosten.<\/p>\n<h4>Gebaut f\u00fcr starke Beanspruchung<\/h4>\n<p>Gefertigt aus hochwertigen Materialien, <a href=\"https:\/\/sxpowercase.com\/\" target=\"_blank\" rel=\"noopener\" title=\"SX\" data-wpil-monitor-id=\"667\">SX<\/a> <strong>Flightcase-Ecken<\/strong> sind so konstruiert, dass sie selbst den h\u00e4rtesten Bedingungen standhalten. Ob auf Tour oder im Lager, diese Ecken sch\u00fctzen Ihre Koffer vor harter Beanspruchung. SX stellt sicher, dass Sie zuverl\u00e4ssige Komponenten erhalten, die robust und dennoch preisg\u00fcnstig sind, sodass Sie sowohl bei Reparaturen als auch bei Ersatzger\u00e4ten sparen k\u00f6nnen.<\/p>\n<h4>Einfache Anwendung und sicherer Sitz<\/h4>\n<p>SX <strong>Flightcase-Ecken<\/strong> sind f\u00fcr eine m\u00fchelose Installation konzipiert und passen perfekt auf verschiedene Geh\u00e4usetypen. Egal, ob Sie \u00e4ltere Koffer nachr\u00fcsten oder neue bauen, diese Ecken verleihen Ihren Koffern eine h\u00f6here Festigkeit und ein gl\u00e4nzendes Aussehen. Mit SX war die Sicherung Ihrer Ger\u00e4te noch nie so einfach und kosteng\u00fcnstig.<\/p>\n<h4>Anpassung an Ihre Bed\u00fcrfnisse<\/h4>\n<p>Jeder Fall hat seine eigenen Anforderungen, und SX bietet <strong>Flightcase-Ecken<\/strong> die auf Ihre speziellen Bed\u00fcrfnisse zugeschnitten werden k\u00f6nnen. Von verschiedenen Formen bis hin zu ma\u00dfgeschneiderten Oberfl\u00e4chen sind unsere Ecken so konzipiert, dass sie sowohl funktionalen als auch \u00e4sthetischen Vorlieben entsprechen. SX bietet vielseitige L\u00f6sungen, ohne Kompromisse beim Preis einzugehen, und gibt Ihnen die Flexibilit\u00e4t, die Sie brauchen.<\/p>\n<h4>Qualit\u00e4t, die Sie sich leisten k\u00f6nnen<\/h4>\n<p>SX kombiniert Einsparungen durch den Direktvertrieb mit einer strengen Qualit\u00e4tskontrolle und bietet <strong>Flight Case Ecke<\/strong>\u00a0die einen au\u00dfergew\u00f6hnlichen Wert bieten. Unsere Preise sind so gestaltet, dass sie wettbewerbsf\u00e4hig sind, ohne die Haltbarkeit und den Schutz zu beeintr\u00e4chtigen, die Ihre F\u00e4lle erfordern. Ganz gleich, ob Ihr Bedarf klein oder industriell ist, SX bietet die perfekte Mischung aus Erschwinglichkeit und Qualit\u00e4t.<\/p>\n<h4>Weltweites Vertrauen bei Experten<\/h4>\n<p>Fachleute aus verschiedenen Branchen vertrauen auf SX <strong>Flightcase-Ecken<\/strong> f\u00fcr ihre bew\u00e4hrte Zuverl\u00e4ssigkeit und lang anhaltende Leistung. Ganz gleich, ob Sie mit Audioger\u00e4ten, Beleuchtungsanlagen oder anderen empfindlichen Werkzeugen hantieren, unsere Ecken bieten robusten Schutz, der auch rauer Behandlung standh\u00e4lt. Wenn es um den Schutz Ihrer Ausr\u00fcstung geht, vertrauen Sie auf die Marke, die Experten w\u00e4hlen - SX.<\/p>\n<h4>Kontaktieren Sie uns f\u00fcr die besten L\u00f6sungen<\/h4>\n<p>Auf der Suche nach dem richtigen <strong>Flightcase-Ecken<\/strong> f\u00fcr Ihre Bed\u00fcrfnisse? Wenden Sie sich noch heute an SX, um mehr \u00fcber unsere anpassbaren Optionen und wettbewerbsf\u00e4higen Preise zu erfahren. SX ist bekannt f\u00fcr seine Qualit\u00e4tsprodukte und sein au\u00dfergew\u00f6hnliches Preis-Leistungs-Verh\u00e4ltnis und damit die erste Adresse f\u00fcr Fachleute, die zuverl\u00e4ssige L\u00f6sungen suchen, die nicht das Budget sprengen.<\/p>\n<p>Jetzt kontaktieren:<span style=\"color: #0000ff;\"><a style=\"color: #0000ff;\" href=\"https:\/\/sxpowercase.com\/contact-us\/\">https:\/\/sxpowercase.com\/<\/a><\/span><\/p>\n<p>Hardware-Produktkatalog:<span style=\"color: #3366ff;\"><a style=\"color: #3366ff;\" href=\"https:\/\/sxpowercase.com\/wp-content\/uploads\/2024\/07\/\u4e94\u91d1.pdf\">Hardware-Zubeh\u00f6rkatalog<\/a><\/span><\/p>","protected":false},"excerpt":{"rendered":"<h3>SX Flight Case-Ecken: \u00dcberlegener Schutz der Ausr\u00fcstung<\/h3>\n<p>Sch\u00fctzen Sie Ihre empfindlichen Ger\u00e4te mit den SX Flight Case Corners, die St\u00f6\u00dfen, St\u00fcrzen und t\u00e4glichem Verschlei\u00df standhalten. Holen Sie sich Premium-Qualit\u00e4t zum Direktpreis und sichern Sie sich zuverl\u00e4ssigen Schutz ohne \u00fcberh\u00f6hte Kosten.<\/p>\n<h3>Einfache Installation, robuste Leistung<\/h3>\n<p>SX Flight Case Corners sind f\u00fcr starke Beanspruchung und m\u00fchelose Anwendung ausgelegt. Egal, ob Sie alte Koffer aufr\u00fcsten oder neue zusammenbauen, diese Ecken erh\u00f6hen die Festigkeit und bieten ein poliertes Aussehen.<\/p>\n<h3>Ma\u00dfgeschneiderte L\u00f6sungen zu erschwinglichen Preisen<\/h3>\n<p>SX bietet individuell anpassbare Flight Case Corners, die genau auf Ihre Bed\u00fcrfnisse zugeschnitten sind und Vielseitigkeit mit Erschwinglichkeit verbinden. SX genie\u00dft weltweit das Vertrauen von Fachleuten und liefert Qualit\u00e4t, auf die Sie sich verlassen k\u00f6nnen.<\/p>","protected":false},"featured_media":4083,"comment_status":"open","ping_status":"closed","template":"","meta":[],"product_brand":[],"product_cat":[63],"product_tag":[],"class_list":{"0":"post-4123","1":"product","2":"type-product","3":"status-publish","4":"has-post-thumbnail","6":"product_cat-corners","8":"first","9":"instock","10":"shipping-taxable","11":"product-type-simple"},"yoast_head":"<!-- This site is optimized with the Yoast SEO Premium plugin v27.1 (Yoast SEO v27.2) - https:\/\/yoast.com\/product\/yoast-seo-premium-wordpress\/ -->\n<title>Flight Case Corners COA201 - https:\/\/sxflightcase.com \ud83d\udc97<\/title>\n<meta name=\"description\" content=\"Flight case corners, factory direct! High-quality, durable edge protection for flight cases. Prevents damage during transport and ensures long-lasting reliability for your equipment.\" \/>\n<meta name=\"robots\" content=\"index, follow, max-snippet:-1, max-image-preview:large, max-video-preview:-1\" \/>\n<link rel=\"canonical\" href=\"https:\/\/sxflightcase.com\/de\/produkt\/flight-case-hjorner-coa201-2\/\" \/>\n<meta property=\"og:locale\" content=\"de_DE\" \/>\n<meta property=\"og:type\" content=\"article\" \/>\n<meta property=\"og:title\" content=\"Flight Case Corners COA201\" \/>\n<meta property=\"og:description\" content=\"Flight case corners, factory direct! High-quality, durable edge protection for flight cases. Prevents damage during transport and ensures long-lasting reliability for your equipment.\" \/>\n<meta property=\"og:url\" content=\"https:\/\/sxflightcase.com\/de\/produkt\/flight-case-hjorner-coa201-2\/\" \/>\n<meta property=\"og:site_name\" content=\"https:\/\/sxflightcase.com\" \/>\n<meta property=\"article:publisher\" content=\"https:\/\/www.facebook.com\/profile.php?id=61560407257971\" \/>\n<meta property=\"article:modified_time\" content=\"2024-08-15T07:06:34+00:00\" \/>\n<meta property=\"og:image\" content=\"https:\/\/sxflightcase.com\/wp-content\/uploads\/2024\/08\/COA201.jpg\" \/>\n\t<meta property=\"og:image:width\" content=\"520\" \/>\n\t<meta property=\"og:image:height\" content=\"551\" \/>\n\t<meta property=\"og:image:type\" content=\"image\/jpeg\" \/>\n<meta name=\"twitter:card\" content=\"summary_large_image\" \/>\n<meta name=\"twitter:label1\" content=\"Gesch\u00e4tzte Lesezeit\" \/>\n\t<meta name=\"twitter:data1\" content=\"3\u00a0Minuten\" \/>\n<script type=\"application\/ld+json\" class=\"yoast-schema-graph\">{\"@context\":\"https:\/\/schema.org\",\"@graph\":[{\"@type\":\"WebPage\",\"@id\":\"https:\/\/sxflightcase.com\/da\/produkt\/flight-case-hjorner-coa201-2\/\",\"url\":\"https:\/\/sxflightcase.com\/da\/produkt\/flight-case-hjorner-coa201-2\/\",\"name\":\"Flight Case Corners COA201 - https:\/\/sxflightcase.com \ud83d\udc97\",\"isPartOf\":{\"@id\":\"https:\/\/sxflightcase.com\/th\/#website\"},\"primaryImageOfPage\":{\"@id\":\"https:\/\/sxflightcase.com\/da\/produkt\/flight-case-hjorner-coa201-2\/#primaryimage\"},\"image\":{\"@id\":\"https:\/\/sxflightcase.com\/da\/produkt\/flight-case-hjorner-coa201-2\/#primaryimage\"},\"thumbnailUrl\":\"https:\/\/sxflightcase.com\/wp-content\/uploads\/2024\/08\/COA201.jpg\",\"datePublished\":\"2024-08-15T07:06:33+00:00\",\"dateModified\":\"2024-08-15T07:06:34+00:00\",\"description\":\"Flight case corners, factory direct! High-quality, durable edge protection for flight cases. Prevents damage during transport and ensures long-lasting reliability for your equipment.\",\"breadcrumb\":{\"@id\":\"https:\/\/sxflightcase.com\/da\/produkt\/flight-case-hjorner-coa201-2\/#breadcrumb\"},\"inLanguage\":\"de\",\"potentialAction\":[{\"@type\":\"ReadAction\",\"target\":[\"https:\/\/sxflightcase.com\/da\/produkt\/flight-case-hjorner-coa201-2\/\"]}]},{\"@type\":\"ImageObject\",\"inLanguage\":\"de\",\"@id\":\"https:\/\/sxflightcase.com\/da\/produkt\/flight-case-hjorner-coa201-2\/#primaryimage\",\"url\":\"https:\/\/sxflightcase.com\/wp-content\/uploads\/2024\/08\/COA201.jpg\",\"contentUrl\":\"https:\/\/sxflightcase.com\/wp-content\/uploads\/2024\/08\/COA201.jpg\",\"width\":520,\"height\":551,\"caption\":\"Flight Case Corners\"},{\"@type\":\"BreadcrumbList\",\"@id\":\"https:\/\/sxflightcase.com\/da\/produkt\/flight-case-hjorner-coa201-2\/#breadcrumb\",\"itemListElement\":[{\"@type\":\"ListItem\",\"position\":1,\"name\":\"Home\",\"item\":\"https:\/\/sxflightcase.com\/\"},{\"@type\":\"ListItem\",\"position\":2,\"name\":\"\u0e2a\u0e34\u0e19\u0e04\u0e49\u0e32\",\"item\":\"https:\/\/sxflightcase.com\/th\/shop\/\"},{\"@type\":\"ListItem\",\"position\":3,\"name\":\"Flight Case Corners COA201\"}]},{\"@type\":\"WebSite\",\"@id\":\"https:\/\/sxflightcase.com\/th\/#website\",\"url\":\"https:\/\/sxflightcase.com\/th\/\",\"name\":\"sxpowercase.com\",\"description\":\"Flight Case Factory\",\"publisher\":{\"@id\":\"https:\/\/sxflightcase.com\/th\/#organization\"},\"potentialAction\":[{\"@type\":\"SearchAction\",\"target\":{\"@type\":\"EntryPoint\",\"urlTemplate\":\"https:\/\/sxflightcase.com\/th\/?s={search_term_string}\"},\"query-input\":{\"@type\":\"PropertyValueSpecification\",\"valueRequired\":true,\"valueName\":\"search_term_string\"}}],\"inLanguage\":\"de\"},{\"@type\":\"Organization\",\"@id\":\"https:\/\/sxflightcase.com\/th\/#organization\",\"name\":\"sxpowercase.com\",\"url\":\"https:\/\/sxflightcase.com\/th\/\",\"logo\":{\"@type\":\"ImageObject\",\"inLanguage\":\"de\",\"@id\":\"https:\/\/sxflightcase.com\/th\/#\/schema\/logo\/image\/\",\"url\":\"https:\/\/sxflightcase.com\/wp-content\/uploads\/2024\/04\/1713919036007.jpg\",\"contentUrl\":\"https:\/\/sxflightcase.com\/wp-content\/uploads\/2024\/04\/1713919036007.jpg\",\"width\":382,\"height\":388,\"caption\":\"sxpowercase.com\"},\"image\":{\"@id\":\"https:\/\/sxflightcase.com\/th\/#\/schema\/logo\/image\/\"},\"sameAs\":[\"https:\/\/www.facebook.com\/profile.php?id=61560407257971\"],\"numberOfEmployees\":{\"@type\":\"QuantitativeValue\",\"minValue\":\"11\",\"maxValue\":\"50\"}}]}<\/script>\n<!-- \/ Yoast SEO Premium plugin. -->","yoast_head_json":{"title":"Flight Case Corners COA201 - https:\/\/sxflightcase.com \ud83d\udc97","description":"Flightcase-Ecken, direkt ab Werk! Hochwertiger, langlebiger Kantenschutz f\u00fcr Flightcases. Verhindert Besch\u00e4digungen beim Transport und sorgt f\u00fcr lang anhaltende Zuverl\u00e4ssigkeit Ihrer Ausr\u00fcstung.","robots":{"index":"index","follow":"follow","max-snippet":"max-snippet:-1","max-image-preview":"max-image-preview:large","max-video-preview":"max-video-preview:-1"},"canonical":"https:\/\/sxflightcase.com\/de\/produkt\/flight-case-hjorner-coa201-2\/","og_locale":"de_DE","og_type":"article","og_title":"Flight Case Corners COA201","og_description":"Flight case corners, factory direct! High-quality, durable edge protection for flight cases. Prevents damage during transport and ensures long-lasting reliability for your equipment.","og_url":"https:\/\/sxflightcase.com\/de\/produkt\/flight-case-hjorner-coa201-2\/","og_site_name":"https:\/\/sxflightcase.com","article_publisher":"https:\/\/www.facebook.com\/profile.php?id=61560407257971","article_modified_time":"2024-08-15T07:06:34+00:00","og_image":[{"width":520,"height":551,"url":"https:\/\/sxflightcase.com\/wp-content\/uploads\/2024\/08\/COA201.jpg","type":"image\/jpeg"}],"twitter_card":"summary_large_image","twitter_misc":{"Gesch\u00e4tzte Lesezeit":"3\u00a0Minuten"},"schema":{"@context":"https:\/\/schema.org","@graph":[{"@type":"WebPage","@id":"https:\/\/sxflightcase.com\/da\/produkt\/flight-case-hjorner-coa201-2\/","url":"https:\/\/sxflightcase.com\/da\/produkt\/flight-case-hjorner-coa201-2\/","name":"Flight Case Corners COA201 - https:\/\/sxflightcase.com \ud83d\udc97","isPartOf":{"@id":"https:\/\/sxflightcase.com\/th\/#website"},"primaryImageOfPage":{"@id":"https:\/\/sxflightcase.com\/da\/produkt\/flight-case-hjorner-coa201-2\/#primaryimage"},"image":{"@id":"https:\/\/sxflightcase.com\/da\/produkt\/flight-case-hjorner-coa201-2\/#primaryimage"},"thumbnailUrl":"https:\/\/sxflightcase.com\/wp-content\/uploads\/2024\/08\/COA201.jpg","datePublished":"2024-08-15T07:06:33+00:00","dateModified":"2024-08-15T07:06:34+00:00","description":"Flightcase-Ecken, direkt ab Werk! Hochwertiger, langlebiger Kantenschutz f\u00fcr Flightcases. Verhindert Besch\u00e4digungen beim Transport und sorgt f\u00fcr lang anhaltende Zuverl\u00e4ssigkeit Ihrer Ausr\u00fcstung.","breadcrumb":{"@id":"https:\/\/sxflightcase.com\/da\/produkt\/flight-case-hjorner-coa201-2\/#breadcrumb"},"inLanguage":"de","potentialAction":[{"@type":"ReadAction","target":["https:\/\/sxflightcase.com\/da\/produkt\/flight-case-hjorner-coa201-2\/"]}]},{"@type":"ImageObject","inLanguage":"de","@id":"https:\/\/sxflightcase.com\/da\/produkt\/flight-case-hjorner-coa201-2\/#primaryimage","url":"https:\/\/sxflightcase.com\/wp-content\/uploads\/2024\/08\/COA201.jpg","contentUrl":"https:\/\/sxflightcase.com\/wp-content\/uploads\/2024\/08\/COA201.jpg","width":520,"height":551,"caption":"Flight Case Corners"},{"@type":"BreadcrumbList","@id":"https:\/\/sxflightcase.com\/da\/produkt\/flight-case-hjorner-coa201-2\/#breadcrumb","itemListElement":[{"@type":"ListItem","position":1,"name":"Home","item":"https:\/\/sxflightcase.com\/"},{"@type":"ListItem","position":2,"name":"\u0e2a\u0e34\u0e19\u0e04\u0e49\u0e32","item":"https:\/\/sxflightcase.com\/th\/shop\/"},{"@type":"ListItem","position":3,"name":"Flight Case Corners COA201"}]},{"@type":"WebSite","@id":"https:\/\/sxflightcase.com\/th\/#website","url":"https:\/\/sxflightcase.com\/th\/","name":"www.sxpowercase.com","description":"Flight Case Fabrik","publisher":{"@id":"https:\/\/sxflightcase.com\/th\/#organization"},"potentialAction":[{"@type":"SearchAction","target":{"@type":"EntryPoint","urlTemplate":"https:\/\/sxflightcase.com\/th\/?s={search_term_string}"},"query-input":{"@type":"PropertyValueSpecification","valueRequired":true,"valueName":"search_term_string"}}],"inLanguage":"de"},{"@type":"Organization","@id":"https:\/\/sxflightcase.com\/th\/#organization","name":"www.sxpowercase.com","url":"https:\/\/sxflightcase.com\/th\/","logo":{"@type":"ImageObject","inLanguage":"de","@id":"https:\/\/sxflightcase.com\/th\/#\/schema\/logo\/image\/","url":"https:\/\/sxflightcase.com\/wp-content\/uploads\/2024\/04\/1713919036007.jpg","contentUrl":"https:\/\/sxflightcase.com\/wp-content\/uploads\/2024\/04\/1713919036007.jpg","width":382,"height":388,"caption":"sxpowercase.com"},"image":{"@id":"https:\/\/sxflightcase.com\/th\/#\/schema\/logo\/image\/"},"sameAs":["https:\/\/www.facebook.com\/profile.php?id=61560407257971"],"numberOfEmployees":{"@type":"QuantitativeValue","minValue":"11","maxValue":"50"}}]}},"_links":{"self":[{"href":"https:\/\/sxflightcase.com\/de\/wp-json\/wp\/v2\/product\/4123","targetHints":{"allow":["GET"]}}],"collection":[{"href":"https:\/\/sxflightcase.com\/de\/wp-json\/wp\/v2\/product"}],"about":[{"href":"https:\/\/sxflightcase.com\/de\/wp-json\/wp\/v2\/types\/product"}],"replies":[{"embeddable":true,"href":"https:\/\/sxflightcase.com\/de\/wp-json\/wp\/v2\/comments?post=4123"}],"version-history":[{"count":0,"href":"https:\/\/sxflightcase.com\/de\/wp-json\/wp\/v2\/product\/4123\/revisions"}],"wp:featuredmedia":[{"embeddable":true,"href":"https:\/\/sxflightcase.com\/de\/wp-json\/wp\/v2\/media\/4083"}],"wp:attachment":[{"href":"https:\/\/sxflightcase.com\/de\/wp-json\/wp\/v2\/media?parent=4123"}],"wp:term":[{"taxonomy":"product_brand","embeddable":true,"href":"https:\/\/sxflightcase.com\/de\/wp-json\/wp\/v2\/product_brand?post=4123"},{"taxonomy":"product_cat","embeddable":true,"href":"https:\/\/sxflightcase.com\/de\/wp-json\/wp\/v2\/product_cat?post=4123"},{"taxonomy":"product_tag","embeddable":true,"href":"https:\/\/sxflightcase.com\/de\/wp-json\/wp\/v2\/product_tag?post=4123"}],"curies":[{"name":"wp","href":"https:\/\/api.w.org\/{rel}","templated":true}]}}