{"id":4144,"date":"2024-08-20T07:44:04","date_gmt":"2024-08-20T06:44:04","guid":{"rendered":"https:\/\/sxpowercase.com\/?post_type=product&#038;p=4144"},"modified":"2024-08-20T07:44:05","modified_gmt":"2024-08-20T06:44:05","slug":"road-case-corner-cob401","status":"publish","type":"product","link":"https:\/\/sxflightcase.com\/de\/produkt\/strasenkoffer-ecke-cob401\/","title":{"rendered":"Road Case Ecke COB401"},"content":{"rendered":"<h3>SX Road Case Corner: Unverzichtbarer Schutz f\u00fcr Ihre Ausr\u00fcstung<\/h3>\n<h4>Robuster Schutz f\u00fcr Ihre wertvollen Ger\u00e4te<\/h4>\n<p>Wenn es darum geht, Ihre Ausr\u00fcstung w\u00e4hrend des Transports zu sch\u00fctzen, ist die <strong>SX <span style=\"color: #3366ff;\"><a style=\"color: #3366ff;\" href=\"https:\/\/sxpowercase.com\/product\/road-case-corner-coa302\/\">Stra\u00dfenkoffer Ecke<\/a><\/span><\/strong> ist die ideale L\u00f6sung f\u00fcr Sie. Diese robusten Ecksch\u00fctzer sind so konstruiert, dass sie St\u00f6\u00dfe absorbieren und so Sch\u00e4den an Ihrem Koffer und dem wertvollen Inhalt verhindern. Ob unterwegs oder im Lager, sie sorgen daf\u00fcr, dass Ihre Ausr\u00fcstung sicher bleibt.<\/p>\n<h4>Langlebige Konstruktion f\u00fcr raue Umgebungen<\/h4>\n<p><a href=\"https:\/\/sxpowercase.com\/\" target=\"_blank\" rel=\"noopener\" title=\"SX\" data-wpil-monitor-id=\"674\">SX<\/a> kennt die Anforderungen des professionellen Einsatzes, weshalb unsere <strong>Stra\u00dfenkoffer-Ecken<\/strong> sind aus robusten, langlebigen Materialien gefertigt. Sie sind so gebaut, dass sie wiederholter Handhabung, rauem Transport und rauen Umgebungen standhalten. Unsere Preise direkt ab Werk bedeuten, dass Sie hohe Qualit\u00e4t zu einem erschwinglichen Preis erhalten, was SX zu einer guten Wahl f\u00fcr zuverl\u00e4ssige Geh\u00e4usekomponenten macht.<\/p>\n<h4>Einfache Installation und perfekte Kompatibilit\u00e4t<\/h4>\n<p>Unser <strong>Stra\u00dfenkoffer-Ecken<\/strong> sind so konzipiert, dass sie auf die meisten Standard-Roadcases passen. Durch die einfache Installation verbessern sie sowohl den Schutz als auch das Aussehen. SX konzentriert sich darauf, Produkte zu liefern, die nahtlos passen, \u00fcberragenden Schutz bieten und einen hervorragenden Wert haben.<\/p>\n<h4>Anpassung an spezifische Bed\u00fcrfnisse<\/h4>\n<p>Unterschiedliche Projekte erfordern unterschiedliche L\u00f6sungen. Aus diesem Grund bietet SX anpassbare Optionen f\u00fcr unsere <strong>Stra\u00dfenkoffer-Ecken<\/strong>. W\u00e4hlen Sie die Gr\u00f6\u00dfe, das Material und die Ausf\u00fchrung, die Ihren Anforderungen an Geh\u00e4use und Schutz entsprechen, und profitieren Sie von den Vorteilen des Direktvertriebs und der Qualit\u00e4tsgarantie.<\/p>\n<h4>Zuverl\u00e4ssige Leistung \u00fcber alle Branchen hinweg<\/h4>\n<p>Fachleute aus den Bereichen Unterhaltung, Produktion und Eventmanagement vertrauen SX, weil sie sich auf die Qualit\u00e4t verlassen k\u00f6nnen. Unser <strong>Stra\u00dfenkoffer-Ecken<\/strong> sind aufgrund ihres robusten Schutzes und ihres g\u00fcnstigen Preises eine bevorzugte Wahl. Mit SX erhalten Sie Komponenten, die langlebig sind, f\u00fcr den praktischen Einsatz konzipiert wurden und zu unschlagbaren Preisen erh\u00e4ltlich sind.<\/p>\n<h4>Erschwingliche Exzellenz mit Fabrikpreisen<\/h4>\n<p>Bei SX verbinden wir Qualit\u00e4t und Kosteneffizienz. Unser <strong>Stra\u00dfenkoffer-Ecken<\/strong> sind zu Preisen direkt vom Hersteller erh\u00e4ltlich und bieten Ihnen ein hervorragendes Preis-Leistungs-Verh\u00e4ltnis. Wir machen es Ihnen leicht, Ihre Koffer mit langlebigen, sch\u00fctzenden Komponenten auszustatten, ohne Ihr Budget zu belasten.<\/p>\n<h4>Hervorragende Qualit\u00e4t zu wettbewerbsf\u00e4higen Preisen<\/h4>\n<p>Wenn Sie sich f\u00fcr SX entscheiden, w\u00e4hlen Sie Produkte, die ein ausgewogenes Verh\u00e4ltnis zwischen Qualit\u00e4t, Langlebigkeit und Erschwinglichkeit bieten. Unser <strong>Stra\u00dfenkoffer-Ecken<\/strong> sind auf die Bed\u00fcrfnisse von Fachleuten zugeschnitten, die sowohl Leistung als auch Wertigkeit ben\u00f6tigen. Wenden Sie sich noch heute an SX, um mehr dar\u00fcber zu erfahren, wie unsere Schutzl\u00f6sungen Ihre Anforderungen im Stra\u00dfenverkehr unterst\u00fctzen k\u00f6nnen.<\/p>\n<p>Jetzt kontaktieren:<span style=\"color: #0000ff;\"><a style=\"color: #0000ff;\" href=\"https:\/\/sxpowercase.com\/contact-us\/\">https:\/\/sxpowercase.com\/<\/a><\/span><\/p>\n<p>Hardware-Produktkatalog:<span style=\"color: #3366ff;\"><a style=\"color: #3366ff;\" href=\"https:\/\/sxpowercase.com\/wp-content\/uploads\/2024\/07\/\u4e94\u91d1.pdf\">Hardware-Zubeh\u00f6rkatalog<\/a><\/span><\/p>","protected":false},"excerpt":{"rendered":"<h3>SX Road Koffer-Ecken: Ultimativer Schutz f\u00fcr Ihre Ausr\u00fcstung<\/h3>\n<p>Sorgen Sie daf\u00fcr, dass Ihre Ausr\u00fcstung mit den SX Road Case Corners sicher bleibt. Diese sto\u00dffesten Ecksch\u00fctzer bieten eine erstklassige Haltbarkeit zu Direktpreisen und sind damit perfekt f\u00fcr den professionellen Einsatz geeignet.<\/p>\n<h3>Robuste Konstruktion f\u00fcr langlebige Leistung<\/h3>\n<p>SX Road Case Corners sind aus robusten Materialien gefertigt, die auch rauen Bedingungen standhalten. Ob f\u00fcr Touren oder Veranstaltungen, vertrauen Sie auf SX f\u00fcr einen zuverl\u00e4ssigen Schutz, der das Budget nicht sprengt.<\/p>\n<h3>Anpassbare Optionen f\u00fcr eine perfekte Passform<\/h3>\n<p>Passen Sie Ihre SX Road Case Corners mit anpassbaren Gr\u00f6\u00dfen und Materialien an. Holen Sie sich genau den Schutz, den Sie brauchen, und kombinieren Sie Qualit\u00e4t mit Erschwinglichkeit.<\/p>","protected":false},"featured_media":4090,"comment_status":"open","ping_status":"closed","template":"","meta":[],"product_brand":[],"product_cat":[63],"product_tag":[],"class_list":{"0":"post-4144","1":"product","2":"type-product","3":"status-publish","4":"has-post-thumbnail","6":"product_cat-corners","8":"first","9":"instock","10":"shipping-taxable","11":"product-type-simple"},"yoast_head":"<!-- This site is optimized with the Yoast SEO Premium plugin v27.1 (Yoast SEO v27.2) - https:\/\/yoast.com\/product\/yoast-seo-premium-wordpress\/ -->\n<title>Road Case Corner COB401 - https:\/\/sxflightcase.com \ud83d\udc97<\/title>\n<meta name=\"description\" content=\"Road case corner, factory direct! Durable, high-quality protection for case edges. Prevents damage during transport, ensuring long-lasting reliability for your equipment. Ideal for heavy-duty use.\" \/>\n<meta name=\"robots\" content=\"index, follow, max-snippet:-1, max-image-preview:large, max-video-preview:-1\" \/>\n<link rel=\"canonical\" href=\"https:\/\/sxflightcase.com\/de\/\u88fd\u54c1\/\u30ed\u30fc\u30c9\u30b1\u30fc\u30b9\u30b3\u30fc\u30ca\u30fc-cob401-2\/\" \/>\n<meta property=\"og:locale\" content=\"de_DE\" \/>\n<meta property=\"og:type\" content=\"article\" \/>\n<meta property=\"og:title\" content=\"Road Case Corner COB401\" \/>\n<meta property=\"og:description\" content=\"Road case corner, factory direct! Durable, high-quality protection for case edges. Prevents damage during transport, ensuring long-lasting reliability for your equipment. Ideal for heavy-duty use.\" \/>\n<meta property=\"og:url\" content=\"https:\/\/sxflightcase.com\/de\/\u88fd\u54c1\/\u30ed\u30fc\u30c9\u30b1\u30fc\u30b9\u30b3\u30fc\u30ca\u30fc-cob401-2\/\" \/>\n<meta property=\"og:site_name\" content=\"https:\/\/sxflightcase.com\" \/>\n<meta property=\"article:publisher\" content=\"https:\/\/www.facebook.com\/profile.php?id=61560407257971\" \/>\n<meta property=\"article:modified_time\" content=\"2024-08-20T06:44:05+00:00\" \/>\n<meta property=\"og:image\" content=\"https:\/\/sxflightcase.com\/wp-content\/uploads\/2024\/08\/COB401.jpg\" \/>\n\t<meta property=\"og:image:width\" content=\"700\" \/>\n\t<meta property=\"og:image:height\" content=\"700\" \/>\n\t<meta property=\"og:image:type\" content=\"image\/jpeg\" \/>\n<meta name=\"twitter:card\" content=\"summary_large_image\" \/>\n<meta name=\"twitter:label1\" content=\"Gesch\u00e4tzte Lesezeit\" \/>\n\t<meta name=\"twitter:data1\" content=\"3\u00a0Minuten\" \/>\n<script type=\"application\/ld+json\" class=\"yoast-schema-graph\">{\"@context\":\"https:\/\/schema.org\",\"@graph\":[{\"@type\":\"WebPage\",\"@id\":\"https:\/\/sxflightcase.com\/ja\/\u88fd\u54c1\/\u30ed\u30fc\u30c9\u30b1\u30fc\u30b9\u30b3\u30fc\u30ca\u30fc-cob401-2\/\",\"url\":\"https:\/\/sxflightcase.com\/ja\/\u88fd\u54c1\/\u30ed\u30fc\u30c9\u30b1\u30fc\u30b9\u30b3\u30fc\u30ca\u30fc-cob401-2\/\",\"name\":\"Road Case Corner COB401 - https:\/\/sxflightcase.com \ud83d\udc97\",\"isPartOf\":{\"@id\":\"https:\/\/sxflightcase.com\/th\/#website\"},\"primaryImageOfPage\":{\"@id\":\"https:\/\/sxflightcase.com\/ja\/\u88fd\u54c1\/\u30ed\u30fc\u30c9\u30b1\u30fc\u30b9\u30b3\u30fc\u30ca\u30fc-cob401-2\/#primaryimage\"},\"image\":{\"@id\":\"https:\/\/sxflightcase.com\/ja\/\u88fd\u54c1\/\u30ed\u30fc\u30c9\u30b1\u30fc\u30b9\u30b3\u30fc\u30ca\u30fc-cob401-2\/#primaryimage\"},\"thumbnailUrl\":\"https:\/\/sxflightcase.com\/wp-content\/uploads\/2024\/08\/COB401.jpg\",\"datePublished\":\"2024-08-20T06:44:04+00:00\",\"dateModified\":\"2024-08-20T06:44:05+00:00\",\"description\":\"Road case corner, factory direct! Durable, high-quality protection for case edges. Prevents damage during transport, ensuring long-lasting reliability for your equipment. Ideal for heavy-duty use.\",\"breadcrumb\":{\"@id\":\"https:\/\/sxflightcase.com\/ja\/\u88fd\u54c1\/\u30ed\u30fc\u30c9\u30b1\u30fc\u30b9\u30b3\u30fc\u30ca\u30fc-cob401-2\/#breadcrumb\"},\"inLanguage\":\"de\",\"potentialAction\":[{\"@type\":\"ReadAction\",\"target\":[\"https:\/\/sxflightcase.com\/ja\/\u88fd\u54c1\/\u30ed\u30fc\u30c9\u30b1\u30fc\u30b9\u30b3\u30fc\u30ca\u30fc-cob401-2\/\"]}]},{\"@type\":\"ImageObject\",\"inLanguage\":\"de\",\"@id\":\"https:\/\/sxflightcase.com\/ja\/\u88fd\u54c1\/\u30ed\u30fc\u30c9\u30b1\u30fc\u30b9\u30b3\u30fc\u30ca\u30fc-cob401-2\/#primaryimage\",\"url\":\"https:\/\/sxflightcase.com\/wp-content\/uploads\/2024\/08\/COB401.jpg\",\"contentUrl\":\"https:\/\/sxflightcase.com\/wp-content\/uploads\/2024\/08\/COB401.jpg\",\"width\":700,\"height\":700,\"caption\":\"Road Case Corner\"},{\"@type\":\"BreadcrumbList\",\"@id\":\"https:\/\/sxflightcase.com\/ja\/\u88fd\u54c1\/\u30ed\u30fc\u30c9\u30b1\u30fc\u30b9\u30b3\u30fc\u30ca\u30fc-cob401-2\/#breadcrumb\",\"itemListElement\":[{\"@type\":\"ListItem\",\"position\":1,\"name\":\"Home\",\"item\":\"https:\/\/sxflightcase.com\/\"},{\"@type\":\"ListItem\",\"position\":2,\"name\":\"\u0e2a\u0e34\u0e19\u0e04\u0e49\u0e32\",\"item\":\"https:\/\/sxflightcase.com\/th\/shop\/\"},{\"@type\":\"ListItem\",\"position\":3,\"name\":\"Road Case Corner COB401\"}]},{\"@type\":\"WebSite\",\"@id\":\"https:\/\/sxflightcase.com\/th\/#website\",\"url\":\"https:\/\/sxflightcase.com\/th\/\",\"name\":\"sxpowercase.com\",\"description\":\"Flight Case Factory\",\"publisher\":{\"@id\":\"https:\/\/sxflightcase.com\/th\/#organization\"},\"potentialAction\":[{\"@type\":\"SearchAction\",\"target\":{\"@type\":\"EntryPoint\",\"urlTemplate\":\"https:\/\/sxflightcase.com\/th\/?s={search_term_string}\"},\"query-input\":{\"@type\":\"PropertyValueSpecification\",\"valueRequired\":true,\"valueName\":\"search_term_string\"}}],\"inLanguage\":\"de\"},{\"@type\":\"Organization\",\"@id\":\"https:\/\/sxflightcase.com\/th\/#organization\",\"name\":\"sxpowercase.com\",\"url\":\"https:\/\/sxflightcase.com\/th\/\",\"logo\":{\"@type\":\"ImageObject\",\"inLanguage\":\"de\",\"@id\":\"https:\/\/sxflightcase.com\/th\/#\/schema\/logo\/image\/\",\"url\":\"https:\/\/sxflightcase.com\/wp-content\/uploads\/2024\/04\/1713919036007.jpg\",\"contentUrl\":\"https:\/\/sxflightcase.com\/wp-content\/uploads\/2024\/04\/1713919036007.jpg\",\"width\":382,\"height\":388,\"caption\":\"sxpowercase.com\"},\"image\":{\"@id\":\"https:\/\/sxflightcase.com\/th\/#\/schema\/logo\/image\/\"},\"sameAs\":[\"https:\/\/www.facebook.com\/profile.php?id=61560407257971\"],\"numberOfEmployees\":{\"@type\":\"QuantitativeValue\",\"minValue\":\"11\",\"maxValue\":\"50\"}}]}<\/script>\n<!-- \/ Yoast SEO Premium plugin. -->","yoast_head_json":{"title":"Road Case Corner COB401 - https:\/\/sxflightcase.com \ud83d\udc97","description":"Stra\u00dfenkoffer-Ecke, direkt ab Werk! Langlebiger, hochwertiger Schutz f\u00fcr Kofferkanten. Verhindert Besch\u00e4digungen w\u00e4hrend des Transports und sorgt so f\u00fcr eine lang anhaltende Zuverl\u00e4ssigkeit Ihrer Ausr\u00fcstung. Ideal f\u00fcr hohe Beanspruchung.","robots":{"index":"index","follow":"follow","max-snippet":"max-snippet:-1","max-image-preview":"max-image-preview:large","max-video-preview":"max-video-preview:-1"},"canonical":"https:\/\/sxflightcase.com\/de\/\u88fd\u54c1\/\u30ed\u30fc\u30c9\u30b1\u30fc\u30b9\u30b3\u30fc\u30ca\u30fc-cob401-2\/","og_locale":"de_DE","og_type":"article","og_title":"Road Case Corner COB401","og_description":"Road case corner, factory direct! Durable, high-quality protection for case edges. Prevents damage during transport, ensuring long-lasting reliability for your equipment. Ideal for heavy-duty use.","og_url":"https:\/\/sxflightcase.com\/de\/\u88fd\u54c1\/\u30ed\u30fc\u30c9\u30b1\u30fc\u30b9\u30b3\u30fc\u30ca\u30fc-cob401-2\/","og_site_name":"https:\/\/sxflightcase.com","article_publisher":"https:\/\/www.facebook.com\/profile.php?id=61560407257971","article_modified_time":"2024-08-20T06:44:05+00:00","og_image":[{"width":700,"height":700,"url":"https:\/\/sxflightcase.com\/wp-content\/uploads\/2024\/08\/COB401.jpg","type":"image\/jpeg"}],"twitter_card":"summary_large_image","twitter_misc":{"Gesch\u00e4tzte Lesezeit":"3\u00a0Minuten"},"schema":{"@context":"https:\/\/schema.org","@graph":[{"@type":"WebPage","@id":"https:\/\/sxflightcase.com\/ja\/\u88fd\u54c1\/\u30ed\u30fc\u30c9\u30b1\u30fc\u30b9\u30b3\u30fc\u30ca\u30fc-cob401-2\/","url":"https:\/\/sxflightcase.com\/ja\/\u88fd\u54c1\/\u30ed\u30fc\u30c9\u30b1\u30fc\u30b9\u30b3\u30fc\u30ca\u30fc-cob401-2\/","name":"Road Case Corner COB401 - https:\/\/sxflightcase.com \ud83d\udc97","isPartOf":{"@id":"https:\/\/sxflightcase.com\/th\/#website"},"primaryImageOfPage":{"@id":"https:\/\/sxflightcase.com\/ja\/\u88fd\u54c1\/\u30ed\u30fc\u30c9\u30b1\u30fc\u30b9\u30b3\u30fc\u30ca\u30fc-cob401-2\/#primaryimage"},"image":{"@id":"https:\/\/sxflightcase.com\/ja\/\u88fd\u54c1\/\u30ed\u30fc\u30c9\u30b1\u30fc\u30b9\u30b3\u30fc\u30ca\u30fc-cob401-2\/#primaryimage"},"thumbnailUrl":"https:\/\/sxflightcase.com\/wp-content\/uploads\/2024\/08\/COB401.jpg","datePublished":"2024-08-20T06:44:04+00:00","dateModified":"2024-08-20T06:44:05+00:00","description":"Stra\u00dfenkoffer-Ecke, direkt ab Werk! Langlebiger, hochwertiger Schutz f\u00fcr Kofferkanten. Verhindert Besch\u00e4digungen w\u00e4hrend des Transports und sorgt so f\u00fcr eine lang anhaltende Zuverl\u00e4ssigkeit Ihrer Ausr\u00fcstung. Ideal f\u00fcr hohe Beanspruchung.","breadcrumb":{"@id":"https:\/\/sxflightcase.com\/ja\/\u88fd\u54c1\/\u30ed\u30fc\u30c9\u30b1\u30fc\u30b9\u30b3\u30fc\u30ca\u30fc-cob401-2\/#breadcrumb"},"inLanguage":"de","potentialAction":[{"@type":"ReadAction","target":["https:\/\/sxflightcase.com\/ja\/\u88fd\u54c1\/\u30ed\u30fc\u30c9\u30b1\u30fc\u30b9\u30b3\u30fc\u30ca\u30fc-cob401-2\/"]}]},{"@type":"ImageObject","inLanguage":"de","@id":"https:\/\/sxflightcase.com\/ja\/\u88fd\u54c1\/\u30ed\u30fc\u30c9\u30b1\u30fc\u30b9\u30b3\u30fc\u30ca\u30fc-cob401-2\/#primaryimage","url":"https:\/\/sxflightcase.com\/wp-content\/uploads\/2024\/08\/COB401.jpg","contentUrl":"https:\/\/sxflightcase.com\/wp-content\/uploads\/2024\/08\/COB401.jpg","width":700,"height":700,"caption":"Road Case Corner"},{"@type":"BreadcrumbList","@id":"https:\/\/sxflightcase.com\/ja\/\u88fd\u54c1\/\u30ed\u30fc\u30c9\u30b1\u30fc\u30b9\u30b3\u30fc\u30ca\u30fc-cob401-2\/#breadcrumb","itemListElement":[{"@type":"ListItem","position":1,"name":"Home","item":"https:\/\/sxflightcase.com\/"},{"@type":"ListItem","position":2,"name":"\u0e2a\u0e34\u0e19\u0e04\u0e49\u0e32","item":"https:\/\/sxflightcase.com\/th\/shop\/"},{"@type":"ListItem","position":3,"name":"Road Case Corner COB401"}]},{"@type":"WebSite","@id":"https:\/\/sxflightcase.com\/th\/#website","url":"https:\/\/sxflightcase.com\/th\/","name":"www.sxpowercase.com","description":"Flight Case Fabrik","publisher":{"@id":"https:\/\/sxflightcase.com\/th\/#organization"},"potentialAction":[{"@type":"SearchAction","target":{"@type":"EntryPoint","urlTemplate":"https:\/\/sxflightcase.com\/th\/?s={search_term_string}"},"query-input":{"@type":"PropertyValueSpecification","valueRequired":true,"valueName":"search_term_string"}}],"inLanguage":"de"},{"@type":"Organization","@id":"https:\/\/sxflightcase.com\/th\/#organization","name":"www.sxpowercase.com","url":"https:\/\/sxflightcase.com\/th\/","logo":{"@type":"ImageObject","inLanguage":"de","@id":"https:\/\/sxflightcase.com\/th\/#\/schema\/logo\/image\/","url":"https:\/\/sxflightcase.com\/wp-content\/uploads\/2024\/04\/1713919036007.jpg","contentUrl":"https:\/\/sxflightcase.com\/wp-content\/uploads\/2024\/04\/1713919036007.jpg","width":382,"height":388,"caption":"sxpowercase.com"},"image":{"@id":"https:\/\/sxflightcase.com\/th\/#\/schema\/logo\/image\/"},"sameAs":["https:\/\/www.facebook.com\/profile.php?id=61560407257971"],"numberOfEmployees":{"@type":"QuantitativeValue","minValue":"11","maxValue":"50"}}]}},"_links":{"self":[{"href":"https:\/\/sxflightcase.com\/de\/wp-json\/wp\/v2\/product\/4144","targetHints":{"allow":["GET"]}}],"collection":[{"href":"https:\/\/sxflightcase.com\/de\/wp-json\/wp\/v2\/product"}],"about":[{"href":"https:\/\/sxflightcase.com\/de\/wp-json\/wp\/v2\/types\/product"}],"replies":[{"embeddable":true,"href":"https:\/\/sxflightcase.com\/de\/wp-json\/wp\/v2\/comments?post=4144"}],"version-history":[{"count":0,"href":"https:\/\/sxflightcase.com\/de\/wp-json\/wp\/v2\/product\/4144\/revisions"}],"wp:featuredmedia":[{"embeddable":true,"href":"https:\/\/sxflightcase.com\/de\/wp-json\/wp\/v2\/media\/4090"}],"wp:attachment":[{"href":"https:\/\/sxflightcase.com\/de\/wp-json\/wp\/v2\/media?parent=4144"}],"wp:term":[{"taxonomy":"product_brand","embeddable":true,"href":"https:\/\/sxflightcase.com\/de\/wp-json\/wp\/v2\/product_brand?post=4144"},{"taxonomy":"product_cat","embeddable":true,"href":"https:\/\/sxflightcase.com\/de\/wp-json\/wp\/v2\/product_cat?post=4144"},{"taxonomy":"product_tag","embeddable":true,"href":"https:\/\/sxflightcase.com\/de\/wp-json\/wp\/v2\/product_tag?post=4144"}],"curies":[{"name":"wp","href":"https:\/\/api.w.org\/{rel}","templated":true}]}}