{"id":4199,"date":"2024-08-22T07:51:13","date_gmt":"2024-08-22T06:51:13","guid":{"rendered":"https:\/\/sxpowercase.com\/?post_type=product&#038;p=4199"},"modified":"2024-08-22T07:51:14","modified_gmt":"2024-08-22T06:51:14","slug":"metal-fitting-corner-brace-cla104","status":"publish","type":"product","link":"https:\/\/sxflightcase.com\/de\/produkt\/metallbeschlag-eckstrebe-cla104\/","title":{"rendered":"Metallbeschlag Eckverbinder CLA104"},"content":{"rendered":"<h3>SX Metallbeschlag-Eckstrebe: St\u00e4rke, Stabilit\u00e4t und Einsparungen in einem<\/h3>\n<h4>Zuverl\u00e4ssiger Corner Support f\u00fcr jedes Projekt<\/h4>\n<p>Wenn Sie starke und stabile Verbindungen ben\u00f6tigen, ist die <span style=\"color: #3366ff;\"><a style=\"color: #3366ff;\" href=\"https:\/\/sxpowercase.com\/product\/metal-fitting-corner-braces-cla103\/\"><strong>Metallbeschlag Eckstrebe<\/strong><\/a><\/span> von SX ist die perfekte Wahl. Ideal f\u00fcr die Sicherung von Ecken in verschiedenen Projekten, von Schr\u00e4nken bis hin zu Flightcases, bietet dieser Beschlag eine zuverl\u00e4ssige Verst\u00e4rkung, wo sie am meisten ben\u00f6tigt wird. Wenn Sie direkt bei SX kaufen, profitieren Sie von unschlagbaren Direktpreisen, ohne Kompromisse bei der Qualit\u00e4t eingehen zu m\u00fcssen.<\/p>\n<h4>Auf Langlebigkeit ausgelegt<\/h4>\n<p>SXs <strong>Metallbeschlag-Eckstreben<\/strong> sind aus hochwertigem Metall gefertigt und halten so dem Verschlei\u00df stand. Ihre robuste Konstruktion garantiert eine lange Lebensdauer und macht sie ideal f\u00fcr anspruchsvolle Anwendungen. Ganz gleich, ob Sie an einem gro\u00dfen professionellen Bauvorhaben oder einem Heimwerkerprojekt arbeiten, diese Streben bieten zuverl\u00e4ssige Unterst\u00fctzung und sind gleichzeitig kosteng\u00fcnstig.<\/p>\n<h4>Vielseitig und einfach zu bedienen<\/h4>\n<p>Der auf Vielseitigkeit ausgelegte <a href=\"https:\/\/sxpowercase.com\/\" target=\"_blank\" rel=\"noopener\" title=\"SX\" data-wpil-monitor-id=\"687\">SX<\/a> <strong>Metallbeschlag Eckstrebe<\/strong> k\u00f6nnen in zahlreichen Anwendungen eingesetzt werden. Ganz gleich, ob Sie Regale befestigen, M\u00f6bel verst\u00e4rken oder Kisten bauen, diese Streben lassen sich nahtlos integrieren. Sie sind einfach zu montieren, sparen Zeit und M\u00fche und schonen gleichzeitig Ihr Budget durch die g\u00fcnstigen SX-Direktpreise.<\/p>\n<h4>Perfekt f\u00fcr individuelle Projekte und Reparaturen<\/h4>\n<p>F\u00fcr Sonderanfertigungen oder Reparaturen, die eine zus\u00e4tzliche Unterst\u00fctzung der Ecken erfordern, ist der SX <strong>Metallbeschlag Eckstrebe<\/strong> ist ein unverzichtbares Hilfsmittel. Seine zuverl\u00e4ssige Konstruktion sorgt daf\u00fcr, dass Ihre Konstruktionen auch unter Druck fest zusammenhalten. Und dank der Verpflichtung von SX zum Direktvertrieb ab Werk erhalten Sie qualitativ hochwertige Beschl\u00e4ge zu schwer zu unterbietenden Preisen, die Ihnen sowohl Leistung als auch Wert bieten.<\/p>\n<h4>Das Vertrauen von Branchenexperten<\/h4>\n<p>Sowohl Profis als auch Heimwerker vertrauen SX, wenn es um erschwingliche und langlebige Beschlagsl\u00f6sungen geht. Die <strong>Metallbeschlag Eckstrebe<\/strong> ist aufgrund seiner gleichbleibenden Qualit\u00e4t und wettbewerbsf\u00e4higen Preise ein fester Bestandteil von Werkzeugkisten auf der ganzen Welt. Mit SX investieren Sie nicht nur in zuverl\u00e4ssige Hardware, sondern profitieren auch von unseren Einsparungen direkt ab Werk, die es Ihnen erleichtern, Ihr Budget einzuhalten.<\/p>\n<h4>Anpassbare Optionen f\u00fcr spezifische Bed\u00fcrfnisse<\/h4>\n<p>SX ist sich dar\u00fcber im Klaren, dass jedes Projekt seine eigenen Anforderungen hat, und deshalb ist unser <strong>Metallbeschlag-Eckstreben<\/strong> k\u00f6nnen auf Ihre Anforderungen zugeschnitten werden. Ganz gleich, ob Sie bestimmte Gr\u00f6\u00dfen, Oberfl\u00e4chen oder zus\u00e4tzliche Funktionen ben\u00f6tigen, wir bieten Ihnen anpassbare Optionen, ohne die Kosten in die H\u00f6he zu treiben. Das Direktvertriebsmodell von SX gew\u00e4hrleistet, dass Sie genau das bekommen, was Sie brauchen, und das zu einem hervorragenden Preis.<\/p>\n<h4>Erschwingliche Qualit\u00e4t, der Sie vertrauen k\u00f6nnen<\/h4>\n<p>Wir bei SX sind stolz darauf, erstklassige Hardware zu vern\u00fcnftigen Preisen anzubieten. Unser <strong>Metallbeschlag-Eckstreben<\/strong> kombinieren Langlebigkeit und Erschwinglichkeit und bieten Ihnen zuverl\u00e4ssige Leistung, ohne Ihr Budget zu belasten. Dank unseres Direktvertriebs erhalten Sie immer das beste Preis-Leistungs-Verh\u00e4ltnis, ganz gleich, ob Sie an einem professionellen Projekt oder an einer Heimwerkerarbeit arbeiten.<\/p>\n<h4>Mit Zuversicht bauen, mit SX sparen<\/h4>\n<p>Wenn es um die Verst\u00e4rkung der Ecken geht, ist die SX <strong>Metallbeschlag Eckstrebe<\/strong> bietet die St\u00e4rke und Stabilit\u00e4t, auf die Sie sich verlassen k\u00f6nnen. Die einfache Installation, das langlebige Design und die vielseitigen Einsatzm\u00f6glichkeiten machen es zu einer unverzichtbaren Komponente f\u00fcr eine Vielzahl von Projekten. Und mit unseren unschlagbaren Direktpreisen m\u00fcssen Sie keine Abstriche bei der Qualit\u00e4t machen, um Ihr Budget einzuhalten. Entscheiden Sie sich f\u00fcr SX, wenn es um Hardware-L\u00f6sungen geht, die sowohl zuverl\u00e4ssig als auch preiswert sind - jedes Mal.<\/p>\n<p>Jetzt kontaktieren:<span style=\"color: #0000ff;\"><a style=\"color: #0000ff;\" href=\"https:\/\/sxpowercase.com\/contact-us\/\">https:\/\/sxpowercase.com\/<\/a><\/span><\/p>\n<p>Hardware-Produktkatalog:<span style=\"color: #3366ff;\"><a style=\"color: #3366ff;\" href=\"https:\/\/sxpowercase.com\/wp-content\/uploads\/2024\/07\/\u4e94\u91d1.pdf\">Hardware-Zubeh\u00f6rkatalog<\/a><\/span><\/p>","protected":false},"excerpt":{"rendered":"<h3>SX Road Case Eckklemmen: Zuverl\u00e4ssiger Schutz f\u00fcr Ihre Ausr\u00fcstung<\/h3>\n<p>Die SX Road Case Corner Clamps bieten dauerhaften Halt und sichere Befestigung f\u00fcr Ihre Ger\u00e4tekoffer. Diese Klammern wurden f\u00fcr Profis entwickelt und bieten robusten Schutz w\u00e4hrend des Transports - und das alles zum Direktpreis.<\/p>\n<h3>Gebaut f\u00fcr langanhaltende Leistung<\/h3>\n<p>Die aus hochwertigen Materialien gefertigten SX-Klammern sind f\u00fcr eine starke Beanspruchung ausgelegt. Ob bei Veranstaltungen oder in der Industrie, diese Klammern sorgen daf\u00fcr, dass Ihre Koffer intakt und gesch\u00fctzt bleiben.<\/p>\n<h3>Vielseitige, leicht zu installierende Klemmen<\/h3>\n<p>Die SX Road Case Corner Clamps sind mit verschiedenen Kofferdesigns kompatibel und bieten eine einfache Installation und eine perfekte Passform. Mit anpassbaren Optionen erhalten Sie ma\u00dfgeschneiderte L\u00f6sungen, ohne Kompromisse bei Erschwinglichkeit oder Qualit\u00e4t einzugehen.<\/p>","protected":false},"featured_media":4175,"comment_status":"open","ping_status":"closed","template":"","meta":[],"product_brand":[],"product_cat":[64],"product_tag":[],"class_list":{"0":"post-4199","1":"product","2":"type-product","3":"status-publish","4":"has-post-thumbnail","6":"product_cat-clamps","8":"first","9":"instock","10":"shipping-taxable","11":"product-type-simple"},"yoast_head":"<!-- This site is optimized with the Yoast SEO Premium plugin v27.1 (Yoast SEO v27.2) - https:\/\/yoast.com\/product\/yoast-seo-premium-wordpress\/ -->\n<title>Metal Fitting Corner Brace CLA104 - https:\/\/sxflightcase.com \ud83d\udc97<\/title>\n<meta name=\"description\" content=\"Metal fitting corner braces, factory direct! High-quality, durable braces for reinforcing and securing corners in various applications. Ideal for enhancing stability and strength in furniture, cases, and structures.\" \/>\n<meta name=\"robots\" content=\"index, follow, max-snippet:-1, max-image-preview:large, max-video-preview:-1\" \/>\n<link rel=\"canonical\" href=\"https:\/\/sxflightcase.com\/de\/\u4ea7\u54c1\/\u91d1\u5c5e\u914d\u4ef6\u89d2\u6491-cla104-2\/\" \/>\n<meta property=\"og:locale\" content=\"de_DE\" \/>\n<meta property=\"og:type\" content=\"article\" \/>\n<meta property=\"og:title\" content=\"Metal Fitting Corner Brace CLA104\" \/>\n<meta property=\"og:description\" content=\"Metal fitting corner braces, factory direct! High-quality, durable braces for reinforcing and securing corners in various applications. Ideal for enhancing stability and strength in furniture, cases, and structures.\" \/>\n<meta property=\"og:url\" content=\"https:\/\/sxflightcase.com\/de\/\u4ea7\u54c1\/\u91d1\u5c5e\u914d\u4ef6\u89d2\u6491-cla104-2\/\" \/>\n<meta property=\"og:site_name\" content=\"https:\/\/sxflightcase.com\" \/>\n<meta property=\"article:publisher\" content=\"https:\/\/www.facebook.com\/profile.php?id=61560407257971\" \/>\n<meta property=\"article:modified_time\" content=\"2024-08-22T06:51:14+00:00\" \/>\n<meta property=\"og:image\" content=\"https:\/\/sxflightcase.com\/wp-content\/uploads\/2024\/08\/CLA104.jpg\" \/>\n\t<meta property=\"og:image:width\" content=\"700\" \/>\n\t<meta property=\"og:image:height\" content=\"700\" \/>\n\t<meta property=\"og:image:type\" content=\"image\/jpeg\" \/>\n<meta name=\"twitter:card\" content=\"summary_large_image\" \/>\n<meta name=\"twitter:label1\" content=\"Gesch\u00e4tzte Lesezeit\" \/>\n\t<meta name=\"twitter:data1\" content=\"3\u00a0Minuten\" \/>\n<script type=\"application\/ld+json\" class=\"yoast-schema-graph\">{\"@context\":\"https:\/\/schema.org\",\"@graph\":[{\"@type\":\"WebPage\",\"@id\":\"https:\/\/sxflightcase.com\/zh\/\u4ea7\u54c1\/\u91d1\u5c5e\u914d\u4ef6\u89d2\u6491-cla104-2\/\",\"url\":\"https:\/\/sxflightcase.com\/zh\/\u4ea7\u54c1\/\u91d1\u5c5e\u914d\u4ef6\u89d2\u6491-cla104-2\/\",\"name\":\"Metal Fitting Corner Brace CLA104 - https:\/\/sxflightcase.com \ud83d\udc97\",\"isPartOf\":{\"@id\":\"https:\/\/sxflightcase.com\/th\/#website\"},\"primaryImageOfPage\":{\"@id\":\"https:\/\/sxflightcase.com\/zh\/\u4ea7\u54c1\/\u91d1\u5c5e\u914d\u4ef6\u89d2\u6491-cla104-2\/#primaryimage\"},\"image\":{\"@id\":\"https:\/\/sxflightcase.com\/zh\/\u4ea7\u54c1\/\u91d1\u5c5e\u914d\u4ef6\u89d2\u6491-cla104-2\/#primaryimage\"},\"thumbnailUrl\":\"https:\/\/sxflightcase.com\/wp-content\/uploads\/2024\/08\/CLA104.jpg\",\"datePublished\":\"2024-08-22T06:51:13+00:00\",\"dateModified\":\"2024-08-22T06:51:14+00:00\",\"description\":\"Metal fitting corner braces, factory direct! High-quality, durable braces for reinforcing and securing corners in various applications. Ideal for enhancing stability and strength in furniture, cases, and structures.\",\"breadcrumb\":{\"@id\":\"https:\/\/sxflightcase.com\/zh\/\u4ea7\u54c1\/\u91d1\u5c5e\u914d\u4ef6\u89d2\u6491-cla104-2\/#breadcrumb\"},\"inLanguage\":\"de\",\"potentialAction\":[{\"@type\":\"ReadAction\",\"target\":[\"https:\/\/sxflightcase.com\/zh\/\u4ea7\u54c1\/\u91d1\u5c5e\u914d\u4ef6\u89d2\u6491-cla104-2\/\"]}]},{\"@type\":\"ImageObject\",\"inLanguage\":\"de\",\"@id\":\"https:\/\/sxflightcase.com\/zh\/\u4ea7\u54c1\/\u91d1\u5c5e\u914d\u4ef6\u89d2\u6491-cla104-2\/#primaryimage\",\"url\":\"https:\/\/sxflightcase.com\/wp-content\/uploads\/2024\/08\/CLA104.jpg\",\"contentUrl\":\"https:\/\/sxflightcase.com\/wp-content\/uploads\/2024\/08\/CLA104.jpg\",\"width\":700,\"height\":700,\"caption\":\"Metal Fitting Corner Brace\"},{\"@type\":\"BreadcrumbList\",\"@id\":\"https:\/\/sxflightcase.com\/zh\/\u4ea7\u54c1\/\u91d1\u5c5e\u914d\u4ef6\u89d2\u6491-cla104-2\/#breadcrumb\",\"itemListElement\":[{\"@type\":\"ListItem\",\"position\":1,\"name\":\"Home\",\"item\":\"https:\/\/sxflightcase.com\/\"},{\"@type\":\"ListItem\",\"position\":2,\"name\":\"\u0e2a\u0e34\u0e19\u0e04\u0e49\u0e32\",\"item\":\"https:\/\/sxflightcase.com\/th\/shop\/\"},{\"@type\":\"ListItem\",\"position\":3,\"name\":\"Metal Fitting Corner Brace CLA104\"}]},{\"@type\":\"WebSite\",\"@id\":\"https:\/\/sxflightcase.com\/th\/#website\",\"url\":\"https:\/\/sxflightcase.com\/th\/\",\"name\":\"sxpowercase.com\",\"description\":\"Flight Case Factory\",\"publisher\":{\"@id\":\"https:\/\/sxflightcase.com\/th\/#organization\"},\"potentialAction\":[{\"@type\":\"SearchAction\",\"target\":{\"@type\":\"EntryPoint\",\"urlTemplate\":\"https:\/\/sxflightcase.com\/th\/?s={search_term_string}\"},\"query-input\":{\"@type\":\"PropertyValueSpecification\",\"valueRequired\":true,\"valueName\":\"search_term_string\"}}],\"inLanguage\":\"de\"},{\"@type\":\"Organization\",\"@id\":\"https:\/\/sxflightcase.com\/th\/#organization\",\"name\":\"sxpowercase.com\",\"url\":\"https:\/\/sxflightcase.com\/th\/\",\"logo\":{\"@type\":\"ImageObject\",\"inLanguage\":\"de\",\"@id\":\"https:\/\/sxflightcase.com\/th\/#\/schema\/logo\/image\/\",\"url\":\"https:\/\/sxflightcase.com\/wp-content\/uploads\/2024\/04\/1713919036007.jpg\",\"contentUrl\":\"https:\/\/sxflightcase.com\/wp-content\/uploads\/2024\/04\/1713919036007.jpg\",\"width\":382,\"height\":388,\"caption\":\"sxpowercase.com\"},\"image\":{\"@id\":\"https:\/\/sxflightcase.com\/th\/#\/schema\/logo\/image\/\"},\"sameAs\":[\"https:\/\/www.facebook.com\/profile.php?id=61560407257971\"],\"numberOfEmployees\":{\"@type\":\"QuantitativeValue\",\"minValue\":\"11\",\"maxValue\":\"50\"}}]}<\/script>\n<!-- \/ Yoast SEO Premium plugin. -->","yoast_head_json":{"title":"Metal Fitting Corner Brace CLA104 - https:\/\/sxflightcase.com \ud83d\udc97","description":"Metallbeschlag-Eckstreben, direkt ab Werk! Hochwertige, langlebige Streben zur Verst\u00e4rkung und Sicherung von Ecken in verschiedenen Anwendungen. Ideal zur Verbesserung der Stabilit\u00e4t und Festigkeit von M\u00f6beln, Kisten und Konstruktionen.","robots":{"index":"index","follow":"follow","max-snippet":"max-snippet:-1","max-image-preview":"max-image-preview:large","max-video-preview":"max-video-preview:-1"},"canonical":"https:\/\/sxflightcase.com\/de\/\u4ea7\u54c1\/\u91d1\u5c5e\u914d\u4ef6\u89d2\u6491-cla104-2\/","og_locale":"de_DE","og_type":"article","og_title":"Metal Fitting Corner Brace CLA104","og_description":"Metal fitting corner braces, factory direct! High-quality, durable braces for reinforcing and securing corners in various applications. Ideal for enhancing stability and strength in furniture, cases, and structures.","og_url":"https:\/\/sxflightcase.com\/de\/\u4ea7\u54c1\/\u91d1\u5c5e\u914d\u4ef6\u89d2\u6491-cla104-2\/","og_site_name":"https:\/\/sxflightcase.com","article_publisher":"https:\/\/www.facebook.com\/profile.php?id=61560407257971","article_modified_time":"2024-08-22T06:51:14+00:00","og_image":[{"width":700,"height":700,"url":"https:\/\/sxflightcase.com\/wp-content\/uploads\/2024\/08\/CLA104.jpg","type":"image\/jpeg"}],"twitter_card":"summary_large_image","twitter_misc":{"Gesch\u00e4tzte Lesezeit":"3\u00a0Minuten"},"schema":{"@context":"https:\/\/schema.org","@graph":[{"@type":"WebPage","@id":"https:\/\/sxflightcase.com\/zh\/\u4ea7\u54c1\/\u91d1\u5c5e\u914d\u4ef6\u89d2\u6491-cla104-2\/","url":"https:\/\/sxflightcase.com\/zh\/\u4ea7\u54c1\/\u91d1\u5c5e\u914d\u4ef6\u89d2\u6491-cla104-2\/","name":"Metal Fitting Corner Brace CLA104 - https:\/\/sxflightcase.com \ud83d\udc97","isPartOf":{"@id":"https:\/\/sxflightcase.com\/th\/#website"},"primaryImageOfPage":{"@id":"https:\/\/sxflightcase.com\/zh\/\u4ea7\u54c1\/\u91d1\u5c5e\u914d\u4ef6\u89d2\u6491-cla104-2\/#primaryimage"},"image":{"@id":"https:\/\/sxflightcase.com\/zh\/\u4ea7\u54c1\/\u91d1\u5c5e\u914d\u4ef6\u89d2\u6491-cla104-2\/#primaryimage"},"thumbnailUrl":"https:\/\/sxflightcase.com\/wp-content\/uploads\/2024\/08\/CLA104.jpg","datePublished":"2024-08-22T06:51:13+00:00","dateModified":"2024-08-22T06:51:14+00:00","description":"Metallbeschlag-Eckstreben, direkt ab Werk! Hochwertige, langlebige Streben zur Verst\u00e4rkung und Sicherung von Ecken in verschiedenen Anwendungen. Ideal zur Verbesserung der Stabilit\u00e4t und Festigkeit von M\u00f6beln, Kisten und Konstruktionen.","breadcrumb":{"@id":"https:\/\/sxflightcase.com\/zh\/\u4ea7\u54c1\/\u91d1\u5c5e\u914d\u4ef6\u89d2\u6491-cla104-2\/#breadcrumb"},"inLanguage":"de","potentialAction":[{"@type":"ReadAction","target":["https:\/\/sxflightcase.com\/zh\/\u4ea7\u54c1\/\u91d1\u5c5e\u914d\u4ef6\u89d2\u6491-cla104-2\/"]}]},{"@type":"ImageObject","inLanguage":"de","@id":"https:\/\/sxflightcase.com\/zh\/\u4ea7\u54c1\/\u91d1\u5c5e\u914d\u4ef6\u89d2\u6491-cla104-2\/#primaryimage","url":"https:\/\/sxflightcase.com\/wp-content\/uploads\/2024\/08\/CLA104.jpg","contentUrl":"https:\/\/sxflightcase.com\/wp-content\/uploads\/2024\/08\/CLA104.jpg","width":700,"height":700,"caption":"Metal Fitting Corner Brace"},{"@type":"BreadcrumbList","@id":"https:\/\/sxflightcase.com\/zh\/\u4ea7\u54c1\/\u91d1\u5c5e\u914d\u4ef6\u89d2\u6491-cla104-2\/#breadcrumb","itemListElement":[{"@type":"ListItem","position":1,"name":"Home","item":"https:\/\/sxflightcase.com\/"},{"@type":"ListItem","position":2,"name":"\u0e2a\u0e34\u0e19\u0e04\u0e49\u0e32","item":"https:\/\/sxflightcase.com\/th\/shop\/"},{"@type":"ListItem","position":3,"name":"Metal Fitting Corner Brace CLA104"}]},{"@type":"WebSite","@id":"https:\/\/sxflightcase.com\/th\/#website","url":"https:\/\/sxflightcase.com\/th\/","name":"www.sxpowercase.com","description":"Flight Case Fabrik","publisher":{"@id":"https:\/\/sxflightcase.com\/th\/#organization"},"potentialAction":[{"@type":"SearchAction","target":{"@type":"EntryPoint","urlTemplate":"https:\/\/sxflightcase.com\/th\/?s={search_term_string}"},"query-input":{"@type":"PropertyValueSpecification","valueRequired":true,"valueName":"search_term_string"}}],"inLanguage":"de"},{"@type":"Organization","@id":"https:\/\/sxflightcase.com\/th\/#organization","name":"www.sxpowercase.com","url":"https:\/\/sxflightcase.com\/th\/","logo":{"@type":"ImageObject","inLanguage":"de","@id":"https:\/\/sxflightcase.com\/th\/#\/schema\/logo\/image\/","url":"https:\/\/sxflightcase.com\/wp-content\/uploads\/2024\/04\/1713919036007.jpg","contentUrl":"https:\/\/sxflightcase.com\/wp-content\/uploads\/2024\/04\/1713919036007.jpg","width":382,"height":388,"caption":"sxpowercase.com"},"image":{"@id":"https:\/\/sxflightcase.com\/th\/#\/schema\/logo\/image\/"},"sameAs":["https:\/\/www.facebook.com\/profile.php?id=61560407257971"],"numberOfEmployees":{"@type":"QuantitativeValue","minValue":"11","maxValue":"50"}}]}},"_links":{"self":[{"href":"https:\/\/sxflightcase.com\/de\/wp-json\/wp\/v2\/product\/4199","targetHints":{"allow":["GET"]}}],"collection":[{"href":"https:\/\/sxflightcase.com\/de\/wp-json\/wp\/v2\/product"}],"about":[{"href":"https:\/\/sxflightcase.com\/de\/wp-json\/wp\/v2\/types\/product"}],"replies":[{"embeddable":true,"href":"https:\/\/sxflightcase.com\/de\/wp-json\/wp\/v2\/comments?post=4199"}],"version-history":[{"count":0,"href":"https:\/\/sxflightcase.com\/de\/wp-json\/wp\/v2\/product\/4199\/revisions"}],"wp:featuredmedia":[{"embeddable":true,"href":"https:\/\/sxflightcase.com\/de\/wp-json\/wp\/v2\/media\/4175"}],"wp:attachment":[{"href":"https:\/\/sxflightcase.com\/de\/wp-json\/wp\/v2\/media?parent=4199"}],"wp:term":[{"taxonomy":"product_brand","embeddable":true,"href":"https:\/\/sxflightcase.com\/de\/wp-json\/wp\/v2\/product_brand?post=4199"},{"taxonomy":"product_cat","embeddable":true,"href":"https:\/\/sxflightcase.com\/de\/wp-json\/wp\/v2\/product_cat?post=4199"},{"taxonomy":"product_tag","embeddable":true,"href":"https:\/\/sxflightcase.com\/de\/wp-json\/wp\/v2\/product_tag?post=4199"}],"curies":[{"name":"wp","href":"https:\/\/api.w.org\/{rel}","templated":true}]}}