{"id":4206,"date":"2024-08-23T07:12:40","date_gmt":"2024-08-23T06:12:40","guid":{"rendered":"https:\/\/sxpowercase.com\/?post_type=product&#038;p=4206"},"modified":"2024-08-23T07:12:59","modified_gmt":"2024-08-23T06:12:59","slug":"corner-brackets","status":"publish","type":"product","link":"https:\/\/sxflightcase.com\/de\/produkt\/eckklammern-2\/","title":{"rendered":"Eckwinkel CLA301"},"content":{"rendered":"<h3>SX-Eckhalterungen: Hochwertiger Support zu Direktpreisen ab Werk<\/h3>\n<h4>St\u00e4rken Sie Ihre Strukturen mit Leichtigkeit<\/h4>\n<p>Wenn Stabilit\u00e4t wichtig ist, SX <span style=\"color: #3366ff;\"><a style=\"color: #3366ff;\" href=\"https:\/\/sxpowercase.com\/product\/corner-brackets-cla201\/\"><strong>Eck-Klammern<\/strong><\/a><\/span> bieten die perfekte L\u00f6sung f\u00fcr die Verst\u00e4rkung Ihrer Projekte. Diese zuverl\u00e4ssigen Halterungen sind aus hochwertigem Metall gefertigt und f\u00fcr eine lange Lebensdauer ausgelegt. Durch das Angebot von Direktpreisen stellt SX sicher, dass Sie qualitativ hochwertige Beschl\u00e4ge ohne \u00fcberh\u00f6hte Kosten erhalten.<\/p>\n<h4>Gebaut f\u00fcr Langlebigkeit und Widerstandsf\u00e4higkeit<\/h4>\n<p><a title=\"SX\" href=\"https:\/\/sxpowercase.com\/\" target=\"_blank\" rel=\"noopener\" data-wpil-monitor-id=\"689\">SX<\/a> <strong>Eck-Klammern<\/strong> sind sowohl f\u00fcr leichte als auch f\u00fcr schwere Anwendungen geeignet. Die robuste Konstruktion bietet zuverl\u00e4ssige Unterst\u00fctzung f\u00fcr eine Vielzahl von Aufgaben, von Heimwerkerarbeiten bis hin zu gro\u00df angelegten industriellen Arbeiten. Mit unseren Direktpreisen erhalten Sie Premium-Beschl\u00e4ge zu einem Bruchteil der \u00fcblichen Einzelhandelskosten, was es einfacher macht, das Budget einzuhalten, ohne auf Qualit\u00e4t zu verzichten.<\/p>\n<h4>Einfache Installation f\u00fcr jedes Projekt<\/h4>\n<p>SX wurde f\u00fcr eine einfache und schnelle Installation entwickelt. <strong>Eck-Klammern<\/strong> sind ideal f\u00fcr jedes Niveau, vom Anf\u00e4nger bis zum erfahrenen Profi. Ganz gleich, ob Sie sie f\u00fcr die Befestigung von M\u00f6beln, den Bau von Rahmen oder die Verst\u00e4rkung von Strukturen ben\u00f6tigen, diese vielseitigen Halterungen passen sich nahtlos an verschiedene Verwendungszwecke an. Unser werksinternes Direktpreismodell garantiert Erschwinglichkeit bei gleichzeitiger Einhaltung strenger Qualit\u00e4tsstandards.<\/p>\n<h4>Ma\u00dfgeschneidert f\u00fcr Ihre spezifischen Bed\u00fcrfnisse<\/h4>\n<p>SX ist sich bewusst, dass unterschiedliche Projekte unterschiedliche L\u00f6sungen erfordern. Deshalb ist unser <strong>Eck-Klammern<\/strong> werden mit anpassbaren Optionen geliefert, die genau Ihren Anforderungen entsprechen. Ganz gleich, ob Sie bestimmte Abmessungen, Materialien oder Oberfl\u00e4chen ben\u00f6tigen, wir k\u00f6nnen Ihnen ma\u00dfgeschneiderte L\u00f6sungen anbieten und gleichzeitig die Kosten niedrig halten. Da wir direkt vom Hersteller kommen, k\u00f6nnen wir Einsparungen direkt an Sie weitergeben, sodass Sie ma\u00dfgeschneiderte Qualit\u00e4t erhalten, ohne zu viel Geld auszugeben.<\/p>\n<h4>Weltweites Vertrauen bei Fachleuten und DIY-Experten<\/h4>\n<p>SX hat sich den Ruf erworben, zuverl\u00e4ssige Hardware zu liefern, der Profis und Heimwerker vertrauen. Unser <strong>Eck-Klammern<\/strong> erf\u00fcllen die h\u00f6chsten Standards und sind daher in verschiedenen Branchen sehr beliebt. Dank der Einsparungen durch die Direktvermarktung profitieren Sie von langlebigen Produkten, die Ihr Budget nicht belasten, so dass Sie sich auf die effiziente Durchf\u00fchrung Ihrer Projekte konzentrieren k\u00f6nnen.<\/p>\n<h4>Garantierte Qualit\u00e4t, preisoptimiert<\/h4>\n<p>Bei SX m\u00fcssen Sie nicht zwischen Qualit\u00e4t und Erschwinglichkeit w\u00e4hlen. Unser <strong>Eck-Klammern<\/strong> werden strengen Qualit\u00e4tskontrollen unterzogen, um sicherzustellen, dass sie Ihre Erwartungen erf\u00fcllen. Durch den Verzicht auf unn\u00f6tige Zwischenh\u00e4ndler und den Direktvertrieb bieten wir Ihnen hochwertige Beschl\u00e4ge zu wettbewerbsf\u00e4higen Preisen und sind damit ein zuverl\u00e4ssiger Partner f\u00fcr gro\u00dfe und kleine Projekte.<\/p>\n<h4>Perfekt f\u00fcr private und gewerbliche Anwendungen<\/h4>\n<p>SX <strong>Eck-Klammern<\/strong> bieten un\u00fcbertroffene Vielseitigkeit f\u00fcr eine Reihe von Konstruktionsanforderungen. Ihr robustes Design sorgt daf\u00fcr, dass alles, was Sie bauen, sicher bleibt, egal ob Sie an Schr\u00e4nken, Regalen oder gr\u00f6\u00dferen Installationen arbeiten. Unsere Direktpreise gew\u00e4hrleisten, dass Sie zuverl\u00e4ssige Produkte zum bestm\u00f6glichen Preis erhalten, und machen SX zu Ihrer ersten Adresse f\u00fcr zuverl\u00e4ssige Beschlagl\u00f6sungen.<\/p>\n<h4>W\u00e4hlen Sie SX f\u00fcr Ihr n\u00e4chstes Projekt<\/h4>\n<p>Wenn Sie zuverl\u00e4ssige Unterst\u00fctzung f\u00fcr Ihre Builds ben\u00f6tigen, ist SX <strong>Eck-Klammern<\/strong> bieten Qualit\u00e4t, Haltbarkeit und Einsparungen. Unsere Direktpreise und anpassbaren Optionen machen es einfach, die richtigen Halterungen f\u00fcr jede Aufgabe zu finden und dabei die Kosten niedrig zu halten. Vom Heimwerker bis zum Industrieprofi - SX ist die clevere Wahl f\u00fcr Qualit\u00e4tsbeschl\u00e4ge, die in Ihr Budget passen.<\/p>\n<p>Jetzt kontaktieren:<span style=\"color: #0000ff;\"><a style=\"color: #0000ff;\" href=\"https:\/\/sxpowercase.com\/contact-us\/\">https:\/\/sxpowercase.com\/<\/a><\/span><\/p>\n<p>Hardware-Produktkatalog:<span style=\"color: #3366ff;\"><a style=\"color: #3366ff;\" href=\"https:\/\/sxpowercase.com\/wp-content\/uploads\/2024\/07\/\u4e94\u91d1.pdf\">Hardware-Zubeh\u00f6rkatalog<\/a><\/span><\/p>","protected":false},"excerpt":{"rendered":"<h3>SX-Eckwinkel: Zuverl\u00e4ssige Unterst\u00fctzung, Direktpreise ab Werk<\/h3>\n<p>Die SX-Eckwinkel bieten eine robuste Verst\u00e4rkung f\u00fcr jedes Projekt, vom Heimwerkerbau bis hin zu industriellen Anwendungen. Sie werden aus hochfesten Materialien hergestellt und bieten eine lange Lebensdauer zu einem erschwinglichen Preis.<\/p>\n<h3>Vielseitig und einfach zu installieren<\/h3>\n<p>Die SX-Eckwinkel sind f\u00fcr eine schnelle und einfache Montage ausgelegt und eignen sich daher ideal f\u00fcr eine Reihe von Projekten. Dank des Direktpreises ab Werk erhalten Sie zuverl\u00e4ssige Beschl\u00e4ge, die sowohl vielseitig als auch kosteneffizient sind.<\/p>\n<h3>Ma\u00dfgeschneiderte L\u00f6sungen f\u00fcr einzigartige Projekte<\/h3>\n<p>SX bietet anpassbare Optionen f\u00fcr seine Eckbeschl\u00e4ge, damit Sie die perfekte L\u00f6sung f\u00fcr Ihre speziellen Anforderungen erhalten. Holen Sie sich Qualit\u00e4tshardware, die auf Ihre Anforderungen zugeschnitten ist, ohne das Budget zu sprengen.<\/p>","protected":false},"featured_media":4177,"comment_status":"open","ping_status":"closed","template":"","meta":[],"product_brand":[],"product_cat":[64],"product_tag":[],"class_list":{"0":"post-4206","1":"product","2":"type-product","3":"status-publish","4":"has-post-thumbnail","6":"product_cat-clamps","8":"first","9":"instock","10":"shipping-taxable","11":"product-type-simple"},"yoast_head":"<!-- This site is optimized with the Yoast SEO Premium plugin v27.1 (Yoast SEO v27.2) - https:\/\/yoast.com\/product\/yoast-seo-premium-wordpress\/ -->\n<title>Corner Brackets CLA301 - https:\/\/sxflightcase.com \ud83d\udc97<\/title>\n<meta name=\"description\" content=\"Corner brackets, factory direct! High-quality, durable brackets for reinforcing and securing corners in furniture, cabinets, and cases. Ideal for added stability and strength in various applications.\" \/>\n<meta name=\"robots\" content=\"index, follow, max-snippet:-1, max-image-preview:large, max-video-preview:-1\" \/>\n<link rel=\"canonical\" href=\"https:\/\/sxflightcase.com\/de\/produkt\/eckklammern-2\/\" \/>\n<meta property=\"og:locale\" content=\"de_DE\" \/>\n<meta property=\"og:type\" content=\"article\" \/>\n<meta property=\"og:title\" content=\"Corner Brackets CLA301\" \/>\n<meta property=\"og:description\" content=\"Corner brackets, factory direct! High-quality, durable brackets for reinforcing and securing corners in furniture, cabinets, and cases. Ideal for added stability and strength in various applications.\" \/>\n<meta property=\"og:url\" content=\"https:\/\/sxflightcase.com\/de\/produkt\/eckklammern-2\/\" \/>\n<meta property=\"og:site_name\" content=\"https:\/\/sxflightcase.com\" \/>\n<meta property=\"article:publisher\" content=\"https:\/\/www.facebook.com\/profile.php?id=61560407257971\" \/>\n<meta property=\"article:modified_time\" content=\"2024-08-23T06:12:59+00:00\" \/>\n<meta property=\"og:image\" content=\"https:\/\/sxflightcase.com\/wp-content\/uploads\/2024\/08\/CLA301.jpg\" \/>\n\t<meta property=\"og:image:width\" content=\"700\" \/>\n\t<meta property=\"og:image:height\" content=\"700\" \/>\n\t<meta property=\"og:image:type\" content=\"image\/jpeg\" \/>\n<meta name=\"twitter:card\" content=\"summary_large_image\" \/>\n<meta name=\"twitter:label1\" content=\"Gesch\u00e4tzte Lesezeit\" \/>\n\t<meta name=\"twitter:data1\" content=\"3\u00a0Minuten\" \/>\n<script type=\"application\/ld+json\" class=\"yoast-schema-graph\">{\"@context\":\"https:\/\/schema.org\",\"@graph\":[{\"@type\":\"WebPage\",\"@id\":\"https:\/\/sxflightcase.com\/product\/corner-brackets\/\",\"url\":\"https:\/\/sxflightcase.com\/product\/corner-brackets\/\",\"name\":\"Corner Brackets CLA301 - https:\/\/sxflightcase.com \ud83d\udc97\",\"isPartOf\":{\"@id\":\"https:\/\/sxflightcase.com\/th\/#website\"},\"primaryImageOfPage\":{\"@id\":\"https:\/\/sxflightcase.com\/product\/corner-brackets\/#primaryimage\"},\"image\":{\"@id\":\"https:\/\/sxflightcase.com\/product\/corner-brackets\/#primaryimage\"},\"thumbnailUrl\":\"https:\/\/sxflightcase.com\/wp-content\/uploads\/2024\/08\/CLA301.jpg\",\"datePublished\":\"2024-08-23T06:12:40+00:00\",\"dateModified\":\"2024-08-23T06:12:59+00:00\",\"description\":\"Corner brackets, factory direct! High-quality, durable brackets for reinforcing and securing corners in furniture, cabinets, and cases. Ideal for added stability and strength in various applications.\",\"breadcrumb\":{\"@id\":\"https:\/\/sxflightcase.com\/product\/corner-brackets\/#breadcrumb\"},\"inLanguage\":\"de\",\"potentialAction\":[{\"@type\":\"ReadAction\",\"target\":[\"https:\/\/sxflightcase.com\/product\/corner-brackets\/\"]}]},{\"@type\":\"ImageObject\",\"inLanguage\":\"de\",\"@id\":\"https:\/\/sxflightcase.com\/product\/corner-brackets\/#primaryimage\",\"url\":\"https:\/\/sxflightcase.com\/wp-content\/uploads\/2024\/08\/CLA301.jpg\",\"contentUrl\":\"https:\/\/sxflightcase.com\/wp-content\/uploads\/2024\/08\/CLA301.jpg\",\"width\":700,\"height\":700,\"caption\":\"Corner Brackets\"},{\"@type\":\"BreadcrumbList\",\"@id\":\"https:\/\/sxflightcase.com\/product\/corner-brackets\/#breadcrumb\",\"itemListElement\":[{\"@type\":\"ListItem\",\"position\":1,\"name\":\"Home\",\"item\":\"https:\/\/sxflightcase.com\/\"},{\"@type\":\"ListItem\",\"position\":2,\"name\":\"\u0e2a\u0e34\u0e19\u0e04\u0e49\u0e32\",\"item\":\"https:\/\/sxflightcase.com\/th\/shop\/\"},{\"@type\":\"ListItem\",\"position\":3,\"name\":\"Corner Brackets CLA301\"}]},{\"@type\":\"WebSite\",\"@id\":\"https:\/\/sxflightcase.com\/th\/#website\",\"url\":\"https:\/\/sxflightcase.com\/th\/\",\"name\":\"sxpowercase.com\",\"description\":\"Flight Case Factory\",\"publisher\":{\"@id\":\"https:\/\/sxflightcase.com\/th\/#organization\"},\"potentialAction\":[{\"@type\":\"SearchAction\",\"target\":{\"@type\":\"EntryPoint\",\"urlTemplate\":\"https:\/\/sxflightcase.com\/th\/?s={search_term_string}\"},\"query-input\":{\"@type\":\"PropertyValueSpecification\",\"valueRequired\":true,\"valueName\":\"search_term_string\"}}],\"inLanguage\":\"de\"},{\"@type\":\"Organization\",\"@id\":\"https:\/\/sxflightcase.com\/th\/#organization\",\"name\":\"sxpowercase.com\",\"url\":\"https:\/\/sxflightcase.com\/th\/\",\"logo\":{\"@type\":\"ImageObject\",\"inLanguage\":\"de\",\"@id\":\"https:\/\/sxflightcase.com\/th\/#\/schema\/logo\/image\/\",\"url\":\"https:\/\/sxflightcase.com\/wp-content\/uploads\/2024\/04\/1713919036007.jpg\",\"contentUrl\":\"https:\/\/sxflightcase.com\/wp-content\/uploads\/2024\/04\/1713919036007.jpg\",\"width\":382,\"height\":388,\"caption\":\"sxpowercase.com\"},\"image\":{\"@id\":\"https:\/\/sxflightcase.com\/th\/#\/schema\/logo\/image\/\"},\"sameAs\":[\"https:\/\/www.facebook.com\/profile.php?id=61560407257971\"],\"numberOfEmployees\":{\"@type\":\"QuantitativeValue\",\"minValue\":\"11\",\"maxValue\":\"50\"}}]}<\/script>\n<!-- \/ Yoast SEO Premium plugin. -->","yoast_head_json":{"title":"Corner Brackets CLA301 - https:\/\/sxflightcase.com \ud83d\udc97","description":"Eckbeschl\u00e4ge, direkt ab Werk! Hochwertige, langlebige Halterungen zur Verst\u00e4rkung und Sicherung von Ecken in M\u00f6beln, Schr\u00e4nken und Kisten. Ideal f\u00fcr zus\u00e4tzliche Stabilit\u00e4t und Festigkeit bei verschiedenen Anwendungen.","robots":{"index":"index","follow":"follow","max-snippet":"max-snippet:-1","max-image-preview":"max-image-preview:large","max-video-preview":"max-video-preview:-1"},"canonical":"https:\/\/sxflightcase.com\/de\/produkt\/eckklammern-2\/","og_locale":"de_DE","og_type":"article","og_title":"Corner Brackets CLA301","og_description":"Corner brackets, factory direct! High-quality, durable brackets for reinforcing and securing corners in furniture, cabinets, and cases. Ideal for added stability and strength in various applications.","og_url":"https:\/\/sxflightcase.com\/de\/produkt\/eckklammern-2\/","og_site_name":"https:\/\/sxflightcase.com","article_publisher":"https:\/\/www.facebook.com\/profile.php?id=61560407257971","article_modified_time":"2024-08-23T06:12:59+00:00","og_image":[{"width":700,"height":700,"url":"https:\/\/sxflightcase.com\/wp-content\/uploads\/2024\/08\/CLA301.jpg","type":"image\/jpeg"}],"twitter_card":"summary_large_image","twitter_misc":{"Gesch\u00e4tzte Lesezeit":"3\u00a0Minuten"},"schema":{"@context":"https:\/\/schema.org","@graph":[{"@type":"WebPage","@id":"https:\/\/sxflightcase.com\/product\/corner-brackets\/","url":"https:\/\/sxflightcase.com\/product\/corner-brackets\/","name":"Corner Brackets CLA301 - https:\/\/sxflightcase.com \ud83d\udc97","isPartOf":{"@id":"https:\/\/sxflightcase.com\/th\/#website"},"primaryImageOfPage":{"@id":"https:\/\/sxflightcase.com\/product\/corner-brackets\/#primaryimage"},"image":{"@id":"https:\/\/sxflightcase.com\/product\/corner-brackets\/#primaryimage"},"thumbnailUrl":"https:\/\/sxflightcase.com\/wp-content\/uploads\/2024\/08\/CLA301.jpg","datePublished":"2024-08-23T06:12:40+00:00","dateModified":"2024-08-23T06:12:59+00:00","description":"Eckbeschl\u00e4ge, direkt ab Werk! Hochwertige, langlebige Halterungen zur Verst\u00e4rkung und Sicherung von Ecken in M\u00f6beln, Schr\u00e4nken und Kisten. Ideal f\u00fcr zus\u00e4tzliche Stabilit\u00e4t und Festigkeit bei verschiedenen Anwendungen.","breadcrumb":{"@id":"https:\/\/sxflightcase.com\/product\/corner-brackets\/#breadcrumb"},"inLanguage":"de","potentialAction":[{"@type":"ReadAction","target":["https:\/\/sxflightcase.com\/product\/corner-brackets\/"]}]},{"@type":"ImageObject","inLanguage":"de","@id":"https:\/\/sxflightcase.com\/product\/corner-brackets\/#primaryimage","url":"https:\/\/sxflightcase.com\/wp-content\/uploads\/2024\/08\/CLA301.jpg","contentUrl":"https:\/\/sxflightcase.com\/wp-content\/uploads\/2024\/08\/CLA301.jpg","width":700,"height":700,"caption":"Corner Brackets"},{"@type":"BreadcrumbList","@id":"https:\/\/sxflightcase.com\/product\/corner-brackets\/#breadcrumb","itemListElement":[{"@type":"ListItem","position":1,"name":"Home","item":"https:\/\/sxflightcase.com\/"},{"@type":"ListItem","position":2,"name":"\u0e2a\u0e34\u0e19\u0e04\u0e49\u0e32","item":"https:\/\/sxflightcase.com\/th\/shop\/"},{"@type":"ListItem","position":3,"name":"Corner Brackets CLA301"}]},{"@type":"WebSite","@id":"https:\/\/sxflightcase.com\/th\/#website","url":"https:\/\/sxflightcase.com\/th\/","name":"www.sxpowercase.com","description":"Flight Case Fabrik","publisher":{"@id":"https:\/\/sxflightcase.com\/th\/#organization"},"potentialAction":[{"@type":"SearchAction","target":{"@type":"EntryPoint","urlTemplate":"https:\/\/sxflightcase.com\/th\/?s={search_term_string}"},"query-input":{"@type":"PropertyValueSpecification","valueRequired":true,"valueName":"search_term_string"}}],"inLanguage":"de"},{"@type":"Organization","@id":"https:\/\/sxflightcase.com\/th\/#organization","name":"www.sxpowercase.com","url":"https:\/\/sxflightcase.com\/th\/","logo":{"@type":"ImageObject","inLanguage":"de","@id":"https:\/\/sxflightcase.com\/th\/#\/schema\/logo\/image\/","url":"https:\/\/sxflightcase.com\/wp-content\/uploads\/2024\/04\/1713919036007.jpg","contentUrl":"https:\/\/sxflightcase.com\/wp-content\/uploads\/2024\/04\/1713919036007.jpg","width":382,"height":388,"caption":"sxpowercase.com"},"image":{"@id":"https:\/\/sxflightcase.com\/th\/#\/schema\/logo\/image\/"},"sameAs":["https:\/\/www.facebook.com\/profile.php?id=61560407257971"],"numberOfEmployees":{"@type":"QuantitativeValue","minValue":"11","maxValue":"50"}}]}},"_links":{"self":[{"href":"https:\/\/sxflightcase.com\/de\/wp-json\/wp\/v2\/product\/4206","targetHints":{"allow":["GET"]}}],"collection":[{"href":"https:\/\/sxflightcase.com\/de\/wp-json\/wp\/v2\/product"}],"about":[{"href":"https:\/\/sxflightcase.com\/de\/wp-json\/wp\/v2\/types\/product"}],"replies":[{"embeddable":true,"href":"https:\/\/sxflightcase.com\/de\/wp-json\/wp\/v2\/comments?post=4206"}],"version-history":[{"count":0,"href":"https:\/\/sxflightcase.com\/de\/wp-json\/wp\/v2\/product\/4206\/revisions"}],"wp:featuredmedia":[{"embeddable":true,"href":"https:\/\/sxflightcase.com\/de\/wp-json\/wp\/v2\/media\/4177"}],"wp:attachment":[{"href":"https:\/\/sxflightcase.com\/de\/wp-json\/wp\/v2\/media?parent=4206"}],"wp:term":[{"taxonomy":"product_brand","embeddable":true,"href":"https:\/\/sxflightcase.com\/de\/wp-json\/wp\/v2\/product_brand?post=4206"},{"taxonomy":"product_cat","embeddable":true,"href":"https:\/\/sxflightcase.com\/de\/wp-json\/wp\/v2\/product_cat?post=4206"},{"taxonomy":"product_tag","embeddable":true,"href":"https:\/\/sxflightcase.com\/de\/wp-json\/wp\/v2\/product_tag?post=4206"}],"curies":[{"name":"wp","href":"https:\/\/api.w.org\/{rel}","templated":true}]}}