{"id":4207,"date":"2024-08-23T07:18:45","date_gmt":"2024-08-23T06:18:45","guid":{"rendered":"https:\/\/sxpowercase.com\/?post_type=product&#038;p=4207"},"modified":"2024-08-23T07:18:46","modified_gmt":"2024-08-23T06:18:46","slug":"flight-case-corner-clamp-cla401","status":"publish","type":"product","link":"https:\/\/sxflightcase.com\/de\/produkt\/flight-case-eckklammer-cla401-2\/","title":{"rendered":"Flightcase-Eckklemme CLA401"},"content":{"rendered":"<h3>SX Flight Case-Eckklemme: Sichere und erschwingliche Hardware f\u00fcr zuverl\u00e4ssigen Schutz<\/h3>\n<h4>Verbesserte Langlebigkeit f\u00fcr Ihre Flight Cases<\/h4>\n<p>Wenn es um den Schutz wertvoller Ausr\u00fcstung geht, ist SX's <span style=\"color: #3366ff;\"><a style=\"color: #3366ff;\" href=\"https:\/\/sxpowercase.com\/product\/corner-brackets\/\"><strong>Flight Case-Eckklammer<\/strong><\/a><\/span> ist ein unverzichtbares Teil der Hardware. Diese Klemmen wurden entwickelt, um die Ecken von Flightcases zu verst\u00e4rken und sicherzustellen, dass Ihre Ausr\u00fcstung w\u00e4hrend des Transports sicher bleibt. SX liefert hochwertige Klemmen zu budgetfreundlichen Preisen und stellt damit sicher, dass Sie erstklassige Hardware erhalten, ohne zu viel zu bezahlen.<\/p>\n<h4>Langlebig mit hochwertigen Materialien<\/h4>\n<p><a href=\"https:\/\/sxpowercase.com\/\" target=\"_blank\" rel=\"noopener\" title=\"SX\" data-wpil-monitor-id=\"690\">SX<\/a> <strong>Flight Case-Eckklammern<\/strong> sind aus robustem, haltbarem Metall gefertigt und bieten lang anhaltende St\u00e4rke f\u00fcr anspruchsvolle Anwendungen. Diese Klemmen sind so konstruiert, dass sie der Abnutzung durch st\u00e4ndigen Gebrauch standhalten und gleichzeitig ihre strukturelle Integrit\u00e4t bewahren. Da SX die Klemmen direkt vom Hersteller bezieht, kann das Unternehmen wettbewerbsf\u00e4hige Preise anbieten, ohne Kompromisse bei der Qualit\u00e4t der Materialien oder der Handwerkskunst einzugehen.<\/p>\n<h4>Einfache Installation und verl\u00e4ssliche Leistung<\/h4>\n<p>SX <strong>Flight Case-Eckklammern<\/strong> sind f\u00fcr eine schnelle und unkomplizierte Installation konzipiert und eignen sich daher sowohl f\u00fcr Profis als auch f\u00fcr Heimwerker. Die Klemmen bieten einen sicheren Halt, der gew\u00e4hrleistet, dass die Ecken Ihres Flightcases fest an Ort und Stelle gehalten werden, wodurch das Risiko einer Besch\u00e4digung verringert wird. Durch die Konzentration auf den Direktvertrieb garantiert SX, dass Sie zuverl\u00e4ssige Hardware zu niedrigen Preisen erhalten, die sich f\u00fcr Projekte jeder Gr\u00f6\u00dfenordnung eignet.<\/p>\n<h4>Bew\u00e4hrte Qualit\u00e4t mit Einsparungen ab Werk<\/h4>\n<p>Bei SX steht die Qualit\u00e4t im Mittelpunkt unseres Handelns. Unser <strong>Flight Case-Eckklammern<\/strong> werden strengen Qualit\u00e4tskontrollen unterzogen, um sicherzustellen, dass sie den h\u00f6chsten Standards entsprechen. Da wir unsere Produkte direkt von unserem Werk beziehen, k\u00f6nnen wir Einsparungen an unsere Kunden weitergeben und gleichzeitig ein gleichbleibend hohes Qualit\u00e4tsniveau aufrechterhalten. Sie erhalten zuverl\u00e4ssige Hardware, die kosteng\u00fcnstig ist und ein hervorragendes Preis-Leistungs-Verh\u00e4ltnis bietet.<\/p>\n<h4>Vielseitige Anwendungen f\u00fcr alle Flight Cases<\/h4>\n<p>Ganz gleich, ob Sie neue Flightcases bauen oder bestehende aufr\u00fcsten wollen, SX <strong>Flight Case-Eckklammern<\/strong> sind so vielseitig, dass sie f\u00fcr verschiedene Designs und Gr\u00f6\u00dfen geeignet sind. Die Klammern bieten eine solide Verst\u00e4rkung sowohl f\u00fcr kundenspezifische als auch f\u00fcr Standardkoffer, was sie zu einer beliebten Wahl in verschiedenen Branchen macht. Dank des Direktpreises ab Werk k\u00f6nnen Sie Ihre Koffer zu einem Bruchteil der markt\u00fcblichen Kosten mit Premium-Klammern ausstatten.<\/p>\n<h4>Individuelle L\u00f6sungen f\u00fcr Ihre einzigartigen Bed\u00fcrfnisse<\/h4>\n<p>SX wei\u00df, dass jedes Projekt einzigartig ist. Deshalb bieten wir anpassbare Optionen f\u00fcr unsere <strong>Flight Case-Eckklammern<\/strong>. Ganz gleich, ob Sie bestimmte Abmessungen, Oberfl\u00e4chen oder Materialien ben\u00f6tigen, wir k\u00f6nnen unsere Produkte genau an Ihre Anforderungen anpassen. Dank unseres Direktvertriebsmodells sind diese Anpassungen erschwinglich und bieten gleichzeitig die Qualit\u00e4t, die Sie von SX erwarten.<\/p>\n<h4>Das SX-Versprechen: Qualit\u00e4t und Erschwinglichkeit in Kombination<\/h4>\n<p>Bei SX m\u00fcssen Sie nie einen Kompromiss zwischen Qualit\u00e4t und Preis eingehen. Unser <strong>Flight Case-Eckklammern<\/strong> bieten die perfekte Mischung aus St\u00e4rke, Haltbarkeit und Erschwinglichkeit. Dank unseres Direktvertriebsmodells erhalten Sie erstklassige Hardware ohne die zus\u00e4tzlichen Kosten von Zwischenh\u00e4ndlern, so dass Sie qualitativ hochwertige Klemmen erhalten, die sowohl Ihren Bed\u00fcrfnissen als auch Ihrem Budget entsprechen.<\/p>\n<h4>W\u00e4hlen Sie SX f\u00fcr zuverl\u00e4ssige Flight Case Hardware<\/h4>\n<p>Wenn es um die Sicherung Ihrer Flightcases geht, ist SX's <strong>Flight Case-Eckklammern<\/strong> sind die ideale Wahl. Dank der einfachen Installation, der langlebigen Konstruktion und der unschlagbaren Preise genie\u00dfen unsere Klemmen das Vertrauen von Profis und Heimwerkern gleicherma\u00dfen. Entscheiden Sie sich bei Ihrem n\u00e4chsten Projekt f\u00fcr SX und profitieren Sie von den Vorteilen hochwertiger Beschl\u00e4ge, die das Budget nicht sprengen.<\/p>\n<p>Jetzt kontaktieren:<span style=\"color: #0000ff;\"><a style=\"color: #0000ff;\" href=\"https:\/\/sxpowercase.com\/contact-us\/\">https:\/\/sxpowercase.com\/<\/a><\/span><\/p>\n<p>Hardware-Produktkatalog:<span style=\"color: #3366ff;\"><a style=\"color: #3366ff;\" href=\"https:\/\/sxpowercase.com\/wp-content\/uploads\/2024\/07\/\u4e94\u91d1.pdf\">Hardware-Zubeh\u00f6rkatalog<\/a><\/span><\/p>","protected":false},"excerpt":{"rendered":"<h3>SX Flight Case-Eckklammern: Erschwinglicher Schutz f\u00fcr Ihre Ausr\u00fcstung<\/h3>\n<p>SX bietet qualitativ hochwertige Flight Case Corner Clamps, die eine zuverl\u00e4ssige Eckverst\u00e4rkung f\u00fcr Ihre Flight Cases bieten. Mit Direktpreisen ab Werk erhalten Sie langlebige Hardware, die Ihr Equipment sch\u00fctzt, ohne zu viel Geld auszugeben.<\/p>\n<h3>Langlebig und einfach zu installieren<\/h3>\n<p>Die aus robustem Metall gefertigten SX Flight Case Corner Clamps gew\u00e4hrleisten eine lange Haltbarkeit und sind schnell zu installieren. Egal, ob Sie ein Profi oder ein Heimwerker sind, diese Klammern bieten starken Halt f\u00fcr sichere und stabile Flightcases.<\/p>\n<h3>Anpassbare Optionen zu Werkspreisen<\/h3>\n<p>SX bietet anpassbare Abmessungen und Oberfl\u00e4chen f\u00fcr unsere Flight Case Corner Clamps. Genie\u00dfen Sie hochwertige, auf Ihre Bed\u00fcrfnisse zugeschnittene Hardware zu unschlagbaren Preisen, dank unseres Direktvertriebsmodells.<\/p>","protected":false},"featured_media":4178,"comment_status":"open","ping_status":"closed","template":"","meta":[],"product_brand":[],"product_cat":[64],"product_tag":[],"class_list":{"0":"post-4207","1":"product","2":"type-product","3":"status-publish","4":"has-post-thumbnail","6":"product_cat-clamps","8":"first","9":"instock","10":"shipping-taxable","11":"product-type-simple"},"yoast_head":"<!-- This site is optimized with the Yoast SEO Premium plugin v27.1 (Yoast SEO v27.2) - https:\/\/yoast.com\/product\/yoast-seo-premium-wordpress\/ -->\n<title>Flight Case Corner Clamp CLA401 - https:\/\/sxflightcase.com \ud83d\udc97<\/title>\n<meta name=\"description\" content=\"Flight case corner clamp, factory direct! High-quality, durable clamps designed to reinforce and securely fasten flight case corners. Ideal for ensuring long-lasting protection during transport.\" \/>\n<meta name=\"robots\" content=\"index, follow, max-snippet:-1, max-image-preview:large, max-video-preview:-1\" \/>\n<link rel=\"canonical\" href=\"https:\/\/sxflightcase.com\/de\/produkt\/flight-case-eckklammer-cla401-2\/\" \/>\n<meta property=\"og:locale\" content=\"de_DE\" \/>\n<meta property=\"og:type\" content=\"article\" \/>\n<meta property=\"og:title\" content=\"Flight Case Corner Clamp CLA401\" \/>\n<meta property=\"og:description\" content=\"Flight case corner clamp, factory direct! High-quality, durable clamps designed to reinforce and securely fasten flight case corners. Ideal for ensuring long-lasting protection during transport.\" \/>\n<meta property=\"og:url\" content=\"https:\/\/sxflightcase.com\/de\/produkt\/flight-case-eckklammer-cla401-2\/\" \/>\n<meta property=\"og:site_name\" content=\"https:\/\/sxflightcase.com\" \/>\n<meta property=\"article:publisher\" content=\"https:\/\/www.facebook.com\/profile.php?id=61560407257971\" \/>\n<meta property=\"article:modified_time\" content=\"2024-08-23T06:18:46+00:00\" \/>\n<meta property=\"og:image\" content=\"https:\/\/sxflightcase.com\/wp-content\/uploads\/2024\/08\/CLA401.jpg\" \/>\n\t<meta property=\"og:image:width\" content=\"700\" \/>\n\t<meta property=\"og:image:height\" content=\"700\" \/>\n\t<meta property=\"og:image:type\" content=\"image\/jpeg\" \/>\n<meta name=\"twitter:card\" content=\"summary_large_image\" \/>\n<meta name=\"twitter:label1\" content=\"Gesch\u00e4tzte Lesezeit\" \/>\n\t<meta name=\"twitter:data1\" content=\"4\u00a0Minuten\" \/>\n<script type=\"application\/ld+json\" class=\"yoast-schema-graph\">{\"@context\":\"https:\/\/schema.org\",\"@graph\":[{\"@type\":\"WebPage\",\"@id\":\"https:\/\/sxflightcase.com\/product\/flight-case-corner-clamp-cla401\/\",\"url\":\"https:\/\/sxflightcase.com\/product\/flight-case-corner-clamp-cla401\/\",\"name\":\"Flight Case Corner Clamp CLA401 - https:\/\/sxflightcase.com \ud83d\udc97\",\"isPartOf\":{\"@id\":\"https:\/\/sxflightcase.com\/th\/#website\"},\"primaryImageOfPage\":{\"@id\":\"https:\/\/sxflightcase.com\/product\/flight-case-corner-clamp-cla401\/#primaryimage\"},\"image\":{\"@id\":\"https:\/\/sxflightcase.com\/product\/flight-case-corner-clamp-cla401\/#primaryimage\"},\"thumbnailUrl\":\"https:\/\/sxflightcase.com\/wp-content\/uploads\/2024\/08\/CLA401.jpg\",\"datePublished\":\"2024-08-23T06:18:45+00:00\",\"dateModified\":\"2024-08-23T06:18:46+00:00\",\"description\":\"Flight case corner clamp, factory direct! High-quality, durable clamps designed to reinforce and securely fasten flight case corners. Ideal for ensuring long-lasting protection during transport.\",\"breadcrumb\":{\"@id\":\"https:\/\/sxflightcase.com\/product\/flight-case-corner-clamp-cla401\/#breadcrumb\"},\"inLanguage\":\"de\",\"potentialAction\":[{\"@type\":\"ReadAction\",\"target\":[\"https:\/\/sxflightcase.com\/product\/flight-case-corner-clamp-cla401\/\"]}]},{\"@type\":\"ImageObject\",\"inLanguage\":\"de\",\"@id\":\"https:\/\/sxflightcase.com\/product\/flight-case-corner-clamp-cla401\/#primaryimage\",\"url\":\"https:\/\/sxflightcase.com\/wp-content\/uploads\/2024\/08\/CLA401.jpg\",\"contentUrl\":\"https:\/\/sxflightcase.com\/wp-content\/uploads\/2024\/08\/CLA401.jpg\",\"width\":700,\"height\":700,\"caption\":\"Flight Case Corner Clamp\"},{\"@type\":\"BreadcrumbList\",\"@id\":\"https:\/\/sxflightcase.com\/product\/flight-case-corner-clamp-cla401\/#breadcrumb\",\"itemListElement\":[{\"@type\":\"ListItem\",\"position\":1,\"name\":\"Home\",\"item\":\"https:\/\/sxflightcase.com\/\"},{\"@type\":\"ListItem\",\"position\":2,\"name\":\"\u0e2a\u0e34\u0e19\u0e04\u0e49\u0e32\",\"item\":\"https:\/\/sxflightcase.com\/th\/shop\/\"},{\"@type\":\"ListItem\",\"position\":3,\"name\":\"Flight Case Corner Clamp CLA401\"}]},{\"@type\":\"WebSite\",\"@id\":\"https:\/\/sxflightcase.com\/th\/#website\",\"url\":\"https:\/\/sxflightcase.com\/th\/\",\"name\":\"sxpowercase.com\",\"description\":\"Flight Case Factory\",\"publisher\":{\"@id\":\"https:\/\/sxflightcase.com\/th\/#organization\"},\"potentialAction\":[{\"@type\":\"SearchAction\",\"target\":{\"@type\":\"EntryPoint\",\"urlTemplate\":\"https:\/\/sxflightcase.com\/th\/?s={search_term_string}\"},\"query-input\":{\"@type\":\"PropertyValueSpecification\",\"valueRequired\":true,\"valueName\":\"search_term_string\"}}],\"inLanguage\":\"de\"},{\"@type\":\"Organization\",\"@id\":\"https:\/\/sxflightcase.com\/th\/#organization\",\"name\":\"sxpowercase.com\",\"url\":\"https:\/\/sxflightcase.com\/th\/\",\"logo\":{\"@type\":\"ImageObject\",\"inLanguage\":\"de\",\"@id\":\"https:\/\/sxflightcase.com\/th\/#\/schema\/logo\/image\/\",\"url\":\"https:\/\/sxflightcase.com\/wp-content\/uploads\/2024\/04\/1713919036007.jpg\",\"contentUrl\":\"https:\/\/sxflightcase.com\/wp-content\/uploads\/2024\/04\/1713919036007.jpg\",\"width\":382,\"height\":388,\"caption\":\"sxpowercase.com\"},\"image\":{\"@id\":\"https:\/\/sxflightcase.com\/th\/#\/schema\/logo\/image\/\"},\"sameAs\":[\"https:\/\/www.facebook.com\/profile.php?id=61560407257971\"],\"numberOfEmployees\":{\"@type\":\"QuantitativeValue\",\"minValue\":\"11\",\"maxValue\":\"50\"}}]}<\/script>\n<!-- \/ Yoast SEO Premium plugin. -->","yoast_head_json":{"title":"Flight Case Corner Clamp CLA401 - https:\/\/sxflightcase.com \ud83d\udc97","description":"Flightcase-Eckklemme, direkt ab Werk! Hochwertige, langlebige Klammern zur Verst\u00e4rkung und sicheren Befestigung von Flightcase-Ecken. Ideal, um einen dauerhaften Schutz w\u00e4hrend des Transports zu gew\u00e4hrleisten.","robots":{"index":"index","follow":"follow","max-snippet":"max-snippet:-1","max-image-preview":"max-image-preview:large","max-video-preview":"max-video-preview:-1"},"canonical":"https:\/\/sxflightcase.com\/de\/produkt\/flight-case-eckklammer-cla401-2\/","og_locale":"de_DE","og_type":"article","og_title":"Flight Case Corner Clamp CLA401","og_description":"Flight case corner clamp, factory direct! High-quality, durable clamps designed to reinforce and securely fasten flight case corners. Ideal for ensuring long-lasting protection during transport.","og_url":"https:\/\/sxflightcase.com\/de\/produkt\/flight-case-eckklammer-cla401-2\/","og_site_name":"https:\/\/sxflightcase.com","article_publisher":"https:\/\/www.facebook.com\/profile.php?id=61560407257971","article_modified_time":"2024-08-23T06:18:46+00:00","og_image":[{"width":700,"height":700,"url":"https:\/\/sxflightcase.com\/wp-content\/uploads\/2024\/08\/CLA401.jpg","type":"image\/jpeg"}],"twitter_card":"summary_large_image","twitter_misc":{"Gesch\u00e4tzte Lesezeit":"4\u00a0Minuten"},"schema":{"@context":"https:\/\/schema.org","@graph":[{"@type":"WebPage","@id":"https:\/\/sxflightcase.com\/product\/flight-case-corner-clamp-cla401\/","url":"https:\/\/sxflightcase.com\/product\/flight-case-corner-clamp-cla401\/","name":"Flight Case Corner Clamp CLA401 - https:\/\/sxflightcase.com \ud83d\udc97","isPartOf":{"@id":"https:\/\/sxflightcase.com\/th\/#website"},"primaryImageOfPage":{"@id":"https:\/\/sxflightcase.com\/product\/flight-case-corner-clamp-cla401\/#primaryimage"},"image":{"@id":"https:\/\/sxflightcase.com\/product\/flight-case-corner-clamp-cla401\/#primaryimage"},"thumbnailUrl":"https:\/\/sxflightcase.com\/wp-content\/uploads\/2024\/08\/CLA401.jpg","datePublished":"2024-08-23T06:18:45+00:00","dateModified":"2024-08-23T06:18:46+00:00","description":"Flightcase-Eckklemme, direkt ab Werk! Hochwertige, langlebige Klammern zur Verst\u00e4rkung und sicheren Befestigung von Flightcase-Ecken. Ideal, um einen dauerhaften Schutz w\u00e4hrend des Transports zu gew\u00e4hrleisten.","breadcrumb":{"@id":"https:\/\/sxflightcase.com\/product\/flight-case-corner-clamp-cla401\/#breadcrumb"},"inLanguage":"de","potentialAction":[{"@type":"ReadAction","target":["https:\/\/sxflightcase.com\/product\/flight-case-corner-clamp-cla401\/"]}]},{"@type":"ImageObject","inLanguage":"de","@id":"https:\/\/sxflightcase.com\/product\/flight-case-corner-clamp-cla401\/#primaryimage","url":"https:\/\/sxflightcase.com\/wp-content\/uploads\/2024\/08\/CLA401.jpg","contentUrl":"https:\/\/sxflightcase.com\/wp-content\/uploads\/2024\/08\/CLA401.jpg","width":700,"height":700,"caption":"Flight Case Corner Clamp"},{"@type":"BreadcrumbList","@id":"https:\/\/sxflightcase.com\/product\/flight-case-corner-clamp-cla401\/#breadcrumb","itemListElement":[{"@type":"ListItem","position":1,"name":"Home","item":"https:\/\/sxflightcase.com\/"},{"@type":"ListItem","position":2,"name":"\u0e2a\u0e34\u0e19\u0e04\u0e49\u0e32","item":"https:\/\/sxflightcase.com\/th\/shop\/"},{"@type":"ListItem","position":3,"name":"Flight Case Corner Clamp CLA401"}]},{"@type":"WebSite","@id":"https:\/\/sxflightcase.com\/th\/#website","url":"https:\/\/sxflightcase.com\/th\/","name":"www.sxpowercase.com","description":"Flight Case Fabrik","publisher":{"@id":"https:\/\/sxflightcase.com\/th\/#organization"},"potentialAction":[{"@type":"SearchAction","target":{"@type":"EntryPoint","urlTemplate":"https:\/\/sxflightcase.com\/th\/?s={search_term_string}"},"query-input":{"@type":"PropertyValueSpecification","valueRequired":true,"valueName":"search_term_string"}}],"inLanguage":"de"},{"@type":"Organization","@id":"https:\/\/sxflightcase.com\/th\/#organization","name":"www.sxpowercase.com","url":"https:\/\/sxflightcase.com\/th\/","logo":{"@type":"ImageObject","inLanguage":"de","@id":"https:\/\/sxflightcase.com\/th\/#\/schema\/logo\/image\/","url":"https:\/\/sxflightcase.com\/wp-content\/uploads\/2024\/04\/1713919036007.jpg","contentUrl":"https:\/\/sxflightcase.com\/wp-content\/uploads\/2024\/04\/1713919036007.jpg","width":382,"height":388,"caption":"sxpowercase.com"},"image":{"@id":"https:\/\/sxflightcase.com\/th\/#\/schema\/logo\/image\/"},"sameAs":["https:\/\/www.facebook.com\/profile.php?id=61560407257971"],"numberOfEmployees":{"@type":"QuantitativeValue","minValue":"11","maxValue":"50"}}]}},"_links":{"self":[{"href":"https:\/\/sxflightcase.com\/de\/wp-json\/wp\/v2\/product\/4207","targetHints":{"allow":["GET"]}}],"collection":[{"href":"https:\/\/sxflightcase.com\/de\/wp-json\/wp\/v2\/product"}],"about":[{"href":"https:\/\/sxflightcase.com\/de\/wp-json\/wp\/v2\/types\/product"}],"replies":[{"embeddable":true,"href":"https:\/\/sxflightcase.com\/de\/wp-json\/wp\/v2\/comments?post=4207"}],"version-history":[{"count":0,"href":"https:\/\/sxflightcase.com\/de\/wp-json\/wp\/v2\/product\/4207\/revisions"}],"wp:featuredmedia":[{"embeddable":true,"href":"https:\/\/sxflightcase.com\/de\/wp-json\/wp\/v2\/media\/4178"}],"wp:attachment":[{"href":"https:\/\/sxflightcase.com\/de\/wp-json\/wp\/v2\/media?parent=4207"}],"wp:term":[{"taxonomy":"product_brand","embeddable":true,"href":"https:\/\/sxflightcase.com\/de\/wp-json\/wp\/v2\/product_brand?post=4207"},{"taxonomy":"product_cat","embeddable":true,"href":"https:\/\/sxflightcase.com\/de\/wp-json\/wp\/v2\/product_cat?post=4207"},{"taxonomy":"product_tag","embeddable":true,"href":"https:\/\/sxflightcase.com\/de\/wp-json\/wp\/v2\/product_tag?post=4207"}],"curies":[{"name":"wp","href":"https:\/\/api.w.org\/{rel}","templated":true}]}}