{"id":4208,"date":"2024-08-23T07:20:31","date_gmt":"2024-08-23T06:20:31","guid":{"rendered":"https:\/\/sxpowercase.com\/?post_type=product&#038;p=4208"},"modified":"2024-08-23T07:20:32","modified_gmt":"2024-08-23T06:20:32","slug":"flight-case-corner-clamp-cla501","status":"publish","type":"product","link":"https:\/\/sxflightcase.com\/de\/produkt\/flight-case-eckklammer-cla501-2\/","title":{"rendered":"Flightcase-Eckklemme CLA501"},"content":{"rendered":"<h3>SX Flight Case Eckklemme: Hochwertige Hardware zu erschwinglichen Preisen<\/h3>\n<h4>Verst\u00e4rken Sie Ihre Flight Cases mit zuverl\u00e4ssigen Klammern<\/h4>\n<p>F\u00fcr diejenigen, die einen dauerhaften Schutz f\u00fcr ihre Ausr\u00fcstung ben\u00f6tigen, ist SX's <span style=\"color: #3366ff;\"><a style=\"color: #3366ff;\" href=\"https:\/\/sxpowercase.com\/product\/flight-case-corner-clamp-cla401\/\"><strong>Flight Case-Eckklammer<\/strong><\/a><\/span> ist eine entscheidende Komponente. Diese Klammern wurden entwickelt, um die Stabilit\u00e4t und Sicherheit zu erh\u00f6hen und eignen sich perfekt zur Verst\u00e4rkung der Ecken Ihrer Flightcases. Mit unseren Direktpreisen ab Werk stellt SX sicher, dass Sie erstklassige Hardware zu wettbewerbsf\u00e4higen Preisen erhalten, die ein hervorragendes Preis-Leistungs-Verh\u00e4ltnis bieten, ohne dass Sie auf Qualit\u00e4t verzichten m\u00fcssen.<\/p>\n<h4>Langlebige Konstruktion, auf die man sich verlassen kann<\/h4>\n<p><a href=\"https:\/\/sxpowercase.com\/\" target=\"_blank\" rel=\"noopener\" title=\"SX\" data-wpil-monitor-id=\"691\">SX<\/a> <strong>Flight Case-Eckklammern<\/strong> sind aus starken Metallmaterialien gefertigt, die den h\u00e4rtesten Bedingungen standhalten. Diese Klammern bieten einen hervorragenden Schutz und sorgen daf\u00fcr, dass Ihre Ausr\u00fcstung w\u00e4hrend des Transports sicher bleibt. Durch die direkte Herstellung und den Verzicht auf unn\u00f6tige Zwischenh\u00e4ndler ist SX in der Lage, diese hochwertigen Produkte zu Preisen zu liefern, die in jedes Budget passen.<\/p>\n<h4>Schnelle Installation und maximaler Schutz<\/h4>\n<p>Das Design von SX's <strong>Flight Case-Eckklammer<\/strong> erm\u00f6glicht eine einfache und schnelle Installation. Egal, ob Sie ein professioneller Konstrukteur sind oder ein Heimwerkerprojekt in Angriff nehmen, diese Klammern bieten eine perfekte Passform, die die Ecken Ihres Flightcases an Ort und Stelle fixiert. Diese Stabilit\u00e4t minimiert das Risiko von Besch\u00e4digungen und macht sie zu einer unverzichtbaren Wahl f\u00fcr alle, die ihre wertvolle Ausr\u00fcstung sch\u00fctzen wollen. Mit dem SX-Preisvorteil direkt ab Werk k\u00f6nnen Sie Ihre Koffer zu einem erschwinglichen Preis sichern.<\/p>\n<h4>Qualit\u00e4tssicherung bei jedem Kauf<\/h4>\n<p>Bei SX legen wir gro\u00dfen Wert auf die Lieferung von Qualit\u00e4tsprodukten. Unser <strong>Flight Case-Eckklammern<\/strong> durchlaufen strenge Qualit\u00e4tskontrollprozesse, um sicherzustellen, dass sie den Industriestandards entsprechen. Da SX die Produktion und den Vertrieb im eigenen Haus verwaltet, kann das Unternehmen zuverl\u00e4ssige Hardware zu niedrigeren Preisen anbieten und gleichzeitig die Qualit\u00e4t beibehalten, der Fachleute vertrauen.<\/p>\n<h4>Vielseitige Hardware f\u00fcr verschiedene Geh\u00e4usedesigns<\/h4>\n<p>SXs <strong>Flight Case-Eckklammern<\/strong> sind vielseitig und lassen sich an verschiedene Geh\u00e4usekonfigurationen anpassen. Ganz gleich, ob Sie ein neues Geh\u00e4use bauen oder ein bestehendes verst\u00e4rken, diese Klammern bieten zuverl\u00e4ssige Eckunterst\u00fctzung f\u00fcr verschiedene Geh\u00e4usegr\u00f6\u00dfen. Unser Engagement f\u00fcr den Direktvertrieb erm\u00f6glicht es Ihnen, Premium-Hardware zu erschwinglichen Preisen zu genie\u00dfen, was es einfacher macht, Ihre Projekte im Rahmen des Budgets abzuschlie\u00dfen.<\/p>\n<h4>Anpassbare L\u00f6sungen f\u00fcr einzigartige Anforderungen<\/h4>\n<p>SX bietet Anpassungsm\u00f6glichkeiten f\u00fcr unsere <strong>Flight Case-Eckklammern<\/strong> um spezifische Projektanforderungen zu erf\u00fcllen. Ob Sie spezielle Materialien, Oberfl\u00e4chen oder Abmessungen ben\u00f6tigen, wir k\u00f6nnen unsere Produkte entsprechend anpassen. Unser Direktvertriebsmodell stellt sicher, dass auch kundenspezifische Klemmen zu wettbewerbsf\u00e4higen Preisen erh\u00e4ltlich sind, sodass Sie ma\u00dfgeschneiderte L\u00f6sungen ohne \u00fcberh\u00f6hte Kosten erhalten.<\/p>\n<h4>SX: Kombination von Qualit\u00e4t und Erschwinglichkeit<\/h4>\n<p>SX hat es sich zur Aufgabe gemacht, hochwertige Hardware zu g\u00fcnstigen Preisen anzubieten. Unser <strong>Flight Case-Eckklammern<\/strong> sind ein gutes Beispiel daf\u00fcr, wie wir Langlebigkeit, Zuverl\u00e4ssigkeit und Erschwinglichkeit in einem Paket vereinen. Indem wir den Produktionsprozess kontrollieren und unn\u00f6tige Kosten einsparen, bieten wir unseren Kunden starke und zuverl\u00e4ssige Klemmen zu einem hervorragenden Preis-Leistungs-Verh\u00e4ltnis.<\/p>\n<h4>Sichern Sie Ihre Koffer mit SX Flight Case Hardware<\/h4>\n<p>Wenn es um die Verst\u00e4rkung Ihrer Flightcases geht, vertrauen Sie auf SX's <strong>Flight Case-Eckklammern<\/strong>. Dank der einfachen Installation, der langlebigen Konstruktion und der wettbewerbsf\u00e4higen Preise sind unsere Klemmen die perfekte Wahl f\u00fcr Profis und Hobbyisten gleicherma\u00dfen. Entscheiden Sie sich bei Ihrem n\u00e4chsten Projekt f\u00fcr SX und profitieren Sie von der Qualit\u00e4t und den Einsparungen, die nur Produkte aus dem Direktvertrieb bieten k\u00f6nnen.<\/p>\n<p>Jetzt kontaktieren:<span style=\"color: #0000ff;\"><a style=\"color: #0000ff;\" href=\"https:\/\/sxpowercase.com\/contact-us\/\">https:\/\/sxpowercase.com\/<\/a><\/span><\/p>\n<p>Hardware-Produktkatalog:<span style=\"color: #3366ff;\"><a style=\"color: #3366ff;\" href=\"https:\/\/sxpowercase.com\/wp-content\/uploads\/2024\/07\/\u4e94\u91d1.pdf\">Hardware-Zubeh\u00f6rkatalog<\/a><\/span><\/p>","protected":false},"excerpt":{"rendered":"<h3>SX Flight Case-Eckklammern: Erschwinglicher Schutz f\u00fcr Ihre Ausr\u00fcstung<\/h3>\n<p>SX bietet qualitativ hochwertige Flight Case Corner Clamps, die eine zuverl\u00e4ssige Eckverst\u00e4rkung f\u00fcr Ihre Flight Cases bieten. Mit Direktpreisen ab Werk erhalten Sie langlebige Hardware, die Ihr Equipment sch\u00fctzt, ohne zu viel Geld auszugeben.<\/p>\n<h3>Langlebig und einfach zu installieren<\/h3>\n<p>Die aus robustem Metall gefertigten SX Flight Case Corner Clamps gew\u00e4hrleisten eine lange Haltbarkeit und sind schnell zu installieren. Egal, ob Sie ein Profi oder ein Heimwerker sind, diese Klammern bieten starken Halt f\u00fcr sichere und stabile Flightcases.<\/p>\n<h3>Anpassbare Optionen zu Werkspreisen<\/h3>\n<p>SX bietet anpassbare Abmessungen und Oberfl\u00e4chen f\u00fcr unsere Flight Case Corner Clamps. Genie\u00dfen Sie hochwertige, auf Ihre Bed\u00fcrfnisse zugeschnittene Hardware zu unschlagbaren Preisen, dank unseres Direktvertriebsmodells.<\/p>","protected":false},"featured_media":4179,"comment_status":"open","ping_status":"closed","template":"","meta":[],"product_brand":[],"product_cat":[64],"product_tag":[],"class_list":{"0":"post-4208","1":"product","2":"type-product","3":"status-publish","4":"has-post-thumbnail","6":"product_cat-clamps","8":"first","9":"instock","10":"shipping-taxable","11":"product-type-simple"},"yoast_head":"<!-- This site is optimized with the Yoast SEO Premium plugin v27.1 (Yoast SEO v27.2) - https:\/\/yoast.com\/product\/yoast-seo-premium-wordpress\/ -->\n<title>Flight Case Corner Clamp CLA501 - https:\/\/sxflightcase.com \ud83d\udc97<\/title>\n<meta name=\"description\" content=\"Flight case corner clamp, factory direct! High-quality, durable clamps designed to reinforce and securely fasten flight case corners. Ideal for ensuring long-lasting protection during transport.\" \/>\n<meta name=\"robots\" content=\"index, follow, max-snippet:-1, max-image-preview:large, max-video-preview:-1\" \/>\n<link rel=\"canonical\" href=\"https:\/\/sxflightcase.com\/de\/produkt\/flight-case-eckklammer-cla501-2\/\" \/>\n<meta property=\"og:locale\" content=\"de_DE\" \/>\n<meta property=\"og:type\" content=\"article\" \/>\n<meta property=\"og:title\" content=\"Flight Case Corner Clamp CLA501\" \/>\n<meta property=\"og:description\" content=\"Flight case corner clamp, factory direct! High-quality, durable clamps designed to reinforce and securely fasten flight case corners. Ideal for ensuring long-lasting protection during transport.\" \/>\n<meta property=\"og:url\" content=\"https:\/\/sxflightcase.com\/de\/produkt\/flight-case-eckklammer-cla501-2\/\" \/>\n<meta property=\"og:site_name\" content=\"https:\/\/sxflightcase.com\" \/>\n<meta property=\"article:publisher\" content=\"https:\/\/www.facebook.com\/profile.php?id=61560407257971\" \/>\n<meta property=\"article:modified_time\" content=\"2024-08-23T06:20:32+00:00\" \/>\n<meta property=\"og:image\" content=\"https:\/\/sxflightcase.com\/wp-content\/uploads\/2024\/08\/CLA501.jpg\" \/>\n\t<meta property=\"og:image:width\" content=\"700\" \/>\n\t<meta property=\"og:image:height\" content=\"700\" \/>\n\t<meta property=\"og:image:type\" content=\"image\/jpeg\" \/>\n<meta name=\"twitter:card\" content=\"summary_large_image\" \/>\n<meta name=\"twitter:label1\" content=\"Gesch\u00e4tzte Lesezeit\" \/>\n\t<meta name=\"twitter:data1\" content=\"3\u00a0Minuten\" \/>\n<script type=\"application\/ld+json\" class=\"yoast-schema-graph\">{\"@context\":\"https:\/\/schema.org\",\"@graph\":[{\"@type\":\"WebPage\",\"@id\":\"https:\/\/sxflightcase.com\/product\/flight-case-corner-clamp-cla501\/\",\"url\":\"https:\/\/sxflightcase.com\/product\/flight-case-corner-clamp-cla501\/\",\"name\":\"Flight Case Corner Clamp CLA501 - https:\/\/sxflightcase.com \ud83d\udc97\",\"isPartOf\":{\"@id\":\"https:\/\/sxflightcase.com\/th\/#website\"},\"primaryImageOfPage\":{\"@id\":\"https:\/\/sxflightcase.com\/product\/flight-case-corner-clamp-cla501\/#primaryimage\"},\"image\":{\"@id\":\"https:\/\/sxflightcase.com\/product\/flight-case-corner-clamp-cla501\/#primaryimage\"},\"thumbnailUrl\":\"https:\/\/sxflightcase.com\/wp-content\/uploads\/2024\/08\/CLA501.jpg\",\"datePublished\":\"2024-08-23T06:20:31+00:00\",\"dateModified\":\"2024-08-23T06:20:32+00:00\",\"description\":\"Flight case corner clamp, factory direct! High-quality, durable clamps designed to reinforce and securely fasten flight case corners. Ideal for ensuring long-lasting protection during transport.\",\"breadcrumb\":{\"@id\":\"https:\/\/sxflightcase.com\/product\/flight-case-corner-clamp-cla501\/#breadcrumb\"},\"inLanguage\":\"de\",\"potentialAction\":[{\"@type\":\"ReadAction\",\"target\":[\"https:\/\/sxflightcase.com\/product\/flight-case-corner-clamp-cla501\/\"]}]},{\"@type\":\"ImageObject\",\"inLanguage\":\"de\",\"@id\":\"https:\/\/sxflightcase.com\/product\/flight-case-corner-clamp-cla501\/#primaryimage\",\"url\":\"https:\/\/sxflightcase.com\/wp-content\/uploads\/2024\/08\/CLA501.jpg\",\"contentUrl\":\"https:\/\/sxflightcase.com\/wp-content\/uploads\/2024\/08\/CLA501.jpg\",\"width\":700,\"height\":700,\"caption\":\"Flight Case Corner Clamp\"},{\"@type\":\"BreadcrumbList\",\"@id\":\"https:\/\/sxflightcase.com\/product\/flight-case-corner-clamp-cla501\/#breadcrumb\",\"itemListElement\":[{\"@type\":\"ListItem\",\"position\":1,\"name\":\"Home\",\"item\":\"https:\/\/sxflightcase.com\/\"},{\"@type\":\"ListItem\",\"position\":2,\"name\":\"\u0e2a\u0e34\u0e19\u0e04\u0e49\u0e32\",\"item\":\"https:\/\/sxflightcase.com\/th\/shop\/\"},{\"@type\":\"ListItem\",\"position\":3,\"name\":\"Flight Case Corner Clamp CLA501\"}]},{\"@type\":\"WebSite\",\"@id\":\"https:\/\/sxflightcase.com\/th\/#website\",\"url\":\"https:\/\/sxflightcase.com\/th\/\",\"name\":\"sxpowercase.com\",\"description\":\"Flight Case Factory\",\"publisher\":{\"@id\":\"https:\/\/sxflightcase.com\/th\/#organization\"},\"potentialAction\":[{\"@type\":\"SearchAction\",\"target\":{\"@type\":\"EntryPoint\",\"urlTemplate\":\"https:\/\/sxflightcase.com\/th\/?s={search_term_string}\"},\"query-input\":{\"@type\":\"PropertyValueSpecification\",\"valueRequired\":true,\"valueName\":\"search_term_string\"}}],\"inLanguage\":\"de\"},{\"@type\":\"Organization\",\"@id\":\"https:\/\/sxflightcase.com\/th\/#organization\",\"name\":\"sxpowercase.com\",\"url\":\"https:\/\/sxflightcase.com\/th\/\",\"logo\":{\"@type\":\"ImageObject\",\"inLanguage\":\"de\",\"@id\":\"https:\/\/sxflightcase.com\/th\/#\/schema\/logo\/image\/\",\"url\":\"https:\/\/sxflightcase.com\/wp-content\/uploads\/2024\/04\/1713919036007.jpg\",\"contentUrl\":\"https:\/\/sxflightcase.com\/wp-content\/uploads\/2024\/04\/1713919036007.jpg\",\"width\":382,\"height\":388,\"caption\":\"sxpowercase.com\"},\"image\":{\"@id\":\"https:\/\/sxflightcase.com\/th\/#\/schema\/logo\/image\/\"},\"sameAs\":[\"https:\/\/www.facebook.com\/profile.php?id=61560407257971\"],\"numberOfEmployees\":{\"@type\":\"QuantitativeValue\",\"minValue\":\"11\",\"maxValue\":\"50\"}}]}<\/script>\n<!-- \/ Yoast SEO Premium plugin. -->","yoast_head_json":{"title":"Flight Case Corner Clamp CLA501 - https:\/\/sxflightcase.com \ud83d\udc97","description":"Flightcase-Eckklemme, direkt ab Werk! Hochwertige, langlebige Klammern zur Verst\u00e4rkung und sicheren Befestigung von Flightcase-Ecken. Ideal, um einen dauerhaften Schutz w\u00e4hrend des Transports zu gew\u00e4hrleisten.","robots":{"index":"index","follow":"follow","max-snippet":"max-snippet:-1","max-image-preview":"max-image-preview:large","max-video-preview":"max-video-preview:-1"},"canonical":"https:\/\/sxflightcase.com\/de\/produkt\/flight-case-eckklammer-cla501-2\/","og_locale":"de_DE","og_type":"article","og_title":"Flight Case Corner Clamp CLA501","og_description":"Flight case corner clamp, factory direct! High-quality, durable clamps designed to reinforce and securely fasten flight case corners. Ideal for ensuring long-lasting protection during transport.","og_url":"https:\/\/sxflightcase.com\/de\/produkt\/flight-case-eckklammer-cla501-2\/","og_site_name":"https:\/\/sxflightcase.com","article_publisher":"https:\/\/www.facebook.com\/profile.php?id=61560407257971","article_modified_time":"2024-08-23T06:20:32+00:00","og_image":[{"width":700,"height":700,"url":"https:\/\/sxflightcase.com\/wp-content\/uploads\/2024\/08\/CLA501.jpg","type":"image\/jpeg"}],"twitter_card":"summary_large_image","twitter_misc":{"Gesch\u00e4tzte Lesezeit":"3\u00a0Minuten"},"schema":{"@context":"https:\/\/schema.org","@graph":[{"@type":"WebPage","@id":"https:\/\/sxflightcase.com\/product\/flight-case-corner-clamp-cla501\/","url":"https:\/\/sxflightcase.com\/product\/flight-case-corner-clamp-cla501\/","name":"Flight Case Corner Clamp CLA501 - https:\/\/sxflightcase.com \ud83d\udc97","isPartOf":{"@id":"https:\/\/sxflightcase.com\/th\/#website"},"primaryImageOfPage":{"@id":"https:\/\/sxflightcase.com\/product\/flight-case-corner-clamp-cla501\/#primaryimage"},"image":{"@id":"https:\/\/sxflightcase.com\/product\/flight-case-corner-clamp-cla501\/#primaryimage"},"thumbnailUrl":"https:\/\/sxflightcase.com\/wp-content\/uploads\/2024\/08\/CLA501.jpg","datePublished":"2024-08-23T06:20:31+00:00","dateModified":"2024-08-23T06:20:32+00:00","description":"Flightcase-Eckklemme, direkt ab Werk! Hochwertige, langlebige Klammern zur Verst\u00e4rkung und sicheren Befestigung von Flightcase-Ecken. Ideal, um einen dauerhaften Schutz w\u00e4hrend des Transports zu gew\u00e4hrleisten.","breadcrumb":{"@id":"https:\/\/sxflightcase.com\/product\/flight-case-corner-clamp-cla501\/#breadcrumb"},"inLanguage":"de","potentialAction":[{"@type":"ReadAction","target":["https:\/\/sxflightcase.com\/product\/flight-case-corner-clamp-cla501\/"]}]},{"@type":"ImageObject","inLanguage":"de","@id":"https:\/\/sxflightcase.com\/product\/flight-case-corner-clamp-cla501\/#primaryimage","url":"https:\/\/sxflightcase.com\/wp-content\/uploads\/2024\/08\/CLA501.jpg","contentUrl":"https:\/\/sxflightcase.com\/wp-content\/uploads\/2024\/08\/CLA501.jpg","width":700,"height":700,"caption":"Flight Case Corner Clamp"},{"@type":"BreadcrumbList","@id":"https:\/\/sxflightcase.com\/product\/flight-case-corner-clamp-cla501\/#breadcrumb","itemListElement":[{"@type":"ListItem","position":1,"name":"Home","item":"https:\/\/sxflightcase.com\/"},{"@type":"ListItem","position":2,"name":"\u0e2a\u0e34\u0e19\u0e04\u0e49\u0e32","item":"https:\/\/sxflightcase.com\/th\/shop\/"},{"@type":"ListItem","position":3,"name":"Flight Case Corner Clamp CLA501"}]},{"@type":"WebSite","@id":"https:\/\/sxflightcase.com\/th\/#website","url":"https:\/\/sxflightcase.com\/th\/","name":"www.sxpowercase.com","description":"Flight Case Fabrik","publisher":{"@id":"https:\/\/sxflightcase.com\/th\/#organization"},"potentialAction":[{"@type":"SearchAction","target":{"@type":"EntryPoint","urlTemplate":"https:\/\/sxflightcase.com\/th\/?s={search_term_string}"},"query-input":{"@type":"PropertyValueSpecification","valueRequired":true,"valueName":"search_term_string"}}],"inLanguage":"de"},{"@type":"Organization","@id":"https:\/\/sxflightcase.com\/th\/#organization","name":"www.sxpowercase.com","url":"https:\/\/sxflightcase.com\/th\/","logo":{"@type":"ImageObject","inLanguage":"de","@id":"https:\/\/sxflightcase.com\/th\/#\/schema\/logo\/image\/","url":"https:\/\/sxflightcase.com\/wp-content\/uploads\/2024\/04\/1713919036007.jpg","contentUrl":"https:\/\/sxflightcase.com\/wp-content\/uploads\/2024\/04\/1713919036007.jpg","width":382,"height":388,"caption":"sxpowercase.com"},"image":{"@id":"https:\/\/sxflightcase.com\/th\/#\/schema\/logo\/image\/"},"sameAs":["https:\/\/www.facebook.com\/profile.php?id=61560407257971"],"numberOfEmployees":{"@type":"QuantitativeValue","minValue":"11","maxValue":"50"}}]}},"_links":{"self":[{"href":"https:\/\/sxflightcase.com\/de\/wp-json\/wp\/v2\/product\/4208","targetHints":{"allow":["GET"]}}],"collection":[{"href":"https:\/\/sxflightcase.com\/de\/wp-json\/wp\/v2\/product"}],"about":[{"href":"https:\/\/sxflightcase.com\/de\/wp-json\/wp\/v2\/types\/product"}],"replies":[{"embeddable":true,"href":"https:\/\/sxflightcase.com\/de\/wp-json\/wp\/v2\/comments?post=4208"}],"version-history":[{"count":0,"href":"https:\/\/sxflightcase.com\/de\/wp-json\/wp\/v2\/product\/4208\/revisions"}],"wp:featuredmedia":[{"embeddable":true,"href":"https:\/\/sxflightcase.com\/de\/wp-json\/wp\/v2\/media\/4179"}],"wp:attachment":[{"href":"https:\/\/sxflightcase.com\/de\/wp-json\/wp\/v2\/media?parent=4208"}],"wp:term":[{"taxonomy":"product_brand","embeddable":true,"href":"https:\/\/sxflightcase.com\/de\/wp-json\/wp\/v2\/product_brand?post=4208"},{"taxonomy":"product_cat","embeddable":true,"href":"https:\/\/sxflightcase.com\/de\/wp-json\/wp\/v2\/product_cat?post=4208"},{"taxonomy":"product_tag","embeddable":true,"href":"https:\/\/sxflightcase.com\/de\/wp-json\/wp\/v2\/product_tag?post=4208"}],"curies":[{"name":"wp","href":"https:\/\/api.w.org\/{rel}","templated":true}]}}