{"id":4215,"date":"2024-08-24T08:14:05","date_gmt":"2024-08-24T07:14:05","guid":{"rendered":"https:\/\/sxpowercase.com\/?post_type=product&#038;p=4215"},"modified":"2024-08-24T08:14:06","modified_gmt":"2024-08-24T07:14:06","slug":"flight-case-clamp-cla505","status":"publish","type":"product","link":"https:\/\/sxflightcase.com\/de\/produkt\/flight-case-klammer-cla505-2\/","title":{"rendered":"Flightcase-Klemme CLA505"},"content":{"rendered":"<h3>SX Flight Case-Klemme: Erschwingliche Qualit\u00e4t f\u00fcr verl\u00e4ssliche Leistung<\/h3>\n<h4>Verst\u00e4rken Sie Ihre Koffer mit der SX Flight Case Clamp<\/h4>\n<p>F\u00fcr diejenigen, die sichere, langlebige Hardware ben\u00f6tigen, bietet SX zuverl\u00e4ssige <strong><span style=\"color: #3366ff;\"><a style=\"color: #3366ff;\" href=\"https:\/\/sxpowercase.com\/product\/flight-case-clamp-cla504\/\">Flight Case-Klemme<\/a><\/span>\u00a0 <\/strong>die daf\u00fcr sorgen, dass Ihre Koffer fest verschlossen bleiben. Unsere Klammern sind sowohl f\u00fcr den professionellen als auch f\u00fcr den Heimwerkergebrauch konzipiert und bieten die perfekte L\u00f6sung f\u00fcr die Sicherung von Ger\u00e4ten, Werkzeugen oder anderen wertvollen Gegenst\u00e4nden w\u00e4hrend des Transports. SX kombiniert Direktpreise mit hohen Qualit\u00e4tsstandards, damit Sie langlebige Klemmen erhalten, ohne Ihr Budget zu strapazieren.<\/p>\n<h4>Langlebige Konstruktion f\u00fcr hohe Beanspruchung<\/h4>\n<p><a href=\"https:\/\/sxpowercase.com\/\" target=\"_blank\" rel=\"noopener\" title=\"SX\" data-wpil-monitor-id=\"695\">SX<\/a> <strong>Flight Case-Klemme<\/strong>\u00a0sind aus robusten Materialien gefertigt, die den Strapazen des h\u00e4ufigen Gebrauchs standhalten. Ganz gleich, ob Sie sie f\u00fcr Transportkisten, Lagerbeh\u00e4lter oder Spezialanfertigungen ben\u00f6tigen, diese Klammern sind so konstruiert, dass sie auch unter Druck fest bleiben. Sie sind rostbest\u00e4ndig und f\u00fcr den Einsatz in rauen Umgebungen ausgelegt, was sie zur idealen Wahl f\u00fcr Innen- und Au\u00dfenanwendungen macht.<\/p>\n<h4>Werksdirektpreise mit Qualit\u00e4tsgarantie<\/h4>\n<p>Mit SX erhalten Sie ein unschlagbares Preis-Leistungs-Verh\u00e4ltnis, da wir direkt vom Hersteller kommen. So k\u00f6nnen wir die Kosten niedrig halten und gleichzeitig bei jedem Schritt strenge Qualit\u00e4tskontrollen durchf\u00fchren. Sie erhalten Top-Qualit\u00e4t <strong>Flight Case-Klemme<\/strong>\u00a0zu Preisen, die zu Ihrem Budget passen. Unser Engagement f\u00fcr den Direktverkauf ab Werk stellt sicher, dass Sie keine unn\u00f6tigen Aufschl\u00e4ge zahlen und somit hervorragende Qualit\u00e4t zu einem erschwinglichen Preis genie\u00dfen k\u00f6nnen.<\/p>\n<h4>Vielseitigkeit f\u00fcr verschiedene Anwendungen<\/h4>\n<p>SXs <strong>Flight Case-Klammern<\/strong> sind so vielseitig, dass sie sich f\u00fcr eine breite Palette von Anwendungen eignen. Ganz gleich, ob Sie ma\u00dfgeschneiderte Koffer f\u00fcr Live-Veranstaltungen entwerfen, zerbrechliche Gegenst\u00e4nde transportieren oder Lagereinheiten bauen, diese Klammern bieten die Flexibilit\u00e4t und Sicherheit, die Sie brauchen. Durch ihre einfache Installation und ihr robustes Design eignen sie sich f\u00fcr Projekte jeder Gr\u00f6\u00dfe. Mit SX haben Sie Zugang zu vielseitigen L\u00f6sungen, die sowohl professionellen als auch pers\u00f6nlichen Anforderungen gerecht werden.<\/p>\n<h4>Individuell anpassbare Optionen, die auf Ihre Bed\u00fcrfnisse zugeschnitten sind<\/h4>\n<p>Bei SX wissen wir, dass jedes Projekt einzigartig ist. Deshalb bieten wir anpassbare Optionen f\u00fcr unsere <strong>Flight Case-Klammern<\/strong>von spezifischen Abmessungen bis hin zu verschiedenen Oberfl\u00e4chenbehandlungen. Unabh\u00e4ngig von der Art der Anpassung sorgt unsere Direktpreisgestaltung daf\u00fcr, dass Sie immer ein gutes Preis-Leistungs-Verh\u00e4ltnis erhalten. Sie k\u00f6nnen darauf vertrauen, dass SX ma\u00dfgeschneiderte L\u00f6sungen anbietet, die genau Ihren Bed\u00fcrfnissen entsprechen, ohne die Kosten in die H\u00f6he zu treiben.<\/p>\n<h4>Warum sollten Sie SX f\u00fcr Ihre Flight Case Hardware w\u00e4hlen?<\/h4>\n<p>SX ist ein zuverl\u00e4ssiger Anbieter von hochwertigen und erschwinglichen Hardware-L\u00f6sungen. Unser <strong>Flight Case-Klammern<\/strong> sind f\u00fcr diejenigen gedacht, die zuverl\u00e4ssige Leistung zu einem g\u00fcnstigen Preis ben\u00f6tigen. Wir legen gro\u00dfen Wert auf die Zufriedenheit unserer Kunden, indem wir langlebige Produkte liefern, die einfach zu bedienen, individuell anpassbar und preislich wettbewerbsf\u00e4hig sind.<\/p>\n<h4>W\u00e4hlen Sie SX f\u00fcr hochwertige Flight Case-Klammern<\/h4>\n<p>Wenn Sie Klemmen ben\u00f6tigen, die St\u00e4rke, Benutzerfreundlichkeit und Erschwinglichkeit vereinen, ist SX die Marke Ihres Vertrauens. Unser <strong>Flight Case-Klammern<\/strong> sind f\u00fcr den Einsatz unter anspruchsvollen Bedingungen konzipiert und gleichzeitig budgetfreundlich. Mit SX entscheiden Sie sich f\u00fcr einen zuverl\u00e4ssigen Partner f\u00fcr all Ihre Anforderungen an Geh\u00e4use-Hardware, der bei jedem Kauf Wert und Leistung bietet.<\/p>\n<p>Jetzt kontaktieren:<span style=\"color: #0000ff;\"><a style=\"color: #0000ff;\" href=\"https:\/\/sxpowercase.com\/contact-us\/\">https:\/\/sxpowercase.com\/<\/a><\/span><\/p>\n<p>Hardware-Produktkatalog:<span style=\"color: #3366ff;\"><a style=\"color: #3366ff;\" href=\"https:\/\/sxpowercase.com\/wp-content\/uploads\/2024\/07\/\u4e94\u91d1.pdf\">Hardware-Zubeh\u00f6rkatalog<\/a><\/span><\/p>","protected":false},"excerpt":{"rendered":"<div class=\"flex max-w-full flex-col flex-grow\">\n<div class=\"min-h-[20px] text-message flex w-full flex-col items-end gap-2 break-words [.text-message+&amp;]:mt-5 overflow-x-auto whitespace-normal\" dir=\"auto\" data-message-author-role=\"assistant\" data-message-id=\"fcb5a49e-2c52-4ff7-b7e2-5a7efc614dbf\">\n<div class=\"flex w-full flex-col gap-1 empty:hidden first:pt-[3px]\">\n<div class=\"markdown prose w-full break-words dark:prose-invert light\">\n<h3>SX Flight Case Clamp: Secure and Cost-Effective Hardware<\/h3>\n<p>SX Flight Case Clamps provide tight, stable connections for your cases, ensuring your gear remains safe. With direct-from-factory pricing, you get premium-quality clamps at unbeatable prices.<\/p>\n<h3>Strong and Easy to Install<\/h3>\n<p>Built from high-grade materials, SX Flight Case Clamps offer long-lasting performance and corrosion resistance. They\u2019re designed for easy installation, making them ideal for both professionals and DIY enthusiasts.<\/p>\n<h3>Customizable and Versatile Solutions<\/h3>\n<p>Whether for musical equipment or industrial storage, SX Flight Case Clamps fit various projects. Custom options are available, and our factory-direct model ensures you get the exact clamps you need at a budget-friendly price.<\/p>\n<\/div>\n<\/div>\n<\/div>\n<\/div>\n","protected":false},"featured_media":4183,"comment_status":"open","ping_status":"closed","template":"","meta":[],"product_brand":[],"product_cat":[64],"product_tag":[],"class_list":{"0":"post-4215","1":"product","2":"type-product","3":"status-publish","4":"has-post-thumbnail","6":"product_cat-clamps","8":"first","9":"instock","10":"shipping-taxable","11":"product-type-simple"},"yoast_head":"<!-- This site is optimized with the Yoast SEO Premium plugin v27.1 (Yoast SEO v27.2) - https:\/\/yoast.com\/product\/yoast-seo-premium-wordpress\/ -->\n<title>Flight Case Clamp CLA505 - https:\/\/sxflightcase.com \ud83d\udc97<\/title>\n<meta name=\"description\" content=\"Flight case clamp, factory direct! High-quality, durable clamps designed for secure assembly and reinforcement of flight case panels and corners. Ideal for ensuring long-lasting protection and stability.\" \/>\n<meta name=\"robots\" content=\"index, follow, max-snippet:-1, max-image-preview:large, max-video-preview:-1\" \/>\n<link rel=\"canonical\" href=\"https:\/\/sxflightcase.com\/de\/produkt\/flight-case-klammer-cla505-2\/\" \/>\n<meta property=\"og:locale\" content=\"de_DE\" \/>\n<meta property=\"og:type\" content=\"article\" \/>\n<meta property=\"og:title\" content=\"Flight Case Clamp CLA505\" \/>\n<meta property=\"og:description\" content=\"Flight case clamp, factory direct! High-quality, durable clamps designed for secure assembly and reinforcement of flight case panels and corners. Ideal for ensuring long-lasting protection and stability.\" \/>\n<meta property=\"og:url\" content=\"https:\/\/sxflightcase.com\/de\/produkt\/flight-case-klammer-cla505-2\/\" \/>\n<meta property=\"og:site_name\" content=\"https:\/\/sxflightcase.com\" \/>\n<meta property=\"article:publisher\" content=\"https:\/\/www.facebook.com\/profile.php?id=61560407257971\" \/>\n<meta property=\"article:modified_time\" content=\"2024-08-24T07:14:06+00:00\" \/>\n<meta property=\"og:image\" content=\"https:\/\/sxflightcase.com\/wp-content\/uploads\/2024\/08\/CLA505.jpg\" \/>\n\t<meta property=\"og:image:width\" content=\"700\" \/>\n\t<meta property=\"og:image:height\" content=\"700\" \/>\n\t<meta property=\"og:image:type\" content=\"image\/jpeg\" \/>\n<meta name=\"twitter:card\" content=\"summary_large_image\" \/>\n<meta name=\"twitter:label1\" content=\"Gesch\u00e4tzte Lesezeit\" \/>\n\t<meta name=\"twitter:data1\" content=\"3\u00a0Minuten\" \/>\n<script type=\"application\/ld+json\" class=\"yoast-schema-graph\">{\"@context\":\"https:\/\/schema.org\",\"@graph\":[{\"@type\":\"WebPage\",\"@id\":\"https:\/\/sxflightcase.com\/product\/flight-case-clamp-cla505\/\",\"url\":\"https:\/\/sxflightcase.com\/product\/flight-case-clamp-cla505\/\",\"name\":\"Flight Case Clamp CLA505 - https:\/\/sxflightcase.com \ud83d\udc97\",\"isPartOf\":{\"@id\":\"https:\/\/sxflightcase.com\/th\/#website\"},\"primaryImageOfPage\":{\"@id\":\"https:\/\/sxflightcase.com\/product\/flight-case-clamp-cla505\/#primaryimage\"},\"image\":{\"@id\":\"https:\/\/sxflightcase.com\/product\/flight-case-clamp-cla505\/#primaryimage\"},\"thumbnailUrl\":\"https:\/\/sxflightcase.com\/wp-content\/uploads\/2024\/08\/CLA505.jpg\",\"datePublished\":\"2024-08-24T07:14:05+00:00\",\"dateModified\":\"2024-08-24T07:14:06+00:00\",\"description\":\"Flight case clamp, factory direct! High-quality, durable clamps designed for secure assembly and reinforcement of flight case panels and corners. Ideal for ensuring long-lasting protection and stability.\",\"breadcrumb\":{\"@id\":\"https:\/\/sxflightcase.com\/product\/flight-case-clamp-cla505\/#breadcrumb\"},\"inLanguage\":\"de\",\"potentialAction\":[{\"@type\":\"ReadAction\",\"target\":[\"https:\/\/sxflightcase.com\/product\/flight-case-clamp-cla505\/\"]}]},{\"@type\":\"ImageObject\",\"inLanguage\":\"de\",\"@id\":\"https:\/\/sxflightcase.com\/product\/flight-case-clamp-cla505\/#primaryimage\",\"url\":\"https:\/\/sxflightcase.com\/wp-content\/uploads\/2024\/08\/CLA505.jpg\",\"contentUrl\":\"https:\/\/sxflightcase.com\/wp-content\/uploads\/2024\/08\/CLA505.jpg\",\"width\":700,\"height\":700,\"caption\":\"Flight Case Clamp\"},{\"@type\":\"BreadcrumbList\",\"@id\":\"https:\/\/sxflightcase.com\/product\/flight-case-clamp-cla505\/#breadcrumb\",\"itemListElement\":[{\"@type\":\"ListItem\",\"position\":1,\"name\":\"Home\",\"item\":\"https:\/\/sxflightcase.com\/\"},{\"@type\":\"ListItem\",\"position\":2,\"name\":\"\u0e2a\u0e34\u0e19\u0e04\u0e49\u0e32\",\"item\":\"https:\/\/sxflightcase.com\/th\/shop\/\"},{\"@type\":\"ListItem\",\"position\":3,\"name\":\"Flight Case Clamp CLA505\"}]},{\"@type\":\"WebSite\",\"@id\":\"https:\/\/sxflightcase.com\/th\/#website\",\"url\":\"https:\/\/sxflightcase.com\/th\/\",\"name\":\"sxpowercase.com\",\"description\":\"Flight Case Factory\",\"publisher\":{\"@id\":\"https:\/\/sxflightcase.com\/th\/#organization\"},\"potentialAction\":[{\"@type\":\"SearchAction\",\"target\":{\"@type\":\"EntryPoint\",\"urlTemplate\":\"https:\/\/sxflightcase.com\/th\/?s={search_term_string}\"},\"query-input\":{\"@type\":\"PropertyValueSpecification\",\"valueRequired\":true,\"valueName\":\"search_term_string\"}}],\"inLanguage\":\"de\"},{\"@type\":\"Organization\",\"@id\":\"https:\/\/sxflightcase.com\/th\/#organization\",\"name\":\"sxpowercase.com\",\"url\":\"https:\/\/sxflightcase.com\/th\/\",\"logo\":{\"@type\":\"ImageObject\",\"inLanguage\":\"de\",\"@id\":\"https:\/\/sxflightcase.com\/th\/#\/schema\/logo\/image\/\",\"url\":\"https:\/\/sxflightcase.com\/wp-content\/uploads\/2024\/04\/1713919036007.jpg\",\"contentUrl\":\"https:\/\/sxflightcase.com\/wp-content\/uploads\/2024\/04\/1713919036007.jpg\",\"width\":382,\"height\":388,\"caption\":\"sxpowercase.com\"},\"image\":{\"@id\":\"https:\/\/sxflightcase.com\/th\/#\/schema\/logo\/image\/\"},\"sameAs\":[\"https:\/\/www.facebook.com\/profile.php?id=61560407257971\"],\"numberOfEmployees\":{\"@type\":\"QuantitativeValue\",\"minValue\":\"11\",\"maxValue\":\"50\"}}]}<\/script>\n<!-- \/ Yoast SEO Premium plugin. -->","yoast_head_json":{"title":"Flight Case Clamp CLA505 - https:\/\/sxflightcase.com \ud83d\udc97","description":"Flightcase-Klammer, direkt ab Werk! Hochwertige, langlebige Klemmen f\u00fcr die sichere Montage und Verst\u00e4rkung von Flightcase-Platten und -Ecken. Ideal, um lang anhaltenden Schutz und Stabilit\u00e4t zu gew\u00e4hrleisten.","robots":{"index":"index","follow":"follow","max-snippet":"max-snippet:-1","max-image-preview":"max-image-preview:large","max-video-preview":"max-video-preview:-1"},"canonical":"https:\/\/sxflightcase.com\/de\/produkt\/flight-case-klammer-cla505-2\/","og_locale":"de_DE","og_type":"article","og_title":"Flight Case Clamp CLA505","og_description":"Flight case clamp, factory direct! High-quality, durable clamps designed for secure assembly and reinforcement of flight case panels and corners. Ideal for ensuring long-lasting protection and stability.","og_url":"https:\/\/sxflightcase.com\/de\/produkt\/flight-case-klammer-cla505-2\/","og_site_name":"https:\/\/sxflightcase.com","article_publisher":"https:\/\/www.facebook.com\/profile.php?id=61560407257971","article_modified_time":"2024-08-24T07:14:06+00:00","og_image":[{"width":700,"height":700,"url":"https:\/\/sxflightcase.com\/wp-content\/uploads\/2024\/08\/CLA505.jpg","type":"image\/jpeg"}],"twitter_card":"summary_large_image","twitter_misc":{"Gesch\u00e4tzte Lesezeit":"3\u00a0Minuten"},"schema":{"@context":"https:\/\/schema.org","@graph":[{"@type":"WebPage","@id":"https:\/\/sxflightcase.com\/product\/flight-case-clamp-cla505\/","url":"https:\/\/sxflightcase.com\/product\/flight-case-clamp-cla505\/","name":"Flight Case Clamp CLA505 - https:\/\/sxflightcase.com \ud83d\udc97","isPartOf":{"@id":"https:\/\/sxflightcase.com\/th\/#website"},"primaryImageOfPage":{"@id":"https:\/\/sxflightcase.com\/product\/flight-case-clamp-cla505\/#primaryimage"},"image":{"@id":"https:\/\/sxflightcase.com\/product\/flight-case-clamp-cla505\/#primaryimage"},"thumbnailUrl":"https:\/\/sxflightcase.com\/wp-content\/uploads\/2024\/08\/CLA505.jpg","datePublished":"2024-08-24T07:14:05+00:00","dateModified":"2024-08-24T07:14:06+00:00","description":"Flightcase-Klammer, direkt ab Werk! Hochwertige, langlebige Klemmen f\u00fcr die sichere Montage und Verst\u00e4rkung von Flightcase-Platten und -Ecken. Ideal, um lang anhaltenden Schutz und Stabilit\u00e4t zu gew\u00e4hrleisten.","breadcrumb":{"@id":"https:\/\/sxflightcase.com\/product\/flight-case-clamp-cla505\/#breadcrumb"},"inLanguage":"de","potentialAction":[{"@type":"ReadAction","target":["https:\/\/sxflightcase.com\/product\/flight-case-clamp-cla505\/"]}]},{"@type":"ImageObject","inLanguage":"de","@id":"https:\/\/sxflightcase.com\/product\/flight-case-clamp-cla505\/#primaryimage","url":"https:\/\/sxflightcase.com\/wp-content\/uploads\/2024\/08\/CLA505.jpg","contentUrl":"https:\/\/sxflightcase.com\/wp-content\/uploads\/2024\/08\/CLA505.jpg","width":700,"height":700,"caption":"Flight Case Clamp"},{"@type":"BreadcrumbList","@id":"https:\/\/sxflightcase.com\/product\/flight-case-clamp-cla505\/#breadcrumb","itemListElement":[{"@type":"ListItem","position":1,"name":"Home","item":"https:\/\/sxflightcase.com\/"},{"@type":"ListItem","position":2,"name":"\u0e2a\u0e34\u0e19\u0e04\u0e49\u0e32","item":"https:\/\/sxflightcase.com\/th\/shop\/"},{"@type":"ListItem","position":3,"name":"Flight Case Clamp CLA505"}]},{"@type":"WebSite","@id":"https:\/\/sxflightcase.com\/th\/#website","url":"https:\/\/sxflightcase.com\/th\/","name":"www.sxpowercase.com","description":"Flight Case Fabrik","publisher":{"@id":"https:\/\/sxflightcase.com\/th\/#organization"},"potentialAction":[{"@type":"SearchAction","target":{"@type":"EntryPoint","urlTemplate":"https:\/\/sxflightcase.com\/th\/?s={search_term_string}"},"query-input":{"@type":"PropertyValueSpecification","valueRequired":true,"valueName":"search_term_string"}}],"inLanguage":"de"},{"@type":"Organization","@id":"https:\/\/sxflightcase.com\/th\/#organization","name":"www.sxpowercase.com","url":"https:\/\/sxflightcase.com\/th\/","logo":{"@type":"ImageObject","inLanguage":"de","@id":"https:\/\/sxflightcase.com\/th\/#\/schema\/logo\/image\/","url":"https:\/\/sxflightcase.com\/wp-content\/uploads\/2024\/04\/1713919036007.jpg","contentUrl":"https:\/\/sxflightcase.com\/wp-content\/uploads\/2024\/04\/1713919036007.jpg","width":382,"height":388,"caption":"sxpowercase.com"},"image":{"@id":"https:\/\/sxflightcase.com\/th\/#\/schema\/logo\/image\/"},"sameAs":["https:\/\/www.facebook.com\/profile.php?id=61560407257971"],"numberOfEmployees":{"@type":"QuantitativeValue","minValue":"11","maxValue":"50"}}]}},"_links":{"self":[{"href":"https:\/\/sxflightcase.com\/de\/wp-json\/wp\/v2\/product\/4215","targetHints":{"allow":["GET"]}}],"collection":[{"href":"https:\/\/sxflightcase.com\/de\/wp-json\/wp\/v2\/product"}],"about":[{"href":"https:\/\/sxflightcase.com\/de\/wp-json\/wp\/v2\/types\/product"}],"replies":[{"embeddable":true,"href":"https:\/\/sxflightcase.com\/de\/wp-json\/wp\/v2\/comments?post=4215"}],"version-history":[{"count":0,"href":"https:\/\/sxflightcase.com\/de\/wp-json\/wp\/v2\/product\/4215\/revisions"}],"wp:featuredmedia":[{"embeddable":true,"href":"https:\/\/sxflightcase.com\/de\/wp-json\/wp\/v2\/media\/4183"}],"wp:attachment":[{"href":"https:\/\/sxflightcase.com\/de\/wp-json\/wp\/v2\/media?parent=4215"}],"wp:term":[{"taxonomy":"product_brand","embeddable":true,"href":"https:\/\/sxflightcase.com\/de\/wp-json\/wp\/v2\/product_brand?post=4215"},{"taxonomy":"product_cat","embeddable":true,"href":"https:\/\/sxflightcase.com\/de\/wp-json\/wp\/v2\/product_cat?post=4215"},{"taxonomy":"product_tag","embeddable":true,"href":"https:\/\/sxflightcase.com\/de\/wp-json\/wp\/v2\/product_tag?post=4215"}],"curies":[{"name":"wp","href":"https:\/\/api.w.org\/{rel}","templated":true}]}}