{"id":4356,"date":"2024-09-11T07:14:18","date_gmt":"2024-09-11T06:14:18","guid":{"rendered":"https:\/\/sxpowercase.com\/?post_type=product&#038;p=4356"},"modified":"2024-09-11T07:14:19","modified_gmt":"2024-09-11T06:14:19","slug":"panel-rack-rab301","status":"publish","type":"product","link":"https:\/\/sxflightcase.com\/de\/produkt\/einbaurahmen-rab301\/","title":{"rendered":"Plattenst\u00e4nder RAB301"},"content":{"rendered":"<h3>Erschwingliche und langlebige Plattenregale von SX<\/h3>\n<p>Suche nach einem zuverl\u00e4ssigen <a href=\"https:\/\/sxpowercase.com\/product\/panel-rack-rab205\/\"><strong>Plattenst\u00e4nder<\/strong><\/a>? <strong>SX<\/strong> liefert Qualit\u00e4tsl\u00f6sungen, die alle Ihre Anforderungen erf\u00fcllen. Unsere Plattenregale werden mit Pr\u00e4zision entworfen und f\u00fcr eine lange Lebensdauer gebaut und bieten sowohl Erschwinglichkeit als auch Haltbarkeit in einem Paket. Mit <strong><a href=\"https:\/\/sxpowercase.com\/\" target=\"_blank\" rel=\"noopener\" title=\"SX\" data-wpil-monitor-id=\"743\">SX<\/a><\/strong>k\u00f6nnen Sie darauf vertrauen, dass Sie in erstklassige Ger\u00e4te zu Direktpreisen investieren.<\/p>\n<h3>Starke Konstruktion f\u00fcr maximalen Halt<\/h3>\n<p>Alle <strong>Plattenst\u00e4nder<\/strong> von <strong>SX<\/strong> wird aus hochwertigen Materialien hergestellt, die eine stabile und robuste Struktur gew\u00e4hrleisten, die selbst den anspruchsvollsten Umgebungen standh\u00e4lt. Ob in professionellen oder industriellen Umgebungen, unsere Racks bieten einen stabilen und zuverl\u00e4ssigen Halt f\u00fcr alle Ihre Ger\u00e4te.<\/p>\n<h3>Einfache Installation mit kosteneffizienter Preisgestaltung<\/h3>\n<p>Bei <strong>SX<\/strong>machen wir den Installationsprozess einfach. Unser <strong>Plattenst\u00e4nder<\/strong> sind f\u00fcr eine schnelle Montage ausgelegt und helfen Ihnen, Zeit und M\u00fche zu sparen. Und dank unseres kosteneffizienten Herstellungsverfahrens k\u00f6nnen wir Ihnen diese hochwertigen Produkte zu niedrigeren Preisen anbieten - direkt ab Werk und direkt vor Ihrer Haust\u00fcr.<\/p>\n<h3>Gesicherte Qualit\u00e4t f\u00fcr langfristigen Einsatz<\/h3>\n<p>Wenn Sie w\u00e4hlen <strong>SX<\/strong>entscheiden Sie sich f\u00fcr garantierte Qualit\u00e4t. Jede <strong>Plattenst\u00e4nder<\/strong> wird rigoros auf St\u00e4rke und Leistung getestet. Ganz gleich, ob es sich um ein kleines Studio oder ein gro\u00dfes IT-System handelt, unsere Racks sind so gebaut, dass sie jahrelangem Gebrauch standhalten und Ihre Ger\u00e4te sicher und organisiert aufbewahren.<\/p>\n<h3>Vielseitige L\u00f6sungen f\u00fcr jedes Setup<\/h3>\n<p><strong>SX-Panel-Racks<\/strong> sind so konzipiert, dass sie vielseitig einsetzbar sind und zu verschiedenen Anwendungen passen, von audiovisuellen Einrichtungen bis hin zu Netzwerk- und Serverr\u00e4umen. Ganz gleich, welche Anforderungen Sie haben, unsere Racks bieten Flexibilit\u00e4t und Anpassungsf\u00e4higkeit f\u00fcr eine breite Palette von Ger\u00e4ten. Mit <strong>SX<\/strong>erhalten Sie L\u00f6sungen, die nahtlos auf Ihre spezifischen Anforderungen abgestimmt sind.<\/p>\n<h3>Direkt ab Werk f\u00fcr preisg\u00fcnstige Optionen<\/h3>\n<p>Durch den Kauf Ihrer <strong>Plattenst\u00e4nder<\/strong> direkt von <strong>SX<\/strong>sparen Sie erheblich. Durch unser Direktvertriebsmodell entf\u00e4llt der Zwischenh\u00e4ndler, so dass wir die gleichen hochwertigen Regale zu niedrigeren Preisen anbieten k\u00f6nnen. So erhalten Sie den besten Preis, ohne Kompromisse bei der Qualit\u00e4t eingehen zu m\u00fcssen.<\/p>\n<h3>Weltweites Vertrauen bei Fachleuten<\/h3>\n<p>Fachleute aus verschiedenen Branchen verlassen sich auf <strong>SX-Panel-Racks<\/strong> f\u00fcr ihre Zuverl\u00e4ssigkeit und Erschwinglichkeit. IT-Experten und Tontechniker vertrauen auf unsere Racks wegen ihrer robusten Leistung und langen Lebensdauer. Mit <strong>SX<\/strong>erhalten Sie eine professionelle Ausr\u00fcstung, die sich im Laufe der Zeit bew\u00e4hrt hat.<\/p>\n<p>F\u00fcr eine starke, erschwingliche und einfach zu installierende <strong>Plattenst\u00e4nder<\/strong>, <strong>SX<\/strong> ist die kluge Wahl. Unsere Produkte vereinen das Beste an Qualit\u00e4t und Kosteneffizienz und sind damit perfekt f\u00fcr jede Einrichtung. W\u00e4hlen Sie <strong>SX<\/strong> und profitieren Sie von zuverl\u00e4ssigen, langlebigen L\u00f6sungen zu Preisen, die direkt vom Hersteller stammen.<\/p>\n<ol>\n<li>Jetzt kontaktieren:<span style=\"color: #0000ff;\"><a style=\"color: #0000ff;\" href=\"https:\/\/sxpowercase.com\/contact-us\/\">https:\/\/sxpowercase.com\/<\/a><\/span><\/li>\n<li>Hardware-Produktkatalog:<span style=\"color: #0000ff;\"><a style=\"color: #0000ff;\" href=\"https:\/\/sxpowercase.com\/wp-content\/uploads\/2024\/07\/\u4e94\u91d1.pdf\">Hardware-Zubeh\u00f6rkatalog<\/a><\/span><\/li>\n<\/ol>","protected":false},"excerpt":{"rendered":"<h3>SX Rack-Paneele: Hohe Qualit\u00e4t zu Fabrikpreisen<\/h3>\n<p>SX bietet langlebige Rack Panels aus erstklassigen Materialien, die erstklassige Qualit\u00e4t zu erschwinglichen Direktpreisen bieten.<\/p>\n<h3>Schnelle Installation und vielseitiger Einsatz<\/h3>\n<p>Unsere Rack Panels sind f\u00fcr eine einfache Installation und Kompatibilit\u00e4t mit verschiedenen Systemen ausgelegt und gew\u00e4hrleisten einen sicheren Sitz f\u00fcr jede Einrichtung.<\/p>\n<h3>Weltweites Vertrauen bei Fachleuten<\/h3>\n<p>Profis verlassen sich auf SX Rack Panels wegen ihrer Langlebigkeit, Leistung und strengen Qualit\u00e4tssicherung, was sie zur ersten Wahl f\u00fcr die Montage von Ger\u00e4ten macht.<\/p>","protected":false},"featured_media":4283,"comment_status":"open","ping_status":"closed","template":"","meta":[],"product_brand":[],"product_cat":[66],"product_tag":[],"class_list":{"0":"post-4356","1":"product","2":"type-product","3":"status-publish","4":"has-post-thumbnail","6":"product_cat-rack-hardware","8":"first","9":"instock","10":"shipping-taxable","11":"product-type-simple"},"yoast_head":"<!-- This site is optimized with the Yoast SEO Premium plugin v27.1 (Yoast SEO v27.2) - https:\/\/yoast.com\/product\/yoast-seo-premium-wordpress\/ -->\n<title>Panel Rack RAB301 - https:\/\/sxflightcase.com \ud83d\udc97<\/title>\n<meta name=\"description\" content=\"Panel rack, factory direct! High-quality, durable racks designed for securely mounting and organizing equipment. Perfect for professional setups, ensuring efficient use and stability.\" \/>\n<meta name=\"robots\" content=\"index, follow, max-snippet:-1, max-image-preview:large, max-video-preview:-1\" \/>\n<link rel=\"canonical\" href=\"https:\/\/sxflightcase.com\/de\/\u0e1c\u0e25\u0e34\u0e15\u0e20\u0e31\u0e13\u0e11\u0e4c\/panel-rack-rab301\/\" \/>\n<meta property=\"og:locale\" content=\"de_DE\" \/>\n<meta property=\"og:type\" content=\"article\" \/>\n<meta property=\"og:title\" content=\"Panel Rack RAB301\" \/>\n<meta property=\"og:description\" content=\"Panel rack, factory direct! High-quality, durable racks designed for securely mounting and organizing equipment. Perfect for professional setups, ensuring efficient use and stability.\" \/>\n<meta property=\"og:url\" content=\"https:\/\/sxflightcase.com\/de\/\u0e1c\u0e25\u0e34\u0e15\u0e20\u0e31\u0e13\u0e11\u0e4c\/panel-rack-rab301\/\" \/>\n<meta property=\"og:site_name\" content=\"https:\/\/sxflightcase.com\" \/>\n<meta property=\"article:publisher\" content=\"https:\/\/www.facebook.com\/profile.php?id=61560407257971\" \/>\n<meta property=\"article:modified_time\" content=\"2024-09-11T06:14:19+00:00\" \/>\n<meta property=\"og:image\" content=\"https:\/\/sxflightcase.com\/wp-content\/uploads\/2024\/09\/RAB301.jpg\" \/>\n\t<meta property=\"og:image:width\" content=\"700\" \/>\n\t<meta property=\"og:image:height\" content=\"700\" \/>\n\t<meta property=\"og:image:type\" content=\"image\/jpeg\" \/>\n<meta name=\"twitter:card\" content=\"summary_large_image\" \/>\n<meta name=\"twitter:label1\" content=\"Gesch\u00e4tzte Lesezeit\" \/>\n\t<meta name=\"twitter:data1\" content=\"3\u00a0Minuten\" \/>\n<script type=\"application\/ld+json\" class=\"yoast-schema-graph\">{\"@context\":\"https:\/\/schema.org\",\"@graph\":[{\"@type\":\"WebPage\",\"@id\":\"https:\/\/sxflightcase.com\/th\/\u0e1c\u0e25\u0e34\u0e15\u0e20\u0e31\u0e13\u0e11\u0e4c\/panel-rack-rab301\/\",\"url\":\"https:\/\/sxflightcase.com\/th\/\u0e1c\u0e25\u0e34\u0e15\u0e20\u0e31\u0e13\u0e11\u0e4c\/panel-rack-rab301\/\",\"name\":\"Panel Rack RAB301 - https:\/\/sxflightcase.com \ud83d\udc97\",\"isPartOf\":{\"@id\":\"https:\/\/sxflightcase.com\/th\/#website\"},\"primaryImageOfPage\":{\"@id\":\"https:\/\/sxflightcase.com\/th\/\u0e1c\u0e25\u0e34\u0e15\u0e20\u0e31\u0e13\u0e11\u0e4c\/panel-rack-rab301\/#primaryimage\"},\"image\":{\"@id\":\"https:\/\/sxflightcase.com\/th\/\u0e1c\u0e25\u0e34\u0e15\u0e20\u0e31\u0e13\u0e11\u0e4c\/panel-rack-rab301\/#primaryimage\"},\"thumbnailUrl\":\"https:\/\/sxflightcase.com\/wp-content\/uploads\/2024\/09\/RAB301.jpg\",\"datePublished\":\"2024-09-11T06:14:18+00:00\",\"dateModified\":\"2024-09-11T06:14:19+00:00\",\"description\":\"Panel rack, factory direct! High-quality, durable racks designed for securely mounting and organizing equipment. Perfect for professional setups, ensuring efficient use and stability.\",\"breadcrumb\":{\"@id\":\"https:\/\/sxflightcase.com\/th\/\u0e1c\u0e25\u0e34\u0e15\u0e20\u0e31\u0e13\u0e11\u0e4c\/panel-rack-rab301\/#breadcrumb\"},\"inLanguage\":\"de\",\"potentialAction\":[{\"@type\":\"ReadAction\",\"target\":[\"https:\/\/sxflightcase.com\/th\/\u0e1c\u0e25\u0e34\u0e15\u0e20\u0e31\u0e13\u0e11\u0e4c\/panel-rack-rab301\/\"]}]},{\"@type\":\"ImageObject\",\"inLanguage\":\"de\",\"@id\":\"https:\/\/sxflightcase.com\/th\/\u0e1c\u0e25\u0e34\u0e15\u0e20\u0e31\u0e13\u0e11\u0e4c\/panel-rack-rab301\/#primaryimage\",\"url\":\"https:\/\/sxflightcase.com\/wp-content\/uploads\/2024\/09\/RAB301.jpg\",\"contentUrl\":\"https:\/\/sxflightcase.com\/wp-content\/uploads\/2024\/09\/RAB301.jpg\",\"width\":700,\"height\":700,\"caption\":\"Panel Rack\"},{\"@type\":\"BreadcrumbList\",\"@id\":\"https:\/\/sxflightcase.com\/th\/\u0e1c\u0e25\u0e34\u0e15\u0e20\u0e31\u0e13\u0e11\u0e4c\/panel-rack-rab301\/#breadcrumb\",\"itemListElement\":[{\"@type\":\"ListItem\",\"position\":1,\"name\":\"Home\",\"item\":\"https:\/\/sxflightcase.com\/\"},{\"@type\":\"ListItem\",\"position\":2,\"name\":\"\u0e2a\u0e34\u0e19\u0e04\u0e49\u0e32\",\"item\":\"https:\/\/sxflightcase.com\/th\/shop\/\"},{\"@type\":\"ListItem\",\"position\":3,\"name\":\"Panel Rack RAB301\"}]},{\"@type\":\"WebSite\",\"@id\":\"https:\/\/sxflightcase.com\/th\/#website\",\"url\":\"https:\/\/sxflightcase.com\/th\/\",\"name\":\"sxpowercase.com\",\"description\":\"Flight Case Factory\",\"publisher\":{\"@id\":\"https:\/\/sxflightcase.com\/th\/#organization\"},\"potentialAction\":[{\"@type\":\"SearchAction\",\"target\":{\"@type\":\"EntryPoint\",\"urlTemplate\":\"https:\/\/sxflightcase.com\/th\/?s={search_term_string}\"},\"query-input\":{\"@type\":\"PropertyValueSpecification\",\"valueRequired\":true,\"valueName\":\"search_term_string\"}}],\"inLanguage\":\"de\"},{\"@type\":\"Organization\",\"@id\":\"https:\/\/sxflightcase.com\/th\/#organization\",\"name\":\"sxpowercase.com\",\"url\":\"https:\/\/sxflightcase.com\/th\/\",\"logo\":{\"@type\":\"ImageObject\",\"inLanguage\":\"de\",\"@id\":\"https:\/\/sxflightcase.com\/th\/#\/schema\/logo\/image\/\",\"url\":\"https:\/\/sxflightcase.com\/wp-content\/uploads\/2024\/04\/1713919036007.jpg\",\"contentUrl\":\"https:\/\/sxflightcase.com\/wp-content\/uploads\/2024\/04\/1713919036007.jpg\",\"width\":382,\"height\":388,\"caption\":\"sxpowercase.com\"},\"image\":{\"@id\":\"https:\/\/sxflightcase.com\/th\/#\/schema\/logo\/image\/\"},\"sameAs\":[\"https:\/\/www.facebook.com\/profile.php?id=61560407257971\"],\"numberOfEmployees\":{\"@type\":\"QuantitativeValue\",\"minValue\":\"11\",\"maxValue\":\"50\"}}]}<\/script>\n<!-- \/ Yoast SEO Premium plugin. -->","yoast_head_json":{"title":"Panel Rack RAB301 - https:\/\/sxflightcase.com \ud83d\udc97","description":"Panel-Rack, direkt ab Werk! Hochwertige, langlebige Racks f\u00fcr die sichere Befestigung und Organisation von Ger\u00e4ten. Perfekt f\u00fcr professionelle Einrichtungen, die eine effiziente Nutzung und Stabilit\u00e4t gew\u00e4hrleisten.","robots":{"index":"index","follow":"follow","max-snippet":"max-snippet:-1","max-image-preview":"max-image-preview:large","max-video-preview":"max-video-preview:-1"},"canonical":"https:\/\/sxflightcase.com\/de\/\u0e1c\u0e25\u0e34\u0e15\u0e20\u0e31\u0e13\u0e11\u0e4c\/panel-rack-rab301\/","og_locale":"de_DE","og_type":"article","og_title":"Panel Rack RAB301","og_description":"Panel rack, factory direct! High-quality, durable racks designed for securely mounting and organizing equipment. Perfect for professional setups, ensuring efficient use and stability.","og_url":"https:\/\/sxflightcase.com\/de\/\u0e1c\u0e25\u0e34\u0e15\u0e20\u0e31\u0e13\u0e11\u0e4c\/panel-rack-rab301\/","og_site_name":"https:\/\/sxflightcase.com","article_publisher":"https:\/\/www.facebook.com\/profile.php?id=61560407257971","article_modified_time":"2024-09-11T06:14:19+00:00","og_image":[{"width":700,"height":700,"url":"https:\/\/sxflightcase.com\/wp-content\/uploads\/2024\/09\/RAB301.jpg","type":"image\/jpeg"}],"twitter_card":"summary_large_image","twitter_misc":{"Gesch\u00e4tzte Lesezeit":"3\u00a0Minuten"},"schema":{"@context":"https:\/\/schema.org","@graph":[{"@type":"WebPage","@id":"https:\/\/sxflightcase.com\/th\/\u0e1c\u0e25\u0e34\u0e15\u0e20\u0e31\u0e13\u0e11\u0e4c\/panel-rack-rab301\/","url":"https:\/\/sxflightcase.com\/th\/\u0e1c\u0e25\u0e34\u0e15\u0e20\u0e31\u0e13\u0e11\u0e4c\/panel-rack-rab301\/","name":"Panel Rack RAB301 - https:\/\/sxflightcase.com \ud83d\udc97","isPartOf":{"@id":"https:\/\/sxflightcase.com\/th\/#website"},"primaryImageOfPage":{"@id":"https:\/\/sxflightcase.com\/th\/\u0e1c\u0e25\u0e34\u0e15\u0e20\u0e31\u0e13\u0e11\u0e4c\/panel-rack-rab301\/#primaryimage"},"image":{"@id":"https:\/\/sxflightcase.com\/th\/\u0e1c\u0e25\u0e34\u0e15\u0e20\u0e31\u0e13\u0e11\u0e4c\/panel-rack-rab301\/#primaryimage"},"thumbnailUrl":"https:\/\/sxflightcase.com\/wp-content\/uploads\/2024\/09\/RAB301.jpg","datePublished":"2024-09-11T06:14:18+00:00","dateModified":"2024-09-11T06:14:19+00:00","description":"Panel-Rack, direkt ab Werk! Hochwertige, langlebige Racks f\u00fcr die sichere Befestigung und Organisation von Ger\u00e4ten. Perfekt f\u00fcr professionelle Einrichtungen, die eine effiziente Nutzung und Stabilit\u00e4t gew\u00e4hrleisten.","breadcrumb":{"@id":"https:\/\/sxflightcase.com\/th\/\u0e1c\u0e25\u0e34\u0e15\u0e20\u0e31\u0e13\u0e11\u0e4c\/panel-rack-rab301\/#breadcrumb"},"inLanguage":"de","potentialAction":[{"@type":"ReadAction","target":["https:\/\/sxflightcase.com\/th\/\u0e1c\u0e25\u0e34\u0e15\u0e20\u0e31\u0e13\u0e11\u0e4c\/panel-rack-rab301\/"]}]},{"@type":"ImageObject","inLanguage":"de","@id":"https:\/\/sxflightcase.com\/th\/\u0e1c\u0e25\u0e34\u0e15\u0e20\u0e31\u0e13\u0e11\u0e4c\/panel-rack-rab301\/#primaryimage","url":"https:\/\/sxflightcase.com\/wp-content\/uploads\/2024\/09\/RAB301.jpg","contentUrl":"https:\/\/sxflightcase.com\/wp-content\/uploads\/2024\/09\/RAB301.jpg","width":700,"height":700,"caption":"Panel Rack"},{"@type":"BreadcrumbList","@id":"https:\/\/sxflightcase.com\/th\/\u0e1c\u0e25\u0e34\u0e15\u0e20\u0e31\u0e13\u0e11\u0e4c\/panel-rack-rab301\/#breadcrumb","itemListElement":[{"@type":"ListItem","position":1,"name":"Home","item":"https:\/\/sxflightcase.com\/"},{"@type":"ListItem","position":2,"name":"\u0e2a\u0e34\u0e19\u0e04\u0e49\u0e32","item":"https:\/\/sxflightcase.com\/th\/shop\/"},{"@type":"ListItem","position":3,"name":"Panel Rack RAB301"}]},{"@type":"WebSite","@id":"https:\/\/sxflightcase.com\/th\/#website","url":"https:\/\/sxflightcase.com\/th\/","name":"www.sxpowercase.com","description":"Flight Case Fabrik","publisher":{"@id":"https:\/\/sxflightcase.com\/th\/#organization"},"potentialAction":[{"@type":"SearchAction","target":{"@type":"EntryPoint","urlTemplate":"https:\/\/sxflightcase.com\/th\/?s={search_term_string}"},"query-input":{"@type":"PropertyValueSpecification","valueRequired":true,"valueName":"search_term_string"}}],"inLanguage":"de"},{"@type":"Organization","@id":"https:\/\/sxflightcase.com\/th\/#organization","name":"www.sxpowercase.com","url":"https:\/\/sxflightcase.com\/th\/","logo":{"@type":"ImageObject","inLanguage":"de","@id":"https:\/\/sxflightcase.com\/th\/#\/schema\/logo\/image\/","url":"https:\/\/sxflightcase.com\/wp-content\/uploads\/2024\/04\/1713919036007.jpg","contentUrl":"https:\/\/sxflightcase.com\/wp-content\/uploads\/2024\/04\/1713919036007.jpg","width":382,"height":388,"caption":"sxpowercase.com"},"image":{"@id":"https:\/\/sxflightcase.com\/th\/#\/schema\/logo\/image\/"},"sameAs":["https:\/\/www.facebook.com\/profile.php?id=61560407257971"],"numberOfEmployees":{"@type":"QuantitativeValue","minValue":"11","maxValue":"50"}}]}},"_links":{"self":[{"href":"https:\/\/sxflightcase.com\/de\/wp-json\/wp\/v2\/product\/4356","targetHints":{"allow":["GET"]}}],"collection":[{"href":"https:\/\/sxflightcase.com\/de\/wp-json\/wp\/v2\/product"}],"about":[{"href":"https:\/\/sxflightcase.com\/de\/wp-json\/wp\/v2\/types\/product"}],"replies":[{"embeddable":true,"href":"https:\/\/sxflightcase.com\/de\/wp-json\/wp\/v2\/comments?post=4356"}],"version-history":[{"count":0,"href":"https:\/\/sxflightcase.com\/de\/wp-json\/wp\/v2\/product\/4356\/revisions"}],"wp:featuredmedia":[{"embeddable":true,"href":"https:\/\/sxflightcase.com\/de\/wp-json\/wp\/v2\/media\/4283"}],"wp:attachment":[{"href":"https:\/\/sxflightcase.com\/de\/wp-json\/wp\/v2\/media?parent=4356"}],"wp:term":[{"taxonomy":"product_brand","embeddable":true,"href":"https:\/\/sxflightcase.com\/de\/wp-json\/wp\/v2\/product_brand?post=4356"},{"taxonomy":"product_cat","embeddable":true,"href":"https:\/\/sxflightcase.com\/de\/wp-json\/wp\/v2\/product_cat?post=4356"},{"taxonomy":"product_tag","embeddable":true,"href":"https:\/\/sxflightcase.com\/de\/wp-json\/wp\/v2\/product_tag?post=4356"}],"curies":[{"name":"wp","href":"https:\/\/api.w.org\/{rel}","templated":true}]}}