{"id":4422,"date":"2024-09-14T07:05:42","date_gmt":"2024-09-14T06:05:42","guid":{"rendered":"https:\/\/sxpowercase.com\/?post_type=product&#038;p=4422"},"modified":"2024-09-14T07:05:43","modified_gmt":"2024-09-14T06:05:43","slug":"rack-cabinet-panel-rab401","status":"publish","type":"product","link":"https:\/\/sxflightcase.com\/de\/produkt\/rackschrankplatte-rab401\/","title":{"rendered":"Rack-Schrank-Panel RAB401"},"content":{"rendered":"<h3>Entdecken Sie die Langlebigkeit von SX Rack Cabinet Panels<\/h3>\n<p>Wenn es darum geht, Ihre Regalsysteme zu organisieren, ist die <strong>Rack-Schrankplatte<\/strong> von <strong>SX<\/strong> zeichnet sich durch eine zuverl\u00e4ssige und hochwertige L\u00f6sung aus. Unsere Panels wurden f\u00fcr die Anforderungen von Fachleuten in den Bereichen IT, Audiovisuelles und Telekommunikation entwickelt und sind sowohl langlebig als auch einfach zu installieren. <strong>SX<\/strong> gew\u00e4hrleistet erstklassige Leistung und Funktionalit\u00e4t f\u00fcr jedes Projekt, das eine effiziente Organisation des Regalsystems erfordert.<\/p>\n<h3>Au\u00dfergew\u00f6hnliche Qualit\u00e4t, garantiert<\/h3>\n<p>Bei <strong><a href=\"https:\/\/sxpowercase.com\/\" target=\"_blank\" rel=\"noopener\" title=\"SX\" data-wpil-monitor-id=\"758\">SX<\/a><\/strong>Qualit\u00e4t ist unsere Priorit\u00e4t. Unser <strong>Rack Cabinet Panels<\/strong> sind aus robusten, langlebigen Materialien gefertigt, die einen dauerhaften Einsatz in jeder Umgebung gew\u00e4hrleisten. Diese Paneele sind so konzipiert, dass sie Ihre Ger\u00e4te sch\u00fctzen, den Platzbedarf optimieren und die K\u00fchlung verbessern, so dass Ihre Ger\u00e4te sicher und effizient arbeiten. Ganz gleich, ob Sie in einem gro\u00dfen Rechenzentrum oder in einem kleinen Studio arbeiten, <strong>SX<\/strong> liefert zuverl\u00e4ssige und langlebige Produkte.<\/p>\n<h3>Fabrikdirekte Preisgestaltung f\u00fcr gro\u00dfe Einsparungen<\/h3>\n<p>Durch den Kauf direkt bei <strong>SX<\/strong>profitieren Sie von Direktpreisen, die Ihre Kosten niedrig halten und gleichzeitig eine hervorragende Qualit\u00e4t gew\u00e4hrleisten. Unser <strong>Rack Cabinet Panels<\/strong> sind preislich wettbewerbsf\u00e4hig und erm\u00f6glichen Ihnen den Zugang zu erstklassigen Produkten, ohne Ihr Budget zu sprengen. Dieses direkte Preismodell ist einer der Hauptgr\u00fcnde, warum sich Fachleute f\u00fcr <strong>SX<\/strong> f\u00fcr ihre Projekte.<\/p>\n<h3>Vielseitiges Design f\u00fcr alle Ihre Bed\u00fcrfnisse<\/h3>\n<p>Egal, ob Sie mit komplexen AV-Systemen oder der Verwaltung von IT-Ger\u00e4ten zu tun haben, die <strong>Rack-Schrankplatte<\/strong> von <strong>SX<\/strong> ist f\u00fcr eine breite Palette von Anwendungen konzipiert. Die Panels passen problemlos in Standard-Racks und lassen sich schnell und einfach installieren. Mit ihrem schlanken, platzsparenden Design, <strong>SX<\/strong> Paneele tragen dazu bei, Ihren Arbeitsbereich zu rationalisieren, und bieten gleichzeitig ein effektives Kabelmanagement und Schutz f\u00fcr die Ger\u00e4te.<\/p>\n<h3>Von Branchenexperten bevorzugt<\/h3>\n<p>Branchen\u00fcbergreifend vertrauen die Fachleute <strong>SX<\/strong> f\u00fcr ihren Bedarf an Rack-Panels. Von audiovisuellen Installationen bis hin zu Server-Setups - die <strong>SX Rack-Schrankplatte<\/strong> ist bekannt f\u00fcr seine Langlebigkeit, Funktionalit\u00e4t und Benutzerfreundlichkeit. Ganz gleich, wie gro\u00df oder umfangreich Ihr Projekt ist, <strong>SX<\/strong> bietet Ihnen den zuverl\u00e4ssigen Support, den Sie ben\u00f6tigen, um sicherzustellen, dass Ihre Ger\u00e4te gesch\u00fctzt sind und Ihre Systeme reibungslos funktionieren.<\/p>\n<h3>Erschwingliche L\u00f6sungen ohne Kompromisse bei der Qualit\u00e4t<\/h3>\n<p>Mit <strong>SX<\/strong>m\u00fcssen Sie nicht zugunsten eines g\u00fcnstigen Preises auf Qualit\u00e4t verzichten. Unser <strong>Rack Cabinet Panels<\/strong> bieten ein hervorragendes Preis-Leistungs-Verh\u00e4ltnis, das ein perfektes Gleichgewicht zwischen Haltbarkeit, Design und Kosteneffizienz darstellt. Vertrauen Sie <strong>SX<\/strong> die von Ihnen ben\u00f6tigten Rack-L\u00f6sungen zu einem Preis zu liefern, der Ihrem Budget entspricht.<\/p>\n<p>F\u00fcr unschlagbare Haltbarkeit und Kosteneffizienz w\u00e4hlen Sie die <strong>SX Rack-Schrankplatte<\/strong> f\u00fcr Ihre n\u00e4chste Installation.<\/p>\n<ol>\n<li>Jetzt kontaktieren:<span style=\"color: #0000ff;\"><a style=\"color: #0000ff;\" href=\"https:\/\/sxpowercase.com\/contact-us\/\">https:\/\/sxpowercase.com\/<\/a><\/span><\/li>\n<li>Hardware-Produktkatalog:<span style=\"color: #0000ff;\"><a style=\"color: #0000ff;\" href=\"https:\/\/sxpowercase.com\/wp-content\/uploads\/2024\/07\/\u4e94\u91d1.pdf\">Hardware-Zubeh\u00f6rkatalog<\/a><\/span><\/li>\n<\/ol>","protected":false},"excerpt":{"rendered":"<p><strong>Langlebige Rack-Schrankpaneele von SX<\/strong><br \/>\nSX Rack Cabinet Panels sind aus hochwertigen Materialien gefertigt und gew\u00e4hrleisten eine dauerhafte Leistung in anspruchsvollen Umgebungen. Ideal f\u00fcr den Schutz Ihrer Ger\u00e4te bei gleichzeitiger Optimierung der Luftzirkulation und des Kabelmanagements.<\/p>\n<p><strong>Direktes Sparen ab Werk f\u00fcr Fachleute<\/strong><br \/>\nSX bietet Direktpreise und liefert hochwertige Rack Cabinet Panels zu erschwinglichen Preisen. Erzielen Sie Kosteneffizienz, ohne Kompromisse bei der Haltbarkeit oder Leistung einzugehen.<\/p>\n<p><strong>Einfache Installation und vielseitiges Design<\/strong><br \/>\nDie f\u00fcr eine schnelle Installation konzipierten SX Rack Cabinet Panels passen in Standard-Racksysteme und bieten eine vielseitige L\u00f6sung f\u00fcr IT-, AV- und Netzwerk-Setups. Weltweites Vertrauen bei Profis.<\/p>","protected":false},"featured_media":4291,"comment_status":"open","ping_status":"closed","template":"","meta":[],"product_brand":[],"product_cat":[66],"product_tag":[],"class_list":{"0":"post-4422","1":"product","2":"type-product","3":"status-publish","4":"has-post-thumbnail","6":"product_cat-rack-hardware","8":"first","9":"instock","10":"shipping-taxable","11":"product-type-simple"},"yoast_head":"<!-- This site is optimized with the Yoast SEO Premium plugin v27.1 (Yoast SEO v27.2) - https:\/\/yoast.com\/product\/yoast-seo-premium-wordpress\/ -->\n<title>Rack Cabinet Panel RAB401 - https:\/\/sxflightcase.com \ud83d\udc97<\/title>\n<meta name=\"description\" content=\"Rack cabinet panel, factory direct! High-quality, durable panels designed for secure mounting and organization of equipment in rack cabinets. Ideal for professional setups, ensuring stability and efficient use.\" \/>\n<meta name=\"robots\" content=\"index, follow, max-snippet:-1, max-image-preview:large, max-video-preview:-1\" \/>\n<link rel=\"canonical\" href=\"https:\/\/sxflightcase.com\/de\/\u4ea7\u54c1\/\u673a\u67b6\u67dc\u9762\u677f-rab401\/\" \/>\n<meta property=\"og:locale\" content=\"de_DE\" \/>\n<meta property=\"og:type\" content=\"article\" \/>\n<meta property=\"og:title\" content=\"Rack Cabinet Panel RAB401\" \/>\n<meta property=\"og:description\" content=\"Rack cabinet panel, factory direct! High-quality, durable panels designed for secure mounting and organization of equipment in rack cabinets. Ideal for professional setups, ensuring stability and efficient use.\" \/>\n<meta property=\"og:url\" content=\"https:\/\/sxflightcase.com\/de\/\u4ea7\u54c1\/\u673a\u67b6\u67dc\u9762\u677f-rab401\/\" \/>\n<meta property=\"og:site_name\" content=\"https:\/\/sxflightcase.com\" \/>\n<meta property=\"article:publisher\" content=\"https:\/\/www.facebook.com\/profile.php?id=61560407257971\" \/>\n<meta property=\"article:modified_time\" content=\"2024-09-14T06:05:43+00:00\" \/>\n<meta property=\"og:image\" content=\"https:\/\/sxflightcase.com\/wp-content\/uploads\/2024\/09\/RAB401.jpg\" \/>\n\t<meta property=\"og:image:width\" content=\"700\" \/>\n\t<meta property=\"og:image:height\" content=\"700\" \/>\n\t<meta property=\"og:image:type\" content=\"image\/jpeg\" \/>\n<meta name=\"twitter:card\" content=\"summary_large_image\" \/>\n<meta name=\"twitter:label1\" content=\"Gesch\u00e4tzte Lesezeit\" \/>\n\t<meta name=\"twitter:data1\" content=\"3\u00a0Minuten\" \/>\n<script type=\"application\/ld+json\" class=\"yoast-schema-graph\">{\"@context\":\"https:\/\/schema.org\",\"@graph\":[{\"@type\":\"WebPage\",\"@id\":\"https:\/\/sxflightcase.com\/zh\/\u4ea7\u54c1\/\u673a\u67b6\u67dc\u9762\u677f-rab401\/\",\"url\":\"https:\/\/sxflightcase.com\/zh\/\u4ea7\u54c1\/\u673a\u67b6\u67dc\u9762\u677f-rab401\/\",\"name\":\"Rack Cabinet Panel RAB401 - https:\/\/sxflightcase.com \ud83d\udc97\",\"isPartOf\":{\"@id\":\"https:\/\/sxflightcase.com\/th\/#website\"},\"primaryImageOfPage\":{\"@id\":\"https:\/\/sxflightcase.com\/zh\/\u4ea7\u54c1\/\u673a\u67b6\u67dc\u9762\u677f-rab401\/#primaryimage\"},\"image\":{\"@id\":\"https:\/\/sxflightcase.com\/zh\/\u4ea7\u54c1\/\u673a\u67b6\u67dc\u9762\u677f-rab401\/#primaryimage\"},\"thumbnailUrl\":\"https:\/\/sxflightcase.com\/wp-content\/uploads\/2024\/09\/RAB401.jpg\",\"datePublished\":\"2024-09-14T06:05:42+00:00\",\"dateModified\":\"2024-09-14T06:05:43+00:00\",\"description\":\"Rack cabinet panel, factory direct! High-quality, durable panels designed for secure mounting and organization of equipment in rack cabinets. Ideal for professional setups, ensuring stability and efficient use.\",\"breadcrumb\":{\"@id\":\"https:\/\/sxflightcase.com\/zh\/\u4ea7\u54c1\/\u673a\u67b6\u67dc\u9762\u677f-rab401\/#breadcrumb\"},\"inLanguage\":\"de\",\"potentialAction\":[{\"@type\":\"ReadAction\",\"target\":[\"https:\/\/sxflightcase.com\/zh\/\u4ea7\u54c1\/\u673a\u67b6\u67dc\u9762\u677f-rab401\/\"]}]},{\"@type\":\"ImageObject\",\"inLanguage\":\"de\",\"@id\":\"https:\/\/sxflightcase.com\/zh\/\u4ea7\u54c1\/\u673a\u67b6\u67dc\u9762\u677f-rab401\/#primaryimage\",\"url\":\"https:\/\/sxflightcase.com\/wp-content\/uploads\/2024\/09\/RAB401.jpg\",\"contentUrl\":\"https:\/\/sxflightcase.com\/wp-content\/uploads\/2024\/09\/RAB401.jpg\",\"width\":700,\"height\":700,\"caption\":\"Rack Cabinet Panel\"},{\"@type\":\"BreadcrumbList\",\"@id\":\"https:\/\/sxflightcase.com\/zh\/\u4ea7\u54c1\/\u673a\u67b6\u67dc\u9762\u677f-rab401\/#breadcrumb\",\"itemListElement\":[{\"@type\":\"ListItem\",\"position\":1,\"name\":\"Home\",\"item\":\"https:\/\/sxflightcase.com\/\"},{\"@type\":\"ListItem\",\"position\":2,\"name\":\"\u0e2a\u0e34\u0e19\u0e04\u0e49\u0e32\",\"item\":\"https:\/\/sxflightcase.com\/th\/shop\/\"},{\"@type\":\"ListItem\",\"position\":3,\"name\":\"Rack Cabinet Panel RAB401\"}]},{\"@type\":\"WebSite\",\"@id\":\"https:\/\/sxflightcase.com\/th\/#website\",\"url\":\"https:\/\/sxflightcase.com\/th\/\",\"name\":\"sxpowercase.com\",\"description\":\"Flight Case Factory\",\"publisher\":{\"@id\":\"https:\/\/sxflightcase.com\/th\/#organization\"},\"potentialAction\":[{\"@type\":\"SearchAction\",\"target\":{\"@type\":\"EntryPoint\",\"urlTemplate\":\"https:\/\/sxflightcase.com\/th\/?s={search_term_string}\"},\"query-input\":{\"@type\":\"PropertyValueSpecification\",\"valueRequired\":true,\"valueName\":\"search_term_string\"}}],\"inLanguage\":\"de\"},{\"@type\":\"Organization\",\"@id\":\"https:\/\/sxflightcase.com\/th\/#organization\",\"name\":\"sxpowercase.com\",\"url\":\"https:\/\/sxflightcase.com\/th\/\",\"logo\":{\"@type\":\"ImageObject\",\"inLanguage\":\"de\",\"@id\":\"https:\/\/sxflightcase.com\/th\/#\/schema\/logo\/image\/\",\"url\":\"https:\/\/sxflightcase.com\/wp-content\/uploads\/2024\/04\/1713919036007.jpg\",\"contentUrl\":\"https:\/\/sxflightcase.com\/wp-content\/uploads\/2024\/04\/1713919036007.jpg\",\"width\":382,\"height\":388,\"caption\":\"sxpowercase.com\"},\"image\":{\"@id\":\"https:\/\/sxflightcase.com\/th\/#\/schema\/logo\/image\/\"},\"sameAs\":[\"https:\/\/www.facebook.com\/profile.php?id=61560407257971\"],\"numberOfEmployees\":{\"@type\":\"QuantitativeValue\",\"minValue\":\"11\",\"maxValue\":\"50\"}}]}<\/script>\n<!-- \/ Yoast SEO Premium plugin. -->","yoast_head_json":{"title":"Rack Cabinet Panel RAB401 - https:\/\/sxflightcase.com \ud83d\udc97","description":"Rackschrank-Panel, direkt ab Werk! Hochwertige, langlebige Platten f\u00fcr die sichere Montage und Organisation von Ger\u00e4ten in Rack-Schr\u00e4nken. Ideal f\u00fcr professionelle Installationen, die Stabilit\u00e4t und effiziente Nutzung gew\u00e4hrleisten.","robots":{"index":"index","follow":"follow","max-snippet":"max-snippet:-1","max-image-preview":"max-image-preview:large","max-video-preview":"max-video-preview:-1"},"canonical":"https:\/\/sxflightcase.com\/de\/\u4ea7\u54c1\/\u673a\u67b6\u67dc\u9762\u677f-rab401\/","og_locale":"de_DE","og_type":"article","og_title":"Rack Cabinet Panel RAB401","og_description":"Rack cabinet panel, factory direct! High-quality, durable panels designed for secure mounting and organization of equipment in rack cabinets. Ideal for professional setups, ensuring stability and efficient use.","og_url":"https:\/\/sxflightcase.com\/de\/\u4ea7\u54c1\/\u673a\u67b6\u67dc\u9762\u677f-rab401\/","og_site_name":"https:\/\/sxflightcase.com","article_publisher":"https:\/\/www.facebook.com\/profile.php?id=61560407257971","article_modified_time":"2024-09-14T06:05:43+00:00","og_image":[{"width":700,"height":700,"url":"https:\/\/sxflightcase.com\/wp-content\/uploads\/2024\/09\/RAB401.jpg","type":"image\/jpeg"}],"twitter_card":"summary_large_image","twitter_misc":{"Gesch\u00e4tzte Lesezeit":"3\u00a0Minuten"},"schema":{"@context":"https:\/\/schema.org","@graph":[{"@type":"WebPage","@id":"https:\/\/sxflightcase.com\/zh\/\u4ea7\u54c1\/\u673a\u67b6\u67dc\u9762\u677f-rab401\/","url":"https:\/\/sxflightcase.com\/zh\/\u4ea7\u54c1\/\u673a\u67b6\u67dc\u9762\u677f-rab401\/","name":"Rack Cabinet Panel RAB401 - https:\/\/sxflightcase.com \ud83d\udc97","isPartOf":{"@id":"https:\/\/sxflightcase.com\/th\/#website"},"primaryImageOfPage":{"@id":"https:\/\/sxflightcase.com\/zh\/\u4ea7\u54c1\/\u673a\u67b6\u67dc\u9762\u677f-rab401\/#primaryimage"},"image":{"@id":"https:\/\/sxflightcase.com\/zh\/\u4ea7\u54c1\/\u673a\u67b6\u67dc\u9762\u677f-rab401\/#primaryimage"},"thumbnailUrl":"https:\/\/sxflightcase.com\/wp-content\/uploads\/2024\/09\/RAB401.jpg","datePublished":"2024-09-14T06:05:42+00:00","dateModified":"2024-09-14T06:05:43+00:00","description":"Rackschrank-Panel, direkt ab Werk! Hochwertige, langlebige Platten f\u00fcr die sichere Montage und Organisation von Ger\u00e4ten in Rack-Schr\u00e4nken. Ideal f\u00fcr professionelle Installationen, die Stabilit\u00e4t und effiziente Nutzung gew\u00e4hrleisten.","breadcrumb":{"@id":"https:\/\/sxflightcase.com\/zh\/\u4ea7\u54c1\/\u673a\u67b6\u67dc\u9762\u677f-rab401\/#breadcrumb"},"inLanguage":"de","potentialAction":[{"@type":"ReadAction","target":["https:\/\/sxflightcase.com\/zh\/\u4ea7\u54c1\/\u673a\u67b6\u67dc\u9762\u677f-rab401\/"]}]},{"@type":"ImageObject","inLanguage":"de","@id":"https:\/\/sxflightcase.com\/zh\/\u4ea7\u54c1\/\u673a\u67b6\u67dc\u9762\u677f-rab401\/#primaryimage","url":"https:\/\/sxflightcase.com\/wp-content\/uploads\/2024\/09\/RAB401.jpg","contentUrl":"https:\/\/sxflightcase.com\/wp-content\/uploads\/2024\/09\/RAB401.jpg","width":700,"height":700,"caption":"Rack Cabinet Panel"},{"@type":"BreadcrumbList","@id":"https:\/\/sxflightcase.com\/zh\/\u4ea7\u54c1\/\u673a\u67b6\u67dc\u9762\u677f-rab401\/#breadcrumb","itemListElement":[{"@type":"ListItem","position":1,"name":"Home","item":"https:\/\/sxflightcase.com\/"},{"@type":"ListItem","position":2,"name":"\u0e2a\u0e34\u0e19\u0e04\u0e49\u0e32","item":"https:\/\/sxflightcase.com\/th\/shop\/"},{"@type":"ListItem","position":3,"name":"Rack Cabinet Panel RAB401"}]},{"@type":"WebSite","@id":"https:\/\/sxflightcase.com\/th\/#website","url":"https:\/\/sxflightcase.com\/th\/","name":"www.sxpowercase.com","description":"Flight Case Fabrik","publisher":{"@id":"https:\/\/sxflightcase.com\/th\/#organization"},"potentialAction":[{"@type":"SearchAction","target":{"@type":"EntryPoint","urlTemplate":"https:\/\/sxflightcase.com\/th\/?s={search_term_string}"},"query-input":{"@type":"PropertyValueSpecification","valueRequired":true,"valueName":"search_term_string"}}],"inLanguage":"de"},{"@type":"Organization","@id":"https:\/\/sxflightcase.com\/th\/#organization","name":"www.sxpowercase.com","url":"https:\/\/sxflightcase.com\/th\/","logo":{"@type":"ImageObject","inLanguage":"de","@id":"https:\/\/sxflightcase.com\/th\/#\/schema\/logo\/image\/","url":"https:\/\/sxflightcase.com\/wp-content\/uploads\/2024\/04\/1713919036007.jpg","contentUrl":"https:\/\/sxflightcase.com\/wp-content\/uploads\/2024\/04\/1713919036007.jpg","width":382,"height":388,"caption":"sxpowercase.com"},"image":{"@id":"https:\/\/sxflightcase.com\/th\/#\/schema\/logo\/image\/"},"sameAs":["https:\/\/www.facebook.com\/profile.php?id=61560407257971"],"numberOfEmployees":{"@type":"QuantitativeValue","minValue":"11","maxValue":"50"}}]}},"_links":{"self":[{"href":"https:\/\/sxflightcase.com\/de\/wp-json\/wp\/v2\/product\/4422","targetHints":{"allow":["GET"]}}],"collection":[{"href":"https:\/\/sxflightcase.com\/de\/wp-json\/wp\/v2\/product"}],"about":[{"href":"https:\/\/sxflightcase.com\/de\/wp-json\/wp\/v2\/types\/product"}],"replies":[{"embeddable":true,"href":"https:\/\/sxflightcase.com\/de\/wp-json\/wp\/v2\/comments?post=4422"}],"version-history":[{"count":0,"href":"https:\/\/sxflightcase.com\/de\/wp-json\/wp\/v2\/product\/4422\/revisions"}],"wp:featuredmedia":[{"embeddable":true,"href":"https:\/\/sxflightcase.com\/de\/wp-json\/wp\/v2\/media\/4291"}],"wp:attachment":[{"href":"https:\/\/sxflightcase.com\/de\/wp-json\/wp\/v2\/media?parent=4422"}],"wp:term":[{"taxonomy":"product_brand","embeddable":true,"href":"https:\/\/sxflightcase.com\/de\/wp-json\/wp\/v2\/product_brand?post=4422"},{"taxonomy":"product_cat","embeddable":true,"href":"https:\/\/sxflightcase.com\/de\/wp-json\/wp\/v2\/product_cat?post=4422"},{"taxonomy":"product_tag","embeddable":true,"href":"https:\/\/sxflightcase.com\/de\/wp-json\/wp\/v2\/product_tag?post=4422"}],"curies":[{"name":"wp","href":"https:\/\/api.w.org\/{rel}","templated":true}]}}