{"id":4539,"date":"2024-09-24T07:36:38","date_gmt":"2024-09-24T06:36:38","guid":{"rendered":"https:\/\/sxpowercase.com\/?post_type=product&#038;p=4539"},"modified":"2024-09-24T07:36:39","modified_gmt":"2024-09-24T06:36:39","slug":"hinges-wholesaler-hib101","status":"publish","type":"product","link":"https:\/\/sxflightcase.com\/de\/produkt\/groshandler-fur-scharniere-hib101\/","title":{"rendered":"Scharniere Gro\u00dfh\u00e4ndler HIB101"},"content":{"rendered":"<h3>SX: Ihr zuverl\u00e4ssiger Scharnier-Gro\u00dfh\u00e4ndler f\u00fcr Qualit\u00e4t und Wert<\/h3>\n<p>Wenn Sie auf der Suche nach einem zuverl\u00e4ssigen <a href=\"https:\/\/sxpowercase.com\/product\/hinges-supplier-hia203\/\"><strong>Gro\u00dfh\u00e4ndler f\u00fcr Scharniere<\/strong><\/a>dann suchen Sie nicht weiter als <strong>SX<\/strong>. Wir haben uns darauf spezialisiert, eine gro\u00dfe Auswahl an Scharnieren anzubieten, die den unterschiedlichsten Anforderungen im privaten und gewerblichen Bereich gerecht werden. Unser Engagement f\u00fcr Qualit\u00e4t gew\u00e4hrleistet, dass Sie Produkte erhalten, denen Sie vertrauen k\u00f6nnen.<\/p>\n<h3>Werksdirektpreise zur Maximierung Ihrer Ersparnisse<\/h3>\n<p>Als ein f\u00fchrendes <strong>Gro\u00dfh\u00e4ndler f\u00fcr Scharniere<\/strong>bieten wir <strong>Preise direkt ab Werk<\/strong> das Ihnen hilft, erheblich zu sparen. Durch den Wegfall unn\u00f6tiger Zwischenh\u00e4ndler, <strong><a href=\"https:\/\/sxpowercase.com\/\" target=\"_blank\" rel=\"noopener\" title=\"SX\" data-wpil-monitor-id=\"775\">SX<\/a><\/strong> garantiert niedrige Preise ohne Qualit\u00e4tseinbu\u00dfen. Dieser Ansatz macht unsere Scharniere zu einer ausgezeichneten Wahl f\u00fcr Unternehmen, die ihre Gewinnspannen aufrechterhalten und gleichzeitig ihren Kunden einen hohen Wert bieten wollen.<\/p>\n<h3>Qualit\u00e4tssicherung, auf die Sie sich verlassen k\u00f6nnen<\/h3>\n<p>Bei <strong>SX<\/strong>Wir glauben, dass Qualit\u00e4t an erster Stelle steht. Alle unsere Scharniere werden strengen Tests unterzogen, um sicherzustellen, dass sie den Industriestandards entsprechen. Als zuverl\u00e4ssiges <strong>Gro\u00dfh\u00e4ndler f\u00fcr Scharniere<\/strong>Bei der Herstellung unserer Scharniere verwenden wir nur hochwertige Materialien, die f\u00fcr eine lange Lebensdauer ausgelegt sind. Egal, ob Sie Scharniere f\u00fcr T\u00fcren, Schr\u00e4nke oder industrielle Anwendungen ben\u00f6tigen, unsere Optionen bieten Leistung und Haltbarkeit.<\/p>\n<h3>Umfangreiches Scharniersortiment f\u00fcr jede Anwendung<\/h3>\n<p>Unser vielf\u00e4ltiger Bestand umfasst verschiedene Arten von Scharnieren, wie z. B. verdeckte Scharniere, stumpfe Scharniere und Zapfenscharniere. Als vertrauensw\u00fcrdiges <strong>Gro\u00dfh\u00e4ndler f\u00fcr Scharniere<\/strong>Wir wissen, dass jedes Projekt einzigartige Anforderungen hat. Deshalb bieten wir anpassbare Optionen, damit Sie das perfekte Scharnier f\u00fcr Ihre speziellen Anforderungen finden.<\/p>\n<h3>Optimierter Bestellprozess<\/h3>\n<p>Bestellen bei <strong>SX<\/strong> ist einfach und m\u00fchelos. Unsere benutzerfreundliche Online-Plattform macht es Ihnen leicht, unser Angebot zu durchst\u00f6bern und schnell Bestellungen aufzugeben. Dar\u00fcber hinaus steht Ihnen unser engagiertes Kundendienstteam bei allen Fragen und Sonderw\u00fcnschen jederzeit zur Seite. Wir sind bestrebt, Ihren Aufenthalt so reibungslos wie m\u00f6glich zu gestalten.<\/p>\n<h3>Abschluss<\/h3>\n<p>W\u00e4hlen Sie <strong>SX<\/strong> als Ihr <strong>Gro\u00dfh\u00e4ndler f\u00fcr Scharniere<\/strong> bedeutet, dass Sie mit einer Marke zusammenarbeiten, bei der Qualit\u00e4t, Erschwinglichkeit und Kundenzufriedenheit an erster Stelle stehen. Mit unseren Direktpreisen und unserem umfangreichen Produktsortiment k\u00f6nnen Sie alle Ihre Scharnieranforderungen erf\u00fcllen.<\/p>\n<ol>\n<li>Jetzt kontaktieren:<span style=\"color: #0000ff;\"><a style=\"color: #0000ff;\" href=\"https:\/\/sxpowercase.com\/contact-us\/\">https:\/\/sxpowercase.com\/<\/a><\/span><\/li>\n<li>Hardware-Produktkatalog:<span style=\"color: #0000ff;\"><a style=\"color: #0000ff;\" href=\"https:\/\/sxpowercase.com\/wp-content\/uploads\/2024\/07\/\u4e94\u91d1.pdf\">Hardware-Zubeh\u00f6rkatalog<\/a><\/span><\/li>\n<\/ol>","protected":false},"excerpt":{"rendered":"<h3>SX: Ihr zuverl\u00e4ssiger Scharnier-Gro\u00dfh\u00e4ndler f\u00fcr Qualit\u00e4t und Wert<\/h3>\n<p>SX bietet eine gro\u00dfe Auswahl an hochwertigen Scharnieren f\u00fcr den privaten und gewerblichen Bedarf, damit Sie zuverl\u00e4ssige Produkte erhalten, denen Sie vertrauen k\u00f6nnen.<\/p>\n<h3>Werksdirektpreise f\u00fcr maximale Einsparungen<\/h3>\n<p>Durch unsere Direktpreise werden Zwischenh\u00e4ndler ausgeschaltet, so dass Sie bei gleichbleibender Qualit\u00e4t erhebliche Einsparungen erzielen k\u00f6nnen - perfekt f\u00fcr Unternehmen, die ihre Gewinnspanne maximieren wollen.<\/p>\n<h3>Umfangreiches Scharniersortiment f\u00fcr jede Anwendung<\/h3>\n<p>Von verdeckten bis hin zu schwenkbaren Scharnieren bietet SX anpassbare Optionen, die auf Ihre Projektanforderungen zugeschnitten sind, damit Sie die ideale Scharnierl\u00f6sung finden.<\/p>","protected":false},"featured_media":4493,"comment_status":"open","ping_status":"closed","template":"","meta":[],"product_brand":[],"product_cat":[67],"product_tag":[],"class_list":{"0":"post-4539","1":"product","2":"type-product","3":"status-publish","4":"has-post-thumbnail","6":"product_cat-hingesstays","8":"first","9":"instock","10":"shipping-taxable","11":"product-type-simple"},"yoast_head":"<!-- This site is optimized with the Yoast SEO Premium plugin v27.1 (Yoast SEO v27.2) - https:\/\/yoast.com\/product\/yoast-seo-premium-wordpress\/ -->\n<title>Hinges Wholesaler HIB101 - https:\/\/sxflightcase.com \ud83d\udc97<\/title>\n<meta name=\"description\" content=\"Discover SX, your trusted hinges wholesaler, offering quality products at factory-direct prices. Explore our extensive selection for all your needs.\" \/>\n<meta name=\"robots\" content=\"index, follow, max-snippet:-1, max-image-preview:large, max-video-preview:-1\" \/>\n<link rel=\"canonical\" href=\"https:\/\/sxflightcase.com\/de\/\u7522\u54c1\/\u9278\u93c8\u6279\u767c\u5546-hib101-2\/\" \/>\n<meta property=\"og:locale\" content=\"de_DE\" \/>\n<meta property=\"og:type\" content=\"article\" \/>\n<meta property=\"og:title\" content=\"Hinges Wholesaler HIB101\" \/>\n<meta property=\"og:description\" content=\"Discover SX, your trusted hinges wholesaler, offering quality products at factory-direct prices. Explore our extensive selection for all your needs.\" \/>\n<meta property=\"og:url\" content=\"https:\/\/sxflightcase.com\/de\/\u7522\u54c1\/\u9278\u93c8\u6279\u767c\u5546-hib101-2\/\" \/>\n<meta property=\"og:site_name\" content=\"https:\/\/sxflightcase.com\" \/>\n<meta property=\"article:publisher\" content=\"https:\/\/www.facebook.com\/profile.php?id=61560407257971\" \/>\n<meta property=\"article:modified_time\" content=\"2024-09-24T06:36:39+00:00\" \/>\n<meta property=\"og:image\" content=\"https:\/\/sxflightcase.com\/wp-content\/uploads\/2024\/09\/HIB101.jpg\" \/>\n\t<meta property=\"og:image:width\" content=\"700\" \/>\n\t<meta property=\"og:image:height\" content=\"700\" \/>\n\t<meta property=\"og:image:type\" content=\"image\/jpeg\" \/>\n<meta name=\"twitter:card\" content=\"summary_large_image\" \/>\n<meta name=\"twitter:label1\" content=\"Gesch\u00e4tzte Lesezeit\" \/>\n\t<meta name=\"twitter:data1\" content=\"2\u00a0Minuten\" \/>\n<script type=\"application\/ld+json\" class=\"yoast-schema-graph\">{\"@context\":\"https:\/\/schema.org\",\"@graph\":[{\"@type\":\"WebPage\",\"@id\":\"https:\/\/sxflightcase.com\/zh_hk\/\u7522\u54c1\/\u9278\u93c8\u6279\u767c\u5546-hib101-2\/\",\"url\":\"https:\/\/sxflightcase.com\/zh_hk\/\u7522\u54c1\/\u9278\u93c8\u6279\u767c\u5546-hib101-2\/\",\"name\":\"Hinges Wholesaler HIB101 - https:\/\/sxflightcase.com \ud83d\udc97\",\"isPartOf\":{\"@id\":\"https:\/\/sxflightcase.com\/th\/#website\"},\"primaryImageOfPage\":{\"@id\":\"https:\/\/sxflightcase.com\/zh_hk\/\u7522\u54c1\/\u9278\u93c8\u6279\u767c\u5546-hib101-2\/#primaryimage\"},\"image\":{\"@id\":\"https:\/\/sxflightcase.com\/zh_hk\/\u7522\u54c1\/\u9278\u93c8\u6279\u767c\u5546-hib101-2\/#primaryimage\"},\"thumbnailUrl\":\"https:\/\/sxflightcase.com\/wp-content\/uploads\/2024\/09\/HIB101.jpg\",\"datePublished\":\"2024-09-24T06:36:38+00:00\",\"dateModified\":\"2024-09-24T06:36:39+00:00\",\"description\":\"Discover SX, your trusted hinges wholesaler, offering quality products at factory-direct prices. Explore our extensive selection for all your needs.\",\"breadcrumb\":{\"@id\":\"https:\/\/sxflightcase.com\/zh_hk\/\u7522\u54c1\/\u9278\u93c8\u6279\u767c\u5546-hib101-2\/#breadcrumb\"},\"inLanguage\":\"de\",\"potentialAction\":[{\"@type\":\"ReadAction\",\"target\":[\"https:\/\/sxflightcase.com\/zh_hk\/\u7522\u54c1\/\u9278\u93c8\u6279\u767c\u5546-hib101-2\/\"]}]},{\"@type\":\"ImageObject\",\"inLanguage\":\"de\",\"@id\":\"https:\/\/sxflightcase.com\/zh_hk\/\u7522\u54c1\/\u9278\u93c8\u6279\u767c\u5546-hib101-2\/#primaryimage\",\"url\":\"https:\/\/sxflightcase.com\/wp-content\/uploads\/2024\/09\/HIB101.jpg\",\"contentUrl\":\"https:\/\/sxflightcase.com\/wp-content\/uploads\/2024\/09\/HIB101.jpg\",\"width\":700,\"height\":700,\"caption\":\"Hinges Wholesaler\"},{\"@type\":\"BreadcrumbList\",\"@id\":\"https:\/\/sxflightcase.com\/zh_hk\/\u7522\u54c1\/\u9278\u93c8\u6279\u767c\u5546-hib101-2\/#breadcrumb\",\"itemListElement\":[{\"@type\":\"ListItem\",\"position\":1,\"name\":\"Home\",\"item\":\"https:\/\/sxflightcase.com\/\"},{\"@type\":\"ListItem\",\"position\":2,\"name\":\"\u0e2a\u0e34\u0e19\u0e04\u0e49\u0e32\",\"item\":\"https:\/\/sxflightcase.com\/th\/shop\/\"},{\"@type\":\"ListItem\",\"position\":3,\"name\":\"Hinges Wholesaler HIB101\"}]},{\"@type\":\"WebSite\",\"@id\":\"https:\/\/sxflightcase.com\/th\/#website\",\"url\":\"https:\/\/sxflightcase.com\/th\/\",\"name\":\"sxpowercase.com\",\"description\":\"Flight Case Factory\",\"publisher\":{\"@id\":\"https:\/\/sxflightcase.com\/th\/#organization\"},\"potentialAction\":[{\"@type\":\"SearchAction\",\"target\":{\"@type\":\"EntryPoint\",\"urlTemplate\":\"https:\/\/sxflightcase.com\/th\/?s={search_term_string}\"},\"query-input\":{\"@type\":\"PropertyValueSpecification\",\"valueRequired\":true,\"valueName\":\"search_term_string\"}}],\"inLanguage\":\"de\"},{\"@type\":\"Organization\",\"@id\":\"https:\/\/sxflightcase.com\/th\/#organization\",\"name\":\"sxpowercase.com\",\"url\":\"https:\/\/sxflightcase.com\/th\/\",\"logo\":{\"@type\":\"ImageObject\",\"inLanguage\":\"de\",\"@id\":\"https:\/\/sxflightcase.com\/th\/#\/schema\/logo\/image\/\",\"url\":\"https:\/\/sxflightcase.com\/wp-content\/uploads\/2024\/04\/1713919036007.jpg\",\"contentUrl\":\"https:\/\/sxflightcase.com\/wp-content\/uploads\/2024\/04\/1713919036007.jpg\",\"width\":382,\"height\":388,\"caption\":\"sxpowercase.com\"},\"image\":{\"@id\":\"https:\/\/sxflightcase.com\/th\/#\/schema\/logo\/image\/\"},\"sameAs\":[\"https:\/\/www.facebook.com\/profile.php?id=61560407257971\"],\"numberOfEmployees\":{\"@type\":\"QuantitativeValue\",\"minValue\":\"11\",\"maxValue\":\"50\"}}]}<\/script>\n<!-- \/ Yoast SEO Premium plugin. -->","yoast_head_json":{"title":"Hinges Wholesaler HIB101 - https:\/\/sxflightcase.com \ud83d\udc97","description":"Entdecken Sie SX, Ihren vertrauensw\u00fcrdigen Gro\u00dfh\u00e4ndler f\u00fcr Scharniere, der Qualit\u00e4tsprodukte zu Direktpreisen anbietet. Entdecken Sie unsere umfangreiche Auswahl f\u00fcr alle Ihre Bed\u00fcrfnisse.","robots":{"index":"index","follow":"follow","max-snippet":"max-snippet:-1","max-image-preview":"max-image-preview:large","max-video-preview":"max-video-preview:-1"},"canonical":"https:\/\/sxflightcase.com\/de\/\u7522\u54c1\/\u9278\u93c8\u6279\u767c\u5546-hib101-2\/","og_locale":"de_DE","og_type":"article","og_title":"Hinges Wholesaler HIB101","og_description":"Discover SX, your trusted hinges wholesaler, offering quality products at factory-direct prices. Explore our extensive selection for all your needs.","og_url":"https:\/\/sxflightcase.com\/de\/\u7522\u54c1\/\u9278\u93c8\u6279\u767c\u5546-hib101-2\/","og_site_name":"https:\/\/sxflightcase.com","article_publisher":"https:\/\/www.facebook.com\/profile.php?id=61560407257971","article_modified_time":"2024-09-24T06:36:39+00:00","og_image":[{"width":700,"height":700,"url":"https:\/\/sxflightcase.com\/wp-content\/uploads\/2024\/09\/HIB101.jpg","type":"image\/jpeg"}],"twitter_card":"summary_large_image","twitter_misc":{"Gesch\u00e4tzte Lesezeit":"2\u00a0Minuten"},"schema":{"@context":"https:\/\/schema.org","@graph":[{"@type":"WebPage","@id":"https:\/\/sxflightcase.com\/zh_hk\/\u7522\u54c1\/\u9278\u93c8\u6279\u767c\u5546-hib101-2\/","url":"https:\/\/sxflightcase.com\/zh_hk\/\u7522\u54c1\/\u9278\u93c8\u6279\u767c\u5546-hib101-2\/","name":"Hinges Wholesaler HIB101 - https:\/\/sxflightcase.com \ud83d\udc97","isPartOf":{"@id":"https:\/\/sxflightcase.com\/th\/#website"},"primaryImageOfPage":{"@id":"https:\/\/sxflightcase.com\/zh_hk\/\u7522\u54c1\/\u9278\u93c8\u6279\u767c\u5546-hib101-2\/#primaryimage"},"image":{"@id":"https:\/\/sxflightcase.com\/zh_hk\/\u7522\u54c1\/\u9278\u93c8\u6279\u767c\u5546-hib101-2\/#primaryimage"},"thumbnailUrl":"https:\/\/sxflightcase.com\/wp-content\/uploads\/2024\/09\/HIB101.jpg","datePublished":"2024-09-24T06:36:38+00:00","dateModified":"2024-09-24T06:36:39+00:00","description":"Entdecken Sie SX, Ihren vertrauensw\u00fcrdigen Gro\u00dfh\u00e4ndler f\u00fcr Scharniere, der Qualit\u00e4tsprodukte zu Direktpreisen anbietet. Entdecken Sie unsere umfangreiche Auswahl f\u00fcr alle Ihre Bed\u00fcrfnisse.","breadcrumb":{"@id":"https:\/\/sxflightcase.com\/zh_hk\/\u7522\u54c1\/\u9278\u93c8\u6279\u767c\u5546-hib101-2\/#breadcrumb"},"inLanguage":"de","potentialAction":[{"@type":"ReadAction","target":["https:\/\/sxflightcase.com\/zh_hk\/\u7522\u54c1\/\u9278\u93c8\u6279\u767c\u5546-hib101-2\/"]}]},{"@type":"ImageObject","inLanguage":"de","@id":"https:\/\/sxflightcase.com\/zh_hk\/\u7522\u54c1\/\u9278\u93c8\u6279\u767c\u5546-hib101-2\/#primaryimage","url":"https:\/\/sxflightcase.com\/wp-content\/uploads\/2024\/09\/HIB101.jpg","contentUrl":"https:\/\/sxflightcase.com\/wp-content\/uploads\/2024\/09\/HIB101.jpg","width":700,"height":700,"caption":"Hinges Wholesaler"},{"@type":"BreadcrumbList","@id":"https:\/\/sxflightcase.com\/zh_hk\/\u7522\u54c1\/\u9278\u93c8\u6279\u767c\u5546-hib101-2\/#breadcrumb","itemListElement":[{"@type":"ListItem","position":1,"name":"Home","item":"https:\/\/sxflightcase.com\/"},{"@type":"ListItem","position":2,"name":"\u0e2a\u0e34\u0e19\u0e04\u0e49\u0e32","item":"https:\/\/sxflightcase.com\/th\/shop\/"},{"@type":"ListItem","position":3,"name":"Hinges Wholesaler HIB101"}]},{"@type":"WebSite","@id":"https:\/\/sxflightcase.com\/th\/#website","url":"https:\/\/sxflightcase.com\/th\/","name":"www.sxpowercase.com","description":"Flight Case Fabrik","publisher":{"@id":"https:\/\/sxflightcase.com\/th\/#organization"},"potentialAction":[{"@type":"SearchAction","target":{"@type":"EntryPoint","urlTemplate":"https:\/\/sxflightcase.com\/th\/?s={search_term_string}"},"query-input":{"@type":"PropertyValueSpecification","valueRequired":true,"valueName":"search_term_string"}}],"inLanguage":"de"},{"@type":"Organization","@id":"https:\/\/sxflightcase.com\/th\/#organization","name":"www.sxpowercase.com","url":"https:\/\/sxflightcase.com\/th\/","logo":{"@type":"ImageObject","inLanguage":"de","@id":"https:\/\/sxflightcase.com\/th\/#\/schema\/logo\/image\/","url":"https:\/\/sxflightcase.com\/wp-content\/uploads\/2024\/04\/1713919036007.jpg","contentUrl":"https:\/\/sxflightcase.com\/wp-content\/uploads\/2024\/04\/1713919036007.jpg","width":382,"height":388,"caption":"sxpowercase.com"},"image":{"@id":"https:\/\/sxflightcase.com\/th\/#\/schema\/logo\/image\/"},"sameAs":["https:\/\/www.facebook.com\/profile.php?id=61560407257971"],"numberOfEmployees":{"@type":"QuantitativeValue","minValue":"11","maxValue":"50"}}]}},"_links":{"self":[{"href":"https:\/\/sxflightcase.com\/de\/wp-json\/wp\/v2\/product\/4539","targetHints":{"allow":["GET"]}}],"collection":[{"href":"https:\/\/sxflightcase.com\/de\/wp-json\/wp\/v2\/product"}],"about":[{"href":"https:\/\/sxflightcase.com\/de\/wp-json\/wp\/v2\/types\/product"}],"replies":[{"embeddable":true,"href":"https:\/\/sxflightcase.com\/de\/wp-json\/wp\/v2\/comments?post=4539"}],"version-history":[{"count":0,"href":"https:\/\/sxflightcase.com\/de\/wp-json\/wp\/v2\/product\/4539\/revisions"}],"wp:featuredmedia":[{"embeddable":true,"href":"https:\/\/sxflightcase.com\/de\/wp-json\/wp\/v2\/media\/4493"}],"wp:attachment":[{"href":"https:\/\/sxflightcase.com\/de\/wp-json\/wp\/v2\/media?parent=4539"}],"wp:term":[{"taxonomy":"product_brand","embeddable":true,"href":"https:\/\/sxflightcase.com\/de\/wp-json\/wp\/v2\/product_brand?post=4539"},{"taxonomy":"product_cat","embeddable":true,"href":"https:\/\/sxflightcase.com\/de\/wp-json\/wp\/v2\/product_cat?post=4539"},{"taxonomy":"product_tag","embeddable":true,"href":"https:\/\/sxflightcase.com\/de\/wp-json\/wp\/v2\/product_tag?post=4539"}],"curies":[{"name":"wp","href":"https:\/\/api.w.org\/{rel}","templated":true}]}}