{"id":4550,"date":"2024-09-25T07:20:51","date_gmt":"2024-09-25T06:20:51","guid":{"rendered":"https:\/\/sxpowercase.com\/?post_type=product&#038;p=4550"},"modified":"2024-09-25T07:20:52","modified_gmt":"2024-09-25T06:20:52","slug":"door-hinges-supplier-sta301","status":"publish","type":"product","link":"https:\/\/sxflightcase.com\/de\/produkt\/turscharniere-lieferant-sta301\/","title":{"rendered":"T\u00fcrscharniere Lieferant STA301"},"content":{"rendered":"<h3>SX: Ihr Vertrauter <strong>T\u00fcrscharniere Lieferant<\/strong><\/h3>\n<p>Wenn es darum geht, einen zuverl\u00e4ssigen <a href=\"https:\/\/sxpowercase.com\/product\/door-hinges-supplier-sta201\/\"><strong>Lieferant f\u00fcr T\u00fcrscharniere<\/strong><\/a>SX bietet eine erstklassige Auswahl, die erstklassige Qualit\u00e4t und wettbewerbsf\u00e4hige Preise gew\u00e4hrleistet. Unsere Scharniere sind auf Langlebigkeit ausgelegt und bieten eine dauerhafte L\u00f6sung f\u00fcr private und gewerbliche Anforderungen. Wir bei SX wissen, wie wichtig es ist, dass die Preise direkt vom Hersteller festgelegt werden, so dass wir erschwingliche Produkte anbieten k\u00f6nnen, ohne Abstriche bei der Qualit\u00e4t zu machen.<\/p>\n<h3>Qualit\u00e4t, auf die Sie sich verlassen k\u00f6nnen<\/h3>\n<p>Bei <a href=\"https:\/\/sxpowercase.com\/\" target=\"_blank\" rel=\"noopener\" title=\"SX\" data-wpil-monitor-id=\"782\">SX<\/a>glauben wir daran, nur das Beste zu liefern. Unser <strong>T\u00fcrscharniere<\/strong> werden nach den h\u00f6chsten Standards hergestellt, damit sie der t\u00e4glichen Beanspruchung standhalten. Ob Sie ein Bauunternehmer oder ein Heimwerker sind, Sie werden unsere Liebe zum Detail und die hervorragende Leistung unserer Scharniere zu sch\u00e4tzen wissen. <strong>Fabrikdirekte Preise<\/strong> erm\u00f6glichen es Ihnen, diese hochwertigen Artikel zu erschwinglichen Preisen zu erwerben, so dass Sie das bestm\u00f6gliche Angebot erhalten.<\/p>\n<h3>Umfassende Produktpalette<\/h3>\n<p>Als ein f\u00fchrendes <strong>Lieferant f\u00fcr T\u00fcrscharniere<\/strong>haben wir eine gro\u00dfe Auswahl an Scharnieren f\u00fcr verschiedene Anwendungen auf Lager. Ganz gleich, ob Sie einfache Konstruktionen oder speziellere Produkte ben\u00f6tigen, SX hat alles f\u00fcr Sie. Dank unserer langj\u00e4hrigen Erfahrung in der Herstellung garantieren wir, dass jedes Scharnier f\u00fcr einen reibungslosen Betrieb und eine einfache Installation ausgelegt ist.<\/p>\n<h3>Wettbewerbsf\u00e4hige Preisgestaltung ohne Kompromisse<\/h3>\n<p>SX widmet sich der Bereitstellung von <strong>Kosteng\u00fcnstig<\/strong> L\u00f6sungen, ohne Kompromisse bei der Qualit\u00e4t einzugehen. Da wir direkt mit der Fabrik zusammenarbeiten, k\u00f6nnen wir die Preise niedrig und die Qualit\u00e4t hoch halten. Unsere Scharniere bieten ein hervorragendes Preis-Leistungs-Verh\u00e4ltnis und machen uns zu einer zuverl\u00e4ssigen Wahl f\u00fcr Kunden aus allen Branchen. Mit SX kaufen Sie nicht einfach nur ein Produkt - Sie investieren in Langlebigkeit und Zuverl\u00e4ssigkeit.<\/p>\n<h3>Der SX-Unterschied<\/h3>\n<p>SX sticht hervor unter <strong>Lieferanten von T\u00fcrscharnieren<\/strong> weil wir uns zu Spitzenleistungen verpflichtet haben. Von den von uns verwendeten Materialien bis hin zur handwerklichen Fertigung ist jeder Aspekt unserer Dienstleistung darauf ausgerichtet, Ihre Erwartungen zu \u00fcbertreffen. Unser Ziel ist es, Sie mit dem <strong>beste Qualit\u00e4t<\/strong> zu einem Preis, der Ihrem Budget entspricht, was uns zur idealen Wahl f\u00fcr jedes Projekt macht, ob gro\u00df oder klein.<\/p>\n<h3>Abschluss<\/h3>\n<p>W\u00e4hlen Sie SX als Ihr <strong>Lieferant f\u00fcr T\u00fcrscharniere<\/strong> f\u00fcr zuverl\u00e4ssige, hochwertige Scharniere zu wettbewerbsf\u00e4higen Preisen. Unser Engagement f\u00fcr <strong>Preise direkt ab Werk<\/strong> Und <strong>Qualit\u00e4tssicherung<\/strong> macht uns zur ersten Wahl f\u00fcr Ihren gesamten Hardwarebedarf. Entdecken Sie noch heute unsere gro\u00dfe Auswahl und erleben Sie den SX-Unterschied.<\/p>\n<ol>\n<li>Jetzt kontaktieren:<span style=\"color: #0000ff;\"><a style=\"color: #0000ff;\" href=\"https:\/\/sxpowercase.com\/contact-us\/\">https:\/\/sxpowercase.com\/<\/a><\/span><\/li>\n<li>Hardware-Produktkatalog:<span style=\"color: #0000ff;\"><a style=\"color: #0000ff;\" href=\"https:\/\/sxpowercase.com\/wp-content\/uploads\/2024\/07\/\u4e94\u91d1.pdf\">Hardware-Zubeh\u00f6rkatalog<\/a><\/span><\/li>\n<\/ol>","protected":false},"excerpt":{"rendered":"<h3>SX: Ihr zuverl\u00e4ssiger Lieferant f\u00fcr T\u00fcrscharniere<\/h3>\n<p>F\u00fcr qualitativ hochwertige T\u00fcrscharniere zu erschwinglichen Preisen ist SX der vertrauensw\u00fcrdige Lieferant. Wir bieten eine breite Palette an langlebigen Scharnieren, die sowohl f\u00fcr den privaten als auch f\u00fcr den gewerblichen Gebrauch geeignet sind.<\/p>\n<h3>Werksdirekte Preisgestaltung f\u00fcr maximale Einsparungen<\/h3>\n<p>SX bietet qualitativ hochwertige T\u00fcrscharniere zu Direktpreisen an, so dass der Zwischenhandel entf\u00e4llt und Sie Ihr Projekt im Rahmen Ihres Budgets durchf\u00fchren k\u00f6nnen.<\/p>\n<h3>Anpassbare L\u00f6sungen f\u00fcr jedes Projekt<\/h3>\n<p>SX bietet eine Vielzahl von Gr\u00f6\u00dfen, Oberfl\u00e4chen und anpassbaren Scharnieroptionen, um Ihren speziellen Anforderungen gerecht zu werden - von industriellen bis hin zu stilvollen Anwendungen im Wohnbereich.<\/p>","protected":false},"featured_media":4500,"comment_status":"open","ping_status":"closed","template":"","meta":[],"product_brand":[],"product_cat":[67],"product_tag":[],"class_list":{"0":"post-4550","1":"product","2":"type-product","3":"status-publish","4":"has-post-thumbnail","6":"product_cat-hingesstays","8":"first","9":"instock","10":"shipping-taxable","11":"product-type-simple"},"yoast_head":"<!-- This site is optimized with the Yoast SEO Premium plugin v27.1 (Yoast SEO v27.2) - https:\/\/yoast.com\/product\/yoast-seo-premium-wordpress\/ -->\n<title>Door Hinges Supplier STA301 - https:\/\/sxflightcase.com \ud83d\udc97<\/title>\n<meta name=\"description\" content=\"SX, a leading door hinges supplier, offers factory-direct pricing, top-quality products, and a wide selection for residential and commercial use.\" \/>\n<meta name=\"robots\" content=\"index, follow, max-snippet:-1, max-image-preview:large, max-video-preview:-1\" \/>\n<link rel=\"canonical\" href=\"https:\/\/sxflightcase.com\/de\/urun\/kapi-menteseleri-tedarikcisi-sta301-2\/\" \/>\n<meta property=\"og:locale\" content=\"de_DE\" \/>\n<meta property=\"og:type\" content=\"article\" \/>\n<meta property=\"og:title\" content=\"Door Hinges Supplier STA301\" \/>\n<meta property=\"og:description\" content=\"SX, a leading door hinges supplier, offers factory-direct pricing, top-quality products, and a wide selection for residential and commercial use.\" \/>\n<meta property=\"og:url\" content=\"https:\/\/sxflightcase.com\/de\/urun\/kapi-menteseleri-tedarikcisi-sta301-2\/\" \/>\n<meta property=\"og:site_name\" content=\"https:\/\/sxflightcase.com\" \/>\n<meta property=\"article:publisher\" content=\"https:\/\/www.facebook.com\/profile.php?id=61560407257971\" \/>\n<meta property=\"article:modified_time\" content=\"2024-09-25T06:20:52+00:00\" \/>\n<meta property=\"og:image\" content=\"https:\/\/sxflightcase.com\/wp-content\/uploads\/2024\/09\/STA301.jpg\" \/>\n\t<meta property=\"og:image:width\" content=\"700\" \/>\n\t<meta property=\"og:image:height\" content=\"700\" \/>\n\t<meta property=\"og:image:type\" content=\"image\/jpeg\" \/>\n<meta name=\"twitter:card\" content=\"summary_large_image\" \/>\n<meta name=\"twitter:label1\" content=\"Gesch\u00e4tzte Lesezeit\" \/>\n\t<meta name=\"twitter:data1\" content=\"3\u00a0Minuten\" \/>\n<script type=\"application\/ld+json\" class=\"yoast-schema-graph\">{\"@context\":\"https:\/\/schema.org\",\"@graph\":[{\"@type\":\"WebPage\",\"@id\":\"https:\/\/sxflightcase.com\/tr\/urun\/kapi-menteseleri-tedarikcisi-sta301-2\/\",\"url\":\"https:\/\/sxflightcase.com\/tr\/urun\/kapi-menteseleri-tedarikcisi-sta301-2\/\",\"name\":\"Door Hinges Supplier STA301 - https:\/\/sxflightcase.com \ud83d\udc97\",\"isPartOf\":{\"@id\":\"https:\/\/sxflightcase.com\/th\/#website\"},\"primaryImageOfPage\":{\"@id\":\"https:\/\/sxflightcase.com\/tr\/urun\/kapi-menteseleri-tedarikcisi-sta301-2\/#primaryimage\"},\"image\":{\"@id\":\"https:\/\/sxflightcase.com\/tr\/urun\/kapi-menteseleri-tedarikcisi-sta301-2\/#primaryimage\"},\"thumbnailUrl\":\"https:\/\/sxflightcase.com\/wp-content\/uploads\/2024\/09\/STA301.jpg\",\"datePublished\":\"2024-09-25T06:20:51+00:00\",\"dateModified\":\"2024-09-25T06:20:52+00:00\",\"description\":\"SX, a leading door hinges supplier, offers factory-direct pricing, top-quality products, and a wide selection for residential and commercial use.\",\"breadcrumb\":{\"@id\":\"https:\/\/sxflightcase.com\/tr\/urun\/kapi-menteseleri-tedarikcisi-sta301-2\/#breadcrumb\"},\"inLanguage\":\"de\",\"potentialAction\":[{\"@type\":\"ReadAction\",\"target\":[\"https:\/\/sxflightcase.com\/tr\/urun\/kapi-menteseleri-tedarikcisi-sta301-2\/\"]}]},{\"@type\":\"ImageObject\",\"inLanguage\":\"de\",\"@id\":\"https:\/\/sxflightcase.com\/tr\/urun\/kapi-menteseleri-tedarikcisi-sta301-2\/#primaryimage\",\"url\":\"https:\/\/sxflightcase.com\/wp-content\/uploads\/2024\/09\/STA301.jpg\",\"contentUrl\":\"https:\/\/sxflightcase.com\/wp-content\/uploads\/2024\/09\/STA301.jpg\",\"width\":700,\"height\":700,\"caption\":\"Door Hinges Supplier\"},{\"@type\":\"BreadcrumbList\",\"@id\":\"https:\/\/sxflightcase.com\/tr\/urun\/kapi-menteseleri-tedarikcisi-sta301-2\/#breadcrumb\",\"itemListElement\":[{\"@type\":\"ListItem\",\"position\":1,\"name\":\"Home\",\"item\":\"https:\/\/sxflightcase.com\/\"},{\"@type\":\"ListItem\",\"position\":2,\"name\":\"\u0e2a\u0e34\u0e19\u0e04\u0e49\u0e32\",\"item\":\"https:\/\/sxflightcase.com\/th\/shop\/\"},{\"@type\":\"ListItem\",\"position\":3,\"name\":\"Door Hinges Supplier STA301\"}]},{\"@type\":\"WebSite\",\"@id\":\"https:\/\/sxflightcase.com\/th\/#website\",\"url\":\"https:\/\/sxflightcase.com\/th\/\",\"name\":\"sxpowercase.com\",\"description\":\"Flight Case Factory\",\"publisher\":{\"@id\":\"https:\/\/sxflightcase.com\/th\/#organization\"},\"potentialAction\":[{\"@type\":\"SearchAction\",\"target\":{\"@type\":\"EntryPoint\",\"urlTemplate\":\"https:\/\/sxflightcase.com\/th\/?s={search_term_string}\"},\"query-input\":{\"@type\":\"PropertyValueSpecification\",\"valueRequired\":true,\"valueName\":\"search_term_string\"}}],\"inLanguage\":\"de\"},{\"@type\":\"Organization\",\"@id\":\"https:\/\/sxflightcase.com\/th\/#organization\",\"name\":\"sxpowercase.com\",\"url\":\"https:\/\/sxflightcase.com\/th\/\",\"logo\":{\"@type\":\"ImageObject\",\"inLanguage\":\"de\",\"@id\":\"https:\/\/sxflightcase.com\/th\/#\/schema\/logo\/image\/\",\"url\":\"https:\/\/sxflightcase.com\/wp-content\/uploads\/2024\/04\/1713919036007.jpg\",\"contentUrl\":\"https:\/\/sxflightcase.com\/wp-content\/uploads\/2024\/04\/1713919036007.jpg\",\"width\":382,\"height\":388,\"caption\":\"sxpowercase.com\"},\"image\":{\"@id\":\"https:\/\/sxflightcase.com\/th\/#\/schema\/logo\/image\/\"},\"sameAs\":[\"https:\/\/www.facebook.com\/profile.php?id=61560407257971\"],\"numberOfEmployees\":{\"@type\":\"QuantitativeValue\",\"minValue\":\"11\",\"maxValue\":\"50\"}}]}<\/script>\n<!-- \/ Yoast SEO Premium plugin. -->","yoast_head_json":{"title":"Door Hinges Supplier STA301 - https:\/\/sxflightcase.com \ud83d\udc97","description":"SX, ein f\u00fchrender Anbieter von T\u00fcrscharnieren, bietet Direktpreise, qualitativ hochwertige Produkte und eine gro\u00dfe Auswahl f\u00fcr den privaten und gewerblichen Gebrauch.","robots":{"index":"index","follow":"follow","max-snippet":"max-snippet:-1","max-image-preview":"max-image-preview:large","max-video-preview":"max-video-preview:-1"},"canonical":"https:\/\/sxflightcase.com\/de\/urun\/kapi-menteseleri-tedarikcisi-sta301-2\/","og_locale":"de_DE","og_type":"article","og_title":"Door Hinges Supplier STA301","og_description":"SX, a leading door hinges supplier, offers factory-direct pricing, top-quality products, and a wide selection for residential and commercial use.","og_url":"https:\/\/sxflightcase.com\/de\/urun\/kapi-menteseleri-tedarikcisi-sta301-2\/","og_site_name":"https:\/\/sxflightcase.com","article_publisher":"https:\/\/www.facebook.com\/profile.php?id=61560407257971","article_modified_time":"2024-09-25T06:20:52+00:00","og_image":[{"width":700,"height":700,"url":"https:\/\/sxflightcase.com\/wp-content\/uploads\/2024\/09\/STA301.jpg","type":"image\/jpeg"}],"twitter_card":"summary_large_image","twitter_misc":{"Gesch\u00e4tzte Lesezeit":"3\u00a0Minuten"},"schema":{"@context":"https:\/\/schema.org","@graph":[{"@type":"WebPage","@id":"https:\/\/sxflightcase.com\/tr\/urun\/kapi-menteseleri-tedarikcisi-sta301-2\/","url":"https:\/\/sxflightcase.com\/tr\/urun\/kapi-menteseleri-tedarikcisi-sta301-2\/","name":"Door Hinges Supplier STA301 - https:\/\/sxflightcase.com \ud83d\udc97","isPartOf":{"@id":"https:\/\/sxflightcase.com\/th\/#website"},"primaryImageOfPage":{"@id":"https:\/\/sxflightcase.com\/tr\/urun\/kapi-menteseleri-tedarikcisi-sta301-2\/#primaryimage"},"image":{"@id":"https:\/\/sxflightcase.com\/tr\/urun\/kapi-menteseleri-tedarikcisi-sta301-2\/#primaryimage"},"thumbnailUrl":"https:\/\/sxflightcase.com\/wp-content\/uploads\/2024\/09\/STA301.jpg","datePublished":"2024-09-25T06:20:51+00:00","dateModified":"2024-09-25T06:20:52+00:00","description":"SX, ein f\u00fchrender Anbieter von T\u00fcrscharnieren, bietet Direktpreise, qualitativ hochwertige Produkte und eine gro\u00dfe Auswahl f\u00fcr den privaten und gewerblichen Gebrauch.","breadcrumb":{"@id":"https:\/\/sxflightcase.com\/tr\/urun\/kapi-menteseleri-tedarikcisi-sta301-2\/#breadcrumb"},"inLanguage":"de","potentialAction":[{"@type":"ReadAction","target":["https:\/\/sxflightcase.com\/tr\/urun\/kapi-menteseleri-tedarikcisi-sta301-2\/"]}]},{"@type":"ImageObject","inLanguage":"de","@id":"https:\/\/sxflightcase.com\/tr\/urun\/kapi-menteseleri-tedarikcisi-sta301-2\/#primaryimage","url":"https:\/\/sxflightcase.com\/wp-content\/uploads\/2024\/09\/STA301.jpg","contentUrl":"https:\/\/sxflightcase.com\/wp-content\/uploads\/2024\/09\/STA301.jpg","width":700,"height":700,"caption":"Door Hinges Supplier"},{"@type":"BreadcrumbList","@id":"https:\/\/sxflightcase.com\/tr\/urun\/kapi-menteseleri-tedarikcisi-sta301-2\/#breadcrumb","itemListElement":[{"@type":"ListItem","position":1,"name":"Home","item":"https:\/\/sxflightcase.com\/"},{"@type":"ListItem","position":2,"name":"\u0e2a\u0e34\u0e19\u0e04\u0e49\u0e32","item":"https:\/\/sxflightcase.com\/th\/shop\/"},{"@type":"ListItem","position":3,"name":"Door Hinges Supplier STA301"}]},{"@type":"WebSite","@id":"https:\/\/sxflightcase.com\/th\/#website","url":"https:\/\/sxflightcase.com\/th\/","name":"www.sxpowercase.com","description":"Flight Case Fabrik","publisher":{"@id":"https:\/\/sxflightcase.com\/th\/#organization"},"potentialAction":[{"@type":"SearchAction","target":{"@type":"EntryPoint","urlTemplate":"https:\/\/sxflightcase.com\/th\/?s={search_term_string}"},"query-input":{"@type":"PropertyValueSpecification","valueRequired":true,"valueName":"search_term_string"}}],"inLanguage":"de"},{"@type":"Organization","@id":"https:\/\/sxflightcase.com\/th\/#organization","name":"www.sxpowercase.com","url":"https:\/\/sxflightcase.com\/th\/","logo":{"@type":"ImageObject","inLanguage":"de","@id":"https:\/\/sxflightcase.com\/th\/#\/schema\/logo\/image\/","url":"https:\/\/sxflightcase.com\/wp-content\/uploads\/2024\/04\/1713919036007.jpg","contentUrl":"https:\/\/sxflightcase.com\/wp-content\/uploads\/2024\/04\/1713919036007.jpg","width":382,"height":388,"caption":"sxpowercase.com"},"image":{"@id":"https:\/\/sxflightcase.com\/th\/#\/schema\/logo\/image\/"},"sameAs":["https:\/\/www.facebook.com\/profile.php?id=61560407257971"],"numberOfEmployees":{"@type":"QuantitativeValue","minValue":"11","maxValue":"50"}}]}},"_links":{"self":[{"href":"https:\/\/sxflightcase.com\/de\/wp-json\/wp\/v2\/product\/4550","targetHints":{"allow":["GET"]}}],"collection":[{"href":"https:\/\/sxflightcase.com\/de\/wp-json\/wp\/v2\/product"}],"about":[{"href":"https:\/\/sxflightcase.com\/de\/wp-json\/wp\/v2\/types\/product"}],"replies":[{"embeddable":true,"href":"https:\/\/sxflightcase.com\/de\/wp-json\/wp\/v2\/comments?post=4550"}],"version-history":[{"count":0,"href":"https:\/\/sxflightcase.com\/de\/wp-json\/wp\/v2\/product\/4550\/revisions"}],"wp:featuredmedia":[{"embeddable":true,"href":"https:\/\/sxflightcase.com\/de\/wp-json\/wp\/v2\/media\/4500"}],"wp:attachment":[{"href":"https:\/\/sxflightcase.com\/de\/wp-json\/wp\/v2\/media?parent=4550"}],"wp:term":[{"taxonomy":"product_brand","embeddable":true,"href":"https:\/\/sxflightcase.com\/de\/wp-json\/wp\/v2\/product_brand?post=4550"},{"taxonomy":"product_cat","embeddable":true,"href":"https:\/\/sxflightcase.com\/de\/wp-json\/wp\/v2\/product_cat?post=4550"},{"taxonomy":"product_tag","embeddable":true,"href":"https:\/\/sxflightcase.com\/de\/wp-json\/wp\/v2\/product_tag?post=4550"}],"curies":[{"name":"wp","href":"https:\/\/api.w.org\/{rel}","templated":true}]}}