{"id":4551,"date":"2024-09-25T07:26:27","date_gmt":"2024-09-25T06:26:27","guid":{"rendered":"https:\/\/sxpowercase.com\/?post_type=product&#038;p=4551"},"modified":"2024-09-25T07:26:28","modified_gmt":"2024-09-25T06:26:28","slug":"support-hinges-stb101","status":"publish","type":"product","link":"https:\/\/sxflightcase.com\/de\/produkt\/stutzscharniere-stb101\/","title":{"rendered":"St\u00fctzscharniere STB101"},"content":{"rendered":"<h3>SX: Ihre verl\u00e4ssliche Quelle f\u00fcr <strong>St\u00fctzscharniere<\/strong><\/h3>\n<p>Wir bei SX sind stolz darauf, ein zuverl\u00e4ssiger Anbieter zu sein von <strong>Tragscharniere<\/strong> die Haltbarkeit und Erschwinglichkeit vereinen. Ob f\u00fcr private, gewerbliche oder industrielle Anwendungen, unsere Scharniere sind so konzipiert, dass sie dauerhaften Halt und reibungslose Funktionalit\u00e4t bieten. Mit <strong>Preise direkt ab Werk<\/strong>k\u00f6nnen Sie sicher sein, dass Sie hochwertige Scharniere zum bestm\u00f6glichen Preis erhalten, ohne Kompromisse bei der handwerklichen Qualit\u00e4t oder der Festigkeit einzugehen.<\/p>\n<h3>Hervorragende Qualit\u00e4t zu niedrigen Preisen<\/h3>\n<p><a href=\"https:\/\/sxpowercase.com\/\" target=\"_blank\" rel=\"noopener\" title=\"SX\" data-wpil-monitor-id=\"783\">SX<\/a> versteht die Bedeutung von Qualit\u00e4t, wenn es um die <strong>Tragscharniere<\/strong>. Deshalb stellen wir sicher, dass jedes Produkt nach den h\u00f6chsten Standards gefertigt wird, damit Sie Scharniere erhalten, die den Test der Zeit bestehen. Dank unserer <strong>direkt ab Werk<\/strong> Modell sind wir in der Lage, den Zwischenh\u00e4ndler auszuschalten und diese Einsparungen direkt an Sie weiterzugeben. Sie erhalten hervorragende Produkte zu <strong>wettbewerbsf\u00e4hige Preise<\/strong>mit unserer Qualit\u00e4tsgarantie.<\/p>\n<h3>Breite Palette von Anwendungen<\/h3>\n<p>Unser <strong>Tragscharniere<\/strong> sind vielseitig und eignen sich daher f\u00fcr verschiedene Anwendungen wie Schr\u00e4nke, T\u00fcren oder andere Installationen, die starke und zuverl\u00e4ssige Scharniere erfordern. Das SX-Sortiment umfasst eine Vielzahl von Optionen, die unterschiedlichen Anforderungen gerecht werden und sowohl Funktionalit\u00e4t als auch einfache Installation bieten. Wir stellen sicher, dass jedes Scharnier <strong>Kosteng\u00fcnstig<\/strong> ohne Abstriche bei der Qualit\u00e4t.<\/p>\n<h3>SX-Verpflichtung zu Spitzenleistungen<\/h3>\n<p>Was SX auszeichnet, ist unser Engagement f\u00fcr Erschwinglichkeit und <strong>Qualit\u00e4tssicherung<\/strong>. Unser <strong>Tragscharniere<\/strong> bieten nicht nur zuverl\u00e4ssige Leistung, sondern werden auch durch unser Engagement f\u00fcr hohe Fertigungsstandards unterst\u00fctzt. Bei SX k\u00f6nnen Sie sich darauf verlassen, dass jedes Scharnier, das Sie kaufen, f\u00fcr die Ewigkeit gemacht ist. Unser <strong>direkte Fabrik<\/strong> Die Preisgestaltung gew\u00e4hrleistet, dass Sie das bestm\u00f6gliche Angebot f\u00fcr hochwertige Hardware erhalten.<\/p>\n<h3>Warum SX w\u00e4hlen?<\/h3>\n<p>SX ist Ihre bevorzugte Marke f\u00fcr Hochleistungsprodukte <strong>Tragscharniere<\/strong> die den Geldbeutel nicht sprengen. Wir glauben an die Kombination von Erschwinglichkeit und Qualit\u00e4t und stellen sicher, dass jedes Scharnier f\u00fcr Leistung und Langlebigkeit gebaut ist. Unsere Produkte sind ideal f\u00fcr alle, die nach langlebigen L\u00f6sungen zu <strong>erschwingliche Preise<\/strong>. Wenn Sie sich f\u00fcr SX entscheiden, investieren Sie in Spitzenleistungen.<\/p>\n<h3>Abschluss<\/h3>\n<p>W\u00e4hlen Sie SX f\u00fcr Ihr <strong>Tragscharniere<\/strong> Bed\u00fcrfnisse und erleben Sie das Beste aus beiden Welten: <strong>Qualit\u00e4t und Erschwinglichkeit<\/strong>. Unser Modell der Direktvermarktung und unser Engagement f\u00fcr <strong>h\u00f6chste handwerkliche Qualit\u00e4t<\/strong> machen uns zum bevorzugten Lieferanten f\u00fcr Kunden, die das perfekte Gleichgewicht zwischen Preis und Zuverl\u00e4ssigkeit suchen.<\/p>\n<ol>\n<li>Jetzt kontaktieren:<span style=\"color: #0000ff;\"><a style=\"color: #0000ff;\" href=\"https:\/\/sxpowercase.com\/contact-us\/\">https:\/\/sxpowercase.com\/<\/a><\/span><\/li>\n<li>Hardware-Produktkatalog:<span style=\"color: #0000ff;\"><a style=\"color: #0000ff;\" href=\"https:\/\/sxpowercase.com\/wp-content\/uploads\/2024\/07\/\u4e94\u91d1.pdf\">Hardware-Zubeh\u00f6rkatalog<\/a><\/span><\/li>\n<\/ol>","protected":false},"excerpt":{"rendered":"<h3>Langlebige St\u00fctzscharniere zu erschwinglichen Preisen<\/h3>\n<p>SX bietet qualitativ hochwertige Scharniere, die f\u00fcr eine lange Lebensdauer in privaten, gewerblichen und industriellen Anwendungen ausgelegt sind, und das zu wettbewerbsf\u00e4higen Direktpreisen.<\/p>\n<h3>Vielseitige und kosteneffiziente L\u00f6sungen<\/h3>\n<p>Unsere St\u00fctzscharniere sind vielseitig einsetzbar und einfach zu montieren. Sie eignen sich f\u00fcr Schr\u00e4nke, T\u00fcren und vieles mehr, ohne Kompromisse bei der Haltbarkeit oder den Kosten einzugehen.<\/p>\n<h3>Hervorragende Qualit\u00e4t und Erschwinglichkeit<\/h3>\n<p>SX verbindet Handwerkskunst mit Erschwinglichkeit und stellt sicher, dass jedes Scharnier strenge Qualit\u00e4tsstandards erf\u00fcllt und gleichzeitig das beste Preis-Leistungs-Verh\u00e4ltnis bietet.<\/p>","protected":false},"featured_media":4501,"comment_status":"open","ping_status":"closed","template":"","meta":[],"product_brand":[],"product_cat":[67],"product_tag":[],"class_list":{"0":"post-4551","1":"product","2":"type-product","3":"status-publish","4":"has-post-thumbnail","6":"product_cat-hingesstays","8":"first","9":"instock","10":"shipping-taxable","11":"product-type-simple"},"yoast_head":"<!-- This site is optimized with the Yoast SEO Premium plugin v27.1 (Yoast SEO v27.2) - https:\/\/yoast.com\/product\/yoast-seo-premium-wordpress\/ -->\n<title>Support Hinges STB101 - https:\/\/sxflightcase.com \ud83d\udc97<\/title>\n<meta name=\"description\" content=\"SX offers high-quality support hinges at factory-direct prices. Durable, reliable, and affordable, SX is your trusted source for hinges.\" \/>\n<meta name=\"robots\" content=\"index, follow, max-snippet:-1, max-image-preview:large, max-video-preview:-1\" \/>\n<link rel=\"canonical\" href=\"https:\/\/sxflightcase.com\/de\/\u4ea7\u54c1\/\u652f\u6491\u94f0\u94fe-stb101-2\/\" \/>\n<meta property=\"og:locale\" content=\"de_DE\" \/>\n<meta property=\"og:type\" content=\"article\" \/>\n<meta property=\"og:title\" content=\"Support Hinges STB101\" \/>\n<meta property=\"og:description\" content=\"SX offers high-quality support hinges at factory-direct prices. Durable, reliable, and affordable, SX is your trusted source for hinges.\" \/>\n<meta property=\"og:url\" content=\"https:\/\/sxflightcase.com\/de\/\u4ea7\u54c1\/\u652f\u6491\u94f0\u94fe-stb101-2\/\" \/>\n<meta property=\"og:site_name\" content=\"https:\/\/sxflightcase.com\" \/>\n<meta property=\"article:publisher\" content=\"https:\/\/www.facebook.com\/profile.php?id=61560407257971\" \/>\n<meta property=\"article:modified_time\" content=\"2024-09-25T06:26:28+00:00\" \/>\n<meta property=\"og:image\" content=\"https:\/\/sxflightcase.com\/wp-content\/uploads\/2024\/09\/STB101.jpg\" \/>\n\t<meta property=\"og:image:width\" content=\"700\" \/>\n\t<meta property=\"og:image:height\" content=\"700\" \/>\n\t<meta property=\"og:image:type\" content=\"image\/jpeg\" \/>\n<meta name=\"twitter:card\" content=\"summary_large_image\" \/>\n<meta name=\"twitter:label1\" content=\"Gesch\u00e4tzte Lesezeit\" \/>\n\t<meta name=\"twitter:data1\" content=\"3\u00a0Minuten\" \/>\n<script type=\"application\/ld+json\" class=\"yoast-schema-graph\">{\"@context\":\"https:\/\/schema.org\",\"@graph\":[{\"@type\":\"WebPage\",\"@id\":\"https:\/\/sxflightcase.com\/zh\/\u4ea7\u54c1\/\u652f\u6491\u94f0\u94fe-stb101-2\/\",\"url\":\"https:\/\/sxflightcase.com\/zh\/\u4ea7\u54c1\/\u652f\u6491\u94f0\u94fe-stb101-2\/\",\"name\":\"Support Hinges STB101 - https:\/\/sxflightcase.com \ud83d\udc97\",\"isPartOf\":{\"@id\":\"https:\/\/sxflightcase.com\/th\/#website\"},\"primaryImageOfPage\":{\"@id\":\"https:\/\/sxflightcase.com\/zh\/\u4ea7\u54c1\/\u652f\u6491\u94f0\u94fe-stb101-2\/#primaryimage\"},\"image\":{\"@id\":\"https:\/\/sxflightcase.com\/zh\/\u4ea7\u54c1\/\u652f\u6491\u94f0\u94fe-stb101-2\/#primaryimage\"},\"thumbnailUrl\":\"https:\/\/sxflightcase.com\/wp-content\/uploads\/2024\/09\/STB101.jpg\",\"datePublished\":\"2024-09-25T06:26:27+00:00\",\"dateModified\":\"2024-09-25T06:26:28+00:00\",\"description\":\"SX offers high-quality support hinges at factory-direct prices. Durable, reliable, and affordable, SX is your trusted source for hinges.\",\"breadcrumb\":{\"@id\":\"https:\/\/sxflightcase.com\/zh\/\u4ea7\u54c1\/\u652f\u6491\u94f0\u94fe-stb101-2\/#breadcrumb\"},\"inLanguage\":\"de\",\"potentialAction\":[{\"@type\":\"ReadAction\",\"target\":[\"https:\/\/sxflightcase.com\/zh\/\u4ea7\u54c1\/\u652f\u6491\u94f0\u94fe-stb101-2\/\"]}]},{\"@type\":\"ImageObject\",\"inLanguage\":\"de\",\"@id\":\"https:\/\/sxflightcase.com\/zh\/\u4ea7\u54c1\/\u652f\u6491\u94f0\u94fe-stb101-2\/#primaryimage\",\"url\":\"https:\/\/sxflightcase.com\/wp-content\/uploads\/2024\/09\/STB101.jpg\",\"contentUrl\":\"https:\/\/sxflightcase.com\/wp-content\/uploads\/2024\/09\/STB101.jpg\",\"width\":700,\"height\":700,\"caption\":\"Support Hinges\"},{\"@type\":\"BreadcrumbList\",\"@id\":\"https:\/\/sxflightcase.com\/zh\/\u4ea7\u54c1\/\u652f\u6491\u94f0\u94fe-stb101-2\/#breadcrumb\",\"itemListElement\":[{\"@type\":\"ListItem\",\"position\":1,\"name\":\"Home\",\"item\":\"https:\/\/sxflightcase.com\/\"},{\"@type\":\"ListItem\",\"position\":2,\"name\":\"\u0e2a\u0e34\u0e19\u0e04\u0e49\u0e32\",\"item\":\"https:\/\/sxflightcase.com\/th\/shop\/\"},{\"@type\":\"ListItem\",\"position\":3,\"name\":\"Support Hinges STB101\"}]},{\"@type\":\"WebSite\",\"@id\":\"https:\/\/sxflightcase.com\/th\/#website\",\"url\":\"https:\/\/sxflightcase.com\/th\/\",\"name\":\"sxpowercase.com\",\"description\":\"Flight Case Factory\",\"publisher\":{\"@id\":\"https:\/\/sxflightcase.com\/th\/#organization\"},\"potentialAction\":[{\"@type\":\"SearchAction\",\"target\":{\"@type\":\"EntryPoint\",\"urlTemplate\":\"https:\/\/sxflightcase.com\/th\/?s={search_term_string}\"},\"query-input\":{\"@type\":\"PropertyValueSpecification\",\"valueRequired\":true,\"valueName\":\"search_term_string\"}}],\"inLanguage\":\"de\"},{\"@type\":\"Organization\",\"@id\":\"https:\/\/sxflightcase.com\/th\/#organization\",\"name\":\"sxpowercase.com\",\"url\":\"https:\/\/sxflightcase.com\/th\/\",\"logo\":{\"@type\":\"ImageObject\",\"inLanguage\":\"de\",\"@id\":\"https:\/\/sxflightcase.com\/th\/#\/schema\/logo\/image\/\",\"url\":\"https:\/\/sxflightcase.com\/wp-content\/uploads\/2024\/04\/1713919036007.jpg\",\"contentUrl\":\"https:\/\/sxflightcase.com\/wp-content\/uploads\/2024\/04\/1713919036007.jpg\",\"width\":382,\"height\":388,\"caption\":\"sxpowercase.com\"},\"image\":{\"@id\":\"https:\/\/sxflightcase.com\/th\/#\/schema\/logo\/image\/\"},\"sameAs\":[\"https:\/\/www.facebook.com\/profile.php?id=61560407257971\"],\"numberOfEmployees\":{\"@type\":\"QuantitativeValue\",\"minValue\":\"11\",\"maxValue\":\"50\"}}]}<\/script>\n<!-- \/ Yoast SEO Premium plugin. -->","yoast_head_json":{"title":"Support Hinges STB101 - https:\/\/sxflightcase.com \ud83d\udc97","description":"SX bietet qualitativ hochwertige St\u00fctzscharniere zu Direktpreisen. Langlebig, zuverl\u00e4ssig und erschwinglich - SX ist Ihre vertrauensw\u00fcrdige Quelle f\u00fcr Scharniere.","robots":{"index":"index","follow":"follow","max-snippet":"max-snippet:-1","max-image-preview":"max-image-preview:large","max-video-preview":"max-video-preview:-1"},"canonical":"https:\/\/sxflightcase.com\/de\/\u4ea7\u54c1\/\u652f\u6491\u94f0\u94fe-stb101-2\/","og_locale":"de_DE","og_type":"article","og_title":"Support Hinges STB101","og_description":"SX offers high-quality support hinges at factory-direct prices. Durable, reliable, and affordable, SX is your trusted source for hinges.","og_url":"https:\/\/sxflightcase.com\/de\/\u4ea7\u54c1\/\u652f\u6491\u94f0\u94fe-stb101-2\/","og_site_name":"https:\/\/sxflightcase.com","article_publisher":"https:\/\/www.facebook.com\/profile.php?id=61560407257971","article_modified_time":"2024-09-25T06:26:28+00:00","og_image":[{"width":700,"height":700,"url":"https:\/\/sxflightcase.com\/wp-content\/uploads\/2024\/09\/STB101.jpg","type":"image\/jpeg"}],"twitter_card":"summary_large_image","twitter_misc":{"Gesch\u00e4tzte Lesezeit":"3\u00a0Minuten"},"schema":{"@context":"https:\/\/schema.org","@graph":[{"@type":"WebPage","@id":"https:\/\/sxflightcase.com\/zh\/\u4ea7\u54c1\/\u652f\u6491\u94f0\u94fe-stb101-2\/","url":"https:\/\/sxflightcase.com\/zh\/\u4ea7\u54c1\/\u652f\u6491\u94f0\u94fe-stb101-2\/","name":"Support Hinges STB101 - https:\/\/sxflightcase.com \ud83d\udc97","isPartOf":{"@id":"https:\/\/sxflightcase.com\/th\/#website"},"primaryImageOfPage":{"@id":"https:\/\/sxflightcase.com\/zh\/\u4ea7\u54c1\/\u652f\u6491\u94f0\u94fe-stb101-2\/#primaryimage"},"image":{"@id":"https:\/\/sxflightcase.com\/zh\/\u4ea7\u54c1\/\u652f\u6491\u94f0\u94fe-stb101-2\/#primaryimage"},"thumbnailUrl":"https:\/\/sxflightcase.com\/wp-content\/uploads\/2024\/09\/STB101.jpg","datePublished":"2024-09-25T06:26:27+00:00","dateModified":"2024-09-25T06:26:28+00:00","description":"SX bietet qualitativ hochwertige St\u00fctzscharniere zu Direktpreisen. Langlebig, zuverl\u00e4ssig und erschwinglich - SX ist Ihre vertrauensw\u00fcrdige Quelle f\u00fcr Scharniere.","breadcrumb":{"@id":"https:\/\/sxflightcase.com\/zh\/\u4ea7\u54c1\/\u652f\u6491\u94f0\u94fe-stb101-2\/#breadcrumb"},"inLanguage":"de","potentialAction":[{"@type":"ReadAction","target":["https:\/\/sxflightcase.com\/zh\/\u4ea7\u54c1\/\u652f\u6491\u94f0\u94fe-stb101-2\/"]}]},{"@type":"ImageObject","inLanguage":"de","@id":"https:\/\/sxflightcase.com\/zh\/\u4ea7\u54c1\/\u652f\u6491\u94f0\u94fe-stb101-2\/#primaryimage","url":"https:\/\/sxflightcase.com\/wp-content\/uploads\/2024\/09\/STB101.jpg","contentUrl":"https:\/\/sxflightcase.com\/wp-content\/uploads\/2024\/09\/STB101.jpg","width":700,"height":700,"caption":"Support Hinges"},{"@type":"BreadcrumbList","@id":"https:\/\/sxflightcase.com\/zh\/\u4ea7\u54c1\/\u652f\u6491\u94f0\u94fe-stb101-2\/#breadcrumb","itemListElement":[{"@type":"ListItem","position":1,"name":"Home","item":"https:\/\/sxflightcase.com\/"},{"@type":"ListItem","position":2,"name":"\u0e2a\u0e34\u0e19\u0e04\u0e49\u0e32","item":"https:\/\/sxflightcase.com\/th\/shop\/"},{"@type":"ListItem","position":3,"name":"Support Hinges STB101"}]},{"@type":"WebSite","@id":"https:\/\/sxflightcase.com\/th\/#website","url":"https:\/\/sxflightcase.com\/th\/","name":"www.sxpowercase.com","description":"Flight Case Fabrik","publisher":{"@id":"https:\/\/sxflightcase.com\/th\/#organization"},"potentialAction":[{"@type":"SearchAction","target":{"@type":"EntryPoint","urlTemplate":"https:\/\/sxflightcase.com\/th\/?s={search_term_string}"},"query-input":{"@type":"PropertyValueSpecification","valueRequired":true,"valueName":"search_term_string"}}],"inLanguage":"de"},{"@type":"Organization","@id":"https:\/\/sxflightcase.com\/th\/#organization","name":"www.sxpowercase.com","url":"https:\/\/sxflightcase.com\/th\/","logo":{"@type":"ImageObject","inLanguage":"de","@id":"https:\/\/sxflightcase.com\/th\/#\/schema\/logo\/image\/","url":"https:\/\/sxflightcase.com\/wp-content\/uploads\/2024\/04\/1713919036007.jpg","contentUrl":"https:\/\/sxflightcase.com\/wp-content\/uploads\/2024\/04\/1713919036007.jpg","width":382,"height":388,"caption":"sxpowercase.com"},"image":{"@id":"https:\/\/sxflightcase.com\/th\/#\/schema\/logo\/image\/"},"sameAs":["https:\/\/www.facebook.com\/profile.php?id=61560407257971"],"numberOfEmployees":{"@type":"QuantitativeValue","minValue":"11","maxValue":"50"}}]}},"_links":{"self":[{"href":"https:\/\/sxflightcase.com\/de\/wp-json\/wp\/v2\/product\/4551","targetHints":{"allow":["GET"]}}],"collection":[{"href":"https:\/\/sxflightcase.com\/de\/wp-json\/wp\/v2\/product"}],"about":[{"href":"https:\/\/sxflightcase.com\/de\/wp-json\/wp\/v2\/types\/product"}],"replies":[{"embeddable":true,"href":"https:\/\/sxflightcase.com\/de\/wp-json\/wp\/v2\/comments?post=4551"}],"version-history":[{"count":0,"href":"https:\/\/sxflightcase.com\/de\/wp-json\/wp\/v2\/product\/4551\/revisions"}],"wp:featuredmedia":[{"embeddable":true,"href":"https:\/\/sxflightcase.com\/de\/wp-json\/wp\/v2\/media\/4501"}],"wp:attachment":[{"href":"https:\/\/sxflightcase.com\/de\/wp-json\/wp\/v2\/media?parent=4551"}],"wp:term":[{"taxonomy":"product_brand","embeddable":true,"href":"https:\/\/sxflightcase.com\/de\/wp-json\/wp\/v2\/product_brand?post=4551"},{"taxonomy":"product_cat","embeddable":true,"href":"https:\/\/sxflightcase.com\/de\/wp-json\/wp\/v2\/product_cat?post=4551"},{"taxonomy":"product_tag","embeddable":true,"href":"https:\/\/sxflightcase.com\/de\/wp-json\/wp\/v2\/product_tag?post=4551"}],"curies":[{"name":"wp","href":"https:\/\/api.w.org\/{rel}","templated":true}]}}