{"id":4561,"date":"2024-09-26T07:09:29","date_gmt":"2024-09-26T06:09:29","guid":{"rendered":"https:\/\/sxpowercase.com\/?post_type=product&#038;p=4561"},"modified":"2024-09-26T07:09:31","modified_gmt":"2024-09-26T06:09:31","slug":"flight-case-support-hinges-stc201","status":"publish","type":"product","link":"https:\/\/sxflightcase.com\/de\/produkt\/flightcase-stutzscharniere-stc201\/","title":{"rendered":"Flightcase-St\u00fctzscharniere STC201"},"content":{"rendered":"<h3>SX: Pr\u00e4mie <strong>Flightcase-St\u00fctzscharniere<\/strong> f\u00fcr dauerhaften Schutz<\/h3>\n<p>Auf der Suche nach hoher Qualit\u00e4t <a href=\"https:\/\/sxpowercase.com\/product\/support-hinge-kits-stc102\/\"><strong>Flightcase-St\u00fctzscharniere<\/strong><\/a> um sicherzustellen, dass Ihre Ausr\u00fcstung w\u00e4hrend des Transports sicher bleibt? SX bietet erstklassige St\u00fctzscharniere mit einem Schwerpunkt auf <strong>Preise direkt ab Werk<\/strong>Wenn Sie sich f\u00fcr SX entscheiden, profitieren Sie ohne zus\u00e4tzliche Kosten von langlebigen, zuverl\u00e4ssigen Produkten und gew\u00e4hrleisten so maximalen Schutz f\u00fcr Ihre Flightcases.<\/p>\n<h3>Entwickelt f\u00fcr St\u00e4rke und Pr\u00e4zision<\/h3>\n<p>SXs <strong>Flightcase-St\u00fctzscharniere<\/strong> sind konzipiert mit <strong>Qualit\u00e4t<\/strong> und Langlebigkeit im Sinn. Gebaut aus <strong>Hochwertige Materialien<\/strong>bieten sie die n\u00f6tige St\u00e4rke, um schwere Lasten zu tragen und h\u00e4ufigem Gebrauch standzuhalten. Unsere <strong>Fabrik-Direkt-Ansatz<\/strong> garantiert Ihnen den besten Preis bei Einhaltung h\u00f6chster Qualit\u00e4tsstandards und ist damit die intelligente Wahl f\u00fcr Profis auf der Suche nach <strong>erschwingliche und dennoch zuverl\u00e4ssige Hardware<\/strong>.<\/p>\n<h3>Perfekt f\u00fcr individuell angefertigte Flightcases<\/h3>\n<p>Ob Sie Flightcases bauen f\u00fcr <strong>Audio-Ausr\u00fcstung<\/strong>, Beleuchtung oder empfindliche Instrumente, unsere <strong>Flightcase-St\u00fctzscharniere<\/strong> bieten die <strong>Vielseitigkeit<\/strong> Sie brauchen. Diese Scharniere sorgen f\u00fcr ein reibungsloses \u00d6ffnen Ihrer Koffer und bieten hervorragende <strong>Unterst\u00fctzung<\/strong> wenn sie im Einsatz sind. Sie sind einfach zu installieren und \u00e4u\u00dferst langlebig und eignen sich perfekt zum Schutz wertvoller Ausr\u00fcstung. Und da <a href=\"https:\/\/sxpowercase.com\/\" target=\"_blank\" rel=\"noopener\" title=\"SX\" data-wpil-monitor-id=\"787\">SX<\/a> liefert <strong>direkt ab Werk<\/strong>erhalten Sie <strong>Produkte der Premiumklasse<\/strong> zu einem Bruchteil der Kosten.<\/p>\n<h3>Qualit\u00e4t, der Sie vertrauen k\u00f6nnen<\/h3>\n<p>Bei SX verstehen wir, dass <strong>Qualit\u00e4tssicherung<\/strong> ist entscheidend, wenn es um den Schutz teurer Ger\u00e4te geht. Unsere <strong>Flightcase-St\u00fctzscharniere<\/strong> unterliegen strengen Qualit\u00e4tskontrollprozessen, die sicherstellen, dass sie auch unter h\u00e4rtesten Bedingungen funktionieren. SX steht hinter jedem Produkt und bietet h\u00f6chste Zuverl\u00e4ssigkeit bei <strong>niedrige Preise<\/strong>Diese Kombination aus <strong>Qualit\u00e4t und Erschwinglichkeit<\/strong> Deshalb bleibt SX f\u00fcr Fachleute aus den verschiedensten Branchen eine vertrauensw\u00fcrdige Wahl.<\/p>\n<h3>Warum SX w\u00e4hlen?<\/h3>\n<p>SXs <strong>\u00a0St\u00fctzscharniere<\/strong> bieten eine perfekte Kombination aus St\u00e4rke, einfacher Installation und <strong>Ersparnisse direkt ab Werk<\/strong>Unser Engagement f\u00fcr <strong>Qualit\u00e4t<\/strong> sorgt daf\u00fcr, dass Ihre Flightcases zuverl\u00e4ssig funktionieren und Ihr wertvolles Equipment w\u00e4hrend des Transports gesch\u00fctzt ist. Mit SX m\u00fcssen Sie keine Kompromisse eingehen bei <strong>Qualit\u00e4t<\/strong> oder Preis \u2013 unser Direktab-Werk-Prozess garantiert, dass Sie das Beste aus beiden Welten bekommen.<\/p>\n<h3>Abschluss<\/h3>\n<p>SXs <strong>\u00a0St\u00fctzscharniere<\/strong> sind die L\u00f6sung f\u00fcr Profis, die ihre Flightcases sichern und sch\u00fctzen m\u00f6chten. Mit <strong>Preise direkt ab Fabrik<\/strong> Und <strong>Qualit\u00e4t, der Sie vertrauen k\u00f6nnen<\/strong>, SX sorgt daf\u00fcr, dass Sie die beste <strong>Wert<\/strong> f\u00fcr Ihre Investition.<\/p>\n<ol>\n<li>Jetzt kontaktieren:<span style=\"color: #0000ff;\"><a style=\"color: #0000ff;\" href=\"https:\/\/sxpowercase.com\/contact-us\/\">https:\/\/sxpowercase.com\/<\/a><\/span><\/li>\n<li>Hardware-Produktkatalog:<span style=\"color: #0000ff;\"><a style=\"color: #0000ff;\" href=\"https:\/\/sxpowercase.com\/wp-content\/uploads\/2024\/07\/\u4e94\u91d1.pdf\">Hardware-Zubeh\u00f6rkatalog<\/a><\/span><\/li>\n<\/ol>","protected":false},"excerpt":{"rendered":"<h3>Premium Flightcase-St\u00fctzscharniere<\/h3>\n<p>SX bietet langlebige und hochwertige St\u00fctzscharniere f\u00fcr Flightcases an, die maximalen Schutz beim Transport gew\u00e4hrleisten \u2013 und das zu Fabrikpreisen.<\/p>\n<h3>St\u00e4rke und Zuverl\u00e4ssigkeit<\/h3>\n<p>SX Flight Case-St\u00fctzscharniere werden aus hochwertigen Materialien hergestellt und sind auf St\u00e4rke, Langlebigkeit und reibungslose Funktion ausgelegt \u2013 perfekt f\u00fcr Hochleistungsanwendungen.<\/p>\n<h3>Erschwingliche, einfach zu installierende Scharniere<\/h3>\n<p>Unsere Scharniere sind vielseitig, einfach zu installieren und f\u00fcr ma\u00dfgeschneiderte Koffer konzipiert. Sie bieten erstklassigen Schutz zu einem Bruchteil der Kosten.<\/p>","protected":false},"featured_media":4505,"comment_status":"open","ping_status":"closed","template":"","meta":[],"product_brand":[],"product_cat":[67],"product_tag":[],"class_list":{"0":"post-4561","1":"product","2":"type-product","3":"status-publish","4":"has-post-thumbnail","6":"product_cat-hingesstays","8":"first","9":"instock","10":"shipping-taxable","11":"product-type-simple"},"yoast_head":"<!-- This site is optimized with the Yoast SEO Premium plugin v27.1 (Yoast SEO v27.2) - https:\/\/yoast.com\/product\/yoast-seo-premium-wordpress\/ -->\n<title>Flight Case Support Hinges STC201 - https:\/\/sxflightcase.com \ud83d\udc97<\/title>\n<meta name=\"description\" content=\"Discover SX\u2019s high-quality, affordable Flight Case Support Hinges. Factory-direct pricing ensures durability and reliability at the best price.\" \/>\n<meta name=\"robots\" content=\"index, follow, max-snippet:-1, max-image-preview:large, max-video-preview:-1\" \/>\n<link rel=\"canonical\" href=\"https:\/\/sxflightcase.com\/de\/produkt\/flightcase-stutzscharniere-stc201\/\" \/>\n<meta property=\"og:locale\" content=\"de_DE\" \/>\n<meta property=\"og:type\" content=\"article\" \/>\n<meta property=\"og:title\" content=\"Flight Case Support Hinges STC201\" \/>\n<meta property=\"og:description\" content=\"Discover SX\u2019s high-quality, affordable Flight Case Support Hinges. Factory-direct pricing ensures durability and reliability at the best price.\" \/>\n<meta property=\"og:url\" content=\"https:\/\/sxflightcase.com\/de\/produkt\/flightcase-stutzscharniere-stc201\/\" \/>\n<meta property=\"og:site_name\" content=\"https:\/\/sxflightcase.com\" \/>\n<meta property=\"article:publisher\" content=\"https:\/\/www.facebook.com\/profile.php?id=61560407257971\" \/>\n<meta property=\"article:modified_time\" content=\"2024-09-26T06:09:31+00:00\" \/>\n<meta property=\"og:image\" content=\"https:\/\/sxflightcase.com\/wp-content\/uploads\/2024\/09\/STC201.jpg\" \/>\n\t<meta property=\"og:image:width\" content=\"700\" \/>\n\t<meta property=\"og:image:height\" content=\"700\" \/>\n\t<meta property=\"og:image:type\" content=\"image\/jpeg\" \/>\n<meta name=\"twitter:card\" content=\"summary_large_image\" \/>\n<meta name=\"twitter:label1\" content=\"Gesch\u00e4tzte Lesezeit\" \/>\n\t<meta name=\"twitter:data1\" content=\"3\u00a0Minuten\" \/>\n<script type=\"application\/ld+json\" class=\"yoast-schema-graph\">{\"@context\":\"https:\/\/schema.org\",\"@graph\":[{\"@type\":\"WebPage\",\"@id\":\"https:\/\/sxflightcase.com\/product\/flight-case-support-hinges-stc201\/\",\"url\":\"https:\/\/sxflightcase.com\/product\/flight-case-support-hinges-stc201\/\",\"name\":\"Flight Case Support Hinges STC201 - https:\/\/sxflightcase.com \ud83d\udc97\",\"isPartOf\":{\"@id\":\"https:\/\/sxflightcase.com\/th\/#website\"},\"primaryImageOfPage\":{\"@id\":\"https:\/\/sxflightcase.com\/product\/flight-case-support-hinges-stc201\/#primaryimage\"},\"image\":{\"@id\":\"https:\/\/sxflightcase.com\/product\/flight-case-support-hinges-stc201\/#primaryimage\"},\"thumbnailUrl\":\"https:\/\/sxflightcase.com\/wp-content\/uploads\/2024\/09\/STC201.jpg\",\"datePublished\":\"2024-09-26T06:09:29+00:00\",\"dateModified\":\"2024-09-26T06:09:31+00:00\",\"description\":\"Discover SX\u2019s high-quality, affordable Flight Case Support Hinges. Factory-direct pricing ensures durability and reliability at the best price.\",\"breadcrumb\":{\"@id\":\"https:\/\/sxflightcase.com\/product\/flight-case-support-hinges-stc201\/#breadcrumb\"},\"inLanguage\":\"de\",\"potentialAction\":[{\"@type\":\"ReadAction\",\"target\":[\"https:\/\/sxflightcase.com\/product\/flight-case-support-hinges-stc201\/\"]}]},{\"@type\":\"ImageObject\",\"inLanguage\":\"de\",\"@id\":\"https:\/\/sxflightcase.com\/product\/flight-case-support-hinges-stc201\/#primaryimage\",\"url\":\"https:\/\/sxflightcase.com\/wp-content\/uploads\/2024\/09\/STC201.jpg\",\"contentUrl\":\"https:\/\/sxflightcase.com\/wp-content\/uploads\/2024\/09\/STC201.jpg\",\"width\":700,\"height\":700,\"caption\":\"Flight Case Support Hinges\"},{\"@type\":\"BreadcrumbList\",\"@id\":\"https:\/\/sxflightcase.com\/product\/flight-case-support-hinges-stc201\/#breadcrumb\",\"itemListElement\":[{\"@type\":\"ListItem\",\"position\":1,\"name\":\"Home\",\"item\":\"https:\/\/sxflightcase.com\/\"},{\"@type\":\"ListItem\",\"position\":2,\"name\":\"\u0e2a\u0e34\u0e19\u0e04\u0e49\u0e32\",\"item\":\"https:\/\/sxflightcase.com\/th\/shop\/\"},{\"@type\":\"ListItem\",\"position\":3,\"name\":\"Flight Case Support Hinges STC201\"}]},{\"@type\":\"WebSite\",\"@id\":\"https:\/\/sxflightcase.com\/th\/#website\",\"url\":\"https:\/\/sxflightcase.com\/th\/\",\"name\":\"sxpowercase.com\",\"description\":\"Flight Case Factory\",\"publisher\":{\"@id\":\"https:\/\/sxflightcase.com\/th\/#organization\"},\"potentialAction\":[{\"@type\":\"SearchAction\",\"target\":{\"@type\":\"EntryPoint\",\"urlTemplate\":\"https:\/\/sxflightcase.com\/th\/?s={search_term_string}\"},\"query-input\":{\"@type\":\"PropertyValueSpecification\",\"valueRequired\":true,\"valueName\":\"search_term_string\"}}],\"inLanguage\":\"de\"},{\"@type\":\"Organization\",\"@id\":\"https:\/\/sxflightcase.com\/th\/#organization\",\"name\":\"sxpowercase.com\",\"url\":\"https:\/\/sxflightcase.com\/th\/\",\"logo\":{\"@type\":\"ImageObject\",\"inLanguage\":\"de\",\"@id\":\"https:\/\/sxflightcase.com\/th\/#\/schema\/logo\/image\/\",\"url\":\"https:\/\/sxflightcase.com\/wp-content\/uploads\/2024\/04\/1713919036007.jpg\",\"contentUrl\":\"https:\/\/sxflightcase.com\/wp-content\/uploads\/2024\/04\/1713919036007.jpg\",\"width\":382,\"height\":388,\"caption\":\"sxpowercase.com\"},\"image\":{\"@id\":\"https:\/\/sxflightcase.com\/th\/#\/schema\/logo\/image\/\"},\"sameAs\":[\"https:\/\/www.facebook.com\/profile.php?id=61560407257971\"],\"numberOfEmployees\":{\"@type\":\"QuantitativeValue\",\"minValue\":\"11\",\"maxValue\":\"50\"}}]}<\/script>\n<!-- \/ Yoast SEO Premium plugin. -->","yoast_head_json":{"title":"Flight Case Support Hinges STC201 - https:\/\/sxflightcase.com \ud83d\udc97","description":"Entdecken Sie die hochwertigen und preisg\u00fcnstigen Flightcase-St\u00fctzscharniere von SX. Die Direktpreise ab Werk gew\u00e4hrleisten Haltbarkeit und Zuverl\u00e4ssigkeit zum besten Preis.","robots":{"index":"index","follow":"follow","max-snippet":"max-snippet:-1","max-image-preview":"max-image-preview:large","max-video-preview":"max-video-preview:-1"},"canonical":"https:\/\/sxflightcase.com\/de\/produkt\/flightcase-stutzscharniere-stc201\/","og_locale":"de_DE","og_type":"article","og_title":"Flight Case Support Hinges STC201","og_description":"Discover SX\u2019s high-quality, affordable Flight Case Support Hinges. Factory-direct pricing ensures durability and reliability at the best price.","og_url":"https:\/\/sxflightcase.com\/de\/produkt\/flightcase-stutzscharniere-stc201\/","og_site_name":"https:\/\/sxflightcase.com","article_publisher":"https:\/\/www.facebook.com\/profile.php?id=61560407257971","article_modified_time":"2024-09-26T06:09:31+00:00","og_image":[{"width":700,"height":700,"url":"https:\/\/sxflightcase.com\/wp-content\/uploads\/2024\/09\/STC201.jpg","type":"image\/jpeg"}],"twitter_card":"summary_large_image","twitter_misc":{"Gesch\u00e4tzte Lesezeit":"3\u00a0Minuten"},"schema":{"@context":"https:\/\/schema.org","@graph":[{"@type":"WebPage","@id":"https:\/\/sxflightcase.com\/product\/flight-case-support-hinges-stc201\/","url":"https:\/\/sxflightcase.com\/product\/flight-case-support-hinges-stc201\/","name":"Flight Case Support Hinges STC201 - https:\/\/sxflightcase.com \ud83d\udc97","isPartOf":{"@id":"https:\/\/sxflightcase.com\/th\/#website"},"primaryImageOfPage":{"@id":"https:\/\/sxflightcase.com\/product\/flight-case-support-hinges-stc201\/#primaryimage"},"image":{"@id":"https:\/\/sxflightcase.com\/product\/flight-case-support-hinges-stc201\/#primaryimage"},"thumbnailUrl":"https:\/\/sxflightcase.com\/wp-content\/uploads\/2024\/09\/STC201.jpg","datePublished":"2024-09-26T06:09:29+00:00","dateModified":"2024-09-26T06:09:31+00:00","description":"Entdecken Sie die hochwertigen und preisg\u00fcnstigen Flightcase-St\u00fctzscharniere von SX. Die Direktpreise ab Werk gew\u00e4hrleisten Haltbarkeit und Zuverl\u00e4ssigkeit zum besten Preis.","breadcrumb":{"@id":"https:\/\/sxflightcase.com\/product\/flight-case-support-hinges-stc201\/#breadcrumb"},"inLanguage":"de","potentialAction":[{"@type":"ReadAction","target":["https:\/\/sxflightcase.com\/product\/flight-case-support-hinges-stc201\/"]}]},{"@type":"ImageObject","inLanguage":"de","@id":"https:\/\/sxflightcase.com\/product\/flight-case-support-hinges-stc201\/#primaryimage","url":"https:\/\/sxflightcase.com\/wp-content\/uploads\/2024\/09\/STC201.jpg","contentUrl":"https:\/\/sxflightcase.com\/wp-content\/uploads\/2024\/09\/STC201.jpg","width":700,"height":700,"caption":"Flight Case Support Hinges"},{"@type":"BreadcrumbList","@id":"https:\/\/sxflightcase.com\/product\/flight-case-support-hinges-stc201\/#breadcrumb","itemListElement":[{"@type":"ListItem","position":1,"name":"Home","item":"https:\/\/sxflightcase.com\/"},{"@type":"ListItem","position":2,"name":"\u0e2a\u0e34\u0e19\u0e04\u0e49\u0e32","item":"https:\/\/sxflightcase.com\/th\/shop\/"},{"@type":"ListItem","position":3,"name":"Flight Case Support Hinges STC201"}]},{"@type":"WebSite","@id":"https:\/\/sxflightcase.com\/th\/#website","url":"https:\/\/sxflightcase.com\/th\/","name":"www.sxpowercase.com","description":"Flight Case Fabrik","publisher":{"@id":"https:\/\/sxflightcase.com\/th\/#organization"},"potentialAction":[{"@type":"SearchAction","target":{"@type":"EntryPoint","urlTemplate":"https:\/\/sxflightcase.com\/th\/?s={search_term_string}"},"query-input":{"@type":"PropertyValueSpecification","valueRequired":true,"valueName":"search_term_string"}}],"inLanguage":"de"},{"@type":"Organization","@id":"https:\/\/sxflightcase.com\/th\/#organization","name":"www.sxpowercase.com","url":"https:\/\/sxflightcase.com\/th\/","logo":{"@type":"ImageObject","inLanguage":"de","@id":"https:\/\/sxflightcase.com\/th\/#\/schema\/logo\/image\/","url":"https:\/\/sxflightcase.com\/wp-content\/uploads\/2024\/04\/1713919036007.jpg","contentUrl":"https:\/\/sxflightcase.com\/wp-content\/uploads\/2024\/04\/1713919036007.jpg","width":382,"height":388,"caption":"sxpowercase.com"},"image":{"@id":"https:\/\/sxflightcase.com\/th\/#\/schema\/logo\/image\/"},"sameAs":["https:\/\/www.facebook.com\/profile.php?id=61560407257971"],"numberOfEmployees":{"@type":"QuantitativeValue","minValue":"11","maxValue":"50"}}]}},"_links":{"self":[{"href":"https:\/\/sxflightcase.com\/de\/wp-json\/wp\/v2\/product\/4561","targetHints":{"allow":["GET"]}}],"collection":[{"href":"https:\/\/sxflightcase.com\/de\/wp-json\/wp\/v2\/product"}],"about":[{"href":"https:\/\/sxflightcase.com\/de\/wp-json\/wp\/v2\/types\/product"}],"replies":[{"embeddable":true,"href":"https:\/\/sxflightcase.com\/de\/wp-json\/wp\/v2\/comments?post=4561"}],"version-history":[{"count":0,"href":"https:\/\/sxflightcase.com\/de\/wp-json\/wp\/v2\/product\/4561\/revisions"}],"wp:featuredmedia":[{"embeddable":true,"href":"https:\/\/sxflightcase.com\/de\/wp-json\/wp\/v2\/media\/4505"}],"wp:attachment":[{"href":"https:\/\/sxflightcase.com\/de\/wp-json\/wp\/v2\/media?parent=4561"}],"wp:term":[{"taxonomy":"product_brand","embeddable":true,"href":"https:\/\/sxflightcase.com\/de\/wp-json\/wp\/v2\/product_brand?post=4561"},{"taxonomy":"product_cat","embeddable":true,"href":"https:\/\/sxflightcase.com\/de\/wp-json\/wp\/v2\/product_cat?post=4561"},{"taxonomy":"product_tag","embeddable":true,"href":"https:\/\/sxflightcase.com\/de\/wp-json\/wp\/v2\/product_tag?post=4561"}],"curies":[{"name":"wp","href":"https:\/\/api.w.org\/{rel}","templated":true}]}}