{"id":1058,"date":"2024-05-06T04:04:43","date_gmt":"2024-05-06T03:04:43","guid":{"rendered":"https:\/\/sxpowercase.com\/?post_type=product&#038;p=1058"},"modified":"2025-02-17T22:56:11","modified_gmt":"2025-02-18T06:56:11","slug":"amp-flight-case-8u-10u-12u","status":"publish","type":"product","link":"https:\/\/sxflightcase.com\/es\/producto\/amplificador-flight-case-8u-10u-12u-2\/","title":{"rendered":"Personalizar Flight Case 8u 10u 12u"},"content":{"rendered":"<h2 data-start=\"118\" data-end=\"181\">Mejore la protecci\u00f3n de su equipo con la maleta de vuelo personalizada de SX<\/h2>\n<h3 data-start=\"183\" data-end=\"231\"><strong data-start=\"187\" data-end=\"231\">Protecci\u00f3n inigualable para sus amplificadores<\/strong><\/h3>\n<p data-start=\"233\" data-end=\"563\">Cuando se trata de transportar su valioso <strong data-start=\"277\" data-end=\"291\">amplificadores<\/strong>garantizar su seguridad es crucial. SX <a href=\"https:\/\/sxpowercase.com\/product\/stage-lighting-flight-case\/\"><strong data-start=\"332\" data-end=\"358\">personalizar flight cases<\/strong><\/a> ofrecen la m\u00e1xima protecci\u00f3n, fabricadas con precisi\u00f3n y atenci\u00f3n al detalle. Tanto si te diriges a un concierto, una gira o un estudio, estas flight cases est\u00e1n dise\u00f1adas para mantener tu equipo seguro y sin da\u00f1os.<\/p>\n<h3 data-start=\"565\" data-end=\"612\"><strong data-start=\"569\" data-end=\"612\">\u00bfPor qu\u00e9 elegir SX's Customize Flight Cases?<\/strong><\/h3>\n<p data-start=\"614\" data-end=\"1059\">En SX, entendemos que cada amplificador merece la mejor protecci\u00f3n. Nuestro <strong data-start=\"690\" data-end=\"716\">personalizar <a href=\"https:\/\/sxpowercase.com\/product\/mixer-case-rack\/\">Estuches de vuelo<\/a><\/strong> est\u00e1n dise\u00f1ados pensando en la durabilidad y la funcionalidad. Con <strong data-start=\"778\" data-end=\"810\">espuma antichoque de alta densidad<\/strong> y resistente <strong data-start=\"822\" data-end=\"840\">marco de aluminio<\/strong> nuestras cajas protegen sus amplificadores de golpes, vibraciones y manipulaciones bruscas. Tanto si utiliza un <strong data-start=\"959\" data-end=\"972\">amplificador combo<\/strong> o <strong data-start=\"976\" data-end=\"997\">engranaje de cremallera<\/strong>nos aseguramos de que su equipo permanezca intacto durante el transporte.<\/p>\n<h3 data-start=\"1061\" data-end=\"1106\"><strong data-start=\"1065\" data-end=\"1106\">Soluciones personalizadas adaptadas a su amplificador<\/strong><\/h3>\n<p data-start=\"1108\" data-end=\"1498\">No hay dos amplificadores iguales, y por eso <strong data-start=\"1155\" data-end=\"1161\">SX<\/strong> se especializa en <strong data-start=\"1177\" data-end=\"1203\">personalizar flight cases<\/strong>. Nuestro equipo de dise\u00f1o trabaja estrechamente con usted para desarrollar una carcasa que se adapte a las dimensiones de su amplificador, garantizando un ajuste ce\u00f1ido y seguro. Ofrecemos personalizaci\u00f3n en t\u00e9rminos de <strong data-start=\"1368\" data-end=\"1376\">talla<\/strong>, <strong data-start=\"1378\" data-end=\"1391\">materiales<\/strong>, <strong data-start=\"1393\" data-end=\"1418\">dise\u00f1os interiores de espuma<\/strong>, <strong data-start=\"1420\" data-end=\"1431\">asas<\/strong>, <strong data-start=\"1433\" data-end=\"1442\">cerraduras<\/strong>y mucho m\u00e1s, para que su flight case sea realmente suyo.<\/p>\n<h3 data-start=\"1500\" data-end=\"1570\"><strong data-start=\"1504\" data-end=\"1570\">Potencie su imagen profesional con los flight cases personalizados de SX<\/strong><\/h3>\n<p data-start=\"1572\" data-end=\"1895\">Usando un <strong data-start=\"1580\" data-end=\"1605\">personalizar flight case<\/strong> de SX no s\u00f3lo protege su equipo, sino que mejora su imagen como profesional. Los clientes y socios apreciar\u00e1n su atenci\u00f3n al detalle y su compromiso con la protecci\u00f3n de su equipo. Esto a\u00f1ade credibilidad y fiabilidad a su marca, ayud\u00e1ndole a destacar en un mercado competitivo.<\/p>\n<h3 data-start=\"1897\" data-end=\"1964\"><strong data-start=\"1901\" data-end=\"1964\">Dise\u00f1o eficiente y c\u00f3modo para profesionales en movimiento<\/strong><\/h3>\n<p data-start=\"1966\" data-end=\"2364\">Nuestro <strong data-start=\"1970\" data-end=\"1996\">personalizar flight cases<\/strong> est\u00e1n dise\u00f1ados pensando en la comodidad. Caracter\u00edsticas como <strong data-start=\"2050\" data-end=\"2070\">asas integradas<\/strong>, <strong data-start=\"2072\" data-end=\"2093\">ruedas resistentes<\/strong>, y <strong data-start=\"2099\" data-end=\"2118\">cerraduras de mariposa<\/strong> garantizan que el transporte de su equipo se realice sin esfuerzo. Se acabaron los l\u00edos de maletas y maletines, ahora puedes transportar tu equipo de un concierto a otro sin problemas. Con SX, pasar\u00e1s menos tiempo preocup\u00e1ndote por la protecci\u00f3n del equipo y m\u00e1s tiempo concentr\u00e1ndote en tu actuaci\u00f3n.<\/p>\n<h3 data-start=\"2366\" data-end=\"2427\"><strong data-start=\"2370\" data-end=\"2427\">Ampl\u00ede su negocio con los flight cases personalizados de SX<\/strong><\/h3>\n<p data-start=\"2429\" data-end=\"2758\">Al invertir en SX <strong data-start=\"2450\" data-end=\"2476\">personalizar flight cases<\/strong>no s\u00f3lo proteger\u00e1 su equipo, sino que tambi\u00e9n invertir\u00e1 en el crecimiento de su negocio. Con una protecci\u00f3n de equipos segura y de aspecto profesional, atraer\u00e1 a m\u00e1s clientes, se asegurar\u00e1 m\u00e1s actuaciones y, en \u00faltima instancia, aumentar\u00e1 sus ingresos. Elija SX y eleve su negocio a nuevas cotas.<\/p>\n<h3 data-start=\"2760\" data-end=\"2800\"><strong data-start=\"2764\" data-end=\"2800\">Satisfacci\u00f3n del cliente garantizada<\/strong><\/h3>\n<p data-start=\"2802\" data-end=\"3064\">En SX, nos comprometemos a ofrecer el m\u00e1ximo nivel de satisfacci\u00f3n al cliente. Nuestra <strong data-start=\"2887\" data-end=\"2913\">personalizar flight cases<\/strong> cuentan con la confianza de todo el mundo por su durabilidad, calidad y fiabilidad. \u00danase a los muchos profesionales que conf\u00edan en SX para proteger sus valiosos amplificadores.<\/p>\n<h3 data-start=\"3066\" data-end=\"3117\"><strong data-start=\"3070\" data-end=\"3117\">Caracter\u00edsticas principales de los flight cases personalizados de SX<\/strong><\/h3>\n<ul data-start=\"3119\" data-end=\"3529\">\n<li data-start=\"3119\" data-end=\"3173\"><strong data-start=\"3121\" data-end=\"3134\">Material:<\/strong> Estructura de aluminio + contrachapado ign\u00edfugo de 9 mm<\/li>\n<li data-start=\"3174\" data-end=\"3218\"><strong data-start=\"3176\" data-end=\"3189\">Interior:<\/strong> Espuma antichoque de alta densidad<\/li>\n<li data-start=\"3219\" data-end=\"3292\"><strong data-start=\"3221\" data-end=\"3239\">Personalizaci\u00f3n:<\/strong> Adaptado al tama\u00f1o y las especificaciones de su equipo<\/li>\n<li data-start=\"3293\" data-end=\"3347\"><strong data-start=\"3295\" data-end=\"3307\">Embalaje:<\/strong> Bolsa de burbujas + cart\u00f3n para una entrega segura<\/li>\n<li data-start=\"3348\" data-end=\"3383\"><strong data-start=\"3350\" data-end=\"3366\">Tiempo de muestreo:<\/strong> 3-5 d\u00edas laborables<\/li>\n<li data-start=\"3384\" data-end=\"3427\"><strong data-start=\"3386\" data-end=\"3408\">Hora de pedido formal:<\/strong> 15-20 d\u00edas laborables<\/li>\n<li data-start=\"3428\" data-end=\"3529\"><strong data-start=\"3430\" data-end=\"3446\">Accesorios:<\/strong> Cuatro cierres de mariposa, cuatro ruedas y cuatro asas resistentes para facilitar el transporte<\/li>\n<\/ul>\n<h3 data-start=\"3531\" data-end=\"3577\"><strong data-start=\"3535\" data-end=\"3577\">Preguntas frecuentes sobre SX's Customize Flight Cases<\/strong><\/h3>\n<p data-start=\"3579\" data-end=\"3745\"><strong data-start=\"3579\" data-end=\"3652\">P: \u00bfPuede SX personalizar los interiores de espuma de las flight cases personalizadas?<\/strong><br data-start=\"3652\" data-end=\"3655\" \/><strong data-start=\"3655\" data-end=\"3661\">A:<\/strong> S\u00ed. Proporcionamos <strong data-start=\"3678\" data-end=\"3703\">interiores de espuma a medida<\/strong> dise\u00f1ado para adaptarse con precisi\u00f3n a su amplificador.<\/p>\n<p data-start=\"3747\" data-end=\"3982\"><strong data-start=\"3747\" data-end=\"3837\">P: \u00bfSon las flight cases personalizadas de SX adecuadas tanto para amplificadores combo como para equipos montados en bastidor?<\/strong><br data-start=\"3837\" data-end=\"3840\" \/><strong data-start=\"3840\" data-end=\"3846\">A:<\/strong> Por supuesto. Dise\u00f1amos <strong data-start=\"3869\" data-end=\"3890\">maletas de carretera personalizadas<\/strong> para una amplia gama de configuraciones de amplificadores, incluyendo <strong data-start=\"3941\" data-end=\"3955\">amplificadores combo<\/strong> y <strong data-start=\"3960\" data-end=\"3981\">engranaje de cremallera<\/strong>.<\/p>\n<p data-start=\"3984\" data-end=\"4200\"><strong data-start=\"3984\" data-end=\"4035\">P: \u00bfSon duraderas las flight cases personalizadas de SX?<\/strong><br data-start=\"4035\" data-end=\"4038\" \/><strong data-start=\"4038\" data-end=\"4044\">A:<\/strong> Extremadamente duradero. Nuestro <strong data-start=\"4068\" data-end=\"4094\">personalizar flight cases<\/strong> est\u00e1n fabricados para soportar las condiciones m\u00e1s duras, garantizando una protecci\u00f3n fiable para sus valiosos equipos.<\/p>\n<p data-start=\"4202\" data-end=\"4433\"><strong data-start=\"4202\" data-end=\"4274\">P: \u00bfEl uso de flight cases personalizados de SX ayudar\u00e1 a atraer m\u00e1s clientes?<\/strong><br data-start=\"4274\" data-end=\"4277\" \/><strong data-start=\"4277\" data-end=\"4283\">A:<\/strong> S\u00ed, disponer de <strong data-start=\"4315\" data-end=\"4341\">personalizar flight cases<\/strong> mejora su imagen, haciendo que los clientes conf\u00eden m\u00e1s en usted y, en \u00faltima instancia, aumentando su negocio.<\/p>\n<p data-start=\"4435\" data-end=\"4618\"><strong data-start=\"4435\" data-end=\"4489\">P: \u00bfC\u00f3mo puedo pedir flight cases personalizados a SX?<\/strong><br data-start=\"4489\" data-end=\"4492\" \/><strong data-start=\"4492\" data-end=\"4498\">A:<\/strong> P\u00f3ngase en contacto con nuestro equipo y colaboraremos con usted para crear el proyecto perfecto. <strong data-start=\"4577\" data-end=\"4602\">personalizar <a href=\"https:\/\/sxpowercase.com\/are-flight-case-safe\/\" target=\"_blank\" rel=\"noopener\"  data-wpil-monitor-id=\"903\">Estuche de vuelo<\/a><\/strong> para sus necesidades.<\/p>\n<h3 data-start=\"4620\" data-end=\"4645\"><strong data-start=\"4624\" data-end=\"4643\">Obtenga acceso ahora:<\/strong><\/h3>\n<p data-start=\"4646\" data-end=\"4695\"><a href=\"https:\/\/sxpowercase.com\/contact-us\/\" target=\"_new\" rel=\"noopener\" data-start=\"4646\" data-end=\"4695\">Contacto SX<\/a><\/p>\n<hr data-start=\"4697\" data-end=\"4700\" \/>\n<h3 data-start=\"4702\" data-end=\"4721\"><strong data-start=\"4706\" data-end=\"4719\">Hot Tags:<\/strong><\/h3>\n<p data-start=\"4722\" data-end=\"5006\"><strong data-start=\"4722\" data-end=\"5006\">Precio bajo, en stock, muestra gratis, cable de alimentaci\u00f3n y se\u00f1al, cable de 4 conductores de calibre 16, caja de soporte de micr\u00f3fono, gabinete de exhibici\u00f3n de Led al aire libre, montaje en rack, caja de distribuci\u00f3n el\u00e9ctrica, China, proveedores, f\u00e1brica, modificado para requisitos particulares, venta al por mayor, cajas de alimentaci\u00f3n, cables de alimentaci\u00f3n, controladores de elevaci\u00f3n, casos de vuelo<\/strong><\/p>","protected":false},"excerpt":{"rendered":"<h2><strong>Protecci\u00f3n personalizada<\/strong><\/h2>\n<p>Las flight cases para amplificadores de SX est\u00e1n dise\u00f1adas para ser duraderas y cuentan con interiores de espuma a medida para proteger su equipo contra golpes, impactos y vibraciones durante el transporte.<\/p>\n<h2><strong>Soluciones a medida para cada amplificador<\/strong><\/h2>\n<p>Desde amplificadores combo hasta equipos montados en bastidor, SX ofrece maletas de carretera personalizadas dise\u00f1adas para adaptarse a su amplificador espec\u00edfico, garantizando la m\u00e1xima protecci\u00f3n y tranquilidad en la carretera.<\/p>\n<h2><strong>Profesionalidad y eficacia<\/strong><\/h2>\n<p>Invertir en las Amp Flight Cases de SX no s\u00f3lo protege su equipo, sino que tambi\u00e9n mejora su imagen profesional y su eficacia. Con funciones pr\u00e1cticas como asas integradas y ruedas resistentes, podr\u00e1s centrarte en tu actuaci\u00f3n, atraer a m\u00e1s clientes y asegurarte m\u00e1s actuaciones.<\/p>","protected":false},"featured_media":1059,"comment_status":"open","ping_status":"closed","template":"","meta":[],"product_brand":[],"product_cat":[35],"product_tag":[54],"class_list":{"0":"post-1058","1":"product","2":"type-product","3":"status-publish","4":"has-post-thumbnail","6":"product_cat-standard-rack-cases","7":"product_tag-customize","9":"first","10":"instock","11":"shipping-taxable","12":"product-type-simple"},"yoast_head":"<!-- This site is optimized with the Yoast SEO Premium plugin v27.1 (Yoast SEO v27.2) - https:\/\/yoast.com\/product\/yoast-seo-premium-wordpress\/ -->\n<title>Customize Flight Case 8u 10u 12u - https:\/\/sxflightcase.com \ud83d\udc97<\/title>\n<meta name=\"description\" content=\"Customize Flight Case: Explore factory-direct sales and professional customization for the ultimate protection of your equipment\" \/>\n<meta name=\"robots\" content=\"index, follow, max-snippet:-1, max-image-preview:large, max-video-preview:-1\" \/>\n<link rel=\"canonical\" href=\"https:\/\/sxflightcase.com\/es\/\u4ea7\u54c1\/\u653e\u5927\u5668\u98de\u884c\u7bb1-8u-10u-12u\/\" \/>\n<meta property=\"og:locale\" content=\"es_MX\" \/>\n<meta property=\"og:type\" content=\"article\" \/>\n<meta property=\"og:title\" content=\"Customize Flight Case 8u 10u 12u\" \/>\n<meta property=\"og:description\" content=\"Customize Flight Case: Explore factory-direct sales and professional customization for the ultimate protection of your equipment\" \/>\n<meta property=\"og:url\" content=\"https:\/\/sxflightcase.com\/es\/\u4ea7\u54c1\/\u653e\u5927\u5668\u98de\u884c\u7bb1-8u-10u-12u\/\" \/>\n<meta property=\"og:site_name\" content=\"https:\/\/sxflightcase.com\" \/>\n<meta property=\"article:publisher\" content=\"https:\/\/www.facebook.com\/profile.php?id=61560407257971\" \/>\n<meta property=\"article:modified_time\" content=\"2025-02-18T06:56:11+00:00\" \/>\n<meta property=\"og:image\" content=\"https:\/\/sxflightcase.com\/wp-content\/uploads\/2024\/05\/1714963187169.jpg\" \/>\n\t<meta property=\"og:image:width\" content=\"700\" \/>\n\t<meta property=\"og:image:height\" content=\"700\" \/>\n\t<meta property=\"og:image:type\" content=\"image\/jpeg\" \/>\n<meta name=\"twitter:card\" content=\"summary_large_image\" \/>\n<meta name=\"twitter:label1\" content=\"Tiempo de lectura\" \/>\n\t<meta name=\"twitter:data1\" content=\"4 minutos\" \/>\n<script type=\"application\/ld+json\" class=\"yoast-schema-graph\">{\"@context\":\"https:\/\/schema.org\",\"@graph\":[{\"@type\":\"WebPage\",\"@id\":\"https:\/\/sxflightcase.com\/zh\/\u4ea7\u54c1\/\u653e\u5927\u5668\u98de\u884c\u7bb1-8u-10u-12u\/\",\"url\":\"https:\/\/sxflightcase.com\/zh\/\u4ea7\u54c1\/\u653e\u5927\u5668\u98de\u884c\u7bb1-8u-10u-12u\/\",\"name\":\"Customize Flight Case 8u 10u 12u - https:\/\/sxflightcase.com \ud83d\udc97\",\"isPartOf\":{\"@id\":\"https:\/\/sxflightcase.com\/th\/#website\"},\"primaryImageOfPage\":{\"@id\":\"https:\/\/sxflightcase.com\/zh\/\u4ea7\u54c1\/\u653e\u5927\u5668\u98de\u884c\u7bb1-8u-10u-12u\/#primaryimage\"},\"image\":{\"@id\":\"https:\/\/sxflightcase.com\/zh\/\u4ea7\u54c1\/\u653e\u5927\u5668\u98de\u884c\u7bb1-8u-10u-12u\/#primaryimage\"},\"thumbnailUrl\":\"https:\/\/sxflightcase.com\/wp-content\/uploads\/2024\/05\/1714963187169.jpg\",\"datePublished\":\"2024-05-06T03:04:43+00:00\",\"dateModified\":\"2025-02-18T06:56:11+00:00\",\"description\":\"Customize Flight Case: Explore factory-direct sales and professional customization for the ultimate protection of your equipment\",\"breadcrumb\":{\"@id\":\"https:\/\/sxflightcase.com\/zh\/\u4ea7\u54c1\/\u653e\u5927\u5668\u98de\u884c\u7bb1-8u-10u-12u\/#breadcrumb\"},\"inLanguage\":\"es\",\"potentialAction\":[{\"@type\":\"ReadAction\",\"target\":[\"https:\/\/sxflightcase.com\/zh\/\u4ea7\u54c1\/\u653e\u5927\u5668\u98de\u884c\u7bb1-8u-10u-12u\/\"]}]},{\"@type\":\"ImageObject\",\"inLanguage\":\"es\",\"@id\":\"https:\/\/sxflightcase.com\/zh\/\u4ea7\u54c1\/\u653e\u5927\u5668\u98de\u884c\u7bb1-8u-10u-12u\/#primaryimage\",\"url\":\"https:\/\/sxflightcase.com\/wp-content\/uploads\/2024\/05\/1714963187169.jpg\",\"contentUrl\":\"https:\/\/sxflightcase.com\/wp-content\/uploads\/2024\/05\/1714963187169.jpg\",\"width\":700,\"height\":700,\"caption\":\"amp flight case\"},{\"@type\":\"BreadcrumbList\",\"@id\":\"https:\/\/sxflightcase.com\/zh\/\u4ea7\u54c1\/\u653e\u5927\u5668\u98de\u884c\u7bb1-8u-10u-12u\/#breadcrumb\",\"itemListElement\":[{\"@type\":\"ListItem\",\"position\":1,\"name\":\"Home\",\"item\":\"https:\/\/sxflightcase.com\/\"},{\"@type\":\"ListItem\",\"position\":2,\"name\":\"\u0e2a\u0e34\u0e19\u0e04\u0e49\u0e32\",\"item\":\"https:\/\/sxflightcase.com\/th\/shop\/\"},{\"@type\":\"ListItem\",\"position\":3,\"name\":\"Customize Flight Case 8u 10u 12u\"}]},{\"@type\":\"WebSite\",\"@id\":\"https:\/\/sxflightcase.com\/th\/#website\",\"url\":\"https:\/\/sxflightcase.com\/th\/\",\"name\":\"sxpowercase.com\",\"description\":\"Flight Case Factory\",\"publisher\":{\"@id\":\"https:\/\/sxflightcase.com\/th\/#organization\"},\"potentialAction\":[{\"@type\":\"SearchAction\",\"target\":{\"@type\":\"EntryPoint\",\"urlTemplate\":\"https:\/\/sxflightcase.com\/th\/?s={search_term_string}\"},\"query-input\":{\"@type\":\"PropertyValueSpecification\",\"valueRequired\":true,\"valueName\":\"search_term_string\"}}],\"inLanguage\":\"es\"},{\"@type\":\"Organization\",\"@id\":\"https:\/\/sxflightcase.com\/th\/#organization\",\"name\":\"sxpowercase.com\",\"url\":\"https:\/\/sxflightcase.com\/th\/\",\"logo\":{\"@type\":\"ImageObject\",\"inLanguage\":\"es\",\"@id\":\"https:\/\/sxflightcase.com\/th\/#\/schema\/logo\/image\/\",\"url\":\"https:\/\/sxflightcase.com\/wp-content\/uploads\/2024\/04\/1713919036007.jpg\",\"contentUrl\":\"https:\/\/sxflightcase.com\/wp-content\/uploads\/2024\/04\/1713919036007.jpg\",\"width\":382,\"height\":388,\"caption\":\"sxpowercase.com\"},\"image\":{\"@id\":\"https:\/\/sxflightcase.com\/th\/#\/schema\/logo\/image\/\"},\"sameAs\":[\"https:\/\/www.facebook.com\/profile.php?id=61560407257971\"],\"numberOfEmployees\":{\"@type\":\"QuantitativeValue\",\"minValue\":\"11\",\"maxValue\":\"50\"}}]}<\/script>\n<!-- \/ Yoast SEO Premium plugin. -->","yoast_head_json":{"title":"Customize Flight Case 8u 10u 12u - https:\/\/sxflightcase.com \ud83d\udc97","description":"Customize Flight Case: Explore la venta directa de f\u00e1brica y la personalizaci\u00f3n profesional para la m\u00e1xima protecci\u00f3n de su equipo.","robots":{"index":"index","follow":"follow","max-snippet":"max-snippet:-1","max-image-preview":"max-image-preview:large","max-video-preview":"max-video-preview:-1"},"canonical":"https:\/\/sxflightcase.com\/es\/\u4ea7\u54c1\/\u653e\u5927\u5668\u98de\u884c\u7bb1-8u-10u-12u\/","og_locale":"es_MX","og_type":"article","og_title":"Customize Flight Case 8u 10u 12u","og_description":"Customize Flight Case: Explore factory-direct sales and professional customization for the ultimate protection of your equipment","og_url":"https:\/\/sxflightcase.com\/es\/\u4ea7\u54c1\/\u653e\u5927\u5668\u98de\u884c\u7bb1-8u-10u-12u\/","og_site_name":"https:\/\/sxflightcase.com","article_publisher":"https:\/\/www.facebook.com\/profile.php?id=61560407257971","article_modified_time":"2025-02-18T06:56:11+00:00","og_image":[{"width":700,"height":700,"url":"https:\/\/sxflightcase.com\/wp-content\/uploads\/2024\/05\/1714963187169.jpg","type":"image\/jpeg"}],"twitter_card":"summary_large_image","twitter_misc":{"Tiempo de lectura":"4 minutos"},"schema":{"@context":"https:\/\/schema.org","@graph":[{"@type":"WebPage","@id":"https:\/\/sxflightcase.com\/zh\/\u4ea7\u54c1\/\u653e\u5927\u5668\u98de\u884c\u7bb1-8u-10u-12u\/","url":"https:\/\/sxflightcase.com\/zh\/\u4ea7\u54c1\/\u653e\u5927\u5668\u98de\u884c\u7bb1-8u-10u-12u\/","name":"Customize Flight Case 8u 10u 12u - https:\/\/sxflightcase.com \ud83d\udc97","isPartOf":{"@id":"https:\/\/sxflightcase.com\/th\/#website"},"primaryImageOfPage":{"@id":"https:\/\/sxflightcase.com\/zh\/\u4ea7\u54c1\/\u653e\u5927\u5668\u98de\u884c\u7bb1-8u-10u-12u\/#primaryimage"},"image":{"@id":"https:\/\/sxflightcase.com\/zh\/\u4ea7\u54c1\/\u653e\u5927\u5668\u98de\u884c\u7bb1-8u-10u-12u\/#primaryimage"},"thumbnailUrl":"https:\/\/sxflightcase.com\/wp-content\/uploads\/2024\/05\/1714963187169.jpg","datePublished":"2024-05-06T03:04:43+00:00","dateModified":"2025-02-18T06:56:11+00:00","description":"Customize Flight Case: Explore la venta directa de f\u00e1brica y la personalizaci\u00f3n profesional para la m\u00e1xima protecci\u00f3n de su equipo.","breadcrumb":{"@id":"https:\/\/sxflightcase.com\/zh\/\u4ea7\u54c1\/\u653e\u5927\u5668\u98de\u884c\u7bb1-8u-10u-12u\/#breadcrumb"},"inLanguage":"es","potentialAction":[{"@type":"ReadAction","target":["https:\/\/sxflightcase.com\/zh\/\u4ea7\u54c1\/\u653e\u5927\u5668\u98de\u884c\u7bb1-8u-10u-12u\/"]}]},{"@type":"ImageObject","inLanguage":"es","@id":"https:\/\/sxflightcase.com\/zh\/\u4ea7\u54c1\/\u653e\u5927\u5668\u98de\u884c\u7bb1-8u-10u-12u\/#primaryimage","url":"https:\/\/sxflightcase.com\/wp-content\/uploads\/2024\/05\/1714963187169.jpg","contentUrl":"https:\/\/sxflightcase.com\/wp-content\/uploads\/2024\/05\/1714963187169.jpg","width":700,"height":700,"caption":"amp flight case"},{"@type":"BreadcrumbList","@id":"https:\/\/sxflightcase.com\/zh\/\u4ea7\u54c1\/\u653e\u5927\u5668\u98de\u884c\u7bb1-8u-10u-12u\/#breadcrumb","itemListElement":[{"@type":"ListItem","position":1,"name":"Home","item":"https:\/\/sxflightcase.com\/"},{"@type":"ListItem","position":2,"name":"\u0e2a\u0e34\u0e19\u0e04\u0e49\u0e32","item":"https:\/\/sxflightcase.com\/th\/shop\/"},{"@type":"ListItem","position":3,"name":"Customize Flight Case 8u 10u 12u"}]},{"@type":"WebSite","@id":"https:\/\/sxflightcase.com\/th\/#website","url":"https:\/\/sxflightcase.com\/th\/","name":"es.sxpowercase.com","description":"F\u00e1brica de flightcases","publisher":{"@id":"https:\/\/sxflightcase.com\/th\/#organization"},"potentialAction":[{"@type":"SearchAction","target":{"@type":"EntryPoint","urlTemplate":"https:\/\/sxflightcase.com\/th\/?s={search_term_string}"},"query-input":{"@type":"PropertyValueSpecification","valueRequired":true,"valueName":"search_term_string"}}],"inLanguage":"es"},{"@type":"Organization","@id":"https:\/\/sxflightcase.com\/th\/#organization","name":"es.sxpowercase.com","url":"https:\/\/sxflightcase.com\/th\/","logo":{"@type":"ImageObject","inLanguage":"es","@id":"https:\/\/sxflightcase.com\/th\/#\/schema\/logo\/image\/","url":"https:\/\/sxflightcase.com\/wp-content\/uploads\/2024\/04\/1713919036007.jpg","contentUrl":"https:\/\/sxflightcase.com\/wp-content\/uploads\/2024\/04\/1713919036007.jpg","width":382,"height":388,"caption":"sxpowercase.com"},"image":{"@id":"https:\/\/sxflightcase.com\/th\/#\/schema\/logo\/image\/"},"sameAs":["https:\/\/www.facebook.com\/profile.php?id=61560407257971"],"numberOfEmployees":{"@type":"QuantitativeValue","minValue":"11","maxValue":"50"}}]}},"_links":{"self":[{"href":"https:\/\/sxflightcase.com\/es\/wp-json\/wp\/v2\/product\/1058","targetHints":{"allow":["GET"]}}],"collection":[{"href":"https:\/\/sxflightcase.com\/es\/wp-json\/wp\/v2\/product"}],"about":[{"href":"https:\/\/sxflightcase.com\/es\/wp-json\/wp\/v2\/types\/product"}],"replies":[{"embeddable":true,"href":"https:\/\/sxflightcase.com\/es\/wp-json\/wp\/v2\/comments?post=1058"}],"version-history":[{"count":0,"href":"https:\/\/sxflightcase.com\/es\/wp-json\/wp\/v2\/product\/1058\/revisions"}],"wp:featuredmedia":[{"embeddable":true,"href":"https:\/\/sxflightcase.com\/es\/wp-json\/wp\/v2\/media\/1059"}],"wp:attachment":[{"href":"https:\/\/sxflightcase.com\/es\/wp-json\/wp\/v2\/media?parent=1058"}],"wp:term":[{"taxonomy":"product_brand","embeddable":true,"href":"https:\/\/sxflightcase.com\/es\/wp-json\/wp\/v2\/product_brand?post=1058"},{"taxonomy":"product_cat","embeddable":true,"href":"https:\/\/sxflightcase.com\/es\/wp-json\/wp\/v2\/product_cat?post=1058"},{"taxonomy":"product_tag","embeddable":true,"href":"https:\/\/sxflightcase.com\/es\/wp-json\/wp\/v2\/product_tag?post=1058"}],"curies":[{"name":"wp","href":"https:\/\/api.w.org\/{rel}","templated":true}]}}