{"id":1063,"date":"2024-05-06T04:41:12","date_gmt":"2024-05-06T03:41:12","guid":{"rendered":"https:\/\/sxpowercase.com\/?post_type=product&#038;p=1063"},"modified":"2025-09-16T01:04:00","modified_gmt":"2025-09-16T08:04:00","slug":"midas-m32-case","status":"publish","type":"product","link":"https:\/\/sxflightcase.com\/es\/producto\/fabrica-de-cajas-de-vuelo-con-bastidor\/","title":{"rendered":"F\u00e1brica de maletas Midas M32"},"content":{"rendered":"<h2 data-start=\"416\" data-end=\"488\">Midas M32 Case - Protege tu equipo con las mejores maletas de vuelo<\/h2>\n<h3 data-start=\"490\" data-end=\"536\"><strong data-start=\"494\" data-end=\"536\">\u00bfPor qu\u00e9 elegir la maleta Midas M32 de SX?<\/strong><\/h3>\n<p data-start=\"538\" data-end=\"896\">Cuando transportes tu valioso equipo Midas M32, la protecci\u00f3n es primordial. El <strong data-start=\"620\" data-end=\"638\">Malet\u00edn Midas M32<\/strong> de SX es la soluci\u00f3n perfecta para garantizar la seguridad de su equipo durante los viajes. Fabricada con materiales de primera calidad como <strong data-start=\"766\" data-end=\"785\">marcos de aluminio<\/strong> y <strong data-start=\"790\" data-end=\"815\">contrachapado ign\u00edfugo de 9 mm<\/strong>nuestra funda garantiza la durabilidad y seguridad que tu Midas M32 necesita en la carretera.<\/p>\n<h3 data-start=\"898\" data-end=\"949\"><strong data-start=\"902\" data-end=\"949\">Calidad y opciones de personalizaci\u00f3n inigualables<\/strong><\/h3>\n<p data-start=\"951\" data-end=\"1466\">En SX, somos conocidos por ofrecer soluciones excepcionales para flightcases. Como empresa <strong data-start=\"1034\" data-end=\"1060\">F\u00e1brica de maletas Midas M32<\/strong>En la actualidad, nos especializamos en ofrecer protecci\u00f3n a medida para su equipo. Nuestras maletas est\u00e1n construidas con <strong data-start=\"1154\" data-end=\"1186\">espuma antichoque de alta densidad<\/strong> para proteger tu Midas M32 de golpes, ca\u00eddas y presiones externas. Elige entre <strong data-start=\"1266\" data-end=\"1282\">tama\u00f1os personalizados<\/strong>Tambi\u00e9n ofrecemos una gran variedad de asas, cierres y accesorios para que su maleta sea lo m\u00e1s funcional y segura posible. Tambi\u00e9n ofrecemos una gran variedad de asas, cierres y accesorios para que su maleta sea lo m\u00e1s funcional y segura posible.<\/p>\n<h3 data-start=\"1468\" data-end=\"1513\"><strong data-start=\"1472\" data-end=\"1513\">Soluciones a medida para sus equipos<\/strong><\/h3>\n<p data-start=\"1515\" data-end=\"1913\">Entendemos que cada equipo es \u00fanico, por lo que ofrecemos <strong data-start=\"1591\" data-end=\"1611\">soluciones personalizadas<\/strong> para tu carcasa Midas M32. Tanto si necesitas un <strong data-start=\"1656\" data-end=\"1678\">dimensi\u00f3n espec\u00edfica<\/strong> o <strong data-start=\"1682\" data-end=\"1706\">interior especializado<\/strong> trabajamos estrechamente con usted para asegurarnos de que la funda cumple exactamente sus requisitos. Nuestro equipo de expertos se compromete a proporcionar un ajuste perfecto para tu Midas M32, garantizando la m\u00e1xima protecci\u00f3n durante el transporte.<\/p>\n<h3 data-start=\"1915\" data-end=\"1967\"><strong data-start=\"1919\" data-end=\"1967\">Duradero y fiable: dise\u00f1ado para la carretera<\/strong><\/h3>\n<p data-start=\"1969\" data-end=\"2318\">Con <strong data-start=\"1974\" data-end=\"1998\">cuatro cierres de mariposa<\/strong>, <strong data-start=\"2000\" data-end=\"2023\">cuatro asas fuertes<\/strong>, y <strong data-start=\"2029\" data-end=\"2044\">cuatro ruedas<\/strong> para facilitar el transporte, la maleta Midas M32 de SX est\u00e1 dise\u00f1ada para que tus viajes no tengan complicaciones. Su construcci\u00f3n duradera garantiza que tu equipo Midas M32 llegue a su destino en las mejores condiciones, mientras que su pr\u00e1ctico dise\u00f1o facilita el transporte y las maniobras con la maleta.<\/p>\n<h3 data-start=\"2320\" data-end=\"2366\"><strong data-start=\"2324\" data-end=\"2366\">Entrega r\u00e1pida y precios asequibles<\/strong><\/h3>\n<p data-start=\"2368\" data-end=\"2651\">En SX, nos enorgullecemos de ofrecer productos de primera calidad con plazos de entrega r\u00e1pidos. Visite <strong data-start=\"2462\" data-end=\"2482\">3-5 d\u00edas laborables<\/strong> para muestras y <strong data-start=\"2499\" data-end=\"2521\">15-20 d\u00edas laborables<\/strong> para pedidos formales. Tambi\u00e9n garantizamos precios competitivos para ofrecerle el mejor valor por su inversi\u00f3n en flight cases de m\u00e1xima calidad.<\/p>\n<h3 data-start=\"2653\" data-end=\"2701\"><strong data-start=\"2657\" data-end=\"2701\">Tu fabricante de confianza de maletas Midas M32<\/strong><\/h3>\n<p data-start=\"2703\" data-end=\"3075\">Como l\u00edder <strong data-start=\"2716\" data-end=\"2747\">Fabricante del malet\u00edn Midas M32<\/strong>SX destaca por centrarse en <strong data-start=\"2780\" data-end=\"2833\">calidad, personalizaci\u00f3n y satisfacci\u00f3n del cliente<\/strong>. Nos hemos forjado una reputaci\u00f3n por fabricar maletas duraderas, fiables y dise\u00f1adas profesionalmente que proporcionan tranquilidad durante los viajes. Cuando eliges SX, eliges un socio de confianza para proteger tu Midas M32 y otros equipos esenciales.<\/p>\n<h3 data-start=\"3077\" data-end=\"3119\"><strong data-start=\"3081\" data-end=\"3119\">Caracter\u00edsticas principales del malet\u00edn M32<\/strong><\/h3>\n<ul data-start=\"3121\" data-end=\"3525\">\n<li data-start=\"3121\" data-end=\"3175\"><strong data-start=\"3123\" data-end=\"3136\">Material:<\/strong> Estructura de aluminio + contrachapado ign\u00edfugo de 9 mm<\/li>\n<li data-start=\"3176\" data-end=\"3220\"><strong data-start=\"3178\" data-end=\"3191\">Interior:<\/strong> Espuma antichoque de alta densidad<\/li>\n<li data-start=\"3221\" data-end=\"3294\"><strong data-start=\"3223\" data-end=\"3241\">Personalizaci\u00f3n:<\/strong> Tama\u00f1o, materiales, relleno interior, asas, cierres, etc.<\/li>\n<li data-start=\"3295\" data-end=\"3348\"><strong data-start=\"3297\" data-end=\"3309\">Embalaje:<\/strong> Envoltorio de burbujas + cart\u00f3n para una entrega segura<\/li>\n<li data-start=\"3349\" data-end=\"3384\"><strong data-start=\"3351\" data-end=\"3367\">Tiempo de muestreo:<\/strong> 3-5 d\u00edas laborables<\/li>\n<li data-start=\"3385\" data-end=\"3428\"><strong data-start=\"3387\" data-end=\"3409\">Hora de pedido formal:<\/strong> 15-20 d\u00edas laborables<\/li>\n<li data-start=\"3429\" data-end=\"3525\"><strong data-start=\"3431\" data-end=\"3447\">Accesorios:<\/strong> Cuatro cierres de mariposa, cuatro ruedas y cuatro asas resistentes para facilitar el transporte<\/li>\n<\/ul>\n<h3 data-start=\"3527\" data-end=\"3549\"><strong data-start=\"3531\" data-end=\"3549\">\u00bfPor qu\u00e9 elegir SX?<\/strong><\/h3>\n<ul data-start=\"3551\" data-end=\"3820\">\n<li data-start=\"3551\" data-end=\"3615\"><strong data-start=\"3553\" data-end=\"3570\">Dise\u00f1o a medida<\/strong>: Soluciones a medida para tu malet\u00edn Midas M32.<\/li>\n<li data-start=\"3616\" data-end=\"3675\"><strong data-start=\"3618\" data-end=\"3633\">Fiabilidad<\/strong>: Fabricado para soportar los rigores de los viajes.<\/li>\n<li data-start=\"3676\" data-end=\"3733\"><strong data-start=\"3678\" data-end=\"3692\">Eficiencia<\/strong>: Plazos de producci\u00f3n y env\u00edo r\u00e1pidos.<\/li>\n<li data-start=\"3734\" data-end=\"3820\"><strong data-start=\"3736\" data-end=\"3761\">Satisfacci\u00f3n del cliente<\/strong>: Damos prioridad a sus necesidades y le ofrecemos un servicio excepcional.<iframe title=\"Midas M32 Case\u2764\ufe0f\" width=\"563\" height=\"1000\" src=\"https:\/\/www.youtube.com\/embed\/_wQN6XUntyY?feature=oembed\" frameborder=\"0\" allow=\"accelerometer; autoplay; clipboard-write; encrypted-media; gyroscope; picture-in-picture; web-share\" referrerpolicy=\"strict-origin-when-cross-origin\" allowfullscreen><\/iframe><\/li>\n<\/ul>\n<h3 data-start=\"3822\" data-end=\"3859\"><strong data-start=\"3826\" data-end=\"3859\">Preguntas frecuentes sobre el malet\u00edn M32<\/strong><\/h3>\n<p data-start=\"3861\" data-end=\"4028\"><strong data-start=\"3861\" data-end=\"3933\">P: \u00bfPuede SX personalizar la maleta M32 para equipos de tama\u00f1os espec\u00edficos?<\/strong><br data-start=\"3933\" data-end=\"3936\" \/><strong data-start=\"3936\" data-end=\"3942\">A:<\/strong> S\u00ed. Ofrecemos personalizaciones basadas en las dimensiones y especificaciones de su equipo.<\/p>\n<p data-start=\"4030\" data-end=\"4178\"><strong data-start=\"4030\" data-end=\"4071\">P: \u00bfQu\u00e9 durabilidad tiene la funda M32?<\/strong><br data-start=\"4071\" data-end=\"4074\" \/><strong data-start=\"4074\" data-end=\"4080\">A:<\/strong> Nuestra maleta est\u00e1 dise\u00f1ada para resistir viajes pesados, con materiales reforzados para una m\u00e1xima protecci\u00f3n.<\/p>\n<p data-start=\"4180\" data-end=\"4328\"><strong data-start=\"4180\" data-end=\"4238\">P: \u00bfPuede SX aceptar pedidos al por mayor de maletines M32?<\/strong><br data-start=\"4238\" data-end=\"4241\" \/><strong data-start=\"4241\" data-end=\"4247\">A:<\/strong> S\u00ed, podemos gestionar pedidos al por mayor y ofrecer soluciones a medida para su empresa.<\/p>\n<p data-start=\"4330\" data-end=\"4456\"><strong data-start=\"4330\" data-end=\"4387\">P: \u00bfExiste cobertura de garant\u00eda para la maleta M32?<\/strong><br data-start=\"4387\" data-end=\"4390\" \/><strong data-start=\"4390\" data-end=\"4396\">A:<\/strong> S\u00ed, nuestras maletas tienen garant\u00eda para su tranquilidad.<\/p>\n<p data-start=\"4458\" data-end=\"4634\"><strong data-start=\"4458\" data-end=\"4521\">P: \u00bfC\u00f3mo puedo hacer un pedido a SX del malet\u00edn M32?<\/strong><br data-start=\"4521\" data-end=\"4524\" \/><strong data-start=\"4524\" data-end=\"4530\">A:<\/strong> P\u00f3ngase en contacto con nuestro equipo para hablar de sus necesidades y le guiaremos en el proceso de pedido.<\/p>\n<h3 data-start=\"4636\" data-end=\"4694\"><strong data-start=\"4640\" data-end=\"4694\">Maximice la protecci\u00f3n y el potencial empresarial con SX<\/strong><\/h3>\n<p data-start=\"4696\" data-end=\"5045\">Invertir en SX <strong data-start=\"4714\" data-end=\"4732\">Malet\u00edn M32<\/strong> no s\u00f3lo protege su equipo, sino que tambi\u00e9n mejora su imagen profesional. Conf\u00ede en SX para obtener el m\u00e1ximo nivel de protecci\u00f3n para su valioso equipo. Tanto si est\u00e1s de gira, actuando en un evento o viajando por negocios, la maleta Midas M32 garantiza que tu equipo llegue seguro y listo para la acci\u00f3n.<\/p>\n<p data-start=\"5047\" data-end=\"5154\">Para m\u00e1s informaci\u00f3n o para hacer su pedido, visite nuestra <a href=\"https:\/\/sxpowercase.com\/contact-us\/\" target=\"_new\" rel=\"noopener\" data-start=\"5102\" data-end=\"5153\">p\u00e1gina de contacto<\/a>.<\/p>","protected":false},"excerpt":{"rendered":"<h2><strong>Garant\u00eda de calidad garantizada<\/strong>&lt;\/h2&gt;<\/h2>\n<p>Como fabricante l\u00edder de estuches de viaje, SX ofrece estuches de viaje con bastidor de primera calidad fabricados con materiales de primera calidad y tecnolog\u00eda de vanguardia, lo que garantiza la m\u00e1xima protecci\u00f3n para su equipo en la carretera.<\/p>\n<h2><strong>Soluciones personalizadas para su equipo<\/strong><\/h2>\n<p>SX ofrece cajas de transporte personalizadas y adaptadas a sus necesidades espec\u00edficas, lo que garantiza un ajuste perfecto para su equipo. Trabaje con nosotros para dise\u00f1ar la soluci\u00f3n ideal para sus necesidades de protecci\u00f3n de equipos.<\/p>\n<h2><strong>Experiencia y confiabilidad<\/strong><\/h2>\n<p>Con d\u00e9cadas de experiencia en la fabricaci\u00f3n de maletas para carretera, SX es su socio de confianza para proteger su valioso equipo. Nuestro compromiso con la calidad, la confiabilidad y la satisfacci\u00f3n del cliente nos distingue en la industria.<\/p>","protected":false},"featured_media":7645,"comment_status":"open","ping_status":"closed","template":"","meta":[],"product_brand":[],"product_cat":[41],"product_tag":[],"class_list":{"0":"post-1063","1":"product","2":"type-product","3":"status-publish","4":"has-post-thumbnail","6":"product_cat-equipment-cases","8":"first","9":"instock","10":"shipping-taxable","11":"product-type-simple"},"yoast_head":"<!-- This site is optimized with the Yoast SEO Premium plugin v27.1 (Yoast SEO v27.2) - https:\/\/yoast.com\/product\/yoast-seo-premium-wordpress\/ -->\n<title>Midas M32 Case Factory - https:\/\/sxflightcase.com \ud83d\udc97<\/title>\n<meta name=\"description\" content=\"Midas M32 Case Factory: Specializing in direct sales and professional customization for premium equipment protection solutions.\" \/>\n<meta name=\"robots\" content=\"index, follow, max-snippet:-1, max-image-preview:large, max-video-preview:-1\" \/>\n<link rel=\"canonical\" href=\"https:\/\/sxflightcase.com\/es\/produkt\/rack-flightcase-fabrik\/\" \/>\n<meta property=\"og:locale\" content=\"es_MX\" \/>\n<meta property=\"og:type\" content=\"article\" \/>\n<meta property=\"og:title\" content=\"Midas M32 Case Factory\" \/>\n<meta property=\"og:description\" content=\"Midas M32 Case Factory: Specializing in direct sales and professional customization for premium equipment protection solutions.\" \/>\n<meta property=\"og:url\" content=\"https:\/\/sxflightcase.com\/es\/produkt\/rack-flightcase-fabrik\/\" \/>\n<meta property=\"og:site_name\" content=\"https:\/\/sxflightcase.com\" \/>\n<meta property=\"article:publisher\" content=\"https:\/\/www.facebook.com\/profile.php?id=61560407257971\" \/>\n<meta property=\"article:modified_time\" content=\"2025-09-16T08:04:00+00:00\" \/>\n<meta property=\"og:image\" content=\"https:\/\/sxflightcase.com\/wp-content\/uploads\/2024\/05\/e19ee469-b0d3-4b48-96b6-c465aa5df5b1.jpg\" \/>\n\t<meta property=\"og:image:width\" content=\"800\" \/>\n\t<meta property=\"og:image:height\" content=\"800\" \/>\n\t<meta property=\"og:image:type\" content=\"image\/jpeg\" \/>\n<meta name=\"twitter:card\" content=\"summary_large_image\" \/>\n<meta name=\"twitter:label1\" content=\"Tiempo de lectura\" \/>\n\t<meta name=\"twitter:data1\" content=\"4 minutos\" \/>\n<script type=\"application\/ld+json\" class=\"yoast-schema-graph\">{\"@context\":\"https:\/\/schema.org\",\"@graph\":[{\"@type\":\"WebPage\",\"@id\":\"https:\/\/sxflightcase.com\/de\/produkt\/rack-flightcase-fabrik\/\",\"url\":\"https:\/\/sxflightcase.com\/de\/produkt\/rack-flightcase-fabrik\/\",\"name\":\"Midas M32 Case Factory - https:\/\/sxflightcase.com \ud83d\udc97\",\"isPartOf\":{\"@id\":\"https:\/\/sxflightcase.com\/th\/#website\"},\"primaryImageOfPage\":{\"@id\":\"https:\/\/sxflightcase.com\/de\/produkt\/rack-flightcase-fabrik\/#primaryimage\"},\"image\":{\"@id\":\"https:\/\/sxflightcase.com\/de\/produkt\/rack-flightcase-fabrik\/#primaryimage\"},\"thumbnailUrl\":\"https:\/\/sxflightcase.com\/wp-content\/uploads\/2024\/05\/e19ee469-b0d3-4b48-96b6-c465aa5df5b1.jpg\",\"datePublished\":\"2024-05-06T03:41:12+00:00\",\"dateModified\":\"2025-09-16T08:04:00+00:00\",\"description\":\"Midas M32 Case Factory: Specializing in direct sales and professional customization for premium equipment protection solutions.\",\"breadcrumb\":{\"@id\":\"https:\/\/sxflightcase.com\/de\/produkt\/rack-flightcase-fabrik\/#breadcrumb\"},\"inLanguage\":\"es\",\"potentialAction\":[{\"@type\":\"ReadAction\",\"target\":[\"https:\/\/sxflightcase.com\/de\/produkt\/rack-flightcase-fabrik\/\"]}]},{\"@type\":\"ImageObject\",\"inLanguage\":\"es\",\"@id\":\"https:\/\/sxflightcase.com\/de\/produkt\/rack-flightcase-fabrik\/#primaryimage\",\"url\":\"https:\/\/sxflightcase.com\/wp-content\/uploads\/2024\/05\/e19ee469-b0d3-4b48-96b6-c465aa5df5b1.jpg\",\"contentUrl\":\"https:\/\/sxflightcase.com\/wp-content\/uploads\/2024\/05\/e19ee469-b0d3-4b48-96b6-c465aa5df5b1.jpg\",\"width\":800,\"height\":800,\"caption\":\"Midas M32 Case\"},{\"@type\":\"BreadcrumbList\",\"@id\":\"https:\/\/sxflightcase.com\/de\/produkt\/rack-flightcase-fabrik\/#breadcrumb\",\"itemListElement\":[{\"@type\":\"ListItem\",\"position\":1,\"name\":\"Home\",\"item\":\"https:\/\/sxflightcase.com\/\"},{\"@type\":\"ListItem\",\"position\":2,\"name\":\"\u0e2a\u0e34\u0e19\u0e04\u0e49\u0e32\",\"item\":\"https:\/\/sxflightcase.com\/th\/shop\/\"},{\"@type\":\"ListItem\",\"position\":3,\"name\":\"Midas M32 Case Factory\"}]},{\"@type\":\"WebSite\",\"@id\":\"https:\/\/sxflightcase.com\/th\/#website\",\"url\":\"https:\/\/sxflightcase.com\/th\/\",\"name\":\"sxpowercase.com\",\"description\":\"Flight Case Factory\",\"publisher\":{\"@id\":\"https:\/\/sxflightcase.com\/th\/#organization\"},\"potentialAction\":[{\"@type\":\"SearchAction\",\"target\":{\"@type\":\"EntryPoint\",\"urlTemplate\":\"https:\/\/sxflightcase.com\/th\/?s={search_term_string}\"},\"query-input\":{\"@type\":\"PropertyValueSpecification\",\"valueRequired\":true,\"valueName\":\"search_term_string\"}}],\"inLanguage\":\"es\"},{\"@type\":\"Organization\",\"@id\":\"https:\/\/sxflightcase.com\/th\/#organization\",\"name\":\"sxpowercase.com\",\"url\":\"https:\/\/sxflightcase.com\/th\/\",\"logo\":{\"@type\":\"ImageObject\",\"inLanguage\":\"es\",\"@id\":\"https:\/\/sxflightcase.com\/th\/#\/schema\/logo\/image\/\",\"url\":\"https:\/\/sxflightcase.com\/wp-content\/uploads\/2024\/04\/1713919036007.jpg\",\"contentUrl\":\"https:\/\/sxflightcase.com\/wp-content\/uploads\/2024\/04\/1713919036007.jpg\",\"width\":382,\"height\":388,\"caption\":\"sxpowercase.com\"},\"image\":{\"@id\":\"https:\/\/sxflightcase.com\/th\/#\/schema\/logo\/image\/\"},\"sameAs\":[\"https:\/\/www.facebook.com\/profile.php?id=61560407257971\"],\"numberOfEmployees\":{\"@type\":\"QuantitativeValue\",\"minValue\":\"11\",\"maxValue\":\"50\"}}]}<\/script>\n<!-- \/ Yoast SEO Premium plugin. -->","yoast_head_json":{"title":"Midas M32 Case Factory - https:\/\/sxflightcase.com \ud83d\udc97","description":"F\u00e1brica de fundas Midas M32: Especializada en venta directa y personalizaci\u00f3n profesional para soluciones de protecci\u00f3n de equipos de primera calidad.","robots":{"index":"index","follow":"follow","max-snippet":"max-snippet:-1","max-image-preview":"max-image-preview:large","max-video-preview":"max-video-preview:-1"},"canonical":"https:\/\/sxflightcase.com\/es\/produkt\/rack-flightcase-fabrik\/","og_locale":"es_MX","og_type":"article","og_title":"Midas M32 Case Factory","og_description":"Midas M32 Case Factory: Specializing in direct sales and professional customization for premium equipment protection solutions.","og_url":"https:\/\/sxflightcase.com\/es\/produkt\/rack-flightcase-fabrik\/","og_site_name":"https:\/\/sxflightcase.com","article_publisher":"https:\/\/www.facebook.com\/profile.php?id=61560407257971","article_modified_time":"2025-09-16T08:04:00+00:00","og_image":[{"width":800,"height":800,"url":"https:\/\/sxflightcase.com\/wp-content\/uploads\/2024\/05\/e19ee469-b0d3-4b48-96b6-c465aa5df5b1.jpg","type":"image\/jpeg"}],"twitter_card":"summary_large_image","twitter_misc":{"Tiempo de lectura":"4 minutos"},"schema":{"@context":"https:\/\/schema.org","@graph":[{"@type":"WebPage","@id":"https:\/\/sxflightcase.com\/de\/produkt\/rack-flightcase-fabrik\/","url":"https:\/\/sxflightcase.com\/de\/produkt\/rack-flightcase-fabrik\/","name":"Midas M32 Case Factory - https:\/\/sxflightcase.com \ud83d\udc97","isPartOf":{"@id":"https:\/\/sxflightcase.com\/th\/#website"},"primaryImageOfPage":{"@id":"https:\/\/sxflightcase.com\/de\/produkt\/rack-flightcase-fabrik\/#primaryimage"},"image":{"@id":"https:\/\/sxflightcase.com\/de\/produkt\/rack-flightcase-fabrik\/#primaryimage"},"thumbnailUrl":"https:\/\/sxflightcase.com\/wp-content\/uploads\/2024\/05\/e19ee469-b0d3-4b48-96b6-c465aa5df5b1.jpg","datePublished":"2024-05-06T03:41:12+00:00","dateModified":"2025-09-16T08:04:00+00:00","description":"F\u00e1brica de fundas Midas M32: Especializada en venta directa y personalizaci\u00f3n profesional para soluciones de protecci\u00f3n de equipos de primera calidad.","breadcrumb":{"@id":"https:\/\/sxflightcase.com\/de\/produkt\/rack-flightcase-fabrik\/#breadcrumb"},"inLanguage":"es","potentialAction":[{"@type":"ReadAction","target":["https:\/\/sxflightcase.com\/de\/produkt\/rack-flightcase-fabrik\/"]}]},{"@type":"ImageObject","inLanguage":"es","@id":"https:\/\/sxflightcase.com\/de\/produkt\/rack-flightcase-fabrik\/#primaryimage","url":"https:\/\/sxflightcase.com\/wp-content\/uploads\/2024\/05\/e19ee469-b0d3-4b48-96b6-c465aa5df5b1.jpg","contentUrl":"https:\/\/sxflightcase.com\/wp-content\/uploads\/2024\/05\/e19ee469-b0d3-4b48-96b6-c465aa5df5b1.jpg","width":800,"height":800,"caption":"Midas M32 Case"},{"@type":"BreadcrumbList","@id":"https:\/\/sxflightcase.com\/de\/produkt\/rack-flightcase-fabrik\/#breadcrumb","itemListElement":[{"@type":"ListItem","position":1,"name":"Home","item":"https:\/\/sxflightcase.com\/"},{"@type":"ListItem","position":2,"name":"\u0e2a\u0e34\u0e19\u0e04\u0e49\u0e32","item":"https:\/\/sxflightcase.com\/th\/shop\/"},{"@type":"ListItem","position":3,"name":"Midas M32 Case Factory"}]},{"@type":"WebSite","@id":"https:\/\/sxflightcase.com\/th\/#website","url":"https:\/\/sxflightcase.com\/th\/","name":"es.sxpowercase.com","description":"F\u00e1brica de flightcases","publisher":{"@id":"https:\/\/sxflightcase.com\/th\/#organization"},"potentialAction":[{"@type":"SearchAction","target":{"@type":"EntryPoint","urlTemplate":"https:\/\/sxflightcase.com\/th\/?s={search_term_string}"},"query-input":{"@type":"PropertyValueSpecification","valueRequired":true,"valueName":"search_term_string"}}],"inLanguage":"es"},{"@type":"Organization","@id":"https:\/\/sxflightcase.com\/th\/#organization","name":"es.sxpowercase.com","url":"https:\/\/sxflightcase.com\/th\/","logo":{"@type":"ImageObject","inLanguage":"es","@id":"https:\/\/sxflightcase.com\/th\/#\/schema\/logo\/image\/","url":"https:\/\/sxflightcase.com\/wp-content\/uploads\/2024\/04\/1713919036007.jpg","contentUrl":"https:\/\/sxflightcase.com\/wp-content\/uploads\/2024\/04\/1713919036007.jpg","width":382,"height":388,"caption":"sxpowercase.com"},"image":{"@id":"https:\/\/sxflightcase.com\/th\/#\/schema\/logo\/image\/"},"sameAs":["https:\/\/www.facebook.com\/profile.php?id=61560407257971"],"numberOfEmployees":{"@type":"QuantitativeValue","minValue":"11","maxValue":"50"}}]}},"_links":{"self":[{"href":"https:\/\/sxflightcase.com\/es\/wp-json\/wp\/v2\/product\/1063","targetHints":{"allow":["GET"]}}],"collection":[{"href":"https:\/\/sxflightcase.com\/es\/wp-json\/wp\/v2\/product"}],"about":[{"href":"https:\/\/sxflightcase.com\/es\/wp-json\/wp\/v2\/types\/product"}],"replies":[{"embeddable":true,"href":"https:\/\/sxflightcase.com\/es\/wp-json\/wp\/v2\/comments?post=1063"}],"version-history":[{"count":0,"href":"https:\/\/sxflightcase.com\/es\/wp-json\/wp\/v2\/product\/1063\/revisions"}],"wp:featuredmedia":[{"embeddable":true,"href":"https:\/\/sxflightcase.com\/es\/wp-json\/wp\/v2\/media\/7645"}],"wp:attachment":[{"href":"https:\/\/sxflightcase.com\/es\/wp-json\/wp\/v2\/media?parent=1063"}],"wp:term":[{"taxonomy":"product_brand","embeddable":true,"href":"https:\/\/sxflightcase.com\/es\/wp-json\/wp\/v2\/product_brand?post=1063"},{"taxonomy":"product_cat","embeddable":true,"href":"https:\/\/sxflightcase.com\/es\/wp-json\/wp\/v2\/product_cat?post=1063"},{"taxonomy":"product_tag","embeddable":true,"href":"https:\/\/sxflightcase.com\/es\/wp-json\/wp\/v2\/product_tag?post=1063"}],"curies":[{"name":"wp","href":"https:\/\/api.w.org\/{rel}","templated":true}]}}