{"id":1069,"date":"2024-05-06T08:08:32","date_gmt":"2024-05-06T07:08:32","guid":{"rendered":"https:\/\/sxpowercase.com\/?post_type=product&#038;p=1069"},"modified":"2025-02-18T18:45:02","modified_gmt":"2025-02-19T02:45:02","slug":"road-case-workbox","status":"publish","type":"product","link":"https:\/\/sxflightcase.com\/es\/producto\/caja-de-trabajo-para-maletas-de-carretera\/","title":{"rendered":"F\u00e1brica de estuches para DJ"},"content":{"rendered":"<p><strong>T\u00edtulo:<\/strong><br \/>\nSX DJ Case Factory: Custom Road Cases for DJ Equipment | Flycases &amp; Rack Flight Cases<\/p>\n<p><strong>Meta Descripci\u00f3n:<\/strong><br \/>\nProteja su equipo de DJ con las maletas de carretera personalizadas de SX. Duraderas, port\u00e1tiles y adaptadas a su equipo. Impulse su negocio con una protecci\u00f3n de nivel profesional.<\/p>\n<h3><strong>SX: Tu f\u00e1brica de fundas para DJ de confianza<\/strong><\/h3>\n<p><strong>SX<\/strong> es su mejor elecci\u00f3n para proteger su equipo de DJ. Tanto si est\u00e1s de gira como en el estudio, nuestras maletas mantienen tu equipo seguro y preparado para cualquier actuaci\u00f3n.<\/p>\n<h3><strong>\u00bfPor qu\u00e9 elegir SX DJ Cases?<\/strong><\/h3>\n<ol>\n<li><strong>Soluciones personalizadas para su equipo<\/strong><br \/>\nCada configuraci\u00f3n de DJ es \u00fanica, y nuestras maletas tambi\u00e9n. En SX, creamos <strong>maletas de carretera personalizadas<\/strong> s\u00f3lo para usted. \u00bfNecesita una maleta para giradiscos, mesas de mezclas o un equipo completo? Lo tenemos todo.<\/li>\n<li><strong>Flycases para un f\u00e1cil transporte<\/strong><br \/>\nNuestro <strong>flycases<\/strong> son perfectas para los DJ en movimiento. Est\u00e1n fabricadas para durar, con asas ergon\u00f3micas y ruedas suaves. Transportar tu equipo nunca ha sido tan f\u00e1cil.<\/li>\n<li><strong>Rack Flight Cases para m\u00e1xima protecci\u00f3n<\/strong><br \/>\nPara instalaciones m\u00e1s grandes, nuestro <strong>Estuches de vuelo con bastidor<\/strong> ofrecen una protecci\u00f3n de primera. Est\u00e1n fabricados con <strong>marcos de aluminio<\/strong>, <strong>contrachapado ign\u00edfugo de 12 mm<\/strong>, y <strong>espuma antichoque de alta densidad<\/strong>. Estas maletas pueden con todo lo que la carretera les depare.<\/li>\n<li><strong>Impulse su negocio con las fundas SX para DJ<\/strong><br \/>\nInvertir en maletas para DJ de SX significa invertir en tu negocio. Con nuestra protecci\u00f3n de nivel profesional, puedes centrarte en ofrecer actuaciones incre\u00edbles mientras nosotros cuidamos de tu equipo.<\/li>\n<li><strong>Maximice sus ganancias<\/strong><br \/>\nProteger su valioso equipo de DJ no es s\u00f3lo una cuesti\u00f3n de seguridad. Tambi\u00e9n se trata de maximizar tus beneficios. Una protecci\u00f3n fiable significa m\u00e1s actuaciones, clientes m\u00e1s satisfechos y m\u00e1s ingresos.<\/li>\n<\/ol>\n<h3><strong>Caracter\u00edsticas principales:<\/strong><\/h3>\n<ul>\n<li><strong>Material:<\/strong> Estructura de aluminio + contrachapado ign\u00edfugo de 12 mm<\/li>\n<li><strong>Interior:<\/strong> Espuma antigolpes de alta densidad para una m\u00e1xima protecci\u00f3n<\/li>\n<li><strong>Tama\u00f1o:<\/strong> Totalmente personalizable para adaptarse a su equipo<\/li>\n<li><strong>Accesorios:<\/strong> Cuatro cierres de mariposa, cuatro ruedas, cuatro asas resistentes<\/li>\n<li><strong>Personalizaci\u00f3n:<\/strong> Adapte la maleta a sus necesidades: elija materiales, dimensiones, rellenos interiores, asas y cierres.<\/li>\n<\/ul>\n<h3><strong>Calidad y servicio excepcionales<\/strong><\/h3>\n<p>En SX, todo gira en torno a <strong>calidad excepcional<\/strong> y <strong>atenci\u00f3n al cliente<\/strong>. Desde nuestras duraderas maletas de carretera hasta nuestro receptivo equipo de asistencia, nos dedicamos a su satisfacci\u00f3n.<\/p>\n<h3><strong>Preguntas frecuentes<\/strong><\/h3>\n<p><strong>P: \u00bfPuede SX personalizar estuches de viaje para tama\u00f1os de equipos de DJ espec\u00edficos?<\/strong><br \/>\nR: S\u00ed, ofrecemos soluciones personalizadas adaptadas a las dimensiones y especificaciones de su equipo.<\/p>\n<p><strong>P: \u00bfLos estuches SX DJ son lo suficientemente duraderos para viajes frecuentes?<\/strong><br \/>\nR: \u00a1Por supuesto! Nuestras maletas de viaje est\u00e1n dise\u00f1adas para soportar los rigores de la carretera, lo que garantiza la m\u00e1xima protecci\u00f3n para su equipo.<\/p>\n<p><strong>P: \u00bfOfrecen cobertura de garant\u00eda para los estuches SX DJ?<\/strong><br \/>\nR: S\u00ed, nuestros estuches para DJ vienen con cobertura de garant\u00eda para mayor tranquilidad.<\/p>\n<p><strong>P: \u00bfC\u00f3mo puedo realizar un pedido a SX de estuches de DJ personalizados?<\/strong><br \/>\nR: Ponte en contacto con nuestro equipo y te guiaremos en el proceso de pedido de maletas de viaje personalizadas para tu equipo de DJ.<\/p>\n<p><strong>P: \u00bfPuedo hacer pedidos al por mayor a SX DJ Case Factory?<\/strong><br \/>\nR: S\u00ed, podemos aceptar pedidos al por mayor para satisfacer las necesidades de su negocio.<\/p>\n<h3><strong>Pida hoy mismo su funda personalizada para DJ<\/strong><\/h3>\n<p>\u00bfPreparado para proteger tu equipo de DJ con las maletas de carretera premium de SX? Ponte en contacto con nosotros ahora para dise\u00f1ar tu soluci\u00f3n personalizada.<\/p>\n<p><strong>Obtenga acceso ahora:<\/strong> <a href=\"https:\/\/sxpowercase.com\/contact-us\/\" target=\"_blank\" rel=\"noopener noreferrer\">https:\/\/sxpowercase.com\/contact-us\/<\/a><\/p>\n<h3><strong>Hot Tags:<\/strong><\/h3>\n<p>Precio bajo, en stock, muestra gratis, cable de alimentaci\u00f3n y se\u00f1al, cable de 4 conductores de calibre 16, caja de soporte de micr\u00f3fono, gabinete de exhibici\u00f3n de LED al aire libre, montaje en bastidor, caja de distribuci\u00f3n el\u00e9ctrica, China, proveedores, f\u00e1brica, modificado para requisitos particulares, al por mayor, cajas de alimentaci\u00f3n, cables de alimentaci\u00f3n, controladores de elevaci\u00f3n, casos de vuelo.<\/p>","protected":false},"excerpt":{"rendered":"<h2><strong>Protecci\u00f3n personalizada para tu equipo<\/strong><\/h2>\n<p>SX se especializa en la creaci\u00f3n de estuches de viaje personalizados adaptados a su equipo de DJ espec\u00edfico, garantizando la m\u00e1xima protecci\u00f3n para su configuraci\u00f3n.<\/p>\n<h2><strong>Flycases para un f\u00e1cil transporte<\/strong><\/h2>\n<p>Nuestros flycases est\u00e1n dise\u00f1ados para DJs en movimiento, con una construcci\u00f3n duradera y asas convenientes para un transporte sin complicaciones entre conciertos.<\/p>\n<h2><strong>Estuches de transporte en rack para m\u00e1xima protecci\u00f3n<\/strong><\/h2>\n<p>Para configuraciones de DJ m\u00e1s grandes, nuestros estuches de vuelo en rack brindan protecci\u00f3n adicional contra golpes y rasgu\u00f1os, lo que garantiza que su equipo se mantenga seguro en el camino.<\/p>","protected":false},"featured_media":1070,"comment_status":"open","ping_status":"closed","template":"","meta":[],"product_brand":[],"product_cat":[41],"product_tag":[],"class_list":{"0":"post-1069","1":"product","2":"type-product","3":"status-publish","4":"has-post-thumbnail","6":"product_cat-equipment-cases","8":"first","9":"instock","10":"shipping-taxable","11":"product-type-simple"},"yoast_head":"<!-- This site is optimized with the Yoast SEO Premium plugin v27.1 (Yoast SEO v27.2) - https:\/\/yoast.com\/product\/yoast-seo-premium-wordpress\/ -->\n<title>Dj Case Factory - https:\/\/sxflightcase.com \ud83d\udc97<\/title>\n<meta name=\"description\" content=\"Dj case factory: Specializing in direct sales and professional customization for premium equipment protection solutions.\" \/>\n<meta name=\"robots\" content=\"index, follow, max-snippet:-1, max-image-preview:large, max-video-preview:-1\" \/>\n<link rel=\"canonical\" href=\"https:\/\/sxflightcase.com\/es\/produit\/boite-de-travail-pour-valise-de-route\/\" \/>\n<meta property=\"og:locale\" content=\"es_MX\" \/>\n<meta property=\"og:type\" content=\"article\" \/>\n<meta property=\"og:title\" content=\"Dj Case Factory\" \/>\n<meta property=\"og:description\" content=\"Dj case factory: Specializing in direct sales and professional customization for premium equipment protection solutions.\" \/>\n<meta property=\"og:url\" content=\"https:\/\/sxflightcase.com\/es\/produit\/boite-de-travail-pour-valise-de-route\/\" \/>\n<meta property=\"og:site_name\" content=\"https:\/\/sxflightcase.com\" \/>\n<meta property=\"article:publisher\" content=\"https:\/\/www.facebook.com\/profile.php?id=61560407257971\" \/>\n<meta property=\"article:modified_time\" content=\"2025-02-19T02:45:02+00:00\" \/>\n<meta property=\"og:image\" content=\"https:\/\/sxflightcase.com\/wp-content\/uploads\/2024\/05\/1714963576972.jpg\" \/>\n\t<meta property=\"og:image:width\" content=\"742\" \/>\n\t<meta property=\"og:image:height\" content=\"746\" \/>\n\t<meta property=\"og:image:type\" content=\"image\/jpeg\" \/>\n<meta name=\"twitter:card\" content=\"summary_large_image\" \/>\n<meta name=\"twitter:label1\" content=\"Tiempo de lectura\" \/>\n\t<meta name=\"twitter:data1\" content=\"4 minutos\" \/>\n<script type=\"application\/ld+json\" class=\"yoast-schema-graph\">{\"@context\":\"https:\/\/schema.org\",\"@graph\":[{\"@type\":\"WebPage\",\"@id\":\"https:\/\/sxflightcase.com\/fr\/produit\/boite-de-travail-pour-valise-de-route\/\",\"url\":\"https:\/\/sxflightcase.com\/fr\/produit\/boite-de-travail-pour-valise-de-route\/\",\"name\":\"Dj Case Factory - https:\/\/sxflightcase.com \ud83d\udc97\",\"isPartOf\":{\"@id\":\"https:\/\/sxflightcase.com\/th\/#website\"},\"primaryImageOfPage\":{\"@id\":\"https:\/\/sxflightcase.com\/fr\/produit\/boite-de-travail-pour-valise-de-route\/#primaryimage\"},\"image\":{\"@id\":\"https:\/\/sxflightcase.com\/fr\/produit\/boite-de-travail-pour-valise-de-route\/#primaryimage\"},\"thumbnailUrl\":\"https:\/\/sxflightcase.com\/wp-content\/uploads\/2024\/05\/1714963576972.jpg\",\"datePublished\":\"2024-05-06T07:08:32+00:00\",\"dateModified\":\"2025-02-19T02:45:02+00:00\",\"description\":\"Dj case factory: Specializing in direct sales and professional customization for premium equipment protection solutions.\",\"breadcrumb\":{\"@id\":\"https:\/\/sxflightcase.com\/fr\/produit\/boite-de-travail-pour-valise-de-route\/#breadcrumb\"},\"inLanguage\":\"es\",\"potentialAction\":[{\"@type\":\"ReadAction\",\"target\":[\"https:\/\/sxflightcase.com\/fr\/produit\/boite-de-travail-pour-valise-de-route\/\"]}]},{\"@type\":\"ImageObject\",\"inLanguage\":\"es\",\"@id\":\"https:\/\/sxflightcase.com\/fr\/produit\/boite-de-travail-pour-valise-de-route\/#primaryimage\",\"url\":\"https:\/\/sxflightcase.com\/wp-content\/uploads\/2024\/05\/1714963576972.jpg\",\"contentUrl\":\"https:\/\/sxflightcase.com\/wp-content\/uploads\/2024\/05\/1714963576972.jpg\",\"width\":742,\"height\":746,\"caption\":\"road case workbox\"},{\"@type\":\"BreadcrumbList\",\"@id\":\"https:\/\/sxflightcase.com\/fr\/produit\/boite-de-travail-pour-valise-de-route\/#breadcrumb\",\"itemListElement\":[{\"@type\":\"ListItem\",\"position\":1,\"name\":\"Home\",\"item\":\"https:\/\/sxflightcase.com\/\"},{\"@type\":\"ListItem\",\"position\":2,\"name\":\"\u0e2a\u0e34\u0e19\u0e04\u0e49\u0e32\",\"item\":\"https:\/\/sxflightcase.com\/th\/shop\/\"},{\"@type\":\"ListItem\",\"position\":3,\"name\":\"Dj Case Factory\"}]},{\"@type\":\"WebSite\",\"@id\":\"https:\/\/sxflightcase.com\/th\/#website\",\"url\":\"https:\/\/sxflightcase.com\/th\/\",\"name\":\"sxpowercase.com\",\"description\":\"Flight Case Factory\",\"publisher\":{\"@id\":\"https:\/\/sxflightcase.com\/th\/#organization\"},\"potentialAction\":[{\"@type\":\"SearchAction\",\"target\":{\"@type\":\"EntryPoint\",\"urlTemplate\":\"https:\/\/sxflightcase.com\/th\/?s={search_term_string}\"},\"query-input\":{\"@type\":\"PropertyValueSpecification\",\"valueRequired\":true,\"valueName\":\"search_term_string\"}}],\"inLanguage\":\"es\"},{\"@type\":\"Organization\",\"@id\":\"https:\/\/sxflightcase.com\/th\/#organization\",\"name\":\"sxpowercase.com\",\"url\":\"https:\/\/sxflightcase.com\/th\/\",\"logo\":{\"@type\":\"ImageObject\",\"inLanguage\":\"es\",\"@id\":\"https:\/\/sxflightcase.com\/th\/#\/schema\/logo\/image\/\",\"url\":\"https:\/\/sxflightcase.com\/wp-content\/uploads\/2024\/04\/1713919036007.jpg\",\"contentUrl\":\"https:\/\/sxflightcase.com\/wp-content\/uploads\/2024\/04\/1713919036007.jpg\",\"width\":382,\"height\":388,\"caption\":\"sxpowercase.com\"},\"image\":{\"@id\":\"https:\/\/sxflightcase.com\/th\/#\/schema\/logo\/image\/\"},\"sameAs\":[\"https:\/\/www.facebook.com\/profile.php?id=61560407257971\"],\"numberOfEmployees\":{\"@type\":\"QuantitativeValue\",\"minValue\":\"11\",\"maxValue\":\"50\"}}]}<\/script>\n<!-- \/ Yoast SEO Premium plugin. -->","yoast_head_json":{"title":"Dj Case Factory - https:\/\/sxflightcase.com \ud83d\udc97","description":"F\u00e1brica de estuches para DJ: Especializada en ventas directas y personalizaci\u00f3n profesional para soluciones de protecci\u00f3n de equipos de primera calidad.","robots":{"index":"index","follow":"follow","max-snippet":"max-snippet:-1","max-image-preview":"max-image-preview:large","max-video-preview":"max-video-preview:-1"},"canonical":"https:\/\/sxflightcase.com\/es\/produit\/boite-de-travail-pour-valise-de-route\/","og_locale":"es_MX","og_type":"article","og_title":"Dj Case Factory","og_description":"Dj case factory: Specializing in direct sales and professional customization for premium equipment protection solutions.","og_url":"https:\/\/sxflightcase.com\/es\/produit\/boite-de-travail-pour-valise-de-route\/","og_site_name":"https:\/\/sxflightcase.com","article_publisher":"https:\/\/www.facebook.com\/profile.php?id=61560407257971","article_modified_time":"2025-02-19T02:45:02+00:00","og_image":[{"width":742,"height":746,"url":"https:\/\/sxflightcase.com\/wp-content\/uploads\/2024\/05\/1714963576972.jpg","type":"image\/jpeg"}],"twitter_card":"summary_large_image","twitter_misc":{"Tiempo de lectura":"4 minutos"},"schema":{"@context":"https:\/\/schema.org","@graph":[{"@type":"WebPage","@id":"https:\/\/sxflightcase.com\/fr\/produit\/boite-de-travail-pour-valise-de-route\/","url":"https:\/\/sxflightcase.com\/fr\/produit\/boite-de-travail-pour-valise-de-route\/","name":"Dj Case Factory - https:\/\/sxflightcase.com \ud83d\udc97","isPartOf":{"@id":"https:\/\/sxflightcase.com\/th\/#website"},"primaryImageOfPage":{"@id":"https:\/\/sxflightcase.com\/fr\/produit\/boite-de-travail-pour-valise-de-route\/#primaryimage"},"image":{"@id":"https:\/\/sxflightcase.com\/fr\/produit\/boite-de-travail-pour-valise-de-route\/#primaryimage"},"thumbnailUrl":"https:\/\/sxflightcase.com\/wp-content\/uploads\/2024\/05\/1714963576972.jpg","datePublished":"2024-05-06T07:08:32+00:00","dateModified":"2025-02-19T02:45:02+00:00","description":"F\u00e1brica de estuches para DJ: Especializada en ventas directas y personalizaci\u00f3n profesional para soluciones de protecci\u00f3n de equipos de primera calidad.","breadcrumb":{"@id":"https:\/\/sxflightcase.com\/fr\/produit\/boite-de-travail-pour-valise-de-route\/#breadcrumb"},"inLanguage":"es","potentialAction":[{"@type":"ReadAction","target":["https:\/\/sxflightcase.com\/fr\/produit\/boite-de-travail-pour-valise-de-route\/"]}]},{"@type":"ImageObject","inLanguage":"es","@id":"https:\/\/sxflightcase.com\/fr\/produit\/boite-de-travail-pour-valise-de-route\/#primaryimage","url":"https:\/\/sxflightcase.com\/wp-content\/uploads\/2024\/05\/1714963576972.jpg","contentUrl":"https:\/\/sxflightcase.com\/wp-content\/uploads\/2024\/05\/1714963576972.jpg","width":742,"height":746,"caption":"road case workbox"},{"@type":"BreadcrumbList","@id":"https:\/\/sxflightcase.com\/fr\/produit\/boite-de-travail-pour-valise-de-route\/#breadcrumb","itemListElement":[{"@type":"ListItem","position":1,"name":"Home","item":"https:\/\/sxflightcase.com\/"},{"@type":"ListItem","position":2,"name":"\u0e2a\u0e34\u0e19\u0e04\u0e49\u0e32","item":"https:\/\/sxflightcase.com\/th\/shop\/"},{"@type":"ListItem","position":3,"name":"Dj Case Factory"}]},{"@type":"WebSite","@id":"https:\/\/sxflightcase.com\/th\/#website","url":"https:\/\/sxflightcase.com\/th\/","name":"es.sxpowercase.com","description":"F\u00e1brica de flightcases","publisher":{"@id":"https:\/\/sxflightcase.com\/th\/#organization"},"potentialAction":[{"@type":"SearchAction","target":{"@type":"EntryPoint","urlTemplate":"https:\/\/sxflightcase.com\/th\/?s={search_term_string}"},"query-input":{"@type":"PropertyValueSpecification","valueRequired":true,"valueName":"search_term_string"}}],"inLanguage":"es"},{"@type":"Organization","@id":"https:\/\/sxflightcase.com\/th\/#organization","name":"es.sxpowercase.com","url":"https:\/\/sxflightcase.com\/th\/","logo":{"@type":"ImageObject","inLanguage":"es","@id":"https:\/\/sxflightcase.com\/th\/#\/schema\/logo\/image\/","url":"https:\/\/sxflightcase.com\/wp-content\/uploads\/2024\/04\/1713919036007.jpg","contentUrl":"https:\/\/sxflightcase.com\/wp-content\/uploads\/2024\/04\/1713919036007.jpg","width":382,"height":388,"caption":"sxpowercase.com"},"image":{"@id":"https:\/\/sxflightcase.com\/th\/#\/schema\/logo\/image\/"},"sameAs":["https:\/\/www.facebook.com\/profile.php?id=61560407257971"],"numberOfEmployees":{"@type":"QuantitativeValue","minValue":"11","maxValue":"50"}}]}},"_links":{"self":[{"href":"https:\/\/sxflightcase.com\/es\/wp-json\/wp\/v2\/product\/1069","targetHints":{"allow":["GET"]}}],"collection":[{"href":"https:\/\/sxflightcase.com\/es\/wp-json\/wp\/v2\/product"}],"about":[{"href":"https:\/\/sxflightcase.com\/es\/wp-json\/wp\/v2\/types\/product"}],"replies":[{"embeddable":true,"href":"https:\/\/sxflightcase.com\/es\/wp-json\/wp\/v2\/comments?post=1069"}],"version-history":[{"count":0,"href":"https:\/\/sxflightcase.com\/es\/wp-json\/wp\/v2\/product\/1069\/revisions"}],"wp:featuredmedia":[{"embeddable":true,"href":"https:\/\/sxflightcase.com\/es\/wp-json\/wp\/v2\/media\/1070"}],"wp:attachment":[{"href":"https:\/\/sxflightcase.com\/es\/wp-json\/wp\/v2\/media?parent=1069"}],"wp:term":[{"taxonomy":"product_brand","embeddable":true,"href":"https:\/\/sxflightcase.com\/es\/wp-json\/wp\/v2\/product_brand?post=1069"},{"taxonomy":"product_cat","embeddable":true,"href":"https:\/\/sxflightcase.com\/es\/wp-json\/wp\/v2\/product_cat?post=1069"},{"taxonomy":"product_tag","embeddable":true,"href":"https:\/\/sxflightcase.com\/es\/wp-json\/wp\/v2\/product_tag?post=1069"}],"curies":[{"name":"wp","href":"https:\/\/api.w.org\/{rel}","templated":true}]}}