{"id":1082,"date":"2024-05-06T09:24:28","date_gmt":"2024-05-06T08:24:28","guid":{"rendered":"https:\/\/sxpowercase.com\/?post_type=product&#038;p=1082"},"modified":"2025-02-18T19:48:08","modified_gmt":"2025-02-19T03:48:08","slug":"cable-case-with-heavy-duty-wheels","status":"publish","type":"product","link":"https:\/\/sxflightcase.com\/es\/producto\/maletin-para-cables-con-ruedas-de-alta-resistencia-2\/","title":{"rendered":"Estuche para cables con ruedas resistentes"},"content":{"rendered":"<p><strong>T\u00edtulo:<\/strong><br \/>\nFundas para cables SX: Protecci\u00f3n Premium para sus Cables | Personalizable y Duradera<\/p>\n<p><strong>Meta Descripci\u00f3n:<\/strong><br \/>\nProteja sus cables con la alta calidad de SX <a href=\"https:\/\/sxpowercase.com\/product\/wireless-microphone-case\/\">fundas para cables<\/a>. Personalizable, duradero y dise\u00f1ado para ofrecer la m\u00e1xima protecci\u00f3n. Aumente la eficacia de su empresa hoy mismo.<\/p>\n<h3><strong>SX: Su proveedor de confianza de fundas para cables<\/strong><\/h3>\n<p><strong>SX<\/strong> es su mejor opci\u00f3n para <a href=\"https:\/\/sxpowercase.com\/product\/flight-case-19-rack\/\">fundas para cables<\/a>. Nuestros estuches mantienen sus cables seguros y organizados. Son perfectas para cables de audio, v\u00eddeo o alimentaci\u00f3n.<\/p>\n<h3><strong>\u00bfPor qu\u00e9 elegir las fundas para cables SX?<\/strong><\/h3>\n<ol>\n<li><strong>M\u00e1xima protecci\u00f3n para sus cables<\/strong><br \/>\nNuestros casos han <strong>marcos de aluminio<\/strong>, <strong>contrachapado ign\u00edfugo de 12 mm<\/strong>, y <strong>interiores de espuma de alta densidad a prueba de golpes<\/strong>. Protegen sus cables de golpes, humedad y otros peligros.<\/li>\n<li><strong>Soluciones a la medida de sus necesidades<\/strong><br \/>\nCada juego de cables es \u00fanico, y nuestras fundas tambi\u00e9n. Podemos dise\u00f1ar una <strong>soluci\u00f3n personalizada<\/strong> para sus necesidades espec\u00edficas.<\/li>\n<li><strong>Aumente la eficacia de su empresa<\/strong><br \/>\nLas fundas para cables SX mantienen sus cables organizados y protegidos. Esto le ahorra tiempo y reduce el estr\u00e9s. Puede centrarse m\u00e1s en sus proyectos, lo que se traduce en una mayor productividad y m\u00e1s ingresos.<\/li>\n<li><strong>Maximice sus ganancias<\/strong><br \/>\nInvertir en fundas para cables SX es inteligente. Le ahorran dinero al evitar da\u00f1os y sustituciones. Con fundas duraderas, puede asumir m\u00e1s proyectos, aumentando sus beneficios.<\/li>\n<li><strong>Calidad y servicio excepcionales<\/strong><br \/>\nEn SX, nuestro objetivo es <strong>calidad excepcional<\/strong> y <strong>atenci\u00f3n al cliente<\/strong>. Trabajamos estrechamente con usted para garantizar su satisfacci\u00f3n de principio a fin.<\/li>\n<\/ol>\n<h3><strong>Caracter\u00edsticas principales:<\/strong><\/h3>\n<ul>\n<li><strong>Material:<\/strong> Estructura de aluminio + contrachapado ign\u00edfugo de 12 mm<\/li>\n<li><strong>Interior:<\/strong> Espuma antigolpes de alta densidad para una m\u00e1xima protecci\u00f3n<\/li>\n<li><strong>Accesorios:<\/strong> Cuatro cierres de mariposa, cuatro ruedas y cuatro asas resistentes para facilitar el transporte<\/li>\n<li><strong>Personalizaci\u00f3n:<\/strong> Adapte la maleta a sus necesidades: elija materiales, dimensiones, rellenos interiores, asas y cierres.<\/li>\n<li><strong>Embalaje:<\/strong> Bolsa de burbujas + cart\u00f3n para una entrega segura<\/li>\n<\/ul>\n<h3><strong>Impulse su negocio con las fundas para cables SX<\/strong><\/h3>\n<p>No deje que los cables da\u00f1ados o desorganizados le frenen. Con las fundas para cables SX, puedes:<\/p>\n<ul>\n<li><strong>Proteja sus valiosos cables<\/strong> de da\u00f1os durante el transporte.<\/li>\n<li><strong>Organ\u00edcese<\/strong> y listo para cualquier proyecto.<\/li>\n<li><strong>Aumente su cuenta de resultados<\/strong> aceptando m\u00e1s actuaciones con confianza.<\/li>\n<\/ul>\n<h3><strong>Preguntas frecuentes<\/strong><\/h3>\n<p><strong>P: \u00bfPuede SX personalizar las fundas para cables para tama\u00f1os de cable espec\u00edficos?<\/strong><br \/>\nR: S\u00ed, ofrecemos soluciones personalizadas adaptadas a las dimensiones y especificaciones de sus cables.<\/p>\n<p><strong>P: \u00bfLas fundas para cables SX son adecuadas tanto para interiores como para exteriores?<\/strong><br \/>\nR: \u00a1Por supuesto! Nuestras fundas est\u00e1n dise\u00f1adas para resistir diversos entornos, lo que garantiza que tus cables estar\u00e1n protegidos vayas donde vayas.<\/p>\n<p><strong>P: \u00bfCu\u00e1nto se tarda en recibir una funda para cables personalizada de SX?<\/strong><br \/>\nR: Los plazos de entrega var\u00edan en funci\u00f3n de la complejidad del caso y de nuestra carga de trabajo actual. P\u00f3ngase en contacto con nosotros para conocer los plazos de entrega.<\/p>\n<p><strong>P: \u00bfLas fundas para cables SX tienen cobertura de garant\u00eda?<\/strong><br \/>\nR: S\u00ed, nuestras fundas incluyen cobertura de garant\u00eda para mayor tranquilidad.<\/p>\n<p><strong>P: \u00bfPuedo pedir fundas para cables al por mayor a SX?<\/strong><br \/>\nR: S\u00ed, podemos aceptar pedidos al por mayor. P\u00f3ngase en contacto con nosotros para consultar precios y disponibilidad.<\/p>\n<h3><strong>Pida hoy mismo su funda personalizada para cables<\/strong><\/h3>\n<p>\u00bfPreparado para proteger sus cables con las fundas premium de SX? P\u00f3ngase en contacto con nosotros ahora para dise\u00f1ar su soluci\u00f3n personalizada.<\/p>\n<p><strong>Obtenga acceso ahora:<\/strong> <a href=\"https:\/\/sxpowercase.com\/contact-us\/\" target=\"_blank\" rel=\"noopener noreferrer\">https:\/\/sxpowercase.com\/contact-us\/<\/a><\/p>\n<h3><strong>Hot Tags:<\/strong><\/h3>\n<p>Precio bajo, cable de alimentaci\u00f3n y se\u00f1al, cable de 4 conductores de calibre 16, caja de soporte de micr\u00f3fono, gabinete de pantalla LED al aire libre, montaje en bastidor, caja de distribuci\u00f3n el\u00e9ctrica, China, proveedores, f\u00e1brica, personalizado, venta al por mayor, cajas de alimentaci\u00f3n, cables de alimentaci\u00f3n, controladores de elevaci\u00f3n, casos de vuelo.<\/p>\n<h1><\/h1>","protected":false},"excerpt":{"rendered":"<h2><strong>Fundas de calidad para una m\u00e1xima protecci\u00f3n<\/strong><\/h2>\n<p>Las fundas para cables SX est\u00e1n fabricadas para durar, con materiales resistentes y cierres seguros para garantizar que los cables permanezcan seguros y organizados dondequiera que vaya.<\/p>\n<h2><strong>Soluciones personalizadas para sus necesidades de cable<\/strong><\/h2>\n<p>Ofrecemos estuches para cables personalizados adaptados a sus requisitos espec\u00edficos, ya sea para cables de audio, de v\u00eddeo o de cualquier otro tipo. Mantenga sus cables organizados y protegidos con nuestras soluciones personalizadas.<\/p>\n<h2><strong>Aumente la eficacia de su empresa con las fundas para cables SX<\/strong><\/h2>\n<p>Invierta en fundas para cables SX para aumentar la eficacia y la rentabilidad de su empresa. Dedique menos tiempo a buscar cables y m\u00e1s a centrarse en sus proyectos, lo que se traducir\u00e1 en una mejora de la productividad y un aumento de los ingresos.<\/p>","protected":false},"featured_media":1083,"comment_status":"open","ping_status":"closed","template":"","meta":[],"product_brand":[],"product_cat":[36],"product_tag":[],"class_list":{"0":"post-1082","1":"product","2":"type-product","3":"status-publish","4":"has-post-thumbnail","6":"product_cat-cables-cases","8":"first","9":"instock","10":"shipping-taxable","11":"product-type-simple"},"yoast_head":"<!-- This site is optimized with the Yoast SEO Premium plugin v27.1 (Yoast SEO v27.2) - https:\/\/yoast.com\/product\/yoast-seo-premium-wordpress\/ -->\n<title>Cable Case With Heavy Duty Wheels - https:\/\/sxflightcase.com \ud83d\udc97<\/title>\n<meta name=\"description\" content=\"Cable case Factory: Specializing in direct sales and professional customization for premium equipment protection solutions\" \/>\n<meta name=\"robots\" content=\"index, follow, max-snippet:-1, max-image-preview:large, max-video-preview:-1\" \/>\n<link rel=\"canonical\" href=\"https:\/\/sxflightcase.com\/es\/produkt\/kabelkasse-med-kraftige-hjul\/\" \/>\n<meta property=\"og:locale\" content=\"es_MX\" \/>\n<meta property=\"og:type\" content=\"article\" \/>\n<meta property=\"og:title\" content=\"Cable Case With Heavy Duty Wheels\" \/>\n<meta property=\"og:description\" content=\"Cable case Factory: Specializing in direct sales and professional customization for premium equipment protection solutions\" \/>\n<meta property=\"og:url\" content=\"https:\/\/sxflightcase.com\/es\/produkt\/kabelkasse-med-kraftige-hjul\/\" \/>\n<meta property=\"og:site_name\" content=\"https:\/\/sxflightcase.com\" \/>\n<meta property=\"article:publisher\" content=\"https:\/\/www.facebook.com\/profile.php?id=61560407257971\" \/>\n<meta property=\"article:modified_time\" content=\"2025-02-19T03:48:08+00:00\" \/>\n<meta property=\"og:image\" content=\"https:\/\/sxflightcase.com\/wp-content\/uploads\/2024\/05\/1714963633661.jpg\" \/>\n\t<meta property=\"og:image:width\" content=\"691\" \/>\n\t<meta property=\"og:image:height\" content=\"692\" \/>\n\t<meta property=\"og:image:type\" content=\"image\/jpeg\" \/>\n<meta name=\"twitter:card\" content=\"summary_large_image\" \/>\n<meta name=\"twitter:label1\" content=\"Tiempo de lectura\" \/>\n\t<meta name=\"twitter:data1\" content=\"3 minutos\" \/>\n<script type=\"application\/ld+json\" class=\"yoast-schema-graph\">{\"@context\":\"https:\/\/schema.org\",\"@graph\":[{\"@type\":\"WebPage\",\"@id\":\"https:\/\/sxflightcase.com\/da\/produkt\/kabelkasse-med-kraftige-hjul\/\",\"url\":\"https:\/\/sxflightcase.com\/da\/produkt\/kabelkasse-med-kraftige-hjul\/\",\"name\":\"Cable Case With Heavy Duty Wheels - https:\/\/sxflightcase.com \ud83d\udc97\",\"isPartOf\":{\"@id\":\"https:\/\/sxflightcase.com\/th\/#website\"},\"primaryImageOfPage\":{\"@id\":\"https:\/\/sxflightcase.com\/da\/produkt\/kabelkasse-med-kraftige-hjul\/#primaryimage\"},\"image\":{\"@id\":\"https:\/\/sxflightcase.com\/da\/produkt\/kabelkasse-med-kraftige-hjul\/#primaryimage\"},\"thumbnailUrl\":\"https:\/\/sxflightcase.com\/wp-content\/uploads\/2024\/05\/1714963633661.jpg\",\"datePublished\":\"2024-05-06T08:24:28+00:00\",\"dateModified\":\"2025-02-19T03:48:08+00:00\",\"description\":\"Cable case Factory: Specializing in direct sales and professional customization for premium equipment protection solutions\",\"breadcrumb\":{\"@id\":\"https:\/\/sxflightcase.com\/da\/produkt\/kabelkasse-med-kraftige-hjul\/#breadcrumb\"},\"inLanguage\":\"es\",\"potentialAction\":[{\"@type\":\"ReadAction\",\"target\":[\"https:\/\/sxflightcase.com\/da\/produkt\/kabelkasse-med-kraftige-hjul\/\"]}]},{\"@type\":\"ImageObject\",\"inLanguage\":\"es\",\"@id\":\"https:\/\/sxflightcase.com\/da\/produkt\/kabelkasse-med-kraftige-hjul\/#primaryimage\",\"url\":\"https:\/\/sxflightcase.com\/wp-content\/uploads\/2024\/05\/1714963633661.jpg\",\"contentUrl\":\"https:\/\/sxflightcase.com\/wp-content\/uploads\/2024\/05\/1714963633661.jpg\",\"width\":691,\"height\":692,\"caption\":\"cable case\"},{\"@type\":\"BreadcrumbList\",\"@id\":\"https:\/\/sxflightcase.com\/da\/produkt\/kabelkasse-med-kraftige-hjul\/#breadcrumb\",\"itemListElement\":[{\"@type\":\"ListItem\",\"position\":1,\"name\":\"Home\",\"item\":\"https:\/\/sxflightcase.com\/\"},{\"@type\":\"ListItem\",\"position\":2,\"name\":\"\u0e2a\u0e34\u0e19\u0e04\u0e49\u0e32\",\"item\":\"https:\/\/sxflightcase.com\/th\/shop\/\"},{\"@type\":\"ListItem\",\"position\":3,\"name\":\"Cable Case With Heavy Duty Wheels\"}]},{\"@type\":\"WebSite\",\"@id\":\"https:\/\/sxflightcase.com\/th\/#website\",\"url\":\"https:\/\/sxflightcase.com\/th\/\",\"name\":\"sxpowercase.com\",\"description\":\"Flight Case Factory\",\"publisher\":{\"@id\":\"https:\/\/sxflightcase.com\/th\/#organization\"},\"potentialAction\":[{\"@type\":\"SearchAction\",\"target\":{\"@type\":\"EntryPoint\",\"urlTemplate\":\"https:\/\/sxflightcase.com\/th\/?s={search_term_string}\"},\"query-input\":{\"@type\":\"PropertyValueSpecification\",\"valueRequired\":true,\"valueName\":\"search_term_string\"}}],\"inLanguage\":\"es\"},{\"@type\":\"Organization\",\"@id\":\"https:\/\/sxflightcase.com\/th\/#organization\",\"name\":\"sxpowercase.com\",\"url\":\"https:\/\/sxflightcase.com\/th\/\",\"logo\":{\"@type\":\"ImageObject\",\"inLanguage\":\"es\",\"@id\":\"https:\/\/sxflightcase.com\/th\/#\/schema\/logo\/image\/\",\"url\":\"https:\/\/sxflightcase.com\/wp-content\/uploads\/2024\/04\/1713919036007.jpg\",\"contentUrl\":\"https:\/\/sxflightcase.com\/wp-content\/uploads\/2024\/04\/1713919036007.jpg\",\"width\":382,\"height\":388,\"caption\":\"sxpowercase.com\"},\"image\":{\"@id\":\"https:\/\/sxflightcase.com\/th\/#\/schema\/logo\/image\/\"},\"sameAs\":[\"https:\/\/www.facebook.com\/profile.php?id=61560407257971\"],\"numberOfEmployees\":{\"@type\":\"QuantitativeValue\",\"minValue\":\"11\",\"maxValue\":\"50\"}}]}<\/script>\n<!-- \/ Yoast SEO Premium plugin. -->","yoast_head_json":{"title":"Cable Case With Heavy Duty Wheels - https:\/\/sxflightcase.com \ud83d\udc97","description":"F\u00e1brica de fundas para cables: Especializada en venta directa y personalizaci\u00f3n profesional para soluciones de protecci\u00f3n de equipos de primera calidad.","robots":{"index":"index","follow":"follow","max-snippet":"max-snippet:-1","max-image-preview":"max-image-preview:large","max-video-preview":"max-video-preview:-1"},"canonical":"https:\/\/sxflightcase.com\/es\/produkt\/kabelkasse-med-kraftige-hjul\/","og_locale":"es_MX","og_type":"article","og_title":"Cable Case With Heavy Duty Wheels","og_description":"Cable case Factory: Specializing in direct sales and professional customization for premium equipment protection solutions","og_url":"https:\/\/sxflightcase.com\/es\/produkt\/kabelkasse-med-kraftige-hjul\/","og_site_name":"https:\/\/sxflightcase.com","article_publisher":"https:\/\/www.facebook.com\/profile.php?id=61560407257971","article_modified_time":"2025-02-19T03:48:08+00:00","og_image":[{"width":691,"height":692,"url":"https:\/\/sxflightcase.com\/wp-content\/uploads\/2024\/05\/1714963633661.jpg","type":"image\/jpeg"}],"twitter_card":"summary_large_image","twitter_misc":{"Tiempo de lectura":"3 minutos"},"schema":{"@context":"https:\/\/schema.org","@graph":[{"@type":"WebPage","@id":"https:\/\/sxflightcase.com\/da\/produkt\/kabelkasse-med-kraftige-hjul\/","url":"https:\/\/sxflightcase.com\/da\/produkt\/kabelkasse-med-kraftige-hjul\/","name":"Cable Case With Heavy Duty Wheels - https:\/\/sxflightcase.com \ud83d\udc97","isPartOf":{"@id":"https:\/\/sxflightcase.com\/th\/#website"},"primaryImageOfPage":{"@id":"https:\/\/sxflightcase.com\/da\/produkt\/kabelkasse-med-kraftige-hjul\/#primaryimage"},"image":{"@id":"https:\/\/sxflightcase.com\/da\/produkt\/kabelkasse-med-kraftige-hjul\/#primaryimage"},"thumbnailUrl":"https:\/\/sxflightcase.com\/wp-content\/uploads\/2024\/05\/1714963633661.jpg","datePublished":"2024-05-06T08:24:28+00:00","dateModified":"2025-02-19T03:48:08+00:00","description":"F\u00e1brica de fundas para cables: Especializada en venta directa y personalizaci\u00f3n profesional para soluciones de protecci\u00f3n de equipos de primera calidad.","breadcrumb":{"@id":"https:\/\/sxflightcase.com\/da\/produkt\/kabelkasse-med-kraftige-hjul\/#breadcrumb"},"inLanguage":"es","potentialAction":[{"@type":"ReadAction","target":["https:\/\/sxflightcase.com\/da\/produkt\/kabelkasse-med-kraftige-hjul\/"]}]},{"@type":"ImageObject","inLanguage":"es","@id":"https:\/\/sxflightcase.com\/da\/produkt\/kabelkasse-med-kraftige-hjul\/#primaryimage","url":"https:\/\/sxflightcase.com\/wp-content\/uploads\/2024\/05\/1714963633661.jpg","contentUrl":"https:\/\/sxflightcase.com\/wp-content\/uploads\/2024\/05\/1714963633661.jpg","width":691,"height":692,"caption":"cable case"},{"@type":"BreadcrumbList","@id":"https:\/\/sxflightcase.com\/da\/produkt\/kabelkasse-med-kraftige-hjul\/#breadcrumb","itemListElement":[{"@type":"ListItem","position":1,"name":"Home","item":"https:\/\/sxflightcase.com\/"},{"@type":"ListItem","position":2,"name":"\u0e2a\u0e34\u0e19\u0e04\u0e49\u0e32","item":"https:\/\/sxflightcase.com\/th\/shop\/"},{"@type":"ListItem","position":3,"name":"Cable Case With Heavy Duty Wheels"}]},{"@type":"WebSite","@id":"https:\/\/sxflightcase.com\/th\/#website","url":"https:\/\/sxflightcase.com\/th\/","name":"es.sxpowercase.com","description":"F\u00e1brica de flightcases","publisher":{"@id":"https:\/\/sxflightcase.com\/th\/#organization"},"potentialAction":[{"@type":"SearchAction","target":{"@type":"EntryPoint","urlTemplate":"https:\/\/sxflightcase.com\/th\/?s={search_term_string}"},"query-input":{"@type":"PropertyValueSpecification","valueRequired":true,"valueName":"search_term_string"}}],"inLanguage":"es"},{"@type":"Organization","@id":"https:\/\/sxflightcase.com\/th\/#organization","name":"es.sxpowercase.com","url":"https:\/\/sxflightcase.com\/th\/","logo":{"@type":"ImageObject","inLanguage":"es","@id":"https:\/\/sxflightcase.com\/th\/#\/schema\/logo\/image\/","url":"https:\/\/sxflightcase.com\/wp-content\/uploads\/2024\/04\/1713919036007.jpg","contentUrl":"https:\/\/sxflightcase.com\/wp-content\/uploads\/2024\/04\/1713919036007.jpg","width":382,"height":388,"caption":"sxpowercase.com"},"image":{"@id":"https:\/\/sxflightcase.com\/th\/#\/schema\/logo\/image\/"},"sameAs":["https:\/\/www.facebook.com\/profile.php?id=61560407257971"],"numberOfEmployees":{"@type":"QuantitativeValue","minValue":"11","maxValue":"50"}}]}},"_links":{"self":[{"href":"https:\/\/sxflightcase.com\/es\/wp-json\/wp\/v2\/product\/1082","targetHints":{"allow":["GET"]}}],"collection":[{"href":"https:\/\/sxflightcase.com\/es\/wp-json\/wp\/v2\/product"}],"about":[{"href":"https:\/\/sxflightcase.com\/es\/wp-json\/wp\/v2\/types\/product"}],"replies":[{"embeddable":true,"href":"https:\/\/sxflightcase.com\/es\/wp-json\/wp\/v2\/comments?post=1082"}],"version-history":[{"count":0,"href":"https:\/\/sxflightcase.com\/es\/wp-json\/wp\/v2\/product\/1082\/revisions"}],"wp:featuredmedia":[{"embeddable":true,"href":"https:\/\/sxflightcase.com\/es\/wp-json\/wp\/v2\/media\/1083"}],"wp:attachment":[{"href":"https:\/\/sxflightcase.com\/es\/wp-json\/wp\/v2\/media?parent=1082"}],"wp:term":[{"taxonomy":"product_brand","embeddable":true,"href":"https:\/\/sxflightcase.com\/es\/wp-json\/wp\/v2\/product_brand?post=1082"},{"taxonomy":"product_cat","embeddable":true,"href":"https:\/\/sxflightcase.com\/es\/wp-json\/wp\/v2\/product_cat?post=1082"},{"taxonomy":"product_tag","embeddable":true,"href":"https:\/\/sxflightcase.com\/es\/wp-json\/wp\/v2\/product_tag?post=1082"}],"curies":[{"name":"wp","href":"https:\/\/api.w.org\/{rel}","templated":true}]}}