{"id":1102,"date":"2024-05-07T06:44:03","date_gmt":"2024-05-07T05:44:03","guid":{"rendered":"https:\/\/sxpowercase.com\/?post_type=product&#038;p=1102"},"modified":"2025-02-19T23:31:10","modified_gmt":"2025-02-20T07:31:10","slug":"yamaha-mixer-case","status":"publish","type":"product","link":"https:\/\/sxflightcase.com\/es\/producto\/maletin-mezclador-yamaha\/","title":{"rendered":"Yamaha Mixer Case| Personalizable y duradero"},"content":{"rendered":"<h3><strong>Vista general del producto: Yamaha Mixer Case<\/strong><\/h3>\n<p>El\u00a0<strong>Estuche para mezclador Yamaha<\/strong>\u00a0est\u00e1 dise\u00f1ado para proporcionar una protecci\u00f3n superior para su mezclador durante el transporte y el almacenamiento. Tanto si est\u00e1 preparando un gimnasio, un teatro, un espect\u00e1culo o un evento corporativo, nuestras maletas garantizan la seguridad de su equipo.<\/p>\n<hr \/>\n<h3><strong>Caracter\u00edsticas principales:<\/strong><\/h3>\n<ul>\n<li><strong>Material:<\/strong>\u00a0Construcci\u00f3n de madera contrachapada laminada de 9 mm para una m\u00e1xima durabilidad<\/li>\n<li><strong>Hardware:<\/strong>\u00a0Herrajes chapados de calidad comercial, incluidos\u00a0<strong>Asas y cierres Signature Gator Red<\/strong>, y\u00a0<strong>esquinas de bola<\/strong><\/li>\n<li><strong>Movilidad:<\/strong>\u00a0Asa de remolque empotrada con resorte y ruedas incorporadas para facilitar el transporte<\/li>\n<li><strong>Interior:<\/strong>\u00a0Acolchado de espuma EVA Ultra-Dur con bloques de ventilaci\u00f3n para el flujo de aire del ventilador<\/li>\n<li><strong>Opciones de color:<\/strong>\u00a0Negro, azul, rojo o colores personalizados disponibles<\/li>\n<li><strong>Uso:<\/strong>\u00a0Ideal para proteger, transportar y almacenar mesas de mezclas Yamaha<\/li>\n<\/ul>\n<hr \/>\n<h3><strong>Aplicaciones:<\/strong><\/h3>\n<p>El malet\u00edn para mezclador Yamaha es perfecto para una gran variedad de entornos, entre los que se incluyen:<\/p>\n<ul>\n<li><strong>Gimnasios<\/strong><\/li>\n<li><strong>Teatros<\/strong><\/li>\n<li><strong>Representaciones esc\u00e9nicas<\/strong><\/li>\n<li><strong>Eventos al aire libre<\/strong><\/li>\n<li><strong>Hoteles y salas de reuniones<\/strong><\/li>\n<\/ul>\n<hr \/>\n<h3><strong>\u00bfPor qu\u00e9 elegir nuestro malet\u00edn para mesas de mezclas Yamaha?<\/strong><\/h3>\n<ol start=\"1\">\n<li><strong>Protecci\u00f3n superior<\/strong><br \/>\nNuestras maletas est\u00e1n fabricadas para soportar los rigores del transporte, garantizando que su mezcladora permanezca a salvo de golpes, ca\u00eddas y otros peligros.<\/li>\n<li><strong>Dise\u00f1o personalizable<\/strong><br \/>\nOfrecemos\u00a0<strong>soluciones personalizadas<\/strong>\u00a0para adaptarse a su modelo de hormigonera y a sus requisitos espec\u00edficos. Elija entre diferentes colores, materiales y distribuciones interiores.<\/li>\n<li><strong>Movilidad mejorada<\/strong><br \/>\nCon asas y ruedas incorporadas, nuestras maletas facilitan el transporte de la mesa de mezclas de un lugar a otro, ahorr\u00e1ndole tiempo y esfuerzo.<\/li>\n<li><strong>Durabilidad y confiabilidad<\/strong><br \/>\nFabricadas con materiales de alta calidad, nuestras fundas est\u00e1n dise\u00f1adas para durar y proteger a largo plazo sus valiosos equipos.<\/li>\n<\/ol>\n<hr \/>\n<h3><strong>Embalaje y env\u00edo:<\/strong><\/h3>\n<ul>\n<li><strong>Plazo de entrega:<\/strong>\n<ul>\n<li>Por mar: 15-60 d\u00edas<\/li>\n<li>Por avi\u00f3n: 4-9 d\u00edas<\/li>\n<li>Por expreso: 4-9 d\u00edas<\/li>\n<\/ul>\n<\/li>\n<li><strong>Plazo de entrega:<\/strong>\u00a07-15 d\u00edas laborables o seg\u00fan sus necesidades<\/li>\n<li><strong>Embalaje:<\/strong>\u00a0Embalaje de cart\u00f3n o personalizado disponible<\/li>\n<\/ul>\n<hr \/>\n<h3><strong>Nuestro servicio:<\/strong><\/h3>\n<ul>\n<li><strong>Servicio profesional:<\/strong>\u00a0Experiencia en envasado y exportaci\u00f3n de productos a todo el mundo<\/li>\n<li><strong>Excelencia en la fabricaci\u00f3n:<\/strong>\u00a0Producci\u00f3n de alta calidad con atenci\u00f3n al detalle<\/li>\n<li><strong>Opciones de pago flexibles:<\/strong>\u00a0T\/T, Western Union y m\u00e1s<\/li>\n<\/ul>\n<hr \/>\n<h3><strong>Qui\u00e9nes somos:<\/strong><\/h3>\n<p>Con a\u00f1os de experiencia, nos hemos forjado una reputaci\u00f3n de integridad, profesionalidad y excelentes precios. Nuestros productos gozan de la confianza de clientes de todo el mundo. Mantenemos nuestro compromiso de ofrecer\u00a0<strong>calidad, valor y satisfacci\u00f3n del cliente<\/strong>.<\/p>\n<hr \/>\n<h3><strong>Preguntas frecuentes:<\/strong><\/h3>\n<p><strong>P: \u00bfSe puede personalizar la maleta Yamaha Mixer Case para modelos espec\u00edficos de mesas de mezclas?<\/strong><br \/>\nR: S\u00ed, ofrecemos soluciones personalizadas dise\u00f1adas para adaptarse perfectamente a su mezclador.<\/p>\n<p><strong>P: \u00bfSon adecuadas estas fundas para su uso en exteriores?<\/strong><br \/>\nR: \u00a1Por supuesto! Nuestras fundas est\u00e1n dise\u00f1adas para resistir diversos entornos, lo que garantiza que tu batidora estar\u00e1 protegida vayas donde vayas.<\/p>\n<p><strong>P: \u00bfCu\u00e1nto tiempo se tarda en recibir una maleta personalizada Yamaha Mixer Case?<\/strong><br \/>\nR: Los plazos de entrega var\u00edan en funci\u00f3n de la complejidad del caso y de nuestra carga de trabajo actual. P\u00f3ngase en contacto con nosotros para conocer los plazos de entrega.<\/p>\n<p><strong>P: \u00bfEstas fundas tienen cobertura de garant\u00eda?<\/strong><br \/>\nR: S\u00ed, nuestras fundas incluyen cobertura de garant\u00eda para mayor tranquilidad.<\/p>\n<p><strong>P: \u00bfPuedo hacer pedidos al por mayor?<\/strong><br \/>\nR: S\u00ed, podemos aceptar pedidos al por mayor. P\u00f3ngase en contacto con nosotros para consultar precios y disponibilidad.<\/p>\n<hr \/>\n<h3><strong>Pida hoy mismo su malet\u00edn para mesa de mezclas Yamaha<\/strong><\/h3>\n<p>\u00bfEst\u00e1 listo para proteger su mezclador Yamaha con nuestros flight cases de alta calidad? P\u00f3ngase en contacto con nosotros ahora para dise\u00f1ar su soluci\u00f3n personalizada.<\/p>\n<p><strong>Obtenga acceso ahora:<\/strong>\u00a0<a href=\"https:\/\/sxpowercase.com\/contact-us\/\" target=\"_blank\" rel=\"noopener noreferrer\">https:\/\/sxpowercase.com\/contact-us\/<\/a><\/p>\n<p class=\"productsTags\">Etiquetas calientes: Precio bajo, en stock, muestra gratis, cable de alimentaci\u00f3n y se\u00f1al, cable de 4 conductores de calibre 16, estuche para soporte de micr\u00f3fono, gabinete de exhibici\u00f3n LED para exteriores, montaje en rack, caja de distribuci\u00f3n el\u00e9ctrica, China, proveedores, f\u00e1brica, personalizado, venta al por mayor, <span style=\"color: #993366;\"><a style=\"color: #993366;\" href=\"https:\/\/sxflightcase.com\/es\/product-category\/all-product\/power-distribution-boxes\/\">cajas de poder<\/a>,\u00a0<a style=\"color: #993366;\" href=\"https:\/\/sxflightcase.com\/es\/product-category\/all-product\/hoist-controllers\/\">cables de alimentaci\u00f3n<\/a>,\u00a0<a style=\"color: #993366;\" href=\"https:\/\/sxflightcase.com\/es\/product-category\/all-product\/hoist-controllers\/\">controladores de polipasto<\/a>,\u00a0<a style=\"color: #993366;\" href=\"https:\/\/sxflightcase.com\/es\/product-category\/all-product\/flight-case\/\">Estuches de vuelo.<\/a><\/span><\/p>","protected":false},"excerpt":{"rendered":"<h2>Estuche para mezclador Yamaha<\/h2>\n<p>Dise\u00f1ado y fabricado espec\u00edficamente para el malet\u00edn de la mesa de mezclas Yamaha. Fabricada en policarbonato, un pl\u00e1stico resistente y transparente, duradero y resistente a los impactos, lo que la convierte en una inversi\u00f3n esencial. La cubierta protege los faders y los mandos del polvo, los l\u00edquidos y otros elementos da\u00f1inos. Acomoda los cables y encierra los controladores. Recomendada por la industria y utilizada por particulares.<\/p>\n<h2><strong>Introducci\u00f3n a la producci\u00f3n<\/strong><\/h2>\n<p>Estuche para mesa de mezclas Yamaha<\/p>\n<p>- La cubierta protege la superficie de control, los faders y los mandos de golpes, polvo, l\u00edquidos y otros elementos da\u00f1inos.<\/p>\n<p>- Dise\u00f1ado para adaptarse a la consola de mezclas profesional yamaha<\/p>\n<p>- Fabricado en policarbonato, un pl\u00e1stico muy resistente utilizado en cristales antibalas<\/p>\n<p>- Cubre mientras los cables permanecen conectados. Cubra la unidad durante su uso para evitar cambios de mezcla accidentales, o cuando controle la consola a distancia.<\/p>\n<p>- Protecci\u00f3n resistente y atractiva para su consola<\/p>","protected":false},"featured_media":1106,"comment_status":"open","ping_status":"closed","template":"","meta":[],"product_brand":[],"product_cat":[41],"product_tag":[],"class_list":{"0":"post-1102","1":"product","2":"type-product","3":"status-publish","4":"has-post-thumbnail","6":"product_cat-equipment-cases","8":"first","9":"instock","10":"shipping-taxable","11":"product-type-simple"},"yoast_head":"<!-- This site is optimized with the Yoast SEO Premium plugin v27.1 (Yoast SEO v27.2) - https:\/\/yoast.com\/product\/yoast-seo-premium-wordpress\/ -->\n<title>Yamaha Mixer Case| Customizable &amp; Durable - https:\/\/sxflightcase.com \ud83d\udc97<\/title>\n<meta name=\"description\" content=\"Yamaha Mixer Case Factory: Specializing in direct sales and professional customization for premium equipment protection solutions.\" \/>\n<meta name=\"robots\" content=\"index, follow, max-snippet:-1, max-image-preview:large, max-video-preview:-1\" \/>\n<link rel=\"canonical\" href=\"https:\/\/sxflightcase.com\/es\/termek\/yamaha-mixer-tok\/\" \/>\n<meta property=\"og:locale\" content=\"es_MX\" \/>\n<meta property=\"og:type\" content=\"article\" \/>\n<meta property=\"og:title\" content=\"Yamaha Mixer Case| Customizable &amp; Durable\" \/>\n<meta property=\"og:description\" content=\"Yamaha Mixer Case Factory: Specializing in direct sales and professional customization for premium equipment protection solutions.\" \/>\n<meta property=\"og:url\" content=\"https:\/\/sxflightcase.com\/es\/termek\/yamaha-mixer-tok\/\" \/>\n<meta property=\"og:site_name\" content=\"https:\/\/sxflightcase.com\" \/>\n<meta property=\"article:publisher\" content=\"https:\/\/www.facebook.com\/profile.php?id=61560407257971\" \/>\n<meta property=\"article:modified_time\" content=\"2025-02-20T07:31:10+00:00\" \/>\n<meta property=\"og:image\" content=\"https:\/\/sxflightcase.com\/wp-content\/uploads\/2024\/05\/yamaha-mixer-case59351388027.webp\" \/>\n\t<meta property=\"og:image:width\" content=\"730\" \/>\n\t<meta property=\"og:image:height\" content=\"730\" \/>\n\t<meta property=\"og:image:type\" content=\"image\/webp\" \/>\n<meta name=\"twitter:card\" content=\"summary_large_image\" \/>\n<meta name=\"twitter:label1\" content=\"Tiempo de lectura\" \/>\n\t<meta name=\"twitter:data1\" content=\"4 minutos\" \/>\n<script type=\"application\/ld+json\" class=\"yoast-schema-graph\">{\"@context\":\"https:\/\/schema.org\",\"@graph\":[{\"@type\":\"WebPage\",\"@id\":\"https:\/\/sxflightcase.com\/hu\/termek\/yamaha-mixer-tok\/\",\"url\":\"https:\/\/sxflightcase.com\/hu\/termek\/yamaha-mixer-tok\/\",\"name\":\"Yamaha Mixer Case| Customizable & Durable - https:\/\/sxflightcase.com \ud83d\udc97\",\"isPartOf\":{\"@id\":\"https:\/\/sxflightcase.com\/th\/#website\"},\"primaryImageOfPage\":{\"@id\":\"https:\/\/sxflightcase.com\/hu\/termek\/yamaha-mixer-tok\/#primaryimage\"},\"image\":{\"@id\":\"https:\/\/sxflightcase.com\/hu\/termek\/yamaha-mixer-tok\/#primaryimage\"},\"thumbnailUrl\":\"https:\/\/sxflightcase.com\/wp-content\/uploads\/2024\/05\/yamaha-mixer-case59351388027.webp\",\"datePublished\":\"2024-05-07T05:44:03+00:00\",\"dateModified\":\"2025-02-20T07:31:10+00:00\",\"description\":\"Yamaha Mixer Case Factory: Specializing in direct sales and professional customization for premium equipment protection solutions.\",\"breadcrumb\":{\"@id\":\"https:\/\/sxflightcase.com\/hu\/termek\/yamaha-mixer-tok\/#breadcrumb\"},\"inLanguage\":\"es\",\"potentialAction\":[{\"@type\":\"ReadAction\",\"target\":[\"https:\/\/sxflightcase.com\/hu\/termek\/yamaha-mixer-tok\/\"]}]},{\"@type\":\"ImageObject\",\"inLanguage\":\"es\",\"@id\":\"https:\/\/sxflightcase.com\/hu\/termek\/yamaha-mixer-tok\/#primaryimage\",\"url\":\"https:\/\/sxflightcase.com\/wp-content\/uploads\/2024\/05\/yamaha-mixer-case59351388027.webp\",\"contentUrl\":\"https:\/\/sxflightcase.com\/wp-content\/uploads\/2024\/05\/yamaha-mixer-case59351388027.webp\",\"width\":730,\"height\":730,\"caption\":\"Yamaha Mixer Case\"},{\"@type\":\"BreadcrumbList\",\"@id\":\"https:\/\/sxflightcase.com\/hu\/termek\/yamaha-mixer-tok\/#breadcrumb\",\"itemListElement\":[{\"@type\":\"ListItem\",\"position\":1,\"name\":\"Home\",\"item\":\"https:\/\/sxflightcase.com\/\"},{\"@type\":\"ListItem\",\"position\":2,\"name\":\"\u0e2a\u0e34\u0e19\u0e04\u0e49\u0e32\",\"item\":\"https:\/\/sxflightcase.com\/th\/shop\/\"},{\"@type\":\"ListItem\",\"position\":3,\"name\":\"Yamaha Mixer Case| Customizable &#038; Durable\"}]},{\"@type\":\"WebSite\",\"@id\":\"https:\/\/sxflightcase.com\/th\/#website\",\"url\":\"https:\/\/sxflightcase.com\/th\/\",\"name\":\"sxpowercase.com\",\"description\":\"Flight Case Factory\",\"publisher\":{\"@id\":\"https:\/\/sxflightcase.com\/th\/#organization\"},\"potentialAction\":[{\"@type\":\"SearchAction\",\"target\":{\"@type\":\"EntryPoint\",\"urlTemplate\":\"https:\/\/sxflightcase.com\/th\/?s={search_term_string}\"},\"query-input\":{\"@type\":\"PropertyValueSpecification\",\"valueRequired\":true,\"valueName\":\"search_term_string\"}}],\"inLanguage\":\"es\"},{\"@type\":\"Organization\",\"@id\":\"https:\/\/sxflightcase.com\/th\/#organization\",\"name\":\"sxpowercase.com\",\"url\":\"https:\/\/sxflightcase.com\/th\/\",\"logo\":{\"@type\":\"ImageObject\",\"inLanguage\":\"es\",\"@id\":\"https:\/\/sxflightcase.com\/th\/#\/schema\/logo\/image\/\",\"url\":\"https:\/\/sxflightcase.com\/wp-content\/uploads\/2024\/04\/1713919036007.jpg\",\"contentUrl\":\"https:\/\/sxflightcase.com\/wp-content\/uploads\/2024\/04\/1713919036007.jpg\",\"width\":382,\"height\":388,\"caption\":\"sxpowercase.com\"},\"image\":{\"@id\":\"https:\/\/sxflightcase.com\/th\/#\/schema\/logo\/image\/\"},\"sameAs\":[\"https:\/\/www.facebook.com\/profile.php?id=61560407257971\"],\"numberOfEmployees\":{\"@type\":\"QuantitativeValue\",\"minValue\":\"11\",\"maxValue\":\"50\"}}]}<\/script>\n<!-- \/ Yoast SEO Premium plugin. -->","yoast_head_json":{"title":"Yamaha Mixer Case| Customizable & Durable - https:\/\/sxflightcase.com \ud83d\udc97","description":"Yamaha Mixer Case Factory: Especializada en venta directa y personalizaci\u00f3n profesional para soluciones de protecci\u00f3n de equipos de primera calidad.","robots":{"index":"index","follow":"follow","max-snippet":"max-snippet:-1","max-image-preview":"max-image-preview:large","max-video-preview":"max-video-preview:-1"},"canonical":"https:\/\/sxflightcase.com\/es\/termek\/yamaha-mixer-tok\/","og_locale":"es_MX","og_type":"article","og_title":"Yamaha Mixer Case| Customizable & Durable","og_description":"Yamaha Mixer Case Factory: Specializing in direct sales and professional customization for premium equipment protection solutions.","og_url":"https:\/\/sxflightcase.com\/es\/termek\/yamaha-mixer-tok\/","og_site_name":"https:\/\/sxflightcase.com","article_publisher":"https:\/\/www.facebook.com\/profile.php?id=61560407257971","article_modified_time":"2025-02-20T07:31:10+00:00","og_image":[{"width":730,"height":730,"url":"https:\/\/sxflightcase.com\/wp-content\/uploads\/2024\/05\/yamaha-mixer-case59351388027.webp","type":"image\/webp"}],"twitter_card":"summary_large_image","twitter_misc":{"Tiempo de lectura":"4 minutos"},"schema":{"@context":"https:\/\/schema.org","@graph":[{"@type":"WebPage","@id":"https:\/\/sxflightcase.com\/hu\/termek\/yamaha-mixer-tok\/","url":"https:\/\/sxflightcase.com\/hu\/termek\/yamaha-mixer-tok\/","name":"Yamaha Mixer Case| Customizable & Durable - https:\/\/sxflightcase.com \ud83d\udc97","isPartOf":{"@id":"https:\/\/sxflightcase.com\/th\/#website"},"primaryImageOfPage":{"@id":"https:\/\/sxflightcase.com\/hu\/termek\/yamaha-mixer-tok\/#primaryimage"},"image":{"@id":"https:\/\/sxflightcase.com\/hu\/termek\/yamaha-mixer-tok\/#primaryimage"},"thumbnailUrl":"https:\/\/sxflightcase.com\/wp-content\/uploads\/2024\/05\/yamaha-mixer-case59351388027.webp","datePublished":"2024-05-07T05:44:03+00:00","dateModified":"2025-02-20T07:31:10+00:00","description":"Yamaha Mixer Case Factory: Especializada en venta directa y personalizaci\u00f3n profesional para soluciones de protecci\u00f3n de equipos de primera calidad.","breadcrumb":{"@id":"https:\/\/sxflightcase.com\/hu\/termek\/yamaha-mixer-tok\/#breadcrumb"},"inLanguage":"es","potentialAction":[{"@type":"ReadAction","target":["https:\/\/sxflightcase.com\/hu\/termek\/yamaha-mixer-tok\/"]}]},{"@type":"ImageObject","inLanguage":"es","@id":"https:\/\/sxflightcase.com\/hu\/termek\/yamaha-mixer-tok\/#primaryimage","url":"https:\/\/sxflightcase.com\/wp-content\/uploads\/2024\/05\/yamaha-mixer-case59351388027.webp","contentUrl":"https:\/\/sxflightcase.com\/wp-content\/uploads\/2024\/05\/yamaha-mixer-case59351388027.webp","width":730,"height":730,"caption":"Yamaha Mixer Case"},{"@type":"BreadcrumbList","@id":"https:\/\/sxflightcase.com\/hu\/termek\/yamaha-mixer-tok\/#breadcrumb","itemListElement":[{"@type":"ListItem","position":1,"name":"Home","item":"https:\/\/sxflightcase.com\/"},{"@type":"ListItem","position":2,"name":"\u0e2a\u0e34\u0e19\u0e04\u0e49\u0e32","item":"https:\/\/sxflightcase.com\/th\/shop\/"},{"@type":"ListItem","position":3,"name":"Yamaha Mixer Case| Customizable &#038; Durable"}]},{"@type":"WebSite","@id":"https:\/\/sxflightcase.com\/th\/#website","url":"https:\/\/sxflightcase.com\/th\/","name":"es.sxpowercase.com","description":"F\u00e1brica de flightcases","publisher":{"@id":"https:\/\/sxflightcase.com\/th\/#organization"},"potentialAction":[{"@type":"SearchAction","target":{"@type":"EntryPoint","urlTemplate":"https:\/\/sxflightcase.com\/th\/?s={search_term_string}"},"query-input":{"@type":"PropertyValueSpecification","valueRequired":true,"valueName":"search_term_string"}}],"inLanguage":"es"},{"@type":"Organization","@id":"https:\/\/sxflightcase.com\/th\/#organization","name":"es.sxpowercase.com","url":"https:\/\/sxflightcase.com\/th\/","logo":{"@type":"ImageObject","inLanguage":"es","@id":"https:\/\/sxflightcase.com\/th\/#\/schema\/logo\/image\/","url":"https:\/\/sxflightcase.com\/wp-content\/uploads\/2024\/04\/1713919036007.jpg","contentUrl":"https:\/\/sxflightcase.com\/wp-content\/uploads\/2024\/04\/1713919036007.jpg","width":382,"height":388,"caption":"sxpowercase.com"},"image":{"@id":"https:\/\/sxflightcase.com\/th\/#\/schema\/logo\/image\/"},"sameAs":["https:\/\/www.facebook.com\/profile.php?id=61560407257971"],"numberOfEmployees":{"@type":"QuantitativeValue","minValue":"11","maxValue":"50"}}]}},"_links":{"self":[{"href":"https:\/\/sxflightcase.com\/es\/wp-json\/wp\/v2\/product\/1102","targetHints":{"allow":["GET"]}}],"collection":[{"href":"https:\/\/sxflightcase.com\/es\/wp-json\/wp\/v2\/product"}],"about":[{"href":"https:\/\/sxflightcase.com\/es\/wp-json\/wp\/v2\/types\/product"}],"replies":[{"embeddable":true,"href":"https:\/\/sxflightcase.com\/es\/wp-json\/wp\/v2\/comments?post=1102"}],"version-history":[{"count":0,"href":"https:\/\/sxflightcase.com\/es\/wp-json\/wp\/v2\/product\/1102\/revisions"}],"wp:featuredmedia":[{"embeddable":true,"href":"https:\/\/sxflightcase.com\/es\/wp-json\/wp\/v2\/media\/1106"}],"wp:attachment":[{"href":"https:\/\/sxflightcase.com\/es\/wp-json\/wp\/v2\/media?parent=1102"}],"wp:term":[{"taxonomy":"product_brand","embeddable":true,"href":"https:\/\/sxflightcase.com\/es\/wp-json\/wp\/v2\/product_brand?post=1102"},{"taxonomy":"product_cat","embeddable":true,"href":"https:\/\/sxflightcase.com\/es\/wp-json\/wp\/v2\/product_cat?post=1102"},{"taxonomy":"product_tag","embeddable":true,"href":"https:\/\/sxflightcase.com\/es\/wp-json\/wp\/v2\/product_tag?post=1102"}],"curies":[{"name":"wp","href":"https:\/\/api.w.org\/{rel}","templated":true}]}}