{"id":1120,"date":"2024-05-07T06:56:29","date_gmt":"2024-05-07T05:56:29","guid":{"rendered":"https:\/\/sxpowercase.com\/?post_type=product&#038;p=1120"},"modified":"2025-05-16T00:23:02","modified_gmt":"2025-05-16T07:23:02","slug":"mixer-rack-case","status":"publish","type":"product","link":"https:\/\/sxflightcase.com\/es\/producto\/estuche-para-batidora\/","title":{"rendered":"Estuche para bastidor de mezclador"},"content":{"rendered":"<h3><strong>Resumen de productos: Estuche para mesa de mezclas<\/strong><\/h3>\n<p>El\u00a0<strong>SX <a href=\"https:\/\/sxpowercase.com\/product\/19-flight-case-racks\/\">Estuche para bastidor de mezclador<\/a><\/strong>\u00a0est\u00e1 dise\u00f1ado para proporcionar la m\u00e1xima protecci\u00f3n a su equipo de audio. Tanto si eres DJ, ingeniero de sonido o m\u00fasico, nuestras fundas garantizan que tu mesa de mezclas est\u00e9 a salvo de golpes, ca\u00eddas y otros peligros durante el transporte.<\/p>\n<hr \/>\n<h3><strong>Caracter\u00edsticas principales:<\/strong><\/h3>\n<ul>\n<li><strong>Material:<\/strong>\u00a0Contrachapado laminado de 9 mm con\u00a0<strong>herrajes chapados de calidad comercial<\/strong>\u00a0y\u00a0<strong>extrusi\u00f3n de aluminio<\/strong>\u00a0para una durabilidad m\u00e1xima<\/li>\n<li><strong>Forro de espuma:<\/strong>\u00a0Acolchado de espuma EVA Ultra-Dur con bloques de ventilaci\u00f3n para el flujo de aire del ventilador<\/li>\n<li><strong>Opciones de color:<\/strong>\u00a0Disponible en\u00a0<strong>Negro (por defecto)<\/strong>Azul, rojo o colores personalizados<\/li>\n<li><strong>Movilidad:<\/strong>\u00a0Asa de remolque empotrada con resorte y ruedas incorporadas para facilitar el transporte<\/li>\n<li><strong>Dimensiones:<\/strong>\u00a0Personalizable para adaptarse a su equipo espec\u00edfico<\/li>\n<\/ul>\n<hr \/>\n<h3><strong>\u00bfPor qu\u00e9 elegir las cajas rack para mesas de mezclas SX?<\/strong><\/h3>\n<ol start=\"1\">\n<li><strong>Venta directa de f\u00e1brica a un precio inmejorable<\/strong><br \/>\nAl eliminar al intermediario, ofrecemos\u00a0<strong>maletas de alta calidad a precios competitivos<\/strong>. Nuestro modelo directo de f\u00e1brica le garantiza el mejor precio sin comprometer la calidad.<\/li>\n<li><strong>Adaptable a sus necesidades<\/strong><br \/>\nCada profesional tiene unas necesidades \u00fanicas. Nosotros ofrecemos\u00a0<strong>amplias opciones de personalizaci\u00f3n<\/strong>incluyendo dimensiones espec\u00edficas, tipos de espuma y compartimentos adicionales, para crear una maleta que se adapte perfectamente a su equipo.<\/li>\n<li><strong>Duradero y fiable<\/strong><br \/>\nConstruidas para soportar las condiciones m\u00e1s duras, nuestras cajas rack para mezcladoras est\u00e1n dise\u00f1adas para\u00a0<strong>protecci\u00f3n duradera<\/strong>. Tanto si est\u00e1 de viaje como en el estudio, su equipo estar\u00e1 seguro y protegido.<\/li>\n<li><strong>Movilidad mejorada<\/strong><br \/>\nCon asas resistentes y ruedas opcionales, nuestras maletas facilitan el transporte de la mezcladora de un lugar a otro, ahorr\u00e1ndole tiempo y esfuerzo.<\/li>\n<\/ol>\n<hr \/>\n<h3><strong>Aplicaciones:<\/strong><\/h3>\n<p>La caja rack para mezclador SX es ideal para:<\/p>\n<ul>\n<li><strong>DJs<\/strong><\/li>\n<li><strong>Ingenieros de sonido<\/strong><\/li>\n<li><strong>M\u00fasicos<\/strong><\/li>\n<li><strong>Organizadores de eventos<\/strong><\/li>\n<li><strong>Profesionales del estudio<\/strong><\/li>\n<\/ul>\n<hr \/>\n<h3><strong>Embalaje y env\u00edo:<\/strong><\/h3>\n<ul>\n<li><strong>Plazo de entrega:<\/strong>\n<ul>\n<li>Por mar: 15-60 d\u00edas<\/li>\n<li>Por avi\u00f3n: 4-9 d\u00edas<\/li>\n<li>Por expreso: 4-9 d\u00edas<\/li>\n<\/ul>\n<\/li>\n<li><strong>Plazo de entrega:<\/strong>\u00a07-15 d\u00edas laborables o seg\u00fan sus necesidades<\/li>\n<li><strong>Embalaje:<\/strong>\u00a0Embalaje de cart\u00f3n o personalizado disponible<\/li>\n<\/ul>\n<hr \/>\n<h3><strong>Nuestro servicio:<\/strong><\/h3>\n<ul>\n<li><strong>Servicio profesional:<\/strong>\u00a0Experiencia en la fabricaci\u00f3n y exportaci\u00f3n de maletas de alta calidad<\/li>\n<li><strong>Excelencia en la fabricaci\u00f3n:<\/strong>\u00a0Atenci\u00f3n al detalle y artesan\u00eda superior<\/li>\n<li><strong>Opciones de pago flexibles:<\/strong>\u00a0T\/T, Western Union y m\u00e1s<\/li>\n<\/ul>\n<hr \/>\n<h3><strong>Qui\u00e9nes somos:<\/strong><\/h3>\n<p>Con a\u00f1os de experiencia, SX se ha forjado una reputaci\u00f3n de\u00a0<strong>integridad, profesionalidad y precios excelentes<\/strong>. Nuestros productos gozan de la confianza de clientes de todo el mundo, y mantenemos nuestro compromiso de ofrecer\u00a0<strong>calidad, valor y satisfacci\u00f3n del cliente<\/strong>.<\/p>\n<hr \/>\n<h3><strong>Preguntas frecuentes:<\/strong><\/h3>\n<p><strong>P: \u00bfQu\u00e9 impide que la batidora se caiga sobre su parte superior cuando se cierra la maleta?<\/strong><br \/>\nR: Hay almohadillas de espuma en la tapa de la nariz para mantener el mezclador seguro y evitar que caiga en la parte superior.<\/p>\n<p><strong>P: \u00bfPara qu\u00e9 sirve la caseta del perro?<\/strong><br \/>\nR: La caseta est\u00e1 dise\u00f1ada para almacenar y ocultar las conexiones y los cables, manteniendo la instalaci\u00f3n organizada y ordenada.<\/p>\n<p><strong>P: \u00bfPuedo hacer pedidos al por mayor?<\/strong><br \/>\nR: S\u00ed, podemos aceptar pedidos al por mayor. P\u00f3ngase en contacto con nosotros para consultar precios y disponibilidad.<\/p>\n<hr \/>\n<h3><strong>Pida hoy mismo su malet\u00edn para la mesa de mezclas<\/strong><\/h3>\n<p>\u00bfPreparado para proteger su mezcladora con las maletas para rack de primera calidad de SX? P\u00f3ngase en contacto con nosotros para dise\u00f1ar su soluci\u00f3n personalizada.<\/p>\n<p><strong>Obtenga acceso ahora:<\/strong>\u00a0<a href=\"https:\/\/sxpowercase.com\/contact-us\/\" target=\"_blank\" rel=\"noopener noreferrer\">https:\/\/sxpowercase.com\/contact-us\/<\/a><\/p>\n<p>Hot Tags: Power And Signal Cable, 16 Gauge 4 Conductor Wire, Microphone Stand Case, Outdoor Led Display Cabinet, Rack Mount,electrical distro box, China, proveedores, f\u00e1brica, modificado para requisitos particulares, al por mayor, <span style=\"color: #993366;\"><a style=\"color: #993366;\" href=\"https:\/\/sxflightcase.com\/es\/product-category\/all-product\/power-distribution-boxes\/\">cajas de poder<\/a>,\u00a0<a style=\"color: #993366;\" href=\"https:\/\/sxflightcase.com\/es\/product-category\/all-product\/hoist-controllers\/\">cables de alimentaci\u00f3n<\/a>,\u00a0<a style=\"color: #993366;\" href=\"https:\/\/sxflightcase.com\/es\/product-category\/all-product\/hoist-controllers\/\">controladores de polipasto<\/a>,\u00a0<a style=\"color: #993366;\" href=\"https:\/\/sxflightcase.com\/es\/product-category\/all-product\/flight-case\/\">Estuches de vuelo.<\/a><\/span><\/p>","protected":false},"excerpt":{"rendered":"<h2>Estuches para batidora<\/h2>\n<p>Todos los flight cases de Shengxiang se fabrican con los m\u00e1s altos est\u00e1ndares de artesan\u00eda. Nuestro equipo de dise\u00f1o cuenta con a\u00f1os de experiencia en flight cases de uso diario, as\u00ed como en la fabricaci\u00f3n de cajas.<\/p>\n<h2>Introducci\u00f3n a la producci\u00f3n<\/h2>\n<p>Estuches para batidora<\/p>\n<p>- Flight cases a medida para batidoras compactas<\/p>\n<p>- Construcci\u00f3n de madera contrachapada de 9 mm con blindaje de laminado r\u00edgido<\/p>\n<p>- El borde de aluminio ayuda a alinear la tapa con la base cuando est\u00e1 cerrada<\/p>\n<p>- La espuma Eva protege el interior y se adapta a la batidora<\/p>\n<p>- Cierre giratorio con bloqueo y empu\u00f1adura de goma el\u00e1stica Gator Red de calidad comercial.<\/p>","protected":false},"featured_media":1121,"comment_status":"open","ping_status":"closed","template":"","meta":[],"product_brand":[],"product_cat":[41],"product_tag":[],"class_list":{"0":"post-1120","1":"product","2":"type-product","3":"status-publish","4":"has-post-thumbnail","6":"product_cat-equipment-cases","8":"first","9":"instock","10":"shipping-taxable","11":"product-type-simple"},"yoast_head":"<!-- This site is optimized with the Yoast SEO Premium plugin v27.1 (Yoast SEO v27.2) - https:\/\/yoast.com\/product\/yoast-seo-premium-wordpress\/ -->\n<title>Mixer Rack Case - https:\/\/sxflightcase.com \ud83d\udc97<\/title>\n<meta name=\"description\" content=\"Mixer Rack Case: Explore factory-direct sales and professional customization for the ultimate protection of your equipment.\" \/>\n<meta name=\"robots\" content=\"index, follow, max-snippet:-1, max-image-preview:large, max-video-preview:-1\" \/>\n<link rel=\"canonical\" href=\"https:\/\/sxflightcase.com\/es\/\u4ea7\u54c1\/\u6405\u62cc\u673a\u673a\u67b6\u76d2\/\" \/>\n<meta property=\"og:locale\" content=\"es_MX\" \/>\n<meta property=\"og:type\" content=\"article\" \/>\n<meta property=\"og:title\" content=\"Mixer Rack Case\" \/>\n<meta property=\"og:description\" content=\"Mixer Rack Case: Explore factory-direct sales and professional customization for the ultimate protection of your equipment.\" \/>\n<meta property=\"og:url\" content=\"https:\/\/sxflightcase.com\/es\/\u4ea7\u54c1\/\u6405\u62cc\u673a\u673a\u67b6\u76d2\/\" \/>\n<meta property=\"og:site_name\" content=\"https:\/\/sxflightcase.com\" \/>\n<meta property=\"article:publisher\" content=\"https:\/\/www.facebook.com\/profile.php?id=61560407257971\" \/>\n<meta property=\"article:modified_time\" content=\"2025-05-16T07:23:02+00:00\" \/>\n<meta property=\"og:image\" content=\"https:\/\/sxflightcase.com\/wp-content\/uploads\/2024\/05\/mixer-rack-case47218518680.webp\" \/>\n\t<meta property=\"og:image:width\" content=\"700\" \/>\n\t<meta property=\"og:image:height\" content=\"700\" \/>\n\t<meta property=\"og:image:type\" content=\"image\/webp\" \/>\n<meta name=\"twitter:card\" content=\"summary_large_image\" \/>\n<meta name=\"twitter:label1\" content=\"Tiempo de lectura\" \/>\n\t<meta name=\"twitter:data1\" content=\"3 minutos\" \/>\n<script type=\"application\/ld+json\" class=\"yoast-schema-graph\">{\"@context\":\"https:\/\/schema.org\",\"@graph\":[{\"@type\":\"WebPage\",\"@id\":\"https:\/\/sxflightcase.com\/zh\/\u4ea7\u54c1\/\u6405\u62cc\u673a\u673a\u67b6\u76d2\/\",\"url\":\"https:\/\/sxflightcase.com\/zh\/\u4ea7\u54c1\/\u6405\u62cc\u673a\u673a\u67b6\u76d2\/\",\"name\":\"Mixer Rack Case - https:\/\/sxflightcase.com \ud83d\udc97\",\"isPartOf\":{\"@id\":\"https:\/\/sxflightcase.com\/th\/#website\"},\"primaryImageOfPage\":{\"@id\":\"https:\/\/sxflightcase.com\/zh\/\u4ea7\u54c1\/\u6405\u62cc\u673a\u673a\u67b6\u76d2\/#primaryimage\"},\"image\":{\"@id\":\"https:\/\/sxflightcase.com\/zh\/\u4ea7\u54c1\/\u6405\u62cc\u673a\u673a\u67b6\u76d2\/#primaryimage\"},\"thumbnailUrl\":\"https:\/\/sxflightcase.com\/wp-content\/uploads\/2024\/05\/mixer-rack-case47218518680.webp\",\"datePublished\":\"2024-05-07T05:56:29+00:00\",\"dateModified\":\"2025-05-16T07:23:02+00:00\",\"description\":\"Mixer Rack Case: Explore factory-direct sales and professional customization for the ultimate protection of your equipment.\",\"breadcrumb\":{\"@id\":\"https:\/\/sxflightcase.com\/zh\/\u4ea7\u54c1\/\u6405\u62cc\u673a\u673a\u67b6\u76d2\/#breadcrumb\"},\"inLanguage\":\"es\",\"potentialAction\":[{\"@type\":\"ReadAction\",\"target\":[\"https:\/\/sxflightcase.com\/zh\/\u4ea7\u54c1\/\u6405\u62cc\u673a\u673a\u67b6\u76d2\/\"]}]},{\"@type\":\"ImageObject\",\"inLanguage\":\"es\",\"@id\":\"https:\/\/sxflightcase.com\/zh\/\u4ea7\u54c1\/\u6405\u62cc\u673a\u673a\u67b6\u76d2\/#primaryimage\",\"url\":\"https:\/\/sxflightcase.com\/wp-content\/uploads\/2024\/05\/mixer-rack-case47218518680.webp\",\"contentUrl\":\"https:\/\/sxflightcase.com\/wp-content\/uploads\/2024\/05\/mixer-rack-case47218518680.webp\",\"width\":700,\"height\":700,\"caption\":\"mixer rack case\"},{\"@type\":\"BreadcrumbList\",\"@id\":\"https:\/\/sxflightcase.com\/zh\/\u4ea7\u54c1\/\u6405\u62cc\u673a\u673a\u67b6\u76d2\/#breadcrumb\",\"itemListElement\":[{\"@type\":\"ListItem\",\"position\":1,\"name\":\"Home\",\"item\":\"https:\/\/sxflightcase.com\/\"},{\"@type\":\"ListItem\",\"position\":2,\"name\":\"\u0e2a\u0e34\u0e19\u0e04\u0e49\u0e32\",\"item\":\"https:\/\/sxflightcase.com\/th\/shop\/\"},{\"@type\":\"ListItem\",\"position\":3,\"name\":\"Mixer Rack Case\"}]},{\"@type\":\"WebSite\",\"@id\":\"https:\/\/sxflightcase.com\/th\/#website\",\"url\":\"https:\/\/sxflightcase.com\/th\/\",\"name\":\"sxpowercase.com\",\"description\":\"Flight Case Factory\",\"publisher\":{\"@id\":\"https:\/\/sxflightcase.com\/th\/#organization\"},\"potentialAction\":[{\"@type\":\"SearchAction\",\"target\":{\"@type\":\"EntryPoint\",\"urlTemplate\":\"https:\/\/sxflightcase.com\/th\/?s={search_term_string}\"},\"query-input\":{\"@type\":\"PropertyValueSpecification\",\"valueRequired\":true,\"valueName\":\"search_term_string\"}}],\"inLanguage\":\"es\"},{\"@type\":\"Organization\",\"@id\":\"https:\/\/sxflightcase.com\/th\/#organization\",\"name\":\"sxpowercase.com\",\"url\":\"https:\/\/sxflightcase.com\/th\/\",\"logo\":{\"@type\":\"ImageObject\",\"inLanguage\":\"es\",\"@id\":\"https:\/\/sxflightcase.com\/th\/#\/schema\/logo\/image\/\",\"url\":\"https:\/\/sxflightcase.com\/wp-content\/uploads\/2024\/04\/1713919036007.jpg\",\"contentUrl\":\"https:\/\/sxflightcase.com\/wp-content\/uploads\/2024\/04\/1713919036007.jpg\",\"width\":382,\"height\":388,\"caption\":\"sxpowercase.com\"},\"image\":{\"@id\":\"https:\/\/sxflightcase.com\/th\/#\/schema\/logo\/image\/\"},\"sameAs\":[\"https:\/\/www.facebook.com\/profile.php?id=61560407257971\"],\"numberOfEmployees\":{\"@type\":\"QuantitativeValue\",\"minValue\":\"11\",\"maxValue\":\"50\"}}]}<\/script>\n<!-- \/ Yoast SEO Premium plugin. -->","yoast_head_json":{"title":"Mixer Rack Case - https:\/\/sxflightcase.com \ud83d\udc97","description":"Estuche para rack de mezcladora: Explore las ventas directas de f\u00e1brica y la personalizaci\u00f3n profesional para la m\u00e1xima protecci\u00f3n de su equipo.","robots":{"index":"index","follow":"follow","max-snippet":"max-snippet:-1","max-image-preview":"max-image-preview:large","max-video-preview":"max-video-preview:-1"},"canonical":"https:\/\/sxflightcase.com\/es\/\u4ea7\u54c1\/\u6405\u62cc\u673a\u673a\u67b6\u76d2\/","og_locale":"es_MX","og_type":"article","og_title":"Mixer Rack Case","og_description":"Mixer Rack Case: Explore factory-direct sales and professional customization for the ultimate protection of your equipment.","og_url":"https:\/\/sxflightcase.com\/es\/\u4ea7\u54c1\/\u6405\u62cc\u673a\u673a\u67b6\u76d2\/","og_site_name":"https:\/\/sxflightcase.com","article_publisher":"https:\/\/www.facebook.com\/profile.php?id=61560407257971","article_modified_time":"2025-05-16T07:23:02+00:00","og_image":[{"width":700,"height":700,"url":"https:\/\/sxflightcase.com\/wp-content\/uploads\/2024\/05\/mixer-rack-case47218518680.webp","type":"image\/webp"}],"twitter_card":"summary_large_image","twitter_misc":{"Tiempo de lectura":"3 minutos"},"schema":{"@context":"https:\/\/schema.org","@graph":[{"@type":"WebPage","@id":"https:\/\/sxflightcase.com\/zh\/\u4ea7\u54c1\/\u6405\u62cc\u673a\u673a\u67b6\u76d2\/","url":"https:\/\/sxflightcase.com\/zh\/\u4ea7\u54c1\/\u6405\u62cc\u673a\u673a\u67b6\u76d2\/","name":"Mixer Rack Case - https:\/\/sxflightcase.com \ud83d\udc97","isPartOf":{"@id":"https:\/\/sxflightcase.com\/th\/#website"},"primaryImageOfPage":{"@id":"https:\/\/sxflightcase.com\/zh\/\u4ea7\u54c1\/\u6405\u62cc\u673a\u673a\u67b6\u76d2\/#primaryimage"},"image":{"@id":"https:\/\/sxflightcase.com\/zh\/\u4ea7\u54c1\/\u6405\u62cc\u673a\u673a\u67b6\u76d2\/#primaryimage"},"thumbnailUrl":"https:\/\/sxflightcase.com\/wp-content\/uploads\/2024\/05\/mixer-rack-case47218518680.webp","datePublished":"2024-05-07T05:56:29+00:00","dateModified":"2025-05-16T07:23:02+00:00","description":"Estuche para rack de mezcladora: Explore las ventas directas de f\u00e1brica y la personalizaci\u00f3n profesional para la m\u00e1xima protecci\u00f3n de su equipo.","breadcrumb":{"@id":"https:\/\/sxflightcase.com\/zh\/\u4ea7\u54c1\/\u6405\u62cc\u673a\u673a\u67b6\u76d2\/#breadcrumb"},"inLanguage":"es","potentialAction":[{"@type":"ReadAction","target":["https:\/\/sxflightcase.com\/zh\/\u4ea7\u54c1\/\u6405\u62cc\u673a\u673a\u67b6\u76d2\/"]}]},{"@type":"ImageObject","inLanguage":"es","@id":"https:\/\/sxflightcase.com\/zh\/\u4ea7\u54c1\/\u6405\u62cc\u673a\u673a\u67b6\u76d2\/#primaryimage","url":"https:\/\/sxflightcase.com\/wp-content\/uploads\/2024\/05\/mixer-rack-case47218518680.webp","contentUrl":"https:\/\/sxflightcase.com\/wp-content\/uploads\/2024\/05\/mixer-rack-case47218518680.webp","width":700,"height":700,"caption":"mixer rack case"},{"@type":"BreadcrumbList","@id":"https:\/\/sxflightcase.com\/zh\/\u4ea7\u54c1\/\u6405\u62cc\u673a\u673a\u67b6\u76d2\/#breadcrumb","itemListElement":[{"@type":"ListItem","position":1,"name":"Home","item":"https:\/\/sxflightcase.com\/"},{"@type":"ListItem","position":2,"name":"\u0e2a\u0e34\u0e19\u0e04\u0e49\u0e32","item":"https:\/\/sxflightcase.com\/th\/shop\/"},{"@type":"ListItem","position":3,"name":"Mixer Rack Case"}]},{"@type":"WebSite","@id":"https:\/\/sxflightcase.com\/th\/#website","url":"https:\/\/sxflightcase.com\/th\/","name":"es.sxpowercase.com","description":"F\u00e1brica de flightcases","publisher":{"@id":"https:\/\/sxflightcase.com\/th\/#organization"},"potentialAction":[{"@type":"SearchAction","target":{"@type":"EntryPoint","urlTemplate":"https:\/\/sxflightcase.com\/th\/?s={search_term_string}"},"query-input":{"@type":"PropertyValueSpecification","valueRequired":true,"valueName":"search_term_string"}}],"inLanguage":"es"},{"@type":"Organization","@id":"https:\/\/sxflightcase.com\/th\/#organization","name":"es.sxpowercase.com","url":"https:\/\/sxflightcase.com\/th\/","logo":{"@type":"ImageObject","inLanguage":"es","@id":"https:\/\/sxflightcase.com\/th\/#\/schema\/logo\/image\/","url":"https:\/\/sxflightcase.com\/wp-content\/uploads\/2024\/04\/1713919036007.jpg","contentUrl":"https:\/\/sxflightcase.com\/wp-content\/uploads\/2024\/04\/1713919036007.jpg","width":382,"height":388,"caption":"sxpowercase.com"},"image":{"@id":"https:\/\/sxflightcase.com\/th\/#\/schema\/logo\/image\/"},"sameAs":["https:\/\/www.facebook.com\/profile.php?id=61560407257971"],"numberOfEmployees":{"@type":"QuantitativeValue","minValue":"11","maxValue":"50"}}]}},"_links":{"self":[{"href":"https:\/\/sxflightcase.com\/es\/wp-json\/wp\/v2\/product\/1120","targetHints":{"allow":["GET"]}}],"collection":[{"href":"https:\/\/sxflightcase.com\/es\/wp-json\/wp\/v2\/product"}],"about":[{"href":"https:\/\/sxflightcase.com\/es\/wp-json\/wp\/v2\/types\/product"}],"replies":[{"embeddable":true,"href":"https:\/\/sxflightcase.com\/es\/wp-json\/wp\/v2\/comments?post=1120"}],"version-history":[{"count":0,"href":"https:\/\/sxflightcase.com\/es\/wp-json\/wp\/v2\/product\/1120\/revisions"}],"wp:featuredmedia":[{"embeddable":true,"href":"https:\/\/sxflightcase.com\/es\/wp-json\/wp\/v2\/media\/1121"}],"wp:attachment":[{"href":"https:\/\/sxflightcase.com\/es\/wp-json\/wp\/v2\/media?parent=1120"}],"wp:term":[{"taxonomy":"product_brand","embeddable":true,"href":"https:\/\/sxflightcase.com\/es\/wp-json\/wp\/v2\/product_brand?post=1120"},{"taxonomy":"product_cat","embeddable":true,"href":"https:\/\/sxflightcase.com\/es\/wp-json\/wp\/v2\/product_cat?post=1120"},{"taxonomy":"product_tag","embeddable":true,"href":"https:\/\/sxflightcase.com\/es\/wp-json\/wp\/v2\/product_tag?post=1120"}],"curies":[{"name":"wp","href":"https:\/\/api.w.org\/{rel}","templated":true}]}}