{"id":1636,"date":"2024-05-10T03:14:38","date_gmt":"2024-05-10T02:14:38","guid":{"rendered":"https:\/\/sxpowercase.com\/?post_type=product&#038;p=1636"},"modified":"2024-06-26T10:15:57","modified_gmt":"2024-06-26T09:15:57","slug":"rack-mount","status":"publish","type":"product","link":"https:\/\/sxflightcase.com\/es\/producto\/montaje-en-bastidor-2\/","title":{"rendered":"Montaje en rack 19U sin puerta"},"content":{"rendered":"<p><strong>Par\u00e1metros del producto (especificaci\u00f3n)<\/strong><\/p>\n<section class=\"table-wrap\">\n<table class=\"table\" width=\"100%\" cellspacing=\"0\" cellpadding=\"0\">\n<tbody>\n<tr class=\"firstRow\">\n<td width=\"134\">Nombre del producto:<\/td>\n<td width=\"503\">Montaje en bastidor<\/td>\n<\/tr>\n<tr>\n<td width=\"134\">Material<\/td>\n<td width=\"503\">Marco de aluminio + Ign\u00edfugo + Madera contrachapada de 9 mm<\/td>\n<\/tr>\n<tr>\n<td width=\"134\">Adentro<\/td>\n<td width=\"503\">Espuma antichoque de alta densidad<\/td>\n<\/tr>\n<tr>\n<td width=\"134\">Tama\u00f1o<\/td>\n<td width=\"503\">Se puede personalizar<\/td>\n<\/tr>\n<tr>\n<td width=\"134\">Accesorios<\/td>\n<td width=\"503\">Cuatro cierres de mariposa, cuatro ruedas para facilitar el transporte, cuatro asas resistentes<\/td>\n<\/tr>\n<tr>\n<td width=\"134\">Costumbre<\/td>\n<td width=\"503\">Todos los tipos de personalizaci\u00f3n son bienvenidos, como el material de la caja de aluminio, dimensi\u00f3n, rellenos interiores, asas, cerraduras, y as\u00ed sucesivamente.<\/td>\n<\/tr>\n<\/tbody>\n<\/table>\n<\/section>\n<h2>Proteja y optimice sus equipos con las soluciones de montaje en bastidor de SX<\/h2>\n<h3>Calidad y protecci\u00f3n inigualables<\/h3>\n<p>En <a href=\"https:\/\/sxpowercase.com\/\" target=\"_blank\"  rel=\"noopener\" title=\"SX\"  data-wpil-monitor-id=\"486\">SX<\/a>Somos conscientes de la importancia de proteger y organizar sus valiosos equipos. Nuestras soluciones de montaje en bastidor est\u00e1n dise\u00f1adas para proporcionar una protecci\u00f3n superior y una organizaci\u00f3n \u00f3ptima para todo su equipo profesional. Fabricados con materiales de alta calidad, los soportes para rack de SX garantizan que sus equipos permanezcan a salvo de da\u00f1os, ya sea durante el almacenamiento o el transporte. Conf\u00ede en SX para obtener la fiabilidad que necesita para sus operaciones comerciales.<\/p>\n<h3>Venta directa de f\u00e1brica para un valor superior<\/h3>\n<p>SX se compromete a ofrecer el mejor valor a nuestros clientes. Al utilizar la venta directa de f\u00e1brica, eliminamos al intermediario, lo que nos permite ofrecer nuestras soluciones de montaje en bastidor a precios competitivos. Este enfoque asegura que usted reciba productos de alta calidad sin los costes inflados. Ahorre dinero y obtenga lo mejor con el modelo de venta directa de f\u00e1brica de SX. Mejore la eficiencia de su negocio con las soluciones rentables y fiables de SX.<\/p>\n<h3>Adaptaci\u00f3n a sus necesidades espec\u00edficas<\/h3>\n<p>Cada instalaci\u00f3n profesional tiene requisitos \u00fanicos, y SX est\u00e1 aqu\u00ed para satisfacerlos. Nuestras soluciones de montaje en bastidor incluyen amplias opciones de personalizaci\u00f3n. Tanto si necesita dimensiones espec\u00edficas, compartimentos adicionales o una marca personalizada, SX puede adaptar nuestros productos a sus necesidades exactas. Nuestros servicios personalizados garantizan que sus equipos no s\u00f3lo est\u00e9n protegidos, sino tambi\u00e9n organizados de la forma m\u00e1s eficiente posible.<\/p>\n<hr \/>\n<h3>\u00bfPor qu\u00e9 elegir SX?<\/h3>\n<p>Elegir SX significa invertir en protecci\u00f3n y organizaci\u00f3n de primer nivel para su equipo. Nuestro modelo de venta directa de f\u00e1brica garantiza los mejores precios al tiempo que mantiene unos est\u00e1ndares de alta calidad. Con nuestra dedicaci\u00f3n a la personalizaci\u00f3n, las soluciones de montaje en bastidor de SX satisfar\u00e1n sus necesidades espec\u00edficas y superar\u00e1n sus expectativas. As\u00f3ciese con SX hoy mismo para experimentar c\u00f3mo nuestros productos pueden elevar las operaciones de su negocio y proteger su valioso equipo de forma eficaz.<\/p>\n<p><strong>Control de calidad<\/strong><\/p>\n<p>Tenemos QC persona estancia en las l\u00edneas de producci\u00f3n hacer a la inspecci\u00f3n. Todos los productos deben haber sido inspeccionados antes de la entrega. Hacemos la inspecci\u00f3n en l\u00ednea y la inspecci\u00f3n final.<\/p>\n<p>1.Toda la materia prima se comprueba una vez que llega a nuestra f\u00e1brica.<\/p>\n<p>2.Todas las piezas y el logotipo y todos los detalles comprobados durante la producci\u00f3n.<\/p>\n<p>3.Todos los detalles del embalaje se comprueban durante la producci\u00f3n.<\/p>\n<p>4.All calidad de la producci\u00f3n y el embalaje comprobado en la inspecci\u00f3n final despu\u00e9s de terminado.<\/p>\n<p>Etiquetas calientes: precio bajo, en stock, muestra gratis, cable de alimentaci\u00f3n y se\u00f1al, cable de 4 conductores de calibre 16, estuche para soporte de micr\u00f3fono, gabinete de exhibici\u00f3n LED para exteriores, montaje en rack, estuches de vuelo para mezcladores de montaje en rack de 19 \u201d, caja de distribuci\u00f3n el\u00e9ctrica, China, proveedores, f\u00e1brica, personalizado, venta al por mayor, <span style=\"color: #993366;\"><a style=\"color: #993366;\" href=\"https:\/\/sxflightcase.com\/es\/product-category\/all-product\/power-distribution-boxes\/\">cajas de poder<\/a>,\u00a0<a style=\"color: #993366;\" href=\"https:\/\/sxflightcase.com\/es\/product-category\/all-product\/hoist-controllers\/\">cables de alimentaci\u00f3n<\/a>,\u00a0<a style=\"color: #993366;\" href=\"https:\/\/sxflightcase.com\/es\/product-category\/all-product\/hoist-controllers\/\">controladores de polipasto<\/a>,\u00a0<a style=\"color: #993366;\" href=\"https:\/\/sxflightcase.com\/es\/product-category\/all-product\/flight-case\/\">Estuches de vuelo.<\/a><\/span><\/p>","protected":false},"excerpt":{"rendered":"<h2 class=\"prodetails-name\">Montaje en bastidor<\/h2>\n<p>Fundada en 2001, estamos especializados en la fabricaci\u00f3n de todo tipo de montaje en rack <a class=\"wpil_keyword_link\" title=\"Estuche de vuelo\" href=\"https:\/\/sxpowercase.com\/product-category\/all-product\/flight-case\/\" target=\"_blank\" rel=\"noopener\" data-wpil-keyword-link=\"linked\" data-wpil-monitor-id=\"395\">Estuche de vuelo<\/a> con una superficie de taller de m\u00e1s de 20,00 metros cuadrados. Normalmente hacemos montaje en rack de 2u a 20u, pero tambi\u00e9n hacemos diferentes tama\u00f1os depende de su necesidad.<\/p>\n<h2><strong>Introducci\u00f3n a la producci\u00f3n<\/strong><\/h2>\n<p>El montaje en bastidor tiene esquinas esf\u00e9ricas de acero reforzado para protegerlo y facilitar el apilamiento, as\u00ed como asas de acero con agarre de goma empotradas y cierres giratorios de mariposa que est\u00e1n empotrados para protegerlos de da\u00f1os durante el transporte.<\/p>","protected":false},"featured_media":1637,"comment_status":"open","ping_status":"closed","template":"","meta":[],"product_brand":[],"product_cat":[35],"product_tag":[51],"class_list":{"0":"post-1636","1":"product","2":"type-product","3":"status-publish","4":"has-post-thumbnail","6":"product_cat-standard-rack-cases","7":"product_tag-no-door","9":"first","10":"instock","11":"shipping-taxable","12":"product-type-simple"},"yoast_head":"<!-- This site is optimized with the Yoast SEO Premium plugin v27.1 (Yoast SEO v27.2) - https:\/\/yoast.com\/product\/yoast-seo-premium-wordpress\/ -->\n<title>No door Rack Mount 19U Manufacture- https:\/\/sxflightcase.com<\/title>\n<meta name=\"description\" content=\"Rack Mount Manufacture: Explore our factory-direct options for professional customization, ensuring optimal organization and protection of your equipment.\" \/>\n<meta name=\"robots\" content=\"index, follow, max-snippet:-1, max-image-preview:large, max-video-preview:-1\" \/>\n<link rel=\"canonical\" href=\"https:\/\/sxflightcase.com\/es\/produkt\/gestellmontage-2\/\" \/>\n<meta property=\"og:locale\" content=\"es_MX\" \/>\n<meta property=\"og:type\" content=\"article\" \/>\n<meta property=\"og:title\" content=\"No door Rack Mount 19U\" \/>\n<meta property=\"og:description\" content=\"Rack Mount Manufacture: Explore our factory-direct options for professional customization, ensuring optimal organization and protection of your equipment.\" \/>\n<meta property=\"og:url\" content=\"https:\/\/sxflightcase.com\/es\/produkt\/gestellmontage-2\/\" \/>\n<meta property=\"og:site_name\" content=\"https:\/\/sxflightcase.com\" \/>\n<meta property=\"article:publisher\" content=\"https:\/\/www.facebook.com\/profile.php?id=61560407257971\" \/>\n<meta property=\"article:modified_time\" content=\"2024-06-26T09:15:57+00:00\" \/>\n<meta property=\"og:image\" content=\"https:\/\/sxflightcase.com\/wp-content\/uploads\/2024\/05\/rack-mount55514879495.webp\" \/>\n\t<meta property=\"og:image:width\" content=\"750\" \/>\n\t<meta property=\"og:image:height\" content=\"750\" \/>\n\t<meta property=\"og:image:type\" content=\"image\/webp\" \/>\n<meta name=\"twitter:card\" content=\"summary_large_image\" \/>\n<meta name=\"twitter:label1\" content=\"Tiempo de lectura\" \/>\n\t<meta name=\"twitter:data1\" content=\"3 minutos\" \/>\n<script type=\"application\/ld+json\" class=\"yoast-schema-graph\">{\"@context\":\"https:\/\/schema.org\",\"@graph\":[{\"@type\":\"WebPage\",\"@id\":\"https:\/\/sxflightcase.com\/de\/produkt\/gestellmontage-2\/\",\"url\":\"https:\/\/sxflightcase.com\/de\/produkt\/gestellmontage-2\/\",\"name\":\"No door Rack Mount 19U Manufacture- https:\/\/sxflightcase.com\",\"isPartOf\":{\"@id\":\"https:\/\/sxflightcase.com\/th\/#website\"},\"primaryImageOfPage\":{\"@id\":\"https:\/\/sxflightcase.com\/de\/produkt\/gestellmontage-2\/#primaryimage\"},\"image\":{\"@id\":\"https:\/\/sxflightcase.com\/de\/produkt\/gestellmontage-2\/#primaryimage\"},\"thumbnailUrl\":\"https:\/\/sxflightcase.com\/wp-content\/uploads\/2024\/05\/rack-mount55514879495.webp\",\"datePublished\":\"2024-05-10T02:14:38+00:00\",\"dateModified\":\"2024-06-26T09:15:57+00:00\",\"description\":\"Rack Mount Manufacture: Explore our factory-direct options for professional customization, ensuring optimal organization and protection of your equipment.\",\"breadcrumb\":{\"@id\":\"https:\/\/sxflightcase.com\/de\/produkt\/gestellmontage-2\/#breadcrumb\"},\"inLanguage\":\"es\",\"potentialAction\":[{\"@type\":\"ReadAction\",\"target\":[\"https:\/\/sxflightcase.com\/de\/produkt\/gestellmontage-2\/\"]}]},{\"@type\":\"ImageObject\",\"inLanguage\":\"es\",\"@id\":\"https:\/\/sxflightcase.com\/de\/produkt\/gestellmontage-2\/#primaryimage\",\"url\":\"https:\/\/sxflightcase.com\/wp-content\/uploads\/2024\/05\/rack-mount55514879495.webp\",\"contentUrl\":\"https:\/\/sxflightcase.com\/wp-content\/uploads\/2024\/05\/rack-mount55514879495.webp\",\"width\":750,\"height\":750,\"caption\":\"Rack Mount\"},{\"@type\":\"BreadcrumbList\",\"@id\":\"https:\/\/sxflightcase.com\/de\/produkt\/gestellmontage-2\/#breadcrumb\",\"itemListElement\":[{\"@type\":\"ListItem\",\"position\":1,\"name\":\"Home\",\"item\":\"https:\/\/sxflightcase.com\/\"},{\"@type\":\"ListItem\",\"position\":2,\"name\":\"\u0e2a\u0e34\u0e19\u0e04\u0e49\u0e32\",\"item\":\"https:\/\/sxflightcase.com\/th\/shop\/\"},{\"@type\":\"ListItem\",\"position\":3,\"name\":\"No door Rack Mount 19U\"}]},{\"@type\":\"WebSite\",\"@id\":\"https:\/\/sxflightcase.com\/th\/#website\",\"url\":\"https:\/\/sxflightcase.com\/th\/\",\"name\":\"sxpowercase.com\",\"description\":\"Flight Case Factory\",\"publisher\":{\"@id\":\"https:\/\/sxflightcase.com\/th\/#organization\"},\"potentialAction\":[{\"@type\":\"SearchAction\",\"target\":{\"@type\":\"EntryPoint\",\"urlTemplate\":\"https:\/\/sxflightcase.com\/th\/?s={search_term_string}\"},\"query-input\":{\"@type\":\"PropertyValueSpecification\",\"valueRequired\":true,\"valueName\":\"search_term_string\"}}],\"inLanguage\":\"es\"},{\"@type\":\"Organization\",\"@id\":\"https:\/\/sxflightcase.com\/th\/#organization\",\"name\":\"sxpowercase.com\",\"url\":\"https:\/\/sxflightcase.com\/th\/\",\"logo\":{\"@type\":\"ImageObject\",\"inLanguage\":\"es\",\"@id\":\"https:\/\/sxflightcase.com\/th\/#\/schema\/logo\/image\/\",\"url\":\"https:\/\/sxflightcase.com\/wp-content\/uploads\/2024\/04\/1713919036007.jpg\",\"contentUrl\":\"https:\/\/sxflightcase.com\/wp-content\/uploads\/2024\/04\/1713919036007.jpg\",\"width\":382,\"height\":388,\"caption\":\"sxpowercase.com\"},\"image\":{\"@id\":\"https:\/\/sxflightcase.com\/th\/#\/schema\/logo\/image\/\"},\"sameAs\":[\"https:\/\/www.facebook.com\/profile.php?id=61560407257971\"],\"numberOfEmployees\":{\"@type\":\"QuantitativeValue\",\"minValue\":\"11\",\"maxValue\":\"50\"}}]}<\/script>\n<!-- \/ Yoast SEO Premium plugin. -->","yoast_head_json":{"title":"No door Rack Mount 19U Manufacture- https:\/\/sxflightcase.com","description":"Fabricaci\u00f3n en bastidor: Explore nuestras opciones directas de f\u00e1brica para una personalizaci\u00f3n profesional, garantizando una organizaci\u00f3n y protecci\u00f3n \u00f3ptimas de sus equipos.","robots":{"index":"index","follow":"follow","max-snippet":"max-snippet:-1","max-image-preview":"max-image-preview:large","max-video-preview":"max-video-preview:-1"},"canonical":"https:\/\/sxflightcase.com\/es\/produkt\/gestellmontage-2\/","og_locale":"es_MX","og_type":"article","og_title":"No door Rack Mount 19U","og_description":"Rack Mount Manufacture: Explore our factory-direct options for professional customization, ensuring optimal organization and protection of your equipment.","og_url":"https:\/\/sxflightcase.com\/es\/produkt\/gestellmontage-2\/","og_site_name":"https:\/\/sxflightcase.com","article_publisher":"https:\/\/www.facebook.com\/profile.php?id=61560407257971","article_modified_time":"2024-06-26T09:15:57+00:00","og_image":[{"width":750,"height":750,"url":"https:\/\/sxflightcase.com\/wp-content\/uploads\/2024\/05\/rack-mount55514879495.webp","type":"image\/webp"}],"twitter_card":"summary_large_image","twitter_misc":{"Tiempo de lectura":"3 minutos"},"schema":{"@context":"https:\/\/schema.org","@graph":[{"@type":"WebPage","@id":"https:\/\/sxflightcase.com\/de\/produkt\/gestellmontage-2\/","url":"https:\/\/sxflightcase.com\/de\/produkt\/gestellmontage-2\/","name":"No door Rack Mount 19U Manufacture- https:\/\/sxflightcase.com","isPartOf":{"@id":"https:\/\/sxflightcase.com\/th\/#website"},"primaryImageOfPage":{"@id":"https:\/\/sxflightcase.com\/de\/produkt\/gestellmontage-2\/#primaryimage"},"image":{"@id":"https:\/\/sxflightcase.com\/de\/produkt\/gestellmontage-2\/#primaryimage"},"thumbnailUrl":"https:\/\/sxflightcase.com\/wp-content\/uploads\/2024\/05\/rack-mount55514879495.webp","datePublished":"2024-05-10T02:14:38+00:00","dateModified":"2024-06-26T09:15:57+00:00","description":"Fabricaci\u00f3n en bastidor: Explore nuestras opciones directas de f\u00e1brica para una personalizaci\u00f3n profesional, garantizando una organizaci\u00f3n y protecci\u00f3n \u00f3ptimas de sus equipos.","breadcrumb":{"@id":"https:\/\/sxflightcase.com\/de\/produkt\/gestellmontage-2\/#breadcrumb"},"inLanguage":"es","potentialAction":[{"@type":"ReadAction","target":["https:\/\/sxflightcase.com\/de\/produkt\/gestellmontage-2\/"]}]},{"@type":"ImageObject","inLanguage":"es","@id":"https:\/\/sxflightcase.com\/de\/produkt\/gestellmontage-2\/#primaryimage","url":"https:\/\/sxflightcase.com\/wp-content\/uploads\/2024\/05\/rack-mount55514879495.webp","contentUrl":"https:\/\/sxflightcase.com\/wp-content\/uploads\/2024\/05\/rack-mount55514879495.webp","width":750,"height":750,"caption":"Rack Mount"},{"@type":"BreadcrumbList","@id":"https:\/\/sxflightcase.com\/de\/produkt\/gestellmontage-2\/#breadcrumb","itemListElement":[{"@type":"ListItem","position":1,"name":"Home","item":"https:\/\/sxflightcase.com\/"},{"@type":"ListItem","position":2,"name":"\u0e2a\u0e34\u0e19\u0e04\u0e49\u0e32","item":"https:\/\/sxflightcase.com\/th\/shop\/"},{"@type":"ListItem","position":3,"name":"No door Rack Mount 19U"}]},{"@type":"WebSite","@id":"https:\/\/sxflightcase.com\/th\/#website","url":"https:\/\/sxflightcase.com\/th\/","name":"es.sxpowercase.com","description":"F\u00e1brica de flightcases","publisher":{"@id":"https:\/\/sxflightcase.com\/th\/#organization"},"potentialAction":[{"@type":"SearchAction","target":{"@type":"EntryPoint","urlTemplate":"https:\/\/sxflightcase.com\/th\/?s={search_term_string}"},"query-input":{"@type":"PropertyValueSpecification","valueRequired":true,"valueName":"search_term_string"}}],"inLanguage":"es"},{"@type":"Organization","@id":"https:\/\/sxflightcase.com\/th\/#organization","name":"es.sxpowercase.com","url":"https:\/\/sxflightcase.com\/th\/","logo":{"@type":"ImageObject","inLanguage":"es","@id":"https:\/\/sxflightcase.com\/th\/#\/schema\/logo\/image\/","url":"https:\/\/sxflightcase.com\/wp-content\/uploads\/2024\/04\/1713919036007.jpg","contentUrl":"https:\/\/sxflightcase.com\/wp-content\/uploads\/2024\/04\/1713919036007.jpg","width":382,"height":388,"caption":"sxpowercase.com"},"image":{"@id":"https:\/\/sxflightcase.com\/th\/#\/schema\/logo\/image\/"},"sameAs":["https:\/\/www.facebook.com\/profile.php?id=61560407257971"],"numberOfEmployees":{"@type":"QuantitativeValue","minValue":"11","maxValue":"50"}}]}},"_links":{"self":[{"href":"https:\/\/sxflightcase.com\/es\/wp-json\/wp\/v2\/product\/1636","targetHints":{"allow":["GET"]}}],"collection":[{"href":"https:\/\/sxflightcase.com\/es\/wp-json\/wp\/v2\/product"}],"about":[{"href":"https:\/\/sxflightcase.com\/es\/wp-json\/wp\/v2\/types\/product"}],"replies":[{"embeddable":true,"href":"https:\/\/sxflightcase.com\/es\/wp-json\/wp\/v2\/comments?post=1636"}],"version-history":[{"count":0,"href":"https:\/\/sxflightcase.com\/es\/wp-json\/wp\/v2\/product\/1636\/revisions"}],"wp:featuredmedia":[{"embeddable":true,"href":"https:\/\/sxflightcase.com\/es\/wp-json\/wp\/v2\/media\/1637"}],"wp:attachment":[{"href":"https:\/\/sxflightcase.com\/es\/wp-json\/wp\/v2\/media?parent=1636"}],"wp:term":[{"taxonomy":"product_brand","embeddable":true,"href":"https:\/\/sxflightcase.com\/es\/wp-json\/wp\/v2\/product_brand?post=1636"},{"taxonomy":"product_cat","embeddable":true,"href":"https:\/\/sxflightcase.com\/es\/wp-json\/wp\/v2\/product_cat?post=1636"},{"taxonomy":"product_tag","embeddable":true,"href":"https:\/\/sxflightcase.com\/es\/wp-json\/wp\/v2\/product_tag?post=1636"}],"curies":[{"name":"wp","href":"https:\/\/api.w.org\/{rel}","templated":true}]}}