{"id":1673,"date":"2024-05-10T03:49:46","date_gmt":"2024-05-10T02:49:46","guid":{"rendered":"https:\/\/sxpowercase.com\/?post_type=product&#038;p=1673"},"modified":"2024-07-16T02:59:52","modified_gmt":"2024-07-16T01:59:52","slug":"6u-flight-case","status":"publish","type":"product","link":"https:\/\/sxflightcase.com\/es\/producto\/estuche-de-vuelo-6u\/","title":{"rendered":"Estuche de transporte FP 6u"},"content":{"rendered":"<p><strong>Par\u00e1metros del producto (especificaci\u00f3n)<\/strong><\/p>\n<section class=\"table-wrap\">\n<table class=\"table\" width=\"100%\" cellspacing=\"0\" cellpadding=\"0\">\n<tbody>\n<tr class=\"firstRow\">\n<td width=\"134\">Nombre del producto:<\/td>\n<td width=\"503\">Estuche de vuelo 6U<\/td>\n<\/tr>\n<tr>\n<td width=\"134\">Material:<\/td>\n<td width=\"503\">Madera contrachapada de 9 mm + herrajes cromados\/galvanizados + extrusi\u00f3n de aluminio<\/td>\n<\/tr>\n<tr>\n<td width=\"134\">Forro de espuma:<\/td>\n<td width=\"503\">Espuma perlada\/espuma EVA\/espuma de huevo, etc., normal o a pedido<\/td>\n<\/tr>\n<tr>\n<td width=\"134\">Color:<\/td>\n<td width=\"503\">Negro (color predeterminado), rojo, azul, naranja, amarillo, verde, etc.<\/td>\n<\/tr>\n<tr>\n<td width=\"134\">Plazo de entrega:<\/td>\n<td width=\"503\">Pedido de muestra 3 d\u00edas, pedido normal 7-15 d\u00edas<\/td>\n<\/tr>\n<tr>\n<td width=\"134\">Dimensi\u00f3n:<\/td>\n<td width=\"503\">Depende de la dimensi\u00f3n del equipo.<\/td>\n<\/tr>\n<\/tbody>\n<\/table>\n<\/section>\n<h1>Estuche de transporte SX 6U: m\u00e1xima protecci\u00f3n para su equipo<\/h1>\n<h2>Durable y espacioso<\/h2>\n<p>El <a title=\"SX\" href=\"https:\/\/sxpowercase.com\/\" target=\"_blank\" rel=\"noopener\" data-wpil-monitor-id=\"473\">SX<\/a> El Flight Case de 6U est\u00e1 dise\u00f1ado para ofrecer la m\u00e1xima protecci\u00f3n para su valioso equipo. Con seis unidades de espacio en rack, este Flight Case ofrece un amplio espacio para todo su equipo. Ya sea m\u00fasico, ingeniero de audio o DJ, este estuche garantiza que su equipo se mantenga seguro y organizado durante el transporte.<\/p>\n<h2>Venta directa de f\u00e1brica para un valor superior<\/h2>\n<h3>M\u00e1ximo ahorro<\/h3>\n<p>En SX, creemos en ofrecer productos de alta calidad a los mejores precios posibles. Al utilizar ventas directas de f\u00e1brica, eliminamos al intermediario y le pasamos los ahorros directamente a usted. Este enfoque nos permite ofrecer el Flight Case 6U a un precio inmejorable, lo que garantiza que obtenga un valor excepcional sin comprometer la calidad.<\/p>\n<h2>Personalizaci\u00f3n para adaptarse a sus necesidades<\/h2>\n<h3>Protecci\u00f3n personalizada<\/h3>\n<p>Cada profesional tiene requisitos \u00fanicos y el Flight Case SX 6U se puede personalizar para satisfacer esas necesidades. Ya sea que necesite acolchado adicional, configuraciones de compartimentos espec\u00edficos o dimensiones personalizadas, nuestros servicios de personalizaci\u00f3n garantizan que su Flight Case est\u00e9 perfectamente adaptado a su equipo. Proteja su equipo con un estuche dise\u00f1ado espec\u00edficamente para usted.<\/p>\n<h2>Eleve su imagen profesional<\/h2>\n<h3>Dise\u00f1o elegante y confiable<\/h3>\n<p>El Flight Case SX 6U no solo ofrece una excelente protecci\u00f3n, sino que tambi\u00e9n mejora su imagen profesional. Su dise\u00f1o elegante y robusto demuestra su compromiso con la calidad y la confiabilidad. D\u00e9 una impresi\u00f3n duradera a sus clientes y colegas con un Flight Case que se ve tan profesional como el equipo que protege.<\/p>\n<hr \/>\n<h2>\u00bfPor qu\u00e9 elegir SX?<\/h2>\n<p>Elegir el Flight Case SX 6U significa invertir en un producto que combina protecci\u00f3n, personalizaci\u00f3n y valor superiores. Nuestro modelo de venta directa de f\u00e1brica, combinado con nuestra dedicaci\u00f3n a los materiales de alta calidad, garantiza un Flight Case que cumple y supera sus expectativas. Mejore su negocio con un Flight Case que resista los rigores del viaje y mantenga una apariencia profesional.<\/p>\n<p>Cont\u00e1ctenos hoy para obtener m\u00e1s informaci\u00f3n sobre nuestro Flight Case 6U y descubra c\u00f3mo nuestras opciones de personalizaci\u00f3n pueden beneficiarlo. Conf\u00ede en SX para todas sus necesidades de flight case y experimente la diferencia que marcan la calidad y el valor.<\/p>\n<p><strong>Preguntas frecuentes<\/strong><\/p>\n<p>P: \u00bfPueden hacer OEM y ODM?<\/p>\n<p>R: S\u00ed, se aceptan tanto OEM como ODM. El material, el color y el estilo se pueden personalizar. Le informaremos la cantidad b\u00e1sica despu\u00e9s de analizarla.<\/p>\n<p>P: \u00bfPuedo saber cu\u00e1l es el puerto mar\u00edtimo m\u00e1s cercano a su empresa? en caso de visitar su empresa.<\/p>\n<p>A: Primero el puerto mar\u00edtimo de Huangpu, luego el puerto mar\u00edtimo de Shenzhen o Nansha, bienvenido a visitarnos.<\/p>\n<p>P: \u00bfCu\u00e1les son las condiciones de pago?<\/p>\n<p>A: T.T with 30% down payment, 70%before shipment or West Union also accept.<\/p>\n<p><strong>Nuestro servicio<\/strong><\/p>\n<p>1. Servicio m\u00e1s profesional en el campo de exportaci\u00f3n de productos de embalaje e impresi\u00f3n.<\/p>\n<p>2. Mejor capacidad de fabricaci\u00f3n.<\/p>\n<p>3.Varios plazos de pago para elegir: T\/T, Western Union<\/p>\n<p>Etiquetas calientes: precio bajo, en stock, muestra gratis, cable de alimentaci\u00f3n y se\u00f1al, cable de 4 conductores de calibre 16, estuche para soporte de micr\u00f3fono, gabinete de exhibici\u00f3n LED para exteriores, montaje en rack, estuches de vuelo para mezcladores de montaje en rack de 19 \u201d, caja de distribuci\u00f3n el\u00e9ctrica, China, proveedores, f\u00e1brica, personalizado, venta al por mayor, <span style=\"color: #993366;\"><a style=\"color: #993366;\" href=\"https:\/\/sxflightcase.com\/es\/product-category\/all-product\/power-distribution-boxes\/\">cajas de poder<\/a>,\u00a0<a style=\"color: #993366;\" href=\"https:\/\/sxflightcase.com\/es\/product-category\/all-product\/hoist-controllers\/\">cables de alimentaci\u00f3n<\/a>,\u00a0<a style=\"color: #993366;\" href=\"https:\/\/sxflightcase.com\/es\/product-category\/all-product\/hoist-controllers\/\">controladores de polipasto<\/a>,\u00a0<a style=\"color: #993366;\" href=\"https:\/\/sxflightcase.com\/es\/product-category\/all-product\/flight-case\/\">Estuches de vuelo.<\/a><\/span><\/p>","protected":false},"excerpt":{"rendered":"<h2 class=\"prodetails-name\">Estuche de vuelo 6u<\/h2>\n<p>Somos mayoristas de todo tipo de <a class=\"wpil_keyword_link\" title=\"Estuche de vuelo\" href=\"https:\/\/sxpowercase.com\/product-category\/all-product\/flight-case\/\" target=\"_blank\" rel=\"noopener\" data-wpil-keyword-link=\"linked\" data-wpil-monitor-id=\"401\">Estuche de vuelo<\/a>Suministramos el estuche de vuelo 6u con pestillos con candado que brindan seguridad para su tranquilidad, las esquinas apilables inteligentes le permiten colocar varios estuches uno encima del otro con gran estabilidad y las asas empotradas son c\u00f3modas de transportar.<\/p>\n<h2><strong>Introducci\u00f3n a la producci\u00f3n<\/strong><\/h2>\n<p>Este flight case 6u est\u00e1 dise\u00f1ado con materiales de alta calidad, hecho de laminado de madera contrachapada, revestimiento de espuma, extrusiones de aluminio y hardware de calidad.<\/p>","protected":false},"featured_media":1676,"comment_status":"open","ping_status":"closed","template":"","meta":[],"product_brand":[],"product_cat":[35],"product_tag":[53],"class_list":{"0":"post-1673","1":"product","2":"type-product","3":"status-publish","4":"has-post-thumbnail","6":"product_cat-standard-rack-cases","7":"product_tag-fp","9":"first","10":"instock","11":"shipping-taxable","12":"product-type-simple"},"yoast_head":"<!-- This site is optimized with the Yoast SEO Premium plugin v27.1 (Yoast SEO v27.2) - https:\/\/yoast.com\/product\/yoast-seo-premium-wordpress\/ -->\n<title>FP 6u Flight Case - https:\/\/sxflightcase.com \ud83d\udc97<\/title>\n<meta name=\"description\" content=\"6u Flight Case: Explore our factory-direct options for professional customization, ensuring optimal organization and protection of your equipment.\" \/>\n<meta name=\"robots\" content=\"index, follow, max-snippet:-1, max-image-preview:large, max-video-preview:-1\" \/>\n<link rel=\"canonical\" href=\"https:\/\/sxflightcase.com\/es\/\u7522\u54c1\/6u-\u6a5f\u7bb1\/\" \/>\n<meta property=\"og:locale\" content=\"es_MX\" \/>\n<meta property=\"og:type\" content=\"article\" \/>\n<meta property=\"og:title\" content=\"FP 6u Flight Case\" \/>\n<meta property=\"og:description\" content=\"6u Flight Case: Explore our factory-direct options for professional customization, ensuring optimal organization and protection of your equipment.\" \/>\n<meta property=\"og:url\" content=\"https:\/\/sxflightcase.com\/es\/\u7522\u54c1\/6u-\u6a5f\u7bb1\/\" \/>\n<meta property=\"og:site_name\" content=\"https:\/\/sxflightcase.com\" \/>\n<meta property=\"article:publisher\" content=\"https:\/\/www.facebook.com\/profile.php?id=61560407257971\" \/>\n<meta property=\"article:modified_time\" content=\"2024-07-16T01:59:52+00:00\" \/>\n<meta property=\"og:image\" content=\"https:\/\/sxflightcase.com\/wp-content\/uploads\/2024\/05\/6u-flight-case49558055117.webp\" \/>\n\t<meta property=\"og:image:width\" content=\"750\" \/>\n\t<meta property=\"og:image:height\" content=\"750\" \/>\n\t<meta property=\"og:image:type\" content=\"image\/webp\" \/>\n<meta name=\"twitter:card\" content=\"summary_large_image\" \/>\n<meta name=\"twitter:label1\" content=\"Tiempo de lectura\" \/>\n\t<meta name=\"twitter:data1\" content=\"4 minutos\" \/>\n<script type=\"application\/ld+json\" class=\"yoast-schema-graph\">{\"@context\":\"https:\/\/schema.org\",\"@graph\":[{\"@type\":\"WebPage\",\"@id\":\"https:\/\/sxflightcase.com\/zh_hk\/\u7522\u54c1\/6u-\u6a5f\u7bb1\/\",\"url\":\"https:\/\/sxflightcase.com\/zh_hk\/\u7522\u54c1\/6u-\u6a5f\u7bb1\/\",\"name\":\"FP 6u Flight Case - https:\/\/sxflightcase.com \ud83d\udc97\",\"isPartOf\":{\"@id\":\"https:\/\/sxflightcase.com\/th\/#website\"},\"primaryImageOfPage\":{\"@id\":\"https:\/\/sxflightcase.com\/zh_hk\/\u7522\u54c1\/6u-\u6a5f\u7bb1\/#primaryimage\"},\"image\":{\"@id\":\"https:\/\/sxflightcase.com\/zh_hk\/\u7522\u54c1\/6u-\u6a5f\u7bb1\/#primaryimage\"},\"thumbnailUrl\":\"https:\/\/sxflightcase.com\/wp-content\/uploads\/2024\/05\/6u-flight-case49558055117.webp\",\"datePublished\":\"2024-05-10T02:49:46+00:00\",\"dateModified\":\"2024-07-16T01:59:52+00:00\",\"description\":\"6u Flight Case: Explore our factory-direct options for professional customization, ensuring optimal organization and protection of your equipment.\",\"breadcrumb\":{\"@id\":\"https:\/\/sxflightcase.com\/zh_hk\/\u7522\u54c1\/6u-\u6a5f\u7bb1\/#breadcrumb\"},\"inLanguage\":\"es\",\"potentialAction\":[{\"@type\":\"ReadAction\",\"target\":[\"https:\/\/sxflightcase.com\/zh_hk\/\u7522\u54c1\/6u-\u6a5f\u7bb1\/\"]}]},{\"@type\":\"ImageObject\",\"inLanguage\":\"es\",\"@id\":\"https:\/\/sxflightcase.com\/zh_hk\/\u7522\u54c1\/6u-\u6a5f\u7bb1\/#primaryimage\",\"url\":\"https:\/\/sxflightcase.com\/wp-content\/uploads\/2024\/05\/6u-flight-case49558055117.webp\",\"contentUrl\":\"https:\/\/sxflightcase.com\/wp-content\/uploads\/2024\/05\/6u-flight-case49558055117.webp\",\"width\":750,\"height\":750,\"caption\":\"6u Flight Case\"},{\"@type\":\"BreadcrumbList\",\"@id\":\"https:\/\/sxflightcase.com\/zh_hk\/\u7522\u54c1\/6u-\u6a5f\u7bb1\/#breadcrumb\",\"itemListElement\":[{\"@type\":\"ListItem\",\"position\":1,\"name\":\"Home\",\"item\":\"https:\/\/sxflightcase.com\/\"},{\"@type\":\"ListItem\",\"position\":2,\"name\":\"\u0e2a\u0e34\u0e19\u0e04\u0e49\u0e32\",\"item\":\"https:\/\/sxflightcase.com\/th\/shop\/\"},{\"@type\":\"ListItem\",\"position\":3,\"name\":\"FP 6u Flight Case\"}]},{\"@type\":\"WebSite\",\"@id\":\"https:\/\/sxflightcase.com\/th\/#website\",\"url\":\"https:\/\/sxflightcase.com\/th\/\",\"name\":\"sxpowercase.com\",\"description\":\"Flight Case Factory\",\"publisher\":{\"@id\":\"https:\/\/sxflightcase.com\/th\/#organization\"},\"potentialAction\":[{\"@type\":\"SearchAction\",\"target\":{\"@type\":\"EntryPoint\",\"urlTemplate\":\"https:\/\/sxflightcase.com\/th\/?s={search_term_string}\"},\"query-input\":{\"@type\":\"PropertyValueSpecification\",\"valueRequired\":true,\"valueName\":\"search_term_string\"}}],\"inLanguage\":\"es\"},{\"@type\":\"Organization\",\"@id\":\"https:\/\/sxflightcase.com\/th\/#organization\",\"name\":\"sxpowercase.com\",\"url\":\"https:\/\/sxflightcase.com\/th\/\",\"logo\":{\"@type\":\"ImageObject\",\"inLanguage\":\"es\",\"@id\":\"https:\/\/sxflightcase.com\/th\/#\/schema\/logo\/image\/\",\"url\":\"https:\/\/sxflightcase.com\/wp-content\/uploads\/2024\/04\/1713919036007.jpg\",\"contentUrl\":\"https:\/\/sxflightcase.com\/wp-content\/uploads\/2024\/04\/1713919036007.jpg\",\"width\":382,\"height\":388,\"caption\":\"sxpowercase.com\"},\"image\":{\"@id\":\"https:\/\/sxflightcase.com\/th\/#\/schema\/logo\/image\/\"},\"sameAs\":[\"https:\/\/www.facebook.com\/profile.php?id=61560407257971\"],\"numberOfEmployees\":{\"@type\":\"QuantitativeValue\",\"minValue\":\"11\",\"maxValue\":\"50\"}}]}<\/script>\n<!-- \/ Yoast SEO Premium plugin. -->","yoast_head_json":{"title":"FP 6u Flight Case - https:\/\/sxflightcase.com \ud83d\udc97","description":"Estuche de vuelo 6u: Explore nuestras opciones directas de f\u00e1brica para una personalizaci\u00f3n profesional, garantizando una organizaci\u00f3n y protecci\u00f3n \u00f3ptimas de su equipo.","robots":{"index":"index","follow":"follow","max-snippet":"max-snippet:-1","max-image-preview":"max-image-preview:large","max-video-preview":"max-video-preview:-1"},"canonical":"https:\/\/sxflightcase.com\/es\/\u7522\u54c1\/6u-\u6a5f\u7bb1\/","og_locale":"es_MX","og_type":"article","og_title":"FP 6u Flight Case","og_description":"6u Flight Case: Explore our factory-direct options for professional customization, ensuring optimal organization and protection of your equipment.","og_url":"https:\/\/sxflightcase.com\/es\/\u7522\u54c1\/6u-\u6a5f\u7bb1\/","og_site_name":"https:\/\/sxflightcase.com","article_publisher":"https:\/\/www.facebook.com\/profile.php?id=61560407257971","article_modified_time":"2024-07-16T01:59:52+00:00","og_image":[{"width":750,"height":750,"url":"https:\/\/sxflightcase.com\/wp-content\/uploads\/2024\/05\/6u-flight-case49558055117.webp","type":"image\/webp"}],"twitter_card":"summary_large_image","twitter_misc":{"Tiempo de lectura":"4 minutos"},"schema":{"@context":"https:\/\/schema.org","@graph":[{"@type":"WebPage","@id":"https:\/\/sxflightcase.com\/zh_hk\/\u7522\u54c1\/6u-\u6a5f\u7bb1\/","url":"https:\/\/sxflightcase.com\/zh_hk\/\u7522\u54c1\/6u-\u6a5f\u7bb1\/","name":"FP 6u Flight Case - https:\/\/sxflightcase.com \ud83d\udc97","isPartOf":{"@id":"https:\/\/sxflightcase.com\/th\/#website"},"primaryImageOfPage":{"@id":"https:\/\/sxflightcase.com\/zh_hk\/\u7522\u54c1\/6u-\u6a5f\u7bb1\/#primaryimage"},"image":{"@id":"https:\/\/sxflightcase.com\/zh_hk\/\u7522\u54c1\/6u-\u6a5f\u7bb1\/#primaryimage"},"thumbnailUrl":"https:\/\/sxflightcase.com\/wp-content\/uploads\/2024\/05\/6u-flight-case49558055117.webp","datePublished":"2024-05-10T02:49:46+00:00","dateModified":"2024-07-16T01:59:52+00:00","description":"Estuche de vuelo 6u: Explore nuestras opciones directas de f\u00e1brica para una personalizaci\u00f3n profesional, garantizando una organizaci\u00f3n y protecci\u00f3n \u00f3ptimas de su equipo.","breadcrumb":{"@id":"https:\/\/sxflightcase.com\/zh_hk\/\u7522\u54c1\/6u-\u6a5f\u7bb1\/#breadcrumb"},"inLanguage":"es","potentialAction":[{"@type":"ReadAction","target":["https:\/\/sxflightcase.com\/zh_hk\/\u7522\u54c1\/6u-\u6a5f\u7bb1\/"]}]},{"@type":"ImageObject","inLanguage":"es","@id":"https:\/\/sxflightcase.com\/zh_hk\/\u7522\u54c1\/6u-\u6a5f\u7bb1\/#primaryimage","url":"https:\/\/sxflightcase.com\/wp-content\/uploads\/2024\/05\/6u-flight-case49558055117.webp","contentUrl":"https:\/\/sxflightcase.com\/wp-content\/uploads\/2024\/05\/6u-flight-case49558055117.webp","width":750,"height":750,"caption":"6u Flight Case"},{"@type":"BreadcrumbList","@id":"https:\/\/sxflightcase.com\/zh_hk\/\u7522\u54c1\/6u-\u6a5f\u7bb1\/#breadcrumb","itemListElement":[{"@type":"ListItem","position":1,"name":"Home","item":"https:\/\/sxflightcase.com\/"},{"@type":"ListItem","position":2,"name":"\u0e2a\u0e34\u0e19\u0e04\u0e49\u0e32","item":"https:\/\/sxflightcase.com\/th\/shop\/"},{"@type":"ListItem","position":3,"name":"FP 6u Flight Case"}]},{"@type":"WebSite","@id":"https:\/\/sxflightcase.com\/th\/#website","url":"https:\/\/sxflightcase.com\/th\/","name":"es.sxpowercase.com","description":"F\u00e1brica de flightcases","publisher":{"@id":"https:\/\/sxflightcase.com\/th\/#organization"},"potentialAction":[{"@type":"SearchAction","target":{"@type":"EntryPoint","urlTemplate":"https:\/\/sxflightcase.com\/th\/?s={search_term_string}"},"query-input":{"@type":"PropertyValueSpecification","valueRequired":true,"valueName":"search_term_string"}}],"inLanguage":"es"},{"@type":"Organization","@id":"https:\/\/sxflightcase.com\/th\/#organization","name":"es.sxpowercase.com","url":"https:\/\/sxflightcase.com\/th\/","logo":{"@type":"ImageObject","inLanguage":"es","@id":"https:\/\/sxflightcase.com\/th\/#\/schema\/logo\/image\/","url":"https:\/\/sxflightcase.com\/wp-content\/uploads\/2024\/04\/1713919036007.jpg","contentUrl":"https:\/\/sxflightcase.com\/wp-content\/uploads\/2024\/04\/1713919036007.jpg","width":382,"height":388,"caption":"sxpowercase.com"},"image":{"@id":"https:\/\/sxflightcase.com\/th\/#\/schema\/logo\/image\/"},"sameAs":["https:\/\/www.facebook.com\/profile.php?id=61560407257971"],"numberOfEmployees":{"@type":"QuantitativeValue","minValue":"11","maxValue":"50"}}]}},"_links":{"self":[{"href":"https:\/\/sxflightcase.com\/es\/wp-json\/wp\/v2\/product\/1673","targetHints":{"allow":["GET"]}}],"collection":[{"href":"https:\/\/sxflightcase.com\/es\/wp-json\/wp\/v2\/product"}],"about":[{"href":"https:\/\/sxflightcase.com\/es\/wp-json\/wp\/v2\/types\/product"}],"replies":[{"embeddable":true,"href":"https:\/\/sxflightcase.com\/es\/wp-json\/wp\/v2\/comments?post=1673"}],"version-history":[{"count":0,"href":"https:\/\/sxflightcase.com\/es\/wp-json\/wp\/v2\/product\/1673\/revisions"}],"wp:featuredmedia":[{"embeddable":true,"href":"https:\/\/sxflightcase.com\/es\/wp-json\/wp\/v2\/media\/1676"}],"wp:attachment":[{"href":"https:\/\/sxflightcase.com\/es\/wp-json\/wp\/v2\/media?parent=1673"}],"wp:term":[{"taxonomy":"product_brand","embeddable":true,"href":"https:\/\/sxflightcase.com\/es\/wp-json\/wp\/v2\/product_brand?post=1673"},{"taxonomy":"product_cat","embeddable":true,"href":"https:\/\/sxflightcase.com\/es\/wp-json\/wp\/v2\/product_cat?post=1673"},{"taxonomy":"product_tag","embeddable":true,"href":"https:\/\/sxflightcase.com\/es\/wp-json\/wp\/v2\/product_tag?post=1673"}],"curies":[{"name":"wp","href":"https:\/\/api.w.org\/{rel}","templated":true}]}}