{"id":1689,"date":"2024-05-10T04:02:58","date_gmt":"2024-05-10T03:02:58","guid":{"rendered":"https:\/\/sxpowercase.com\/?post_type=product&#038;p=1689"},"modified":"2024-06-25T09:47:31","modified_gmt":"2024-06-25T08:47:31","slug":"19-inch-rack-abs-flight-case","status":"publish","type":"product","link":"https:\/\/sxflightcase.com\/es\/producto\/flight-case-abs-para-rack-de-19-pulgadas\/","title":{"rendered":"Estuche de transporte ABS de 19 pulgadas"},"content":{"rendered":"<p><strong>Par\u00e1metros del producto (especificaci\u00f3n)<\/strong><\/p>\n<section class=\"table-wrap\">\n<table class=\"table\" width=\"100%\" cellspacing=\"0\" cellpadding=\"0\">\n<tbody>\n<tr class=\"firstRow\">\n<td width=\"134\">Nombre del producto:<\/td>\n<td width=\"503\">Maleta para rack ABS de 19 pulgadas<\/td>\n<\/tr>\n<tr>\n<td width=\"134\">Material:<\/td>\n<td width=\"503\">Panel de ABS + Herrajes cromados\/zincados + Extrusi\u00f3n de aluminio<\/td>\n<\/tr>\n<tr>\n<td width=\"134\">Forro de espuma:<\/td>\n<td width=\"503\">No<\/td>\n<\/tr>\n<tr>\n<td width=\"134\">Color:<\/td>\n<td width=\"503\">Negro (color por defecto)<\/td>\n<\/tr>\n<tr>\n<td width=\"134\">Plazo de entrega:<\/td>\n<td width=\"503\">Pedido de muestra 3 d\u00edas, pedido normal 7-15 d\u00edas<\/td>\n<\/tr>\n<tr>\n<td width=\"134\">Dimensi\u00f3n:<\/td>\n<td width=\"503\">Depende de la dimensi\u00f3n del equipo.<\/td>\n<\/tr>\n<\/tbody>\n<\/table>\n<\/section>\n<p>Plazo de entrega:<\/p>\n<section class=\"table-wrap\">\n<table class=\"table\" width=\"100%\" cellspacing=\"0\" cellpadding=\"0\">\n<tbody>\n<tr class=\"firstRow\">\n<td>Cantidad(Unidades)<\/td>\n<td>1 &#8211; 50<\/td>\n<td>&gt;50<\/td>\n<\/tr>\n<tr>\n<td>Est. Tiempo (d\u00edas)<\/td>\n<td>5<\/td>\n<td>A negociar<\/td>\n<\/tr>\n<\/tbody>\n<\/table>\n<\/section>\n<h1>M\u00e1xima protecci\u00f3n con el malet\u00edn ABS de 19 pulgadas para rack de SX<\/h1>\n<h2>Robustez y fiabilidad<\/h2>\n<p>SX ABS 19 pulgadas Rack Flight Case est\u00e1 dise\u00f1ado para proporcionar la m\u00e1xima protecci\u00f3n para su valioso equipo. La duradera construcci\u00f3n de pl\u00e1stico ABS garantiza que su equipo permanezca a salvo de golpes, ara\u00f1azos y otros da\u00f1os durante el transporte. Esta flight case es perfecta para m\u00fasicos, ingenieros de sonido y cualquiera que necesite transportar equipos montados en rack de forma segura.<\/p>\n<h2>Venta directa de f\u00e1brica para obtener el m\u00e1ximo valor<\/h2>\n<h3>Excelencia asequible<\/h3>\n<p>Ofreciendo nuestra ABS 19 Inch Rack Flight Case a trav\u00e9s de venta directa de f\u00e1brica, <a href=\"https:\/\/sxpowercase.com\/\" target=\"_blank\"  rel=\"noopener\" title=\"SX\"  data-wpil-monitor-id=\"469\">SX<\/a> le garantiza el mejor valor por su inversi\u00f3n. Al prescindir de intermediarios, ahorrar\u00e1 dinero sin dejar de recibir una protecci\u00f3n de m\u00e1xima calidad para su equipo. Nuestro compromiso con la venta directa de f\u00e1brica le garantiza que disfrutar\u00e1 de la m\u00e1xima calidad a precios competitivos.<\/p>\n<h2>Adaptable a sus necesidades<\/h2>\n<h3>Soluciones a medida<\/h3>\n<p>SX entiende que cada configuraci\u00f3n profesional es \u00fanica. Por eso ofrecemos servicios de personalizaci\u00f3n para nuestra ABS 19 Inch Rack Flight Case. Si necesita dimensiones espec\u00edficas, compartimentos adicionales o caracter\u00edsticas especiales, podemos adaptar la maleta para satisfacer sus necesidades exactas. Experimente la comodidad y seguridad de una flight case dise\u00f1ada s\u00f3lo para usted.<\/p>\n<h2>Eleve su imagen profesional<\/h2>\n<h3>Profesional y fiable<\/h3>\n<p>El uso de la maleta Rack Flight Case de SX no s\u00f3lo protege su equipo, sino que tambi\u00e9n mejora su imagen profesional. Su dise\u00f1o elegante y robusto refleja su compromiso con la calidad y la fiabilidad. Impresione a sus clientes y colegas con un flight case que cumple tanto en funcionalidad como en apariencia, garantizando que su equipo llegue siempre en perfectas condiciones.<\/p>\n<hr \/>\n<p>Elija la maleta ABS Flight Case de SX para una protecci\u00f3n, durabilidad y valor insuperables. P\u00f3ngase en contacto con nosotros hoy mismo para explorar nuestras opciones de venta directa de f\u00e1brica y personalizaci\u00f3n. Con SX, su equipo est\u00e1 siempre en las mejores manos. Invierta en lo mejor para elevar su negocio y proteger su equipo con nuestras excepcionales flight cases.<\/p>\n<p><strong>Preguntas frecuentes<\/strong><\/p>\n<p>1.\u00bfC\u00f3mo podemos garantizar la calidad?<\/p>\n<p>Siempre una muestra de preproducci\u00f3n antes de la producci\u00f3n en serie;<\/p>\n<p>Siempre Inspecci\u00f3n final antes del env\u00edo;<\/p>\n<p>2.\u00bfQu\u00e9 puede comprarnos?<\/p>\n<p>Caja protectora de seguridad, caja estanca de pl\u00e1stico, caja de madera contrachapada<\/p>\n<p>3.\u00bfQu\u00e9 servicios podemos prestar?<\/p>\n<p>Condiciones de entrega aceptadas: FOB, CFR, CIF, EXW, FCA, DDP, DDU, Entrega urgente\uff1b<\/p>\n<p>Divisa de pago aceptada: USD, EUR, CNY;<\/p>\n<p>Tipo de pago aceptado: T\/T, L\/C, Western Union;<\/p>\n<p>Idioma que habla: Ingl\u00e9s, chino<\/p>\n<p><strong>Nuestro servicio<\/strong><\/p>\n<p>1. Servicio m\u00e1s profesional en el campo de exportaci\u00f3n de productos de embalaje e impresi\u00f3n.<\/p>\n<p>2. Mejor capacidad de fabricaci\u00f3n.<\/p>\n<p>3.Varios plazos de pago para elegir: T\/T, Western Union<\/p>\n<p>Etiquetas calientes: precio bajo, en stock, muestra gratis, cable de alimentaci\u00f3n y se\u00f1al, cable de 4 conductores de calibre 16, estuche para soporte de micr\u00f3fono, gabinete de exhibici\u00f3n LED para exteriores, montaje en rack, estuches de vuelo para mezcladores de montaje en rack de 19 \u201d, caja de distribuci\u00f3n el\u00e9ctrica, China, proveedores, f\u00e1brica, personalizado, venta al por mayor, <span style=\"color: #993366;\"><a style=\"color: #993366;\" href=\"https:\/\/sxflightcase.com\/es\/product-category\/all-product\/power-distribution-boxes\/\">cajas de poder<\/a>,\u00a0<a style=\"color: #993366;\" href=\"https:\/\/sxflightcase.com\/es\/product-category\/all-product\/hoist-controllers\/\">cables de alimentaci\u00f3n<\/a>,\u00a0<a style=\"color: #993366;\" href=\"https:\/\/sxflightcase.com\/es\/product-category\/all-product\/hoist-controllers\/\">controladores de polipasto<\/a>,\u00a0<a style=\"color: #993366;\" href=\"https:\/\/sxflightcase.com\/es\/product-category\/all-product\/flight-case\/\">Estuches de vuelo.<\/a><\/span><\/p>","protected":false},"excerpt":{"rendered":"<h2 class=\"prodetails-name\">19 pulgadas Rack ABS Flight Case<\/h2>\n<p>El flight case ABS para rack de 19 pulgadas est\u00e1 hecho por moldeo por inyecci\u00f3n de pl\u00e1sticos de ingenier\u00eda con alta resistencia al impacto, ligero, resistente y duradero. El pestillo de la caja es una pieza de molde de inyecci\u00f3n de alta resistencia, y ser\u00e1 irrompible incluso si recibe un impacto relativamente grande.<\/p>\n<h2><strong>Introducci\u00f3n a la producci\u00f3n<\/strong><\/h2>\n<p>Esta flight case ABS para rack de 19 pulgadas est\u00e1 dise\u00f1ada con materiales de alta calidad, fabricada con laminado de pl\u00e1stico ABS\/madera contrachapada, forro de espuma, extrusiones de aluminio y hardware de calidad.<\/p>","protected":false},"featured_media":1691,"comment_status":"open","ping_status":"closed","template":"","meta":[],"product_brand":[],"product_cat":[35],"product_tag":[47],"class_list":{"0":"post-1689","1":"product","2":"type-product","3":"status-publish","4":"has-post-thumbnail","6":"product_cat-standard-rack-cases","7":"product_tag-abs","9":"first","10":"instock","11":"shipping-taxable","12":"product-type-simple"},"yoast_head":"<!-- This site is optimized with the Yoast SEO Premium plugin v27.1 (Yoast SEO v27.2) - https:\/\/yoast.com\/product\/yoast-seo-premium-wordpress\/ -->\n<title>ABS 19 Inch Rack Flight Case - https:\/\/sxflightcase.com \ud83d\udc97<\/title>\n<meta name=\"description\" content=\"19 Inch Rack ABS Flight Case: Discover our factory-direct options for professional-grade equipment protection and organization.\" \/>\n<meta name=\"robots\" content=\"index, follow, max-snippet:-1, max-image-preview:large, max-video-preview:-1\" \/>\n<link rel=\"canonical\" href=\"https:\/\/sxflightcase.com\/es\/produkt\/19-tommer-rack-abs-flightcase\/\" \/>\n<meta property=\"og:locale\" content=\"es_MX\" \/>\n<meta property=\"og:type\" content=\"article\" \/>\n<meta property=\"og:title\" content=\"ABS 19 Inch Rack Flight Case\" \/>\n<meta property=\"og:description\" content=\"19 Inch Rack ABS Flight Case: Discover our factory-direct options for professional-grade equipment protection and organization.\" \/>\n<meta property=\"og:url\" content=\"https:\/\/sxflightcase.com\/es\/produkt\/19-tommer-rack-abs-flightcase\/\" \/>\n<meta property=\"og:site_name\" content=\"https:\/\/sxflightcase.com\" \/>\n<meta property=\"article:publisher\" content=\"https:\/\/www.facebook.com\/profile.php?id=61560407257971\" \/>\n<meta property=\"article:modified_time\" content=\"2024-06-25T08:47:31+00:00\" \/>\n<meta property=\"og:image\" content=\"https:\/\/sxflightcase.com\/wp-content\/uploads\/2024\/05\/19-inch-rack-abs-flight-case20596276911.webp\" \/>\n\t<meta property=\"og:image:width\" content=\"730\" \/>\n\t<meta property=\"og:image:height\" content=\"730\" \/>\n\t<meta property=\"og:image:type\" content=\"image\/webp\" \/>\n<meta name=\"twitter:card\" content=\"summary_large_image\" \/>\n<meta name=\"twitter:label1\" content=\"Tiempo de lectura\" \/>\n\t<meta name=\"twitter:data1\" content=\"3 minutos\" \/>\n<script type=\"application\/ld+json\" class=\"yoast-schema-graph\">{\"@context\":\"https:\/\/schema.org\",\"@graph\":[{\"@type\":\"WebPage\",\"@id\":\"https:\/\/sxflightcase.com\/da\/produkt\/19-tommer-rack-abs-flightcase\/\",\"url\":\"https:\/\/sxflightcase.com\/da\/produkt\/19-tommer-rack-abs-flightcase\/\",\"name\":\"ABS 19 Inch Rack Flight Case - https:\/\/sxflightcase.com \ud83d\udc97\",\"isPartOf\":{\"@id\":\"https:\/\/sxflightcase.com\/th\/#website\"},\"primaryImageOfPage\":{\"@id\":\"https:\/\/sxflightcase.com\/da\/produkt\/19-tommer-rack-abs-flightcase\/#primaryimage\"},\"image\":{\"@id\":\"https:\/\/sxflightcase.com\/da\/produkt\/19-tommer-rack-abs-flightcase\/#primaryimage\"},\"thumbnailUrl\":\"https:\/\/sxflightcase.com\/wp-content\/uploads\/2024\/05\/19-inch-rack-abs-flight-case20596276911.webp\",\"datePublished\":\"2024-05-10T03:02:58+00:00\",\"dateModified\":\"2024-06-25T08:47:31+00:00\",\"description\":\"19 Inch Rack ABS Flight Case: Discover our factory-direct options for professional-grade equipment protection and organization.\",\"breadcrumb\":{\"@id\":\"https:\/\/sxflightcase.com\/da\/produkt\/19-tommer-rack-abs-flightcase\/#breadcrumb\"},\"inLanguage\":\"es\",\"potentialAction\":[{\"@type\":\"ReadAction\",\"target\":[\"https:\/\/sxflightcase.com\/da\/produkt\/19-tommer-rack-abs-flightcase\/\"]}]},{\"@type\":\"ImageObject\",\"inLanguage\":\"es\",\"@id\":\"https:\/\/sxflightcase.com\/da\/produkt\/19-tommer-rack-abs-flightcase\/#primaryimage\",\"url\":\"https:\/\/sxflightcase.com\/wp-content\/uploads\/2024\/05\/19-inch-rack-abs-flight-case20596276911.webp\",\"contentUrl\":\"https:\/\/sxflightcase.com\/wp-content\/uploads\/2024\/05\/19-inch-rack-abs-flight-case20596276911.webp\",\"width\":730,\"height\":730,\"caption\":\"19 Inch Rack ABS Flight Case\"},{\"@type\":\"BreadcrumbList\",\"@id\":\"https:\/\/sxflightcase.com\/da\/produkt\/19-tommer-rack-abs-flightcase\/#breadcrumb\",\"itemListElement\":[{\"@type\":\"ListItem\",\"position\":1,\"name\":\"Home\",\"item\":\"https:\/\/sxflightcase.com\/\"},{\"@type\":\"ListItem\",\"position\":2,\"name\":\"\u0e2a\u0e34\u0e19\u0e04\u0e49\u0e32\",\"item\":\"https:\/\/sxflightcase.com\/th\/shop\/\"},{\"@type\":\"ListItem\",\"position\":3,\"name\":\"ABS 19 Inch Rack Flight Case\"}]},{\"@type\":\"WebSite\",\"@id\":\"https:\/\/sxflightcase.com\/th\/#website\",\"url\":\"https:\/\/sxflightcase.com\/th\/\",\"name\":\"sxpowercase.com\",\"description\":\"Flight Case Factory\",\"publisher\":{\"@id\":\"https:\/\/sxflightcase.com\/th\/#organization\"},\"potentialAction\":[{\"@type\":\"SearchAction\",\"target\":{\"@type\":\"EntryPoint\",\"urlTemplate\":\"https:\/\/sxflightcase.com\/th\/?s={search_term_string}\"},\"query-input\":{\"@type\":\"PropertyValueSpecification\",\"valueRequired\":true,\"valueName\":\"search_term_string\"}}],\"inLanguage\":\"es\"},{\"@type\":\"Organization\",\"@id\":\"https:\/\/sxflightcase.com\/th\/#organization\",\"name\":\"sxpowercase.com\",\"url\":\"https:\/\/sxflightcase.com\/th\/\",\"logo\":{\"@type\":\"ImageObject\",\"inLanguage\":\"es\",\"@id\":\"https:\/\/sxflightcase.com\/th\/#\/schema\/logo\/image\/\",\"url\":\"https:\/\/sxflightcase.com\/wp-content\/uploads\/2024\/04\/1713919036007.jpg\",\"contentUrl\":\"https:\/\/sxflightcase.com\/wp-content\/uploads\/2024\/04\/1713919036007.jpg\",\"width\":382,\"height\":388,\"caption\":\"sxpowercase.com\"},\"image\":{\"@id\":\"https:\/\/sxflightcase.com\/th\/#\/schema\/logo\/image\/\"},\"sameAs\":[\"https:\/\/www.facebook.com\/profile.php?id=61560407257971\"],\"numberOfEmployees\":{\"@type\":\"QuantitativeValue\",\"minValue\":\"11\",\"maxValue\":\"50\"}}]}<\/script>\n<!-- \/ Yoast SEO Premium plugin. -->","yoast_head_json":{"title":"ABS 19 Inch Rack Flight Case - https:\/\/sxflightcase.com \ud83d\udc97","description":"19 pulgadas Rack ABS Flight Case: Descubra nuestras opciones directas de f\u00e1brica para la protecci\u00f3n y organizaci\u00f3n de equipos de calidad profesional.","robots":{"index":"index","follow":"follow","max-snippet":"max-snippet:-1","max-image-preview":"max-image-preview:large","max-video-preview":"max-video-preview:-1"},"canonical":"https:\/\/sxflightcase.com\/es\/produkt\/19-tommer-rack-abs-flightcase\/","og_locale":"es_MX","og_type":"article","og_title":"ABS 19 Inch Rack Flight Case","og_description":"19 Inch Rack ABS Flight Case: Discover our factory-direct options for professional-grade equipment protection and organization.","og_url":"https:\/\/sxflightcase.com\/es\/produkt\/19-tommer-rack-abs-flightcase\/","og_site_name":"https:\/\/sxflightcase.com","article_publisher":"https:\/\/www.facebook.com\/profile.php?id=61560407257971","article_modified_time":"2024-06-25T08:47:31+00:00","og_image":[{"width":730,"height":730,"url":"https:\/\/sxflightcase.com\/wp-content\/uploads\/2024\/05\/19-inch-rack-abs-flight-case20596276911.webp","type":"image\/webp"}],"twitter_card":"summary_large_image","twitter_misc":{"Tiempo de lectura":"3 minutos"},"schema":{"@context":"https:\/\/schema.org","@graph":[{"@type":"WebPage","@id":"https:\/\/sxflightcase.com\/da\/produkt\/19-tommer-rack-abs-flightcase\/","url":"https:\/\/sxflightcase.com\/da\/produkt\/19-tommer-rack-abs-flightcase\/","name":"ABS 19 Inch Rack Flight Case - https:\/\/sxflightcase.com \ud83d\udc97","isPartOf":{"@id":"https:\/\/sxflightcase.com\/th\/#website"},"primaryImageOfPage":{"@id":"https:\/\/sxflightcase.com\/da\/produkt\/19-tommer-rack-abs-flightcase\/#primaryimage"},"image":{"@id":"https:\/\/sxflightcase.com\/da\/produkt\/19-tommer-rack-abs-flightcase\/#primaryimage"},"thumbnailUrl":"https:\/\/sxflightcase.com\/wp-content\/uploads\/2024\/05\/19-inch-rack-abs-flight-case20596276911.webp","datePublished":"2024-05-10T03:02:58+00:00","dateModified":"2024-06-25T08:47:31+00:00","description":"19 pulgadas Rack ABS Flight Case: Descubra nuestras opciones directas de f\u00e1brica para la protecci\u00f3n y organizaci\u00f3n de equipos de calidad profesional.","breadcrumb":{"@id":"https:\/\/sxflightcase.com\/da\/produkt\/19-tommer-rack-abs-flightcase\/#breadcrumb"},"inLanguage":"es","potentialAction":[{"@type":"ReadAction","target":["https:\/\/sxflightcase.com\/da\/produkt\/19-tommer-rack-abs-flightcase\/"]}]},{"@type":"ImageObject","inLanguage":"es","@id":"https:\/\/sxflightcase.com\/da\/produkt\/19-tommer-rack-abs-flightcase\/#primaryimage","url":"https:\/\/sxflightcase.com\/wp-content\/uploads\/2024\/05\/19-inch-rack-abs-flight-case20596276911.webp","contentUrl":"https:\/\/sxflightcase.com\/wp-content\/uploads\/2024\/05\/19-inch-rack-abs-flight-case20596276911.webp","width":730,"height":730,"caption":"19 Inch Rack ABS Flight Case"},{"@type":"BreadcrumbList","@id":"https:\/\/sxflightcase.com\/da\/produkt\/19-tommer-rack-abs-flightcase\/#breadcrumb","itemListElement":[{"@type":"ListItem","position":1,"name":"Home","item":"https:\/\/sxflightcase.com\/"},{"@type":"ListItem","position":2,"name":"\u0e2a\u0e34\u0e19\u0e04\u0e49\u0e32","item":"https:\/\/sxflightcase.com\/th\/shop\/"},{"@type":"ListItem","position":3,"name":"ABS 19 Inch Rack Flight Case"}]},{"@type":"WebSite","@id":"https:\/\/sxflightcase.com\/th\/#website","url":"https:\/\/sxflightcase.com\/th\/","name":"es.sxpowercase.com","description":"F\u00e1brica de flightcases","publisher":{"@id":"https:\/\/sxflightcase.com\/th\/#organization"},"potentialAction":[{"@type":"SearchAction","target":{"@type":"EntryPoint","urlTemplate":"https:\/\/sxflightcase.com\/th\/?s={search_term_string}"},"query-input":{"@type":"PropertyValueSpecification","valueRequired":true,"valueName":"search_term_string"}}],"inLanguage":"es"},{"@type":"Organization","@id":"https:\/\/sxflightcase.com\/th\/#organization","name":"es.sxpowercase.com","url":"https:\/\/sxflightcase.com\/th\/","logo":{"@type":"ImageObject","inLanguage":"es","@id":"https:\/\/sxflightcase.com\/th\/#\/schema\/logo\/image\/","url":"https:\/\/sxflightcase.com\/wp-content\/uploads\/2024\/04\/1713919036007.jpg","contentUrl":"https:\/\/sxflightcase.com\/wp-content\/uploads\/2024\/04\/1713919036007.jpg","width":382,"height":388,"caption":"sxpowercase.com"},"image":{"@id":"https:\/\/sxflightcase.com\/th\/#\/schema\/logo\/image\/"},"sameAs":["https:\/\/www.facebook.com\/profile.php?id=61560407257971"],"numberOfEmployees":{"@type":"QuantitativeValue","minValue":"11","maxValue":"50"}}]}},"_links":{"self":[{"href":"https:\/\/sxflightcase.com\/es\/wp-json\/wp\/v2\/product\/1689","targetHints":{"allow":["GET"]}}],"collection":[{"href":"https:\/\/sxflightcase.com\/es\/wp-json\/wp\/v2\/product"}],"about":[{"href":"https:\/\/sxflightcase.com\/es\/wp-json\/wp\/v2\/types\/product"}],"replies":[{"embeddable":true,"href":"https:\/\/sxflightcase.com\/es\/wp-json\/wp\/v2\/comments?post=1689"}],"version-history":[{"count":0,"href":"https:\/\/sxflightcase.com\/es\/wp-json\/wp\/v2\/product\/1689\/revisions"}],"wp:featuredmedia":[{"embeddable":true,"href":"https:\/\/sxflightcase.com\/es\/wp-json\/wp\/v2\/media\/1691"}],"wp:attachment":[{"href":"https:\/\/sxflightcase.com\/es\/wp-json\/wp\/v2\/media?parent=1689"}],"wp:term":[{"taxonomy":"product_brand","embeddable":true,"href":"https:\/\/sxflightcase.com\/es\/wp-json\/wp\/v2\/product_brand?post=1689"},{"taxonomy":"product_cat","embeddable":true,"href":"https:\/\/sxflightcase.com\/es\/wp-json\/wp\/v2\/product_cat?post=1689"},{"taxonomy":"product_tag","embeddable":true,"href":"https:\/\/sxflightcase.com\/es\/wp-json\/wp\/v2\/product_tag?post=1689"}],"curies":[{"name":"wp","href":"https:\/\/api.w.org\/{rel}","templated":true}]}}