{"id":1706,"date":"2024-05-10T04:32:41","date_gmt":"2024-05-10T03:32:41","guid":{"rendered":"https:\/\/sxpowercase.com\/?post_type=product&#038;p=1706"},"modified":"2024-06-27T07:27:47","modified_gmt":"2024-06-27T06:27:47","slug":"moving-head-flight-case","status":"publish","type":"product","link":"https:\/\/sxflightcase.com\/es\/producto\/cabeza-movil-flight-case-2\/","title":{"rendered":"Estuche de vuelo para cabezal m\u00f3vil"},"content":{"rendered":"<p><strong>Par\u00e1metros del producto (especificaci\u00f3n)<\/strong><\/p>\n<section class=\"table-wrap\">\n<table class=\"table\" width=\"100%\" cellspacing=\"0\" cellpadding=\"0\">\n<tbody>\n<tr class=\"firstRow\">\n<td>Nombre del producto<\/td>\n<td>Cabeza m\u00f3vil <a class=\"wpil_keyword_link\" title=\"Estuche de vuelo\" href=\"https:\/\/sxpowercase.com\/product-category\/all-product\/flight-case\/\" target=\"_blank\" rel=\"noopener\" data-wpil-keyword-link=\"linked\" data-wpil-monitor-id=\"409\">Estuche de vuelo<\/a><\/td>\n<\/tr>\n<tr>\n<td>Material<\/td>\n<td>Marco de aluminio + Ign\u00edfugo + Madera contrachapada de 12 mm<\/td>\n<\/tr>\n<tr>\n<td>Adentro<\/td>\n<td>Espuma antichoque de alta densidad<\/td>\n<\/tr>\n<tr>\n<td>Tama\u00f1o<\/td>\n<td>Se puede personalizar<\/td>\n<\/tr>\n<tr>\n<td>Accesorios<\/td>\n<td>Cuatro cierres de mariposa, cuatro ruedas para facilitar el transporte, cuatro asas resistentes<\/td>\n<\/tr>\n<tr>\n<td>Costumbre<\/td>\n<td>Todos los tipos de personalizar son bienvenidos, como el material de la caja de aluminio, dimensi\u00f3n, rellenos interiores, asas, cerraduras, y as\u00ed sucesivamente.<\/td>\n<\/tr>\n<tr>\n<td>Tiempo de muestra<\/td>\n<td>Aproximadamente 3-5 d\u00edas laborables<\/td>\n<\/tr>\n<tr>\n<td>Plazo de pedido formal<\/td>\n<td>alrededor de 15-20 d\u00edas<\/td>\n<\/tr>\n<tr>\n<td>Embalaje<\/td>\n<td>Bolsa de burbujas + cart\u00f3n<\/td>\n<\/tr>\n<\/tbody>\n<\/table>\n<\/section>\n<p><strong>Embalaje y env\u00edo<\/strong><\/p>\n<section class=\"table-wrap\">\n<table class=\"table\" width=\"100%\" cellspacing=\"0\" cellpadding=\"0\">\n<tbody>\n<tr class=\"firstRow\">\n<td colspan=\"3\" width=\"100%\">Embalaje y env\u00edo<\/td>\n<\/tr>\n<tr>\n<td rowspan=\"3\" width=\"33%\">Plazo de entrega<\/td>\n<td width=\"33%\">Por mar<\/td>\n<td width=\"33%\">15-60 d\u00edas<\/td>\n<\/tr>\n<tr>\n<td width=\"33%\">En avi\u00f3n<\/td>\n<td width=\"33%\">4-9 d\u00edas<\/td>\n<\/tr>\n<tr>\n<td width=\"33%\">Por expreso<\/td>\n<td width=\"33%\">4-9 d\u00edas<\/td>\n<\/tr>\n<tr>\n<td width=\"33%\">Plazo de entrega<\/td>\n<td colspan=\"2\" width=\"66%\">7-15 horas de trabajo o seg\u00fan sus necesidades<\/td>\n<\/tr>\n<tr>\n<td width=\"33%\">Embalaje<\/td>\n<td colspan=\"2\" width=\"66%\">Por caja o seg\u00fan sus necesidades<\/td>\n<\/tr>\n<\/tbody>\n<\/table>\n<\/section>\n<h1>Protege tu equipo de iluminaci\u00f3n con la maleta de transporte Moving Head Flight Case de SX<\/h1>\n<h2>Protecci\u00f3n superior para sus faros m\u00f3viles<\/h2>\n<p>El <a href=\"https:\/\/sxpowercase.com\/\" target=\"_blank\" rel=\"noopener\" title=\"SX\" data-wpil-monitor-id=\"468\">SX<\/a> Moving Head Flight Case ofrece una protecci\u00f3n inigualable para sus valiosas luces de cabeza m\u00f3vil. Fabricado con materiales de alta calidad, este <a href=\"https:\/\/sxpowercase.com\/flight-case\/\" target=\"_blank\" rel=\"noopener\" data-wpil-monitor-id=\"493\">El flight case garantiza la seguridad de su equipo<\/a> y seguro durante el transporte. Tanto si eres un DJ profesional, un m\u00fasico de gira o un t\u00e9cnico de escenario, la SX Moving Head Flight Case es la soluci\u00f3n perfecta para salvaguardar tu equipo de iluminaci\u00f3n.<\/p>\n<h2>Duradero y fiable<\/h2>\n<h3>Fabricado para resistir los rigores<\/h3>\n<p>La Moving Head Flight Case de SX est\u00e1 hecha para durar. La robusta construcci\u00f3n incluye esquinas reforzadas y pestillos de alta resistencia, proporcionando la m\u00e1xima durabilidad. El robusto exterior protege su equipo de los impactos, mientras que el interior de espuma a medida mantiene sus luces seguras y acolchadas. Esta flight case est\u00e1 dise\u00f1ada para soportar los rigores de los viajes frecuentes, garantizando que su equipo est\u00e9 siempre protegido.<\/p>\n<h2>Ventas directas de f\u00e1brica para un valor excepcional<\/h2>\n<h3>Calidad asequible<\/h3>\n<p>En SX, ofrecemos nuestra Moving Head Flight Case a trav\u00e9s de ventas directas de f\u00e1brica, lo que garantiza que reciba un valor excepcional. Al eliminar a los intermediarios, le repercutimos el ahorro directamente a usted. Esto le permite invertir en una protecci\u00f3n de primera calidad para su equipo de iluminaci\u00f3n a un precio competitivo, maximizando su presupuesto sin comprometer la calidad.<\/p>\n<h2>Servicios personalizados que se adaptan a sus necesidades<\/h2>\n<h3>Soluciones a medida<\/h3>\n<p>Cada escenario es \u00fanico, al igual que sus necesidades. SX ofrece servicios de personalizaci\u00f3n para nuestra Moving Head Flight Case, lo que le permite adaptar la maleta a sus requisitos espec\u00edficos. Desde dimensiones personalizadas hasta compartimentos especializados, nos aseguramos de que su flight case se adapte perfectamente a su equipo. Experimente la comodidad y la seguridad de una maleta hecha a medida y dise\u00f1ada s\u00f3lo para usted.<\/p>\n<h2>Mejore su imagen profesional<\/h2>\n<h3>Profesionalidad y fiabilidad<\/h3>\n<p>El flight case para cabezas m\u00f3viles de SX no s\u00f3lo protege su equipo, sino que tambi\u00e9n mejora su imagen profesional. Fiable y elegante, nuestro flight case garantiza que su equipo llegue en perfectas condiciones, impresionando a clientes y p\u00fablico por igual. Mejore sus operaciones comerciales con un malet\u00edn que refleje la calidad de su trabajo y la profesionalidad de su marca.<\/p>\n<hr \/>\n<p>Elija Flight Case de SX para una protecci\u00f3n, durabilidad y valor superiores. P\u00f3ngase en contacto con nosotros hoy mismo para obtener m\u00e1s informaci\u00f3n sobre nuestras ventas directas de f\u00e1brica y opciones de personalizaci\u00f3n. Con SX, puede confiar en que sus faros m\u00f3viles est\u00e1n en las mejores manos posibles. Invierta en una protecci\u00f3n superior y eleve su negocio con nuestras flight cases de primera calidad.<\/p>\n<p><strong>Preguntas frecuentes<\/strong><\/p>\n<p>P: \u00bfCu\u00e1ntos tipos diferentes de productos fabrica su empresa?<\/p>\n<p>R: Ahora tenemos m\u00e1s de 1.000 productos. Tenemos una ventaja fuerte del OEM, apenas nos damos los productos reales o su idea que usted quiere, fabricaremos para usted.<\/p>\n<p>P: \u00bfPueden hacer nuestro propio envasado?<\/p>\n<p>R: S\u00ed, s\u00f3lo tiene que proporcionar el dise\u00f1o del envase y produciremos lo que desee. Tambi\u00e9n tenemos el dise\u00f1ador profesional puede ayudarle a hacer el dise\u00f1o de envases.<\/p>\n<p>P: \u00bfQu\u00e9 formas de pago pueden aceptar?<\/p>\n<p>R: T\/T, Western Union, etc. Aceptamos cualquier t\u00e9rmino conveniente y r\u00e1pido del pago.<\/p>\n<p>Hot Tags: Low price, in stock, free sample, Power And Signal Cable, 16 Gauge 4 Conductor Wire, Microphone Stand Case, Outdoor Led Display Cabinet, Rack Mount, 19\" Rackmount Mixer Flight Cases\uff0celectrical distro box, China, proveedores, f\u00e1brica, modificado para requisitos particulares, venta por mayor, Moving Head Flight Case,<span style=\"color: #993366;\"><a style=\"color: #993366;\" href=\"https:\/\/sxflightcase.com\/es\/product-category\/all-product\/power-distribution-boxes\/\">fuerza<\/a><\/span> cajas,\u00a0<a style=\"color: #993366;\" href=\"https:\/\/sxflightcase.com\/es\/product-category\/all-product\/hoist-controllers\/\">cables de alimentaci\u00f3n<\/a>,\u00a0<a style=\"color: #993366;\" href=\"https:\/\/sxflightcase.com\/es\/product-category\/all-product\/hoist-controllers\/\">controladores de polipasto<\/a>,<\/p>","protected":false},"excerpt":{"rendered":"<h2 class=\"prodetails-name\">Estuche de vuelo para cabezal m\u00f3vil<\/h2>\n<p>Nos complace ofrecer una gama de robustas soluciones de viaje para que los profesionales del sector puedan transportar y almacenar de forma segura sus cabezas m\u00f3viles o similares. A lo largo de los a\u00f1os hemos dedicado muchas horas a dise\u00f1ar la soluci\u00f3n perfecta para transportar sus queridas luces sin temor a que sufran da\u00f1os.<\/p>\n<h2><strong>Introducci\u00f3n a la producci\u00f3n<\/strong><\/h2>\n<p>Cabeza m\u00f3vil <a class=\"wpil_keyword_link\" title=\"Estuche de vuelo\" href=\"https:\/\/sxpowercase.com\/product-category\/all-product\/flight-case\/\" target=\"_blank\" rel=\"noopener\" data-wpil-keyword-link=\"linked\" data-wpil-monitor-id=\"410\">Estuche de vuelo<\/a><\/p>\n<p>- Tipo: Tapa abatible<\/p>\n<p>- Material: Tablero laminado ign\u00edfugo negro de 9 mm. Otros colores disponibles (a\u00f1adir a la cesta para ver)<\/p>\n<p>- Dimensiones int: Construido a medida para adaptarse a su cabeza m\u00f3vil<\/p>\n<p>- Dimensiones ext: Construido a medida para adaptarse a su cabeza m\u00f3vil<\/p>\n<p>- Espuma: Espuma forrada de 20 mm de alta densidad<\/p>\n<p>- Accesorios Penn Elcom de alta resistencia o propios<\/p>\n<p>- Tabique central equipado con un compartimento de 100 mm<\/p>\n<p>- Ruedas: Ruedas de 100 mm montadas (x2 frenos)<\/p>","protected":false},"featured_media":1707,"comment_status":"open","ping_status":"closed","template":"","meta":[],"product_brand":[],"product_cat":[41],"product_tag":[],"class_list":{"0":"post-1706","1":"product","2":"type-product","3":"status-publish","4":"has-post-thumbnail","6":"product_cat-equipment-cases","8":"first","9":"instock","10":"shipping-taxable","11":"product-type-simple"},"yoast_head":"<!-- This site is optimized with the Yoast SEO Premium plugin v27.1 (Yoast SEO v27.2) - https:\/\/yoast.com\/product\/yoast-seo-premium-wordpress\/ -->\n<title>Moving Head Flight Case - https:\/\/sxflightcase.com \ud83d\udc97<\/title>\n<meta name=\"description\" content=\"Moving Head Flight Case: Explore factory-direct sales and professional customization options for organizing and protecting your lighting equipment efficiently.\" \/>\n<meta name=\"robots\" content=\"index, follow, max-snippet:-1, max-image-preview:large, max-video-preview:-1\" \/>\n<link rel=\"canonical\" href=\"https:\/\/sxflightcase.com\/es\/\u88fd\u54c1\/\u30e0\u30fc\u30d3\u30f3\u30b0\u30d8\u30c3\u30c9\u30fb\u30d5\u30e9\u30a4\u30c8\u30b1\u30fc\u30b9\/\" \/>\n<meta property=\"og:locale\" content=\"es_MX\" \/>\n<meta property=\"og:type\" content=\"article\" \/>\n<meta property=\"og:title\" content=\"Moving Head Flight Case\" \/>\n<meta property=\"og:description\" content=\"Moving Head Flight Case: Explore factory-direct sales and professional customization options for organizing and protecting your lighting equipment efficiently.\" \/>\n<meta property=\"og:url\" content=\"https:\/\/sxflightcase.com\/es\/\u88fd\u54c1\/\u30e0\u30fc\u30d3\u30f3\u30b0\u30d8\u30c3\u30c9\u30fb\u30d5\u30e9\u30a4\u30c8\u30b1\u30fc\u30b9\/\" \/>\n<meta property=\"og:site_name\" content=\"https:\/\/sxflightcase.com\" \/>\n<meta property=\"article:publisher\" content=\"https:\/\/www.facebook.com\/profile.php?id=61560407257971\" \/>\n<meta property=\"article:modified_time\" content=\"2024-06-27T06:27:47+00:00\" \/>\n<meta property=\"og:image\" content=\"https:\/\/sxflightcase.com\/wp-content\/uploads\/2024\/05\/moving-head-flight-case21176673442.jpg\" \/>\n\t<meta property=\"og:image:width\" content=\"700\" \/>\n\t<meta property=\"og:image:height\" content=\"700\" \/>\n\t<meta property=\"og:image:type\" content=\"image\/jpeg\" \/>\n<meta name=\"twitter:card\" content=\"summary_large_image\" \/>\n<meta name=\"twitter:label1\" content=\"Tiempo de lectura\" \/>\n\t<meta name=\"twitter:data1\" content=\"4 minutos\" \/>\n<script type=\"application\/ld+json\" class=\"yoast-schema-graph\">{\"@context\":\"https:\/\/schema.org\",\"@graph\":[{\"@type\":\"WebPage\",\"@id\":\"https:\/\/sxflightcase.com\/ja\/\u88fd\u54c1\/\u30e0\u30fc\u30d3\u30f3\u30b0\u30d8\u30c3\u30c9\u30fb\u30d5\u30e9\u30a4\u30c8\u30b1\u30fc\u30b9\/\",\"url\":\"https:\/\/sxflightcase.com\/ja\/\u88fd\u54c1\/\u30e0\u30fc\u30d3\u30f3\u30b0\u30d8\u30c3\u30c9\u30fb\u30d5\u30e9\u30a4\u30c8\u30b1\u30fc\u30b9\/\",\"name\":\"Moving Head Flight Case - https:\/\/sxflightcase.com \ud83d\udc97\",\"isPartOf\":{\"@id\":\"https:\/\/sxflightcase.com\/th\/#website\"},\"primaryImageOfPage\":{\"@id\":\"https:\/\/sxflightcase.com\/ja\/\u88fd\u54c1\/\u30e0\u30fc\u30d3\u30f3\u30b0\u30d8\u30c3\u30c9\u30fb\u30d5\u30e9\u30a4\u30c8\u30b1\u30fc\u30b9\/#primaryimage\"},\"image\":{\"@id\":\"https:\/\/sxflightcase.com\/ja\/\u88fd\u54c1\/\u30e0\u30fc\u30d3\u30f3\u30b0\u30d8\u30c3\u30c9\u30fb\u30d5\u30e9\u30a4\u30c8\u30b1\u30fc\u30b9\/#primaryimage\"},\"thumbnailUrl\":\"https:\/\/sxflightcase.com\/wp-content\/uploads\/2024\/05\/moving-head-flight-case21176673442.jpg\",\"datePublished\":\"2024-05-10T03:32:41+00:00\",\"dateModified\":\"2024-06-27T06:27:47+00:00\",\"description\":\"Moving Head Flight Case: Explore factory-direct sales and professional customization options for organizing and protecting your lighting equipment efficiently.\",\"breadcrumb\":{\"@id\":\"https:\/\/sxflightcase.com\/ja\/\u88fd\u54c1\/\u30e0\u30fc\u30d3\u30f3\u30b0\u30d8\u30c3\u30c9\u30fb\u30d5\u30e9\u30a4\u30c8\u30b1\u30fc\u30b9\/#breadcrumb\"},\"inLanguage\":\"es\",\"potentialAction\":[{\"@type\":\"ReadAction\",\"target\":[\"https:\/\/sxflightcase.com\/ja\/\u88fd\u54c1\/\u30e0\u30fc\u30d3\u30f3\u30b0\u30d8\u30c3\u30c9\u30fb\u30d5\u30e9\u30a4\u30c8\u30b1\u30fc\u30b9\/\"]}]},{\"@type\":\"ImageObject\",\"inLanguage\":\"es\",\"@id\":\"https:\/\/sxflightcase.com\/ja\/\u88fd\u54c1\/\u30e0\u30fc\u30d3\u30f3\u30b0\u30d8\u30c3\u30c9\u30fb\u30d5\u30e9\u30a4\u30c8\u30b1\u30fc\u30b9\/#primaryimage\",\"url\":\"https:\/\/sxflightcase.com\/wp-content\/uploads\/2024\/05\/moving-head-flight-case21176673442.jpg\",\"contentUrl\":\"https:\/\/sxflightcase.com\/wp-content\/uploads\/2024\/05\/moving-head-flight-case21176673442.jpg\",\"width\":700,\"height\":700,\"caption\":\"Moving Head Flight Case\"},{\"@type\":\"BreadcrumbList\",\"@id\":\"https:\/\/sxflightcase.com\/ja\/\u88fd\u54c1\/\u30e0\u30fc\u30d3\u30f3\u30b0\u30d8\u30c3\u30c9\u30fb\u30d5\u30e9\u30a4\u30c8\u30b1\u30fc\u30b9\/#breadcrumb\",\"itemListElement\":[{\"@type\":\"ListItem\",\"position\":1,\"name\":\"Home\",\"item\":\"https:\/\/sxflightcase.com\/\"},{\"@type\":\"ListItem\",\"position\":2,\"name\":\"\u0e2a\u0e34\u0e19\u0e04\u0e49\u0e32\",\"item\":\"https:\/\/sxflightcase.com\/th\/shop\/\"},{\"@type\":\"ListItem\",\"position\":3,\"name\":\"Moving Head Flight Case\"}]},{\"@type\":\"WebSite\",\"@id\":\"https:\/\/sxflightcase.com\/th\/#website\",\"url\":\"https:\/\/sxflightcase.com\/th\/\",\"name\":\"sxpowercase.com\",\"description\":\"Flight Case Factory\",\"publisher\":{\"@id\":\"https:\/\/sxflightcase.com\/th\/#organization\"},\"potentialAction\":[{\"@type\":\"SearchAction\",\"target\":{\"@type\":\"EntryPoint\",\"urlTemplate\":\"https:\/\/sxflightcase.com\/th\/?s={search_term_string}\"},\"query-input\":{\"@type\":\"PropertyValueSpecification\",\"valueRequired\":true,\"valueName\":\"search_term_string\"}}],\"inLanguage\":\"es\"},{\"@type\":\"Organization\",\"@id\":\"https:\/\/sxflightcase.com\/th\/#organization\",\"name\":\"sxpowercase.com\",\"url\":\"https:\/\/sxflightcase.com\/th\/\",\"logo\":{\"@type\":\"ImageObject\",\"inLanguage\":\"es\",\"@id\":\"https:\/\/sxflightcase.com\/th\/#\/schema\/logo\/image\/\",\"url\":\"https:\/\/sxflightcase.com\/wp-content\/uploads\/2024\/04\/1713919036007.jpg\",\"contentUrl\":\"https:\/\/sxflightcase.com\/wp-content\/uploads\/2024\/04\/1713919036007.jpg\",\"width\":382,\"height\":388,\"caption\":\"sxpowercase.com\"},\"image\":{\"@id\":\"https:\/\/sxflightcase.com\/th\/#\/schema\/logo\/image\/\"},\"sameAs\":[\"https:\/\/www.facebook.com\/profile.php?id=61560407257971\"],\"numberOfEmployees\":{\"@type\":\"QuantitativeValue\",\"minValue\":\"11\",\"maxValue\":\"50\"}}]}<\/script>\n<!-- \/ Yoast SEO Premium plugin. -->","yoast_head_json":{"title":"Moving Head Flight Case - https:\/\/sxflightcase.com \ud83d\udc97","description":"Moving Head Flight Case: Explore las opciones de venta directa de f\u00e1brica y personalizaci\u00f3n profesional para organizar y proteger su equipo de iluminaci\u00f3n de forma eficaz.","robots":{"index":"index","follow":"follow","max-snippet":"max-snippet:-1","max-image-preview":"max-image-preview:large","max-video-preview":"max-video-preview:-1"},"canonical":"https:\/\/sxflightcase.com\/es\/\u88fd\u54c1\/\u30e0\u30fc\u30d3\u30f3\u30b0\u30d8\u30c3\u30c9\u30fb\u30d5\u30e9\u30a4\u30c8\u30b1\u30fc\u30b9\/","og_locale":"es_MX","og_type":"article","og_title":"Moving Head Flight Case","og_description":"Moving Head Flight Case: Explore factory-direct sales and professional customization options for organizing and protecting your lighting equipment efficiently.","og_url":"https:\/\/sxflightcase.com\/es\/\u88fd\u54c1\/\u30e0\u30fc\u30d3\u30f3\u30b0\u30d8\u30c3\u30c9\u30fb\u30d5\u30e9\u30a4\u30c8\u30b1\u30fc\u30b9\/","og_site_name":"https:\/\/sxflightcase.com","article_publisher":"https:\/\/www.facebook.com\/profile.php?id=61560407257971","article_modified_time":"2024-06-27T06:27:47+00:00","og_image":[{"width":700,"height":700,"url":"https:\/\/sxflightcase.com\/wp-content\/uploads\/2024\/05\/moving-head-flight-case21176673442.jpg","type":"image\/jpeg"}],"twitter_card":"summary_large_image","twitter_misc":{"Tiempo de lectura":"4 minutos"},"schema":{"@context":"https:\/\/schema.org","@graph":[{"@type":"WebPage","@id":"https:\/\/sxflightcase.com\/ja\/\u88fd\u54c1\/\u30e0\u30fc\u30d3\u30f3\u30b0\u30d8\u30c3\u30c9\u30fb\u30d5\u30e9\u30a4\u30c8\u30b1\u30fc\u30b9\/","url":"https:\/\/sxflightcase.com\/ja\/\u88fd\u54c1\/\u30e0\u30fc\u30d3\u30f3\u30b0\u30d8\u30c3\u30c9\u30fb\u30d5\u30e9\u30a4\u30c8\u30b1\u30fc\u30b9\/","name":"Moving Head Flight Case - https:\/\/sxflightcase.com \ud83d\udc97","isPartOf":{"@id":"https:\/\/sxflightcase.com\/th\/#website"},"primaryImageOfPage":{"@id":"https:\/\/sxflightcase.com\/ja\/\u88fd\u54c1\/\u30e0\u30fc\u30d3\u30f3\u30b0\u30d8\u30c3\u30c9\u30fb\u30d5\u30e9\u30a4\u30c8\u30b1\u30fc\u30b9\/#primaryimage"},"image":{"@id":"https:\/\/sxflightcase.com\/ja\/\u88fd\u54c1\/\u30e0\u30fc\u30d3\u30f3\u30b0\u30d8\u30c3\u30c9\u30fb\u30d5\u30e9\u30a4\u30c8\u30b1\u30fc\u30b9\/#primaryimage"},"thumbnailUrl":"https:\/\/sxflightcase.com\/wp-content\/uploads\/2024\/05\/moving-head-flight-case21176673442.jpg","datePublished":"2024-05-10T03:32:41+00:00","dateModified":"2024-06-27T06:27:47+00:00","description":"Moving Head Flight Case: Explore las opciones de venta directa de f\u00e1brica y personalizaci\u00f3n profesional para organizar y proteger su equipo de iluminaci\u00f3n de forma eficaz.","breadcrumb":{"@id":"https:\/\/sxflightcase.com\/ja\/\u88fd\u54c1\/\u30e0\u30fc\u30d3\u30f3\u30b0\u30d8\u30c3\u30c9\u30fb\u30d5\u30e9\u30a4\u30c8\u30b1\u30fc\u30b9\/#breadcrumb"},"inLanguage":"es","potentialAction":[{"@type":"ReadAction","target":["https:\/\/sxflightcase.com\/ja\/\u88fd\u54c1\/\u30e0\u30fc\u30d3\u30f3\u30b0\u30d8\u30c3\u30c9\u30fb\u30d5\u30e9\u30a4\u30c8\u30b1\u30fc\u30b9\/"]}]},{"@type":"ImageObject","inLanguage":"es","@id":"https:\/\/sxflightcase.com\/ja\/\u88fd\u54c1\/\u30e0\u30fc\u30d3\u30f3\u30b0\u30d8\u30c3\u30c9\u30fb\u30d5\u30e9\u30a4\u30c8\u30b1\u30fc\u30b9\/#primaryimage","url":"https:\/\/sxflightcase.com\/wp-content\/uploads\/2024\/05\/moving-head-flight-case21176673442.jpg","contentUrl":"https:\/\/sxflightcase.com\/wp-content\/uploads\/2024\/05\/moving-head-flight-case21176673442.jpg","width":700,"height":700,"caption":"Moving Head Flight Case"},{"@type":"BreadcrumbList","@id":"https:\/\/sxflightcase.com\/ja\/\u88fd\u54c1\/\u30e0\u30fc\u30d3\u30f3\u30b0\u30d8\u30c3\u30c9\u30fb\u30d5\u30e9\u30a4\u30c8\u30b1\u30fc\u30b9\/#breadcrumb","itemListElement":[{"@type":"ListItem","position":1,"name":"Home","item":"https:\/\/sxflightcase.com\/"},{"@type":"ListItem","position":2,"name":"\u0e2a\u0e34\u0e19\u0e04\u0e49\u0e32","item":"https:\/\/sxflightcase.com\/th\/shop\/"},{"@type":"ListItem","position":3,"name":"Moving Head Flight Case"}]},{"@type":"WebSite","@id":"https:\/\/sxflightcase.com\/th\/#website","url":"https:\/\/sxflightcase.com\/th\/","name":"es.sxpowercase.com","description":"F\u00e1brica de flightcases","publisher":{"@id":"https:\/\/sxflightcase.com\/th\/#organization"},"potentialAction":[{"@type":"SearchAction","target":{"@type":"EntryPoint","urlTemplate":"https:\/\/sxflightcase.com\/th\/?s={search_term_string}"},"query-input":{"@type":"PropertyValueSpecification","valueRequired":true,"valueName":"search_term_string"}}],"inLanguage":"es"},{"@type":"Organization","@id":"https:\/\/sxflightcase.com\/th\/#organization","name":"es.sxpowercase.com","url":"https:\/\/sxflightcase.com\/th\/","logo":{"@type":"ImageObject","inLanguage":"es","@id":"https:\/\/sxflightcase.com\/th\/#\/schema\/logo\/image\/","url":"https:\/\/sxflightcase.com\/wp-content\/uploads\/2024\/04\/1713919036007.jpg","contentUrl":"https:\/\/sxflightcase.com\/wp-content\/uploads\/2024\/04\/1713919036007.jpg","width":382,"height":388,"caption":"sxpowercase.com"},"image":{"@id":"https:\/\/sxflightcase.com\/th\/#\/schema\/logo\/image\/"},"sameAs":["https:\/\/www.facebook.com\/profile.php?id=61560407257971"],"numberOfEmployees":{"@type":"QuantitativeValue","minValue":"11","maxValue":"50"}}]}},"_links":{"self":[{"href":"https:\/\/sxflightcase.com\/es\/wp-json\/wp\/v2\/product\/1706","targetHints":{"allow":["GET"]}}],"collection":[{"href":"https:\/\/sxflightcase.com\/es\/wp-json\/wp\/v2\/product"}],"about":[{"href":"https:\/\/sxflightcase.com\/es\/wp-json\/wp\/v2\/types\/product"}],"replies":[{"embeddable":true,"href":"https:\/\/sxflightcase.com\/es\/wp-json\/wp\/v2\/comments?post=1706"}],"version-history":[{"count":0,"href":"https:\/\/sxflightcase.com\/es\/wp-json\/wp\/v2\/product\/1706\/revisions"}],"wp:featuredmedia":[{"embeddable":true,"href":"https:\/\/sxflightcase.com\/es\/wp-json\/wp\/v2\/media\/1707"}],"wp:attachment":[{"href":"https:\/\/sxflightcase.com\/es\/wp-json\/wp\/v2\/media?parent=1706"}],"wp:term":[{"taxonomy":"product_brand","embeddable":true,"href":"https:\/\/sxflightcase.com\/es\/wp-json\/wp\/v2\/product_brand?post=1706"},{"taxonomy":"product_cat","embeddable":true,"href":"https:\/\/sxflightcase.com\/es\/wp-json\/wp\/v2\/product_cat?post=1706"},{"taxonomy":"product_tag","embeddable":true,"href":"https:\/\/sxflightcase.com\/es\/wp-json\/wp\/v2\/product_tag?post=1706"}],"curies":[{"name":"wp","href":"https:\/\/api.w.org\/{rel}","templated":true}]}}