{"id":1713,"date":"2024-05-10T04:46:14","date_gmt":"2024-05-10T03:46:14","guid":{"rendered":"https:\/\/sxpowercase.com\/?post_type=product&#038;p=1713"},"modified":"2024-06-14T08:03:45","modified_gmt":"2024-06-14T07:03:45","slug":"led-cabinet-lighting","status":"publish","type":"product","link":"https:\/\/sxflightcase.com\/es\/producto\/iluminacion-led-para-armarios-2\/","title":{"rendered":"Iluminaci\u00f3n LED para gabinetes"},"content":{"rendered":"<p><strong>Par\u00e1metros del producto (especificaci\u00f3n)<\/strong><\/p>\n<section class=\"table-wrap\">\n<table class=\"table\" width=\"100%\" cellspacing=\"0\" cellpadding=\"0\">\n<tbody>\n<tr class=\"firstRow\">\n<td>Nombre del producto<\/td>\n<td>Iluminaci\u00f3n LED para armarios<\/td>\n<\/tr>\n<tr>\n<td>Material<\/td>\n<td>Marco de aluminio + Ign\u00edfugo + Madera contrachapada de 9 mm<\/td>\n<\/tr>\n<tr>\n<td>Adentro<\/td>\n<td>Espuma antichoque de alta densidad<\/td>\n<\/tr>\n<tr>\n<td>Tama\u00f1o<\/td>\n<td>Se puede personalizar<\/td>\n<\/tr>\n<tr>\n<td>Accesorios<\/td>\n<td>Cuatro cierres de mariposa, cuatro ruedas para facilitar el transporte, cuatro asas resistentes<\/td>\n<\/tr>\n<tr>\n<td>Costumbre<\/td>\n<td>Todos los tipos de personalizaci\u00f3n son bienvenidos, como el material de la caja de aluminio, dimensi\u00f3n, rellenos interiores, asas, cerraduras, y as\u00ed sucesivamente.<\/td>\n<\/tr>\n<tr>\n<td>Tiempo de muestra<\/td>\n<td>Aproximadamente 3-5 d\u00edas laborables<\/td>\n<\/tr>\n<tr>\n<td>Plazo de pedido formal<\/td>\n<td>alrededor de 15-20 d\u00edas<\/td>\n<\/tr>\n<tr>\n<td>Embalaje<\/td>\n<td>Bolsa de burbujas + cart\u00f3n<\/td>\n<\/tr>\n<\/tbody>\n<\/table>\n<\/section>\n<p><strong>Caracter\u00edsticas y aplicaciones del producto<\/strong><\/p>\n<p>La iluminaci\u00f3n, ya sea para teatro, cine, televisi\u00f3n o arquitectura, puede ser pesada, delicada, dif\u00edcil de almacenar y cara de reemplazar. <a class=\"wpil_keyword_link\" href=\"https:\/\/sxpowercase.com\/product-category\/all-product\/flight-case\/\" target=\"_blank\" rel=\"noopener\" title=\"Estuche de vuelo\" data-wpil-keyword-link=\"linked\" data-wpil-monitor-id=\"411\">Estuche de vuelo<\/a> resolver\u00e1 todos estos problemas.<\/p>\n<p><img decoding=\"async\" title=\"1\" src=\"https:\/\/www.sxprocase.com\/Content\/uploads\/2021794209\/202106241129483581a96df57549f69f19f110b60b6bbd.jpg\" alt=\"1\" \/><\/p>\n<p><strong>Detalles de la producci\u00f3n<\/strong><\/p>\n<p><img decoding=\"async\" title=\"18\" src=\"https:\/\/www.sxprocase.com\/Content\/uploads\/2021794209\/2021062411300523c9e1eb65cf4fd09415214e841925a3.jpg\" \/><\/p>\n<p><img decoding=\"async\" title=\"IMG_2796\" src=\"https:\/\/www.sxprocase.com\/Content\/uploads\/2021794209\/202106241130064dd448773fae4643a2a1e6276c0bf3d1.jpg\" \/><\/p>\n<p><img decoding=\"async\" title=\"flight case de iluminaci\u00f3n\" src=\"https:\/\/www.sxprocase.com\/Content\/uploads\/2021794209\/202106241130068057f80464894f25ad1a2884c2fb4b2a.jpg\" \/><\/p>\n<p><strong>M\u00e1s informaci\u00f3n<\/strong><\/p>\n<p>Informaci\u00f3n b\u00e1sica de la empresa:<\/p>\n<p>* Con una trayectoria de m\u00e1s de 10 a\u00f1os<\/p>\n<p>* 10 a\u00f1os de experiencia en exportaci\u00f3n<\/p>\n<p>* Env\u00edo a m\u00e1s de 50 pa\u00edses<\/p>\n<p>* Empleados: M\u00e1s de 30<\/p>\n<p>* \u00c1rea de la f\u00e1brica: 3.000 metros cuadrados<\/p>\n<p><strong>Flujo de producci\u00f3n<\/strong><\/p>\n<p><img decoding=\"async\" title=\"2\" src=\"https:\/\/www.sxprocase.com\/Content\/uploads\/2021794209\/2021062411294314f667fb72f4416db29fdec9e6baae08.jpg\" alt=\"2\" \/><\/p>\n<p><strong>Nuestros servicios<\/strong><\/p>\n<p>1.Su consulta relacionada con nuestros productos o precios ser\u00e1 respondida en 24hrs.<\/p>\n<p>2.Personal cualificado y con experiencia para responder a todas sus preguntas en un ingl\u00e9s fluido.<\/p>\n<p>3.OEM&amp;ODM, cualquier su iluminaci\u00f3n modificada para requisitos particulares podemos ayudarle a dise\u00f1ar y a poner en producto.<\/p>\n<p>4.Distributor nave se ofrecen para su dise\u00f1o \u00fanico y algunos de nuestros modelos actuales<\/p>\n<p>5.Protecci\u00f3n de su \u00e1rea de ventas, ideas de dise\u00f1o y toda su informaci\u00f3n privada<\/p>\n<p>Etiquetas calientes: precio bajo, en stock, muestra gratis, cable de alimentaci\u00f3n y se\u00f1al, cable de 4 conductores de calibre 16, estuche para soporte de micr\u00f3fono, gabinete de exhibici\u00f3n LED para exteriores, montaje en rack, estuches de vuelo para mezcladores de montaje en rack de 19 \u201d, caja de distribuci\u00f3n el\u00e9ctrica, China, proveedores, f\u00e1brica, personalizado, venta al por mayor, <span style=\"color: #993366;\"><a style=\"color: #993366;\" href=\"https:\/\/sxflightcase.com\/es\/product-category\/all-product\/power-distribution-boxes\/\">cajas de poder<\/a>,\u00a0<a style=\"color: #993366;\" href=\"https:\/\/sxflightcase.com\/es\/product-category\/all-product\/hoist-controllers\/\">cables de alimentaci\u00f3n<\/a>,\u00a0<a style=\"color: #993366;\" href=\"https:\/\/sxflightcase.com\/es\/product-category\/all-product\/hoist-controllers\/\">controladores de polipasto<\/a>,\u00a0<a style=\"color: #993366;\" href=\"https:\/\/sxflightcase.com\/es\/product-category\/all-product\/flight-case\/\">Estuches de vuelo.<\/a><\/span><\/p>","protected":false},"excerpt":{"rendered":"<h2 class=\"prodetails-name\">Iluminaci\u00f3n LED para gabinetes<\/h2>\n<p>Nos complace ofrecer una gama de robustas soluciones de viaje para que los profesionales del sector puedan transportar y almacenar de forma segura sus cabezas m\u00f3viles o similares. A lo largo de los a\u00f1os hemos dedicado muchas horas a dise\u00f1ar la soluci\u00f3n perfecta para transportar sus queridas luces sin temor a que sufran da\u00f1os.<\/p>\n<h2><strong>Introducci\u00f3n a la producci\u00f3n<\/strong><\/h2>\n<p>Flight case de iluminaci\u00f3n esc\u00e9nica<\/p>\n<p>1 - 1 \/ 2 \/ 4 \/6 \/8 \/10 unidades en una caja dise\u00f1ada seg\u00fan pedido.<\/p>\n<p>2 - Carga superior o carga invertida para diferentes tipos de accesorios para facilitar el montaje en aparejos.<\/p>\n<p>3 - Espacios libres para abrazaderas, cables y otros engranajes a petici\u00f3n del cliente.<\/p>\n<p>4 - Fabricado en aluminio ligero de alta calidad, f\u00e1cil de transportar y montar<\/p>\n<p>5 - Disponible en muchas longitudes para animadores m\u00f3viles, producciones, clubes nocturnos y tiendas minoristas<\/p>","protected":false},"featured_media":1715,"comment_status":"open","ping_status":"closed","template":"","meta":[],"product_brand":[],"product_cat":[41],"product_tag":[],"class_list":{"0":"post-1713","1":"product","2":"type-product","3":"status-publish","4":"has-post-thumbnail","6":"product_cat-equipment-cases","8":"first","9":"instock","10":"shipping-taxable","11":"product-type-simple"},"yoast_head":"<!-- This site is optimized with the Yoast SEO Premium plugin v27.1 (Yoast SEO v27.2) - https:\/\/yoast.com\/product\/yoast-seo-premium-wordpress\/ -->\n<title>LED Cabinet Lighting - https:\/\/sxflightcase.com \ud83d\udc97<\/title>\n<meta name=\"description\" content=\"LED Cabinet Lighting: Get factory-direct sales and professional customization for optimal protection and organization of your lighting equipment\" \/>\n<meta name=\"robots\" content=\"index, follow, max-snippet:-1, max-image-preview:large, max-video-preview:-1\" \/>\n<link rel=\"canonical\" href=\"https:\/\/sxflightcase.com\/es\/urun\/led-dolap-aydinlatmasi-2\/\" \/>\n<meta property=\"og:locale\" content=\"es_MX\" \/>\n<meta property=\"og:type\" content=\"article\" \/>\n<meta property=\"og:title\" content=\"LED Cabinet Lighting\" \/>\n<meta property=\"og:description\" content=\"LED Cabinet Lighting: Get factory-direct sales and professional customization for optimal protection and organization of your lighting equipment\" \/>\n<meta property=\"og:url\" content=\"https:\/\/sxflightcase.com\/es\/urun\/led-dolap-aydinlatmasi-2\/\" \/>\n<meta property=\"og:site_name\" content=\"https:\/\/sxflightcase.com\" \/>\n<meta property=\"article:publisher\" content=\"https:\/\/www.facebook.com\/profile.php?id=61560407257971\" \/>\n<meta property=\"article:modified_time\" content=\"2024-06-14T07:03:45+00:00\" \/>\n<meta property=\"og:image\" content=\"https:\/\/sxflightcase.com\/wp-content\/uploads\/2024\/05\/led-cabinet-lighting30325432296.webp\" \/>\n\t<meta property=\"og:image:width\" content=\"730\" \/>\n\t<meta property=\"og:image:height\" content=\"730\" \/>\n\t<meta property=\"og:image:type\" content=\"image\/webp\" \/>\n<meta name=\"twitter:card\" content=\"summary_large_image\" \/>\n<meta name=\"twitter:label1\" content=\"Tiempo de lectura\" \/>\n\t<meta name=\"twitter:data1\" content=\"3 minutos\" \/>\n<script type=\"application\/ld+json\" class=\"yoast-schema-graph\">{\"@context\":\"https:\/\/schema.org\",\"@graph\":[{\"@type\":\"WebPage\",\"@id\":\"https:\/\/sxflightcase.com\/tr\/urun\/led-dolap-aydinlatmasi-2\/\",\"url\":\"https:\/\/sxflightcase.com\/tr\/urun\/led-dolap-aydinlatmasi-2\/\",\"name\":\"LED Cabinet Lighting - https:\/\/sxflightcase.com \ud83d\udc97\",\"isPartOf\":{\"@id\":\"https:\/\/sxflightcase.com\/th\/#website\"},\"primaryImageOfPage\":{\"@id\":\"https:\/\/sxflightcase.com\/tr\/urun\/led-dolap-aydinlatmasi-2\/#primaryimage\"},\"image\":{\"@id\":\"https:\/\/sxflightcase.com\/tr\/urun\/led-dolap-aydinlatmasi-2\/#primaryimage\"},\"thumbnailUrl\":\"https:\/\/sxflightcase.com\/wp-content\/uploads\/2024\/05\/led-cabinet-lighting30325432296.webp\",\"datePublished\":\"2024-05-10T03:46:14+00:00\",\"dateModified\":\"2024-06-14T07:03:45+00:00\",\"description\":\"LED Cabinet Lighting: Get factory-direct sales and professional customization for optimal protection and organization of your lighting equipment\",\"breadcrumb\":{\"@id\":\"https:\/\/sxflightcase.com\/tr\/urun\/led-dolap-aydinlatmasi-2\/#breadcrumb\"},\"inLanguage\":\"es\",\"potentialAction\":[{\"@type\":\"ReadAction\",\"target\":[\"https:\/\/sxflightcase.com\/tr\/urun\/led-dolap-aydinlatmasi-2\/\"]}]},{\"@type\":\"ImageObject\",\"inLanguage\":\"es\",\"@id\":\"https:\/\/sxflightcase.com\/tr\/urun\/led-dolap-aydinlatmasi-2\/#primaryimage\",\"url\":\"https:\/\/sxflightcase.com\/wp-content\/uploads\/2024\/05\/led-cabinet-lighting30325432296.webp\",\"contentUrl\":\"https:\/\/sxflightcase.com\/wp-content\/uploads\/2024\/05\/led-cabinet-lighting30325432296.webp\",\"width\":730,\"height\":730,\"caption\":\"LED Cabinet Lighting\"},{\"@type\":\"BreadcrumbList\",\"@id\":\"https:\/\/sxflightcase.com\/tr\/urun\/led-dolap-aydinlatmasi-2\/#breadcrumb\",\"itemListElement\":[{\"@type\":\"ListItem\",\"position\":1,\"name\":\"Home\",\"item\":\"https:\/\/sxflightcase.com\/\"},{\"@type\":\"ListItem\",\"position\":2,\"name\":\"\u0e2a\u0e34\u0e19\u0e04\u0e49\u0e32\",\"item\":\"https:\/\/sxflightcase.com\/th\/shop\/\"},{\"@type\":\"ListItem\",\"position\":3,\"name\":\"LED Cabinet Lighting\"}]},{\"@type\":\"WebSite\",\"@id\":\"https:\/\/sxflightcase.com\/th\/#website\",\"url\":\"https:\/\/sxflightcase.com\/th\/\",\"name\":\"sxpowercase.com\",\"description\":\"Flight Case Factory\",\"publisher\":{\"@id\":\"https:\/\/sxflightcase.com\/th\/#organization\"},\"potentialAction\":[{\"@type\":\"SearchAction\",\"target\":{\"@type\":\"EntryPoint\",\"urlTemplate\":\"https:\/\/sxflightcase.com\/th\/?s={search_term_string}\"},\"query-input\":{\"@type\":\"PropertyValueSpecification\",\"valueRequired\":true,\"valueName\":\"search_term_string\"}}],\"inLanguage\":\"es\"},{\"@type\":\"Organization\",\"@id\":\"https:\/\/sxflightcase.com\/th\/#organization\",\"name\":\"sxpowercase.com\",\"url\":\"https:\/\/sxflightcase.com\/th\/\",\"logo\":{\"@type\":\"ImageObject\",\"inLanguage\":\"es\",\"@id\":\"https:\/\/sxflightcase.com\/th\/#\/schema\/logo\/image\/\",\"url\":\"https:\/\/sxflightcase.com\/wp-content\/uploads\/2024\/04\/1713919036007.jpg\",\"contentUrl\":\"https:\/\/sxflightcase.com\/wp-content\/uploads\/2024\/04\/1713919036007.jpg\",\"width\":382,\"height\":388,\"caption\":\"sxpowercase.com\"},\"image\":{\"@id\":\"https:\/\/sxflightcase.com\/th\/#\/schema\/logo\/image\/\"},\"sameAs\":[\"https:\/\/www.facebook.com\/profile.php?id=61560407257971\"],\"numberOfEmployees\":{\"@type\":\"QuantitativeValue\",\"minValue\":\"11\",\"maxValue\":\"50\"}}]}<\/script>\n<!-- \/ Yoast SEO Premium plugin. -->","yoast_head_json":{"title":"LED Cabinet Lighting - https:\/\/sxflightcase.com \ud83d\udc97","description":"Iluminaci\u00f3n LED para armarios: Obtenga ventas directas de f\u00e1brica y personalizaci\u00f3n profesional para una protecci\u00f3n y organizaci\u00f3n \u00f3ptimas de su equipo de iluminaci\u00f3n.","robots":{"index":"index","follow":"follow","max-snippet":"max-snippet:-1","max-image-preview":"max-image-preview:large","max-video-preview":"max-video-preview:-1"},"canonical":"https:\/\/sxflightcase.com\/es\/urun\/led-dolap-aydinlatmasi-2\/","og_locale":"es_MX","og_type":"article","og_title":"LED Cabinet Lighting","og_description":"LED Cabinet Lighting: Get factory-direct sales and professional customization for optimal protection and organization of your lighting equipment","og_url":"https:\/\/sxflightcase.com\/es\/urun\/led-dolap-aydinlatmasi-2\/","og_site_name":"https:\/\/sxflightcase.com","article_publisher":"https:\/\/www.facebook.com\/profile.php?id=61560407257971","article_modified_time":"2024-06-14T07:03:45+00:00","og_image":[{"width":730,"height":730,"url":"https:\/\/sxflightcase.com\/wp-content\/uploads\/2024\/05\/led-cabinet-lighting30325432296.webp","type":"image\/webp"}],"twitter_card":"summary_large_image","twitter_misc":{"Tiempo de lectura":"3 minutos"},"schema":{"@context":"https:\/\/schema.org","@graph":[{"@type":"WebPage","@id":"https:\/\/sxflightcase.com\/tr\/urun\/led-dolap-aydinlatmasi-2\/","url":"https:\/\/sxflightcase.com\/tr\/urun\/led-dolap-aydinlatmasi-2\/","name":"LED Cabinet Lighting - https:\/\/sxflightcase.com \ud83d\udc97","isPartOf":{"@id":"https:\/\/sxflightcase.com\/th\/#website"},"primaryImageOfPage":{"@id":"https:\/\/sxflightcase.com\/tr\/urun\/led-dolap-aydinlatmasi-2\/#primaryimage"},"image":{"@id":"https:\/\/sxflightcase.com\/tr\/urun\/led-dolap-aydinlatmasi-2\/#primaryimage"},"thumbnailUrl":"https:\/\/sxflightcase.com\/wp-content\/uploads\/2024\/05\/led-cabinet-lighting30325432296.webp","datePublished":"2024-05-10T03:46:14+00:00","dateModified":"2024-06-14T07:03:45+00:00","description":"Iluminaci\u00f3n LED para armarios: Obtenga ventas directas de f\u00e1brica y personalizaci\u00f3n profesional para una protecci\u00f3n y organizaci\u00f3n \u00f3ptimas de su equipo de iluminaci\u00f3n.","breadcrumb":{"@id":"https:\/\/sxflightcase.com\/tr\/urun\/led-dolap-aydinlatmasi-2\/#breadcrumb"},"inLanguage":"es","potentialAction":[{"@type":"ReadAction","target":["https:\/\/sxflightcase.com\/tr\/urun\/led-dolap-aydinlatmasi-2\/"]}]},{"@type":"ImageObject","inLanguage":"es","@id":"https:\/\/sxflightcase.com\/tr\/urun\/led-dolap-aydinlatmasi-2\/#primaryimage","url":"https:\/\/sxflightcase.com\/wp-content\/uploads\/2024\/05\/led-cabinet-lighting30325432296.webp","contentUrl":"https:\/\/sxflightcase.com\/wp-content\/uploads\/2024\/05\/led-cabinet-lighting30325432296.webp","width":730,"height":730,"caption":"LED Cabinet Lighting"},{"@type":"BreadcrumbList","@id":"https:\/\/sxflightcase.com\/tr\/urun\/led-dolap-aydinlatmasi-2\/#breadcrumb","itemListElement":[{"@type":"ListItem","position":1,"name":"Home","item":"https:\/\/sxflightcase.com\/"},{"@type":"ListItem","position":2,"name":"\u0e2a\u0e34\u0e19\u0e04\u0e49\u0e32","item":"https:\/\/sxflightcase.com\/th\/shop\/"},{"@type":"ListItem","position":3,"name":"LED Cabinet Lighting"}]},{"@type":"WebSite","@id":"https:\/\/sxflightcase.com\/th\/#website","url":"https:\/\/sxflightcase.com\/th\/","name":"es.sxpowercase.com","description":"F\u00e1brica de flightcases","publisher":{"@id":"https:\/\/sxflightcase.com\/th\/#organization"},"potentialAction":[{"@type":"SearchAction","target":{"@type":"EntryPoint","urlTemplate":"https:\/\/sxflightcase.com\/th\/?s={search_term_string}"},"query-input":{"@type":"PropertyValueSpecification","valueRequired":true,"valueName":"search_term_string"}}],"inLanguage":"es"},{"@type":"Organization","@id":"https:\/\/sxflightcase.com\/th\/#organization","name":"es.sxpowercase.com","url":"https:\/\/sxflightcase.com\/th\/","logo":{"@type":"ImageObject","inLanguage":"es","@id":"https:\/\/sxflightcase.com\/th\/#\/schema\/logo\/image\/","url":"https:\/\/sxflightcase.com\/wp-content\/uploads\/2024\/04\/1713919036007.jpg","contentUrl":"https:\/\/sxflightcase.com\/wp-content\/uploads\/2024\/04\/1713919036007.jpg","width":382,"height":388,"caption":"sxpowercase.com"},"image":{"@id":"https:\/\/sxflightcase.com\/th\/#\/schema\/logo\/image\/"},"sameAs":["https:\/\/www.facebook.com\/profile.php?id=61560407257971"],"numberOfEmployees":{"@type":"QuantitativeValue","minValue":"11","maxValue":"50"}}]}},"_links":{"self":[{"href":"https:\/\/sxflightcase.com\/es\/wp-json\/wp\/v2\/product\/1713","targetHints":{"allow":["GET"]}}],"collection":[{"href":"https:\/\/sxflightcase.com\/es\/wp-json\/wp\/v2\/product"}],"about":[{"href":"https:\/\/sxflightcase.com\/es\/wp-json\/wp\/v2\/types\/product"}],"replies":[{"embeddable":true,"href":"https:\/\/sxflightcase.com\/es\/wp-json\/wp\/v2\/comments?post=1713"}],"version-history":[{"count":0,"href":"https:\/\/sxflightcase.com\/es\/wp-json\/wp\/v2\/product\/1713\/revisions"}],"wp:featuredmedia":[{"embeddable":true,"href":"https:\/\/sxflightcase.com\/es\/wp-json\/wp\/v2\/media\/1715"}],"wp:attachment":[{"href":"https:\/\/sxflightcase.com\/es\/wp-json\/wp\/v2\/media?parent=1713"}],"wp:term":[{"taxonomy":"product_brand","embeddable":true,"href":"https:\/\/sxflightcase.com\/es\/wp-json\/wp\/v2\/product_brand?post=1713"},{"taxonomy":"product_cat","embeddable":true,"href":"https:\/\/sxflightcase.com\/es\/wp-json\/wp\/v2\/product_cat?post=1713"},{"taxonomy":"product_tag","embeddable":true,"href":"https:\/\/sxflightcase.com\/es\/wp-json\/wp\/v2\/product_tag?post=1713"}],"curies":[{"name":"wp","href":"https:\/\/api.w.org\/{rel}","templated":true}]}}