{"id":1718,"date":"2024-05-10T04:53:18","date_gmt":"2024-05-10T03:53:18","guid":{"rendered":"https:\/\/sxpowercase.com\/?post_type=product&#038;p=1718"},"modified":"2024-06-25T09:32:02","modified_gmt":"2024-06-25T08:32:02","slug":"18-inch-subwoofer-box","status":"publish","type":"product","link":"https:\/\/sxflightcase.com\/es\/producto\/caja-de-subwoofer-de-18-pulgadas-2\/","title":{"rendered":"Caja de subwoofer de 18 pulgadas"},"content":{"rendered":"<p><strong>Par\u00e1metros del producto (especificaci\u00f3n)<\/strong><\/p>\n<section class=\"table-wrap\">\n<table class=\"table\" width=\"100%\" cellspacing=\"0\" cellpadding=\"0\">\n<tbody>\n<tr class=\"firstRow\">\n<td width=\"134\">Nombre del producto<\/td>\n<td width=\"504\">Caja de subwoofer de 18 pulgadas<\/td>\n<\/tr>\n<tr>\n<td width=\"134\">Materiales<\/td>\n<td width=\"504\">Estructura de aluminio + contrachapado de 9 mm<br \/>\n4 x Cierre de mariposa con presillas para candado (candado no suministrado)<br \/>\nTotalmente forrado de espuma de plastazote<br \/>\n4 ruedas de goma de 100 mm atornilladas a la caja mediante un tablero de ruedas de abedul de 15 mm (2 tienen frenos de bloqueo total) opci\u00f3n de coste<\/td>\n<\/tr>\n<tr>\n<td width=\"134\">Color<\/td>\n<td width=\"504\">Negro, azul, rojo o personalizado<\/td>\n<\/tr>\n<tr>\n<td width=\"134\">Uso<\/td>\n<td width=\"504\">Proteger el almacenamiento de transporte<\/td>\n<\/tr>\n<\/tbody>\n<\/table>\n<\/section>\n<h1>Experimenta un sonido inigualable con la caja de subwoofer de 18 pulgadas de SX<\/h1>\n<h2>Sonido potente, dise\u00f1o perfecto<\/h2>\n<p>El <a href=\"https:\/\/sxpowercase.com\/\" target=\"_blank\"  rel=\"noopener\" title=\"SX\"  data-wpil-monitor-id=\"463\">SX<\/a> La caja de subwoofer de 18 pulgadas ofrece una experiencia de audio inigualable. Dise\u00f1ado para mejorar su sistema de sonido, proporciona graves profundos y potentes que transforman cualquier espacio. Su elegante dise\u00f1o se integra a la perfecci\u00f3n en su instalaci\u00f3n, ofreciendo un atractivo est\u00e9tico y un rendimiento superior.<\/p>\n<h2>Artesan\u00eda superior<\/h2>\n<h3>Dise\u00f1ado para durar<\/h3>\n<p>En SX, creemos en la calidad. Nuestra caja de subwoofer de 18 pulgadas est\u00e1 fabricada con materiales de alta calidad, lo que garantiza una durabilidad y un rendimiento duraderos. Su robusta construcci\u00f3n resiste los rigores del transporte y el uso, lo que la convierte en un complemento fiable para su equipo de audio.<\/p>\n<h2>Venta directa de f\u00e1brica<\/h2>\n<h3>El mejor valor garantizado<\/h3>\n<p>El modelo de venta directa de f\u00e1brica de SX le garantiza el mejor valor por su inversi\u00f3n. Al eliminar intermediarios, ofrecemos productos de alta calidad a precios competitivos. La caja de subwoofer de 18 pulgadas es una soluci\u00f3n rentable para los audi\u00f3filos que buscan un sonido de primera calidad sin arruinarse.<\/p>\n<h2>Servicios de personalizaci\u00f3n<\/h2>\n<h3>Adaptado a sus necesidades<\/h3>\n<p>SX entiende que cada sistema de sonido es \u00fanico. Es por eso que ofrecemos opciones de personalizaci\u00f3n para nuestra caja de subwoofer de 18 pulgadas. Si necesita dimensiones espec\u00edficas, acabados o caracter\u00edsticas adicionales, podemos personalizar la caja de subwoofer para satisfacer sus necesidades exactas. Disfrute de un producto adaptado a sus preferencias.<\/p>\n<h2>Mejore su experiencia de audio<\/h2>\n<h3>Graves profundos, sonido claro<\/h3>\n<p>La caja de subwoofer de 18 pulgadas de SX mejora su configuraci\u00f3n de audio con graves profundos y ricos y una calidad de sonido clara. Perfecto para entusiastas de la m\u00fasica, salas de cine en casa y configuraciones profesionales, eleva su experiencia auditiva. Disfrute de un sonido envolvente que da vida a sus canciones y pel\u00edculas favoritas.<\/p>\n<hr \/>\n<p>Actualice su sistema de audio con la caja de subwoofer SX de 18 pulgadas. P\u00f3ngase en contacto con nosotros hoy mismo para obtener m\u00e1s informaci\u00f3n sobre nuestros servicios de venta directa de f\u00e1brica y personalizaci\u00f3n. Experimente la combinaci\u00f3n perfecta de potencia, durabilidad y valor con SX, y lleve su sistema de sonido al siguiente nivel.<\/p>\n<p><strong>Preguntas frecuentes<\/strong><\/p>\n<p>P: \u00bfPueden hacer nuestro propio envasado?<\/p>\n<p>R: S\u00ed, s\u00f3lo tiene que proporcionar el dise\u00f1o del envase y produciremos lo que desee. Tambi\u00e9n tenemos el dise\u00f1ador profesional puede ayudarle a hacer el dise\u00f1o de envases.<\/p>\n<p>Q. \u00bfProporcionan muestras?<\/p>\n<p>A. S\u00ed, proporcionamos la muestra y el coste de la muestra ser\u00e1 re de nuevo a usted cuando confirme orden grande<\/p>\n<p>Q. \u00bfCu\u00e1les son sus productos?<\/p>\n<p>A. <a class=\"wpil_keyword_link\" title=\"Estuche de vuelo\" href=\"https:\/\/sxpowercase.com\/product-category\/all-product\/flight-case\/\" target=\"_blank\" rel=\"noopener\" data-wpil-keyword-link=\"linked\" data-wpil-monitor-id=\"412\">Estuche de vuelo<\/a> como malet\u00edn de rack, malet\u00edn de ba\u00fal, malet\u00edn de mezcladora, malet\u00edn de TV, etc...<\/p>\n<p>Hot Tags: Low price, in stock, free sample, Power And Signal Cable, 16 Gauge 4 Conductor Wire, Microphone Stand Case, Outdoor Led Display Cabinet, Rack Mount, 19\" Rackmount Mixer Flight Cases\uff0celectrical distro box, China, proveedores, f\u00e1brica, modificado para requisitos particulares, venta por mayor, 18 Inch Subwoofer Box,<span style=\"color: #993366;\"><a style=\"color: #993366;\" href=\"https:\/\/sxflightcase.com\/es\/product-category\/all-product\/power-distribution-boxes\/\">cajas de poder<\/a>,\u00a0<a style=\"color: #993366;\" href=\"https:\/\/sxflightcase.com\/es\/product-category\/all-product\/hoist-controllers\/\">cables de alimentaci\u00f3n<\/a>,\u00a0<a style=\"color: #993366;\" href=\"https:\/\/sxflightcase.com\/es\/product-category\/all-product\/hoist-controllers\/\">controladores de polipasto<\/a>,\u00a0<a style=\"color: #993366;\" href=\"https:\/\/sxflightcase.com\/es\/product-category\/all-product\/flight-case\/\">Estuches de vuelo.<\/a><\/span><\/p>","protected":false},"excerpt":{"rendered":"<h2 class=\"prodetails-name\">Caja de subwoofer de 18 pulgadas<\/h2>\n<p>Gracias a nuestra experiencia interna, comprendemos las expectativas de nuestros clientes con respecto a la caja y, al mismo tiempo, podemos ofrecer varias opciones de personalizaci\u00f3n para facilitarle el trabajo a la hora de trasladar su equipo. La caja para subwoofer de 18 pulgadas es una de las flight cases m\u00e1s populares del mercado debido a su versatilidad.<\/p>\n<h2><strong>Introducci\u00f3n a la producci\u00f3n<\/strong><\/h2>\n<p>Caja de subwoofer de 18 pulgadas<\/p>\n<p>* Esquinas de bola robustas y apilables<\/p>\n<p>* Remaches industriales de doble anclaje<\/p>\n<p>* Pestillos industriales empotrados<\/p>\n<p>* Asa empotrada de calidad industrial<\/p>\n<p>* Pies de goma de calidad industrial<\/p>\n<p>* Contrachapado laminado de vinilo de 3\/8 pulgadas de primera calidad<\/p>\n<p>* Leng\u00fceta y ranura de bloqueo de ajuste<\/p>\n<p>* Incluye tiras de anchura ajustable para mezclador\/reproductor de CD<\/p>\n<p>* Garant\u00eda limitada de por vida<\/p>\n<p>* Clasificaci\u00f3n ATA 300<\/p>","protected":false},"featured_media":1719,"comment_status":"open","ping_status":"closed","template":"","meta":[],"product_brand":[],"product_cat":[41],"product_tag":[],"class_list":{"0":"post-1718","1":"product","2":"type-product","3":"status-publish","4":"has-post-thumbnail","6":"product_cat-equipment-cases","8":"first","9":"instock","10":"shipping-taxable","11":"product-type-simple"},"yoast_head":"<!-- This site is optimized with the Yoast SEO Premium plugin v27.1 (Yoast SEO v27.2) - https:\/\/yoast.com\/product\/yoast-seo-premium-wordpress\/ -->\n<title>18 Inch Subwoofer Box - https:\/\/sxflightcase.com \ud83d\udc97<\/title>\n<meta name=\"description\" content=\"18 Inch Subwoofer Box: Get factory-direct sales and professional customization for optimal protection and organization of your lighting equipment\" \/>\n<meta name=\"robots\" content=\"index, follow, max-snippet:-1, max-image-preview:large, max-video-preview:-1\" \/>\n<link rel=\"canonical\" href=\"https:\/\/sxflightcase.com\/es\/\u88fd\u54c1\/18\u30a4\u30f3\u30c1\u30fb\u30b5\u30d6\u30a6\u30fc\u30d5\u30a1\u30fc\u30dc\u30c3\u30af\u30b9\/\" \/>\n<meta property=\"og:locale\" content=\"es_MX\" \/>\n<meta property=\"og:type\" content=\"article\" \/>\n<meta property=\"og:title\" content=\"18 Inch Subwoofer Box\" \/>\n<meta property=\"og:description\" content=\"18 Inch Subwoofer Box: Get factory-direct sales and professional customization for optimal protection and organization of your lighting equipment\" \/>\n<meta property=\"og:url\" content=\"https:\/\/sxflightcase.com\/es\/\u88fd\u54c1\/18\u30a4\u30f3\u30c1\u30fb\u30b5\u30d6\u30a6\u30fc\u30d5\u30a1\u30fc\u30dc\u30c3\u30af\u30b9\/\" \/>\n<meta property=\"og:site_name\" content=\"https:\/\/sxflightcase.com\" \/>\n<meta property=\"article:publisher\" content=\"https:\/\/www.facebook.com\/profile.php?id=61560407257971\" \/>\n<meta property=\"article:modified_time\" content=\"2024-06-25T08:32:02+00:00\" \/>\n<meta property=\"og:image\" content=\"https:\/\/sxflightcase.com\/wp-content\/uploads\/2024\/05\/18-inch-subwoofer-box05049421198.jpg\" \/>\n\t<meta property=\"og:image:width\" content=\"350\" \/>\n\t<meta property=\"og:image:height\" content=\"350\" \/>\n\t<meta property=\"og:image:type\" content=\"image\/jpeg\" \/>\n<meta name=\"twitter:card\" content=\"summary_large_image\" \/>\n<meta name=\"twitter:label1\" content=\"Tiempo de lectura\" \/>\n\t<meta name=\"twitter:data1\" content=\"3 minutos\" \/>\n<script type=\"application\/ld+json\" class=\"yoast-schema-graph\">{\"@context\":\"https:\/\/schema.org\",\"@graph\":[{\"@type\":\"WebPage\",\"@id\":\"https:\/\/sxflightcase.com\/ja\/\u88fd\u54c1\/18\u30a4\u30f3\u30c1\u30fb\u30b5\u30d6\u30a6\u30fc\u30d5\u30a1\u30fc\u30dc\u30c3\u30af\u30b9\/\",\"url\":\"https:\/\/sxflightcase.com\/ja\/\u88fd\u54c1\/18\u30a4\u30f3\u30c1\u30fb\u30b5\u30d6\u30a6\u30fc\u30d5\u30a1\u30fc\u30dc\u30c3\u30af\u30b9\/\",\"name\":\"18 Inch Subwoofer Box - https:\/\/sxflightcase.com \ud83d\udc97\",\"isPartOf\":{\"@id\":\"https:\/\/sxflightcase.com\/th\/#website\"},\"primaryImageOfPage\":{\"@id\":\"https:\/\/sxflightcase.com\/ja\/\u88fd\u54c1\/18\u30a4\u30f3\u30c1\u30fb\u30b5\u30d6\u30a6\u30fc\u30d5\u30a1\u30fc\u30dc\u30c3\u30af\u30b9\/#primaryimage\"},\"image\":{\"@id\":\"https:\/\/sxflightcase.com\/ja\/\u88fd\u54c1\/18\u30a4\u30f3\u30c1\u30fb\u30b5\u30d6\u30a6\u30fc\u30d5\u30a1\u30fc\u30dc\u30c3\u30af\u30b9\/#primaryimage\"},\"thumbnailUrl\":\"https:\/\/sxflightcase.com\/wp-content\/uploads\/2024\/05\/18-inch-subwoofer-box05049421198.jpg\",\"datePublished\":\"2024-05-10T03:53:18+00:00\",\"dateModified\":\"2024-06-25T08:32:02+00:00\",\"description\":\"18 Inch Subwoofer Box: Get factory-direct sales and professional customization for optimal protection and organization of your lighting equipment\",\"breadcrumb\":{\"@id\":\"https:\/\/sxflightcase.com\/ja\/\u88fd\u54c1\/18\u30a4\u30f3\u30c1\u30fb\u30b5\u30d6\u30a6\u30fc\u30d5\u30a1\u30fc\u30dc\u30c3\u30af\u30b9\/#breadcrumb\"},\"inLanguage\":\"es\",\"potentialAction\":[{\"@type\":\"ReadAction\",\"target\":[\"https:\/\/sxflightcase.com\/ja\/\u88fd\u54c1\/18\u30a4\u30f3\u30c1\u30fb\u30b5\u30d6\u30a6\u30fc\u30d5\u30a1\u30fc\u30dc\u30c3\u30af\u30b9\/\"]}]},{\"@type\":\"ImageObject\",\"inLanguage\":\"es\",\"@id\":\"https:\/\/sxflightcase.com\/ja\/\u88fd\u54c1\/18\u30a4\u30f3\u30c1\u30fb\u30b5\u30d6\u30a6\u30fc\u30d5\u30a1\u30fc\u30dc\u30c3\u30af\u30b9\/#primaryimage\",\"url\":\"https:\/\/sxflightcase.com\/wp-content\/uploads\/2024\/05\/18-inch-subwoofer-box05049421198.jpg\",\"contentUrl\":\"https:\/\/sxflightcase.com\/wp-content\/uploads\/2024\/05\/18-inch-subwoofer-box05049421198.jpg\",\"width\":350,\"height\":350,\"caption\":\"18 Inch Subwoofer Box\"},{\"@type\":\"BreadcrumbList\",\"@id\":\"https:\/\/sxflightcase.com\/ja\/\u88fd\u54c1\/18\u30a4\u30f3\u30c1\u30fb\u30b5\u30d6\u30a6\u30fc\u30d5\u30a1\u30fc\u30dc\u30c3\u30af\u30b9\/#breadcrumb\",\"itemListElement\":[{\"@type\":\"ListItem\",\"position\":1,\"name\":\"Home\",\"item\":\"https:\/\/sxflightcase.com\/\"},{\"@type\":\"ListItem\",\"position\":2,\"name\":\"\u0e2a\u0e34\u0e19\u0e04\u0e49\u0e32\",\"item\":\"https:\/\/sxflightcase.com\/th\/shop\/\"},{\"@type\":\"ListItem\",\"position\":3,\"name\":\"18 Inch Subwoofer Box\"}]},{\"@type\":\"WebSite\",\"@id\":\"https:\/\/sxflightcase.com\/th\/#website\",\"url\":\"https:\/\/sxflightcase.com\/th\/\",\"name\":\"sxpowercase.com\",\"description\":\"Flight Case Factory\",\"publisher\":{\"@id\":\"https:\/\/sxflightcase.com\/th\/#organization\"},\"potentialAction\":[{\"@type\":\"SearchAction\",\"target\":{\"@type\":\"EntryPoint\",\"urlTemplate\":\"https:\/\/sxflightcase.com\/th\/?s={search_term_string}\"},\"query-input\":{\"@type\":\"PropertyValueSpecification\",\"valueRequired\":true,\"valueName\":\"search_term_string\"}}],\"inLanguage\":\"es\"},{\"@type\":\"Organization\",\"@id\":\"https:\/\/sxflightcase.com\/th\/#organization\",\"name\":\"sxpowercase.com\",\"url\":\"https:\/\/sxflightcase.com\/th\/\",\"logo\":{\"@type\":\"ImageObject\",\"inLanguage\":\"es\",\"@id\":\"https:\/\/sxflightcase.com\/th\/#\/schema\/logo\/image\/\",\"url\":\"https:\/\/sxflightcase.com\/wp-content\/uploads\/2024\/04\/1713919036007.jpg\",\"contentUrl\":\"https:\/\/sxflightcase.com\/wp-content\/uploads\/2024\/04\/1713919036007.jpg\",\"width\":382,\"height\":388,\"caption\":\"sxpowercase.com\"},\"image\":{\"@id\":\"https:\/\/sxflightcase.com\/th\/#\/schema\/logo\/image\/\"},\"sameAs\":[\"https:\/\/www.facebook.com\/profile.php?id=61560407257971\"],\"numberOfEmployees\":{\"@type\":\"QuantitativeValue\",\"minValue\":\"11\",\"maxValue\":\"50\"}}]}<\/script>\n<!-- \/ Yoast SEO Premium plugin. -->","yoast_head_json":{"title":"18 Inch Subwoofer Box - https:\/\/sxflightcase.com \ud83d\udc97","description":"Caja de subwoofer de 18 pulgadas: Obtenga ventas directas de f\u00e1brica y personalizaci\u00f3n profesional para una protecci\u00f3n y organizaci\u00f3n \u00f3ptimas de su equipo de iluminaci\u00f3n.","robots":{"index":"index","follow":"follow","max-snippet":"max-snippet:-1","max-image-preview":"max-image-preview:large","max-video-preview":"max-video-preview:-1"},"canonical":"https:\/\/sxflightcase.com\/es\/\u88fd\u54c1\/18\u30a4\u30f3\u30c1\u30fb\u30b5\u30d6\u30a6\u30fc\u30d5\u30a1\u30fc\u30dc\u30c3\u30af\u30b9\/","og_locale":"es_MX","og_type":"article","og_title":"18 Inch Subwoofer Box","og_description":"18 Inch Subwoofer Box: Get factory-direct sales and professional customization for optimal protection and organization of your lighting equipment","og_url":"https:\/\/sxflightcase.com\/es\/\u88fd\u54c1\/18\u30a4\u30f3\u30c1\u30fb\u30b5\u30d6\u30a6\u30fc\u30d5\u30a1\u30fc\u30dc\u30c3\u30af\u30b9\/","og_site_name":"https:\/\/sxflightcase.com","article_publisher":"https:\/\/www.facebook.com\/profile.php?id=61560407257971","article_modified_time":"2024-06-25T08:32:02+00:00","og_image":[{"width":350,"height":350,"url":"https:\/\/sxflightcase.com\/wp-content\/uploads\/2024\/05\/18-inch-subwoofer-box05049421198.jpg","type":"image\/jpeg"}],"twitter_card":"summary_large_image","twitter_misc":{"Tiempo de lectura":"3 minutos"},"schema":{"@context":"https:\/\/schema.org","@graph":[{"@type":"WebPage","@id":"https:\/\/sxflightcase.com\/ja\/\u88fd\u54c1\/18\u30a4\u30f3\u30c1\u30fb\u30b5\u30d6\u30a6\u30fc\u30d5\u30a1\u30fc\u30dc\u30c3\u30af\u30b9\/","url":"https:\/\/sxflightcase.com\/ja\/\u88fd\u54c1\/18\u30a4\u30f3\u30c1\u30fb\u30b5\u30d6\u30a6\u30fc\u30d5\u30a1\u30fc\u30dc\u30c3\u30af\u30b9\/","name":"18 Inch Subwoofer Box - https:\/\/sxflightcase.com \ud83d\udc97","isPartOf":{"@id":"https:\/\/sxflightcase.com\/th\/#website"},"primaryImageOfPage":{"@id":"https:\/\/sxflightcase.com\/ja\/\u88fd\u54c1\/18\u30a4\u30f3\u30c1\u30fb\u30b5\u30d6\u30a6\u30fc\u30d5\u30a1\u30fc\u30dc\u30c3\u30af\u30b9\/#primaryimage"},"image":{"@id":"https:\/\/sxflightcase.com\/ja\/\u88fd\u54c1\/18\u30a4\u30f3\u30c1\u30fb\u30b5\u30d6\u30a6\u30fc\u30d5\u30a1\u30fc\u30dc\u30c3\u30af\u30b9\/#primaryimage"},"thumbnailUrl":"https:\/\/sxflightcase.com\/wp-content\/uploads\/2024\/05\/18-inch-subwoofer-box05049421198.jpg","datePublished":"2024-05-10T03:53:18+00:00","dateModified":"2024-06-25T08:32:02+00:00","description":"Caja de subwoofer de 18 pulgadas: Obtenga ventas directas de f\u00e1brica y personalizaci\u00f3n profesional para una protecci\u00f3n y organizaci\u00f3n \u00f3ptimas de su equipo de iluminaci\u00f3n.","breadcrumb":{"@id":"https:\/\/sxflightcase.com\/ja\/\u88fd\u54c1\/18\u30a4\u30f3\u30c1\u30fb\u30b5\u30d6\u30a6\u30fc\u30d5\u30a1\u30fc\u30dc\u30c3\u30af\u30b9\/#breadcrumb"},"inLanguage":"es","potentialAction":[{"@type":"ReadAction","target":["https:\/\/sxflightcase.com\/ja\/\u88fd\u54c1\/18\u30a4\u30f3\u30c1\u30fb\u30b5\u30d6\u30a6\u30fc\u30d5\u30a1\u30fc\u30dc\u30c3\u30af\u30b9\/"]}]},{"@type":"ImageObject","inLanguage":"es","@id":"https:\/\/sxflightcase.com\/ja\/\u88fd\u54c1\/18\u30a4\u30f3\u30c1\u30fb\u30b5\u30d6\u30a6\u30fc\u30d5\u30a1\u30fc\u30dc\u30c3\u30af\u30b9\/#primaryimage","url":"https:\/\/sxflightcase.com\/wp-content\/uploads\/2024\/05\/18-inch-subwoofer-box05049421198.jpg","contentUrl":"https:\/\/sxflightcase.com\/wp-content\/uploads\/2024\/05\/18-inch-subwoofer-box05049421198.jpg","width":350,"height":350,"caption":"18 Inch Subwoofer Box"},{"@type":"BreadcrumbList","@id":"https:\/\/sxflightcase.com\/ja\/\u88fd\u54c1\/18\u30a4\u30f3\u30c1\u30fb\u30b5\u30d6\u30a6\u30fc\u30d5\u30a1\u30fc\u30dc\u30c3\u30af\u30b9\/#breadcrumb","itemListElement":[{"@type":"ListItem","position":1,"name":"Home","item":"https:\/\/sxflightcase.com\/"},{"@type":"ListItem","position":2,"name":"\u0e2a\u0e34\u0e19\u0e04\u0e49\u0e32","item":"https:\/\/sxflightcase.com\/th\/shop\/"},{"@type":"ListItem","position":3,"name":"18 Inch Subwoofer Box"}]},{"@type":"WebSite","@id":"https:\/\/sxflightcase.com\/th\/#website","url":"https:\/\/sxflightcase.com\/th\/","name":"es.sxpowercase.com","description":"F\u00e1brica de flightcases","publisher":{"@id":"https:\/\/sxflightcase.com\/th\/#organization"},"potentialAction":[{"@type":"SearchAction","target":{"@type":"EntryPoint","urlTemplate":"https:\/\/sxflightcase.com\/th\/?s={search_term_string}"},"query-input":{"@type":"PropertyValueSpecification","valueRequired":true,"valueName":"search_term_string"}}],"inLanguage":"es"},{"@type":"Organization","@id":"https:\/\/sxflightcase.com\/th\/#organization","name":"es.sxpowercase.com","url":"https:\/\/sxflightcase.com\/th\/","logo":{"@type":"ImageObject","inLanguage":"es","@id":"https:\/\/sxflightcase.com\/th\/#\/schema\/logo\/image\/","url":"https:\/\/sxflightcase.com\/wp-content\/uploads\/2024\/04\/1713919036007.jpg","contentUrl":"https:\/\/sxflightcase.com\/wp-content\/uploads\/2024\/04\/1713919036007.jpg","width":382,"height":388,"caption":"sxpowercase.com"},"image":{"@id":"https:\/\/sxflightcase.com\/th\/#\/schema\/logo\/image\/"},"sameAs":["https:\/\/www.facebook.com\/profile.php?id=61560407257971"],"numberOfEmployees":{"@type":"QuantitativeValue","minValue":"11","maxValue":"50"}}]}},"_links":{"self":[{"href":"https:\/\/sxflightcase.com\/es\/wp-json\/wp\/v2\/product\/1718","targetHints":{"allow":["GET"]}}],"collection":[{"href":"https:\/\/sxflightcase.com\/es\/wp-json\/wp\/v2\/product"}],"about":[{"href":"https:\/\/sxflightcase.com\/es\/wp-json\/wp\/v2\/types\/product"}],"replies":[{"embeddable":true,"href":"https:\/\/sxflightcase.com\/es\/wp-json\/wp\/v2\/comments?post=1718"}],"version-history":[{"count":0,"href":"https:\/\/sxflightcase.com\/es\/wp-json\/wp\/v2\/product\/1718\/revisions"}],"wp:featuredmedia":[{"embeddable":true,"href":"https:\/\/sxflightcase.com\/es\/wp-json\/wp\/v2\/media\/1719"}],"wp:attachment":[{"href":"https:\/\/sxflightcase.com\/es\/wp-json\/wp\/v2\/media?parent=1718"}],"wp:term":[{"taxonomy":"product_brand","embeddable":true,"href":"https:\/\/sxflightcase.com\/es\/wp-json\/wp\/v2\/product_brand?post=1718"},{"taxonomy":"product_cat","embeddable":true,"href":"https:\/\/sxflightcase.com\/es\/wp-json\/wp\/v2\/product_cat?post=1718"},{"taxonomy":"product_tag","embeddable":true,"href":"https:\/\/sxflightcase.com\/es\/wp-json\/wp\/v2\/product_tag?post=1718"}],"curies":[{"name":"wp","href":"https:\/\/api.w.org\/{rel}","templated":true}]}}