{"id":1726,"date":"2024-05-10T05:02:14","date_gmt":"2024-05-10T04:02:14","guid":{"rendered":"https:\/\/sxpowercase.com\/?post_type=product&#038;p=1726"},"modified":"2024-06-21T02:34:01","modified_gmt":"2024-06-21T01:34:01","slug":"12-subwoofer-box","status":"publish","type":"product","link":"https:\/\/sxflightcase.com\/es\/producto\/12-caja-de-subwoofer\/","title":{"rendered":"Caja de subwoofer de 12&quot;"},"content":{"rendered":"<p><strong>Product parameter(specification)<\/strong><\/p>\n<section class=\"table-wrap\">\n<table class=\"table\" width=\"100%\" cellspacing=\"0\" cellpadding=\"0\">\n<tbody>\n<tr class=\"firstRow\">\n<td width=\"134\">Product name<\/td>\n<td width=\"504\">12 subwoofer box<\/td>\n<\/tr>\n<tr>\n<td width=\"134\">Materials<\/td>\n<td width=\"504\">Aluminum Frame + 9mm Plywood<br \/>\n4 x Butterfly catch with loops to fit padlock (padlock not supplied)<br \/>\nFully foam lined with plastazote foam<br \/>\n4x 100mm rubber castors bolted to case via 15mm Birchply wheel board (2 have full lockout brakes) cost option<\/td>\n<\/tr>\n<tr>\n<td width=\"134\">Color<\/td>\n<td width=\"504\">Black, Blue, Red or Custom<\/td>\n<\/tr>\n<tr>\n<td width=\"134\">Usage<\/td>\n<td width=\"504\">Protect Transport Storage<\/td>\n<\/tr>\n<\/tbody>\n<\/table>\n<\/section>\n<p><strong>Packing and shipping<\/strong><\/p>\n<section class=\"table-wrap\">\n<table class=\"table\" width=\"100%\" cellspacing=\"0\" cellpadding=\"0\">\n<tbody>\n<tr class=\"firstRow\">\n<td colspan=\"3\" width=\"100%\">Packaging &amp; Shipping<\/td>\n<\/tr>\n<tr>\n<td rowspan=\"3\" width=\"33%\">Shipping Time<\/td>\n<td width=\"33%\">By sea<\/td>\n<td width=\"33%\">15-60 days<\/td>\n<\/tr>\n<tr>\n<td width=\"33%\">By air<\/td>\n<td width=\"33%\">4-9 days<\/td>\n<\/tr>\n<tr>\n<td width=\"33%\">By express<\/td>\n<td width=\"33%\">4-9 days<\/td>\n<\/tr>\n<tr>\n<td width=\"33%\">Delivery Time<\/td>\n<td colspan=\"2\" width=\"66%\">7-15 working or as your requires<\/td>\n<\/tr>\n<tr>\n<td width=\"33%\">Packaging<\/td>\n<td colspan=\"2\" width=\"66%\">By carton or as your requirement<\/td>\n<\/tr>\n<\/tbody>\n<\/table>\n<\/section>\n<div class=\"flex flex-grow flex-col max-w-full AIPRM__conversation__response\">\n<div class=\"min-h-[20px] text-message flex flex-col items-start whitespace-pre-wrap break-words [.text-message+&amp;]:mt-5 juice:w-full juice:items-end overflow-x-auto gap-2\" dir=\"auto\" data-message-author-role=\"assistant\" data-message-id=\"df3598a4-330e-4be9-ab9f-a46665b0085b\">\n<div class=\"flex w-full flex-col gap-1 juice:empty:hidden juice:first:pt-[3px]\">\n<div class=\"markdown prose w-full break-words dark:prose-invert light\">\n<h1><strong>Elevate Your Audio Experience with SX 12 Subwoofer Box<\/strong><\/h1>\n<h2>Powerful Bass in a Compact Design<\/h2>\n<p>Experience the ultimate in sound quality with the <strong>12 Subwoofer Box<\/strong> from <a href=\"https:\/\/sxpowercase.com\/\" target=\"_blank\" rel=\"noopener\" title=\"SX\" data-wpil-monitor-id=\"113\">SX<\/a>. Designed to deliver deep, powerful bass, this subwoofer box will transform your audio setup, whether at home or in your car. Enjoy the richness and clarity of professional-grade sound every time you listen.<\/p>\n<h2>Versatile and Convenient<\/h2>\n<h3>Perfect Fit for Any Setup<\/h3>\n<p>The SX <strong>12 Subwoofer Box<\/strong> is versatile and compact, making it an ideal addition to any audio system. Its sleek design ensures it fits seamlessly into your existing setup without taking up too much space. Whether you&#8217;re enhancing your home theater or upgrading your car audio, this subwoofer box is the perfect choice.<\/p>\n<h2>Factory Direct Sales<\/h2>\n<h3>Unbeatable Prices and Quality<\/h3>\n<p>At SX, we offer factory direct sales, providing you with top-quality products at unbeatable prices. Our commitment to excellence means that the <strong>12 Subwoofer Box<\/strong> is built to the highest standards, ensuring long-lasting performance and durability. Experience premium sound quality without breaking the bank.<\/p>\n<h2>Customization to Suit Your Needs<\/h2>\n<h3>Tailored to Your Preferences<\/h3>\n<p>SX understands that every audio enthusiast has unique needs. That&#8217;s why we offer customization options for the <strong>12 Subwoofer Box<\/strong>. Whether you need a specific finish, size, or additional features, our team is dedicated to providing a product that perfectly matches your requirements.<\/p>\n<h2>Enhance Your Listening Experience<\/h2>\n<h3>Superior Sound Quality<\/h3>\n<p>Transform your audio experience with the SX <strong>12 Subwoofer Box<\/strong>. Engineered to produce clear, powerful bass, this subwoofer box enhances every beat and note, making it a must-have for music lovers and audio professionals alike. Upgrade your sound system and enjoy the superior quality that SX offers.<\/p>\n<hr \/>\n<p>Upgrade your audio setup with the SX <strong>12 Subwoofer Box<\/strong>. Contact us today to learn more about our factory direct sales and customization options. Experience the difference in sound quality with SX, and elevate your listening experience to new heights.<\/p>\n<\/div>\n<\/div>\n<\/div>\n<\/div>\n<p><strong>FAQ<\/strong><\/p>\n<p>Q: When can I get the price?<\/p>\n<p>A: Usually we quote within 8 hours after we get your inquiry.<\/p>\n<p>Q: What&#8217;s your MOQ?<\/p>\n<p>A: If we have the products in stock, it will be no MOQ. If we need to produce, we can discuss the MOQ according to customer&#8217;s exact situation.<\/p>\n<p>Our Service<\/p>\n<p>1.More Professional service in Packaging and printing products exporting field<\/p>\n<p>2.Better manufacture ability<\/p>\n<p>3.Various payment term to choose:T\/T, Western Union<\/p>\n<p>Hot Tags: Low price, in stock, free sample, Power And Signal Cable, 16 Gauge 4 Conductor Wire, Microphone Stand Case, Outdoor Led Display Cabinet, Rack Mount, 19&#8221; Rackmount Mixer Flight Cases\uff0celectrical distro box, China, suppliers, factory, customized, wholesale, <span style=\"color: #993366;\"><a style=\"color: #993366;\" href=\"https:\/\/sxflightcase.com\/product-category\/all-product\/power-distribution-boxes\/\">power boxes<\/a>,\u00a0<a style=\"color: #993366;\" href=\"https:\/\/sxflightcase.com\/product-category\/all-product\/hoist-controllers\/\">power cables<\/a>,\u00a0<a style=\"color: #993366;\" href=\"https:\/\/sxflightcase.com\/product-category\/all-product\/hoist-controllers\/\">hoist controllers<\/a>,\u00a0<a style=\"color: #993366;\" href=\"https:\/\/sxflightcase.com\/product-category\/all-product\/flight-case\/\">flight cases.<\/a><\/span><\/p>\n","protected":false},"excerpt":{"rendered":"<h2 class=\"prodetails-name\">Caja de subwoofer de 12&quot;<\/h2>\n<p>Para los equipos de gran tama\u00f1o que no son f\u00e1ciles de transportar, nuestras cajas para cargas pesadas har\u00e1n que viajar con todo lo necesario sea m\u00e1s f\u00e1cil que nunca. Forradas de espuma, las cajas para equipos pesados que le ofrecemos garantizan que todos sus art\u00edculos est\u00e9n seguros y bien protegidos durante el transporte. Ideales para viajar con equipos de deportes de motor o de gran tama\u00f1o, nuestros ba\u00fales para cargas pesadas se desplazan f\u00e1cilmente con la ayuda de ruedas giratorias, lo que le garantiza un esfuerzo m\u00ednimo.<\/p>\n<h2><strong>Introducci\u00f3n a la producci\u00f3n<\/strong><\/h2>\n<p>12 caja de subwoofer<\/p>\n<p>Fabricado con Hexagrip de 9,5 mm (contrachapado de abedul aglomerado con resina fen\u00f3lica negra con un patr\u00f3n hexagonal negro en el exterior y un acabado negro liso en el interior).<\/p>\n<p>Esquinas esf\u00e9ricas de alta resistencia<\/p>\n<p>2x Capturas de mariposa grandes<\/p>\n<p>4x Asas de plato de alta resistencia con placas de apoyo, 2 instaladas en cada extremo (2 adicionales en cada uno de los lados largos con coste opcional)<\/p>\n<p>2 grandes soportes de tapa y bisagra de piano que mantiene la tapa justo por encima de los 90 grados.<\/p>\n<p>4 ruedas de goma de 100 mm (2 con freno) atornilladas a la base con refuerzo de madera contrachapada de abedul<\/p>","protected":false},"featured_media":1730,"comment_status":"open","ping_status":"closed","template":"","meta":[],"product_brand":[],"product_cat":[41],"product_tag":[],"class_list":{"0":"post-1726","1":"product","2":"type-product","3":"status-publish","4":"has-post-thumbnail","6":"product_cat-equipment-cases","8":"first","9":"instock","10":"shipping-taxable","11":"product-type-simple"},"yoast_head":"<!-- This site is optimized with the Yoast SEO Premium plugin v27.1 (Yoast SEO v27.2) - https:\/\/yoast.com\/product\/yoast-seo-premium-wordpress\/ -->\n<title>12 Subwoofer Box - https:\/\/sxflightcase.com \ud83d\udc97<\/title>\n<meta name=\"description\" content=\"12 Subwoofer Box: Discover factory-direct sales and professional customization for the perfect fit and performance of your subwoofer system.\" \/>\n<meta name=\"robots\" content=\"index, follow, max-snippet:-1, max-image-preview:large, max-video-preview:-1\" \/>\n<link rel=\"canonical\" href=\"https:\/\/sxflightcase.com\/es\/produkt\/12-subwoofer-boks\/\" \/>\n<meta property=\"og:locale\" content=\"es_MX\" \/>\n<meta property=\"og:type\" content=\"article\" \/>\n<meta property=\"og:title\" content=\"12 Subwoofer Box\" \/>\n<meta property=\"og:description\" content=\"12 Subwoofer Box: Discover factory-direct sales and professional customization for the perfect fit and performance of your subwoofer system.\" \/>\n<meta property=\"og:url\" content=\"https:\/\/sxflightcase.com\/es\/produkt\/12-subwoofer-boks\/\" \/>\n<meta property=\"og:site_name\" content=\"https:\/\/sxflightcase.com\" \/>\n<meta property=\"article:publisher\" content=\"https:\/\/www.facebook.com\/profile.php?id=61560407257971\" \/>\n<meta property=\"article:modified_time\" content=\"2024-06-21T01:34:01+00:00\" \/>\n<meta property=\"og:image\" content=\"https:\/\/sxflightcase.com\/wp-content\/uploads\/2024\/05\/12-subwoofer-box59094926193.webp\" \/>\n\t<meta property=\"og:image:width\" content=\"750\" \/>\n\t<meta property=\"og:image:height\" content=\"750\" \/>\n\t<meta property=\"og:image:type\" content=\"image\/webp\" \/>\n<meta name=\"twitter:card\" content=\"summary_large_image\" \/>\n<meta name=\"twitter:label1\" content=\"Tiempo de lectura\" \/>\n\t<meta name=\"twitter:data1\" content=\"4 minutos\" \/>\n<script type=\"application\/ld+json\" class=\"yoast-schema-graph\">{\"@context\":\"https:\/\/schema.org\",\"@graph\":[{\"@type\":\"WebPage\",\"@id\":\"https:\/\/sxflightcase.com\/da\/produkt\/12-subwoofer-boks\/\",\"url\":\"https:\/\/sxflightcase.com\/da\/produkt\/12-subwoofer-boks\/\",\"name\":\"12 Subwoofer Box - https:\/\/sxflightcase.com \ud83d\udc97\",\"isPartOf\":{\"@id\":\"https:\/\/sxflightcase.com\/th\/#website\"},\"primaryImageOfPage\":{\"@id\":\"https:\/\/sxflightcase.com\/da\/produkt\/12-subwoofer-boks\/#primaryimage\"},\"image\":{\"@id\":\"https:\/\/sxflightcase.com\/da\/produkt\/12-subwoofer-boks\/#primaryimage\"},\"thumbnailUrl\":\"https:\/\/sxflightcase.com\/wp-content\/uploads\/2024\/05\/12-subwoofer-box59094926193.webp\",\"datePublished\":\"2024-05-10T04:02:14+00:00\",\"dateModified\":\"2024-06-21T01:34:01+00:00\",\"description\":\"12 Subwoofer Box: Discover factory-direct sales and professional customization for the perfect fit and performance of your subwoofer system.\",\"breadcrumb\":{\"@id\":\"https:\/\/sxflightcase.com\/da\/produkt\/12-subwoofer-boks\/#breadcrumb\"},\"inLanguage\":\"es\",\"potentialAction\":[{\"@type\":\"ReadAction\",\"target\":[\"https:\/\/sxflightcase.com\/da\/produkt\/12-subwoofer-boks\/\"]}]},{\"@type\":\"ImageObject\",\"inLanguage\":\"es\",\"@id\":\"https:\/\/sxflightcase.com\/da\/produkt\/12-subwoofer-boks\/#primaryimage\",\"url\":\"https:\/\/sxflightcase.com\/wp-content\/uploads\/2024\/05\/12-subwoofer-box59094926193.webp\",\"contentUrl\":\"https:\/\/sxflightcase.com\/wp-content\/uploads\/2024\/05\/12-subwoofer-box59094926193.webp\",\"width\":750,\"height\":750,\"caption\":\"12 Subwoofer Box\"},{\"@type\":\"BreadcrumbList\",\"@id\":\"https:\/\/sxflightcase.com\/da\/produkt\/12-subwoofer-boks\/#breadcrumb\",\"itemListElement\":[{\"@type\":\"ListItem\",\"position\":1,\"name\":\"Home\",\"item\":\"https:\/\/sxflightcase.com\/\"},{\"@type\":\"ListItem\",\"position\":2,\"name\":\"\u0e2a\u0e34\u0e19\u0e04\u0e49\u0e32\",\"item\":\"https:\/\/sxflightcase.com\/th\/shop\/\"},{\"@type\":\"ListItem\",\"position\":3,\"name\":\"12 Subwoofer Box\"}]},{\"@type\":\"WebSite\",\"@id\":\"https:\/\/sxflightcase.com\/th\/#website\",\"url\":\"https:\/\/sxflightcase.com\/th\/\",\"name\":\"sxpowercase.com\",\"description\":\"Flight Case Factory\",\"publisher\":{\"@id\":\"https:\/\/sxflightcase.com\/th\/#organization\"},\"potentialAction\":[{\"@type\":\"SearchAction\",\"target\":{\"@type\":\"EntryPoint\",\"urlTemplate\":\"https:\/\/sxflightcase.com\/th\/?s={search_term_string}\"},\"query-input\":{\"@type\":\"PropertyValueSpecification\",\"valueRequired\":true,\"valueName\":\"search_term_string\"}}],\"inLanguage\":\"es\"},{\"@type\":\"Organization\",\"@id\":\"https:\/\/sxflightcase.com\/th\/#organization\",\"name\":\"sxpowercase.com\",\"url\":\"https:\/\/sxflightcase.com\/th\/\",\"logo\":{\"@type\":\"ImageObject\",\"inLanguage\":\"es\",\"@id\":\"https:\/\/sxflightcase.com\/th\/#\/schema\/logo\/image\/\",\"url\":\"https:\/\/sxflightcase.com\/wp-content\/uploads\/2024\/04\/1713919036007.jpg\",\"contentUrl\":\"https:\/\/sxflightcase.com\/wp-content\/uploads\/2024\/04\/1713919036007.jpg\",\"width\":382,\"height\":388,\"caption\":\"sxpowercase.com\"},\"image\":{\"@id\":\"https:\/\/sxflightcase.com\/th\/#\/schema\/logo\/image\/\"},\"sameAs\":[\"https:\/\/www.facebook.com\/profile.php?id=61560407257971\"],\"numberOfEmployees\":{\"@type\":\"QuantitativeValue\",\"minValue\":\"11\",\"maxValue\":\"50\"}}]}<\/script>\n<!-- \/ Yoast SEO Premium plugin. -->","yoast_head_json":{"title":"12 Subwoofer Box - https:\/\/sxflightcase.com \ud83d\udc97","description":"12 Caja de subwoofer: Descubra la venta directa de f\u00e1brica y la personalizaci\u00f3n profesional para el ajuste y el rendimiento perfectos de su sistema de subwoofer.","robots":{"index":"index","follow":"follow","max-snippet":"max-snippet:-1","max-image-preview":"max-image-preview:large","max-video-preview":"max-video-preview:-1"},"canonical":"https:\/\/sxflightcase.com\/es\/produkt\/12-subwoofer-boks\/","og_locale":"es_MX","og_type":"article","og_title":"12 Subwoofer Box","og_description":"12 Subwoofer Box: Discover factory-direct sales and professional customization for the perfect fit and performance of your subwoofer system.","og_url":"https:\/\/sxflightcase.com\/es\/produkt\/12-subwoofer-boks\/","og_site_name":"https:\/\/sxflightcase.com","article_publisher":"https:\/\/www.facebook.com\/profile.php?id=61560407257971","article_modified_time":"2024-06-21T01:34:01+00:00","og_image":[{"width":750,"height":750,"url":"https:\/\/sxflightcase.com\/wp-content\/uploads\/2024\/05\/12-subwoofer-box59094926193.webp","type":"image\/webp"}],"twitter_card":"summary_large_image","twitter_misc":{"Tiempo de lectura":"4 minutos"},"schema":{"@context":"https:\/\/schema.org","@graph":[{"@type":"WebPage","@id":"https:\/\/sxflightcase.com\/da\/produkt\/12-subwoofer-boks\/","url":"https:\/\/sxflightcase.com\/da\/produkt\/12-subwoofer-boks\/","name":"12 Subwoofer Box - https:\/\/sxflightcase.com \ud83d\udc97","isPartOf":{"@id":"https:\/\/sxflightcase.com\/th\/#website"},"primaryImageOfPage":{"@id":"https:\/\/sxflightcase.com\/da\/produkt\/12-subwoofer-boks\/#primaryimage"},"image":{"@id":"https:\/\/sxflightcase.com\/da\/produkt\/12-subwoofer-boks\/#primaryimage"},"thumbnailUrl":"https:\/\/sxflightcase.com\/wp-content\/uploads\/2024\/05\/12-subwoofer-box59094926193.webp","datePublished":"2024-05-10T04:02:14+00:00","dateModified":"2024-06-21T01:34:01+00:00","description":"12 Caja de subwoofer: Descubra la venta directa de f\u00e1brica y la personalizaci\u00f3n profesional para el ajuste y el rendimiento perfectos de su sistema de subwoofer.","breadcrumb":{"@id":"https:\/\/sxflightcase.com\/da\/produkt\/12-subwoofer-boks\/#breadcrumb"},"inLanguage":"es","potentialAction":[{"@type":"ReadAction","target":["https:\/\/sxflightcase.com\/da\/produkt\/12-subwoofer-boks\/"]}]},{"@type":"ImageObject","inLanguage":"es","@id":"https:\/\/sxflightcase.com\/da\/produkt\/12-subwoofer-boks\/#primaryimage","url":"https:\/\/sxflightcase.com\/wp-content\/uploads\/2024\/05\/12-subwoofer-box59094926193.webp","contentUrl":"https:\/\/sxflightcase.com\/wp-content\/uploads\/2024\/05\/12-subwoofer-box59094926193.webp","width":750,"height":750,"caption":"12 Subwoofer Box"},{"@type":"BreadcrumbList","@id":"https:\/\/sxflightcase.com\/da\/produkt\/12-subwoofer-boks\/#breadcrumb","itemListElement":[{"@type":"ListItem","position":1,"name":"Home","item":"https:\/\/sxflightcase.com\/"},{"@type":"ListItem","position":2,"name":"\u0e2a\u0e34\u0e19\u0e04\u0e49\u0e32","item":"https:\/\/sxflightcase.com\/th\/shop\/"},{"@type":"ListItem","position":3,"name":"12 Subwoofer Box"}]},{"@type":"WebSite","@id":"https:\/\/sxflightcase.com\/th\/#website","url":"https:\/\/sxflightcase.com\/th\/","name":"es.sxpowercase.com","description":"F\u00e1brica de flightcases","publisher":{"@id":"https:\/\/sxflightcase.com\/th\/#organization"},"potentialAction":[{"@type":"SearchAction","target":{"@type":"EntryPoint","urlTemplate":"https:\/\/sxflightcase.com\/th\/?s={search_term_string}"},"query-input":{"@type":"PropertyValueSpecification","valueRequired":true,"valueName":"search_term_string"}}],"inLanguage":"es"},{"@type":"Organization","@id":"https:\/\/sxflightcase.com\/th\/#organization","name":"es.sxpowercase.com","url":"https:\/\/sxflightcase.com\/th\/","logo":{"@type":"ImageObject","inLanguage":"es","@id":"https:\/\/sxflightcase.com\/th\/#\/schema\/logo\/image\/","url":"https:\/\/sxflightcase.com\/wp-content\/uploads\/2024\/04\/1713919036007.jpg","contentUrl":"https:\/\/sxflightcase.com\/wp-content\/uploads\/2024\/04\/1713919036007.jpg","width":382,"height":388,"caption":"sxpowercase.com"},"image":{"@id":"https:\/\/sxflightcase.com\/th\/#\/schema\/logo\/image\/"},"sameAs":["https:\/\/www.facebook.com\/profile.php?id=61560407257971"],"numberOfEmployees":{"@type":"QuantitativeValue","minValue":"11","maxValue":"50"}}]}},"_links":{"self":[{"href":"https:\/\/sxflightcase.com\/es\/wp-json\/wp\/v2\/product\/1726","targetHints":{"allow":["GET"]}}],"collection":[{"href":"https:\/\/sxflightcase.com\/es\/wp-json\/wp\/v2\/product"}],"about":[{"href":"https:\/\/sxflightcase.com\/es\/wp-json\/wp\/v2\/types\/product"}],"replies":[{"embeddable":true,"href":"https:\/\/sxflightcase.com\/es\/wp-json\/wp\/v2\/comments?post=1726"}],"version-history":[{"count":0,"href":"https:\/\/sxflightcase.com\/es\/wp-json\/wp\/v2\/product\/1726\/revisions"}],"wp:featuredmedia":[{"embeddable":true,"href":"https:\/\/sxflightcase.com\/es\/wp-json\/wp\/v2\/media\/1730"}],"wp:attachment":[{"href":"https:\/\/sxflightcase.com\/es\/wp-json\/wp\/v2\/media?parent=1726"}],"wp:term":[{"taxonomy":"product_brand","embeddable":true,"href":"https:\/\/sxflightcase.com\/es\/wp-json\/wp\/v2\/product_brand?post=1726"},{"taxonomy":"product_cat","embeddable":true,"href":"https:\/\/sxflightcase.com\/es\/wp-json\/wp\/v2\/product_cat?post=1726"},{"taxonomy":"product_tag","embeddable":true,"href":"https:\/\/sxflightcase.com\/es\/wp-json\/wp\/v2\/product_tag?post=1726"}],"curies":[{"name":"wp","href":"https:\/\/api.w.org\/{rel}","templated":true}]}}