{"id":1751,"date":"2024-05-10T07:04:24","date_gmt":"2024-05-10T06:04:24","guid":{"rendered":"https:\/\/sxpowercase.com\/?post_type=product&#038;p=1751"},"modified":"2024-06-25T09:26:38","modified_gmt":"2024-06-25T08:26:38","slug":"65-inch-tv-unit","status":"publish","type":"product","link":"https:\/\/sxflightcase.com\/es\/producto\/televisor-de-65-pulgadas-2\/","title":{"rendered":"Mueble de TV de 65 pulgadas"},"content":{"rendered":"<p><strong>Par\u00e1metros del producto (especificaci\u00f3n)<\/strong><\/p>\n<section class=\"table-wrap\">\n<table class=\"table\" width=\"100%\" cellspacing=\"0\" cellpadding=\"0\">\n<tbody>\n<tr class=\"firstRow\">\n<td width=\"134\">Nombre del producto<\/td>\n<td width=\"504\">televisor de 65 pulgadas<\/td>\n<\/tr>\n<tr>\n<td width=\"134\">Materiales<\/td>\n<td width=\"504\">Estructura de aluminio + contrachapado de 9 mm<br \/>\n4 x Cierre de mariposa con presillas para candado (candado no suministrado)<br \/>\nTotalmente forrado de espuma de plastazote<br \/>\n4 ruedas de goma de 100 mm atornilladas a la caja mediante un tablero de ruedas de abedul de 15 mm (2 tienen frenos de bloqueo total) opci\u00f3n de coste<\/td>\n<\/tr>\n<tr>\n<td width=\"134\">Color<\/td>\n<td width=\"504\">Negro, azul, rojo o personalizado<\/td>\n<\/tr>\n<tr>\n<td width=\"134\">Uso<\/td>\n<td width=\"504\">Proteger el almacenamiento de transporte<\/td>\n<\/tr>\n<\/tbody>\n<\/table>\n<\/section>\n<p><strong>Embalaje y env\u00edo<\/strong><\/p>\n<section class=\"table-wrap\">\n<table class=\"table\" width=\"100%\" cellspacing=\"0\" cellpadding=\"0\">\n<tbody>\n<tr class=\"firstRow\">\n<td colspan=\"3\" width=\"100%\">Embalaje y env\u00edo<\/td>\n<\/tr>\n<tr>\n<td rowspan=\"3\" width=\"31%\">Plazo de entrega<\/td>\n<td width=\"34%\">Por mar<\/td>\n<td width=\"33%\">15-60 d\u00edas<\/td>\n<\/tr>\n<tr>\n<td width=\"34%\">En avi\u00f3n<\/td>\n<td width=\"33%\">5-7 d\u00edas<\/td>\n<\/tr>\n<tr>\n<td width=\"34%\">Por Express<\/td>\n<td width=\"33%\">5-7 d\u00edas<\/td>\n<\/tr>\n<tr>\n<td width=\"31%\">El tiempo de entrega<\/td>\n<td colspan=\"2\" width=\"68%\">7-10 horas de trabajo o seg\u00fan sus necesidades<\/td>\n<\/tr>\n<tr>\n<td width=\"31%\">Embalaje<\/td>\n<td colspan=\"2\" width=\"68%\">Por cajas o como desee<\/td>\n<\/tr>\n<\/tbody>\n<\/table>\n<\/section>\n<h1>Mejore su espacio de ocio con el mueble para TV de 65 pulgadas de SX<\/h1>\n<h2>Ajuste perfecto para su televisor de 65 pulgadas<\/h2>\n<p>Transforme su sal\u00f3n con el <strong>Mueble de TV de 65 pulgadas<\/strong> de <a title=\"SX\" href=\"https:\/\/sxpowercase.com\/\" target=\"_blank\" rel=\"noopener\" data-wpil-monitor-id=\"118\">SX<\/a>. Dise\u00f1ada espec\u00edficamente para televisores de 65 pulgadas, esta unidad proporciona un ajuste perfecto, garantizando que su televisor est\u00e9 montado de forma segura y se muestre de forma atractiva. El dise\u00f1o elegante y moderno mejora la est\u00e9tica de cualquier espacio, por lo que es la pieza central de su \u00e1rea de entretenimiento.<\/p>\n<h2>Artesan\u00eda de alta calidad<\/h2>\n<h3>Construido para durar<\/h3>\n<p>En SX, nos enorgullecemos de ofrecer productos de alta calidad. Nuestra <strong>Mueble de TV de 65 pulgadas<\/strong> est\u00e1 fabricado con materiales de primera calidad, lo que garantiza su durabilidad y longevidad. Su robusta construcci\u00f3n soporta el peso de su televisor y otros dispositivos multimedia, por lo que es un complemento fiable y elegante para su hogar.<\/p>\n<h2>Venta directa de f\u00e1brica<\/h2>\n<h3>Excelencia asequible<\/h3>\n<p>Al ofrecer venta directa de f\u00e1brica, SX le garantiza la mejor relaci\u00f3n calidad-precio. Eliminamos a los intermediarios, lo que nos permite ofrecer productos de alta calidad a precios competitivos. En <strong>\u00a0Mueble TV<\/strong> combina la artesan\u00eda superior con la asequibilidad, lo que la convierte en una excelente inversi\u00f3n para su hogar.<\/p>\n<h2>Opciones de personalizaci\u00f3n<\/h2>\n<h3>Adaptado a sus necesidades<\/h3>\n<p>Entendemos que cada hogar es \u00fanico, y tambi\u00e9n lo son sus necesidades. SX ofrece opciones de personalizaci\u00f3n para nuestros <strong>\u00a0Mueble TV<\/strong>. Si necesita dimensiones espec\u00edficas, acabados o caracter\u00edsticas adicionales, nuestro equipo est\u00e1 preparado para crear una unidad que cumpla exactamente sus requisitos. Disfrute de una soluci\u00f3n personalizada que complementa su decoraci\u00f3n y satisface sus necesidades de almacenamiento.<\/p>\n<h2>Organizado y con estilo<\/h2>\n<h3>Mejore su experiencia de ocio<\/h3>\n<p>El <strong>Mueble de TV de 65 pulgadas<\/strong> de SX no se trata s\u00f3lo de apoyar su televisor; se trata de mejorar toda su experiencia de entretenimiento. Con un amplio espacio de almacenamiento para accesorios multimedia, consolas de juegos y mucho m\u00e1s, esta unidad ayuda a mantener su sala de estar ordenada y libre de desorden. El dise\u00f1o moderno con compartimentos y estantes cuidadosamente dise\u00f1ados lo convierte en un complemento elegante para su hogar.<\/p>\n<hr \/>\n<p>Actualice su espacio vital con el SX <strong>\u00a0Mueble TV<\/strong>. P\u00f3ngase en contacto con nosotros hoy mismo para obtener m\u00e1s informaci\u00f3n sobre nuestras opciones de venta directa de f\u00e1brica y personalizaci\u00f3n. Experimente la combinaci\u00f3n perfecta de estilo, funcionalidad y asequibilidad con SX, y disfrute de una zona de ocio bien organizada y est\u00e9ticamente agradable.<\/p>\n<p>Etiquetas calientes: precio bajo, en stock, muestra gratis, cable de alimentaci\u00f3n y se\u00f1al, cable de 4 conductores de calibre 16, estuche para soporte de micr\u00f3fono, gabinete de exhibici\u00f3n LED para exteriores, montaje en rack, estuches de vuelo para mezcladores de montaje en rack de 19 \u201d, caja de distribuci\u00f3n el\u00e9ctrica, China, proveedores, f\u00e1brica, personalizado, venta al por mayor, <span style=\"color: #993366;\"><a style=\"color: #993366;\" href=\"https:\/\/sxflightcase.com\/es\/product-category\/all-product\/power-distribution-boxes\/\">fuerza<\/a><\/span> cajas,\u00a0<a style=\"color: #993366;\" href=\"https:\/\/sxflightcase.com\/es\/product-category\/all-product\/hoist-controllers\/\">cables de alimentaci\u00f3n<\/a>,\u00a0<a style=\"color: #993366;\" href=\"https:\/\/sxflightcase.com\/es\/product-category\/all-product\/hoist-controllers\/\">controladores de polipasto<\/a>,\u00a0<a style=\"color: #993366;\" href=\"https:\/\/sxflightcase.com\/es\/product-category\/all-product\/flight-case\/\">Estuches de vuelo.<\/a><\/p>","protected":false},"excerpt":{"rendered":"<h2 class=\"prodetails-name\">Mueble de TV de 65 pulgadas<\/h2>\n<p>Shengxiang flight Cases existe desde hace m\u00e1s de 10 a\u00f1os. Todos los maletines se dise\u00f1an internamente en China. Ha construido una reputaci\u00f3n para la fabricaci\u00f3n de casos de alta calidad resistente, estos casos duros de protecci\u00f3n magn\u00edficos ofrecen un transporte seguro para equipos fr\u00e1giles o costosos y son la elecci\u00f3n de los profesionales de todo el mundo.<\/p>\n<h2><strong>Introducci\u00f3n a la producci\u00f3n<\/strong><\/h2>\n<p>* Ajuste y leng\u00fceta de f\u00e1cil bloqueo.<\/p>\n<p>* Soporte interior y carcasa de espuma de alta densidad.<\/p>\n<p>* Acci\u00f3n de resorte empotrado Asas por lado.<\/p>\n<p>* Remaches de anclaje dobles.<\/p>\n<p>* Madera contrachapada de 3\/8\u2033 laminada certificada Gig ready de Signature Series.<\/p>\n<p>* Pestillos industriales de mariposa empotrados que pueden cerrarse con candado.<\/p>\n<p>* Viene con 4 Heavy Duty 4 \"de bajo perfil ruedas de goma duradera para la movilidad.<\/p>","protected":false},"featured_media":1752,"comment_status":"open","ping_status":"closed","template":"","meta":[],"product_brand":[],"product_cat":[41],"product_tag":[],"class_list":{"0":"post-1751","1":"product","2":"type-product","3":"status-publish","4":"has-post-thumbnail","6":"product_cat-equipment-cases","8":"first","9":"instock","10":"shipping-taxable","11":"product-type-simple"},"yoast_head":"<!-- This site is optimized with the Yoast SEO Premium plugin v27.1 (Yoast SEO v27.2) - https:\/\/yoast.com\/product\/yoast-seo-premium-wordpress\/ -->\n<title>65 Inch TV Unit - https:\/\/sxflightcase.com \ud83d\udc97<\/title>\n<meta name=\"description\" content=\"65 Inch TV Unit: Explore our factory-direct options for professional customization, perfect for organizing and displaying your television and media equipment.\" \/>\n<meta name=\"robots\" content=\"index, follow, max-snippet:-1, max-image-preview:large, max-video-preview:-1\" \/>\n<link rel=\"canonical\" href=\"https:\/\/sxflightcase.com\/es\/produkt\/65-tommer-tv-mobel\/\" \/>\n<meta property=\"og:locale\" content=\"es_MX\" \/>\n<meta property=\"og:type\" content=\"article\" \/>\n<meta property=\"og:title\" content=\"65 Inch TV Unit\" \/>\n<meta property=\"og:description\" content=\"65 Inch TV Unit: Explore our factory-direct options for professional customization, perfect for organizing and displaying your television and media equipment.\" \/>\n<meta property=\"og:url\" content=\"https:\/\/sxflightcase.com\/es\/produkt\/65-tommer-tv-mobel\/\" \/>\n<meta property=\"og:site_name\" content=\"https:\/\/sxflightcase.com\" \/>\n<meta property=\"article:publisher\" content=\"https:\/\/www.facebook.com\/profile.php?id=61560407257971\" \/>\n<meta property=\"article:modified_time\" content=\"2024-06-25T08:26:38+00:00\" \/>\n<meta property=\"og:image\" content=\"https:\/\/sxflightcase.com\/wp-content\/uploads\/2024\/05\/65-inch-tv-unit12107950179.webp\" \/>\n\t<meta property=\"og:image:width\" content=\"700\" \/>\n\t<meta property=\"og:image:height\" content=\"700\" \/>\n\t<meta property=\"og:image:type\" content=\"image\/webp\" \/>\n<meta name=\"twitter:card\" content=\"summary_large_image\" \/>\n<meta name=\"twitter:label1\" content=\"Tiempo de lectura\" \/>\n\t<meta name=\"twitter:data1\" content=\"3 minutos\" \/>\n<script type=\"application\/ld+json\" class=\"yoast-schema-graph\">{\"@context\":\"https:\/\/schema.org\",\"@graph\":[{\"@type\":\"WebPage\",\"@id\":\"https:\/\/sxflightcase.com\/da\/produkt\/65-tommer-tv-mobel\/\",\"url\":\"https:\/\/sxflightcase.com\/da\/produkt\/65-tommer-tv-mobel\/\",\"name\":\"65 Inch TV Unit - https:\/\/sxflightcase.com \ud83d\udc97\",\"isPartOf\":{\"@id\":\"https:\/\/sxflightcase.com\/th\/#website\"},\"primaryImageOfPage\":{\"@id\":\"https:\/\/sxflightcase.com\/da\/produkt\/65-tommer-tv-mobel\/#primaryimage\"},\"image\":{\"@id\":\"https:\/\/sxflightcase.com\/da\/produkt\/65-tommer-tv-mobel\/#primaryimage\"},\"thumbnailUrl\":\"https:\/\/sxflightcase.com\/wp-content\/uploads\/2024\/05\/65-inch-tv-unit12107950179.webp\",\"datePublished\":\"2024-05-10T06:04:24+00:00\",\"dateModified\":\"2024-06-25T08:26:38+00:00\",\"description\":\"65 Inch TV Unit: Explore our factory-direct options for professional customization, perfect for organizing and displaying your television and media equipment.\",\"breadcrumb\":{\"@id\":\"https:\/\/sxflightcase.com\/da\/produkt\/65-tommer-tv-mobel\/#breadcrumb\"},\"inLanguage\":\"es\",\"potentialAction\":[{\"@type\":\"ReadAction\",\"target\":[\"https:\/\/sxflightcase.com\/da\/produkt\/65-tommer-tv-mobel\/\"]}]},{\"@type\":\"ImageObject\",\"inLanguage\":\"es\",\"@id\":\"https:\/\/sxflightcase.com\/da\/produkt\/65-tommer-tv-mobel\/#primaryimage\",\"url\":\"https:\/\/sxflightcase.com\/wp-content\/uploads\/2024\/05\/65-inch-tv-unit12107950179.webp\",\"contentUrl\":\"https:\/\/sxflightcase.com\/wp-content\/uploads\/2024\/05\/65-inch-tv-unit12107950179.webp\",\"width\":700,\"height\":700,\"caption\":\"65 Inch TV Unit\"},{\"@type\":\"BreadcrumbList\",\"@id\":\"https:\/\/sxflightcase.com\/da\/produkt\/65-tommer-tv-mobel\/#breadcrumb\",\"itemListElement\":[{\"@type\":\"ListItem\",\"position\":1,\"name\":\"Home\",\"item\":\"https:\/\/sxflightcase.com\/\"},{\"@type\":\"ListItem\",\"position\":2,\"name\":\"\u0e2a\u0e34\u0e19\u0e04\u0e49\u0e32\",\"item\":\"https:\/\/sxflightcase.com\/th\/shop\/\"},{\"@type\":\"ListItem\",\"position\":3,\"name\":\"65 Inch TV Unit\"}]},{\"@type\":\"WebSite\",\"@id\":\"https:\/\/sxflightcase.com\/th\/#website\",\"url\":\"https:\/\/sxflightcase.com\/th\/\",\"name\":\"sxpowercase.com\",\"description\":\"Flight Case Factory\",\"publisher\":{\"@id\":\"https:\/\/sxflightcase.com\/th\/#organization\"},\"potentialAction\":[{\"@type\":\"SearchAction\",\"target\":{\"@type\":\"EntryPoint\",\"urlTemplate\":\"https:\/\/sxflightcase.com\/th\/?s={search_term_string}\"},\"query-input\":{\"@type\":\"PropertyValueSpecification\",\"valueRequired\":true,\"valueName\":\"search_term_string\"}}],\"inLanguage\":\"es\"},{\"@type\":\"Organization\",\"@id\":\"https:\/\/sxflightcase.com\/th\/#organization\",\"name\":\"sxpowercase.com\",\"url\":\"https:\/\/sxflightcase.com\/th\/\",\"logo\":{\"@type\":\"ImageObject\",\"inLanguage\":\"es\",\"@id\":\"https:\/\/sxflightcase.com\/th\/#\/schema\/logo\/image\/\",\"url\":\"https:\/\/sxflightcase.com\/wp-content\/uploads\/2024\/04\/1713919036007.jpg\",\"contentUrl\":\"https:\/\/sxflightcase.com\/wp-content\/uploads\/2024\/04\/1713919036007.jpg\",\"width\":382,\"height\":388,\"caption\":\"sxpowercase.com\"},\"image\":{\"@id\":\"https:\/\/sxflightcase.com\/th\/#\/schema\/logo\/image\/\"},\"sameAs\":[\"https:\/\/www.facebook.com\/profile.php?id=61560407257971\"],\"numberOfEmployees\":{\"@type\":\"QuantitativeValue\",\"minValue\":\"11\",\"maxValue\":\"50\"}}]}<\/script>\n<!-- \/ Yoast SEO Premium plugin. -->","yoast_head_json":{"title":"65 Inch TV Unit - https:\/\/sxflightcase.com \ud83d\udc97","description":"Mueble de TV de 65 pulgadas: Explore nuestras opciones directas de f\u00e1brica para una personalizaci\u00f3n profesional, perfecta para organizar y mostrar su televisor y equipo multimedia.","robots":{"index":"index","follow":"follow","max-snippet":"max-snippet:-1","max-image-preview":"max-image-preview:large","max-video-preview":"max-video-preview:-1"},"canonical":"https:\/\/sxflightcase.com\/es\/produkt\/65-tommer-tv-mobel\/","og_locale":"es_MX","og_type":"article","og_title":"65 Inch TV Unit","og_description":"65 Inch TV Unit: Explore our factory-direct options for professional customization, perfect for organizing and displaying your television and media equipment.","og_url":"https:\/\/sxflightcase.com\/es\/produkt\/65-tommer-tv-mobel\/","og_site_name":"https:\/\/sxflightcase.com","article_publisher":"https:\/\/www.facebook.com\/profile.php?id=61560407257971","article_modified_time":"2024-06-25T08:26:38+00:00","og_image":[{"width":700,"height":700,"url":"https:\/\/sxflightcase.com\/wp-content\/uploads\/2024\/05\/65-inch-tv-unit12107950179.webp","type":"image\/webp"}],"twitter_card":"summary_large_image","twitter_misc":{"Tiempo de lectura":"3 minutos"},"schema":{"@context":"https:\/\/schema.org","@graph":[{"@type":"WebPage","@id":"https:\/\/sxflightcase.com\/da\/produkt\/65-tommer-tv-mobel\/","url":"https:\/\/sxflightcase.com\/da\/produkt\/65-tommer-tv-mobel\/","name":"65 Inch TV Unit - https:\/\/sxflightcase.com \ud83d\udc97","isPartOf":{"@id":"https:\/\/sxflightcase.com\/th\/#website"},"primaryImageOfPage":{"@id":"https:\/\/sxflightcase.com\/da\/produkt\/65-tommer-tv-mobel\/#primaryimage"},"image":{"@id":"https:\/\/sxflightcase.com\/da\/produkt\/65-tommer-tv-mobel\/#primaryimage"},"thumbnailUrl":"https:\/\/sxflightcase.com\/wp-content\/uploads\/2024\/05\/65-inch-tv-unit12107950179.webp","datePublished":"2024-05-10T06:04:24+00:00","dateModified":"2024-06-25T08:26:38+00:00","description":"Mueble de TV de 65 pulgadas: Explore nuestras opciones directas de f\u00e1brica para una personalizaci\u00f3n profesional, perfecta para organizar y mostrar su televisor y equipo multimedia.","breadcrumb":{"@id":"https:\/\/sxflightcase.com\/da\/produkt\/65-tommer-tv-mobel\/#breadcrumb"},"inLanguage":"es","potentialAction":[{"@type":"ReadAction","target":["https:\/\/sxflightcase.com\/da\/produkt\/65-tommer-tv-mobel\/"]}]},{"@type":"ImageObject","inLanguage":"es","@id":"https:\/\/sxflightcase.com\/da\/produkt\/65-tommer-tv-mobel\/#primaryimage","url":"https:\/\/sxflightcase.com\/wp-content\/uploads\/2024\/05\/65-inch-tv-unit12107950179.webp","contentUrl":"https:\/\/sxflightcase.com\/wp-content\/uploads\/2024\/05\/65-inch-tv-unit12107950179.webp","width":700,"height":700,"caption":"65 Inch TV Unit"},{"@type":"BreadcrumbList","@id":"https:\/\/sxflightcase.com\/da\/produkt\/65-tommer-tv-mobel\/#breadcrumb","itemListElement":[{"@type":"ListItem","position":1,"name":"Home","item":"https:\/\/sxflightcase.com\/"},{"@type":"ListItem","position":2,"name":"\u0e2a\u0e34\u0e19\u0e04\u0e49\u0e32","item":"https:\/\/sxflightcase.com\/th\/shop\/"},{"@type":"ListItem","position":3,"name":"65 Inch TV Unit"}]},{"@type":"WebSite","@id":"https:\/\/sxflightcase.com\/th\/#website","url":"https:\/\/sxflightcase.com\/th\/","name":"es.sxpowercase.com","description":"F\u00e1brica de flightcases","publisher":{"@id":"https:\/\/sxflightcase.com\/th\/#organization"},"potentialAction":[{"@type":"SearchAction","target":{"@type":"EntryPoint","urlTemplate":"https:\/\/sxflightcase.com\/th\/?s={search_term_string}"},"query-input":{"@type":"PropertyValueSpecification","valueRequired":true,"valueName":"search_term_string"}}],"inLanguage":"es"},{"@type":"Organization","@id":"https:\/\/sxflightcase.com\/th\/#organization","name":"es.sxpowercase.com","url":"https:\/\/sxflightcase.com\/th\/","logo":{"@type":"ImageObject","inLanguage":"es","@id":"https:\/\/sxflightcase.com\/th\/#\/schema\/logo\/image\/","url":"https:\/\/sxflightcase.com\/wp-content\/uploads\/2024\/04\/1713919036007.jpg","contentUrl":"https:\/\/sxflightcase.com\/wp-content\/uploads\/2024\/04\/1713919036007.jpg","width":382,"height":388,"caption":"sxpowercase.com"},"image":{"@id":"https:\/\/sxflightcase.com\/th\/#\/schema\/logo\/image\/"},"sameAs":["https:\/\/www.facebook.com\/profile.php?id=61560407257971"],"numberOfEmployees":{"@type":"QuantitativeValue","minValue":"11","maxValue":"50"}}]}},"_links":{"self":[{"href":"https:\/\/sxflightcase.com\/es\/wp-json\/wp\/v2\/product\/1751","targetHints":{"allow":["GET"]}}],"collection":[{"href":"https:\/\/sxflightcase.com\/es\/wp-json\/wp\/v2\/product"}],"about":[{"href":"https:\/\/sxflightcase.com\/es\/wp-json\/wp\/v2\/types\/product"}],"replies":[{"embeddable":true,"href":"https:\/\/sxflightcase.com\/es\/wp-json\/wp\/v2\/comments?post=1751"}],"version-history":[{"count":0,"href":"https:\/\/sxflightcase.com\/es\/wp-json\/wp\/v2\/product\/1751\/revisions"}],"wp:featuredmedia":[{"embeddable":true,"href":"https:\/\/sxflightcase.com\/es\/wp-json\/wp\/v2\/media\/1752"}],"wp:attachment":[{"href":"https:\/\/sxflightcase.com\/es\/wp-json\/wp\/v2\/media?parent=1751"}],"wp:term":[{"taxonomy":"product_brand","embeddable":true,"href":"https:\/\/sxflightcase.com\/es\/wp-json\/wp\/v2\/product_brand?post=1751"},{"taxonomy":"product_cat","embeddable":true,"href":"https:\/\/sxflightcase.com\/es\/wp-json\/wp\/v2\/product_cat?post=1751"},{"taxonomy":"product_tag","embeddable":true,"href":"https:\/\/sxflightcase.com\/es\/wp-json\/wp\/v2\/product_tag?post=1751"}],"curies":[{"name":"wp","href":"https:\/\/api.w.org\/{rel}","templated":true}]}}