{"id":1756,"date":"2024-05-10T07:10:35","date_gmt":"2024-05-10T06:10:35","guid":{"rendered":"https:\/\/sxpowercase.com\/?post_type=product&#038;p=1756"},"modified":"2024-06-21T03:14:52","modified_gmt":"2024-06-21T02:14:52","slug":"led-screen-cabinet","status":"publish","type":"product","link":"https:\/\/sxflightcase.com\/es\/producto\/armario-con-pantalla-led\/","title":{"rendered":"Armario para pantallas LED"},"content":{"rendered":"<h3><strong>Par\u00e1metros del producto (especificaci\u00f3n)<\/strong><\/h3>\n<section class=\"table-wrap\">\n<table class=\"table\" width=\"100%\" cellspacing=\"0\" cellpadding=\"0\">\n<tbody>\n<tr class=\"firstRow\">\n<td width=\"134\">Tapa<\/td>\n<td width=\"504\">Extra\u00edble<\/td>\n<\/tr>\n<tr>\n<td width=\"134\">Ruedas<\/td>\n<td width=\"504\">Ruedas con doble freno: c\u00f3modas de mover y parar<\/td>\n<\/tr>\n<tr>\n<td width=\"134\">Color<\/td>\n<td width=\"504\">Negro, blanco, azul, rojo, naranja, verde, amarillo, morado<\/td>\n<\/tr>\n<tr>\n<td width=\"134\">Tiempo de trabajo<\/td>\n<td width=\"504\">5~7d\u00edas<\/td>\n<\/tr>\n<\/tbody>\n<\/table>\n<\/section>\n<p><strong>Embalaje y env\u00edo<\/strong><\/p>\n<section class=\"table-wrap\">\n<table class=\"table\" width=\"100%\" cellspacing=\"0\" cellpadding=\"0\">\n<tbody>\n<tr class=\"firstRow\">\n<td colspan=\"3\" width=\"100%\">Embalaje y env\u00edo<\/td>\n<\/tr>\n<tr>\n<td rowspan=\"3\" width=\"31%\">Plazo de entrega<\/td>\n<td width=\"34%\">Por mar<\/td>\n<td width=\"33%\">15-60 d\u00edas<\/td>\n<\/tr>\n<tr>\n<td width=\"34%\">En avi\u00f3n<\/td>\n<td width=\"33%\">5-7 d\u00edas<\/td>\n<\/tr>\n<tr>\n<td width=\"34%\">Por Express<\/td>\n<td width=\"33%\">5-7 d\u00edas<\/td>\n<\/tr>\n<tr>\n<td width=\"31%\">El tiempo de entrega<\/td>\n<td colspan=\"2\" width=\"68%\">7-10 horas de trabajo o seg\u00fan sus necesidades<\/td>\n<\/tr>\n<tr>\n<td width=\"31%\">Embalaje<\/td>\n<td colspan=\"2\" width=\"68%\">Por cajas o como desee<\/td>\n<\/tr>\n<\/tbody>\n<\/table>\n<\/section>\n<h1>Mejore su pantalla con el armario para pantallas LED de SX<\/h1>\n<h2>Lo \u00faltimo en protecci\u00f3n y visualizaci\u00f3n<\/h2>\n<p>Transforme la configuraci\u00f3n de su pantalla digital con el armario para pantallas LED de <a href=\"https:\/\/sxpowercase.com\/\" target=\"_blank\" rel=\"noopener\" title=\"SX\" data-wpil-monitor-id=\"119\">SX<\/a>. Dise\u00f1ado para ofrecer la m\u00e1xima protecci\u00f3n y una experiencia de visualizaci\u00f3n mejorada, este armario garantiza que sus pantallas LED est\u00e9n alojadas de forma segura a la vez que mantienen una visibilidad \u00f3ptima. Ya sea para uso comercial o personal, este armario a\u00f1ade un toque profesional a cualquier instalaci\u00f3n.<\/p>\n<h2>Artesan\u00eda de alta calidad<\/h2>\n<h3>Dise\u00f1ado para durar<\/h3>\n<p>SX se enorgullece de ofrecer productos de la m\u00e1s alta calidad. Nuestro armario para pantallas LED est\u00e1 fabricado con materiales de primera calidad, lo que garantiza que resistir\u00e1 el paso del tiempo. Su robusto dise\u00f1o protege sus pantallas LED de da\u00f1os externos, proporcionando una soluci\u00f3n fiable y duradera para todas sus necesidades de visualizaci\u00f3n.<\/p>\n<h2>Venta directa de f\u00e1brica<\/h2>\n<h3>Valor inigualable<\/h3>\n<p>Al ofrecer venta directa de f\u00e1brica, SX le garantiza el mejor valor por su inversi\u00f3n. La eliminaci\u00f3n de intermediarios nos permite ofrecer productos de primera calidad a precios competitivos. El armario para pantalla LED combina una durabilidad excepcional con un precio asequible, lo que lo convierte en una opci\u00f3n inteligente tanto para empresas como para particulares.<\/p>\n<h2>Opciones de personalizaci\u00f3n<\/h2>\n<h3>Soluciones a medida<\/h3>\n<p>Cada configuraci\u00f3n de pantalla es \u00fanica, y SX entiende la importancia de la personalizaci\u00f3n. Nuestro gabinete de pantalla LED viene con varias opciones de personalizaci\u00f3n para satisfacer sus necesidades espec\u00edficas. Si usted requiere dimensiones espec\u00edficas, acabados o caracter\u00edsticas adicionales, podemos adaptar el gabinete para satisfacer sus necesidades exactas. Disfrute de una soluci\u00f3n que se adapta perfectamente a su entorno de visualizaci\u00f3n.<\/p>\n<h2>Dise\u00f1o elegante y moderno<\/h2>\n<h3>Aumente su atractivo visual<\/h3>\n<p>El armario para pantallas LED de SX no s\u00f3lo protege sus pantallas, sino que tambi\u00e9n mejora el atractivo visual general de su instalaci\u00f3n. Con un dise\u00f1o elegante y moderno, este armario se integra perfectamente en cualquier entorno, a\u00f1adiendo un toque de sofisticaci\u00f3n. Su cuidado dise\u00f1o garantiza un f\u00e1cil acceso y mantenimiento de sus pantallas LED.<\/p>\n<hr \/>\n<p>Eleve su experiencia de visualizaci\u00f3n con el SX LED Screen Cabinet. P\u00f3ngase en contacto con nosotros hoy mismo para obtener m\u00e1s informaci\u00f3n sobre nuestras opciones de venta directa de f\u00e1brica y personalizaci\u00f3n. Descubra la combinaci\u00f3n perfecta de protecci\u00f3n, funcionalidad y estilo con SX y disfrute de una instalaci\u00f3n de pantalla bien protegida y visualmente atractiva.<\/p>\n<p><strong>Preguntas frecuentes<\/strong><\/p>\n<p>Pago: podemos aceptar pagos a trav\u00e9s de T\/T, Western union.etc. Como transferencia bancaria (T\/T) es conveniente para las \u00f3rdenes grandes, para la peque\u00f1a orden, usted pagar\u00eda mejor v\u00eda la uni\u00f3n occidental, que es f\u00e1cil, r\u00e1pida y segura.<\/p>\n<p>Env\u00edo: ofrecemos muchas opciones de env\u00edo para nuestros clientes, tenemos buena relaci\u00f3n con la compa\u00f1\u00eda naviera directamente, como APL, Cosco, CMA y as\u00ed sucesivamente, podr\u00edamos ayudarle a ahorrar costes de env\u00edo.<\/p>\n<p>Impuestos de importaci\u00f3n: podemos ayudarle a reducir y evitar los impuestos de importaci\u00f3n declarando el precio m\u00e1s bajo, si tiene alguna pregunta, p\u00f3ngase en contacto con nosotros en cualquier momento, esperamos una larga cooperaci\u00f3n con usted.<\/p>\n<p>Embalaje: ofrecemos muchas opciones de embalaje a nuestros clientes, como <a class=\"wpil_keyword_link\" href=\"https:\/\/sxpowercase.com\/product-category\/all-product\/flight-case\/\" target=\"_blank\" rel=\"noopener\" title=\"Estuche de vuelo\" data-wpil-keyword-link=\"linked\" data-wpil-monitor-id=\"415\">Estuche de vuelo<\/a> &amp; trolley &amp; caja de cart\u00f3n &amp; bolsa de transporte &amp; bolsa de burbujas etc.Tambi\u00e9n otras opciones de embalaje personalizado est\u00e1n disponibles<\/p>\n<p>Hot Tags: Low price, in stock, free sample, Power And Signal Cable, 16 Gauge 4 Conductor Wire, Microphone Stand Case, Outdoor Led Display Cabinet, Rack Mount, 19\" Rackmount Mixer Flight Cases\uff0celectrical distro box, China, proveedores, f\u00e1brica, modificado para requisitos particulares, venta por mayor, LED Screen Cabinet,<span style=\"color: #993366;\"><a style=\"color: #993366;\" href=\"https:\/\/sxflightcase.com\/es\/product-category\/all-product\/power-distribution-boxes\/\">cajas de poder<\/a>,\u00a0<a style=\"color: #993366;\" href=\"https:\/\/sxflightcase.com\/es\/product-category\/all-product\/hoist-controllers\/\">cables de alimentaci\u00f3n<\/a>,\u00a0<a style=\"color: #993366;\" href=\"https:\/\/sxflightcase.com\/es\/product-category\/all-product\/hoist-controllers\/\">controladores de polipasto<\/a>,\u00a0<a style=\"color: #993366;\" href=\"https:\/\/sxflightcase.com\/es\/product-category\/all-product\/flight-case\/\">Estuches de vuelo.<\/a><\/span><\/p>","protected":false},"excerpt":{"rendered":"<h2 class=\"prodetails-name\">Armario para pantallas LED<\/h2>\n<p>Nuestro configurador de flightcases puede ayudarle a planificar su propia maleta personalizada. Cualquier cambio que haga durante el proceso de dise\u00f1o se realiza en tiempo real delante de usted en la vista previa en 3D. Los precios tambi\u00e9n est\u00e1n disponibles de inmediato, sin necesidad de pedir presupuesto ni esperar respuesta. Adem\u00e1s de las caracter\u00edsticas b\u00e1sicas, como dimensiones, materiales y colores de la caja, tambi\u00e9n puede seleccionar libremente asas, forros, accesorios adicionales, as\u00ed como a\u00f1adir numerosos extras, como ruedas giratorias, huecos para ruedas, platos para etiquetas tur\u00edsticas, etc.<\/p>\n<h2><strong>Introducci\u00f3n a la producci\u00f3n<\/strong><\/h2>\n<p>Armario con pantalla LED<\/p>\n<p>1. Utilice madera contrachapada maciza de alta intensidad de 9 mm\/12 mm.<\/p>\n<p>2. La espuma de alta densidad de 50 mm proporciona un sistema a prueba de golpes.<\/p>\n<p>3. Protecci\u00f3n interior Ultra-DUR EVA<\/p>\n<p>4. Interior f\u00e1cilmente ajustable<\/p>\n<p>5. Extrusi\u00f3n de aluminio de doble \u00e1ngulo, leng\u00fcetas y ranuras de aluminio<\/p>\n<p>6. Ruedas de alta resistencia de 3,5 \u00f3 4 pulgadas (2 con bloqueo y 2 sin bloqueo)<\/p>\n<p>7. Tapas desmontables que se adhieren 50 mm con espuma de hoja de perlas de 8 mm.<\/p>\n<p>8. Rieles est\u00e1ndar del portaequipajes delantero trasero<\/p>","protected":false},"featured_media":1757,"comment_status":"open","ping_status":"closed","template":"","meta":[],"product_brand":[],"product_cat":[41],"product_tag":[],"class_list":{"0":"post-1756","1":"product","2":"type-product","3":"status-publish","4":"has-post-thumbnail","6":"product_cat-equipment-cases","8":"first","9":"instock","10":"shipping-taxable","11":"product-type-simple"},"yoast_head":"<!-- This site is optimized with the Yoast SEO Premium plugin v27.1 (Yoast SEO v27.2) - https:\/\/yoast.com\/product\/yoast-seo-premium-wordpress\/ -->\n<title>LED Screen Cabinet - https:\/\/sxflightcase.com \ud83d\udc97<\/title>\n<meta name=\"description\" content=\"LED Screen Cabinet: Explore our factory-direct options for professional customization, perfect for organizing and displaying your television and media equipment.\" \/>\n<meta name=\"robots\" content=\"index, follow, max-snippet:-1, max-image-preview:large, max-video-preview:-1\" \/>\n<link rel=\"canonical\" href=\"https:\/\/sxflightcase.com\/es\/produk\/led-screen-cabinet\/\" \/>\n<meta property=\"og:locale\" content=\"es_MX\" \/>\n<meta property=\"og:type\" content=\"article\" \/>\n<meta property=\"og:title\" content=\"LED Screen Cabinet\" \/>\n<meta property=\"og:description\" content=\"LED Screen Cabinet: Explore our factory-direct options for professional customization, perfect for organizing and displaying your television and media equipment.\" \/>\n<meta property=\"og:url\" content=\"https:\/\/sxflightcase.com\/es\/produk\/led-screen-cabinet\/\" \/>\n<meta property=\"og:site_name\" content=\"https:\/\/sxflightcase.com\" \/>\n<meta property=\"article:publisher\" content=\"https:\/\/www.facebook.com\/profile.php?id=61560407257971\" \/>\n<meta property=\"article:modified_time\" content=\"2024-06-21T02:14:52+00:00\" \/>\n<meta property=\"og:image\" content=\"https:\/\/sxflightcase.com\/wp-content\/uploads\/2024\/05\/led-screen-cabinet25295279606.webp\" \/>\n\t<meta property=\"og:image:width\" content=\"700\" \/>\n\t<meta property=\"og:image:height\" content=\"700\" \/>\n\t<meta property=\"og:image:type\" content=\"image\/webp\" \/>\n<meta name=\"twitter:card\" content=\"summary_large_image\" \/>\n<meta name=\"twitter:label1\" content=\"Tiempo de lectura\" \/>\n\t<meta name=\"twitter:data1\" content=\"4 minutos\" \/>\n<script type=\"application\/ld+json\" class=\"yoast-schema-graph\">{\"@context\":\"https:\/\/schema.org\",\"@graph\":[{\"@type\":\"WebPage\",\"@id\":\"https:\/\/sxflightcase.com\/af\/produk\/led-screen-cabinet\/\",\"url\":\"https:\/\/sxflightcase.com\/af\/produk\/led-screen-cabinet\/\",\"name\":\"LED Screen Cabinet - https:\/\/sxflightcase.com \ud83d\udc97\",\"isPartOf\":{\"@id\":\"https:\/\/sxflightcase.com\/th\/#website\"},\"primaryImageOfPage\":{\"@id\":\"https:\/\/sxflightcase.com\/af\/produk\/led-screen-cabinet\/#primaryimage\"},\"image\":{\"@id\":\"https:\/\/sxflightcase.com\/af\/produk\/led-screen-cabinet\/#primaryimage\"},\"thumbnailUrl\":\"https:\/\/sxflightcase.com\/wp-content\/uploads\/2024\/05\/led-screen-cabinet25295279606.webp\",\"datePublished\":\"2024-05-10T06:10:35+00:00\",\"dateModified\":\"2024-06-21T02:14:52+00:00\",\"description\":\"LED Screen Cabinet: Explore our factory-direct options for professional customization, perfect for organizing and displaying your television and media equipment.\",\"breadcrumb\":{\"@id\":\"https:\/\/sxflightcase.com\/af\/produk\/led-screen-cabinet\/#breadcrumb\"},\"inLanguage\":\"es\",\"potentialAction\":[{\"@type\":\"ReadAction\",\"target\":[\"https:\/\/sxflightcase.com\/af\/produk\/led-screen-cabinet\/\"]}]},{\"@type\":\"ImageObject\",\"inLanguage\":\"es\",\"@id\":\"https:\/\/sxflightcase.com\/af\/produk\/led-screen-cabinet\/#primaryimage\",\"url\":\"https:\/\/sxflightcase.com\/wp-content\/uploads\/2024\/05\/led-screen-cabinet25295279606.webp\",\"contentUrl\":\"https:\/\/sxflightcase.com\/wp-content\/uploads\/2024\/05\/led-screen-cabinet25295279606.webp\",\"width\":700,\"height\":700,\"caption\":\"LED Screen Cabinet\"},{\"@type\":\"BreadcrumbList\",\"@id\":\"https:\/\/sxflightcase.com\/af\/produk\/led-screen-cabinet\/#breadcrumb\",\"itemListElement\":[{\"@type\":\"ListItem\",\"position\":1,\"name\":\"Home\",\"item\":\"https:\/\/sxflightcase.com\/\"},{\"@type\":\"ListItem\",\"position\":2,\"name\":\"\u0e2a\u0e34\u0e19\u0e04\u0e49\u0e32\",\"item\":\"https:\/\/sxflightcase.com\/th\/shop\/\"},{\"@type\":\"ListItem\",\"position\":3,\"name\":\"LED Screen Cabinet\"}]},{\"@type\":\"WebSite\",\"@id\":\"https:\/\/sxflightcase.com\/th\/#website\",\"url\":\"https:\/\/sxflightcase.com\/th\/\",\"name\":\"sxpowercase.com\",\"description\":\"Flight Case Factory\",\"publisher\":{\"@id\":\"https:\/\/sxflightcase.com\/th\/#organization\"},\"potentialAction\":[{\"@type\":\"SearchAction\",\"target\":{\"@type\":\"EntryPoint\",\"urlTemplate\":\"https:\/\/sxflightcase.com\/th\/?s={search_term_string}\"},\"query-input\":{\"@type\":\"PropertyValueSpecification\",\"valueRequired\":true,\"valueName\":\"search_term_string\"}}],\"inLanguage\":\"es\"},{\"@type\":\"Organization\",\"@id\":\"https:\/\/sxflightcase.com\/th\/#organization\",\"name\":\"sxpowercase.com\",\"url\":\"https:\/\/sxflightcase.com\/th\/\",\"logo\":{\"@type\":\"ImageObject\",\"inLanguage\":\"es\",\"@id\":\"https:\/\/sxflightcase.com\/th\/#\/schema\/logo\/image\/\",\"url\":\"https:\/\/sxflightcase.com\/wp-content\/uploads\/2024\/04\/1713919036007.jpg\",\"contentUrl\":\"https:\/\/sxflightcase.com\/wp-content\/uploads\/2024\/04\/1713919036007.jpg\",\"width\":382,\"height\":388,\"caption\":\"sxpowercase.com\"},\"image\":{\"@id\":\"https:\/\/sxflightcase.com\/th\/#\/schema\/logo\/image\/\"},\"sameAs\":[\"https:\/\/www.facebook.com\/profile.php?id=61560407257971\"],\"numberOfEmployees\":{\"@type\":\"QuantitativeValue\",\"minValue\":\"11\",\"maxValue\":\"50\"}}]}<\/script>\n<!-- \/ Yoast SEO Premium plugin. -->","yoast_head_json":{"title":"LED Screen Cabinet - https:\/\/sxflightcase.com \ud83d\udc97","description":"Armario para pantallas LED: Explore nuestras opciones directas de f\u00e1brica para una personalizaci\u00f3n profesional, perfecta para organizar y mostrar su televisor y equipo multimedia.","robots":{"index":"index","follow":"follow","max-snippet":"max-snippet:-1","max-image-preview":"max-image-preview:large","max-video-preview":"max-video-preview:-1"},"canonical":"https:\/\/sxflightcase.com\/es\/produk\/led-screen-cabinet\/","og_locale":"es_MX","og_type":"article","og_title":"LED Screen Cabinet","og_description":"LED Screen Cabinet: Explore our factory-direct options for professional customization, perfect for organizing and displaying your television and media equipment.","og_url":"https:\/\/sxflightcase.com\/es\/produk\/led-screen-cabinet\/","og_site_name":"https:\/\/sxflightcase.com","article_publisher":"https:\/\/www.facebook.com\/profile.php?id=61560407257971","article_modified_time":"2024-06-21T02:14:52+00:00","og_image":[{"width":700,"height":700,"url":"https:\/\/sxflightcase.com\/wp-content\/uploads\/2024\/05\/led-screen-cabinet25295279606.webp","type":"image\/webp"}],"twitter_card":"summary_large_image","twitter_misc":{"Tiempo de lectura":"4 minutos"},"schema":{"@context":"https:\/\/schema.org","@graph":[{"@type":"WebPage","@id":"https:\/\/sxflightcase.com\/af\/produk\/led-screen-cabinet\/","url":"https:\/\/sxflightcase.com\/af\/produk\/led-screen-cabinet\/","name":"LED Screen Cabinet - https:\/\/sxflightcase.com \ud83d\udc97","isPartOf":{"@id":"https:\/\/sxflightcase.com\/th\/#website"},"primaryImageOfPage":{"@id":"https:\/\/sxflightcase.com\/af\/produk\/led-screen-cabinet\/#primaryimage"},"image":{"@id":"https:\/\/sxflightcase.com\/af\/produk\/led-screen-cabinet\/#primaryimage"},"thumbnailUrl":"https:\/\/sxflightcase.com\/wp-content\/uploads\/2024\/05\/led-screen-cabinet25295279606.webp","datePublished":"2024-05-10T06:10:35+00:00","dateModified":"2024-06-21T02:14:52+00:00","description":"Armario para pantallas LED: Explore nuestras opciones directas de f\u00e1brica para una personalizaci\u00f3n profesional, perfecta para organizar y mostrar su televisor y equipo multimedia.","breadcrumb":{"@id":"https:\/\/sxflightcase.com\/af\/produk\/led-screen-cabinet\/#breadcrumb"},"inLanguage":"es","potentialAction":[{"@type":"ReadAction","target":["https:\/\/sxflightcase.com\/af\/produk\/led-screen-cabinet\/"]}]},{"@type":"ImageObject","inLanguage":"es","@id":"https:\/\/sxflightcase.com\/af\/produk\/led-screen-cabinet\/#primaryimage","url":"https:\/\/sxflightcase.com\/wp-content\/uploads\/2024\/05\/led-screen-cabinet25295279606.webp","contentUrl":"https:\/\/sxflightcase.com\/wp-content\/uploads\/2024\/05\/led-screen-cabinet25295279606.webp","width":700,"height":700,"caption":"LED Screen Cabinet"},{"@type":"BreadcrumbList","@id":"https:\/\/sxflightcase.com\/af\/produk\/led-screen-cabinet\/#breadcrumb","itemListElement":[{"@type":"ListItem","position":1,"name":"Home","item":"https:\/\/sxflightcase.com\/"},{"@type":"ListItem","position":2,"name":"\u0e2a\u0e34\u0e19\u0e04\u0e49\u0e32","item":"https:\/\/sxflightcase.com\/th\/shop\/"},{"@type":"ListItem","position":3,"name":"LED Screen Cabinet"}]},{"@type":"WebSite","@id":"https:\/\/sxflightcase.com\/th\/#website","url":"https:\/\/sxflightcase.com\/th\/","name":"es.sxpowercase.com","description":"F\u00e1brica de flightcases","publisher":{"@id":"https:\/\/sxflightcase.com\/th\/#organization"},"potentialAction":[{"@type":"SearchAction","target":{"@type":"EntryPoint","urlTemplate":"https:\/\/sxflightcase.com\/th\/?s={search_term_string}"},"query-input":{"@type":"PropertyValueSpecification","valueRequired":true,"valueName":"search_term_string"}}],"inLanguage":"es"},{"@type":"Organization","@id":"https:\/\/sxflightcase.com\/th\/#organization","name":"es.sxpowercase.com","url":"https:\/\/sxflightcase.com\/th\/","logo":{"@type":"ImageObject","inLanguage":"es","@id":"https:\/\/sxflightcase.com\/th\/#\/schema\/logo\/image\/","url":"https:\/\/sxflightcase.com\/wp-content\/uploads\/2024\/04\/1713919036007.jpg","contentUrl":"https:\/\/sxflightcase.com\/wp-content\/uploads\/2024\/04\/1713919036007.jpg","width":382,"height":388,"caption":"sxpowercase.com"},"image":{"@id":"https:\/\/sxflightcase.com\/th\/#\/schema\/logo\/image\/"},"sameAs":["https:\/\/www.facebook.com\/profile.php?id=61560407257971"],"numberOfEmployees":{"@type":"QuantitativeValue","minValue":"11","maxValue":"50"}}]}},"_links":{"self":[{"href":"https:\/\/sxflightcase.com\/es\/wp-json\/wp\/v2\/product\/1756","targetHints":{"allow":["GET"]}}],"collection":[{"href":"https:\/\/sxflightcase.com\/es\/wp-json\/wp\/v2\/product"}],"about":[{"href":"https:\/\/sxflightcase.com\/es\/wp-json\/wp\/v2\/types\/product"}],"replies":[{"embeddable":true,"href":"https:\/\/sxflightcase.com\/es\/wp-json\/wp\/v2\/comments?post=1756"}],"version-history":[{"count":0,"href":"https:\/\/sxflightcase.com\/es\/wp-json\/wp\/v2\/product\/1756\/revisions"}],"wp:featuredmedia":[{"embeddable":true,"href":"https:\/\/sxflightcase.com\/es\/wp-json\/wp\/v2\/media\/1757"}],"wp:attachment":[{"href":"https:\/\/sxflightcase.com\/es\/wp-json\/wp\/v2\/media?parent=1756"}],"wp:term":[{"taxonomy":"product_brand","embeddable":true,"href":"https:\/\/sxflightcase.com\/es\/wp-json\/wp\/v2\/product_brand?post=1756"},{"taxonomy":"product_cat","embeddable":true,"href":"https:\/\/sxflightcase.com\/es\/wp-json\/wp\/v2\/product_cat?post=1756"},{"taxonomy":"product_tag","embeddable":true,"href":"https:\/\/sxflightcase.com\/es\/wp-json\/wp\/v2\/product_tag?post=1756"}],"curies":[{"name":"wp","href":"https:\/\/api.w.org\/{rel}","templated":true}]}}