{"id":1764,"date":"2024-05-10T07:19:39","date_gmt":"2024-05-10T06:19:39","guid":{"rendered":"https:\/\/sxpowercase.com\/?post_type=product&#038;p=1764"},"modified":"2024-06-21T02:29:53","modified_gmt":"2024-06-21T01:29:53","slug":"cable-packer","status":"publish","type":"product","link":"https:\/\/sxflightcase.com\/es\/producto\/empaquetador-de-cables-2\/","title":{"rendered":"Empaquetador de cables"},"content":{"rendered":"<h3><strong>Par\u00e1metros del producto (especificaci\u00f3n)<\/strong><\/h3>\n<section class=\"table-wrap\">\n<table class=\"table\" width=\"100%\" cellspacing=\"0\" cellpadding=\"0\">\n<tbody>\n<tr class=\"firstRow\">\n<td width=\"148\">Nombre del producto:<\/td>\n<td width=\"569\">Empaquetador de cables<\/td>\n<\/tr>\n<tr>\n<td width=\"148\">Dimensi\u00f3n:<\/td>\n<td width=\"569\">Siempre hacemos 1000x500x500mm, 1200x600x600mm o personalizados<\/td>\n<\/tr>\n<tr>\n<td width=\"148\">Color:<\/td>\n<td width=\"569\">negro \/rojo \/azul etc o cualquier color que desee<\/td>\n<\/tr>\n<tr>\n<td width=\"148\">Materiales :<\/td>\n<td width=\"569\">Aluminio + MADERA PLANA + panel ABS+hardware+espuma<\/td>\n<\/tr>\n<tr>\n<td width=\"148\">Condiciones comerciales:<\/td>\n<td width=\"569\">Ex-work \/ FOB \/ CIF \/ DDU<\/td>\n<\/tr>\n<tr>\n<td width=\"148\">Plazo de pago:<\/td>\n<td width=\"569\">T\/T 30% dep\u00f3sito y 70% antes del env\u00edo, Western Union etc.<\/td>\n<\/tr>\n<tr>\n<td width=\"148\">Caracter\u00edstica:<\/td>\n<td width=\"569\">1) Dise\u00f1o elegante, duradero y econ\u00f3mico<br \/>\n2) Artesan\u00eda fina y dise\u00f1o especial<br \/>\n3) Cualquier dise\u00f1o, logotipo puede ser impreso o bordado<br \/>\n4) Se aceptan tama\u00f1os, logotipos y dise\u00f1os personalizados.<\/td>\n<\/tr>\n<tr>\n<td width=\"148\">otros:<\/td>\n<td width=\"569\">Ofrecemos un servicio integral de dise\u00f1o, producci\u00f3n y envasado.<br \/>\nCalidad superior, precio de fabricaci\u00f3n y buen servicio<br \/>\nSe ofrece OEM &amp;LOGO<\/td>\n<\/tr>\n<\/tbody>\n<\/table>\n<\/section>\n<p><strong>Embalaje y env\u00edo<\/strong><\/p>\n<section class=\"table-wrap\">\n<table class=\"table\" width=\"100%\" cellspacing=\"0\" cellpadding=\"0\">\n<tbody>\n<tr class=\"firstRow\">\n<td colspan=\"3\" width=\"100%\">Embalaje y env\u00edo<\/td>\n<\/tr>\n<tr>\n<td rowspan=\"3\" width=\"33%\">Plazo de entrega<\/td>\n<td width=\"33%\">Por mar<\/td>\n<td width=\"33%\">15-60 d\u00edas<\/td>\n<\/tr>\n<tr>\n<td width=\"33%\">En avi\u00f3n<\/td>\n<td width=\"33%\">4-9 d\u00edas<\/td>\n<\/tr>\n<tr>\n<td width=\"33%\">Por expreso<\/td>\n<td width=\"33%\">4-9 d\u00edas<\/td>\n<\/tr>\n<tr>\n<td width=\"33%\">Plazo de entrega<\/td>\n<td colspan=\"2\" width=\"66%\">7-15 horas de trabajo o seg\u00fan sus necesidades<\/td>\n<\/tr>\n<tr>\n<td width=\"33%\">Embalaje<\/td>\n<td colspan=\"2\" width=\"66%\">Por caja o seg\u00fan sus necesidades<\/td>\n<\/tr>\n<\/tbody>\n<\/table>\n<\/section>\n<h1>Mantenga sus cables organizados con SX Cable Packer<\/h1>\n<h2>La soluci\u00f3n definitiva para la gesti\u00f3n de cables<\/h2>\n<p>Los cables enredados son cosa del pasado con el <strong>Empaquetador de cables<\/strong> por <a href=\"https:\/\/sxpowercase.com\/\" target=\"_blank\" rel=\"noopener\" title=\"SX\" data-wpil-monitor-id=\"121\">SX<\/a>. Dise\u00f1ado para profesionales y entusiastas de la tecnolog\u00eda, este innovador producto mantiene sus cables ordenados, evitando da\u00f1os y ahorr\u00e1ndole tiempo.<\/p>\n<h2>A la medida de sus necesidades<\/h2>\n<h3>Dise\u00f1o vers\u00e1til<\/h3>\n<p>SX ofrece la <strong>Empaquetador de cables<\/strong> en varios tama\u00f1os y configuraciones para acomodar diferentes tipos de cables. Tanto si necesita almacenar <a href=\"https:\/\/sxpowercase.com\/product-category\/all-product\/power-cables\/\" target=\"_blank\" rel=\"noopener\" title=\"cables de alimentaci\u00f3n\" data-wpil-monitor-id=\"261\">cables de alimentaci\u00f3n<\/a>cables de audio o de datos, nuestras opciones personalizables le garantizan el ajuste perfecto.<\/p>\n<h2>Directamente del fabricante<\/h2>\n<h3>Venta directa de f\u00e1brica<\/h3>\n<p>Al comprar directamente a SX, se beneficia de las ventas directas de f\u00e1brica, lo que le garantiza que recibir\u00e1 productos de alta calidad a precios competitivos. Nuestro compromiso con la excelencia se traduce en un empaquetador de cables fiable que resiste el uso diario.<\/p>\n<h2>Dise\u00f1ado para durar<\/h2>\n<h3>Robusto y fiable<\/h3>\n<p>Fabricado con materiales duraderos, el <strong>Empaquetador de cables<\/strong> est\u00e1 hecho para durar. Protege tus cables del desgaste, por lo que es una herramienta esencial para cualquiera que transporte o utilice cables con frecuencia.<\/p>\n<h2>Mejore su espacio de trabajo<\/h2>\n<h3>Organizaci\u00f3n profesional<\/h3>\n<p>Un espacio de trabajo bien organizado aumenta la productividad. Con el SX <strong>Empaquetador de cables<\/strong>Si es usted un profesional, podr\u00e1 mantener una organizaci\u00f3n ordenada y eficiente, impresionando a clientes y colegas por igual con su atenci\u00f3n al detalle y su profesionalidad.<\/p>\n<hr \/>\n<p>Di adi\u00f3s al desorden de cables y hola a la organizaci\u00f3n racionalizada con el SX <strong>Empaquetador de cables<\/strong>. P\u00f3ngase en contacto con nosotros hoy mismo para obtener m\u00e1s informaci\u00f3n sobre nuestras opciones personalizables y realizar su pedido directamente al fabricante.<\/p>\n<p><strong>Preguntas frecuentes<\/strong><\/p>\n<p>P: \u00bfC\u00f3mo puedo obtener una muestra?<\/p>\n<p>A: Generalmente nuestra muestra ser\u00e1 cargada. pero reembolsaremos Cuando usted ordena, la muestra ser\u00e1 entregada por expreso, tal como DHL, TNT, FEDEX, EMS etc.<\/p>\n<p>P: \u00bfHacen casos a medida?<\/p>\n<p>R: S\u00ed. Con unos 10 a\u00f1os de experiencia en OEM\/ODM, podemos ayudarle a dise\u00f1ar<\/p>\n<p>el caso seg\u00fan sus necesidades con nuestros conocimientos profesionales.<\/p>\n<p>P: \u00bfQu\u00e9 formas de pago pueden aceptar?<\/p>\n<p>R: T\/T, Western Union, etc. Aceptamos cualquier t\u00e9rmino conveniente y r\u00e1pido del pago.<\/p>\n<p>Etiquetas calientes: precio bajo, en stock, muestra gratis, cable de alimentaci\u00f3n y se\u00f1al, cable de 4 conductores de calibre 16, estuche para soporte de micr\u00f3fono, gabinete de exhibici\u00f3n LED para exteriores, montaje en rack, estuches de vuelo para mezcladores de montaje en rack de 19 \u201d, caja de distribuci\u00f3n el\u00e9ctrica, China, proveedores, f\u00e1brica, personalizado, venta al por mayor, <span style=\"color: #993366;\"><a style=\"color: #993366;\" href=\"https:\/\/sxflightcase.com\/es\/product-category\/all-product\/power-distribution-boxes\/\">cajas de poder<\/a>,\u00a0<a style=\"color: #993366;\" href=\"https:\/\/sxflightcase.com\/es\/product-category\/all-product\/hoist-controllers\/\">cables de alimentaci\u00f3n<\/a>,\u00a0<a style=\"color: #993366;\" href=\"https:\/\/sxflightcase.com\/es\/product-category\/all-product\/hoist-controllers\/\">controladores de polipasto<\/a>,\u00a0<a style=\"color: #993366;\" href=\"https:\/\/sxflightcase.com\/es\/product-category\/all-product\/flight-case\/\">Estuches de vuelo.<\/a><\/span><\/p>","protected":false},"excerpt":{"rendered":"<h2 class=\"prodetails-name\">Empaquetador de cables<\/h2>\n<p>Este empaquetador de cables es perfecto para cables y equipos importantes que necesitan una protecci\u00f3n de calidad y un transporte suave sin esfuerzo. Las ruedas de goma de alta resistencia le permitir\u00e1n moverse sin preocuparse por la integridad de su equipo gracias a sus caracter\u00edsticas de durabilidad, como las esquinas de bola de alta resistencia y los cierres de mariposa. Esta maleta flexible puede contener todo tipo de equipos o accesorios sin quebrarse la cabeza ni la espalda.<\/p>\n<h2><strong>Introducci\u00f3n a la producci\u00f3n<\/strong><\/h2>\n<p>\u25cf Construcci\u00f3n resistente, 3 divisiones ajustables y una bandeja extra\u00edble.<\/p>\n<p>\u25cf Pestillos y asas empotrados<\/p>\n<p>\u25cf Tapa abatible, ruedas de goma (2 con freno)<\/p>\n<p>\u25cf Peso del art\u00edculo 30 Kg<\/p>\n<p>\u25cf Dise\u00f1o moderno de varios estilos.<\/p>\n<p>\u25cf Borde totalmente de aluminio, cierre de anilla met\u00e1lica, tejido avanzado, mamparo compuesto y esponja libre.<\/p>\n<p>\u25cf Asa c\u00f3moda, flexible y f\u00e1cil de llevar.<\/p>","protected":false},"featured_media":1765,"comment_status":"open","ping_status":"closed","template":"","meta":[],"product_brand":[],"product_cat":[36],"product_tag":[],"class_list":{"0":"post-1764","1":"product","2":"type-product","3":"status-publish","4":"has-post-thumbnail","6":"product_cat-cables-cases","8":"first","9":"instock","10":"shipping-taxable","11":"product-type-simple"},"yoast_head":"<!-- This site is optimized with the Yoast SEO Premium plugin v27.1 (Yoast SEO v27.2) - https:\/\/yoast.com\/product\/yoast-seo-premium-wordpress\/ -->\n<title>Cable Packer - https:\/\/sxflightcase.com \ud83d\udc97<\/title>\n<meta name=\"description\" content=\"Cable Packer: Discover our factory-direct options for professional customization, perfect for organizing and managing cables efficiently.\" \/>\n<meta name=\"robots\" content=\"index, follow, max-snippet:-1, max-image-preview:large, max-video-preview:-1\" \/>\n<link rel=\"canonical\" href=\"https:\/\/sxflightcase.com\/es\/producto\/empaquetador-de-cables-2\/\" \/>\n<meta property=\"og:locale\" content=\"es_MX\" \/>\n<meta property=\"og:type\" content=\"article\" \/>\n<meta property=\"og:title\" content=\"Cable Packer\" \/>\n<meta property=\"og:description\" content=\"Cable Packer: Discover our factory-direct options for professional customization, perfect for organizing and managing cables efficiently.\" \/>\n<meta property=\"og:url\" content=\"https:\/\/sxflightcase.com\/es\/producto\/empaquetador-de-cables-2\/\" \/>\n<meta property=\"og:site_name\" content=\"https:\/\/sxflightcase.com\" \/>\n<meta property=\"article:publisher\" content=\"https:\/\/www.facebook.com\/profile.php?id=61560407257971\" \/>\n<meta property=\"article:modified_time\" content=\"2024-06-21T01:29:53+00:00\" \/>\n<meta property=\"og:image\" content=\"https:\/\/sxflightcase.com\/wp-content\/uploads\/2024\/05\/cable-packer49022167594.webp\" \/>\n\t<meta property=\"og:image:width\" content=\"750\" \/>\n\t<meta property=\"og:image:height\" content=\"750\" \/>\n\t<meta property=\"og:image:type\" content=\"image\/webp\" \/>\n<meta name=\"twitter:card\" content=\"summary_large_image\" \/>\n<meta name=\"twitter:label1\" content=\"Tiempo de lectura\" \/>\n\t<meta name=\"twitter:data1\" content=\"3 minutos\" \/>\n<script type=\"application\/ld+json\" class=\"yoast-schema-graph\">{\"@context\":\"https:\/\/schema.org\",\"@graph\":[{\"@type\":\"WebPage\",\"@id\":\"https:\/\/sxflightcase.com\/product\/cable-packer\/\",\"url\":\"https:\/\/sxflightcase.com\/product\/cable-packer\/\",\"name\":\"Cable Packer - https:\/\/sxflightcase.com \ud83d\udc97\",\"isPartOf\":{\"@id\":\"https:\/\/sxflightcase.com\/th\/#website\"},\"primaryImageOfPage\":{\"@id\":\"https:\/\/sxflightcase.com\/product\/cable-packer\/#primaryimage\"},\"image\":{\"@id\":\"https:\/\/sxflightcase.com\/product\/cable-packer\/#primaryimage\"},\"thumbnailUrl\":\"https:\/\/sxflightcase.com\/wp-content\/uploads\/2024\/05\/cable-packer49022167594.webp\",\"datePublished\":\"2024-05-10T06:19:39+00:00\",\"dateModified\":\"2024-06-21T01:29:53+00:00\",\"description\":\"Cable Packer: Discover our factory-direct options for professional customization, perfect for organizing and managing cables efficiently.\",\"breadcrumb\":{\"@id\":\"https:\/\/sxflightcase.com\/product\/cable-packer\/#breadcrumb\"},\"inLanguage\":\"es\",\"potentialAction\":[{\"@type\":\"ReadAction\",\"target\":[\"https:\/\/sxflightcase.com\/product\/cable-packer\/\"]}]},{\"@type\":\"ImageObject\",\"inLanguage\":\"es\",\"@id\":\"https:\/\/sxflightcase.com\/product\/cable-packer\/#primaryimage\",\"url\":\"https:\/\/sxflightcase.com\/wp-content\/uploads\/2024\/05\/cable-packer49022167594.webp\",\"contentUrl\":\"https:\/\/sxflightcase.com\/wp-content\/uploads\/2024\/05\/cable-packer49022167594.webp\",\"width\":750,\"height\":750,\"caption\":\"Cable Packer\"},{\"@type\":\"BreadcrumbList\",\"@id\":\"https:\/\/sxflightcase.com\/product\/cable-packer\/#breadcrumb\",\"itemListElement\":[{\"@type\":\"ListItem\",\"position\":1,\"name\":\"Home\",\"item\":\"https:\/\/sxflightcase.com\/\"},{\"@type\":\"ListItem\",\"position\":2,\"name\":\"\u0e2a\u0e34\u0e19\u0e04\u0e49\u0e32\",\"item\":\"https:\/\/sxflightcase.com\/th\/shop\/\"},{\"@type\":\"ListItem\",\"position\":3,\"name\":\"Cable Packer\"}]},{\"@type\":\"WebSite\",\"@id\":\"https:\/\/sxflightcase.com\/th\/#website\",\"url\":\"https:\/\/sxflightcase.com\/th\/\",\"name\":\"sxpowercase.com\",\"description\":\"Flight Case Factory\",\"publisher\":{\"@id\":\"https:\/\/sxflightcase.com\/th\/#organization\"},\"potentialAction\":[{\"@type\":\"SearchAction\",\"target\":{\"@type\":\"EntryPoint\",\"urlTemplate\":\"https:\/\/sxflightcase.com\/th\/?s={search_term_string}\"},\"query-input\":{\"@type\":\"PropertyValueSpecification\",\"valueRequired\":true,\"valueName\":\"search_term_string\"}}],\"inLanguage\":\"es\"},{\"@type\":\"Organization\",\"@id\":\"https:\/\/sxflightcase.com\/th\/#organization\",\"name\":\"sxpowercase.com\",\"url\":\"https:\/\/sxflightcase.com\/th\/\",\"logo\":{\"@type\":\"ImageObject\",\"inLanguage\":\"es\",\"@id\":\"https:\/\/sxflightcase.com\/th\/#\/schema\/logo\/image\/\",\"url\":\"https:\/\/sxflightcase.com\/wp-content\/uploads\/2024\/04\/1713919036007.jpg\",\"contentUrl\":\"https:\/\/sxflightcase.com\/wp-content\/uploads\/2024\/04\/1713919036007.jpg\",\"width\":382,\"height\":388,\"caption\":\"sxpowercase.com\"},\"image\":{\"@id\":\"https:\/\/sxflightcase.com\/th\/#\/schema\/logo\/image\/\"},\"sameAs\":[\"https:\/\/www.facebook.com\/profile.php?id=61560407257971\"],\"numberOfEmployees\":{\"@type\":\"QuantitativeValue\",\"minValue\":\"11\",\"maxValue\":\"50\"}}]}<\/script>\n<!-- \/ Yoast SEO Premium plugin. -->","yoast_head_json":{"title":"Cable Packer - https:\/\/sxflightcase.com \ud83d\udc97","description":"Empaquetador de cables: Descubra nuestras opciones de personalizaci\u00f3n profesional directas de f\u00e1brica, perfectas para organizar y gestionar los cables de forma eficaz.","robots":{"index":"index","follow":"follow","max-snippet":"max-snippet:-1","max-image-preview":"max-image-preview:large","max-video-preview":"max-video-preview:-1"},"canonical":"https:\/\/sxflightcase.com\/es\/producto\/empaquetador-de-cables-2\/","og_locale":"es_MX","og_type":"article","og_title":"Cable Packer","og_description":"Cable Packer: Discover our factory-direct options for professional customization, perfect for organizing and managing cables efficiently.","og_url":"https:\/\/sxflightcase.com\/es\/producto\/empaquetador-de-cables-2\/","og_site_name":"https:\/\/sxflightcase.com","article_publisher":"https:\/\/www.facebook.com\/profile.php?id=61560407257971","article_modified_time":"2024-06-21T01:29:53+00:00","og_image":[{"width":750,"height":750,"url":"https:\/\/sxflightcase.com\/wp-content\/uploads\/2024\/05\/cable-packer49022167594.webp","type":"image\/webp"}],"twitter_card":"summary_large_image","twitter_misc":{"Tiempo de lectura":"3 minutos"},"schema":{"@context":"https:\/\/schema.org","@graph":[{"@type":"WebPage","@id":"https:\/\/sxflightcase.com\/product\/cable-packer\/","url":"https:\/\/sxflightcase.com\/product\/cable-packer\/","name":"Cable Packer - https:\/\/sxflightcase.com \ud83d\udc97","isPartOf":{"@id":"https:\/\/sxflightcase.com\/th\/#website"},"primaryImageOfPage":{"@id":"https:\/\/sxflightcase.com\/product\/cable-packer\/#primaryimage"},"image":{"@id":"https:\/\/sxflightcase.com\/product\/cable-packer\/#primaryimage"},"thumbnailUrl":"https:\/\/sxflightcase.com\/wp-content\/uploads\/2024\/05\/cable-packer49022167594.webp","datePublished":"2024-05-10T06:19:39+00:00","dateModified":"2024-06-21T01:29:53+00:00","description":"Empaquetador de cables: Descubra nuestras opciones de personalizaci\u00f3n profesional directas de f\u00e1brica, perfectas para organizar y gestionar los cables de forma eficaz.","breadcrumb":{"@id":"https:\/\/sxflightcase.com\/product\/cable-packer\/#breadcrumb"},"inLanguage":"es","potentialAction":[{"@type":"ReadAction","target":["https:\/\/sxflightcase.com\/product\/cable-packer\/"]}]},{"@type":"ImageObject","inLanguage":"es","@id":"https:\/\/sxflightcase.com\/product\/cable-packer\/#primaryimage","url":"https:\/\/sxflightcase.com\/wp-content\/uploads\/2024\/05\/cable-packer49022167594.webp","contentUrl":"https:\/\/sxflightcase.com\/wp-content\/uploads\/2024\/05\/cable-packer49022167594.webp","width":750,"height":750,"caption":"Cable Packer"},{"@type":"BreadcrumbList","@id":"https:\/\/sxflightcase.com\/product\/cable-packer\/#breadcrumb","itemListElement":[{"@type":"ListItem","position":1,"name":"Home","item":"https:\/\/sxflightcase.com\/"},{"@type":"ListItem","position":2,"name":"\u0e2a\u0e34\u0e19\u0e04\u0e49\u0e32","item":"https:\/\/sxflightcase.com\/th\/shop\/"},{"@type":"ListItem","position":3,"name":"Cable Packer"}]},{"@type":"WebSite","@id":"https:\/\/sxflightcase.com\/th\/#website","url":"https:\/\/sxflightcase.com\/th\/","name":"es.sxpowercase.com","description":"F\u00e1brica de flightcases","publisher":{"@id":"https:\/\/sxflightcase.com\/th\/#organization"},"potentialAction":[{"@type":"SearchAction","target":{"@type":"EntryPoint","urlTemplate":"https:\/\/sxflightcase.com\/th\/?s={search_term_string}"},"query-input":{"@type":"PropertyValueSpecification","valueRequired":true,"valueName":"search_term_string"}}],"inLanguage":"es"},{"@type":"Organization","@id":"https:\/\/sxflightcase.com\/th\/#organization","name":"es.sxpowercase.com","url":"https:\/\/sxflightcase.com\/th\/","logo":{"@type":"ImageObject","inLanguage":"es","@id":"https:\/\/sxflightcase.com\/th\/#\/schema\/logo\/image\/","url":"https:\/\/sxflightcase.com\/wp-content\/uploads\/2024\/04\/1713919036007.jpg","contentUrl":"https:\/\/sxflightcase.com\/wp-content\/uploads\/2024\/04\/1713919036007.jpg","width":382,"height":388,"caption":"sxpowercase.com"},"image":{"@id":"https:\/\/sxflightcase.com\/th\/#\/schema\/logo\/image\/"},"sameAs":["https:\/\/www.facebook.com\/profile.php?id=61560407257971"],"numberOfEmployees":{"@type":"QuantitativeValue","minValue":"11","maxValue":"50"}}]}},"_links":{"self":[{"href":"https:\/\/sxflightcase.com\/es\/wp-json\/wp\/v2\/product\/1764","targetHints":{"allow":["GET"]}}],"collection":[{"href":"https:\/\/sxflightcase.com\/es\/wp-json\/wp\/v2\/product"}],"about":[{"href":"https:\/\/sxflightcase.com\/es\/wp-json\/wp\/v2\/types\/product"}],"replies":[{"embeddable":true,"href":"https:\/\/sxflightcase.com\/es\/wp-json\/wp\/v2\/comments?post=1764"}],"version-history":[{"count":0,"href":"https:\/\/sxflightcase.com\/es\/wp-json\/wp\/v2\/product\/1764\/revisions"}],"wp:featuredmedia":[{"embeddable":true,"href":"https:\/\/sxflightcase.com\/es\/wp-json\/wp\/v2\/media\/1765"}],"wp:attachment":[{"href":"https:\/\/sxflightcase.com\/es\/wp-json\/wp\/v2\/media?parent=1764"}],"wp:term":[{"taxonomy":"product_brand","embeddable":true,"href":"https:\/\/sxflightcase.com\/es\/wp-json\/wp\/v2\/product_brand?post=1764"},{"taxonomy":"product_cat","embeddable":true,"href":"https:\/\/sxflightcase.com\/es\/wp-json\/wp\/v2\/product_cat?post=1764"},{"taxonomy":"product_tag","embeddable":true,"href":"https:\/\/sxflightcase.com\/es\/wp-json\/wp\/v2\/product_tag?post=1764"}],"curies":[{"name":"wp","href":"https:\/\/api.w.org\/{rel}","templated":true}]}}