{"id":1774,"date":"2024-05-10T07:28:50","date_gmt":"2024-05-10T06:28:50","guid":{"rendered":"https:\/\/sxpowercase.com\/?post_type=product&#038;p=1774"},"modified":"2024-06-20T03:28:08","modified_gmt":"2024-06-20T02:28:08","slug":"cable-case","status":"publish","type":"product","link":"https:\/\/sxflightcase.com\/es\/producto\/caja-de-cables\/","title":{"rendered":"Fabricaci\u00f3n de cajas de cables"},"content":{"rendered":"<h3><strong>Par\u00e1metros del producto (especificaci\u00f3n)<\/strong><\/h3>\n<section class=\"table-wrap\">\n<table class=\"table\" width=\"100%\" cellspacing=\"0\" cellpadding=\"0\">\n<tbody>\n<tr class=\"firstRow\">\n<td width=\"147\">Nombre del producto:<\/td>\n<td width=\"566\">Caja de cables<\/td>\n<\/tr>\n<tr>\n<td width=\"147\">Dimensi\u00f3n:<\/td>\n<td width=\"566\">Siempre hacemos 1000x500x500mm, 1200x600x600mm o personalizados<\/td>\n<\/tr>\n<tr>\n<td width=\"147\">Color:<\/td>\n<td width=\"566\">negro \/rojo \/azul etc o cualquier color que desee<\/td>\n<\/tr>\n<tr>\n<td width=\"147\">Materiales :<\/td>\n<td width=\"566\">Aluminio + MADERA PLANA + panel ABS+hardware+espuma<\/td>\n<\/tr>\n<tr>\n<td width=\"147\">Logotipo :<\/td>\n<td width=\"566\">Disponible para logotipo serigrafiado \/ logotipo en relieve \/ logotipo l\u00e1ser<\/td>\n<\/tr>\n<tr>\n<td width=\"147\">MOQ:<\/td>\n<td width=\"566\">10 unidades<\/td>\n<\/tr>\n<tr>\n<td width=\"147\">Tiempo de muestreo :<\/td>\n<td width=\"566\">5-7 d\u00edas<\/td>\n<\/tr>\n<tr>\n<td width=\"147\">Tiempo de producci\u00f3n :<\/td>\n<td width=\"566\">4 semanas tras la confirmaci\u00f3n del pedido<\/td>\n<\/tr>\n<tr>\n<td width=\"147\">Puerto de embarque:<\/td>\n<td width=\"566\">Shenzhen, Guangzhou, Hong Kong<\/td>\n<\/tr>\n<tr>\n<td width=\"147\">Condiciones comerciales:<\/td>\n<td width=\"566\">Ex-work \/ FOB \/ CIF \/ DDU<\/td>\n<\/tr>\n<tr>\n<td width=\"147\">Plazo de pago:<\/td>\n<td width=\"566\">T\/T 30% dep\u00f3sito y 70% antes del env\u00edo, Western Union etc.<\/td>\n<\/tr>\n<tr>\n<td width=\"147\">Caracter\u00edstica:<\/td>\n<td width=\"566\">1) Dise\u00f1o elegante, duradero y econ\u00f3mico<br \/>\n2) Artesan\u00eda fina y dise\u00f1o especial<br \/>\n3) Cualquier dise\u00f1o, logotipo puede ser impreso o bordado<br \/>\n4) Se aceptan tama\u00f1os, logotipos y dise\u00f1os personalizados.<\/td>\n<\/tr>\n<tr>\n<td width=\"147\">otros:<\/td>\n<td width=\"566\">Ofrecemos un servicio integral de dise\u00f1o, producci\u00f3n y envasado.<br \/>\nCalidad superior, precio de fabricaci\u00f3n y buen servicio<br \/>\nSe ofrece OEM &amp;LOGO<\/td>\n<\/tr>\n<\/tbody>\n<\/table>\n<\/section>\n<h1>L\u00edder en la fabricaci\u00f3n de cajas de cables con SX<\/h1>\n<h2>Calidad y dise\u00f1o superiores<\/h2>\n<p>En <a href=\"https:\/\/sxpowercase.com\/\" target=\"_blank\" rel=\"noopener\" title=\"SX\" data-wpil-monitor-id=\"123\">SX<\/a>Estamos especializados en la fabricaci\u00f3n de cajas para cables y ofrecemos soluciones de almacenamiento de primera categor\u00eda para todas sus necesidades de gesti\u00f3n de cables. Nuestras cajas est\u00e1n fabricadas con materiales de alta calidad, lo que garantiza su durabilidad y rendimiento a largo plazo. SX combina una calidad superior con un dise\u00f1o innovador, lo que convierte a nuestras fundas para cables en la mejor opci\u00f3n tanto para profesionales como para usuarios cotidianos.<\/p>\n<h2>Soluciones personalizadas para cada necesidad<\/h2>\n<h3>A la medida de sus especificaciones<\/h3>\n<p>SX entiende que cada cliente tiene unos requisitos \u00fanicos. Por eso ofrecemos servicios personalizados en nuestro proceso de fabricaci\u00f3n de cajas para cables. Tanto si necesita dimensiones espec\u00edficas, compartimentos adicionales o una marca personalizada, SX puede adaptar nuestros productos para satisfacer sus necesidades exactas. Mejore su negocio con nuestras soluciones a medida, dise\u00f1adas para que la gesti\u00f3n de cables sea m\u00e1s eficiente y eficaz.<\/p>\n<h3>Aspecto profesional<\/h3>\n<p>Un espacio de trabajo despejado tiene un aspecto m\u00e1s profesional y puede impresionar a clientes y compa\u00f1eros. El elegante dise\u00f1o de las cajas para cables SX a\u00f1ade un toque de profesionalidad a su configuraci\u00f3n, ayud\u00e1ndole a causar una gran impresi\u00f3n. Elija SX para obtener una funda para cables que combine funcionalidad y estilo.<\/p>\n<h2>Venta directa de f\u00e1brica a un precio inmejorable<\/h2>\n<h3>Precios competitivos<\/h3>\n<p>Al vender directamente desde nuestra f\u00e1brica, SX elimina al intermediario, lo que nos permite ofrecer nuestras fundas para cables a precios inmejorables. Disfrute de productos de alta calidad sin un precio elevado. Nuestro modelo de venta directa de f\u00e1brica le garantiza la mejor relaci\u00f3n calidad-precio, lo que convierte a SX en la elecci\u00f3n inteligente para sus necesidades de organizaci\u00f3n de cables.<\/p>\n<h3>Impulse su negocio<\/h3>\n<p>Invertir en fundas para cables de calidad de SX puede mejorar significativamente las operaciones de su empresa. Al mantener sus cables organizados y f\u00e1cilmente accesibles, puede aumentar la eficiencia y la productividad. Nuestros estuches duraderos y personalizables garantizan que sus cables est\u00e9n protegidos y listos para su uso en todo momento.<\/p>\n<h2>Servicio eficaz y fiable<\/h2>\n<h3>Entrega r\u00e1pida<\/h3>\n<p>SX se compromete a ofrecer un servicio eficaz y fiable. Desde el momento en que realiza su pedido, nuestro equipo trabaja con diligencia para garantizar una producci\u00f3n r\u00e1pida y una entrega \u00e1gil. Puede confiar en que SX le entregar\u00e1 sus fundas para cables personalizadas con prontitud, para que pueda empezar a beneficiarse de inmediato de nuestras soluciones de almacenamiento de alta calidad.<\/p>\n<h3>Clientes satisfechos<\/h3>\n<p>Nuestra dedicaci\u00f3n a la calidad y la satisfacci\u00f3n del cliente nos ha granjeado una clientela fiel. \"Las fundas para cables SX cambian las reglas del juego\", afirma James, un empresario tecnol\u00f3gico. \"Las caracter\u00edsticas personalizadas y la durabilidad las hacen perfectas para las necesidades de mi negocio\", a\u00f1ade Sarah, una profesional de TI. \u00danase a los muchos clientes satisfechos que conf\u00edan en SX para la fabricaci\u00f3n de sus fundas para cables.<\/p>\n<h2>Compromiso con la excelencia<\/h2>\n<h3>Dise\u00f1o innovador<\/h3>\n<p>SX siempre est\u00e1 a la vanguardia de la innovaci\u00f3n. Nuestros dise\u00f1os de fundas para cables incorporan las \u00faltimas tendencias y tecnolog\u00edas para garantizar una funcionalidad y un estilo \u00f3ptimos. Cuando elige SX, est\u00e1 invirtiendo en un producto que refleja lo mejor del dise\u00f1o y la ingenier\u00eda modernos.<\/p>\n<h3>Seguro de calidad<\/h3>\n<p>Todas las cajas de cables que salen de nuestra f\u00e1brica se someten a rigurosos controles de calidad para garantizar que cumplen nuestros elevados est\u00e1ndares. En SX, la garant\u00eda de calidad es una prioridad absoluta, y nos esforzamos por ofrecer productos que superen sus expectativas.<\/p>\n<h2>Pida hoy mismo su funda personalizada para cables<\/h2>\n<p>No deje que los cables desorganizados interrumpan su flujo de trabajo. Pida hoy mismo su malet\u00edn para cables personalizado a SX y experimente las ventajas de una gesti\u00f3n de cables superior. P\u00f3ngase en contacto con nuestro equipo de ventas para hablar de sus necesidades y nosotros nos encargaremos del resto. Conf\u00ede en SX para todas sus necesidades de fabricaci\u00f3n de cajas para cables y disfrute de la tranquilidad de saber que sus cables est\u00e1n almacenados de forma segura y listos para su uso.<\/p>\n<p>Elija SX y eleve sus soluciones de gesti\u00f3n de cables con nuestras cajas para cables personalizables de primera calidad.<\/p>\n<p><strong>Embalaje y env\u00edo<\/strong><\/p>\n<section class=\"table-wrap\">\n<table class=\"table\" width=\"100%\" cellspacing=\"0\" cellpadding=\"0\">\n<tbody>\n<tr class=\"firstRow\">\n<td colspan=\"3\" width=\"100%\">Embalaje y env\u00edo<\/td>\n<\/tr>\n<tr>\n<td rowspan=\"3\" width=\"33%\">Plazo de entrega<\/td>\n<td width=\"33%\">Por mar<\/td>\n<td width=\"33%\">15-60 d\u00edas<\/td>\n<\/tr>\n<tr>\n<td width=\"33%\">En avi\u00f3n<\/td>\n<td width=\"33%\">4-9 d\u00edas<\/td>\n<\/tr>\n<tr>\n<td width=\"33%\">Por expreso<\/td>\n<td width=\"33%\">4-9 d\u00edas<\/td>\n<\/tr>\n<tr>\n<td width=\"33%\">Plazo de entrega<\/td>\n<td colspan=\"2\" width=\"66%\">7-15 horas de trabajo o seg\u00fan sus necesidades<\/td>\n<\/tr>\n<tr>\n<td width=\"33%\">Embalaje<\/td>\n<td colspan=\"2\" width=\"66%\">Por caja o seg\u00fan sus necesidades<\/td>\n<\/tr>\n<\/tbody>\n<\/table>\n<\/section>\n<p><strong>Preguntas frecuentes<\/strong><\/p>\n<p>P: \u00bfCu\u00e1nto peso puede soportar?<\/p>\n<p>R: Hemos hecho pruebas con 200 kg. puede que se necesite m\u00e1s.<\/p>\n<p>P: \u00bfCu\u00e1les son las dimensiones?<\/p>\n<p>R: Podemos hacer diferentes dimensiones seg\u00fan las necesidades del cliente para sostener el equipo.<\/p>\n<p>P: \u00bfQu\u00e9 formas de pago pueden aceptar?<\/p>\n<p>R: T\/T, Western Union, etc. Aceptamos cualquier t\u00e9rmino conveniente y r\u00e1pido del pago.<\/p>\n<p>Etiquetas calientes: precio bajo, en stock, muestra gratis, cable de alimentaci\u00f3n y se\u00f1al, cable de 4 conductores de calibre 16, estuche para soporte de micr\u00f3fono, gabinete de exhibici\u00f3n LED para exteriores, montaje en rack, estuches de vuelo para mezcladores de montaje en rack de 19 \u201d, caja de distribuci\u00f3n el\u00e9ctrica, China, proveedores, f\u00e1brica, personalizado, venta al por mayor, <span style=\"color: #993366;\"><a style=\"color: #993366;\" href=\"https:\/\/sxflightcase.com\/es\/product-category\/all-product\/power-distribution-boxes\/\">cajas de poder<\/a>,\u00a0<a style=\"color: #993366;\" href=\"https:\/\/sxflightcase.com\/es\/product-category\/all-product\/hoist-controllers\/\">cables de alimentaci\u00f3n<\/a>,\u00a0<a style=\"color: #993366;\" href=\"https:\/\/sxflightcase.com\/es\/product-category\/all-product\/hoist-controllers\/\">controladores de polipasto<\/a>,\u00a0<a style=\"color: #993366;\" href=\"https:\/\/sxflightcase.com\/es\/product-category\/all-product\/flight-case\/\">Estuches de vuelo.<\/a><\/span><\/p>","protected":false},"excerpt":{"rendered":"<h2 class=\"prodetails-name\">Caja de cables<\/h2>\n<p>Este malet\u00edn para cables es perfecto para cables y equipos importantes que necesitan una protecci\u00f3n de calidad y un transporte suave sin esfuerzo. Las ruedas de goma de alta resistencia le permitir\u00e1n moverse sin preocuparse por la integridad de su equipo gracias a sus caracter\u00edsticas de durabilidad, como las esquinas esf\u00e9ricas de alta resistencia y los cierres de mariposa. Esta maleta flexible puede contener todo tipo de equipos o accesorios sin quebrarse la cabeza ni la espalda.<\/p>\n<h2><strong>Introducci\u00f3n a la producci\u00f3n<\/strong><\/h2>\n<p>- Tipo: Tapa abatible<\/p>\n<p>- Material: Contrachapado laminado negro de 12 mm<\/p>\n<p>- Dimensiones exteriores: anch. 1200 mm x prof. 600 mm x alt. 600 mm<\/p>\n<p>- Espuma: espuma EVA dura<\/p>\n<p>- Trabajo pesado <a class=\"wpil_keyword_link\" href=\"https:\/\/sxpowercase.com\/product-category\/all-product\/flight-case\/\" target=\"_blank\" rel=\"noopener\" title=\"Estuche de vuelo\" data-wpil-keyword-link=\"linked\" data-wpil-monitor-id=\"417\">Estuche de vuelo<\/a> accesorios<\/p>\n<p>- Ruedas: 4\u2033 ruedas de goma de 100 mm (x2 frenos)<\/p>","protected":false},"featured_media":1778,"comment_status":"open","ping_status":"closed","template":"","meta":[],"product_brand":[],"product_cat":[36],"product_tag":[],"class_list":{"0":"post-1774","1":"product","2":"type-product","3":"status-publish","4":"has-post-thumbnail","6":"product_cat-cables-cases","8":"first","9":"instock","10":"shipping-taxable","11":"product-type-simple"},"yoast_head":"<!-- This site is optimized with the Yoast SEO Premium plugin v27.1 (Yoast SEO v27.2) - https:\/\/yoast.com\/product\/yoast-seo-premium-wordpress\/ -->\n<title>Cable Case Manufacture Manufacture- https:\/\/sxflightcase.com<\/title>\n<meta name=\"description\" content=\"Cable Case Manufacture: Discover our factory-direct options for professional customization, perfect for organizing and managing cables efficiently.\" \/>\n<meta name=\"robots\" content=\"index, follow, max-snippet:-1, max-image-preview:large, max-video-preview:-1\" \/>\n<link rel=\"canonical\" href=\"https:\/\/sxflightcase.com\/es\/\u0645\u0646\u062a\u062c\/\u0639\u0644\u0628\u0629-\u0627\u0644\u0643\u0627\u0628\u0644\/\" \/>\n<meta property=\"og:locale\" content=\"es_MX\" \/>\n<meta property=\"og:type\" content=\"article\" \/>\n<meta property=\"og:title\" content=\"Cable Case Manufacture\" \/>\n<meta property=\"og:description\" content=\"Cable Case Manufacture: Discover our factory-direct options for professional customization, perfect for organizing and managing cables efficiently.\" \/>\n<meta property=\"og:url\" content=\"https:\/\/sxflightcase.com\/es\/\u0645\u0646\u062a\u062c\/\u0639\u0644\u0628\u0629-\u0627\u0644\u0643\u0627\u0628\u0644\/\" \/>\n<meta property=\"og:site_name\" content=\"https:\/\/sxflightcase.com\" \/>\n<meta property=\"article:publisher\" content=\"https:\/\/www.facebook.com\/profile.php?id=61560407257971\" \/>\n<meta property=\"article:modified_time\" content=\"2024-06-20T02:28:08+00:00\" \/>\n<meta property=\"og:image\" content=\"https:\/\/sxflightcase.com\/wp-content\/uploads\/2024\/05\/cable-case46234394331.webp\" \/>\n\t<meta property=\"og:image:width\" content=\"730\" \/>\n\t<meta property=\"og:image:height\" content=\"730\" \/>\n\t<meta property=\"og:image:type\" content=\"image\/webp\" \/>\n<meta name=\"twitter:card\" content=\"summary_large_image\" \/>\n<meta name=\"twitter:label1\" content=\"Tiempo de lectura\" \/>\n\t<meta name=\"twitter:data1\" content=\"5 minutos\" \/>\n<script type=\"application\/ld+json\" class=\"yoast-schema-graph\">{\"@context\":\"https:\/\/schema.org\",\"@graph\":[{\"@type\":\"WebPage\",\"@id\":\"https:\/\/sxflightcase.com\/ary\/\u0645\u0646\u062a\u062c\/\u0639\u0644\u0628\u0629-\u0627\u0644\u0643\u0627\u0628\u0644\/\",\"url\":\"https:\/\/sxflightcase.com\/ary\/\u0645\u0646\u062a\u062c\/\u0639\u0644\u0628\u0629-\u0627\u0644\u0643\u0627\u0628\u0644\/\",\"name\":\"Cable Case Manufacture Manufacture- https:\/\/sxflightcase.com\",\"isPartOf\":{\"@id\":\"https:\/\/sxflightcase.com\/th\/#website\"},\"primaryImageOfPage\":{\"@id\":\"https:\/\/sxflightcase.com\/ary\/\u0645\u0646\u062a\u062c\/\u0639\u0644\u0628\u0629-\u0627\u0644\u0643\u0627\u0628\u0644\/#primaryimage\"},\"image\":{\"@id\":\"https:\/\/sxflightcase.com\/ary\/\u0645\u0646\u062a\u062c\/\u0639\u0644\u0628\u0629-\u0627\u0644\u0643\u0627\u0628\u0644\/#primaryimage\"},\"thumbnailUrl\":\"https:\/\/sxflightcase.com\/wp-content\/uploads\/2024\/05\/cable-case46234394331.webp\",\"datePublished\":\"2024-05-10T06:28:50+00:00\",\"dateModified\":\"2024-06-20T02:28:08+00:00\",\"description\":\"Cable Case Manufacture: Discover our factory-direct options for professional customization, perfect for organizing and managing cables efficiently.\",\"breadcrumb\":{\"@id\":\"https:\/\/sxflightcase.com\/ary\/\u0645\u0646\u062a\u062c\/\u0639\u0644\u0628\u0629-\u0627\u0644\u0643\u0627\u0628\u0644\/#breadcrumb\"},\"inLanguage\":\"es\",\"potentialAction\":[{\"@type\":\"ReadAction\",\"target\":[\"https:\/\/sxflightcase.com\/ary\/\u0645\u0646\u062a\u062c\/\u0639\u0644\u0628\u0629-\u0627\u0644\u0643\u0627\u0628\u0644\/\"]}]},{\"@type\":\"ImageObject\",\"inLanguage\":\"es\",\"@id\":\"https:\/\/sxflightcase.com\/ary\/\u0645\u0646\u062a\u062c\/\u0639\u0644\u0628\u0629-\u0627\u0644\u0643\u0627\u0628\u0644\/#primaryimage\",\"url\":\"https:\/\/sxflightcase.com\/wp-content\/uploads\/2024\/05\/cable-case46234394331.webp\",\"contentUrl\":\"https:\/\/sxflightcase.com\/wp-content\/uploads\/2024\/05\/cable-case46234394331.webp\",\"width\":730,\"height\":730,\"caption\":\"Cable Case Manufacture\"},{\"@type\":\"BreadcrumbList\",\"@id\":\"https:\/\/sxflightcase.com\/ary\/\u0645\u0646\u062a\u062c\/\u0639\u0644\u0628\u0629-\u0627\u0644\u0643\u0627\u0628\u0644\/#breadcrumb\",\"itemListElement\":[{\"@type\":\"ListItem\",\"position\":1,\"name\":\"Home\",\"item\":\"https:\/\/sxflightcase.com\/\"},{\"@type\":\"ListItem\",\"position\":2,\"name\":\"\u0e2a\u0e34\u0e19\u0e04\u0e49\u0e32\",\"item\":\"https:\/\/sxflightcase.com\/th\/shop\/\"},{\"@type\":\"ListItem\",\"position\":3,\"name\":\"Cable Case Manufacture\"}]},{\"@type\":\"WebSite\",\"@id\":\"https:\/\/sxflightcase.com\/th\/#website\",\"url\":\"https:\/\/sxflightcase.com\/th\/\",\"name\":\"sxpowercase.com\",\"description\":\"Flight Case Factory\",\"publisher\":{\"@id\":\"https:\/\/sxflightcase.com\/th\/#organization\"},\"potentialAction\":[{\"@type\":\"SearchAction\",\"target\":{\"@type\":\"EntryPoint\",\"urlTemplate\":\"https:\/\/sxflightcase.com\/th\/?s={search_term_string}\"},\"query-input\":{\"@type\":\"PropertyValueSpecification\",\"valueRequired\":true,\"valueName\":\"search_term_string\"}}],\"inLanguage\":\"es\"},{\"@type\":\"Organization\",\"@id\":\"https:\/\/sxflightcase.com\/th\/#organization\",\"name\":\"sxpowercase.com\",\"url\":\"https:\/\/sxflightcase.com\/th\/\",\"logo\":{\"@type\":\"ImageObject\",\"inLanguage\":\"es\",\"@id\":\"https:\/\/sxflightcase.com\/th\/#\/schema\/logo\/image\/\",\"url\":\"https:\/\/sxflightcase.com\/wp-content\/uploads\/2024\/04\/1713919036007.jpg\",\"contentUrl\":\"https:\/\/sxflightcase.com\/wp-content\/uploads\/2024\/04\/1713919036007.jpg\",\"width\":382,\"height\":388,\"caption\":\"sxpowercase.com\"},\"image\":{\"@id\":\"https:\/\/sxflightcase.com\/th\/#\/schema\/logo\/image\/\"},\"sameAs\":[\"https:\/\/www.facebook.com\/profile.php?id=61560407257971\"],\"numberOfEmployees\":{\"@type\":\"QuantitativeValue\",\"minValue\":\"11\",\"maxValue\":\"50\"}}]}<\/script>\n<!-- \/ Yoast SEO Premium plugin. -->","yoast_head_json":{"title":"Cable Case Manufacture Manufacture- https:\/\/sxflightcase.com","description":"Fabricaci\u00f3n de cajas para cables: Descubra nuestras opciones de personalizaci\u00f3n profesional directas de f\u00e1brica, perfectas para organizar y gestionar los cables de forma eficaz.","robots":{"index":"index","follow":"follow","max-snippet":"max-snippet:-1","max-image-preview":"max-image-preview:large","max-video-preview":"max-video-preview:-1"},"canonical":"https:\/\/sxflightcase.com\/es\/\u0645\u0646\u062a\u062c\/\u0639\u0644\u0628\u0629-\u0627\u0644\u0643\u0627\u0628\u0644\/","og_locale":"es_MX","og_type":"article","og_title":"Cable Case Manufacture","og_description":"Cable Case Manufacture: Discover our factory-direct options for professional customization, perfect for organizing and managing cables efficiently.","og_url":"https:\/\/sxflightcase.com\/es\/\u0645\u0646\u062a\u062c\/\u0639\u0644\u0628\u0629-\u0627\u0644\u0643\u0627\u0628\u0644\/","og_site_name":"https:\/\/sxflightcase.com","article_publisher":"https:\/\/www.facebook.com\/profile.php?id=61560407257971","article_modified_time":"2024-06-20T02:28:08+00:00","og_image":[{"width":730,"height":730,"url":"https:\/\/sxflightcase.com\/wp-content\/uploads\/2024\/05\/cable-case46234394331.webp","type":"image\/webp"}],"twitter_card":"summary_large_image","twitter_misc":{"Tiempo de lectura":"5 minutos"},"schema":{"@context":"https:\/\/schema.org","@graph":[{"@type":"WebPage","@id":"https:\/\/sxflightcase.com\/ary\/\u0645\u0646\u062a\u062c\/\u0639\u0644\u0628\u0629-\u0627\u0644\u0643\u0627\u0628\u0644\/","url":"https:\/\/sxflightcase.com\/ary\/\u0645\u0646\u062a\u062c\/\u0639\u0644\u0628\u0629-\u0627\u0644\u0643\u0627\u0628\u0644\/","name":"Cable Case Manufacture Manufacture- https:\/\/sxflightcase.com","isPartOf":{"@id":"https:\/\/sxflightcase.com\/th\/#website"},"primaryImageOfPage":{"@id":"https:\/\/sxflightcase.com\/ary\/\u0645\u0646\u062a\u062c\/\u0639\u0644\u0628\u0629-\u0627\u0644\u0643\u0627\u0628\u0644\/#primaryimage"},"image":{"@id":"https:\/\/sxflightcase.com\/ary\/\u0645\u0646\u062a\u062c\/\u0639\u0644\u0628\u0629-\u0627\u0644\u0643\u0627\u0628\u0644\/#primaryimage"},"thumbnailUrl":"https:\/\/sxflightcase.com\/wp-content\/uploads\/2024\/05\/cable-case46234394331.webp","datePublished":"2024-05-10T06:28:50+00:00","dateModified":"2024-06-20T02:28:08+00:00","description":"Fabricaci\u00f3n de cajas para cables: Descubra nuestras opciones de personalizaci\u00f3n profesional directas de f\u00e1brica, perfectas para organizar y gestionar los cables de forma eficaz.","breadcrumb":{"@id":"https:\/\/sxflightcase.com\/ary\/\u0645\u0646\u062a\u062c\/\u0639\u0644\u0628\u0629-\u0627\u0644\u0643\u0627\u0628\u0644\/#breadcrumb"},"inLanguage":"es","potentialAction":[{"@type":"ReadAction","target":["https:\/\/sxflightcase.com\/ary\/\u0645\u0646\u062a\u062c\/\u0639\u0644\u0628\u0629-\u0627\u0644\u0643\u0627\u0628\u0644\/"]}]},{"@type":"ImageObject","inLanguage":"es","@id":"https:\/\/sxflightcase.com\/ary\/\u0645\u0646\u062a\u062c\/\u0639\u0644\u0628\u0629-\u0627\u0644\u0643\u0627\u0628\u0644\/#primaryimage","url":"https:\/\/sxflightcase.com\/wp-content\/uploads\/2024\/05\/cable-case46234394331.webp","contentUrl":"https:\/\/sxflightcase.com\/wp-content\/uploads\/2024\/05\/cable-case46234394331.webp","width":730,"height":730,"caption":"Cable Case Manufacture"},{"@type":"BreadcrumbList","@id":"https:\/\/sxflightcase.com\/ary\/\u0645\u0646\u062a\u062c\/\u0639\u0644\u0628\u0629-\u0627\u0644\u0643\u0627\u0628\u0644\/#breadcrumb","itemListElement":[{"@type":"ListItem","position":1,"name":"Home","item":"https:\/\/sxflightcase.com\/"},{"@type":"ListItem","position":2,"name":"\u0e2a\u0e34\u0e19\u0e04\u0e49\u0e32","item":"https:\/\/sxflightcase.com\/th\/shop\/"},{"@type":"ListItem","position":3,"name":"Cable Case Manufacture"}]},{"@type":"WebSite","@id":"https:\/\/sxflightcase.com\/th\/#website","url":"https:\/\/sxflightcase.com\/th\/","name":"es.sxpowercase.com","description":"F\u00e1brica de flightcases","publisher":{"@id":"https:\/\/sxflightcase.com\/th\/#organization"},"potentialAction":[{"@type":"SearchAction","target":{"@type":"EntryPoint","urlTemplate":"https:\/\/sxflightcase.com\/th\/?s={search_term_string}"},"query-input":{"@type":"PropertyValueSpecification","valueRequired":true,"valueName":"search_term_string"}}],"inLanguage":"es"},{"@type":"Organization","@id":"https:\/\/sxflightcase.com\/th\/#organization","name":"es.sxpowercase.com","url":"https:\/\/sxflightcase.com\/th\/","logo":{"@type":"ImageObject","inLanguage":"es","@id":"https:\/\/sxflightcase.com\/th\/#\/schema\/logo\/image\/","url":"https:\/\/sxflightcase.com\/wp-content\/uploads\/2024\/04\/1713919036007.jpg","contentUrl":"https:\/\/sxflightcase.com\/wp-content\/uploads\/2024\/04\/1713919036007.jpg","width":382,"height":388,"caption":"sxpowercase.com"},"image":{"@id":"https:\/\/sxflightcase.com\/th\/#\/schema\/logo\/image\/"},"sameAs":["https:\/\/www.facebook.com\/profile.php?id=61560407257971"],"numberOfEmployees":{"@type":"QuantitativeValue","minValue":"11","maxValue":"50"}}]}},"_links":{"self":[{"href":"https:\/\/sxflightcase.com\/es\/wp-json\/wp\/v2\/product\/1774","targetHints":{"allow":["GET"]}}],"collection":[{"href":"https:\/\/sxflightcase.com\/es\/wp-json\/wp\/v2\/product"}],"about":[{"href":"https:\/\/sxflightcase.com\/es\/wp-json\/wp\/v2\/types\/product"}],"replies":[{"embeddable":true,"href":"https:\/\/sxflightcase.com\/es\/wp-json\/wp\/v2\/comments?post=1774"}],"version-history":[{"count":0,"href":"https:\/\/sxflightcase.com\/es\/wp-json\/wp\/v2\/product\/1774\/revisions"}],"wp:featuredmedia":[{"embeddable":true,"href":"https:\/\/sxflightcase.com\/es\/wp-json\/wp\/v2\/media\/1778"}],"wp:attachment":[{"href":"https:\/\/sxflightcase.com\/es\/wp-json\/wp\/v2\/media?parent=1774"}],"wp:term":[{"taxonomy":"product_brand","embeddable":true,"href":"https:\/\/sxflightcase.com\/es\/wp-json\/wp\/v2\/product_brand?post=1774"},{"taxonomy":"product_cat","embeddable":true,"href":"https:\/\/sxflightcase.com\/es\/wp-json\/wp\/v2\/product_cat?post=1774"},{"taxonomy":"product_tag","embeddable":true,"href":"https:\/\/sxflightcase.com\/es\/wp-json\/wp\/v2\/product_tag?post=1774"}],"curies":[{"name":"wp","href":"https:\/\/api.w.org\/{rel}","templated":true}]}}