{"id":1782,"date":"2024-05-10T07:41:07","date_gmt":"2024-05-10T06:41:07","guid":{"rendered":"https:\/\/sxpowercase.com\/?post_type=product&#038;p=1782"},"modified":"2024-06-20T03:31:21","modified_gmt":"2024-06-20T02:31:21","slug":"display-flight-case","status":"publish","type":"product","link":"https:\/\/sxflightcase.com\/es\/producto\/vitrina-expositora-2\/","title":{"rendered":"Vitrina de exposici\u00f3n"},"content":{"rendered":"<p><strong>Par\u00e1metros del producto (especificaci\u00f3n)<\/strong><\/p>\n<section class=\"table-wrap\">\n<table class=\"table\" width=\"100%\" cellspacing=\"0\" cellpadding=\"0\">\n<tbody>\n<tr class=\"firstRow\">\n<td width=\"134\">Nombre del producto:<\/td>\n<td width=\"503\">Vitrina<\/td>\n<\/tr>\n<tr>\n<td width=\"134\">Material:<\/td>\n<td width=\"503\">Madera contrachapada + Herrajes cromados\/zincados + Extrusi\u00f3n de aluminio<\/td>\n<\/tr>\n<tr>\n<td width=\"134\">Forro de espuma:<\/td>\n<td width=\"503\">Espuma perlada\/espuma EVA\/espuma de huevo, etc., normal o a pedido<\/td>\n<\/tr>\n<tr>\n<td width=\"134\">Color:<\/td>\n<td width=\"503\">Negro, rojo, azul, naranja, amarillo, verde, etc.<\/td>\n<\/tr>\n<tr>\n<td width=\"134\">Plazo de entrega:<\/td>\n<td width=\"503\">Pedido de muestra 5 d\u00edas, Pedido normal 7-15d\u00edas<\/td>\n<\/tr>\n<tr>\n<td width=\"134\">Dimensi\u00f3n:<\/td>\n<td width=\"503\">Depende de la dimensi\u00f3n del equipo.<\/td>\n<\/tr>\n<\/tbody>\n<\/table>\n<\/section>\n<h1>Eleve su equipo con la maleta de transporte SX<\/h1>\n<h2>Soluci\u00f3n de almacenamiento segura y elegante<\/h2>\n<p>Presentamos la \u00faltima innovaci\u00f3n de SX, el <strong>Mostrar <a class=\"wpil_keyword_link\" href=\"https:\/\/sxpowercase.com\/product-category\/all-product\/flight-case\/\" target=\"_blank\" rel=\"noopener\" title=\"Estuche de vuelo\" data-wpil-keyword-link=\"linked\" data-wpil-monitor-id=\"418\">Estuche de vuelo<\/a><\/strong>. Dise\u00f1ada para profesionales y aficionados por igual, esta funda combina una seguridad robusta con una est\u00e9tica elegante para salvaguardar su valioso equipo durante el transporte y la exposici\u00f3n.<\/p>\n<h2>A la medida de sus necesidades<\/h2>\n<h3>Opciones de dise\u00f1o personalizables<\/h3>\n<p>En <a href=\"https:\/\/sxpowercase.com\/\" target=\"_blank\" rel=\"noopener\" title=\"SX\" data-wpil-monitor-id=\"125\">SX<\/a>Entendemos que cada cliente tiene sus propias necesidades. Nuestras vitrinas son totalmente personalizables, lo que le permite elegir entre una amplia gama de tama\u00f1os, materiales y configuraciones interiores. Tanto si transporta instrumentos delicados como si exhibe mercanc\u00edas en eventos, SX le garantiza que su maleta cumplir\u00e1 todas sus especificaciones.<\/p>\n<h2>Directo de nuestra f\u00e1brica a usted<\/h2>\n<h3>Ventajas de la venta directa de f\u00e1brica<\/h3>\n<p>Al comprar directamente a SX, se beneficia de unos precios competitivos y una calidad superior. Nuestro modelo de venta directa de f\u00e1brica elimina los costes innecesarios, garantizando que reciba un malet\u00edn Display Flight Case de primera calidad sin tener que pagar un precio elevado. Invierta en una maleta que proteja su equipo y mejore su imagen profesional.<\/p>\n<h2>Artesan\u00eda y durabilidad<\/h2>\n<h3>Construido para durar<\/h3>\n<p>Los flight cases de SX Display se fabrican con precisi\u00f3n utilizando materiales duraderos que soportan los rigores de los viajes y el uso diario. Nuestro compromiso con la artesan\u00eda de calidad garantiza que su equipo permanezca seguro y protegido, sin importar a d\u00f3nde le lleve su viaje.<\/p>\n<h2>Mejore su imagen de marca<\/h2>\n<h3>Presentaci\u00f3n profesional<\/h3>\n<p>Tanto si eres m\u00fasico, fot\u00f3grafo o expositor, presentar tu equipo en una maleta SX Display Flight Case transmite profesionalidad y fiabilidad. Impresione a clientes y colegas con una maleta que no solo protege, sino que tambi\u00e9n mejora la presentaci\u00f3n de su valioso equipo.<\/p>\n<hr \/>\n<p>Eleve su equipo y eleve su imagen con la maleta de transporte SX. P\u00f3ngase en contacto con nosotros hoy mismo para explorar las opciones de personalizaci\u00f3n y conseguir la maleta perfecta para transportar y exhibir su equipo.<\/p>\n<p><strong>Preguntas frecuentes<\/strong><\/p>\n<p>P: \u00bfC\u00f3mo puedo obtener una muestra?<\/p>\n<p>R: Por lo general, nuestra muestra se cobrar\u00e1. pero vamos a reembolsar Cuando usted pide gran cantidad, la muestra ser\u00e1 entregado por expreso, como DHL, TNT, FEDEX, EMS, etc.<\/p>\n<p>P: \u00bfHacen casos a medida?<\/p>\n<p>R: S\u00ed. Con unos 10 a\u00f1os de experiencia en OEM\/ODM, podemos ayudarle a dise\u00f1ar<\/p>\n<p>el caso seg\u00fan sus necesidades con nuestros conocimientos profesionales.<\/p>\n<p>P: \u00bfQu\u00e9 formas de pago pueden aceptar?<\/p>\n<p>R: T\/T, Western Union, etc. Aceptamos cualquier t\u00e9rmino conveniente y r\u00e1pido del pago.<\/p>\n<p>Etiquetas calientes: precio bajo, en stock, muestra gratis, cable de alimentaci\u00f3n y se\u00f1al, cable de 4 conductores de calibre 16, estuche para soporte de micr\u00f3fono, gabinete de exhibici\u00f3n LED para exteriores, montaje en rack, estuches de vuelo para mezcladores de montaje en rack de 19 \u201d, caja de distribuci\u00f3n el\u00e9ctrica, China, proveedores, f\u00e1brica, personalizado, venta al por mayor, <span style=\"color: #993366;\"><a style=\"color: #993366;\" href=\"https:\/\/sxflightcase.com\/es\/product-category\/all-product\/power-distribution-boxes\/\">cajas de poder<\/a>,\u00a0<a style=\"color: #993366;\" href=\"https:\/\/sxflightcase.com\/es\/product-category\/all-product\/hoist-controllers\/\">cables de alimentaci\u00f3n<\/a>,\u00a0<a style=\"color: #993366;\" href=\"https:\/\/sxflightcase.com\/es\/product-category\/all-product\/hoist-controllers\/\">controladores de polipasto<\/a>,\u00a0<a style=\"color: #993366;\" href=\"https:\/\/sxflightcase.com\/es\/product-category\/all-product\/flight-case\/\">Estuches de vuelo.<\/a><\/span><\/p>","protected":false},"excerpt":{"rendered":"<h2 class=\"prodetails-name\">Vitrina de exposici\u00f3n<\/h2>\n<p>Esta vitrina expositora es perfecta para exponer todo tipo de muestras como joyas, obras de arte, vestidos, etc para publicidad, exposici\u00f3n, exhibici\u00f3n, promoci\u00f3n para azulejos.<\/p>\n<h2><strong>Introducci\u00f3n a la producci\u00f3n<\/strong><\/h2>\n<p>- Adecuado para todas las muestras peque\u00f1as a petici\u00f3n del cliente<\/p>\n<p>- Contrachapado laminado ign\u00edfugo de 12 mm<\/p>\n<p>- Perfiles de aluminio de 35x35x3 mm con remaches<\/p>\n<p>- Esquinas de bola grandes, escalonadas<\/p>\n<p>- Esquinas en L de 6 agujeros<\/p>\n<p>- Extrusiones para colocaci\u00f3n y cierre seguros de la tapa, macho\/hembra 12mm<\/p>","protected":false},"featured_media":1783,"comment_status":"open","ping_status":"closed","template":"","meta":[],"product_brand":[],"product_cat":[41],"product_tag":[],"class_list":{"0":"post-1782","1":"product","2":"type-product","3":"status-publish","4":"has-post-thumbnail","6":"product_cat-equipment-cases","8":"first","9":"instock","10":"shipping-taxable","11":"product-type-simple"},"yoast_head":"<!-- This site is optimized with the Yoast SEO Premium plugin v27.1 (Yoast SEO v27.2) - https:\/\/yoast.com\/product\/yoast-seo-premium-wordpress\/ -->\n<title>Display Flight Case - https:\/\/sxflightcase.com \ud83d\udc97<\/title>\n<meta name=\"description\" content=\"Display Flight Case: Discover our factory-direct options for professional customization, perfect for protecting and showcasing your valuable display items with style and reliability.\" \/>\n<meta name=\"robots\" content=\"index, follow, max-snippet:-1, max-image-preview:large, max-video-preview:-1\" \/>\n<link rel=\"canonical\" href=\"https:\/\/sxflightcase.com\/es\/san-pham\/display-flight-case\/\" \/>\n<meta property=\"og:locale\" content=\"es_MX\" \/>\n<meta property=\"og:type\" content=\"article\" \/>\n<meta property=\"og:title\" content=\"Display Flight Case\" \/>\n<meta property=\"og:description\" content=\"Display Flight Case: Discover our factory-direct options for professional customization, perfect for protecting and showcasing your valuable display items with style and reliability.\" \/>\n<meta property=\"og:url\" content=\"https:\/\/sxflightcase.com\/es\/san-pham\/display-flight-case\/\" \/>\n<meta property=\"og:site_name\" content=\"https:\/\/sxflightcase.com\" \/>\n<meta property=\"article:publisher\" content=\"https:\/\/www.facebook.com\/profile.php?id=61560407257971\" \/>\n<meta property=\"article:modified_time\" content=\"2024-06-20T02:31:21+00:00\" \/>\n<meta property=\"og:image\" content=\"https:\/\/sxflightcase.com\/wp-content\/uploads\/2024\/05\/display-flight-case57542103130.webp\" \/>\n\t<meta property=\"og:image:width\" content=\"700\" \/>\n\t<meta property=\"og:image:height\" content=\"700\" \/>\n\t<meta property=\"og:image:type\" content=\"image\/webp\" \/>\n<meta name=\"twitter:card\" content=\"summary_large_image\" \/>\n<meta name=\"twitter:label1\" content=\"Tiempo de lectura\" \/>\n\t<meta name=\"twitter:data1\" content=\"3 minutos\" \/>\n<script type=\"application\/ld+json\" class=\"yoast-schema-graph\">{\"@context\":\"https:\/\/schema.org\",\"@graph\":[{\"@type\":\"WebPage\",\"@id\":\"https:\/\/sxflightcase.com\/vi\/san-pham\/display-flight-case\/\",\"url\":\"https:\/\/sxflightcase.com\/vi\/san-pham\/display-flight-case\/\",\"name\":\"Display Flight Case - https:\/\/sxflightcase.com \ud83d\udc97\",\"isPartOf\":{\"@id\":\"https:\/\/sxflightcase.com\/th\/#website\"},\"primaryImageOfPage\":{\"@id\":\"https:\/\/sxflightcase.com\/vi\/san-pham\/display-flight-case\/#primaryimage\"},\"image\":{\"@id\":\"https:\/\/sxflightcase.com\/vi\/san-pham\/display-flight-case\/#primaryimage\"},\"thumbnailUrl\":\"https:\/\/sxflightcase.com\/wp-content\/uploads\/2024\/05\/display-flight-case57542103130.webp\",\"datePublished\":\"2024-05-10T06:41:07+00:00\",\"dateModified\":\"2024-06-20T02:31:21+00:00\",\"description\":\"Display Flight Case: Discover our factory-direct options for professional customization, perfect for protecting and showcasing your valuable display items with style and reliability.\",\"breadcrumb\":{\"@id\":\"https:\/\/sxflightcase.com\/vi\/san-pham\/display-flight-case\/#breadcrumb\"},\"inLanguage\":\"es\",\"potentialAction\":[{\"@type\":\"ReadAction\",\"target\":[\"https:\/\/sxflightcase.com\/vi\/san-pham\/display-flight-case\/\"]}]},{\"@type\":\"ImageObject\",\"inLanguage\":\"es\",\"@id\":\"https:\/\/sxflightcase.com\/vi\/san-pham\/display-flight-case\/#primaryimage\",\"url\":\"https:\/\/sxflightcase.com\/wp-content\/uploads\/2024\/05\/display-flight-case57542103130.webp\",\"contentUrl\":\"https:\/\/sxflightcase.com\/wp-content\/uploads\/2024\/05\/display-flight-case57542103130.webp\",\"width\":700,\"height\":700,\"caption\":\"Display Flight Case\"},{\"@type\":\"BreadcrumbList\",\"@id\":\"https:\/\/sxflightcase.com\/vi\/san-pham\/display-flight-case\/#breadcrumb\",\"itemListElement\":[{\"@type\":\"ListItem\",\"position\":1,\"name\":\"Home\",\"item\":\"https:\/\/sxflightcase.com\/\"},{\"@type\":\"ListItem\",\"position\":2,\"name\":\"\u0e2a\u0e34\u0e19\u0e04\u0e49\u0e32\",\"item\":\"https:\/\/sxflightcase.com\/th\/shop\/\"},{\"@type\":\"ListItem\",\"position\":3,\"name\":\"Display Flight Case\"}]},{\"@type\":\"WebSite\",\"@id\":\"https:\/\/sxflightcase.com\/th\/#website\",\"url\":\"https:\/\/sxflightcase.com\/th\/\",\"name\":\"sxpowercase.com\",\"description\":\"Flight Case Factory\",\"publisher\":{\"@id\":\"https:\/\/sxflightcase.com\/th\/#organization\"},\"potentialAction\":[{\"@type\":\"SearchAction\",\"target\":{\"@type\":\"EntryPoint\",\"urlTemplate\":\"https:\/\/sxflightcase.com\/th\/?s={search_term_string}\"},\"query-input\":{\"@type\":\"PropertyValueSpecification\",\"valueRequired\":true,\"valueName\":\"search_term_string\"}}],\"inLanguage\":\"es\"},{\"@type\":\"Organization\",\"@id\":\"https:\/\/sxflightcase.com\/th\/#organization\",\"name\":\"sxpowercase.com\",\"url\":\"https:\/\/sxflightcase.com\/th\/\",\"logo\":{\"@type\":\"ImageObject\",\"inLanguage\":\"es\",\"@id\":\"https:\/\/sxflightcase.com\/th\/#\/schema\/logo\/image\/\",\"url\":\"https:\/\/sxflightcase.com\/wp-content\/uploads\/2024\/04\/1713919036007.jpg\",\"contentUrl\":\"https:\/\/sxflightcase.com\/wp-content\/uploads\/2024\/04\/1713919036007.jpg\",\"width\":382,\"height\":388,\"caption\":\"sxpowercase.com\"},\"image\":{\"@id\":\"https:\/\/sxflightcase.com\/th\/#\/schema\/logo\/image\/\"},\"sameAs\":[\"https:\/\/www.facebook.com\/profile.php?id=61560407257971\"],\"numberOfEmployees\":{\"@type\":\"QuantitativeValue\",\"minValue\":\"11\",\"maxValue\":\"50\"}}]}<\/script>\n<!-- \/ Yoast SEO Premium plugin. -->","yoast_head_json":{"title":"Display Flight Case - https:\/\/sxflightcase.com \ud83d\udc97","description":"Vitrinas de exposici\u00f3n: Descubra nuestras opciones de personalizaci\u00f3n profesional directa de f\u00e1brica, perfectas para proteger y exhibir sus valiosos art\u00edculos de exposici\u00f3n con estilo y fiabilidad.","robots":{"index":"index","follow":"follow","max-snippet":"max-snippet:-1","max-image-preview":"max-image-preview:large","max-video-preview":"max-video-preview:-1"},"canonical":"https:\/\/sxflightcase.com\/es\/san-pham\/display-flight-case\/","og_locale":"es_MX","og_type":"article","og_title":"Display Flight Case","og_description":"Display Flight Case: Discover our factory-direct options for professional customization, perfect for protecting and showcasing your valuable display items with style and reliability.","og_url":"https:\/\/sxflightcase.com\/es\/san-pham\/display-flight-case\/","og_site_name":"https:\/\/sxflightcase.com","article_publisher":"https:\/\/www.facebook.com\/profile.php?id=61560407257971","article_modified_time":"2024-06-20T02:31:21+00:00","og_image":[{"width":700,"height":700,"url":"https:\/\/sxflightcase.com\/wp-content\/uploads\/2024\/05\/display-flight-case57542103130.webp","type":"image\/webp"}],"twitter_card":"summary_large_image","twitter_misc":{"Tiempo de lectura":"3 minutos"},"schema":{"@context":"https:\/\/schema.org","@graph":[{"@type":"WebPage","@id":"https:\/\/sxflightcase.com\/vi\/san-pham\/display-flight-case\/","url":"https:\/\/sxflightcase.com\/vi\/san-pham\/display-flight-case\/","name":"Display Flight Case - https:\/\/sxflightcase.com \ud83d\udc97","isPartOf":{"@id":"https:\/\/sxflightcase.com\/th\/#website"},"primaryImageOfPage":{"@id":"https:\/\/sxflightcase.com\/vi\/san-pham\/display-flight-case\/#primaryimage"},"image":{"@id":"https:\/\/sxflightcase.com\/vi\/san-pham\/display-flight-case\/#primaryimage"},"thumbnailUrl":"https:\/\/sxflightcase.com\/wp-content\/uploads\/2024\/05\/display-flight-case57542103130.webp","datePublished":"2024-05-10T06:41:07+00:00","dateModified":"2024-06-20T02:31:21+00:00","description":"Vitrinas de exposici\u00f3n: Descubra nuestras opciones de personalizaci\u00f3n profesional directa de f\u00e1brica, perfectas para proteger y exhibir sus valiosos art\u00edculos de exposici\u00f3n con estilo y fiabilidad.","breadcrumb":{"@id":"https:\/\/sxflightcase.com\/vi\/san-pham\/display-flight-case\/#breadcrumb"},"inLanguage":"es","potentialAction":[{"@type":"ReadAction","target":["https:\/\/sxflightcase.com\/vi\/san-pham\/display-flight-case\/"]}]},{"@type":"ImageObject","inLanguage":"es","@id":"https:\/\/sxflightcase.com\/vi\/san-pham\/display-flight-case\/#primaryimage","url":"https:\/\/sxflightcase.com\/wp-content\/uploads\/2024\/05\/display-flight-case57542103130.webp","contentUrl":"https:\/\/sxflightcase.com\/wp-content\/uploads\/2024\/05\/display-flight-case57542103130.webp","width":700,"height":700,"caption":"Display Flight Case"},{"@type":"BreadcrumbList","@id":"https:\/\/sxflightcase.com\/vi\/san-pham\/display-flight-case\/#breadcrumb","itemListElement":[{"@type":"ListItem","position":1,"name":"Home","item":"https:\/\/sxflightcase.com\/"},{"@type":"ListItem","position":2,"name":"\u0e2a\u0e34\u0e19\u0e04\u0e49\u0e32","item":"https:\/\/sxflightcase.com\/th\/shop\/"},{"@type":"ListItem","position":3,"name":"Display Flight Case"}]},{"@type":"WebSite","@id":"https:\/\/sxflightcase.com\/th\/#website","url":"https:\/\/sxflightcase.com\/th\/","name":"es.sxpowercase.com","description":"F\u00e1brica de flightcases","publisher":{"@id":"https:\/\/sxflightcase.com\/th\/#organization"},"potentialAction":[{"@type":"SearchAction","target":{"@type":"EntryPoint","urlTemplate":"https:\/\/sxflightcase.com\/th\/?s={search_term_string}"},"query-input":{"@type":"PropertyValueSpecification","valueRequired":true,"valueName":"search_term_string"}}],"inLanguage":"es"},{"@type":"Organization","@id":"https:\/\/sxflightcase.com\/th\/#organization","name":"es.sxpowercase.com","url":"https:\/\/sxflightcase.com\/th\/","logo":{"@type":"ImageObject","inLanguage":"es","@id":"https:\/\/sxflightcase.com\/th\/#\/schema\/logo\/image\/","url":"https:\/\/sxflightcase.com\/wp-content\/uploads\/2024\/04\/1713919036007.jpg","contentUrl":"https:\/\/sxflightcase.com\/wp-content\/uploads\/2024\/04\/1713919036007.jpg","width":382,"height":388,"caption":"sxpowercase.com"},"image":{"@id":"https:\/\/sxflightcase.com\/th\/#\/schema\/logo\/image\/"},"sameAs":["https:\/\/www.facebook.com\/profile.php?id=61560407257971"],"numberOfEmployees":{"@type":"QuantitativeValue","minValue":"11","maxValue":"50"}}]}},"_links":{"self":[{"href":"https:\/\/sxflightcase.com\/es\/wp-json\/wp\/v2\/product\/1782","targetHints":{"allow":["GET"]}}],"collection":[{"href":"https:\/\/sxflightcase.com\/es\/wp-json\/wp\/v2\/product"}],"about":[{"href":"https:\/\/sxflightcase.com\/es\/wp-json\/wp\/v2\/types\/product"}],"replies":[{"embeddable":true,"href":"https:\/\/sxflightcase.com\/es\/wp-json\/wp\/v2\/comments?post=1782"}],"version-history":[{"count":0,"href":"https:\/\/sxflightcase.com\/es\/wp-json\/wp\/v2\/product\/1782\/revisions"}],"wp:featuredmedia":[{"embeddable":true,"href":"https:\/\/sxflightcase.com\/es\/wp-json\/wp\/v2\/media\/1783"}],"wp:attachment":[{"href":"https:\/\/sxflightcase.com\/es\/wp-json\/wp\/v2\/media?parent=1782"}],"wp:term":[{"taxonomy":"product_brand","embeddable":true,"href":"https:\/\/sxflightcase.com\/es\/wp-json\/wp\/v2\/product_brand?post=1782"},{"taxonomy":"product_cat","embeddable":true,"href":"https:\/\/sxflightcase.com\/es\/wp-json\/wp\/v2\/product_cat?post=1782"},{"taxonomy":"product_tag","embeddable":true,"href":"https:\/\/sxflightcase.com\/es\/wp-json\/wp\/v2\/product_tag?post=1782"}],"curies":[{"name":"wp","href":"https:\/\/api.w.org\/{rel}","templated":true}]}}