{"id":1786,"date":"2024-05-10T07:48:06","date_gmt":"2024-05-10T06:48:06","guid":{"rendered":"https:\/\/sxpowercase.com\/?post_type=product&#038;p=1786"},"modified":"2024-06-20T03:32:10","modified_gmt":"2024-06-20T02:32:10","slug":"mic-stand-carry-box","status":"publish","type":"product","link":"https:\/\/sxflightcase.com\/es\/producto\/caja-de-transporte-para-pie-de-micro\/","title":{"rendered":"Caja de transporte para pie de micro"},"content":{"rendered":"<h3><strong>Par\u00e1metros del producto (especificaci\u00f3n)<\/strong><\/h3>\n<section class=\"table-wrap\">\n<table class=\"table\" width=\"100%\" cellspacing=\"0\" cellpadding=\"0\">\n<tbody>\n<tr class=\"firstRow\">\n<td width=\"134\">Nombre del producto<\/td>\n<td width=\"504\">Caja de transporte para pie de micro<\/td>\n<\/tr>\n<tr>\n<td width=\"134\">Materiales<\/td>\n<td width=\"504\">Construcci\u00f3n de madera contrachapada laminada de 9 mm, con herrajes chapados de calidad comercial, asas y pestillos de alta resistencia y esquinas esf\u00e9ricas.<br \/>\nAsa de remolque empotrada con muelle incorporada<br \/>\nEl acolchado interior y los tacos de espuma EVA Ultra-Dur dejan espacio para la ventilaci\u00f3n del ventilador en la parte inferior de la tabla<\/td>\n<\/tr>\n<tr>\n<td width=\"134\">Color<\/td>\n<td width=\"504\">Negro, azul, rojo o personalizado<\/td>\n<\/tr>\n<tr>\n<td width=\"134\">Uso<\/td>\n<td width=\"504\">Proteger el almacenamiento de transporte<\/td>\n<\/tr>\n<\/tbody>\n<\/table>\n<\/section>\n<p><strong>Embalaje y env\u00edo<\/strong><\/p>\n<section class=\"table-wrap\">\n<table class=\"table\" width=\"100%\" cellspacing=\"0\" cellpadding=\"0\">\n<tbody>\n<tr class=\"firstRow\">\n<td colspan=\"3\" width=\"100%\">Embalaje y env\u00edo<\/td>\n<\/tr>\n<tr>\n<td rowspan=\"3\" width=\"33%\">Plazo de entrega<\/td>\n<td width=\"33%\">Por mar<\/td>\n<td width=\"33%\">15-60 d\u00edas<\/td>\n<\/tr>\n<tr>\n<td width=\"33%\">En avi\u00f3n<\/td>\n<td width=\"33%\">4-9 d\u00edas<\/td>\n<\/tr>\n<tr>\n<td width=\"33%\">Por expreso<\/td>\n<td width=\"33%\">4-9 d\u00edas<\/td>\n<\/tr>\n<tr>\n<td width=\"33%\">Plazo de entrega<\/td>\n<td colspan=\"2\" width=\"66%\">7-15 horas de trabajo o seg\u00fan sus necesidades<\/td>\n<\/tr>\n<tr>\n<td width=\"33%\">Embalaje<\/td>\n<td colspan=\"2\" width=\"66%\">Por caja o seg\u00fan sus necesidades<\/td>\n<\/tr>\n<\/tbody>\n<\/table>\n<\/section>\n<h1>Caja de transporte para pie de micro SX: Su compa\u00f1ero de confianza para los conciertos<\/h1>\n<h2>Soluci\u00f3n port\u00e1til y protectora<\/h2>\n<p>Presentando el <strong>Caja de transporte para pie de micro<\/strong> por <a href=\"https:\/\/sxpowercase.com\/\" target=\"_blank\" rel=\"noopener\" title=\"SX\" data-wpil-monitor-id=\"126\">SX<\/a>dise\u00f1ada para m\u00fasicos e int\u00e9rpretes que necesitan una forma c\u00f3moda de transportar sus pies de micr\u00f3fono de forma segura. Tanto si te diriges a un concierto como a una sesi\u00f3n de grabaci\u00f3n, nuestra caja de transporte garantiza que tu equipo llegue intacto y listo para la acci\u00f3n.<\/p>\n<h2>Personalizado seg\u00fan sus especificaciones<\/h2>\n<h3>Opciones de dise\u00f1o a medida<\/h3>\n<p>En SX sabemos que los m\u00fasicos tienen necesidades muy diversas. Nuestras cajas de transporte para pies de micro se pueden personalizar para adaptarse a distintos tipos y tama\u00f1os de pies de micro. Elige entre varios materiales y colores para que se adapten a tu estilo y preferencias, garantizando que tu equipo no solo est\u00e9 protegido, sino que tambi\u00e9n refleje tu marca personal.<\/p>\n<h2>Directamente del fabricante<\/h2>\n<h3>Ventajas de la venta directa de f\u00e1brica<\/h3>\n<p>Al comprar directamente a SX, se ahorra intermediarios y se beneficia de unos precios competitivos y una fabricaci\u00f3n de alta calidad. Nuestro enfoque directo de f\u00e1brica garantiza que cada Mic Stand Carry Box cumpla con nuestros estrictos est\u00e1ndares de durabilidad y fiabilidad, por lo que es una inversi\u00f3n inteligente para su viaje musical.<\/p>\n<h2>Dise\u00f1ado para durar<\/h2>\n<h3>Robustez y fiabilidad<\/h3>\n<p>Construidas con materiales resistentes, las cajas de transporte para soportes de micr\u00f3fono SX est\u00e1n dise\u00f1adas para soportar los golpes del transporte. Tenga la seguridad de que sus soportes de micr\u00f3fono est\u00e1n a salvo de da\u00f1os, tanto si est\u00e1 de gira como si simplemente traslada el equipo de un lugar a otro.<\/p>\n<h2>Mejora tu configuraci\u00f3n de rendimiento<\/h2>\n<h3>Presentaci\u00f3n profesional<\/h3>\n<p>Una caja de transporte para pie de micro SX no s\u00f3lo protege su equipo, sino que tambi\u00e9n mejora la imagen profesional de su instalaci\u00f3n. Impresiona a tu p\u00fablico y a tus compa\u00f1eros m\u00fasicos con una caja de transporte elegante y funcional que dice mucho de tu dedicaci\u00f3n al oficio.<\/p>\n<hr \/>\n<p>Aseg\u00farate de que tus pies de micro est\u00e9n siempre listos para ser el centro de atenci\u00f3n con la caja de transporte para pies de micro de SX. Ponte en contacto con nosotros hoy mismo para hablar de las opciones de personalizaci\u00f3n y asegurarte tu accesorio esencial para cada concierto.<\/p>\n<p><strong>Preguntas frecuentes<\/strong><\/p>\n<p>P: \u00bfCu\u00e1l es su servicio de env\u00edo?<\/p>\n<p>R: Podemos prestar servicios de reserva de buques, consolidaci\u00f3n de mercanc\u00edas, declaraci\u00f3n de aduanas, preparaci\u00f3n de documentos de embarque y entrega a granel en el puerto de embarque.<\/p>\n<p>P: \u00bfCu\u00e1l es su plazo de entrega?<\/p>\n<p>R: Nuestro plazo de entrega ordinario es EXW Guangzhou. Tambi\u00e9n aceptamos FOB, CFR, CIF, DDP, DDU, etc. Le ofreceremos los gastos de env\u00edo y podr\u00e1 elegir el que le resulte m\u00e1s c\u00f3modo y eficaz.<\/p>\n<p>P: \u00bfQu\u00e9 formas de pago pueden aceptar?<\/p>\n<p>R: T\/T, Western Union, etc. Aceptamos cualquier t\u00e9rmino conveniente y r\u00e1pido del pago.<\/p>\n<p>Etiquetas calientes: precio bajo, en stock, muestra gratis, cable de alimentaci\u00f3n y se\u00f1al, cable de 4 conductores de calibre 16, estuche para soporte de micr\u00f3fono, gabinete de exhibici\u00f3n LED para exteriores, montaje en rack, estuches de vuelo para mezcladores de montaje en rack de 19 \u201d, caja de distribuci\u00f3n el\u00e9ctrica, China, proveedores, f\u00e1brica, personalizado, venta al por mayor, <span style=\"color: #993366;\"><a style=\"color: #993366;\" href=\"https:\/\/sxflightcase.com\/es\/product-category\/all-product\/power-distribution-boxes\/\">cajas de poder<\/a>,\u00a0<a style=\"color: #993366;\" href=\"https:\/\/sxflightcase.com\/es\/product-category\/all-product\/hoist-controllers\/\">cables de alimentaci\u00f3n<\/a>,\u00a0<a style=\"color: #993366;\" href=\"https:\/\/sxflightcase.com\/es\/product-category\/all-product\/hoist-controllers\/\">controladores de polipasto<\/a>,\u00a0<a style=\"color: #993366;\" href=\"https:\/\/sxflightcase.com\/es\/product-category\/all-product\/flight-case\/\">Estuches de vuelo.<\/a><\/span><\/p>","protected":false},"excerpt":{"rendered":"<h2 class=\"prodetails-name\">Caja de transporte para pie de micro<\/h2>\n<p>Vea nuestra gama de cajas de transporte para pie de micro. Ideal para giras o para m\u00fasicos que desean transportar todo su equipo en una sola maleta. Nos complace ofrecer una gama de robustas soluciones de viaje para que los profesionales del sector puedan transportar y guardar de forma segura sus micr\u00f3fonos y accesorios.<\/p>\n<h2><strong>Introducci\u00f3n a la producci\u00f3n<\/strong><\/h2>\n<p>Esquinas de bola de acero pesadas y potentes y remaches de anclaje dobles<\/p>\n<p>Cierres industriales empotrables de mariposa con bloqueo por giro - Preparados para candado<\/p>\n<p>Leng\u00fceta y ranura de aluminio de f\u00e1cil cierre<\/p>\n<p>Empu\u00f1aduras empotradas de goma con acci\u00f3n de resorte<\/p>\n<p>Ruedas resistentes de 4\u2033 de calidad industrial, 2 con bloqueo<\/p>","protected":false},"featured_media":1787,"comment_status":"open","ping_status":"closed","template":"","meta":[],"product_brand":[],"product_cat":[41],"product_tag":[],"class_list":{"0":"post-1786","1":"product","2":"type-product","3":"status-publish","4":"has-post-thumbnail","6":"product_cat-equipment-cases","8":"first","9":"instock","10":"shipping-taxable","11":"product-type-simple"},"yoast_head":"<!-- This site is optimized with the Yoast SEO Premium plugin v27.1 (Yoast SEO v27.2) - https:\/\/yoast.com\/product\/yoast-seo-premium-wordpress\/ -->\n<title>Mic Stand Carry Box - https:\/\/sxflightcase.com \ud83d\udc97<\/title>\n<meta name=\"description\" content=\"Mic Stand Carry Box: Explore our factory-direct options for professional customization, designed to securely transport and store your mic stands with ease and convenience.\" \/>\n<meta name=\"robots\" content=\"index, follow, max-snippet:-1, max-image-preview:large, max-video-preview:-1\" \/>\n<link rel=\"canonical\" href=\"https:\/\/sxflightcase.com\/es\/produk\/kotak-jinjing-dudukan-mikrofon\/\" \/>\n<meta property=\"og:locale\" content=\"es_MX\" \/>\n<meta property=\"og:type\" content=\"article\" \/>\n<meta property=\"og:title\" content=\"Mic Stand Carry Box\" \/>\n<meta property=\"og:description\" content=\"Mic Stand Carry Box: Explore our factory-direct options for professional customization, designed to securely transport and store your mic stands with ease and convenience.\" \/>\n<meta property=\"og:url\" content=\"https:\/\/sxflightcase.com\/es\/produk\/kotak-jinjing-dudukan-mikrofon\/\" \/>\n<meta property=\"og:site_name\" content=\"https:\/\/sxflightcase.com\" \/>\n<meta property=\"article:publisher\" content=\"https:\/\/www.facebook.com\/profile.php?id=61560407257971\" \/>\n<meta property=\"article:modified_time\" content=\"2024-06-20T02:32:10+00:00\" \/>\n<meta property=\"og:image\" content=\"https:\/\/sxflightcase.com\/wp-content\/uploads\/2024\/05\/mic-stand-carry-box39588798042.jpg\" \/>\n\t<meta property=\"og:image:width\" content=\"750\" \/>\n\t<meta property=\"og:image:height\" content=\"750\" \/>\n\t<meta property=\"og:image:type\" content=\"image\/jpeg\" \/>\n<meta name=\"twitter:card\" content=\"summary_large_image\" \/>\n<meta name=\"twitter:label1\" content=\"Tiempo de lectura\" \/>\n\t<meta name=\"twitter:data1\" content=\"4 minutos\" \/>\n<script type=\"application\/ld+json\" class=\"yoast-schema-graph\">{\"@context\":\"https:\/\/schema.org\",\"@graph\":[{\"@type\":\"WebPage\",\"@id\":\"https:\/\/sxflightcase.com\/id\/produk\/kotak-jinjing-dudukan-mikrofon\/\",\"url\":\"https:\/\/sxflightcase.com\/id\/produk\/kotak-jinjing-dudukan-mikrofon\/\",\"name\":\"Mic Stand Carry Box - https:\/\/sxflightcase.com \ud83d\udc97\",\"isPartOf\":{\"@id\":\"https:\/\/sxflightcase.com\/th\/#website\"},\"primaryImageOfPage\":{\"@id\":\"https:\/\/sxflightcase.com\/id\/produk\/kotak-jinjing-dudukan-mikrofon\/#primaryimage\"},\"image\":{\"@id\":\"https:\/\/sxflightcase.com\/id\/produk\/kotak-jinjing-dudukan-mikrofon\/#primaryimage\"},\"thumbnailUrl\":\"https:\/\/sxflightcase.com\/wp-content\/uploads\/2024\/05\/mic-stand-carry-box39588798042.jpg\",\"datePublished\":\"2024-05-10T06:48:06+00:00\",\"dateModified\":\"2024-06-20T02:32:10+00:00\",\"description\":\"Mic Stand Carry Box: Explore our factory-direct options for professional customization, designed to securely transport and store your mic stands with ease and convenience.\",\"breadcrumb\":{\"@id\":\"https:\/\/sxflightcase.com\/id\/produk\/kotak-jinjing-dudukan-mikrofon\/#breadcrumb\"},\"inLanguage\":\"es\",\"potentialAction\":[{\"@type\":\"ReadAction\",\"target\":[\"https:\/\/sxflightcase.com\/id\/produk\/kotak-jinjing-dudukan-mikrofon\/\"]}]},{\"@type\":\"ImageObject\",\"inLanguage\":\"es\",\"@id\":\"https:\/\/sxflightcase.com\/id\/produk\/kotak-jinjing-dudukan-mikrofon\/#primaryimage\",\"url\":\"https:\/\/sxflightcase.com\/wp-content\/uploads\/2024\/05\/mic-stand-carry-box39588798042.jpg\",\"contentUrl\":\"https:\/\/sxflightcase.com\/wp-content\/uploads\/2024\/05\/mic-stand-carry-box39588798042.jpg\",\"width\":750,\"height\":750,\"caption\":\"Mic Stand Carry Box\"},{\"@type\":\"BreadcrumbList\",\"@id\":\"https:\/\/sxflightcase.com\/id\/produk\/kotak-jinjing-dudukan-mikrofon\/#breadcrumb\",\"itemListElement\":[{\"@type\":\"ListItem\",\"position\":1,\"name\":\"Home\",\"item\":\"https:\/\/sxflightcase.com\/\"},{\"@type\":\"ListItem\",\"position\":2,\"name\":\"\u0e2a\u0e34\u0e19\u0e04\u0e49\u0e32\",\"item\":\"https:\/\/sxflightcase.com\/th\/shop\/\"},{\"@type\":\"ListItem\",\"position\":3,\"name\":\"Mic Stand Carry Box\"}]},{\"@type\":\"WebSite\",\"@id\":\"https:\/\/sxflightcase.com\/th\/#website\",\"url\":\"https:\/\/sxflightcase.com\/th\/\",\"name\":\"sxpowercase.com\",\"description\":\"Flight Case Factory\",\"publisher\":{\"@id\":\"https:\/\/sxflightcase.com\/th\/#organization\"},\"potentialAction\":[{\"@type\":\"SearchAction\",\"target\":{\"@type\":\"EntryPoint\",\"urlTemplate\":\"https:\/\/sxflightcase.com\/th\/?s={search_term_string}\"},\"query-input\":{\"@type\":\"PropertyValueSpecification\",\"valueRequired\":true,\"valueName\":\"search_term_string\"}}],\"inLanguage\":\"es\"},{\"@type\":\"Organization\",\"@id\":\"https:\/\/sxflightcase.com\/th\/#organization\",\"name\":\"sxpowercase.com\",\"url\":\"https:\/\/sxflightcase.com\/th\/\",\"logo\":{\"@type\":\"ImageObject\",\"inLanguage\":\"es\",\"@id\":\"https:\/\/sxflightcase.com\/th\/#\/schema\/logo\/image\/\",\"url\":\"https:\/\/sxflightcase.com\/wp-content\/uploads\/2024\/04\/1713919036007.jpg\",\"contentUrl\":\"https:\/\/sxflightcase.com\/wp-content\/uploads\/2024\/04\/1713919036007.jpg\",\"width\":382,\"height\":388,\"caption\":\"sxpowercase.com\"},\"image\":{\"@id\":\"https:\/\/sxflightcase.com\/th\/#\/schema\/logo\/image\/\"},\"sameAs\":[\"https:\/\/www.facebook.com\/profile.php?id=61560407257971\"],\"numberOfEmployees\":{\"@type\":\"QuantitativeValue\",\"minValue\":\"11\",\"maxValue\":\"50\"}}]}<\/script>\n<!-- \/ Yoast SEO Premium plugin. -->","yoast_head_json":{"title":"Mic Stand Carry Box - https:\/\/sxflightcase.com \ud83d\udc97","description":"Caja de transporte para pie de micro: Explore nuestras opciones directas de f\u00e1brica para una personalizaci\u00f3n profesional, dise\u00f1adas para transportar y almacenar de forma segura sus soportes de micr\u00f3fono con facilidad y comodidad.","robots":{"index":"index","follow":"follow","max-snippet":"max-snippet:-1","max-image-preview":"max-image-preview:large","max-video-preview":"max-video-preview:-1"},"canonical":"https:\/\/sxflightcase.com\/es\/produk\/kotak-jinjing-dudukan-mikrofon\/","og_locale":"es_MX","og_type":"article","og_title":"Mic Stand Carry Box","og_description":"Mic Stand Carry Box: Explore our factory-direct options for professional customization, designed to securely transport and store your mic stands with ease and convenience.","og_url":"https:\/\/sxflightcase.com\/es\/produk\/kotak-jinjing-dudukan-mikrofon\/","og_site_name":"https:\/\/sxflightcase.com","article_publisher":"https:\/\/www.facebook.com\/profile.php?id=61560407257971","article_modified_time":"2024-06-20T02:32:10+00:00","og_image":[{"width":750,"height":750,"url":"https:\/\/sxflightcase.com\/wp-content\/uploads\/2024\/05\/mic-stand-carry-box39588798042.jpg","type":"image\/jpeg"}],"twitter_card":"summary_large_image","twitter_misc":{"Tiempo de lectura":"4 minutos"},"schema":{"@context":"https:\/\/schema.org","@graph":[{"@type":"WebPage","@id":"https:\/\/sxflightcase.com\/id\/produk\/kotak-jinjing-dudukan-mikrofon\/","url":"https:\/\/sxflightcase.com\/id\/produk\/kotak-jinjing-dudukan-mikrofon\/","name":"Mic Stand Carry Box - https:\/\/sxflightcase.com \ud83d\udc97","isPartOf":{"@id":"https:\/\/sxflightcase.com\/th\/#website"},"primaryImageOfPage":{"@id":"https:\/\/sxflightcase.com\/id\/produk\/kotak-jinjing-dudukan-mikrofon\/#primaryimage"},"image":{"@id":"https:\/\/sxflightcase.com\/id\/produk\/kotak-jinjing-dudukan-mikrofon\/#primaryimage"},"thumbnailUrl":"https:\/\/sxflightcase.com\/wp-content\/uploads\/2024\/05\/mic-stand-carry-box39588798042.jpg","datePublished":"2024-05-10T06:48:06+00:00","dateModified":"2024-06-20T02:32:10+00:00","description":"Caja de transporte para pie de micro: Explore nuestras opciones directas de f\u00e1brica para una personalizaci\u00f3n profesional, dise\u00f1adas para transportar y almacenar de forma segura sus soportes de micr\u00f3fono con facilidad y comodidad.","breadcrumb":{"@id":"https:\/\/sxflightcase.com\/id\/produk\/kotak-jinjing-dudukan-mikrofon\/#breadcrumb"},"inLanguage":"es","potentialAction":[{"@type":"ReadAction","target":["https:\/\/sxflightcase.com\/id\/produk\/kotak-jinjing-dudukan-mikrofon\/"]}]},{"@type":"ImageObject","inLanguage":"es","@id":"https:\/\/sxflightcase.com\/id\/produk\/kotak-jinjing-dudukan-mikrofon\/#primaryimage","url":"https:\/\/sxflightcase.com\/wp-content\/uploads\/2024\/05\/mic-stand-carry-box39588798042.jpg","contentUrl":"https:\/\/sxflightcase.com\/wp-content\/uploads\/2024\/05\/mic-stand-carry-box39588798042.jpg","width":750,"height":750,"caption":"Mic Stand Carry Box"},{"@type":"BreadcrumbList","@id":"https:\/\/sxflightcase.com\/id\/produk\/kotak-jinjing-dudukan-mikrofon\/#breadcrumb","itemListElement":[{"@type":"ListItem","position":1,"name":"Home","item":"https:\/\/sxflightcase.com\/"},{"@type":"ListItem","position":2,"name":"\u0e2a\u0e34\u0e19\u0e04\u0e49\u0e32","item":"https:\/\/sxflightcase.com\/th\/shop\/"},{"@type":"ListItem","position":3,"name":"Mic Stand Carry Box"}]},{"@type":"WebSite","@id":"https:\/\/sxflightcase.com\/th\/#website","url":"https:\/\/sxflightcase.com\/th\/","name":"es.sxpowercase.com","description":"F\u00e1brica de flightcases","publisher":{"@id":"https:\/\/sxflightcase.com\/th\/#organization"},"potentialAction":[{"@type":"SearchAction","target":{"@type":"EntryPoint","urlTemplate":"https:\/\/sxflightcase.com\/th\/?s={search_term_string}"},"query-input":{"@type":"PropertyValueSpecification","valueRequired":true,"valueName":"search_term_string"}}],"inLanguage":"es"},{"@type":"Organization","@id":"https:\/\/sxflightcase.com\/th\/#organization","name":"es.sxpowercase.com","url":"https:\/\/sxflightcase.com\/th\/","logo":{"@type":"ImageObject","inLanguage":"es","@id":"https:\/\/sxflightcase.com\/th\/#\/schema\/logo\/image\/","url":"https:\/\/sxflightcase.com\/wp-content\/uploads\/2024\/04\/1713919036007.jpg","contentUrl":"https:\/\/sxflightcase.com\/wp-content\/uploads\/2024\/04\/1713919036007.jpg","width":382,"height":388,"caption":"sxpowercase.com"},"image":{"@id":"https:\/\/sxflightcase.com\/th\/#\/schema\/logo\/image\/"},"sameAs":["https:\/\/www.facebook.com\/profile.php?id=61560407257971"],"numberOfEmployees":{"@type":"QuantitativeValue","minValue":"11","maxValue":"50"}}]}},"_links":{"self":[{"href":"https:\/\/sxflightcase.com\/es\/wp-json\/wp\/v2\/product\/1786","targetHints":{"allow":["GET"]}}],"collection":[{"href":"https:\/\/sxflightcase.com\/es\/wp-json\/wp\/v2\/product"}],"about":[{"href":"https:\/\/sxflightcase.com\/es\/wp-json\/wp\/v2\/types\/product"}],"replies":[{"embeddable":true,"href":"https:\/\/sxflightcase.com\/es\/wp-json\/wp\/v2\/comments?post=1786"}],"version-history":[{"count":0,"href":"https:\/\/sxflightcase.com\/es\/wp-json\/wp\/v2\/product\/1786\/revisions"}],"wp:featuredmedia":[{"embeddable":true,"href":"https:\/\/sxflightcase.com\/es\/wp-json\/wp\/v2\/media\/1787"}],"wp:attachment":[{"href":"https:\/\/sxflightcase.com\/es\/wp-json\/wp\/v2\/media?parent=1786"}],"wp:term":[{"taxonomy":"product_brand","embeddable":true,"href":"https:\/\/sxflightcase.com\/es\/wp-json\/wp\/v2\/product_brand?post=1786"},{"taxonomy":"product_cat","embeddable":true,"href":"https:\/\/sxflightcase.com\/es\/wp-json\/wp\/v2\/product_cat?post=1786"},{"taxonomy":"product_tag","embeddable":true,"href":"https:\/\/sxflightcase.com\/es\/wp-json\/wp\/v2\/product_tag?post=1786"}],"curies":[{"name":"wp","href":"https:\/\/api.w.org\/{rel}","templated":true}]}}