{"id":3834,"date":"2024-07-29T07:38:50","date_gmt":"2024-07-29T06:38:50","guid":{"rendered":"https:\/\/sxpowercase.com\/?post_type=product&#038;p=3834"},"modified":"2024-07-29T07:38:51","modified_gmt":"2024-07-29T06:38:51","slug":"butterfly-latches-loa202","status":"publish","type":"product","link":"https:\/\/sxflightcase.com\/es\/producto\/cierres-de-mariposa-loa202-2\/","title":{"rendered":"Cierres de mariposa LOA202"},"content":{"rendered":"<h1>Cierres de mariposa SX: Asegure su equipo con confianza<\/h1>\n<h2>Seguridad insuperable con los cierres de mariposa SX<\/h2>\n<p>Para proteger su valioso equipo, el cierre de mariposa SX es la mejor opci\u00f3n. Dise\u00f1ados con precisi\u00f3n, nuestros cierres garantizan que sus flight cases est\u00e9n bien cerrados, proporcionando una protecci\u00f3n inigualable. Ya sea para m\u00fasicos, t\u00e9cnicos de audio o profesionales de eventos, los cierres de mariposa SX ofrecen la seguridad y tranquilidad que necesita.<\/p>\n<h2>Durabilidad y calidad superiores<\/h2>\n<p>En <a href=\"https:\/\/sxpowercase.com\/\" target=\"_blank\" rel=\"noopener\" title=\"SX\" data-wpil-monitor-id=\"603\">SX<\/a>Para nosotros, la calidad y la durabilidad son prioritarias en todos nuestros productos. Nuestros cierres de mariposa est\u00e1n fabricados con materiales de alta calidad, dise\u00f1ados para soportar las exigencias de un uso frecuente. Esta robusta construcci\u00f3n significa que sus flight cases permanecen bien sujetos, protegiendo su equipo de posibles da\u00f1os. Con SX, sabr\u00e1 que su equipo est\u00e1 siempre en buenas manos.<\/p>\n<h2>Excelencia directa de f\u00e1brica<\/h2>\n<p>SX ofrece productos directos de f\u00e1brica, lo que garantiza un control de calidad de primer nivel y precios competitivos. Nuestros cierres de mariposa se fabrican con meticulosa atenci\u00f3n al detalle, cumpliendo rigurosas normas de calidad. Al eliminar intermediarios, proporcionamos productos de primera calidad a precios asequibles, haciendo que las soluciones de seguridad superiores est\u00e9n al alcance de todos.<\/p>\n<h2>Dise\u00f1o f\u00e1cil de usar<\/h2>\n<p>Nuestros cierres de mariposa est\u00e1n dise\u00f1ados para facilitar su uso. Su mecanismo sencillo e intuitivo permite abrir y cerrar las flight cases con rapidez y sin esfuerzo. Tanto si se prepara para un concierto como si se recoge despu\u00e9s de un evento, los cierres de mariposa SX agilizan el proceso, ahorr\u00e1ndole tiempo y esfuerzo.<\/p>\n<h2>Soluciones personalizadas para necesidades \u00fanicas<\/h2>\n<p>Cada equipo tiene unos requisitos \u00fanicos, y SX entiende la necesidad de soluciones personalizadas. Ofrecemos una amplia gama de opciones de personalizaci\u00f3n para nuestros cierres de mariposa, garantizando que se ajusten perfectamente a sus necesidades espec\u00edficas. Tanto si necesita un tama\u00f1o, un acabado o un dise\u00f1o concretos, nuestro equipo est\u00e1 preparado para ofrecerle soluciones a medida.<\/p>\n<h2>Calidad asequible<\/h2>\n<p>En SX, nos comprometemos a ofrecer productos de alta calidad a precios competitivos. Nuestro modelo directo de f\u00e1brica nos permite ofrecer un valor excepcional sin comprometer la calidad. Al elegir los cierres de mariposa de SX, usted invierte en soluciones de seguridad duraderas y fiables que ofrecen un gran valor por su dinero.<\/p>\n<h2>Aplicaciones vers\u00e1tiles<\/h2>\n<p>Los cierres de mariposa SX son vers\u00e1tiles, por lo que resultan adecuados para una amplia gama de aplicaciones. Desde flight cases y bastidores de equipos hasta cajas de almacenamiento y cajas de herramientas, nuestros cierres garantizan un cierre seguro en diversos contextos. Conf\u00ede en SX para todas sus necesidades de cierres de mariposa y benef\u00edciese de su flexibilidad y fiabilidad.<\/p>\n<h2>\u00bfPor qu\u00e9 elegir SX?<\/h2>\n<p>Optar por SX significa elegir la excelencia en calidad, fiabilidad y asequibilidad. Nuestros cierres de mariposa proporcionan la m\u00e1xima protecci\u00f3n para sus equipos, garantizando que permanezcan seguros y protegidos. Con nuestra garant\u00eda de calidad directa de f\u00e1brica, puede estar seguro de recibir productos de primera categor\u00eda a precios inmejorables.<\/p>\n<h2>P\u00f3ngase en contacto con SX<\/h2>\n<p>\u00bfEst\u00e1 listo para mejorar la seguridad de su equipo con el cierre de mariposa SX? P\u00f3ngase en contacto con nosotros hoy mismo para obtener m\u00e1s informaci\u00f3n sobre nuestros productos y opciones de personalizaci\u00f3n. Nuestro equipo estar\u00e1 encantado de ayudarle a encontrar la soluci\u00f3n perfecta para sus necesidades. Conf\u00ede en SX para todas sus necesidades de cierres de mariposa y disfrute de una calidad y fiabilidad inigualables.<\/p>\n<p>Cont\u00e1ctenos ahora:<span style=\"color: #0000ff;\"><a style=\"color: #0000ff;\" href=\"https:\/\/sxpowercase.com\/contact-us\/\">https:\/\/sxpowercase.com\/<\/a><\/span><\/p>\n<p>Cat\u00e1logo de productos de hardware:<span style=\"color: #3366ff;\"><a style=\"color: #3366ff;\" href=\"https:\/\/sxpowercase.com\/wp-content\/uploads\/2024\/07\/\u4e94\u91d1.pdf\">Cat\u00e1logo de accesorios de ferreter\u00eda<\/a><\/span><\/p>","protected":false},"excerpt":{"rendered":"<div class=\"yoast-text-mark\">ass=&#8221;yoast-text-mark&#8221;&gt;ass=&#8221;flex-shrink-0 flex flex-col relative items-end&#8221;&gt;<\/p>\n<div>\n<div class=\"\">=&#8221;pt-0&#8243;&gt;<\/p>\n<div>s=&#8221;gizmo-bot-avatar flex h-8 w-8 items-center justify-center overflow-hidden rounded-full&#8221;&gt;<\/p>\n<h3 class=\"relative p-1 rounded-sm flex items-center justify-center bg-token-main-surface-primary text-token-text-primary h-8 w-8\">Unmatched Security with SX&#8217;s Butterfly Latch<\/h3>\n<\/div>\n<\/div>\n<p>&lt;\/div&gt;<\/p><\/div>\n<div class=\"\">=&#8221;group\/conversation-turn relative flex w-full min-w-0 flex-col agent-turn&#8221;&gt;<\/p>\n<div class=\"flex-col gap-1 md:gap-3\">\n<div class=\"flex flex-grow flex-col max-w-full AIPRM__conversation__response\">\n<div class=\"min-h-[20px] text-message flex w-full flex-col items-end gap-2 whitespace-pre-wrap break-words [.text-message+&amp;]:mt-5 overflow-x-auto\" dir=\"auto\" data-message-author-role=\"assistant\" data-message-id=\"5f113cd8-0571-4314-acba-63f4a0d58950\">\n<div class=\"flex w-full flex-col gap-1 empty:hidden first:pt-[3px]\">\n<div class=\"markdown prose w-full break-words dark:prose-invert light\">\n<p>Protect your valuable equipment with SX&#8217;s robust and reliable butterfly latches. Built from high-quality materials, these latches ensure secure closure for flight cases, offering unmatched security and peace of mind during transport and storage.<\/p>\n<h3>Factory-Direct Quality at Affordable Prices<\/h3>\n<p>Experience top-tier quality without breaking the bank with SX&#8217;s factory-direct butterfly latches. Our latches provide durability and reliability at competitive prices, ensuring you get the best value for your money.<\/p>\n<h3>Customisable and Convenient Butterfly Latches<\/h3>\n<p>SX offers easy-to-use butterfly latches with customisation options to meet your unique needs. Whether for flight cases or storage boxes, our latches deliver secure closures, making your job simpler and more efficient.<\/p>\n<\/div>\n<\/div>\n<\/div>\n<\/div>\n<\/div>\n<\/div>\n<\/div>\n","protected":false},"featured_media":3775,"comment_status":"open","ping_status":"closed","template":"","meta":[],"product_brand":[],"product_cat":[61],"product_tag":[],"class_list":{"0":"post-3834","1":"product","2":"type-product","3":"status-publish","4":"has-post-thumbnail","6":"product_cat-catchother-locks","8":"first","9":"instock","10":"shipping-taxable","11":"product-type-simple"},"yoast_head":"<!-- This site is optimized with the Yoast SEO Premium plugin v27.1 (Yoast SEO v27.2) - https:\/\/yoast.com\/product\/yoast-seo-premium-wordpress\/ -->\n<title>Butterfly Latches LOA202 - https:\/\/sxflightcase.com \ud83d\udc97<\/title>\n<meta name=\"description\" content=\"Butterfly latches, factory direct! High-quality, reliable solutions for secure closures on flight cases and equipment. Ideal for professional and industrial use.\" \/>\n<meta name=\"robots\" content=\"index, follow, max-snippet:-1, max-image-preview:large, max-video-preview:-1\" \/>\n<link rel=\"canonical\" href=\"https:\/\/sxflightcase.com\/es\/urun\/kelebek-mandallar-loa202-2\/\" \/>\n<meta property=\"og:locale\" content=\"es_MX\" \/>\n<meta property=\"og:type\" content=\"article\" \/>\n<meta property=\"og:title\" content=\"Butterfly Latches LOA202\" \/>\n<meta property=\"og:description\" content=\"Butterfly latches, factory direct! High-quality, reliable solutions for secure closures on flight cases and equipment. Ideal for professional and industrial use.\" \/>\n<meta property=\"og:url\" content=\"https:\/\/sxflightcase.com\/es\/urun\/kelebek-mandallar-loa202-2\/\" \/>\n<meta property=\"og:site_name\" content=\"https:\/\/sxflightcase.com\" \/>\n<meta property=\"article:publisher\" content=\"https:\/\/www.facebook.com\/profile.php?id=61560407257971\" \/>\n<meta property=\"article:modified_time\" content=\"2024-07-29T06:38:51+00:00\" \/>\n<meta property=\"og:image\" content=\"https:\/\/sxflightcase.com\/wp-content\/uploads\/2024\/07\/LOA202.jpg\" \/>\n\t<meta property=\"og:image:width\" content=\"520\" \/>\n\t<meta property=\"og:image:height\" content=\"460\" \/>\n\t<meta property=\"og:image:type\" content=\"image\/jpeg\" \/>\n<meta name=\"twitter:card\" content=\"summary_large_image\" \/>\n<meta name=\"twitter:label1\" content=\"Tiempo de lectura\" \/>\n\t<meta name=\"twitter:data1\" content=\"3 minutos\" \/>\n<script type=\"application\/ld+json\" class=\"yoast-schema-graph\">{\"@context\":\"https:\/\/schema.org\",\"@graph\":[{\"@type\":\"WebPage\",\"@id\":\"https:\/\/sxflightcase.com\/tr\/urun\/kelebek-mandallar-loa202-2\/\",\"url\":\"https:\/\/sxflightcase.com\/tr\/urun\/kelebek-mandallar-loa202-2\/\",\"name\":\"Butterfly Latches LOA202 - https:\/\/sxflightcase.com \ud83d\udc97\",\"isPartOf\":{\"@id\":\"https:\/\/sxflightcase.com\/th\/#website\"},\"primaryImageOfPage\":{\"@id\":\"https:\/\/sxflightcase.com\/tr\/urun\/kelebek-mandallar-loa202-2\/#primaryimage\"},\"image\":{\"@id\":\"https:\/\/sxflightcase.com\/tr\/urun\/kelebek-mandallar-loa202-2\/#primaryimage\"},\"thumbnailUrl\":\"https:\/\/sxflightcase.com\/wp-content\/uploads\/2024\/07\/LOA202.jpg\",\"datePublished\":\"2024-07-29T06:38:50+00:00\",\"dateModified\":\"2024-07-29T06:38:51+00:00\",\"description\":\"Butterfly latches, factory direct! High-quality, reliable solutions for secure closures on flight cases and equipment. Ideal for professional and industrial use.\",\"breadcrumb\":{\"@id\":\"https:\/\/sxflightcase.com\/tr\/urun\/kelebek-mandallar-loa202-2\/#breadcrumb\"},\"inLanguage\":\"es\",\"potentialAction\":[{\"@type\":\"ReadAction\",\"target\":[\"https:\/\/sxflightcase.com\/tr\/urun\/kelebek-mandallar-loa202-2\/\"]}]},{\"@type\":\"ImageObject\",\"inLanguage\":\"es\",\"@id\":\"https:\/\/sxflightcase.com\/tr\/urun\/kelebek-mandallar-loa202-2\/#primaryimage\",\"url\":\"https:\/\/sxflightcase.com\/wp-content\/uploads\/2024\/07\/LOA202.jpg\",\"contentUrl\":\"https:\/\/sxflightcase.com\/wp-content\/uploads\/2024\/07\/LOA202.jpg\",\"width\":520,\"height\":460,\"caption\":\"Butterfly Latches\"},{\"@type\":\"BreadcrumbList\",\"@id\":\"https:\/\/sxflightcase.com\/tr\/urun\/kelebek-mandallar-loa202-2\/#breadcrumb\",\"itemListElement\":[{\"@type\":\"ListItem\",\"position\":1,\"name\":\"Home\",\"item\":\"https:\/\/sxflightcase.com\/\"},{\"@type\":\"ListItem\",\"position\":2,\"name\":\"\u0e2a\u0e34\u0e19\u0e04\u0e49\u0e32\",\"item\":\"https:\/\/sxflightcase.com\/th\/shop\/\"},{\"@type\":\"ListItem\",\"position\":3,\"name\":\"Butterfly Latches LOA202\"}]},{\"@type\":\"WebSite\",\"@id\":\"https:\/\/sxflightcase.com\/th\/#website\",\"url\":\"https:\/\/sxflightcase.com\/th\/\",\"name\":\"sxpowercase.com\",\"description\":\"Flight Case Factory\",\"publisher\":{\"@id\":\"https:\/\/sxflightcase.com\/th\/#organization\"},\"potentialAction\":[{\"@type\":\"SearchAction\",\"target\":{\"@type\":\"EntryPoint\",\"urlTemplate\":\"https:\/\/sxflightcase.com\/th\/?s={search_term_string}\"},\"query-input\":{\"@type\":\"PropertyValueSpecification\",\"valueRequired\":true,\"valueName\":\"search_term_string\"}}],\"inLanguage\":\"es\"},{\"@type\":\"Organization\",\"@id\":\"https:\/\/sxflightcase.com\/th\/#organization\",\"name\":\"sxpowercase.com\",\"url\":\"https:\/\/sxflightcase.com\/th\/\",\"logo\":{\"@type\":\"ImageObject\",\"inLanguage\":\"es\",\"@id\":\"https:\/\/sxflightcase.com\/th\/#\/schema\/logo\/image\/\",\"url\":\"https:\/\/sxflightcase.com\/wp-content\/uploads\/2024\/04\/1713919036007.jpg\",\"contentUrl\":\"https:\/\/sxflightcase.com\/wp-content\/uploads\/2024\/04\/1713919036007.jpg\",\"width\":382,\"height\":388,\"caption\":\"sxpowercase.com\"},\"image\":{\"@id\":\"https:\/\/sxflightcase.com\/th\/#\/schema\/logo\/image\/\"},\"sameAs\":[\"https:\/\/www.facebook.com\/profile.php?id=61560407257971\"],\"numberOfEmployees\":{\"@type\":\"QuantitativeValue\",\"minValue\":\"11\",\"maxValue\":\"50\"}}]}<\/script>\n<!-- \/ Yoast SEO Premium plugin. -->","yoast_head_json":{"title":"Butterfly Latches LOA202 - https:\/\/sxflightcase.com \ud83d\udc97","description":"Cierres de mariposa, \u00a1directos de f\u00e1brica! Soluciones fiables y de alta calidad para cierres seguros de flightcases y equipos. Ideales para uso profesional e industrial.","robots":{"index":"index","follow":"follow","max-snippet":"max-snippet:-1","max-image-preview":"max-image-preview:large","max-video-preview":"max-video-preview:-1"},"canonical":"https:\/\/sxflightcase.com\/es\/urun\/kelebek-mandallar-loa202-2\/","og_locale":"es_MX","og_type":"article","og_title":"Butterfly Latches LOA202","og_description":"Butterfly latches, factory direct! High-quality, reliable solutions for secure closures on flight cases and equipment. Ideal for professional and industrial use.","og_url":"https:\/\/sxflightcase.com\/es\/urun\/kelebek-mandallar-loa202-2\/","og_site_name":"https:\/\/sxflightcase.com","article_publisher":"https:\/\/www.facebook.com\/profile.php?id=61560407257971","article_modified_time":"2024-07-29T06:38:51+00:00","og_image":[{"width":520,"height":460,"url":"https:\/\/sxflightcase.com\/wp-content\/uploads\/2024\/07\/LOA202.jpg","type":"image\/jpeg"}],"twitter_card":"summary_large_image","twitter_misc":{"Tiempo de lectura":"3 minutos"},"schema":{"@context":"https:\/\/schema.org","@graph":[{"@type":"WebPage","@id":"https:\/\/sxflightcase.com\/tr\/urun\/kelebek-mandallar-loa202-2\/","url":"https:\/\/sxflightcase.com\/tr\/urun\/kelebek-mandallar-loa202-2\/","name":"Butterfly Latches LOA202 - https:\/\/sxflightcase.com \ud83d\udc97","isPartOf":{"@id":"https:\/\/sxflightcase.com\/th\/#website"},"primaryImageOfPage":{"@id":"https:\/\/sxflightcase.com\/tr\/urun\/kelebek-mandallar-loa202-2\/#primaryimage"},"image":{"@id":"https:\/\/sxflightcase.com\/tr\/urun\/kelebek-mandallar-loa202-2\/#primaryimage"},"thumbnailUrl":"https:\/\/sxflightcase.com\/wp-content\/uploads\/2024\/07\/LOA202.jpg","datePublished":"2024-07-29T06:38:50+00:00","dateModified":"2024-07-29T06:38:51+00:00","description":"Cierres de mariposa, \u00a1directos de f\u00e1brica! Soluciones fiables y de alta calidad para cierres seguros de flightcases y equipos. Ideales para uso profesional e industrial.","breadcrumb":{"@id":"https:\/\/sxflightcase.com\/tr\/urun\/kelebek-mandallar-loa202-2\/#breadcrumb"},"inLanguage":"es","potentialAction":[{"@type":"ReadAction","target":["https:\/\/sxflightcase.com\/tr\/urun\/kelebek-mandallar-loa202-2\/"]}]},{"@type":"ImageObject","inLanguage":"es","@id":"https:\/\/sxflightcase.com\/tr\/urun\/kelebek-mandallar-loa202-2\/#primaryimage","url":"https:\/\/sxflightcase.com\/wp-content\/uploads\/2024\/07\/LOA202.jpg","contentUrl":"https:\/\/sxflightcase.com\/wp-content\/uploads\/2024\/07\/LOA202.jpg","width":520,"height":460,"caption":"Butterfly Latches"},{"@type":"BreadcrumbList","@id":"https:\/\/sxflightcase.com\/tr\/urun\/kelebek-mandallar-loa202-2\/#breadcrumb","itemListElement":[{"@type":"ListItem","position":1,"name":"Home","item":"https:\/\/sxflightcase.com\/"},{"@type":"ListItem","position":2,"name":"\u0e2a\u0e34\u0e19\u0e04\u0e49\u0e32","item":"https:\/\/sxflightcase.com\/th\/shop\/"},{"@type":"ListItem","position":3,"name":"Butterfly Latches LOA202"}]},{"@type":"WebSite","@id":"https:\/\/sxflightcase.com\/th\/#website","url":"https:\/\/sxflightcase.com\/th\/","name":"es.sxpowercase.com","description":"F\u00e1brica de flightcases","publisher":{"@id":"https:\/\/sxflightcase.com\/th\/#organization"},"potentialAction":[{"@type":"SearchAction","target":{"@type":"EntryPoint","urlTemplate":"https:\/\/sxflightcase.com\/th\/?s={search_term_string}"},"query-input":{"@type":"PropertyValueSpecification","valueRequired":true,"valueName":"search_term_string"}}],"inLanguage":"es"},{"@type":"Organization","@id":"https:\/\/sxflightcase.com\/th\/#organization","name":"es.sxpowercase.com","url":"https:\/\/sxflightcase.com\/th\/","logo":{"@type":"ImageObject","inLanguage":"es","@id":"https:\/\/sxflightcase.com\/th\/#\/schema\/logo\/image\/","url":"https:\/\/sxflightcase.com\/wp-content\/uploads\/2024\/04\/1713919036007.jpg","contentUrl":"https:\/\/sxflightcase.com\/wp-content\/uploads\/2024\/04\/1713919036007.jpg","width":382,"height":388,"caption":"sxpowercase.com"},"image":{"@id":"https:\/\/sxflightcase.com\/th\/#\/schema\/logo\/image\/"},"sameAs":["https:\/\/www.facebook.com\/profile.php?id=61560407257971"],"numberOfEmployees":{"@type":"QuantitativeValue","minValue":"11","maxValue":"50"}}]}},"_links":{"self":[{"href":"https:\/\/sxflightcase.com\/es\/wp-json\/wp\/v2\/product\/3834","targetHints":{"allow":["GET"]}}],"collection":[{"href":"https:\/\/sxflightcase.com\/es\/wp-json\/wp\/v2\/product"}],"about":[{"href":"https:\/\/sxflightcase.com\/es\/wp-json\/wp\/v2\/types\/product"}],"replies":[{"embeddable":true,"href":"https:\/\/sxflightcase.com\/es\/wp-json\/wp\/v2\/comments?post=3834"}],"version-history":[{"count":0,"href":"https:\/\/sxflightcase.com\/es\/wp-json\/wp\/v2\/product\/3834\/revisions"}],"wp:featuredmedia":[{"embeddable":true,"href":"https:\/\/sxflightcase.com\/es\/wp-json\/wp\/v2\/media\/3775"}],"wp:attachment":[{"href":"https:\/\/sxflightcase.com\/es\/wp-json\/wp\/v2\/media?parent=3834"}],"wp:term":[{"taxonomy":"product_brand","embeddable":true,"href":"https:\/\/sxflightcase.com\/es\/wp-json\/wp\/v2\/product_brand?post=3834"},{"taxonomy":"product_cat","embeddable":true,"href":"https:\/\/sxflightcase.com\/es\/wp-json\/wp\/v2\/product_cat?post=3834"},{"taxonomy":"product_tag","embeddable":true,"href":"https:\/\/sxflightcase.com\/es\/wp-json\/wp\/v2\/product_tag?post=3834"}],"curies":[{"name":"wp","href":"https:\/\/api.w.org\/{rel}","templated":true}]}}