{"id":3885,"date":"2024-07-30T09:05:49","date_gmt":"2024-07-30T08:05:49","guid":{"rendered":"https:\/\/sxpowercase.com\/?post_type=product&#038;p=3885"},"modified":"2024-07-30T09:05:49","modified_gmt":"2024-07-30T08:05:49","slug":"flight-case-locks-loa207","status":"publish","type":"product","link":"https:\/\/sxflightcase.com\/es\/producto\/cerraduras-de-flight-case-loa207\/","title":{"rendered":"Cerraduras para maletas de vuelo LOA207"},"content":{"rendered":"<h2>Asegure su equipo con las cerraduras para flightcases SX<\/h2>\n<h3>Seguridad fiable para sus equipos<\/h3>\n<p>Cuando se trata de proteger equipos valiosos durante el transporte, las cerraduras SX Flight Case Locks ofrecen la m\u00e1xima seguridad. Estas cerraduras est\u00e1n dise\u00f1adas espec\u00edficamente para mantener su equipo seguro y protegido, evitando el acceso no autorizado y garantizando su tranquilidad.<\/p>\n<h3>Venta directa de f\u00e1brica: Asequible y de alta calidad<\/h3>\n<p>En SX, creemos en ofrecer productos de la m\u00e1xima calidad a precios asequibles. Nuestras cerraduras de flight case est\u00e1n disponibles a trav\u00e9s de ventas directas de f\u00e1brica, lo que nos permite ofrecer precios competitivos sin sacrificar la calidad. Al eliminar a los intermediarios, le trasladamos el ahorro directamente a usted, ofreci\u00e9ndole un valor excepcional por su inversi\u00f3n.<\/p>\n<h3>Calidad en la que puede confiar<\/h3>\n<p>Cada <a href=\"https:\/\/sxpowercase.com\/\" target=\"_blank\" rel=\"noopener\" title=\"SX\" data-wpil-monitor-id=\"608\">SX<\/a> Flight Case Lock se fabrica con los m\u00e1s altos est\u00e1ndares de garant\u00eda de calidad. Utilizamos materiales robustos e ingenier\u00eda de precisi\u00f3n para garantizar que nuestras cerraduras sean duraderas y fiables. Tanto si se trata de asegurar un peque\u00f1o malet\u00edn de accesorios como un gran ba\u00fal de equipos, nuestros candados est\u00e1n fabricados para soportar los rigores de los viajes y el uso frecuente.<\/p>\n<h3>F\u00e1cil instalaci\u00f3n y uso<\/h3>\n<p>Las cerraduras para flightcases SX est\u00e1n dise\u00f1adas para facilitar su instalaci\u00f3n y uso. Se instalan r\u00e1pidamente en cualquier flight case y proporcionan un mecanismo de cierre seguro, resistente y f\u00e1cil de usar. Con un funcionamiento sencillo y una construcci\u00f3n robusta, estas cerraduras ofrecen una soluci\u00f3n sin complicaciones para salvaguardar su equipo.<\/p>\n<h3>Opciones de personalizaci\u00f3n disponibles<\/h3>\n<p>Conscientes de que cada flight case puede tener requisitos \u00fanicos, SX ofrece opciones de personalizaci\u00f3n para nuestras cerraduras. Ofrecemos varios estilos y acabados de cerraduras que se adaptan a sus necesidades espec\u00edficas, garantizando que su flight case no s\u00f3lo funcione de forma segura, sino que tambi\u00e9n tenga un aspecto profesional. Nuestro equipo est\u00e1 a su disposici\u00f3n para ayudarle a elegir la mejor cerradura para su flight case.<\/p>\n<h3>Soluci\u00f3n de seguridad rentable<\/h3>\n<p>Elegir SX Flight Case Locks significa optar por una soluci\u00f3n de seguridad rentable. Nuestro modelo directo de f\u00e1brica le garantiza que recibir\u00e1 cerraduras de alta calidad a uno de los precios m\u00e1s bajos del mercado. Nos comprometemos a ofrecer una seguridad asequible sin comprometer la durabilidad y fiabilidad de nuestros productos.<\/p>\n<h3>Aplicaci\u00f3n vers\u00e1til<\/h3>\n<p>Las cerraduras SX Flight Case Locks son vers\u00e1tiles, lo que las hace adecuadas para una amplia gama de aplicaciones. Tanto si transporta instrumentos musicales, equipos electr\u00f3nicos o herramientas delicadas, nuestras cerraduras le ofrecen la seguridad que necesita. Son perfectas para profesionales de la industria musical, eventos y cualquier campo en el que el transporte seguro de equipos sea esencial.<\/p>\n<h3>\u00bfPor qu\u00e9 elegir SX?<\/h3>\n<p>Con SX, est\u00e1 eligiendo una marca que prioriza la calidad, la asequibilidad y la satisfacci\u00f3n del cliente. Nuestras cerraduras para flightcases est\u00e1n dise\u00f1adas para proporcionar una seguridad fiable, con las ventajas a\u00f1adidas de un precio directo de f\u00e1brica y opciones de personalizaci\u00f3n. SX es su socio de confianza para todas sus necesidades de seguridad de flightcases.<\/p>\n<h3>M\u00e1s informaci\u00f3n<\/h3>\n<p>\u00bfEst\u00e1 preparado para mejorar la seguridad de sus flight cases? P\u00f3ngase en contacto con SX hoy mismo para obtener m\u00e1s informaci\u00f3n sobre nuestra gama de cerraduras para flightcases. Nuestro equipo de expertos est\u00e1 preparado para ayudarle a elegir los mejores cierres para sus necesidades, garantizando que su equipo est\u00e9 protegido en todo momento. Conf\u00ede en SX para obtener soluciones de cierre fiables, asequibles y de alta calidad.<\/p>\n<p>Cont\u00e1ctenos ahora:<span style=\"color: #0000ff;\"><a style=\"color: #0000ff;\" href=\"https:\/\/sxpowercase.com\/contact-us\/\">https:\/\/sxpowercase.com\/<\/a><\/span><\/p>\n<p>Cat\u00e1logo de productos de hardware:<span style=\"color: #3366ff;\"><a style=\"color: #3366ff;\" href=\"https:\/\/sxpowercase.com\/wp-content\/uploads\/2024\/07\/\u4e94\u91d1.pdf\">Cat\u00e1logo de accesorios de ferreter\u00eda<\/a><\/span><\/p>","protected":false},"excerpt":{"rendered":"<div class=\"flex-shrink-0 flex flex-col relative items-end\">\n<div>\n<div class=\"pt-0\">\n<div class=\"gizmo-bot-avatar flex h-8 w-8 items-center justify-center overflow-hidden rounded-full\">\n<div class=\"relative p-1 rounded-sm flex items-center justify-center bg-token-main-surface-primary text-token-text-primary h-8 w-8\"><\/div>\n<\/div>\n<\/div>\n<\/div>\n<\/div>\n<div class=\"group\/conversation-turn relative flex w-full min-w-0 flex-col agent-turn\">\n<div class=\"flex-col gap-1 md:gap-3\">\n<div class=\"flex flex-grow flex-col max-w-full\">\n<div class=\"min-h-[20px] text-message flex w-full flex-col items-end gap-2 whitespace-pre-wrap break-words [.text-message+&amp;]:mt-5 overflow-x-auto\" dir=\"auto\" data-message-author-role=\"assistant\" data-message-id=\"f2bd0781-0ac1-40b4-8361-25f7ecc8518d\">\n<div class=\"flex w-full flex-col gap-1 empty:hidden first:pt-[3px]\">\n<div class=\"markdown prose w-full break-words dark:prose-invert light\">\n<h3>Ultimate Security with SX Flight Case Locks<\/h3>\n<p>Protect your valuable equipment with SX Flight Case Locks, designed to prevent unauthorised access. Our locks ensure peace of mind during transport with robust and reliable security.<\/p>\n<h3>Affordable, High-Quality Locks<\/h3>\n<p>Enjoy top-quality SX Flight Case Locks at competitive prices through factory-direct sales. We provide exceptional value without compromising on quality, passing savings directly to you.<\/p>\n<h3>Easy Installation and Customisation<\/h3>\n<p>SX Flight Case Locks are easy to install and offer customisation options to fit your specific needs. Secure your equipment effortlessly with strong, user-friendly locks that look professional.<\/p>\n<\/div>\n<\/div>\n<\/div>\n<\/div>\n<\/div>\n<\/div>\n","protected":false},"featured_media":3780,"comment_status":"open","ping_status":"closed","template":"","meta":[],"product_brand":[],"product_cat":[61],"product_tag":[],"class_list":{"0":"post-3885","1":"product","2":"type-product","3":"status-publish","4":"has-post-thumbnail","6":"product_cat-catchother-locks","8":"first","9":"instock","10":"shipping-taxable","11":"product-type-simple"},"yoast_head":"<!-- This site is optimized with the Yoast SEO Premium plugin v27.1 (Yoast SEO v27.2) - https:\/\/yoast.com\/product\/yoast-seo-premium-wordpress\/ -->\n<title>Flight Case Locks LOA207 - https:\/\/sxflightcase.com \ud83d\udc97<\/title>\n<meta name=\"description\" content=\"Flight case locks, factory direct! High-quality, secure locking solutions for protecting your equipment during transport. Ideal for professionals and industry use.\" \/>\n<meta name=\"robots\" content=\"index, follow, max-snippet:-1, max-image-preview:large, max-video-preview:-1\" \/>\n<link rel=\"canonical\" href=\"https:\/\/sxflightcase.com\/es\/\u0e1c\u0e25\u0e34\u0e15\u0e20\u0e31\u0e13\u0e11\u0e4c\/flight-case-locks-loa207\/\" \/>\n<meta property=\"og:locale\" content=\"es_MX\" \/>\n<meta property=\"og:type\" content=\"article\" \/>\n<meta property=\"og:title\" content=\"Flight Case Locks LOA207\" \/>\n<meta property=\"og:description\" content=\"Flight case locks, factory direct! High-quality, secure locking solutions for protecting your equipment during transport. Ideal for professionals and industry use.\" \/>\n<meta property=\"og:url\" content=\"https:\/\/sxflightcase.com\/es\/\u0e1c\u0e25\u0e34\u0e15\u0e20\u0e31\u0e13\u0e11\u0e4c\/flight-case-locks-loa207\/\" \/>\n<meta property=\"og:site_name\" content=\"https:\/\/sxflightcase.com\" \/>\n<meta property=\"article:publisher\" content=\"https:\/\/www.facebook.com\/profile.php?id=61560407257971\" \/>\n<meta property=\"og:image\" content=\"https:\/\/sxflightcase.com\/wp-content\/uploads\/2024\/07\/LOA207.jpg\" \/>\n\t<meta property=\"og:image:width\" content=\"520\" \/>\n\t<meta property=\"og:image:height\" content=\"410\" \/>\n\t<meta property=\"og:image:type\" content=\"image\/jpeg\" \/>\n<meta name=\"twitter:card\" content=\"summary_large_image\" \/>\n<meta name=\"twitter:label1\" content=\"Tiempo de lectura\" \/>\n\t<meta name=\"twitter:data1\" content=\"3 minutos\" \/>\n<script type=\"application\/ld+json\" class=\"yoast-schema-graph\">{\"@context\":\"https:\/\/schema.org\",\"@graph\":[{\"@type\":\"WebPage\",\"@id\":\"https:\/\/sxflightcase.com\/th\/\u0e1c\u0e25\u0e34\u0e15\u0e20\u0e31\u0e13\u0e11\u0e4c\/flight-case-locks-loa207\/\",\"url\":\"https:\/\/sxflightcase.com\/th\/\u0e1c\u0e25\u0e34\u0e15\u0e20\u0e31\u0e13\u0e11\u0e4c\/flight-case-locks-loa207\/\",\"name\":\"Flight Case Locks LOA207 - https:\/\/sxflightcase.com \ud83d\udc97\",\"isPartOf\":{\"@id\":\"https:\/\/sxflightcase.com\/th\/#website\"},\"primaryImageOfPage\":{\"@id\":\"https:\/\/sxflightcase.com\/th\/\u0e1c\u0e25\u0e34\u0e15\u0e20\u0e31\u0e13\u0e11\u0e4c\/flight-case-locks-loa207\/#primaryimage\"},\"image\":{\"@id\":\"https:\/\/sxflightcase.com\/th\/\u0e1c\u0e25\u0e34\u0e15\u0e20\u0e31\u0e13\u0e11\u0e4c\/flight-case-locks-loa207\/#primaryimage\"},\"thumbnailUrl\":\"https:\/\/sxflightcase.com\/wp-content\/uploads\/2024\/07\/LOA207.jpg\",\"datePublished\":\"2024-07-30T08:05:49+00:00\",\"description\":\"Flight case locks, factory direct! High-quality, secure locking solutions for protecting your equipment during transport. Ideal for professionals and industry use.\",\"breadcrumb\":{\"@id\":\"https:\/\/sxflightcase.com\/th\/\u0e1c\u0e25\u0e34\u0e15\u0e20\u0e31\u0e13\u0e11\u0e4c\/flight-case-locks-loa207\/#breadcrumb\"},\"inLanguage\":\"es\",\"potentialAction\":[{\"@type\":\"ReadAction\",\"target\":[\"https:\/\/sxflightcase.com\/th\/\u0e1c\u0e25\u0e34\u0e15\u0e20\u0e31\u0e13\u0e11\u0e4c\/flight-case-locks-loa207\/\"]}]},{\"@type\":\"ImageObject\",\"inLanguage\":\"es\",\"@id\":\"https:\/\/sxflightcase.com\/th\/\u0e1c\u0e25\u0e34\u0e15\u0e20\u0e31\u0e13\u0e11\u0e4c\/flight-case-locks-loa207\/#primaryimage\",\"url\":\"https:\/\/sxflightcase.com\/wp-content\/uploads\/2024\/07\/LOA207.jpg\",\"contentUrl\":\"https:\/\/sxflightcase.com\/wp-content\/uploads\/2024\/07\/LOA207.jpg\",\"width\":520,\"height\":410,\"caption\":\"Flight Case Locks\"},{\"@type\":\"BreadcrumbList\",\"@id\":\"https:\/\/sxflightcase.com\/th\/\u0e1c\u0e25\u0e34\u0e15\u0e20\u0e31\u0e13\u0e11\u0e4c\/flight-case-locks-loa207\/#breadcrumb\",\"itemListElement\":[{\"@type\":\"ListItem\",\"position\":1,\"name\":\"Home\",\"item\":\"https:\/\/sxflightcase.com\/\"},{\"@type\":\"ListItem\",\"position\":2,\"name\":\"\u0e2a\u0e34\u0e19\u0e04\u0e49\u0e32\",\"item\":\"https:\/\/sxflightcase.com\/th\/shop\/\"},{\"@type\":\"ListItem\",\"position\":3,\"name\":\"Flight Case Locks LOA207\"}]},{\"@type\":\"WebSite\",\"@id\":\"https:\/\/sxflightcase.com\/th\/#website\",\"url\":\"https:\/\/sxflightcase.com\/th\/\",\"name\":\"sxpowercase.com\",\"description\":\"Flight Case Factory\",\"publisher\":{\"@id\":\"https:\/\/sxflightcase.com\/th\/#organization\"},\"potentialAction\":[{\"@type\":\"SearchAction\",\"target\":{\"@type\":\"EntryPoint\",\"urlTemplate\":\"https:\/\/sxflightcase.com\/th\/?s={search_term_string}\"},\"query-input\":{\"@type\":\"PropertyValueSpecification\",\"valueRequired\":true,\"valueName\":\"search_term_string\"}}],\"inLanguage\":\"es\"},{\"@type\":\"Organization\",\"@id\":\"https:\/\/sxflightcase.com\/th\/#organization\",\"name\":\"sxpowercase.com\",\"url\":\"https:\/\/sxflightcase.com\/th\/\",\"logo\":{\"@type\":\"ImageObject\",\"inLanguage\":\"es\",\"@id\":\"https:\/\/sxflightcase.com\/th\/#\/schema\/logo\/image\/\",\"url\":\"https:\/\/sxflightcase.com\/wp-content\/uploads\/2024\/04\/1713919036007.jpg\",\"contentUrl\":\"https:\/\/sxflightcase.com\/wp-content\/uploads\/2024\/04\/1713919036007.jpg\",\"width\":382,\"height\":388,\"caption\":\"sxpowercase.com\"},\"image\":{\"@id\":\"https:\/\/sxflightcase.com\/th\/#\/schema\/logo\/image\/\"},\"sameAs\":[\"https:\/\/www.facebook.com\/profile.php?id=61560407257971\"],\"numberOfEmployees\":{\"@type\":\"QuantitativeValue\",\"minValue\":\"11\",\"maxValue\":\"50\"}}]}<\/script>\n<!-- \/ Yoast SEO Premium plugin. -->","yoast_head_json":{"title":"Flight Case Locks LOA207 - https:\/\/sxflightcase.com \ud83d\udc97","description":"Cerraduras para flightcases, \u00a1directas de f\u00e1brica! Soluciones de cierre seguras y de alta calidad para proteger sus equipos durante el transporte. Ideales para uso profesional e industrial.","robots":{"index":"index","follow":"follow","max-snippet":"max-snippet:-1","max-image-preview":"max-image-preview:large","max-video-preview":"max-video-preview:-1"},"canonical":"https:\/\/sxflightcase.com\/es\/\u0e1c\u0e25\u0e34\u0e15\u0e20\u0e31\u0e13\u0e11\u0e4c\/flight-case-locks-loa207\/","og_locale":"es_MX","og_type":"article","og_title":"Flight Case Locks LOA207","og_description":"Flight case locks, factory direct! High-quality, secure locking solutions for protecting your equipment during transport. Ideal for professionals and industry use.","og_url":"https:\/\/sxflightcase.com\/es\/\u0e1c\u0e25\u0e34\u0e15\u0e20\u0e31\u0e13\u0e11\u0e4c\/flight-case-locks-loa207\/","og_site_name":"https:\/\/sxflightcase.com","article_publisher":"https:\/\/www.facebook.com\/profile.php?id=61560407257971","og_image":[{"width":520,"height":410,"url":"https:\/\/sxflightcase.com\/wp-content\/uploads\/2024\/07\/LOA207.jpg","type":"image\/jpeg"}],"twitter_card":"summary_large_image","twitter_misc":{"Tiempo de lectura":"3 minutos"},"schema":{"@context":"https:\/\/schema.org","@graph":[{"@type":"WebPage","@id":"https:\/\/sxflightcase.com\/th\/\u0e1c\u0e25\u0e34\u0e15\u0e20\u0e31\u0e13\u0e11\u0e4c\/flight-case-locks-loa207\/","url":"https:\/\/sxflightcase.com\/th\/\u0e1c\u0e25\u0e34\u0e15\u0e20\u0e31\u0e13\u0e11\u0e4c\/flight-case-locks-loa207\/","name":"Flight Case Locks LOA207 - https:\/\/sxflightcase.com \ud83d\udc97","isPartOf":{"@id":"https:\/\/sxflightcase.com\/th\/#website"},"primaryImageOfPage":{"@id":"https:\/\/sxflightcase.com\/th\/\u0e1c\u0e25\u0e34\u0e15\u0e20\u0e31\u0e13\u0e11\u0e4c\/flight-case-locks-loa207\/#primaryimage"},"image":{"@id":"https:\/\/sxflightcase.com\/th\/\u0e1c\u0e25\u0e34\u0e15\u0e20\u0e31\u0e13\u0e11\u0e4c\/flight-case-locks-loa207\/#primaryimage"},"thumbnailUrl":"https:\/\/sxflightcase.com\/wp-content\/uploads\/2024\/07\/LOA207.jpg","datePublished":"2024-07-30T08:05:49+00:00","description":"Cerraduras para flightcases, \u00a1directas de f\u00e1brica! Soluciones de cierre seguras y de alta calidad para proteger sus equipos durante el transporte. Ideales para uso profesional e industrial.","breadcrumb":{"@id":"https:\/\/sxflightcase.com\/th\/\u0e1c\u0e25\u0e34\u0e15\u0e20\u0e31\u0e13\u0e11\u0e4c\/flight-case-locks-loa207\/#breadcrumb"},"inLanguage":"es","potentialAction":[{"@type":"ReadAction","target":["https:\/\/sxflightcase.com\/th\/\u0e1c\u0e25\u0e34\u0e15\u0e20\u0e31\u0e13\u0e11\u0e4c\/flight-case-locks-loa207\/"]}]},{"@type":"ImageObject","inLanguage":"es","@id":"https:\/\/sxflightcase.com\/th\/\u0e1c\u0e25\u0e34\u0e15\u0e20\u0e31\u0e13\u0e11\u0e4c\/flight-case-locks-loa207\/#primaryimage","url":"https:\/\/sxflightcase.com\/wp-content\/uploads\/2024\/07\/LOA207.jpg","contentUrl":"https:\/\/sxflightcase.com\/wp-content\/uploads\/2024\/07\/LOA207.jpg","width":520,"height":410,"caption":"Flight Case Locks"},{"@type":"BreadcrumbList","@id":"https:\/\/sxflightcase.com\/th\/\u0e1c\u0e25\u0e34\u0e15\u0e20\u0e31\u0e13\u0e11\u0e4c\/flight-case-locks-loa207\/#breadcrumb","itemListElement":[{"@type":"ListItem","position":1,"name":"Home","item":"https:\/\/sxflightcase.com\/"},{"@type":"ListItem","position":2,"name":"\u0e2a\u0e34\u0e19\u0e04\u0e49\u0e32","item":"https:\/\/sxflightcase.com\/th\/shop\/"},{"@type":"ListItem","position":3,"name":"Flight Case Locks LOA207"}]},{"@type":"WebSite","@id":"https:\/\/sxflightcase.com\/th\/#website","url":"https:\/\/sxflightcase.com\/th\/","name":"es.sxpowercase.com","description":"F\u00e1brica de flightcases","publisher":{"@id":"https:\/\/sxflightcase.com\/th\/#organization"},"potentialAction":[{"@type":"SearchAction","target":{"@type":"EntryPoint","urlTemplate":"https:\/\/sxflightcase.com\/th\/?s={search_term_string}"},"query-input":{"@type":"PropertyValueSpecification","valueRequired":true,"valueName":"search_term_string"}}],"inLanguage":"es"},{"@type":"Organization","@id":"https:\/\/sxflightcase.com\/th\/#organization","name":"es.sxpowercase.com","url":"https:\/\/sxflightcase.com\/th\/","logo":{"@type":"ImageObject","inLanguage":"es","@id":"https:\/\/sxflightcase.com\/th\/#\/schema\/logo\/image\/","url":"https:\/\/sxflightcase.com\/wp-content\/uploads\/2024\/04\/1713919036007.jpg","contentUrl":"https:\/\/sxflightcase.com\/wp-content\/uploads\/2024\/04\/1713919036007.jpg","width":382,"height":388,"caption":"sxpowercase.com"},"image":{"@id":"https:\/\/sxflightcase.com\/th\/#\/schema\/logo\/image\/"},"sameAs":["https:\/\/www.facebook.com\/profile.php?id=61560407257971"],"numberOfEmployees":{"@type":"QuantitativeValue","minValue":"11","maxValue":"50"}}]}},"_links":{"self":[{"href":"https:\/\/sxflightcase.com\/es\/wp-json\/wp\/v2\/product\/3885","targetHints":{"allow":["GET"]}}],"collection":[{"href":"https:\/\/sxflightcase.com\/es\/wp-json\/wp\/v2\/product"}],"about":[{"href":"https:\/\/sxflightcase.com\/es\/wp-json\/wp\/v2\/types\/product"}],"replies":[{"embeddable":true,"href":"https:\/\/sxflightcase.com\/es\/wp-json\/wp\/v2\/comments?post=3885"}],"version-history":[{"count":0,"href":"https:\/\/sxflightcase.com\/es\/wp-json\/wp\/v2\/product\/3885\/revisions"}],"wp:featuredmedia":[{"embeddable":true,"href":"https:\/\/sxflightcase.com\/es\/wp-json\/wp\/v2\/media\/3780"}],"wp:attachment":[{"href":"https:\/\/sxflightcase.com\/es\/wp-json\/wp\/v2\/media?parent=3885"}],"wp:term":[{"taxonomy":"product_brand","embeddable":true,"href":"https:\/\/sxflightcase.com\/es\/wp-json\/wp\/v2\/product_brand?post=3885"},{"taxonomy":"product_cat","embeddable":true,"href":"https:\/\/sxflightcase.com\/es\/wp-json\/wp\/v2\/product_cat?post=3885"},{"taxonomy":"product_tag","embeddable":true,"href":"https:\/\/sxflightcase.com\/es\/wp-json\/wp\/v2\/product_tag?post=3885"}],"curies":[{"name":"wp","href":"https:\/\/api.w.org\/{rel}","templated":true}]}}