{"id":3897,"date":"2024-07-31T08:25:57","date_gmt":"2024-07-31T07:25:57","guid":{"rendered":"https:\/\/sxpowercase.com\/?post_type=product&#038;p=3897"},"modified":"2024-07-31T08:25:58","modified_gmt":"2024-07-31T07:25:58","slug":"flight-case-lock-loa209","status":"publish","type":"product","link":"https:\/\/sxflightcase.com\/es\/producto\/flight-case-lock-loa209\/","title":{"rendered":"Cerradura para maleta de vuelo LOA209"},"content":{"rendered":"<h2>Asegure su equipo con SX Flight Case Lock<\/h2>\n<h3>Protecci\u00f3n fiable para sus objetos de valor<\/h3>\n<p>Cuando se trata de transportar equipos valiosos, la seguridad es una prioridad absoluta. SX Flight Case Lock ofrece una soluci\u00f3n fiable para mantener su equipo a salvo de accesos no autorizados. Dise\u00f1adas para facilitar su uso, estas cerraduras ofrecen una seguridad robusta para una amplia gama de flight cases, garantizando la protecci\u00f3n de sus pertenencias durante el transporte.<\/p>\n<h3>Calidad y asequibilidad directamente de f\u00e1brica<\/h3>\n<p>En <a href=\"https:\/\/sxpowercase.com\/\" target=\"_blank\" rel=\"noopener\" title=\"SX\" data-wpil-monitor-id=\"610\">SX<\/a>Creemos que la seguridad de alta calidad debe estar al alcance de todos. Por eso ofrecemos nuestras cerraduras Flight Case a trav\u00e9s de un modelo directo de f\u00e1brica. Este enfoque nos permite mantener un estricto control de calidad al tiempo que mantenemos los precios bajos. Al eliminar a los intermediarios, proporcionamos a nuestros clientes productos de primera calidad a precios asequibles, lo que le garantiza la mejor relaci\u00f3n calidad-precio.<\/p>\n<h3>Fabricados para durar con garant\u00eda de calidad<\/h3>\n<p>Nuestras cerraduras para flightcases est\u00e1n fabricadas con materiales resistentes que garantizan un rendimiento duradero. Cada cerradura se somete a rigurosas pruebas para cumplir nuestras normas de garant\u00eda de calidad. Este compromiso con la excelencia significa que puede confiar en que las cerraduras SX proteger\u00e1n su equipo de forma fiable, viaje tras viaje. Tanto si es un m\u00fasico de gira, un profesional de eventos o un t\u00e9cnico, nuestras cerraduras le proporcionar\u00e1n la tranquilidad que necesita.<\/p>\n<h3>F\u00e1cil instalaci\u00f3n y personalizaci\u00f3n<\/h3>\n<p>Las cerraduras SX Flight Case Locks no s\u00f3lo son seguras, sino tambi\u00e9n f\u00e1ciles de usar. Son f\u00e1ciles de instalar, lo que los convierte en una opci\u00f3n pr\u00e1ctica para una protecci\u00f3n r\u00e1pida y eficaz. Adem\u00e1s, ofrecemos opciones de personalizaci\u00f3n que se adaptan a sus necesidades espec\u00edficas. Tanto si necesita tipos de cerradura, acabados o configuraciones particulares, nuestro servicio de personalizaci\u00f3n puede ofrecerle la soluci\u00f3n perfecta para sus flight cases.<\/p>\n<h3>Soluciones de seguridad asequibles<\/h3>\n<p>La asequibilidad es clave en SX. Nuestro modelo de venta directa de f\u00e1brica nos permite ofrecer nuestras Flight Case Locks a precios competitivos. Comprendemos la importancia de las opciones asequibles, especialmente para los profesionales que necesitan soluciones de seguridad fiables sin arruinarse. Con SX, obtendr\u00e1 cerraduras de alta calidad que no comprometen la seguridad ni el coste.<\/p>\n<h3>Vers\u00e1til y fiable<\/h3>\n<p>Las cerraduras SX Flight Case Locks son vers\u00e1tiles y se adaptan a varios tipos de equipos y maletas. Desde instrumentos musicales y aparatos electr\u00f3nicos hasta herramientas delicadas, nuestros candados est\u00e1n dise\u00f1ados para proteger una amplia gama de art\u00edculos. Son un accesorio esencial para cualquiera que desee proteger su equipo de da\u00f1os o robos durante el transporte.<\/p>\n<h3>\u00bfPor qu\u00e9 elegir SX?<\/h3>\n<p>Elegir SX significa elegir calidad, fiabilidad y asequibilidad. Nuestras cerraduras para flightcases est\u00e1n dise\u00f1adas teniendo en cuenta las necesidades del usuario y ofrecen una combinaci\u00f3n de seguridad y comodidad. Gracias a nuestro compromiso con los precios directos de f\u00e1brica, la garant\u00eda de calidad y la personalizaci\u00f3n, SX destaca como una marca de confianza en el sector.<\/p>\n<h3>Cont\u00e1ctenos hoy<\/h3>\n<p>No ponga en peligro la seguridad de su valioso equipo. Invierta en SX Flight Case Locks para obtener una protecci\u00f3n fiable a un precio inmejorable. P\u00f3ngase en contacto con nosotros hoy mismo para explorar nuestra gama de soluciones de cierre y encontrar el cierre perfecto para sus necesidades. Nuestro amable equipo est\u00e1 listo para ayudarle a elegir las mejores opciones para salvaguardar su equipo. Conf\u00ede en SX para todas sus necesidades de seguridad de flightcases.<\/p>\n<p>Cont\u00e1ctenos ahora:<span style=\"color: #0000ff;\"><a style=\"color: #0000ff;\" href=\"https:\/\/sxpowercase.com\/contact-us\/\">https:\/\/sxpowercase.com\/<\/a><\/span><\/p>\n<p>Cat\u00e1logo de productos de hardware:<span style=\"color: #3366ff;\"><a style=\"color: #3366ff;\" href=\"https:\/\/sxpowercase.com\/wp-content\/uploads\/2024\/07\/\u4e94\u91d1.pdf\">Cat\u00e1logo de accesorios de ferreter\u00eda<\/a><\/span><\/p>","protected":false},"excerpt":{"rendered":"<div class=\"flex-shrink-0 flex flex-col relative items-end\">\n<div>\n<div class=\"pt-0\">\n<div class=\"gizmo-bot-avatar flex h-8 w-8 items-center justify-center overflow-hidden rounded-full\">\n<div class=\"relative p-1 rounded-sm flex items-center justify-center bg-token-main-surface-primary text-token-text-primary h-8 w-8\"><\/div>\n<\/div>\n<\/div>\n<\/div>\n<\/div>\n<div class=\"group\/conversation-turn relative flex w-full min-w-0 flex-col agent-turn\">\n<div class=\"flex-col gap-1 md:gap-3\">\n<div class=\"flex flex-grow flex-col max-w-full\">\n<div class=\"min-h-[20px] text-message flex w-full flex-col items-end gap-2 whitespace-pre-wrap break-words [.text-message+&amp;]:mt-5 overflow-x-auto\" dir=\"auto\" data-message-author-role=\"assistant\" data-message-id=\"f2bd0781-0ac1-40b4-8361-25f7ecc8518d\">\n<div class=\"flex w-full flex-col gap-1 empty:hidden first:pt-[3px]\">\n<div class=\"markdown prose w-full break-words dark:prose-invert light\">\n<h3>Ultimate Security with SX Flight Case Locks<\/h3>\n<p>Protect your valuable equipment with SX Flight Case Locks, designed to prevent unauthorised access. Our locks ensure peace of mind during transport with robust and reliable security.<\/p>\n<h3>Affordable, High-Quality Locks<\/h3>\n<p>Enjoy top-quality SX Flight Case Locks at competitive prices through factory-direct sales. We provide exceptional value without compromising on quality, passing savings directly to you.<\/p>\n<h3>Easy Installation and Customisation<\/h3>\n<p>SX Flight Case Locks are easy to install and offer customisation options to fit your specific needs. Secure your equipment effortlessly with strong, user-friendly locks that look professional.<\/p>\n<\/div>\n<\/div>\n<\/div>\n<\/div>\n<\/div>\n<\/div>\n","protected":false},"featured_media":3782,"comment_status":"open","ping_status":"closed","template":"","meta":[],"product_brand":[],"product_cat":[61],"product_tag":[],"class_list":{"0":"post-3897","1":"product","2":"type-product","3":"status-publish","4":"has-post-thumbnail","6":"product_cat-catchother-locks","8":"first","9":"instock","10":"shipping-taxable","11":"product-type-simple"},"yoast_head":"<!-- This site is optimized with the Yoast SEO Premium plugin v27.1 (Yoast SEO v27.2) - https:\/\/yoast.com\/product\/yoast-seo-premium-wordpress\/ -->\n<title>Flight Case Lock LOA209 - https:\/\/sxflightcase.com \ud83d\udc97<\/title>\n<meta name=\"description\" content=\"Flight case lock, factory direct! High-quality, secure locking solutions for protecting your equipment during transport. Ideal for professionals and industry use.\" \/>\n<meta name=\"robots\" content=\"index, follow, max-snippet:-1, max-image-preview:large, max-video-preview:-1\" \/>\n<link rel=\"canonical\" href=\"https:\/\/sxflightcase.com\/es\/urun\/ucus-cantasi-ki\u0307li\u0307di\u0307-loa209-2\/\" \/>\n<meta property=\"og:locale\" content=\"es_MX\" \/>\n<meta property=\"og:type\" content=\"article\" \/>\n<meta property=\"og:title\" content=\"Flight Case Lock LOA209\" \/>\n<meta property=\"og:description\" content=\"Flight case lock, factory direct! High-quality, secure locking solutions for protecting your equipment during transport. Ideal for professionals and industry use.\" \/>\n<meta property=\"og:url\" content=\"https:\/\/sxflightcase.com\/es\/urun\/ucus-cantasi-ki\u0307li\u0307di\u0307-loa209-2\/\" \/>\n<meta property=\"og:site_name\" content=\"https:\/\/sxflightcase.com\" \/>\n<meta property=\"article:publisher\" content=\"https:\/\/www.facebook.com\/profile.php?id=61560407257971\" \/>\n<meta property=\"article:modified_time\" content=\"2024-07-31T07:25:58+00:00\" \/>\n<meta property=\"og:image\" content=\"https:\/\/sxflightcase.com\/wp-content\/uploads\/2024\/07\/LOA209.jpg\" \/>\n\t<meta property=\"og:image:width\" content=\"520\" \/>\n\t<meta property=\"og:image:height\" content=\"458\" \/>\n\t<meta property=\"og:image:type\" content=\"image\/jpeg\" \/>\n<meta name=\"twitter:card\" content=\"summary_large_image\" \/>\n<meta name=\"twitter:label1\" content=\"Tiempo de lectura\" \/>\n\t<meta name=\"twitter:data1\" content=\"3 minutos\" \/>\n<script type=\"application\/ld+json\" class=\"yoast-schema-graph\">{\"@context\":\"https:\/\/schema.org\",\"@graph\":[{\"@type\":\"WebPage\",\"@id\":\"https:\/\/sxflightcase.com\/tr\/urun\/ucus-cantasi-ki\u0307li\u0307di\u0307-loa209-2\/\",\"url\":\"https:\/\/sxflightcase.com\/tr\/urun\/ucus-cantasi-ki\u0307li\u0307di\u0307-loa209-2\/\",\"name\":\"Flight Case Lock LOA209 - https:\/\/sxflightcase.com \ud83d\udc97\",\"isPartOf\":{\"@id\":\"https:\/\/sxflightcase.com\/th\/#website\"},\"primaryImageOfPage\":{\"@id\":\"https:\/\/sxflightcase.com\/tr\/urun\/ucus-cantasi-ki\u0307li\u0307di\u0307-loa209-2\/#primaryimage\"},\"image\":{\"@id\":\"https:\/\/sxflightcase.com\/tr\/urun\/ucus-cantasi-ki\u0307li\u0307di\u0307-loa209-2\/#primaryimage\"},\"thumbnailUrl\":\"https:\/\/sxflightcase.com\/wp-content\/uploads\/2024\/07\/LOA209.jpg\",\"datePublished\":\"2024-07-31T07:25:57+00:00\",\"dateModified\":\"2024-07-31T07:25:58+00:00\",\"description\":\"Flight case lock, factory direct! High-quality, secure locking solutions for protecting your equipment during transport. Ideal for professionals and industry use.\",\"breadcrumb\":{\"@id\":\"https:\/\/sxflightcase.com\/tr\/urun\/ucus-cantasi-ki\u0307li\u0307di\u0307-loa209-2\/#breadcrumb\"},\"inLanguage\":\"es\",\"potentialAction\":[{\"@type\":\"ReadAction\",\"target\":[\"https:\/\/sxflightcase.com\/tr\/urun\/ucus-cantasi-ki\u0307li\u0307di\u0307-loa209-2\/\"]}]},{\"@type\":\"ImageObject\",\"inLanguage\":\"es\",\"@id\":\"https:\/\/sxflightcase.com\/tr\/urun\/ucus-cantasi-ki\u0307li\u0307di\u0307-loa209-2\/#primaryimage\",\"url\":\"https:\/\/sxflightcase.com\/wp-content\/uploads\/2024\/07\/LOA209.jpg\",\"contentUrl\":\"https:\/\/sxflightcase.com\/wp-content\/uploads\/2024\/07\/LOA209.jpg\",\"width\":520,\"height\":458,\"caption\":\"Flight Case Lock\"},{\"@type\":\"BreadcrumbList\",\"@id\":\"https:\/\/sxflightcase.com\/tr\/urun\/ucus-cantasi-ki\u0307li\u0307di\u0307-loa209-2\/#breadcrumb\",\"itemListElement\":[{\"@type\":\"ListItem\",\"position\":1,\"name\":\"Home\",\"item\":\"https:\/\/sxflightcase.com\/\"},{\"@type\":\"ListItem\",\"position\":2,\"name\":\"\u0e2a\u0e34\u0e19\u0e04\u0e49\u0e32\",\"item\":\"https:\/\/sxflightcase.com\/th\/shop\/\"},{\"@type\":\"ListItem\",\"position\":3,\"name\":\"Flight Case Lock LOA209\"}]},{\"@type\":\"WebSite\",\"@id\":\"https:\/\/sxflightcase.com\/th\/#website\",\"url\":\"https:\/\/sxflightcase.com\/th\/\",\"name\":\"sxpowercase.com\",\"description\":\"Flight Case Factory\",\"publisher\":{\"@id\":\"https:\/\/sxflightcase.com\/th\/#organization\"},\"potentialAction\":[{\"@type\":\"SearchAction\",\"target\":{\"@type\":\"EntryPoint\",\"urlTemplate\":\"https:\/\/sxflightcase.com\/th\/?s={search_term_string}\"},\"query-input\":{\"@type\":\"PropertyValueSpecification\",\"valueRequired\":true,\"valueName\":\"search_term_string\"}}],\"inLanguage\":\"es\"},{\"@type\":\"Organization\",\"@id\":\"https:\/\/sxflightcase.com\/th\/#organization\",\"name\":\"sxpowercase.com\",\"url\":\"https:\/\/sxflightcase.com\/th\/\",\"logo\":{\"@type\":\"ImageObject\",\"inLanguage\":\"es\",\"@id\":\"https:\/\/sxflightcase.com\/th\/#\/schema\/logo\/image\/\",\"url\":\"https:\/\/sxflightcase.com\/wp-content\/uploads\/2024\/04\/1713919036007.jpg\",\"contentUrl\":\"https:\/\/sxflightcase.com\/wp-content\/uploads\/2024\/04\/1713919036007.jpg\",\"width\":382,\"height\":388,\"caption\":\"sxpowercase.com\"},\"image\":{\"@id\":\"https:\/\/sxflightcase.com\/th\/#\/schema\/logo\/image\/\"},\"sameAs\":[\"https:\/\/www.facebook.com\/profile.php?id=61560407257971\"],\"numberOfEmployees\":{\"@type\":\"QuantitativeValue\",\"minValue\":\"11\",\"maxValue\":\"50\"}}]}<\/script>\n<!-- \/ Yoast SEO Premium plugin. -->","yoast_head_json":{"title":"Flight Case Lock LOA209 - https:\/\/sxflightcase.com \ud83d\udc97","description":"Cerradura para flightcases, \u00a1directa de f\u00e1brica! Soluciones de cierre seguras y de alta calidad para proteger sus equipos durante el transporte. Ideal para profesionales y uso industrial.","robots":{"index":"index","follow":"follow","max-snippet":"max-snippet:-1","max-image-preview":"max-image-preview:large","max-video-preview":"max-video-preview:-1"},"canonical":"https:\/\/sxflightcase.com\/es\/urun\/ucus-cantasi-ki\u0307li\u0307di\u0307-loa209-2\/","og_locale":"es_MX","og_type":"article","og_title":"Flight Case Lock LOA209","og_description":"Flight case lock, factory direct! High-quality, secure locking solutions for protecting your equipment during transport. Ideal for professionals and industry use.","og_url":"https:\/\/sxflightcase.com\/es\/urun\/ucus-cantasi-ki\u0307li\u0307di\u0307-loa209-2\/","og_site_name":"https:\/\/sxflightcase.com","article_publisher":"https:\/\/www.facebook.com\/profile.php?id=61560407257971","article_modified_time":"2024-07-31T07:25:58+00:00","og_image":[{"width":520,"height":458,"url":"https:\/\/sxflightcase.com\/wp-content\/uploads\/2024\/07\/LOA209.jpg","type":"image\/jpeg"}],"twitter_card":"summary_large_image","twitter_misc":{"Tiempo de lectura":"3 minutos"},"schema":{"@context":"https:\/\/schema.org","@graph":[{"@type":"WebPage","@id":"https:\/\/sxflightcase.com\/tr\/urun\/ucus-cantasi-ki\u0307li\u0307di\u0307-loa209-2\/","url":"https:\/\/sxflightcase.com\/tr\/urun\/ucus-cantasi-ki\u0307li\u0307di\u0307-loa209-2\/","name":"Flight Case Lock LOA209 - https:\/\/sxflightcase.com \ud83d\udc97","isPartOf":{"@id":"https:\/\/sxflightcase.com\/th\/#website"},"primaryImageOfPage":{"@id":"https:\/\/sxflightcase.com\/tr\/urun\/ucus-cantasi-ki\u0307li\u0307di\u0307-loa209-2\/#primaryimage"},"image":{"@id":"https:\/\/sxflightcase.com\/tr\/urun\/ucus-cantasi-ki\u0307li\u0307di\u0307-loa209-2\/#primaryimage"},"thumbnailUrl":"https:\/\/sxflightcase.com\/wp-content\/uploads\/2024\/07\/LOA209.jpg","datePublished":"2024-07-31T07:25:57+00:00","dateModified":"2024-07-31T07:25:58+00:00","description":"Cerradura para flightcases, \u00a1directa de f\u00e1brica! Soluciones de cierre seguras y de alta calidad para proteger sus equipos durante el transporte. Ideal para profesionales y uso industrial.","breadcrumb":{"@id":"https:\/\/sxflightcase.com\/tr\/urun\/ucus-cantasi-ki\u0307li\u0307di\u0307-loa209-2\/#breadcrumb"},"inLanguage":"es","potentialAction":[{"@type":"ReadAction","target":["https:\/\/sxflightcase.com\/tr\/urun\/ucus-cantasi-ki\u0307li\u0307di\u0307-loa209-2\/"]}]},{"@type":"ImageObject","inLanguage":"es","@id":"https:\/\/sxflightcase.com\/tr\/urun\/ucus-cantasi-ki\u0307li\u0307di\u0307-loa209-2\/#primaryimage","url":"https:\/\/sxflightcase.com\/wp-content\/uploads\/2024\/07\/LOA209.jpg","contentUrl":"https:\/\/sxflightcase.com\/wp-content\/uploads\/2024\/07\/LOA209.jpg","width":520,"height":458,"caption":"Flight Case Lock"},{"@type":"BreadcrumbList","@id":"https:\/\/sxflightcase.com\/tr\/urun\/ucus-cantasi-ki\u0307li\u0307di\u0307-loa209-2\/#breadcrumb","itemListElement":[{"@type":"ListItem","position":1,"name":"Home","item":"https:\/\/sxflightcase.com\/"},{"@type":"ListItem","position":2,"name":"\u0e2a\u0e34\u0e19\u0e04\u0e49\u0e32","item":"https:\/\/sxflightcase.com\/th\/shop\/"},{"@type":"ListItem","position":3,"name":"Flight Case Lock LOA209"}]},{"@type":"WebSite","@id":"https:\/\/sxflightcase.com\/th\/#website","url":"https:\/\/sxflightcase.com\/th\/","name":"es.sxpowercase.com","description":"F\u00e1brica de flightcases","publisher":{"@id":"https:\/\/sxflightcase.com\/th\/#organization"},"potentialAction":[{"@type":"SearchAction","target":{"@type":"EntryPoint","urlTemplate":"https:\/\/sxflightcase.com\/th\/?s={search_term_string}"},"query-input":{"@type":"PropertyValueSpecification","valueRequired":true,"valueName":"search_term_string"}}],"inLanguage":"es"},{"@type":"Organization","@id":"https:\/\/sxflightcase.com\/th\/#organization","name":"es.sxpowercase.com","url":"https:\/\/sxflightcase.com\/th\/","logo":{"@type":"ImageObject","inLanguage":"es","@id":"https:\/\/sxflightcase.com\/th\/#\/schema\/logo\/image\/","url":"https:\/\/sxflightcase.com\/wp-content\/uploads\/2024\/04\/1713919036007.jpg","contentUrl":"https:\/\/sxflightcase.com\/wp-content\/uploads\/2024\/04\/1713919036007.jpg","width":382,"height":388,"caption":"sxpowercase.com"},"image":{"@id":"https:\/\/sxflightcase.com\/th\/#\/schema\/logo\/image\/"},"sameAs":["https:\/\/www.facebook.com\/profile.php?id=61560407257971"],"numberOfEmployees":{"@type":"QuantitativeValue","minValue":"11","maxValue":"50"}}]}},"_links":{"self":[{"href":"https:\/\/sxflightcase.com\/es\/wp-json\/wp\/v2\/product\/3897","targetHints":{"allow":["GET"]}}],"collection":[{"href":"https:\/\/sxflightcase.com\/es\/wp-json\/wp\/v2\/product"}],"about":[{"href":"https:\/\/sxflightcase.com\/es\/wp-json\/wp\/v2\/types\/product"}],"replies":[{"embeddable":true,"href":"https:\/\/sxflightcase.com\/es\/wp-json\/wp\/v2\/comments?post=3897"}],"version-history":[{"count":0,"href":"https:\/\/sxflightcase.com\/es\/wp-json\/wp\/v2\/product\/3897\/revisions"}],"wp:featuredmedia":[{"embeddable":true,"href":"https:\/\/sxflightcase.com\/es\/wp-json\/wp\/v2\/media\/3782"}],"wp:attachment":[{"href":"https:\/\/sxflightcase.com\/es\/wp-json\/wp\/v2\/media?parent=3897"}],"wp:term":[{"taxonomy":"product_brand","embeddable":true,"href":"https:\/\/sxflightcase.com\/es\/wp-json\/wp\/v2\/product_brand?post=3897"},{"taxonomy":"product_cat","embeddable":true,"href":"https:\/\/sxflightcase.com\/es\/wp-json\/wp\/v2\/product_cat?post=3897"},{"taxonomy":"product_tag","embeddable":true,"href":"https:\/\/sxflightcase.com\/es\/wp-json\/wp\/v2\/product_tag?post=3897"}],"curies":[{"name":"wp","href":"https:\/\/api.w.org\/{rel}","templated":true}]}}