{"id":3910,"date":"2024-08-01T07:02:11","date_gmt":"2024-08-01T06:02:11","guid":{"rendered":"https:\/\/sxpowercase.com\/?post_type=product&#038;p=3910"},"modified":"2024-08-01T07:02:12","modified_gmt":"2024-08-01T06:02:12","slug":"recessed-latches-loa302","status":"publish","type":"product","link":"https:\/\/sxflightcase.com\/es\/producto\/pestillos-empotrados-loa302-2\/","title":{"rendered":"Pestillos empotrados LOA302"},"content":{"rendered":"<h2>Asegure sus equipos con los cierres empotrados SX<\/h2>\n<h3>Soluciones de enclavamiento de alta calidad<\/h3>\n<p>Cuando se trata de proteger su valioso equipo, <strong>Pestillos empotrados<\/strong> de SX son la mejor elecci\u00f3n. Dise\u00f1ados para proporcionar la m\u00e1xima seguridad, estos cierres son perfectos para una amplia gama de aplicaciones, como flight cases y contenedores de almacenamiento. SX ofrece soluciones de cierre fiables que garantizan que su equipo permanezca seguro y protegido, independientemente del entorno.<\/p>\n<h3>Directo de f\u00e1brica y asequible<\/h3>\n<p>En <a href=\"https:\/\/sxpowercase.com\/\" target=\"_blank\" rel=\"noopener\" title=\"SX\" data-wpil-monitor-id=\"614\">SX<\/a>nos enorgullecemos de suministrar productos de alta calidad directamente de f\u00e1brica a nuestros clientes. Este enfoque nos permite ofrecer a nuestros <strong>Pestillos empotrados<\/strong> a precios competitivos, lo que le garantiza una seguridad de primera categor\u00eda sin arruinarse. Nuestro modelo de venta directa de f\u00e1brica elimina la necesidad de intermediarios, por lo que el ahorro le llega directamente a usted al tiempo que se mantienen unos est\u00e1ndares de producto superiores.<\/p>\n<h3>Durabilidad con la que puede contar<\/h3>\n<p>SX <strong>Pestillos empotrados<\/strong> est\u00e1n fabricados con materiales resistentes y duraderos, dise\u00f1ados para soportar el uso frecuente y las condiciones m\u00e1s duras. Cada cierre se somete a rigurosos controles de calidad para garantizar que cumple nuestras estrictas normas. Este enfoque en la calidad garantiza que nuestros cierres no solo son duraderos, sino que tambi\u00e9n proporcionan un rendimiento constante y fiable, lo que le da la tranquilidad de que su equipo est\u00e1 seguro.<\/p>\n<h3>Adaptable a sus necesidades<\/h3>\n<p>Entendemos que cada proyecto tiene unos requisitos \u00fanicos, por lo que SX ofrece opciones de personalizaci\u00f3n para nuestros productos. <strong>Pestillos empotrados<\/strong>. Tanto si necesita tama\u00f1os, acabados o materiales espec\u00edficos, podemos adaptar nuestros productos a sus necesidades. Esta personalizaci\u00f3n le garantiza que obtendr\u00e1 exactamente lo que necesita sin costes innecesarios, al tiempo que se beneficia de nuestro compromiso con la calidad y la asequibilidad.<\/p>\n<h3>F\u00e1cil de instalar y utilizar<\/h3>\n<p>SX <strong>Pestillos empotrados<\/strong> presentan un dise\u00f1o f\u00e1cil de usar que hace que la instalaci\u00f3n sea r\u00e1pida y sencilla. Su estructura empotrada no s\u00f3lo mejora el aspecto est\u00e9tico de sus cajas y armarios, sino que tambi\u00e9n evita enganches y da\u00f1os accidentales. Este elegante dise\u00f1o hace que nuestros cierres sean ideales para diversas aplicaciones, desde instalaciones audiovisuales profesionales hasta almacenamiento de uso general.<\/p>\n<h3>\u00bfPor qu\u00e9 elegir SX?<\/h3>\n<p>Elegir SX significa elegir una marca que da prioridad a la calidad, la asequibilidad y la satisfacci\u00f3n del cliente. Nuestro modelo de venta directa al consumidor le garantiza productos de alta calidad al mejor precio. Con nuestra <strong>Pestillos empotrados<\/strong>obtendr\u00e1 una soluci\u00f3n duradera y personalizable que satisfar\u00e1 sus necesidades espec\u00edficas. Conf\u00ede en SX para cerraduras que combinan una excelente seguridad con un dise\u00f1o atractivo, todo ello a un precio rentable.<\/p>\n<h3>Cont\u00e1ctenos hoy<\/h3>\n<p>Asegure sus equipos con lo mejor del sector. SX <strong>Pestillos empotrados<\/strong> ofrecen la combinaci\u00f3n perfecta de seguridad, durabilidad y asequibilidad. Tanto si est\u00e1 equipando flight cases, unidades de almacenamiento u otros equipos, nuestros cierres ofrecen una soluci\u00f3n fiable y elegante. P\u00f3ngase en contacto con nosotros hoy mismo para obtener m\u00e1s informaci\u00f3n sobre nuestros productos y c\u00f3mo podemos ayudarle a satisfacer sus requisitos espec\u00edficos. Con SX, tiene la garant\u00eda de que recibir\u00e1 productos de calidad directamente de f\u00e1brica, a precios asequibles.<\/p>\n<p>Cont\u00e1ctenos ahora:<span style=\"color: #0000ff;\"><a style=\"color: #0000ff;\" href=\"https:\/\/sxpowercase.com\/contact-us\/\">https:\/\/sxpowercase.com\/<\/a><\/span><\/p>\n<p>Cat\u00e1logo de productos de hardware:<span style=\"color: #3366ff;\"><a style=\"color: #3366ff;\" href=\"https:\/\/sxpowercase.com\/wp-content\/uploads\/2024\/07\/\u4e94\u91d1.pdf\">Cat\u00e1logo de accesorios de ferreter\u00eda<\/a><\/span><\/p>","protected":false},"excerpt":{"rendered":"<div class=\"flex-shrink-0 flex flex-col relative items-end\">\n<div>\n<div class=\"pt-0\">\n<div class=\"gizmo-bot-avatar flex h-8 w-8 items-center justify-center overflow-hidden rounded-full\">\n<div class=\"relative p-1 rounded-sm flex items-center justify-center bg-token-main-surface-primary text-token-text-primary h-8 w-8\"><\/div>\n<\/div>\n<\/div>\n<\/div>\n<\/div>\n<div class=\"group\/conversation-turn relative flex w-full min-w-0 flex-col agent-turn\">\n<div class=\"flex-col gap-1 md:gap-3\">\n<div class=\"flex flex-grow flex-col max-w-full\">\n<div class=\"min-h-[20px] text-message flex w-full flex-col items-end gap-2 whitespace-pre-wrap break-words [.text-message+&amp;]:mt-5 overflow-x-auto\" dir=\"auto\" data-message-author-role=\"assistant\" data-message-id=\"1ab61275-2362-43eb-9fce-bafb1f1b29ea\">\n<div class=\"flex w-full flex-col gap-1 empty:hidden first:pt-[3px]\">\n<div class=\"markdown prose w-full break-words dark:prose-invert light\">\n<h3>Secure Your Gear with SX Recessed Latches<\/h3>\n<p>Protect your equipment with SX&#8217;s high-quality Recessed Latches, providing secure and convenient closures for various cases and enclosures.<\/p>\n<h3>Unbeatable Value with Factory Direct Sales<\/h3>\n<p>SX offers Recessed Latches at competitive prices through factory direct sales. Enjoy top-notch quality without the high cost.<\/p>\n<h3>Durable, Customisable, and Easy to Use<\/h3>\n<p>SX Recessed Latches are durable and versatile, with customisation options to fit your specific needs. Their recessed design ensures a smooth profile, perfect for professional equipment.<\/p>\n<\/div>\n<\/div>\n<\/div>\n<\/div>\n<div class=\"mt-1 flex gap-3 empty:hidden -ml-2\">\n<div class=\"items-center justify-start rounded-xl p-1 flex\">\n<div class=\"flex items-center\"><\/div>\n<\/div>\n<\/div>\n<\/div>\n<\/div>\n","protected":false},"featured_media":3786,"comment_status":"open","ping_status":"closed","template":"","meta":[],"product_brand":[],"product_cat":[61],"product_tag":[],"class_list":{"0":"post-3910","1":"product","2":"type-product","3":"status-publish","4":"has-post-thumbnail","6":"product_cat-catchother-locks","8":"first","9":"instock","10":"shipping-taxable","11":"product-type-simple"},"yoast_head":"<!-- This site is optimized with the Yoast SEO Premium plugin v27.1 (Yoast SEO v27.2) - https:\/\/yoast.com\/product\/yoast-seo-premium-wordpress\/ -->\n<title>Recessed Latches LOA302 - https:\/\/sxflightcase.com \ud83d\udc97<\/title>\n<meta name=\"description\" content=\"Recessed latches, factory direct! High-quality, secure latching solutions for flight cases and equipment. Ideal for a flush, protected fit in professional and industrial settings.\" \/>\n<meta name=\"robots\" content=\"index, follow, max-snippet:-1, max-image-preview:large, max-video-preview:-1\" \/>\n<link rel=\"canonical\" href=\"https:\/\/sxflightcase.com\/es\/\u0645\u0646\u062a\u062c\/\u0627\u0644\u0645\u0632\u0627\u0644\u062c-\u0627\u0644\u063a\u0627\u0626\u0631\u0629-loa302\/\" \/>\n<meta property=\"og:locale\" content=\"es_MX\" \/>\n<meta property=\"og:type\" content=\"article\" \/>\n<meta property=\"og:title\" content=\"Recessed Latches LOA302\" \/>\n<meta property=\"og:description\" content=\"Recessed latches, factory direct! High-quality, secure latching solutions for flight cases and equipment. Ideal for a flush, protected fit in professional and industrial settings.\" \/>\n<meta property=\"og:url\" content=\"https:\/\/sxflightcase.com\/es\/\u0645\u0646\u062a\u062c\/\u0627\u0644\u0645\u0632\u0627\u0644\u062c-\u0627\u0644\u063a\u0627\u0626\u0631\u0629-loa302\/\" \/>\n<meta property=\"og:site_name\" content=\"https:\/\/sxflightcase.com\" \/>\n<meta property=\"article:publisher\" content=\"https:\/\/www.facebook.com\/profile.php?id=61560407257971\" \/>\n<meta property=\"article:modified_time\" content=\"2024-08-01T06:02:12+00:00\" \/>\n<meta property=\"og:image\" content=\"https:\/\/sxflightcase.com\/wp-content\/uploads\/2024\/07\/LOA302.jpg\" \/>\n\t<meta property=\"og:image:width\" content=\"520\" \/>\n\t<meta property=\"og:image:height\" content=\"454\" \/>\n\t<meta property=\"og:image:type\" content=\"image\/jpeg\" \/>\n<meta name=\"twitter:card\" content=\"summary_large_image\" \/>\n<meta name=\"twitter:label1\" content=\"Tiempo de lectura\" \/>\n\t<meta name=\"twitter:data1\" content=\"3 minutos\" \/>\n<script type=\"application\/ld+json\" class=\"yoast-schema-graph\">{\"@context\":\"https:\/\/schema.org\",\"@graph\":[{\"@type\":\"WebPage\",\"@id\":\"https:\/\/sxflightcase.com\/ary\/\u0645\u0646\u062a\u062c\/\u0627\u0644\u0645\u0632\u0627\u0644\u062c-\u0627\u0644\u063a\u0627\u0626\u0631\u0629-loa302\/\",\"url\":\"https:\/\/sxflightcase.com\/ary\/\u0645\u0646\u062a\u062c\/\u0627\u0644\u0645\u0632\u0627\u0644\u062c-\u0627\u0644\u063a\u0627\u0626\u0631\u0629-loa302\/\",\"name\":\"Recessed Latches LOA302 - https:\/\/sxflightcase.com \ud83d\udc97\",\"isPartOf\":{\"@id\":\"https:\/\/sxflightcase.com\/th\/#website\"},\"primaryImageOfPage\":{\"@id\":\"https:\/\/sxflightcase.com\/ary\/\u0645\u0646\u062a\u062c\/\u0627\u0644\u0645\u0632\u0627\u0644\u062c-\u0627\u0644\u063a\u0627\u0626\u0631\u0629-loa302\/#primaryimage\"},\"image\":{\"@id\":\"https:\/\/sxflightcase.com\/ary\/\u0645\u0646\u062a\u062c\/\u0627\u0644\u0645\u0632\u0627\u0644\u062c-\u0627\u0644\u063a\u0627\u0626\u0631\u0629-loa302\/#primaryimage\"},\"thumbnailUrl\":\"https:\/\/sxflightcase.com\/wp-content\/uploads\/2024\/07\/LOA302.jpg\",\"datePublished\":\"2024-08-01T06:02:11+00:00\",\"dateModified\":\"2024-08-01T06:02:12+00:00\",\"description\":\"Recessed latches, factory direct! High-quality, secure latching solutions for flight cases and equipment. Ideal for a flush, protected fit in professional and industrial settings.\",\"breadcrumb\":{\"@id\":\"https:\/\/sxflightcase.com\/ary\/\u0645\u0646\u062a\u062c\/\u0627\u0644\u0645\u0632\u0627\u0644\u062c-\u0627\u0644\u063a\u0627\u0626\u0631\u0629-loa302\/#breadcrumb\"},\"inLanguage\":\"es\",\"potentialAction\":[{\"@type\":\"ReadAction\",\"target\":[\"https:\/\/sxflightcase.com\/ary\/\u0645\u0646\u062a\u062c\/\u0627\u0644\u0645\u0632\u0627\u0644\u062c-\u0627\u0644\u063a\u0627\u0626\u0631\u0629-loa302\/\"]}]},{\"@type\":\"ImageObject\",\"inLanguage\":\"es\",\"@id\":\"https:\/\/sxflightcase.com\/ary\/\u0645\u0646\u062a\u062c\/\u0627\u0644\u0645\u0632\u0627\u0644\u062c-\u0627\u0644\u063a\u0627\u0626\u0631\u0629-loa302\/#primaryimage\",\"url\":\"https:\/\/sxflightcase.com\/wp-content\/uploads\/2024\/07\/LOA302.jpg\",\"contentUrl\":\"https:\/\/sxflightcase.com\/wp-content\/uploads\/2024\/07\/LOA302.jpg\",\"width\":520,\"height\":454,\"caption\":\"Recessed Latches\"},{\"@type\":\"BreadcrumbList\",\"@id\":\"https:\/\/sxflightcase.com\/ary\/\u0645\u0646\u062a\u062c\/\u0627\u0644\u0645\u0632\u0627\u0644\u062c-\u0627\u0644\u063a\u0627\u0626\u0631\u0629-loa302\/#breadcrumb\",\"itemListElement\":[{\"@type\":\"ListItem\",\"position\":1,\"name\":\"Home\",\"item\":\"https:\/\/sxflightcase.com\/\"},{\"@type\":\"ListItem\",\"position\":2,\"name\":\"\u0e2a\u0e34\u0e19\u0e04\u0e49\u0e32\",\"item\":\"https:\/\/sxflightcase.com\/th\/shop\/\"},{\"@type\":\"ListItem\",\"position\":3,\"name\":\"Recessed Latches LOA302\"}]},{\"@type\":\"WebSite\",\"@id\":\"https:\/\/sxflightcase.com\/th\/#website\",\"url\":\"https:\/\/sxflightcase.com\/th\/\",\"name\":\"sxpowercase.com\",\"description\":\"Flight Case Factory\",\"publisher\":{\"@id\":\"https:\/\/sxflightcase.com\/th\/#organization\"},\"potentialAction\":[{\"@type\":\"SearchAction\",\"target\":{\"@type\":\"EntryPoint\",\"urlTemplate\":\"https:\/\/sxflightcase.com\/th\/?s={search_term_string}\"},\"query-input\":{\"@type\":\"PropertyValueSpecification\",\"valueRequired\":true,\"valueName\":\"search_term_string\"}}],\"inLanguage\":\"es\"},{\"@type\":\"Organization\",\"@id\":\"https:\/\/sxflightcase.com\/th\/#organization\",\"name\":\"sxpowercase.com\",\"url\":\"https:\/\/sxflightcase.com\/th\/\",\"logo\":{\"@type\":\"ImageObject\",\"inLanguage\":\"es\",\"@id\":\"https:\/\/sxflightcase.com\/th\/#\/schema\/logo\/image\/\",\"url\":\"https:\/\/sxflightcase.com\/wp-content\/uploads\/2024\/04\/1713919036007.jpg\",\"contentUrl\":\"https:\/\/sxflightcase.com\/wp-content\/uploads\/2024\/04\/1713919036007.jpg\",\"width\":382,\"height\":388,\"caption\":\"sxpowercase.com\"},\"image\":{\"@id\":\"https:\/\/sxflightcase.com\/th\/#\/schema\/logo\/image\/\"},\"sameAs\":[\"https:\/\/www.facebook.com\/profile.php?id=61560407257971\"],\"numberOfEmployees\":{\"@type\":\"QuantitativeValue\",\"minValue\":\"11\",\"maxValue\":\"50\"}}]}<\/script>\n<!-- \/ Yoast SEO Premium plugin. -->","yoast_head_json":{"title":"Recessed Latches LOA302 - https:\/\/sxflightcase.com \ud83d\udc97","description":"Cierres empotrados, \u00a1directos de f\u00e1brica! Soluciones de cierre seguras y de alta calidad para flight cases y equipos. Ideales para un ajuste enrasado y protegido en entornos profesionales e industriales.","robots":{"index":"index","follow":"follow","max-snippet":"max-snippet:-1","max-image-preview":"max-image-preview:large","max-video-preview":"max-video-preview:-1"},"canonical":"https:\/\/sxflightcase.com\/es\/\u0645\u0646\u062a\u062c\/\u0627\u0644\u0645\u0632\u0627\u0644\u062c-\u0627\u0644\u063a\u0627\u0626\u0631\u0629-loa302\/","og_locale":"es_MX","og_type":"article","og_title":"Recessed Latches LOA302","og_description":"Recessed latches, factory direct! High-quality, secure latching solutions for flight cases and equipment. Ideal for a flush, protected fit in professional and industrial settings.","og_url":"https:\/\/sxflightcase.com\/es\/\u0645\u0646\u062a\u062c\/\u0627\u0644\u0645\u0632\u0627\u0644\u062c-\u0627\u0644\u063a\u0627\u0626\u0631\u0629-loa302\/","og_site_name":"https:\/\/sxflightcase.com","article_publisher":"https:\/\/www.facebook.com\/profile.php?id=61560407257971","article_modified_time":"2024-08-01T06:02:12+00:00","og_image":[{"width":520,"height":454,"url":"https:\/\/sxflightcase.com\/wp-content\/uploads\/2024\/07\/LOA302.jpg","type":"image\/jpeg"}],"twitter_card":"summary_large_image","twitter_misc":{"Tiempo de lectura":"3 minutos"},"schema":{"@context":"https:\/\/schema.org","@graph":[{"@type":"WebPage","@id":"https:\/\/sxflightcase.com\/ary\/\u0645\u0646\u062a\u062c\/\u0627\u0644\u0645\u0632\u0627\u0644\u062c-\u0627\u0644\u063a\u0627\u0626\u0631\u0629-loa302\/","url":"https:\/\/sxflightcase.com\/ary\/\u0645\u0646\u062a\u062c\/\u0627\u0644\u0645\u0632\u0627\u0644\u062c-\u0627\u0644\u063a\u0627\u0626\u0631\u0629-loa302\/","name":"Recessed Latches LOA302 - https:\/\/sxflightcase.com \ud83d\udc97","isPartOf":{"@id":"https:\/\/sxflightcase.com\/th\/#website"},"primaryImageOfPage":{"@id":"https:\/\/sxflightcase.com\/ary\/\u0645\u0646\u062a\u062c\/\u0627\u0644\u0645\u0632\u0627\u0644\u062c-\u0627\u0644\u063a\u0627\u0626\u0631\u0629-loa302\/#primaryimage"},"image":{"@id":"https:\/\/sxflightcase.com\/ary\/\u0645\u0646\u062a\u062c\/\u0627\u0644\u0645\u0632\u0627\u0644\u062c-\u0627\u0644\u063a\u0627\u0626\u0631\u0629-loa302\/#primaryimage"},"thumbnailUrl":"https:\/\/sxflightcase.com\/wp-content\/uploads\/2024\/07\/LOA302.jpg","datePublished":"2024-08-01T06:02:11+00:00","dateModified":"2024-08-01T06:02:12+00:00","description":"Cierres empotrados, \u00a1directos de f\u00e1brica! Soluciones de cierre seguras y de alta calidad para flight cases y equipos. Ideales para un ajuste enrasado y protegido en entornos profesionales e industriales.","breadcrumb":{"@id":"https:\/\/sxflightcase.com\/ary\/\u0645\u0646\u062a\u062c\/\u0627\u0644\u0645\u0632\u0627\u0644\u062c-\u0627\u0644\u063a\u0627\u0626\u0631\u0629-loa302\/#breadcrumb"},"inLanguage":"es","potentialAction":[{"@type":"ReadAction","target":["https:\/\/sxflightcase.com\/ary\/\u0645\u0646\u062a\u062c\/\u0627\u0644\u0645\u0632\u0627\u0644\u062c-\u0627\u0644\u063a\u0627\u0626\u0631\u0629-loa302\/"]}]},{"@type":"ImageObject","inLanguage":"es","@id":"https:\/\/sxflightcase.com\/ary\/\u0645\u0646\u062a\u062c\/\u0627\u0644\u0645\u0632\u0627\u0644\u062c-\u0627\u0644\u063a\u0627\u0626\u0631\u0629-loa302\/#primaryimage","url":"https:\/\/sxflightcase.com\/wp-content\/uploads\/2024\/07\/LOA302.jpg","contentUrl":"https:\/\/sxflightcase.com\/wp-content\/uploads\/2024\/07\/LOA302.jpg","width":520,"height":454,"caption":"Recessed Latches"},{"@type":"BreadcrumbList","@id":"https:\/\/sxflightcase.com\/ary\/\u0645\u0646\u062a\u062c\/\u0627\u0644\u0645\u0632\u0627\u0644\u062c-\u0627\u0644\u063a\u0627\u0626\u0631\u0629-loa302\/#breadcrumb","itemListElement":[{"@type":"ListItem","position":1,"name":"Home","item":"https:\/\/sxflightcase.com\/"},{"@type":"ListItem","position":2,"name":"\u0e2a\u0e34\u0e19\u0e04\u0e49\u0e32","item":"https:\/\/sxflightcase.com\/th\/shop\/"},{"@type":"ListItem","position":3,"name":"Recessed Latches LOA302"}]},{"@type":"WebSite","@id":"https:\/\/sxflightcase.com\/th\/#website","url":"https:\/\/sxflightcase.com\/th\/","name":"es.sxpowercase.com","description":"F\u00e1brica de flightcases","publisher":{"@id":"https:\/\/sxflightcase.com\/th\/#organization"},"potentialAction":[{"@type":"SearchAction","target":{"@type":"EntryPoint","urlTemplate":"https:\/\/sxflightcase.com\/th\/?s={search_term_string}"},"query-input":{"@type":"PropertyValueSpecification","valueRequired":true,"valueName":"search_term_string"}}],"inLanguage":"es"},{"@type":"Organization","@id":"https:\/\/sxflightcase.com\/th\/#organization","name":"es.sxpowercase.com","url":"https:\/\/sxflightcase.com\/th\/","logo":{"@type":"ImageObject","inLanguage":"es","@id":"https:\/\/sxflightcase.com\/th\/#\/schema\/logo\/image\/","url":"https:\/\/sxflightcase.com\/wp-content\/uploads\/2024\/04\/1713919036007.jpg","contentUrl":"https:\/\/sxflightcase.com\/wp-content\/uploads\/2024\/04\/1713919036007.jpg","width":382,"height":388,"caption":"sxpowercase.com"},"image":{"@id":"https:\/\/sxflightcase.com\/th\/#\/schema\/logo\/image\/"},"sameAs":["https:\/\/www.facebook.com\/profile.php?id=61560407257971"],"numberOfEmployees":{"@type":"QuantitativeValue","minValue":"11","maxValue":"50"}}]}},"_links":{"self":[{"href":"https:\/\/sxflightcase.com\/es\/wp-json\/wp\/v2\/product\/3910","targetHints":{"allow":["GET"]}}],"collection":[{"href":"https:\/\/sxflightcase.com\/es\/wp-json\/wp\/v2\/product"}],"about":[{"href":"https:\/\/sxflightcase.com\/es\/wp-json\/wp\/v2\/types\/product"}],"replies":[{"embeddable":true,"href":"https:\/\/sxflightcase.com\/es\/wp-json\/wp\/v2\/comments?post=3910"}],"version-history":[{"count":0,"href":"https:\/\/sxflightcase.com\/es\/wp-json\/wp\/v2\/product\/3910\/revisions"}],"wp:featuredmedia":[{"embeddable":true,"href":"https:\/\/sxflightcase.com\/es\/wp-json\/wp\/v2\/media\/3786"}],"wp:attachment":[{"href":"https:\/\/sxflightcase.com\/es\/wp-json\/wp\/v2\/media?parent=3910"}],"wp:term":[{"taxonomy":"product_brand","embeddable":true,"href":"https:\/\/sxflightcase.com\/es\/wp-json\/wp\/v2\/product_brand?post=3910"},{"taxonomy":"product_cat","embeddable":true,"href":"https:\/\/sxflightcase.com\/es\/wp-json\/wp\/v2\/product_cat?post=3910"},{"taxonomy":"product_tag","embeddable":true,"href":"https:\/\/sxflightcase.com\/es\/wp-json\/wp\/v2\/product_tag?post=3910"}],"curies":[{"name":"wp","href":"https:\/\/api.w.org\/{rel}","templated":true}]}}